{"id":69431,"date":"2020-09-06T00:31:01","date_gmt":"2020-09-06T00:31:01","guid":{"rendered":"https:\/\/compuviper.mx\/tienda\/?post_type=product&#038;p=69431"},"modified":"2020-10-15T14:46:20","modified_gmt":"2020-10-15T19:46:20","slug":"software-de-punto-de-venta-microsip","status":"publish","type":"product","link":"https:\/\/compuviper.mx\/tienda\/producto\/software-de-punto-de-venta-microsip\/","title":{"rendered":"Software de Punto de Venta Microsip"},"content":{"rendered":"<p>Con este software de punto de venta podr\u00e1s:<\/p>\n<div class=\"wpb_column vc_column_container vc_col-sm-6\">\n<div class=\"vc_column-inner \">\n<div class=\"wpb_wrapper\">\n<div class=\"wpb_text_column wpb_content_element default-bullets white-bullets\">\n<div class=\"wpb_wrapper\">\n<ul>\n<li><strong>Cumplir al 100% con SAT:<\/strong> Ofrece la facturaci\u00f3n electr\u00f3nica CFDI 3.3 y el complemento de recepci\u00f3n de pagos requerido por la autoridad.<\/li>\n<li><strong>R\u00e1pido y \u00e1gil:<\/strong> El sistema de Punto de Venta Microsip ha ayudado a miles de empresas a vender m\u00e1s, proporcionando un servicio pr\u00e1ctico y \u00e1gil a sus clientes.<\/li>\n<li><strong>Diversidad de cobranza:<\/strong> Registra cobros en efectivo en moneda nacional o extranjera, recibe cheques, tarjetas de cr\u00e9dito o d\u00e9bito de manera sumamente \u00e1gil, sin retrasar a tus clientes.<\/li>\n<li><strong>Documentos fiscales:<\/strong> Maneja CFDI relacionados en las ventas y devoluciones.<\/li>\n<li><strong>Asignaci\u00f3n de documentos: <\/strong>Especifica los diferentes tipos de uso del CFDI.<\/li>\n<li><strong>Descuentos efectivos:<\/strong> Si tu problema es aplicar promociones y descuentos en los precios en forma autom\u00e1tica al registrar las ventas, Microsip te ayuda. Util\u00edzalo en las cajas y en el sistema de control de inventarios para optimizar tus ventas.<\/li>\n<li><strong>Cortes de caja a la medida:<\/strong> Controla desde una tienda de la esquina con una sola caja, hasta un grupo de sucursales multi cajas; administra tu negocio haciendo cortes de caja por d\u00eda, por caja o por cajero. Microsip te permite controlar tu negocio haciendo cortes de caja variados con diversas restricciones por jerarqu\u00eda de empleado.<\/li>\n<li><strong>Funcionalidad m\u00faltiple: Aprovecha el flujo de clientes para vender recargas electr\u00f3nicas de celulares y recibir pagos de servicios.<\/strong><\/li>\n<li><strong>Prevenci\u00f3n de robo:<\/strong> Cuando se trata de tener controles muy efectivos para evitar el robo hormiga en cualquiera de tus sucursales, el sistema de Punto de Venta es una garant\u00eda.<\/li>\n<\/ul>\n<p><a href=\"https:\/\/microsip.com\/folletos\/folleto-punto-de-venta.pdf\">Descarga la ficha t\u00e9cnica del software de punto de venta de microsip<\/a><\/p>\n<\/div>\n<\/div>\n<\/div>\n<\/div>\n<\/div>\n","protected":false},"excerpt":{"rendered":"<p>Con este poderoso software de punto de venta, controlaras desde un peque\u00f1o negocio con una sola caja, hasta un gran consorcio de sucursales multicajas.<\/p>\n<p>El precio es de renta mensual e incluye siempre la versi\u00f3n vigente de los sistemas. Para 1 usuario. El n\u00famero de empresas es ilimitado.<\/p>\n","protected":false},"featured_media":69441,"comment_status":"open","ping_status":"closed","template":"","meta":[],"product_cat":[1854,2021],"product_tag":[],"acf":[],"yoast_head":"<!-- This site is optimized with the Yoast SEO plugin v21.7 - https:\/\/yoast.com\/wordpress\/plugins\/seo\/ -->\n<title>Software de Punto de Venta Microsip - Compuviper<\/title>\n<meta name=\"description\" content=\"71\" \/>\n<meta name=\"robots\" content=\"index, follow, max-snippet:-1, max-image-preview:large, max-video-preview:-1\" \/>\n<link rel=\"canonical\" href=\"https:\/\/compuviper.mx\/tienda\/producto\/software-de-punto-de-venta-microsip\/\" \/>\n<meta property=\"og:locale\" content=\"es_MX\" \/>\n<meta property=\"og:type\" content=\"article\" \/>\n<meta property=\"og:title\" content=\"Software de Punto de Venta Microsip - Compuviper\" \/>\n<meta property=\"og:description\" content=\"71\" \/>\n<meta property=\"og:url\" content=\"https:\/\/compuviper.mx\/tienda\/producto\/software-de-punto-de-venta-microsip\/\" \/>\n<meta property=\"og:site_name\" content=\"Compuviper\" \/>\n<meta property=\"article:publisher\" content=\"https:\/\/www.facebook.com\/compuviper\" \/>\n<meta property=\"article:modified_time\" content=\"2020-10-15T19:46:20+00:00\" \/>\n<meta property=\"og:image\" content=\"https:\/\/compuviper.mx\/tienda\/wp-content\/uploads\/2020\/09\/Caja-microsip-punto-de-venta.jpg\" \/>\n\t<meta property=\"og:image:width\" content=\"600\" \/>\n\t<meta property=\"og:image:height\" content=\"600\" \/>\n\t<meta property=\"og:image:type\" content=\"image\/jpeg\" \/>\n<meta name=\"twitter:card\" content=\"summary_large_image\" \/>\n<meta name=\"twitter:label1\" content=\"Precio\" \/>\n\t<meta name=\"twitter:data1\" content=\"&#36;250 con IVA\" \/>\n\t<meta name=\"twitter:label2\" content=\"Availability\" \/>\n\t<meta name=\"twitter:data2\" content=\"On backorder\" \/>\n<script type=\"application\/ld+json\" class=\"yoast-schema-graph\">{\"@context\":\"https:\/\/schema.org\",\"@graph\":[{\"@type\":\"WebPage\",\"@id\":\"https:\/\/compuviper.mx\/tienda\/producto\/software-de-punto-de-venta-microsip\/\",\"url\":\"https:\/\/compuviper.mx\/tienda\/producto\/software-de-punto-de-venta-microsip\/\",\"name\":\"Software de Punto de Venta Microsip - Compuviper\",\"isPartOf\":{\"@id\":\"https:\/\/compuviper.mx\/tienda\/#website\"},\"datePublished\":\"2020-09-06T00:31:01+00:00\",\"dateModified\":\"2020-10-15T19:46:20+00:00\",\"description\":\"71\",\"breadcrumb\":{\"@id\":\"https:\/\/compuviper.mx\/tienda\/producto\/software-de-punto-de-venta-microsip\/#breadcrumb\"},\"inLanguage\":\"es-MX\",\"potentialAction\":[{\"@type\":\"ReadAction\",\"target\":[\"https:\/\/compuviper.mx\/tienda\/producto\/software-de-punto-de-venta-microsip\/\"]}]},{\"@type\":\"BreadcrumbList\",\"@id\":\"https:\/\/compuviper.mx\/tienda\/producto\/software-de-punto-de-venta-microsip\/#breadcrumb\",\"itemListElement\":[{\"@type\":\"ListItem\",\"position\":1,\"name\":\"Inicio\",\"item\":\"https:\/\/compuviper.mx\/tienda\/\"},{\"@type\":\"ListItem\",\"position\":2,\"name\":\"Productos\",\"item\":\"https:\/\/compuviper.mx\/tienda\/productos\/\"},{\"@type\":\"ListItem\",\"position\":3,\"name\":\"Software\",\"item\":\"https:\/\/compuviper.mx\/tienda\/categoria-producto\/software\/\"},{\"@type\":\"ListItem\",\"position\":4,\"name\":\"Licenciamiento De Punto De Venta\",\"item\":\"https:\/\/compuviper.mx\/tienda\/categoria-producto\/software\/punto-de-venta-software\/\"},{\"@type\":\"ListItem\",\"position\":5,\"name\":\"Software de Punto de Venta Microsip\"}]},{\"@type\":\"WebSite\",\"@id\":\"https:\/\/compuviper.mx\/tienda\/#website\",\"url\":\"https:\/\/compuviper.mx\/tienda\/\",\"name\":\"Compuviper\",\"description\":\"Proveedor de Computadoras, Laptops, Servidores, Monitores, Puntos de Venta, Teclados,   Impresoras, T\u00f3ner, C\u00e1maras de Seguridad y m\u00e1s en tu tienda en l\u00ednea\",\"publisher\":{\"@id\":\"https:\/\/compuviper.mx\/tienda\/#organization\"},\"potentialAction\":[{\"@type\":\"SearchAction\",\"target\":{\"@type\":\"EntryPoint\",\"urlTemplate\":\"https:\/\/compuviper.mx\/tienda\/?s={search_term_string}\"},\"query-input\":\"required name=search_term_string\"}],\"inLanguage\":\"es-MX\"},{\"@type\":\"Organization\",\"@id\":\"https:\/\/compuviper.mx\/tienda\/#organization\",\"name\":\"Compuviper\",\"url\":\"https:\/\/compuviper.mx\/tienda\/\",\"logo\":{\"@type\":\"ImageObject\",\"inLanguage\":\"es-MX\",\"@id\":\"https:\/\/compuviper.mx\/tienda\/#\/schema\/logo\/image\/\",\"url\":\"https:\/\/compuviper.mx\/tienda\/wp-content\/uploads\/2021\/08\/Logo-Compuviper-10.png\",\"contentUrl\":\"https:\/\/compuviper.mx\/tienda\/wp-content\/uploads\/2021\/08\/Logo-Compuviper-10.png\",\"width\":1000,\"height\":500,\"caption\":\"Compuviper\"},\"image\":{\"@id\":\"https:\/\/compuviper.mx\/tienda\/#\/schema\/logo\/image\/\"},\"sameAs\":[\"https:\/\/www.facebook.com\/compuviper\",\"https:\/\/www.youtube.com\/channel\/UCf73dERp9Y3cfOq7q8BhLjA?view_as=subscriber\"]}]}<\/script>\n<meta property=\"product:price:amount\" content=\"250\" \/>\n<meta property=\"product:price:currency\" content=\"MXN\" \/>\n<meta property=\"og:availability\" content=\"backorder\" \/>\n<meta property=\"product:availability\" content=\"available for order\" \/>\n<meta property=\"product:retailer_item_id\" content=\"MicrosipPV\" \/>\n<meta property=\"product:condition\" content=\"new\" \/>\n<!-- \/ Yoast SEO plugin. -->","yoast_head_json":{"title":"Software de Punto de Venta Microsip - Compuviper","description":"71","robots":{"index":"index","follow":"follow","max-snippet":"max-snippet:-1","max-image-preview":"max-image-preview:large","max-video-preview":"max-video-preview:-1"},"canonical":"https:\/\/compuviper.mx\/tienda\/producto\/software-de-punto-de-venta-microsip\/","og_locale":"es_MX","og_type":"article","og_title":"Software de Punto de Venta Microsip - Compuviper","og_description":"71","og_url":"https:\/\/compuviper.mx\/tienda\/producto\/software-de-punto-de-venta-microsip\/","og_site_name":"Compuviper","article_publisher":"https:\/\/www.facebook.com\/compuviper","article_modified_time":"2020-10-15T19:46:20+00:00","og_image":[{"width":600,"height":600,"url":"https:\/\/compuviper.mx\/tienda\/wp-content\/uploads\/2020\/09\/Caja-microsip-punto-de-venta.jpg","type":"image\/jpeg"}],"twitter_card":"summary_large_image","twitter_misc":{"Precio":"&#36;250 con IVA","Availability":"On backorder"},"schema":{"@context":"https:\/\/schema.org","@graph":[{"@type":"WebPage","@id":"https:\/\/compuviper.mx\/tienda\/producto\/software-de-punto-de-venta-microsip\/","url":"https:\/\/compuviper.mx\/tienda\/producto\/software-de-punto-de-venta-microsip\/","name":"Software de Punto de Venta Microsip - Compuviper","isPartOf":{"@id":"https:\/\/compuviper.mx\/tienda\/#website"},"datePublished":"2020-09-06T00:31:01+00:00","dateModified":"2020-10-15T19:46:20+00:00","description":"71","breadcrumb":{"@id":"https:\/\/compuviper.mx\/tienda\/producto\/software-de-punto-de-venta-microsip\/#breadcrumb"},"inLanguage":"es-MX","potentialAction":[{"@type":"ReadAction","target":["https:\/\/compuviper.mx\/tienda\/producto\/software-de-punto-de-venta-microsip\/"]}]},{"@type":"BreadcrumbList","@id":"https:\/\/compuviper.mx\/tienda\/producto\/software-de-punto-de-venta-microsip\/#breadcrumb","itemListElement":[{"@type":"ListItem","position":1,"name":"Inicio","item":"https:\/\/compuviper.mx\/tienda\/"},{"@type":"ListItem","position":2,"name":"Productos","item":"https:\/\/compuviper.mx\/tienda\/productos\/"},{"@type":"ListItem","position":3,"name":"Software","item":"https:\/\/compuviper.mx\/tienda\/categoria-producto\/software\/"},{"@type":"ListItem","position":4,"name":"Licenciamiento De Punto De Venta","item":"https:\/\/compuviper.mx\/tienda\/categoria-producto\/software\/punto-de-venta-software\/"},{"@type":"ListItem","position":5,"name":"Software de Punto de Venta Microsip"}]},{"@type":"WebSite","@id":"https:\/\/compuviper.mx\/tienda\/#website","url":"https:\/\/compuviper.mx\/tienda\/","name":"Compuviper","description":"Proveedor de Computadoras, Laptops, Servidores, Monitores, Puntos de Venta, Teclados,   Impresoras, T\u00f3ner, C\u00e1maras de Seguridad y m\u00e1s en tu tienda en l\u00ednea","publisher":{"@id":"https:\/\/compuviper.mx\/tienda\/#organization"},"potentialAction":[{"@type":"SearchAction","target":{"@type":"EntryPoint","urlTemplate":"https:\/\/compuviper.mx\/tienda\/?s={search_term_string}"},"query-input":"required name=search_term_string"}],"inLanguage":"es-MX"},{"@type":"Organization","@id":"https:\/\/compuviper.mx\/tienda\/#organization","name":"Compuviper","url":"https:\/\/compuviper.mx\/tienda\/","logo":{"@type":"ImageObject","inLanguage":"es-MX","@id":"https:\/\/compuviper.mx\/tienda\/#\/schema\/logo\/image\/","url":"https:\/\/compuviper.mx\/tienda\/wp-content\/uploads\/2021\/08\/Logo-Compuviper-10.png","contentUrl":"https:\/\/compuviper.mx\/tienda\/wp-content\/uploads\/2021\/08\/Logo-Compuviper-10.png","width":1000,"height":500,"caption":"Compuviper"},"image":{"@id":"https:\/\/compuviper.mx\/tienda\/#\/schema\/logo\/image\/"},"sameAs":["https:\/\/www.facebook.com\/compuviper","https:\/\/www.youtube.com\/channel\/UCf73dERp9Y3cfOq7q8BhLjA?view_as=subscriber"]}]},"product_price_amount":"250","product_price_currency":"MXN","og_availability":"backorder","product_availability":"available for order","product_retailer_item_id":"MicrosipPV","product_condition":"new"},"_links":{"self":[{"href":"https:\/\/compuviper.mx\/tienda\/wp-json\/wp\/v2\/product\/69431"}],"collection":[{"href":"https:\/\/compuviper.mx\/tienda\/wp-json\/wp\/v2\/product"}],"about":[{"href":"https:\/\/compuviper.mx\/tienda\/wp-json\/wp\/v2\/types\/product"}],"replies":[{"embeddable":true,"href":"https:\/\/compuviper.mx\/tienda\/wp-json\/wp\/v2\/comments?post=69431"}],"wp:featuredmedia":[{"embeddable":true,"href":"https:\/\/compuviper.mx\/tienda\/wp-json\/wp\/v2\/media\/69441"}],"wp:attachment":[{"href":"https:\/\/compuviper.mx\/tienda\/wp-json\/wp\/v2\/media?parent=69431"}],"wp:term":[{"taxonomy":"product_cat","embeddable":true,"href":"https:\/\/compuviper.mx\/tienda\/wp-json\/wp\/v2\/product_cat?post=69431"},{"taxonomy":"product_tag","embeddable":true,"href":"https:\/\/compuviper.mx\/tienda\/wp-json\/wp\/v2\/product_tag?post=69431"}],"curies":[{"name":"wp","href":"https:\/\/api.w.org\/{rel}","templated":true}]}}