{"id":269721,"date":"2026-05-16T00:50:47","date_gmt":"2026-05-16T06:50:47","guid":{"rendered":"https:\/\/compuviper.mx\/tienda\/producto\/gigabyte-b650m-d3hp-ax-tarjeta-madre-socket-amd-am5-ryzen-serie-9000-ddr5-dp-hdmi-wifi-6e-micro-atx-gama-media\/"},"modified":"2026-05-16T00:50:47","modified_gmt":"2026-05-16T06:50:47","slug":"gigabyte-b650m-d3hp-ax-tarjeta-madre-socket-amd-am5-ryzen-serie-9000-ddr5-dp-hdmi-wifi-6e-micro-atx-gama-media","status":"publish","type":"product","link":"https:\/\/compuviper.mx\/tienda\/producto\/gigabyte-b650m-d3hp-ax-tarjeta-madre-socket-amd-am5-ryzen-serie-9000-ddr5-dp-hdmi-wifi-6e-micro-atx-gama-media\/","title":{"rendered":"Gigabyte B650m D3hp Ax Tarjeta Madre   \/ Socket Amd Am5 \/ Ryzen Serie 9000 \/ Ddr5 \/ Dp \/ Hdmi \/ Wifi 6e \/ Micro Atx \/ Gama Media"},"content":{"rendered":"<table class=\"descripcion\">\n<tr>\n<td>Procesador<\/td>\n<\/tr>\n<tr>\n<td>Amd socket am5, soporte para:<\/td>\n<\/tr>\n<tr>\n<td>Procesadores amd ryzen\u0099 serie 7000 \/ ryzen\u0099 8000 \/ ryzen\u0099 9000<\/td>\n<\/tr>\n<tr>\n<td>(visite el sitio web de gigabyte para obtener la lista m\u00e1s reciente de cpu compatibles).<\/td>\n<\/tr>\n<tr>\n<td>Conjunto de chips<\/td>\n<\/tr>\n<tr>\n<td>Procesador amd b650<\/td>\n<\/tr>\n<tr>\n<td>Memoria<\/td>\n<\/tr>\n<tr>\n<td>Soporte para m\u00f3dulos de memoria ddr5 8000(oc)\/ 7800(oc)\/ 7600(oc)\/ 7200(oc)\/ 7000(oc)\/ 6800(oc)\/ 6600(oc)\/ 6400(oc)\/ 6200(oc)\/ 6000(oc)\/ 5600(oc)\/ 5200\/ 4800 mt\/s<\/td>\n<\/tr>\n<tr>\n<td>4 z\u00f3calos dimm ddr5 que admiten hasta 256 gb (capacidad de dimm individual de 64 gb) de memoria del sistema<\/td>\n<\/tr>\n<tr>\n<td>Arquitectura de memoria de doble canal<\/td>\n<\/tr>\n<tr>\n<td>Soporte para m\u00f3dulos de memoria dimm 1rx8\/2rx8\/1rx16 sin b\u00fafer y sin ecc<\/td>\n<\/tr>\n<tr>\n<td>Soporte para m\u00f3dulos de memoria amd extended profiles for overclocking (amd expo\u0099) y extreme memory profile (xmp)<\/td>\n<\/tr>\n<tr>\n<td>(la configuraci\u00f3n de la cpu y la memoria puede afectar los tipos de memoria admitidos, la velocidad de datos y la cantidad de m\u00f3dulos dram, consulte lista de compatibilidad de memoria en el sitio web de gigabyte para obtener m\u00e1s informaci\u00f3n).<\/td>\n<\/tr>\n<tr>\n<td>Gr\u00e1ficos integrados<\/td>\n<\/tr>\n<tr>\n<td>Procesador gr\u00e1fico integrado compatible con gr\u00e1ficos amd radeon\u0099<\/td>\n<\/tr>\n<tr>\n<td>: 2 displayport, que admiten una resoluci\u00f3n m\u00e1xima de 3840 x 2160 a 144 hz<\/td>\n<\/tr>\n<tr>\n<td>* soporte para la versi\u00f3n displayport 1.4.<\/td>\n<\/tr>\n<tr>\n<td>&#8211; 1 puerto hdmi, compatible con una resoluci\u00f3n m\u00e1xima de 4096 x 2160 a 60 hz<\/td>\n<\/tr>\n<tr>\n<td>* soporte para la versi\u00f3n hdmi 2.1 y hdcp 2.3.<\/td>\n<\/tr>\n<tr>\n<td>** soporte para puertos compatibles con hdmi 2.1 tmds nativos.<\/td>\n<\/tr>\n<tr>\n<td>Admite hasta tres pantallas al mismo tiempo<\/td>\n<\/tr>\n<tr>\n<td>(las especificaciones gr\u00e1ficas pueden variar seg\u00fan la compatibilidad de la cpu).<\/td>\n<\/tr>\n<tr>\n<td>Audio<\/td>\n<\/tr>\n<tr>\n<td>Codec de audio realtek\u00ae<\/td>\n<\/tr>\n<tr>\n<td>Audio de alta definici\u00f3n<\/td>\n<\/tr>\n<tr>\n<td>De 2\/4\/5.1\/7.1 canales<\/td>\n<\/tr>\n<tr>\n<td>* puede cambiar la funcionalidad de un conector de audio mediante el software de audio. para configurar el audio de 7.1 canales, acceda al software de audio para ver los ajustes de audio.<\/td>\n<\/tr>\n<tr>\n<td>Red local<\/td>\n<\/tr>\n<tr>\n<td>Chip lan realtek\u00ae 2.5gbe (2,5 gbps\/1 gbps\/100 mbps)<\/td>\n<\/tr>\n<tr>\n<td>M\u00f3dulo de comunicaci\u00f3n inal\u00e1mbrica<\/td>\n<\/tr>\n<tr>\n<td>Realtek\u00ae wi-fi 6e rtl8852ce<\/td>\n<\/tr>\n<tr>\n<td>&#8211; wifi a, b, g, n, ac, ax, compatible con bandas de frecuencia portadora de 2,4\/5\/6 ghz<\/td>\n<\/tr>\n<tr>\n<td>&#8211; bluetooth 5.3<\/td>\n<\/tr>\n<tr>\n<td>&#8211; soporte para conexi\u00f3n inal\u00e1mbrica 11ax 160mhz<\/td>\n<\/tr>\n<tr>\n<td>(la velocidad de datos real puede variar seg\u00fan el entorno y el equipo).<\/td>\n<\/tr>\n<tr>\n<td>Puertos de expansi\u00f3n<\/td>\n<\/tr>\n<tr>\n<td>1 ranura pci express x16 (pciex16), integrada en la cpu:<\/td>\n<\/tr>\n<tr>\n<td>&#8211; procesadores amd ryzen\u0099 serie 7000\/ procesadores ryzen\u0099 serie 9000 compatibles con el modo pcie 4.0 x16<\/td>\n<\/tr>\n<tr>\n<td>&#8211; procesadores amd ryzen\u0099 serie 8000-phoenix 1 compatibles con el modo pcie 4.0 x8<\/td>\n<\/tr>\n<tr>\n<td>&#8211; procesadores amd ryzen\u0099 serie 8000-phoenix 2 compatibles con el modo pcie 4.0 x4<\/td>\n<\/tr>\n<tr>\n<td>* la ranura pciex16 solo admite una tarjeta gr\u00e1fica o un ssd nvme. si solo se va a instalar una tarjeta gr\u00e1fica, aseg\u00farese de instalarla en la ranura pciex16.<\/td>\n<\/tr>\n<tr>\n<td>Conjunto de chips:<\/td>\n<\/tr>\n<tr>\n<td>&#8211; 1 ranura pci express x1, compatible con pcie 3.0 y funcionando a x1 (pciex1)<\/td>\n<\/tr>\n<tr>\n<td>Interfaz de almacenamiento<\/td>\n<\/tr>\n<tr>\n<td>1 conector m.2 (m2a_cpu), integrado en la cpu, compatible con socket 3, clave m, tipo 2580 ssd:<\/td>\n<\/tr>\n<tr>\n<td>&#8211; procesadores amd ryzen\u0099 serie 7000\/ryzen\u0099 serie 9000 compatibles con ssd pcie 4.0 x4\/x2<\/td>\n<\/tr>\n<tr>\n<td>&#8211; procesadores amd ryzen\u0099 serie 8000-phoenix 1 compatibles con ssd pcie 4.0 x4\/x2<\/td>\n<\/tr>\n<tr>\n<td>&#8211; procesadores amd ryzen\u0099 serie 8000-phoenix 2 compatibles con ssd pcie 4.0 x4\/x2<\/td>\n<\/tr>\n<tr>\n<td>1 conector m.2 (m2c_sb), integrado en el chipset, compatible con socket 3, clave m, tipo 22110\/2280 pcie 4.0 x4\/x2 ssd<\/td>\n<\/tr>\n<tr>\n<td>4 conectores sata de 6 gb\/s<\/td>\n<\/tr>\n<tr>\n<td>Compatibilidad con raid 0, raid 1 y raid 10 para dispositivos de almacenamiento ssd nvme<\/td>\n<\/tr>\n<tr>\n<td>Raid 0, raid 1 y compatibilidad con raid 10 para dispositivos de almacenamiento sata<\/td>\n<\/tr>\n<tr>\n<td>Usb<\/td>\n<\/tr>\n<tr>\n<td>Cpu:<\/td>\n<\/tr>\n<tr>\n<td>&#8211; 1 x puerto usb type-c\u00ae en el panel posterior, con soporte usb 3.2 gen 1<\/td>\n<\/tr>\n<tr>\n<td>&#8211; 1 x puerto usb 3.2 gen 1 en el panel posterior<\/td>\n<\/tr>\n<tr>\n<td>&#8211; 1 x puerto usb 2.0\/1.1 en el panel posterior<\/td>\n<\/tr>\n<tr>\n<td>Chipset:<\/td>\n<\/tr>\n<tr>\n<td>&#8211; 2 x puertos usb 3.2 gen 1 en el panel posterior<\/td>\n<\/tr>\n<tr>\n<td>&#8211; 1 x puerto usb type-c\u00ae con soporte usb 3.2 gen 1, disponible a trav\u00e9s del encabezado usb interno<\/td>\n<\/tr>\n<tr>\n<td>&#8211; 2 x puertos usb 3.2 gen 1 disponibles a trav\u00e9s del encabezado usb interno<\/td>\n<\/tr>\n<tr>\n<td>&#8211; 5 x puertos usb 2.0\/1.1 (1 puerto en el panel posterior, 4 puertos disponibles a trav\u00e9s de los encabezados usb internos)<\/td>\n<\/tr>\n<tr>\n<td>Conectores internos de e\/s<\/td>\n<\/tr>\n<tr>\n<td>1 conector de alimentaci\u00f3n principal atx de 24 pines<\/td>\n<\/tr>\n<tr>\n<td>1 conector de alimentaci\u00f3n atx de 12 v y 8 pines<\/td>\n<\/tr>\n<tr>\n<td>1 encabezado de ventilador de cpu<\/td>\n<\/tr>\n<tr>\n<td>2 encabezados de ventilador de sistema<\/td>\n<\/tr>\n<tr>\n<td>2 encabezados de tira de led direccionables<\/td>\n<\/tr>\n<tr>\n<td>1 encabezado de tira de led rgb<\/td>\n<\/tr>\n<tr>\n<td>2 conectores m.2 socket 3<\/td>\n<\/tr>\n<tr>\n<td>4 conectores sata de 6 gb\/s<\/td>\n<\/tr>\n<tr>\n<td>1 encabezado de panel frontal<\/td>\n<\/tr>\n<tr>\n<td>1 encabezado de audio de panel frontal<\/td>\n<\/tr>\n<tr>\n<td>1 encabezado usb type-c\u00ae, compatible con usb 3.2 gen 1<\/td>\n<\/tr>\n<tr>\n<td>1 encabezado usb 3.2 gen 1<\/td>\n<\/tr>\n<tr>\n<td>2 encabezados usb 2.0\/1.1<\/td>\n<\/tr>\n<tr>\n<td>1 encabezado de m\u00f3dulo de plataforma segura (solo para el m\u00f3dulo gc-tpm2.0 spi\/gc-tpm2.0 spi 2.0\/gc-tpm2.0 spi v2)<\/td>\n<\/tr>\n<tr>\n<td>1 bot\u00f3n q-flash plus<\/td>\n<\/tr>\n<tr>\n<td>1 puente de reinicio<\/td>\n<\/tr>\n<tr>\n<td>1 puente de borrado de cmos<\/td>\n<\/tr>\n<tr>\n<td>Conectores del panel trasero<\/td>\n<\/tr>\n<tr>\n<td>1 puerto para teclado\/mouse ps\/2<\/td>\n<\/tr>\n<tr>\n<td>1 puerto usb type-c\u00ae, compatible con usb 3.2 gen 1<\/td>\n<\/tr>\n<tr>\n<td>3 puertos usb 3.2 gen 1<\/td>\n<\/tr>\n<tr>\n<td>2 puertos usb 2.0\/1.1<\/td>\n<\/tr>\n<tr>\n<td>1 puerto hdmi<\/td>\n<\/tr>\n<tr>\n<td>2 displayports<\/td>\n<\/tr>\n<tr>\n<td>1 puerto rj-45<\/td>\n<\/tr>\n<tr>\n<td>3 conectores de audio<\/td>\n<\/tr>\n<tr>\n<td>Controlador e\/s<\/td>\n<\/tr>\n<tr>\n<td>Chip controlador de e\/s ite\u00ae<\/td>\n<\/tr>\n<tr>\n<td>Monitorizaci\u00f3n h\/w<\/td>\n<\/tr>\n<tr>\n<td>Detecci\u00f3n de voltaje<\/td>\n<\/tr>\n<tr>\n<td>Detecci\u00f3n de temperatura<\/td>\n<\/tr>\n<tr>\n<td>Detecci\u00f3n de velocidad del ventilador<\/td>\n<\/tr>\n<tr>\n<td>Advertencia de falla del ventilador<\/td>\n<\/tr>\n<tr>\n<td>Control de velocidad del ventilador<\/td>\n<\/tr>\n<tr>\n<td>* si la funci\u00f3n de control de velocidad del ventilador es compatible depender\u00e1 del ventilador que instale.<\/td>\n<\/tr>\n<tr>\n<td>Bios<\/td>\n<\/tr>\n<tr>\n<td>1 x 256 mbit flash<\/td>\n<\/tr>\n<tr>\n<td>Uso de ami uefi bios con licencia<\/td>\n<\/tr>\n<tr>\n<td>Pnp 1.0a, dmi 2.7, wfm 2.0, sm bios 2.7, acpi 5.0<\/td>\n<\/tr>\n<tr>\n<td>Caracter\u00edsticas \u00fanicas<\/td>\n<\/tr>\n<tr>\n<td>Soporte para el centro de control de gigabyte (gcc)<\/td>\n<\/tr>\n<tr>\n<td>* las aplicaciones disponibles en gcc pueden variar seg\u00fan el modelo de placa base. las funciones admitidas por cada aplicaci\u00f3n tambi\u00e9n pueden variar seg\u00fan las especificaciones de la placa base.<\/td>\n<\/tr>\n<tr>\n<td>Soporte para q-flash<\/td>\n<\/tr>\n<tr>\n<td>Soporte para q-flash plus<\/td>\n<\/tr>\n<tr>\n<td>Software incluido<\/td>\n<\/tr>\n<tr>\n<td>Software de gesti\u00f3n de ancho de banda lan norton\u00ae internet security (versi\u00f3n oem)<\/td>\n<\/tr>\n<tr>\n<td>Sistema operativo<\/td>\n<\/tr>\n<tr>\n<td>Soporte para windows 11 de 64 bits<\/td>\n<\/tr>\n<tr>\n<td>Soporte para windows 10 de 64 bits<\/td>\n<\/tr>\n<tr>\n<td>Dise\u00f1o<\/td>\n<\/tr>\n<tr>\n<td>Factor de forma micro atx; 24,4 cm x 24,4 cm<\/td>\n<\/tr>\n<\/table>\n","protected":false},"excerpt":{"rendered":"<p>B650m d3hp ax. Socket am5 de amd: compatible con procesadores de las series amd ryzen\u0099 7000\/ryzen\u0099 8000\/ryzen\u0099 9000. Rendimiento incomparable: soluci\u00f3n vrm digital de 5+2+2 fases. Ddr5 de canal doble: 4*smd dimm con compatibilidad con m\u00f3dulos de memoria amd expo\u0099 e intel\u00ae xmp. Almacenamiento de alta velocidad: conector pcie 4.0 x4 m.2. Ez-latch: ranura pcie x16 con dise\u00f1o de liberaci\u00f3n r\u00e1pida. Redes r\u00e1pidas: wi-fi 6e 802.11ax y lan 2.5gbe. Conectividad extendida: 2*dp, hdmi. Ventilador inteligente 6: cuenta con m\u00faltiples sensores de temperatura, cabezales de ventilador h\u00edbridos con funci\u00f3n fan stop. Q-flash plus: actualice la bios sin instalar la cpu, la memoria ni la tarjeta gr\u00e1fica<\/p>\n","protected":false},"featured_media":269722,"comment_status":"open","ping_status":"open","template":"","meta":[],"product_cat":[2240,1727],"product_tag":[1732],"acf":[],"yoast_head":"<!-- This site is optimized with the Yoast SEO plugin v21.7 - https:\/\/yoast.com\/wordpress\/plugins\/seo\/ -->\n<title>[ Gigabyte ] &#129351; B650m D3hp Ax Tarjeta Madre \/ Socket Amd Am5 \/ Ryzen Serie 9000 \/ Ddr5 \/ Dp \/ Hdmi \/ Wifi 6e \/ Micro Atx \/ Gama Media<\/title>\n<meta name=\"description\" content=\"Compra B650m D3hp Ax Tarjeta Madre \/ Socket Amd Am5 \/ Ryzen Serie 9000 \/ Ddr5 \/ Dp \/ Hdmi \/ Wifi 6e \/ Micro Atx \/ Gama Media + Env\u00edo a domicilio + Pago seguro + Garant\u00eda\" \/>\n<meta name=\"robots\" content=\"index, follow, max-snippet:-1, max-image-preview:large, max-video-preview:-1\" \/>\n<link rel=\"canonical\" href=\"https:\/\/compuviper.mx\/tienda\/producto\/gigabyte-b650m-d3hp-ax-tarjeta-madre-socket-amd-am5-ryzen-serie-9000-ddr5-dp-hdmi-wifi-6e-micro-atx-gama-media\/\" \/>\n<meta property=\"og:locale\" content=\"es_MX\" \/>\n<meta property=\"og:type\" content=\"article\" \/>\n<meta property=\"og:title\" content=\"[ Gigabyte ] &#129351; B650m D3hp Ax Tarjeta Madre \/ Socket Amd Am5 \/ Ryzen Serie 9000 \/ Ddr5 \/ Dp \/ Hdmi \/ Wifi 6e \/ Micro Atx \/ Gama Media\" \/>\n<meta property=\"og:description\" content=\"Compra B650m D3hp Ax Tarjeta Madre \/ Socket Amd Am5 \/ Ryzen Serie 9000 \/ Ddr5 \/ Dp \/ Hdmi \/ Wifi 6e \/ Micro Atx \/ Gama Media + Env\u00edo a domicilio + Pago seguro + Garant\u00eda\" \/>\n<meta property=\"og:url\" content=\"https:\/\/compuviper.mx\/tienda\/producto\/gigabyte-b650m-d3hp-ax-tarjeta-madre-socket-amd-am5-ryzen-serie-9000-ddr5-dp-hdmi-wifi-6e-micro-atx-gama-media\/\" \/>\n<meta property=\"og:site_name\" content=\"Compuviper\" \/>\n<meta property=\"article:publisher\" content=\"https:\/\/www.facebook.com\/compuviper\" \/>\n<meta property=\"og:image\" content=\"https:\/\/compuviper.mx\/tienda\/wp-content\/uploads\/2026\/05\/Tarjeta-madre-gigabyte-b650m-d3hp-ax-socket-amd-am5-ryzen-serie-9000-ddr5-dp-hdmi-wifi-6e-micro-atx-gama-media.jpg\" \/>\n\t<meta property=\"og:image:width\" content=\"200\" \/>\n\t<meta property=\"og:image:height\" content=\"200\" \/>\n\t<meta property=\"og:image:type\" content=\"image\/jpeg\" \/>\n<meta name=\"twitter:card\" content=\"summary_large_image\" \/>\n<meta name=\"twitter:label1\" content=\"Precio\" \/>\n\t<meta name=\"twitter:data1\" content=\"&#36;2,122 con IVA\" \/>\n\t<meta name=\"twitter:label2\" content=\"Availability\" \/>\n\t<meta name=\"twitter:data2\" content=\"Out of stock\" \/>\n<script type=\"application\/ld+json\" class=\"yoast-schema-graph\">{\"@context\":\"https:\/\/schema.org\",\"@graph\":[{\"@type\":\"WebPage\",\"@id\":\"https:\/\/compuviper.mx\/tienda\/producto\/gigabyte-b650m-d3hp-ax-tarjeta-madre-socket-amd-am5-ryzen-serie-9000-ddr5-dp-hdmi-wifi-6e-micro-atx-gama-media\/\",\"url\":\"https:\/\/compuviper.mx\/tienda\/producto\/gigabyte-b650m-d3hp-ax-tarjeta-madre-socket-amd-am5-ryzen-serie-9000-ddr5-dp-hdmi-wifi-6e-micro-atx-gama-media\/\",\"name\":\"[ Gigabyte ] &#129351; B650m D3hp Ax Tarjeta Madre \/ Socket Amd Am5 \/ Ryzen Serie 9000 \/ Ddr5 \/ Dp \/ Hdmi \/ Wifi 6e \/ Micro Atx \/ Gama Media\",\"isPartOf\":{\"@id\":\"https:\/\/compuviper.mx\/tienda\/#website\"},\"datePublished\":\"2026-05-16T06:50:47+00:00\",\"dateModified\":\"2026-05-16T06:50:47+00:00\",\"description\":\"Compra B650m D3hp Ax Tarjeta Madre \/ Socket Amd Am5 \/ Ryzen Serie 9000 \/ Ddr5 \/ Dp \/ Hdmi \/ Wifi 6e \/ Micro Atx \/ Gama Media + Env\u00edo a domicilio + Pago seguro + Garant\u00eda\",\"breadcrumb\":{\"@id\":\"https:\/\/compuviper.mx\/tienda\/producto\/gigabyte-b650m-d3hp-ax-tarjeta-madre-socket-amd-am5-ryzen-serie-9000-ddr5-dp-hdmi-wifi-6e-micro-atx-gama-media\/#breadcrumb\"},\"inLanguage\":\"es-MX\",\"potentialAction\":[{\"@type\":\"ReadAction\",\"target\":[\"https:\/\/compuviper.mx\/tienda\/producto\/gigabyte-b650m-d3hp-ax-tarjeta-madre-socket-amd-am5-ryzen-serie-9000-ddr5-dp-hdmi-wifi-6e-micro-atx-gama-media\/\"]}]},{\"@type\":\"BreadcrumbList\",\"@id\":\"https:\/\/compuviper.mx\/tienda\/producto\/gigabyte-b650m-d3hp-ax-tarjeta-madre-socket-amd-am5-ryzen-serie-9000-ddr5-dp-hdmi-wifi-6e-micro-atx-gama-media\/#breadcrumb\",\"itemListElement\":[{\"@type\":\"ListItem\",\"position\":1,\"name\":\"Inicio\",\"item\":\"https:\/\/compuviper.mx\/tienda\/\"},{\"@type\":\"ListItem\",\"position\":2,\"name\":\"Productos\",\"item\":\"https:\/\/compuviper.mx\/tienda\/productos\/\"},{\"@type\":\"ListItem\",\"position\":3,\"name\":\"Gigabyte B650m D3hp Ax Tarjeta Madre \/ Socket Amd Am5 \/ Ryzen Serie 9000 \/ Ddr5 \/ Dp \/ Hdmi \/ Wifi 6e \/ Micro Atx \/ Gama Media\"}]},{\"@type\":\"WebSite\",\"@id\":\"https:\/\/compuviper.mx\/tienda\/#website\",\"url\":\"https:\/\/compuviper.mx\/tienda\/\",\"name\":\"Compuviper\",\"description\":\"Proveedor de Computadoras, Laptops, Servidores, Monitores, Puntos de Venta, Teclados,   Impresoras, T\u00f3ner, C\u00e1maras de Seguridad y m\u00e1s en tu tienda en l\u00ednea\",\"publisher\":{\"@id\":\"https:\/\/compuviper.mx\/tienda\/#organization\"},\"potentialAction\":[{\"@type\":\"SearchAction\",\"target\":{\"@type\":\"EntryPoint\",\"urlTemplate\":\"https:\/\/compuviper.mx\/tienda\/?s={search_term_string}\"},\"query-input\":\"required name=search_term_string\"}],\"inLanguage\":\"es-MX\"},{\"@type\":\"Organization\",\"@id\":\"https:\/\/compuviper.mx\/tienda\/#organization\",\"name\":\"Compuviper\",\"url\":\"https:\/\/compuviper.mx\/tienda\/\",\"logo\":{\"@type\":\"ImageObject\",\"inLanguage\":\"es-MX\",\"@id\":\"https:\/\/compuviper.mx\/tienda\/#\/schema\/logo\/image\/\",\"url\":\"https:\/\/compuviper.mx\/tienda\/wp-content\/uploads\/2021\/08\/Logo-Compuviper-10.png\",\"contentUrl\":\"https:\/\/compuviper.mx\/tienda\/wp-content\/uploads\/2021\/08\/Logo-Compuviper-10.png\",\"width\":1000,\"height\":500,\"caption\":\"Compuviper\"},\"image\":{\"@id\":\"https:\/\/compuviper.mx\/tienda\/#\/schema\/logo\/image\/\"},\"sameAs\":[\"https:\/\/www.facebook.com\/compuviper\",\"https:\/\/www.youtube.com\/channel\/UCf73dERp9Y3cfOq7q8BhLjA?view_as=subscriber\"]}]}<\/script>\n<meta property=\"product:brand\" content=\"GIGABYTE\" \/>\n<meta property=\"product:price:amount\" content=\"2122\" \/>\n<meta property=\"product:price:currency\" content=\"MXN\" \/>\n<meta property=\"og:availability\" content=\"out of stock\" \/>\n<meta property=\"product:availability\" content=\"out of stock\" \/>\n<meta property=\"product:retailer_item_id\" content=\"B650M D3HP AX\" \/>\n<meta property=\"product:condition\" content=\"new\" \/>\n<!-- \/ Yoast SEO plugin. -->","yoast_head_json":{"title":"[ Gigabyte ] &#129351; B650m D3hp Ax Tarjeta Madre \/ Socket Amd Am5 \/ Ryzen Serie 9000 \/ Ddr5 \/ Dp \/ Hdmi \/ Wifi 6e \/ Micro Atx \/ Gama Media","description":"Compra B650m D3hp Ax Tarjeta Madre \/ Socket Amd Am5 \/ Ryzen Serie 9000 \/ Ddr5 \/ Dp \/ Hdmi \/ Wifi 6e \/ Micro Atx \/ Gama Media + Env\u00edo a domicilio + Pago seguro + Garant\u00eda","robots":{"index":"index","follow":"follow","max-snippet":"max-snippet:-1","max-image-preview":"max-image-preview:large","max-video-preview":"max-video-preview:-1"},"canonical":"https:\/\/compuviper.mx\/tienda\/producto\/gigabyte-b650m-d3hp-ax-tarjeta-madre-socket-amd-am5-ryzen-serie-9000-ddr5-dp-hdmi-wifi-6e-micro-atx-gama-media\/","og_locale":"es_MX","og_type":"article","og_title":"[ Gigabyte ] &#129351; B650m D3hp Ax Tarjeta Madre \/ Socket Amd Am5 \/ Ryzen Serie 9000 \/ Ddr5 \/ Dp \/ Hdmi \/ Wifi 6e \/ Micro Atx \/ Gama Media","og_description":"Compra B650m D3hp Ax Tarjeta Madre \/ Socket Amd Am5 \/ Ryzen Serie 9000 \/ Ddr5 \/ Dp \/ Hdmi \/ Wifi 6e \/ Micro Atx \/ Gama Media + Env\u00edo a domicilio + Pago seguro + Garant\u00eda","og_url":"https:\/\/compuviper.mx\/tienda\/producto\/gigabyte-b650m-d3hp-ax-tarjeta-madre-socket-amd-am5-ryzen-serie-9000-ddr5-dp-hdmi-wifi-6e-micro-atx-gama-media\/","og_site_name":"Compuviper","article_publisher":"https:\/\/www.facebook.com\/compuviper","og_image":[{"width":200,"height":200,"url":"https:\/\/compuviper.mx\/tienda\/wp-content\/uploads\/2026\/05\/Tarjeta-madre-gigabyte-b650m-d3hp-ax-socket-amd-am5-ryzen-serie-9000-ddr5-dp-hdmi-wifi-6e-micro-atx-gama-media.jpg","type":"image\/jpeg"}],"twitter_card":"summary_large_image","twitter_misc":{"Precio":"&#36;2,122 con IVA","Availability":"Out of stock"},"schema":{"@context":"https:\/\/schema.org","@graph":[{"@type":"WebPage","@id":"https:\/\/compuviper.mx\/tienda\/producto\/gigabyte-b650m-d3hp-ax-tarjeta-madre-socket-amd-am5-ryzen-serie-9000-ddr5-dp-hdmi-wifi-6e-micro-atx-gama-media\/","url":"https:\/\/compuviper.mx\/tienda\/producto\/gigabyte-b650m-d3hp-ax-tarjeta-madre-socket-amd-am5-ryzen-serie-9000-ddr5-dp-hdmi-wifi-6e-micro-atx-gama-media\/","name":"[ Gigabyte ] &#129351; B650m D3hp Ax Tarjeta Madre \/ Socket Amd Am5 \/ Ryzen Serie 9000 \/ Ddr5 \/ Dp \/ Hdmi \/ Wifi 6e \/ Micro Atx \/ Gama Media","isPartOf":{"@id":"https:\/\/compuviper.mx\/tienda\/#website"},"datePublished":"2026-05-16T06:50:47+00:00","dateModified":"2026-05-16T06:50:47+00:00","description":"Compra B650m D3hp Ax Tarjeta Madre \/ Socket Amd Am5 \/ Ryzen Serie 9000 \/ Ddr5 \/ Dp \/ Hdmi \/ Wifi 6e \/ Micro Atx \/ Gama Media + Env\u00edo a domicilio + Pago seguro + Garant\u00eda","breadcrumb":{"@id":"https:\/\/compuviper.mx\/tienda\/producto\/gigabyte-b650m-d3hp-ax-tarjeta-madre-socket-amd-am5-ryzen-serie-9000-ddr5-dp-hdmi-wifi-6e-micro-atx-gama-media\/#breadcrumb"},"inLanguage":"es-MX","potentialAction":[{"@type":"ReadAction","target":["https:\/\/compuviper.mx\/tienda\/producto\/gigabyte-b650m-d3hp-ax-tarjeta-madre-socket-amd-am5-ryzen-serie-9000-ddr5-dp-hdmi-wifi-6e-micro-atx-gama-media\/"]}]},{"@type":"BreadcrumbList","@id":"https:\/\/compuviper.mx\/tienda\/producto\/gigabyte-b650m-d3hp-ax-tarjeta-madre-socket-amd-am5-ryzen-serie-9000-ddr5-dp-hdmi-wifi-6e-micro-atx-gama-media\/#breadcrumb","itemListElement":[{"@type":"ListItem","position":1,"name":"Inicio","item":"https:\/\/compuviper.mx\/tienda\/"},{"@type":"ListItem","position":2,"name":"Productos","item":"https:\/\/compuviper.mx\/tienda\/productos\/"},{"@type":"ListItem","position":3,"name":"Gigabyte B650m D3hp Ax Tarjeta Madre \/ Socket Amd Am5 \/ Ryzen Serie 9000 \/ Ddr5 \/ Dp \/ Hdmi \/ Wifi 6e \/ Micro Atx \/ Gama Media"}]},{"@type":"WebSite","@id":"https:\/\/compuviper.mx\/tienda\/#website","url":"https:\/\/compuviper.mx\/tienda\/","name":"Compuviper","description":"Proveedor de Computadoras, Laptops, Servidores, Monitores, Puntos de Venta, Teclados,   Impresoras, T\u00f3ner, C\u00e1maras de Seguridad y m\u00e1s en tu tienda en l\u00ednea","publisher":{"@id":"https:\/\/compuviper.mx\/tienda\/#organization"},"potentialAction":[{"@type":"SearchAction","target":{"@type":"EntryPoint","urlTemplate":"https:\/\/compuviper.mx\/tienda\/?s={search_term_string}"},"query-input":"required name=search_term_string"}],"inLanguage":"es-MX"},{"@type":"Organization","@id":"https:\/\/compuviper.mx\/tienda\/#organization","name":"Compuviper","url":"https:\/\/compuviper.mx\/tienda\/","logo":{"@type":"ImageObject","inLanguage":"es-MX","@id":"https:\/\/compuviper.mx\/tienda\/#\/schema\/logo\/image\/","url":"https:\/\/compuviper.mx\/tienda\/wp-content\/uploads\/2021\/08\/Logo-Compuviper-10.png","contentUrl":"https:\/\/compuviper.mx\/tienda\/wp-content\/uploads\/2021\/08\/Logo-Compuviper-10.png","width":1000,"height":500,"caption":"Compuviper"},"image":{"@id":"https:\/\/compuviper.mx\/tienda\/#\/schema\/logo\/image\/"},"sameAs":["https:\/\/www.facebook.com\/compuviper","https:\/\/www.youtube.com\/channel\/UCf73dERp9Y3cfOq7q8BhLjA?view_as=subscriber"]}]},"product_brand":"GIGABYTE","product_price_amount":"2122","product_price_currency":"MXN","og_availability":"out of stock","product_availability":"out of stock","product_retailer_item_id":"B650M D3HP AX","product_condition":"new"},"_links":{"self":[{"href":"https:\/\/compuviper.mx\/tienda\/wp-json\/wp\/v2\/product\/269721"}],"collection":[{"href":"https:\/\/compuviper.mx\/tienda\/wp-json\/wp\/v2\/product"}],"about":[{"href":"https:\/\/compuviper.mx\/tienda\/wp-json\/wp\/v2\/types\/product"}],"replies":[{"embeddable":true,"href":"https:\/\/compuviper.mx\/tienda\/wp-json\/wp\/v2\/comments?post=269721"}],"wp:featuredmedia":[{"embeddable":true,"href":"https:\/\/compuviper.mx\/tienda\/wp-json\/wp\/v2\/media\/269722"}],"wp:attachment":[{"href":"https:\/\/compuviper.mx\/tienda\/wp-json\/wp\/v2\/media?parent=269721"}],"wp:term":[{"taxonomy":"product_cat","embeddable":true,"href":"https:\/\/compuviper.mx\/tienda\/wp-json\/wp\/v2\/product_cat?post=269721"},{"taxonomy":"product_tag","embeddable":true,"href":"https:\/\/compuviper.mx\/tienda\/wp-json\/wp\/v2\/product_tag?post=269721"}],"curies":[{"name":"wp","href":"https:\/\/api.w.org\/{rel}","templated":true}]}}