{"id":269719,"date":"2026-05-16T00:50:37","date_gmt":"2026-05-16T06:50:37","guid":{"rendered":"https:\/\/compuviper.mx\/tienda\/producto\/gigabyte-b650m-aorus-elite-ax-mb-amd-s-am5-ddr5-pcie-4-0-hdmi-4xusb-2-0-m-2-atx-gama-media-gamer-rgb\/"},"modified":"2026-05-16T00:50:37","modified_gmt":"2026-05-16T06:50:37","slug":"gigabyte-b650m-aorus-elite-ax-mb-amd-s-am5-ddr5-pcie-4-0-hdmi-4xusb-2-0-m-2-atx-gama-media-gamer-rgb","status":"publish","type":"product","link":"https:\/\/compuviper.mx\/tienda\/producto\/gigabyte-b650m-aorus-elite-ax-mb-amd-s-am5-ddr5-pcie-4-0-hdmi-4xusb-2-0-m-2-atx-gama-media-gamer-rgb\/","title":{"rendered":"Gigabyte B650m Aorus Elite Ax Mb   Amd S-am5 Ddr5 Pcie 4.0\/hdmi\/4xusb 2.0\/m.2\/atx\/gama Media \/gamer\/rgb"},"content":{"rendered":"<table class=\"descripcion\">\n<tr>\n<td>Procesador<\/td>\n<\/tr>\n<tr>\n<td>Amd socket am5, soporte para: procesadores amd ryzen\u0099 serie 7000<\/td>\n<\/tr>\n<tr>\n<td>(consulte la lista de compatibilidad de cpu para obtener m\u00e1s informaci\u00f3n).<\/td>\n<\/tr>\n<tr>\n<td>Conjunto de chips<\/td>\n<\/tr>\n<tr>\n<td>Amd b650<\/td>\n<\/tr>\n<tr>\n<td>Memoria<\/td>\n<\/tr>\n<tr>\n<td>Compatibilidad con ddr5 8000(oc)\/ 7800(oc)\/ 7600(oc)\/ 7200(oc)\/ 7000(oc)\/ 6800(oc)\/ 6666(oc)\/ 6600(oc)\/ 6400(oc)\/ 6200( oc)\/ 6000(oc)\/ 5600(oc)\/ 5200\/ 4800\/ 4400 mt\/s m\u00f3dulos de memoria<\/td>\n<\/tr>\n<tr>\n<td>4 z\u00f3calos dimm ddr5 que admiten hasta 192 gb (48 gb de capacidad dimm \u00fanica) de memoria del sistema<\/td>\n<\/tr>\n<tr>\n<td>Arquitectura de memoria de doble canal<\/td>\n<\/tr>\n<tr>\n<td>Compatibilidad con m\u00f3dulos de memoria dimm 1rx8\/2rx8\/1rx16 sin b\u00fafer y sin ecc<\/td>\n<\/tr>\n<tr>\n<td>Compatibilidad con los m\u00f3dulos de memoria amd extended profiles for overclocking (amd expo\u0099) y extreme memory profile (xmp)<\/td>\n<\/tr>\n<tr>\n<td>(la configuraci\u00f3n de la cpu y la memoria puede afectar los tipos de memoria admitidos, la velocidad de datos (velocidad) y la cantidad de m\u00f3dulos dram; consulte la lista de compatibilidad de memoria para obtener m\u00e1s informaci\u00f3n).<\/td>\n<\/tr>\n<tr>\n<td>Gr\u00e1ficos integrados<\/td>\n<\/tr>\n<tr>\n<td>Procesador de gr\u00e1ficos integrado:<\/td>\n<\/tr>\n<tr>\n<td>1 x displayport, compatible con una resoluci\u00f3n m\u00e1xima de 3840&#215;2160@144 hz<\/td>\n<\/tr>\n<tr>\n<td>* compatibilidad con la versi\u00f3n displayport 1.4 y hdr.<\/td>\n<\/tr>\n<tr>\n<td>1 x puerto hdmi, que admite una resoluci\u00f3n m\u00e1xima de 4096&#215;2160@60 hz<\/td>\n<\/tr>\n<tr>\n<td>* compatibilidad con la versi\u00f3n hdmi 2.1 y hdcp 2.3.<\/td>\n<\/tr>\n<tr>\n<td>** admite puertos nativos compatibles con hdmi 2.1 tmds.<\/td>\n<\/tr>\n<tr>\n<td>(las especificaciones gr\u00e1ficas pueden variar seg\u00fan la compatibilidad de la cpu).<\/td>\n<\/tr>\n<tr>\n<td>Audio<\/td>\n<\/tr>\n<tr>\n<td>Codec de audio realtek<\/td>\n<\/tr>\n<tr>\n<td>Audio de alta definici\u00f3n<\/td>\n<\/tr>\n<tr>\n<td>2\/4\/5.1\/7.1 canales<\/td>\n<\/tr>\n<tr>\n<td>* puede cambiar la funcionalidad de un conector de audio utilizando el software de audio. para configurar el audio de 7.1 canales, acceda al software de audio para realizar la configuraci\u00f3n de audio.<\/td>\n<\/tr>\n<tr>\n<td>Soporte para salida s\/pdif<\/td>\n<\/tr>\n<tr>\n<td>Lan<\/td>\n<\/tr>\n<tr>\n<td>Chip lan realtek de 2,5 gbe (2,5 gbps\/1 gbps\/100 mbps)<\/td>\n<\/tr>\n<tr>\n<td>M\u00f3dulo de comunicaci\u00f3n inal\u00e1mbrica<\/td>\n<\/tr>\n<tr>\n<td>Realtek wi-fi 6e rtl8852ce<\/td>\n<\/tr>\n<tr>\n<td>Wifi a, b, g, n, ac, ax, compatible con bandas de frecuencia portadora de 2,4\/5\/6 ghz<\/td>\n<\/tr>\n<tr>\n<td>Bluetooth 5.3<\/td>\n<\/tr>\n<tr>\n<td>Compatibilidad con el est\u00e1ndar inal\u00e1mbrico 11ax 160 mhz y una velocidad de datos de hasta 2,4 gbps<\/td>\n<\/tr>\n<tr>\n<td>(la velocidad de datos real puede variar seg\u00fan el entorno y el equipo).<\/td>\n<\/tr>\n<tr>\n<td>Puertos de expansi\u00f3n<\/td>\n<\/tr>\n<tr>\n<td>Upc:<\/td>\n<\/tr>\n<tr>\n<td>1 x ranura pci express x16, compatible con pcie 4.0 y ejecut\u00e1ndose en x16 (pciex16)<\/td>\n<\/tr>\n<tr>\n<td>* para un rendimiento \u00f3ptimo, si solo se va a instalar una tarjeta gr\u00e1fica pci express, aseg\u00farese de instalarla en la ranura pciex16.<\/td>\n<\/tr>\n<tr>\n<td>Conjunto de chips:<\/td>\n<\/tr>\n<tr>\n<td>1 x ranura pci express x16, compatible con pcie 4.0 y ejecut\u00e1ndose en x4 (pciex4)<\/td>\n<\/tr>\n<tr>\n<td>Interfaz de almacenamiento<\/td>\n<\/tr>\n<tr>\n<td>Upc:<\/td>\n<\/tr>\n<tr>\n<td>1 x conector m.2 (socket 3, clave m, soporte para ssd pcie 5.0* x4\/x2 tipo 25110\/2280) (m2a_cpu)<\/td>\n<\/tr>\n<tr>\n<td>* el soporte real puede variar seg\u00fan la cpu.<\/td>\n<\/tr>\n<tr>\n<td>1 x conector m.2 (socket 3, clave m, soporte para ssd pcie 4.0 x4\/x2 tipo 22110\/2280) (m2b_cpu)<\/td>\n<\/tr>\n<tr>\n<td>Conjunto de chips:<\/td>\n<\/tr>\n<tr>\n<td>4 conectores sata de 6 gb\/s<\/td>\n<\/tr>\n<tr>\n<td>Compatibilidad con raid 0, raid 1 y raid 10 para dispositivos de almacenamiento ssd nvme<\/td>\n<\/tr>\n<tr>\n<td>Compatibilidad con raid 0, raid 1 y raid 10 para dispositivos de almacenamiento sata<\/td>\n<\/tr>\n<tr>\n<td>Usb<\/td>\n<\/tr>\n<tr>\n<td>Upc:<\/td>\n<\/tr>\n<tr>\n<td>1 x puerto usb type-c  en el panel posterior, compatible con usb 3.2 gen 2<\/td>\n<\/tr>\n<tr>\n<td>2 x puertos usb 3.2 gen 2 tipo-a (rojos) en el panel posterior<\/td>\n<\/tr>\n<tr>\n<td>Cpu + concentrador usb 2.0:<\/td>\n<\/tr>\n<tr>\n<td>4 x puertos usb 2.0\/1.1 en el panel posterior<\/td>\n<\/tr>\n<tr>\n<td>Conjunto de chips:<\/td>\n<\/tr>\n<tr>\n<td>1 x puerto usb type-c  con soporte usb 3.2 gen 2&#215;2, disponible a trav\u00e9s del encabezado usb interno<\/td>\n<\/tr>\n<tr>\n<td>3 x puertos usb 3.2 gen 1 (1 puerto en el panel posterior, 2 puertos disponibles a trav\u00e9s del encabezado usb interno)<\/td>\n<\/tr>\n<tr>\n<td>4 x puertos usb 2.0\/1.1 disponibles a trav\u00e9s de los cabezales usb internos<\/td>\n<\/tr>\n<tr>\n<td>Conjunto de chips+concentrador usb 3.2 gen 1:<\/td>\n<\/tr>\n<tr>\n<td>4 x puertos usb 3.2 gen 1 en el panel posterior<\/td>\n<\/tr>\n<tr>\n<td>Conectores internos de e\/s<\/td>\n<\/tr>\n<tr>\n<td>1 conector de alimentaci\u00f3n principal atx de 24 pines<\/td>\n<\/tr>\n<tr>\n<td>1 conector de alimentaci\u00f3n atx de 12 v de 8 pines<\/td>\n<\/tr>\n<tr>\n<td>1 x encabezado del ventilador de la cpu<\/td>\n<\/tr>\n<tr>\n<td>1 x cabezal de ventilador de cpu\/bomba de refrigeraci\u00f3n por agua<\/td>\n<\/tr>\n<tr>\n<td>3 x cabezales de ventilador del sistema<\/td>\n<\/tr>\n<tr>\n<td>1 cabezal de ventilador del sistema\/bomba de refrigeraci\u00f3n por agua.<\/td>\n<\/tr>\n<tr>\n<td>2 x cabezales de tira led direccionables<\/td>\n<\/tr>\n<tr>\n<td>2 cabezales de tira led rgb<\/td>\n<\/tr>\n<tr>\n<td>1 tira led para enfriador de cpu\/cabezal de tira led rgb<\/td>\n<\/tr>\n<tr>\n<td>2 conectores m.2 hembra 3<\/td>\n<\/tr>\n<tr>\n<td>4 conectores sata de 6 gb\/s<\/td>\n<\/tr>\n<tr>\n<td>1 x encabezado del panel frontal<\/td>\n<\/tr>\n<tr>\n<td>1 x encabezado de audio del panel frontal<\/td>\n<\/tr>\n<tr>\n<td>1 x encabezado usb type-c  , con soporte usb 3.2 gen 2&#215;2<\/td>\n<\/tr>\n<tr>\n<td>1 conector usb 3.2 gen 1<\/td>\n<\/tr>\n<tr>\n<td>2 cabezales usb 2.0\/1.1<\/td>\n<\/tr>\n<tr>\n<td>1 x encabezado de puerto serie<\/td>\n<\/tr>\n<tr>\n<td>1 x conector de tarjeta adicional thb_u4<\/td>\n<\/tr>\n<tr>\n<td>1 encabezado del m\u00f3dulo de plataforma segura (solo para el m\u00f3dulo gc-tpm2.0 spi\/gc-tpm2.0 spi 2.0)<\/td>\n<\/tr>\n<tr>\n<td>1 bot\u00f3n de reinicio<\/td>\n<\/tr>\n<tr>\n<td>1 x puente de reinicio<\/td>\n<\/tr>\n<tr>\n<td>1 x puente cmos transparente<\/td>\n<\/tr>\n<tr>\n<td>Conectores del panel trasero<\/td>\n<\/tr>\n<tr>\n<td>1 bot\u00f3n q-flash plus<\/td>\n<\/tr>\n<tr>\n<td>2 x conectores de antena sma (2t2r)<\/td>\n<\/tr>\n<tr>\n<td>1 puerto displayport<\/td>\n<\/tr>\n<tr>\n<td>1 puerto hdmi<\/td>\n<\/tr>\n<tr>\n<td>1 x puerto usb type-c , compatible con usb 3.2 gen 2<\/td>\n<\/tr>\n<tr>\n<td>2 puertos usb 3.2 gen 2 tipo a (rojo)<\/td>\n<\/tr>\n<tr>\n<td>5 puertos usb 3.2 gen 1<\/td>\n<\/tr>\n<tr>\n<td>4 puertos usb 2.0\/1.1<\/td>\n<\/tr>\n<tr>\n<td>1 puerto rj-45<\/td>\n<\/tr>\n<tr>\n<td>1 x conector de salida \u00f3ptica s\/pdif<\/td>\n<\/tr>\n<tr>\n<td>2 x conectores de audio<\/td>\n<\/tr>\n<tr>\n<td>Controlador de e\/s<\/td>\n<\/tr>\n<tr>\n<td>Chip controlador de e\/ s ite<\/td>\n<\/tr>\n<tr>\n<td>Monitorizaci\u00f3n h\/w<\/td>\n<\/tr>\n<tr>\n<td>Detecci\u00f3n de voltaje<\/td>\n<\/tr>\n<tr>\n<td>Detecci\u00f3n de temperatura<\/td>\n<\/tr>\n<tr>\n<td>Detecci\u00f3n de velocidad del ventilador<\/td>\n<\/tr>\n<tr>\n<td>Detecci\u00f3n del caudal de refrigeraci\u00f3n por agua<\/td>\n<\/tr>\n<tr>\n<td>Advertencia de falla del ventilador<\/td>\n<\/tr>\n<tr>\n<td>Control de velocidad del ventilador<\/td>\n<\/tr>\n<tr>\n<td>* la compatibilidad de la funci\u00f3n de control de velocidad del ventilador (bomba) depender\u00e1 del ventilador (bomba) que instale.<\/td>\n<\/tr>\n<tr>\n<td>Bios<\/td>\n<\/tr>\n<tr>\n<td>1 flash de 256 mbit<\/td>\n<\/tr>\n<tr>\n<td>Uso de bios ami uefi con licencia<\/td>\n<\/tr>\n<tr>\n<td>Pnp 1.0a, dmi 2.7, wfm 2.0, sm bios 2.7, acpi 5.0<\/td>\n<\/tr>\n<tr>\n<td>Caracter\u00edsticas \u00fanicas<\/td>\n<\/tr>\n<tr>\n<td>Soporte para gigabyte control center (gcc)<\/td>\n<\/tr>\n<tr>\n<td>* las aplicaciones disponibles en gcc pueden variar seg\u00fan el modelo de placa base. las funciones admitidas de cada aplicaci\u00f3n tambi\u00e9n pueden variar seg\u00fan las especificaciones de la placa base.<\/td>\n<\/tr>\n<tr>\n<td>Soporte para q-flash<\/td>\n<\/tr>\n<tr>\n<td>Soporte para q-flash plus<\/td>\n<\/tr>\n<tr>\n<td>Software incluido<\/td>\n<\/tr>\n<tr>\n<td>Norton\u00ae internet security (versi\u00f3n oem)<\/td>\n<\/tr>\n<tr>\n<td>Software de gesti\u00f3n de ancho de banda lan<\/td>\n<\/tr>\n<tr>\n<td>Sistema operativo<\/td>\n<\/tr>\n<tr>\n<td>Soporte para windows 11 de 64 bits<\/td>\n<\/tr>\n<tr>\n<td>Soporte para windows 10 de 64 bits<\/td>\n<\/tr>\n<tr>\n<td>Dise\u00f1o<\/td>\n<\/tr>\n<tr>\n<td>Factor de forma micro atx; 24,4 x 24,4 cm.<\/td>\n<\/tr>\n<\/table>\n","protected":false},"excerpt":{"rendered":"<p>Amd socket am5: compatible con procesadores amd ryzen serie 7000. Rendimiento incomparable: soluci\u00f3n vrm digital doble de 12*+2+1 fases. Ddr5 de doble canal: 4*dimm con compatibilidad con m\u00f3dulos de memoria amd expo e intel xmp. Almacenamiento superr\u00e1pido: 1* pcie 5.0 x4 y 1* conector pcie 4.0 x4 m.2. Dise\u00f1o t\u00e9rmico avanzado y protecci\u00f3n t\u00e9rmica m.2: para garantizar la estabilidad de energ\u00eda de vrm y el rendimiento de ssd 25110 m.2. Ez-latch: ranura pcie x16 y conectores m.2 con liberaci\u00f3n r\u00e1pida y dise\u00f1o sin tornillos. Redes r\u00e1pidas: lan de 2,5 gbe y wi-fi 6e 802.11ax. Conectividad extendida: hdmi, dp, usb-c frontal de 20 gb\/s, usb-c\u00ae posterior de 10 gb\/s. Smart fan 6: cuenta con m\u00faltiples sensores de temperatura y cabezales de ventilador h\u00edbridos con fan stop. Q-flash plus: actualice el bios sin instalar la cpu, la memoria y la tarjeta gr\u00e1fica<\/p>\n","protected":false},"featured_media":269720,"comment_status":"open","ping_status":"open","template":"","meta":[],"product_cat":[1734,1727],"product_tag":[1732],"acf":[],"yoast_head":"<!-- This site is optimized with the Yoast SEO plugin v21.7 - https:\/\/yoast.com\/wordpress\/plugins\/seo\/ -->\n<title>[ Gigabyte ] &#129351; B650m Aorus Elite Ax Mb Amd S-am5 Ddr5 Pcie 4.0\/hdmi\/4xusb 2.0\/m.2\/atx\/gama Media \/gamer\/rgb<\/title>\n<meta name=\"description\" content=\"Compra B650m Aorus Elite Ax Mb Amd S-am5 Ddr5 Pcie 4.0\/hdmi\/4xusb 2.0\/m.2\/atx\/gama Media \/gamer\/rgb + Env\u00edo a domicilio + Pago seguro + Garant\u00eda\" \/>\n<meta name=\"robots\" content=\"index, follow, max-snippet:-1, max-image-preview:large, max-video-preview:-1\" \/>\n<link rel=\"canonical\" href=\"https:\/\/compuviper.mx\/tienda\/producto\/gigabyte-b650m-aorus-elite-ax-mb-amd-s-am5-ddr5-pcie-4-0-hdmi-4xusb-2-0-m-2-atx-gama-media-gamer-rgb\/\" \/>\n<meta property=\"og:locale\" content=\"es_MX\" \/>\n<meta property=\"og:type\" content=\"article\" \/>\n<meta property=\"og:title\" content=\"[ Gigabyte ] &#129351; B650m Aorus Elite Ax Mb Amd S-am5 Ddr5 Pcie 4.0\/hdmi\/4xusb 2.0\/m.2\/atx\/gama Media \/gamer\/rgb\" \/>\n<meta property=\"og:description\" content=\"Compra B650m Aorus Elite Ax Mb Amd S-am5 Ddr5 Pcie 4.0\/hdmi\/4xusb 2.0\/m.2\/atx\/gama Media \/gamer\/rgb + Env\u00edo a domicilio + Pago seguro + Garant\u00eda\" \/>\n<meta property=\"og:url\" content=\"https:\/\/compuviper.mx\/tienda\/producto\/gigabyte-b650m-aorus-elite-ax-mb-amd-s-am5-ddr5-pcie-4-0-hdmi-4xusb-2-0-m-2-atx-gama-media-gamer-rgb\/\" \/>\n<meta property=\"og:site_name\" content=\"Compuviper\" \/>\n<meta property=\"article:publisher\" content=\"https:\/\/www.facebook.com\/compuviper\" \/>\n<meta property=\"og:image\" content=\"https:\/\/compuviper.mx\/tienda\/wp-content\/uploads\/2026\/05\/Mb-gigabyte-b650m-aorus-elite-ax-amd-s-am5-ddr5-pcie-4.0hdmi4xusb-2.0m.2atxgama-media-gamerrgb.jpg\" \/>\n\t<meta property=\"og:image:width\" content=\"200\" \/>\n\t<meta property=\"og:image:height\" content=\"200\" \/>\n\t<meta property=\"og:image:type\" content=\"image\/jpeg\" \/>\n<meta name=\"twitter:card\" content=\"summary_large_image\" \/>\n<meta name=\"twitter:label1\" content=\"Precio\" \/>\n\t<meta name=\"twitter:data1\" content=\"&#36;2,899 con IVA\" \/>\n\t<meta name=\"twitter:label2\" content=\"Availability\" \/>\n\t<meta name=\"twitter:data2\" content=\"Out of stock\" \/>\n<script type=\"application\/ld+json\" class=\"yoast-schema-graph\">{\"@context\":\"https:\/\/schema.org\",\"@graph\":[{\"@type\":\"WebPage\",\"@id\":\"https:\/\/compuviper.mx\/tienda\/producto\/gigabyte-b650m-aorus-elite-ax-mb-amd-s-am5-ddr5-pcie-4-0-hdmi-4xusb-2-0-m-2-atx-gama-media-gamer-rgb\/\",\"url\":\"https:\/\/compuviper.mx\/tienda\/producto\/gigabyte-b650m-aorus-elite-ax-mb-amd-s-am5-ddr5-pcie-4-0-hdmi-4xusb-2-0-m-2-atx-gama-media-gamer-rgb\/\",\"name\":\"[ Gigabyte ] &#129351; B650m Aorus Elite Ax Mb Amd S-am5 Ddr5 Pcie 4.0\/hdmi\/4xusb 2.0\/m.2\/atx\/gama Media \/gamer\/rgb\",\"isPartOf\":{\"@id\":\"https:\/\/compuviper.mx\/tienda\/#website\"},\"datePublished\":\"2026-05-16T06:50:37+00:00\",\"dateModified\":\"2026-05-16T06:50:37+00:00\",\"description\":\"Compra B650m Aorus Elite Ax Mb Amd S-am5 Ddr5 Pcie 4.0\/hdmi\/4xusb 2.0\/m.2\/atx\/gama Media \/gamer\/rgb + Env\u00edo a domicilio + Pago seguro + Garant\u00eda\",\"breadcrumb\":{\"@id\":\"https:\/\/compuviper.mx\/tienda\/producto\/gigabyte-b650m-aorus-elite-ax-mb-amd-s-am5-ddr5-pcie-4-0-hdmi-4xusb-2-0-m-2-atx-gama-media-gamer-rgb\/#breadcrumb\"},\"inLanguage\":\"es-MX\",\"potentialAction\":[{\"@type\":\"ReadAction\",\"target\":[\"https:\/\/compuviper.mx\/tienda\/producto\/gigabyte-b650m-aorus-elite-ax-mb-amd-s-am5-ddr5-pcie-4-0-hdmi-4xusb-2-0-m-2-atx-gama-media-gamer-rgb\/\"]}]},{\"@type\":\"BreadcrumbList\",\"@id\":\"https:\/\/compuviper.mx\/tienda\/producto\/gigabyte-b650m-aorus-elite-ax-mb-amd-s-am5-ddr5-pcie-4-0-hdmi-4xusb-2-0-m-2-atx-gama-media-gamer-rgb\/#breadcrumb\",\"itemListElement\":[{\"@type\":\"ListItem\",\"position\":1,\"name\":\"Inicio\",\"item\":\"https:\/\/compuviper.mx\/tienda\/\"},{\"@type\":\"ListItem\",\"position\":2,\"name\":\"Productos\",\"item\":\"https:\/\/compuviper.mx\/tienda\/productos\/\"},{\"@type\":\"ListItem\",\"position\":3,\"name\":\"Gigabyte B650m Aorus Elite Ax Mb Amd S-am5 Ddr5 Pcie 4.0\/hdmi\/4xusb 2.0\/m.2\/atx\/gama Media \/gamer\/rgb\"}]},{\"@type\":\"WebSite\",\"@id\":\"https:\/\/compuviper.mx\/tienda\/#website\",\"url\":\"https:\/\/compuviper.mx\/tienda\/\",\"name\":\"Compuviper\",\"description\":\"Proveedor de Computadoras, Laptops, Servidores, Monitores, Puntos de Venta, Teclados,   Impresoras, T\u00f3ner, C\u00e1maras de Seguridad y m\u00e1s en tu tienda en l\u00ednea\",\"publisher\":{\"@id\":\"https:\/\/compuviper.mx\/tienda\/#organization\"},\"potentialAction\":[{\"@type\":\"SearchAction\",\"target\":{\"@type\":\"EntryPoint\",\"urlTemplate\":\"https:\/\/compuviper.mx\/tienda\/?s={search_term_string}\"},\"query-input\":\"required name=search_term_string\"}],\"inLanguage\":\"es-MX\"},{\"@type\":\"Organization\",\"@id\":\"https:\/\/compuviper.mx\/tienda\/#organization\",\"name\":\"Compuviper\",\"url\":\"https:\/\/compuviper.mx\/tienda\/\",\"logo\":{\"@type\":\"ImageObject\",\"inLanguage\":\"es-MX\",\"@id\":\"https:\/\/compuviper.mx\/tienda\/#\/schema\/logo\/image\/\",\"url\":\"https:\/\/compuviper.mx\/tienda\/wp-content\/uploads\/2021\/08\/Logo-Compuviper-10.png\",\"contentUrl\":\"https:\/\/compuviper.mx\/tienda\/wp-content\/uploads\/2021\/08\/Logo-Compuviper-10.png\",\"width\":1000,\"height\":500,\"caption\":\"Compuviper\"},\"image\":{\"@id\":\"https:\/\/compuviper.mx\/tienda\/#\/schema\/logo\/image\/\"},\"sameAs\":[\"https:\/\/www.facebook.com\/compuviper\",\"https:\/\/www.youtube.com\/channel\/UCf73dERp9Y3cfOq7q8BhLjA?view_as=subscriber\"]}]}<\/script>\n<meta property=\"product:brand\" content=\"GIGABYTE\" \/>\n<meta property=\"product:price:amount\" content=\"2899\" \/>\n<meta property=\"product:price:currency\" content=\"MXN\" \/>\n<meta property=\"og:availability\" content=\"out of stock\" \/>\n<meta property=\"product:availability\" content=\"out of stock\" \/>\n<meta property=\"product:retailer_item_id\" content=\"B650M AORUS ELITE AX\" \/>\n<meta property=\"product:condition\" content=\"new\" \/>\n<!-- \/ Yoast SEO plugin. -->","yoast_head_json":{"title":"[ Gigabyte ] &#129351; B650m Aorus Elite Ax Mb Amd S-am5 Ddr5 Pcie 4.0\/hdmi\/4xusb 2.0\/m.2\/atx\/gama Media \/gamer\/rgb","description":"Compra B650m Aorus Elite Ax Mb Amd S-am5 Ddr5 Pcie 4.0\/hdmi\/4xusb 2.0\/m.2\/atx\/gama Media \/gamer\/rgb + Env\u00edo a domicilio + Pago seguro + Garant\u00eda","robots":{"index":"index","follow":"follow","max-snippet":"max-snippet:-1","max-image-preview":"max-image-preview:large","max-video-preview":"max-video-preview:-1"},"canonical":"https:\/\/compuviper.mx\/tienda\/producto\/gigabyte-b650m-aorus-elite-ax-mb-amd-s-am5-ddr5-pcie-4-0-hdmi-4xusb-2-0-m-2-atx-gama-media-gamer-rgb\/","og_locale":"es_MX","og_type":"article","og_title":"[ Gigabyte ] &#129351; B650m Aorus Elite Ax Mb Amd S-am5 Ddr5 Pcie 4.0\/hdmi\/4xusb 2.0\/m.2\/atx\/gama Media \/gamer\/rgb","og_description":"Compra B650m Aorus Elite Ax Mb Amd S-am5 Ddr5 Pcie 4.0\/hdmi\/4xusb 2.0\/m.2\/atx\/gama Media \/gamer\/rgb + Env\u00edo a domicilio + Pago seguro + Garant\u00eda","og_url":"https:\/\/compuviper.mx\/tienda\/producto\/gigabyte-b650m-aorus-elite-ax-mb-amd-s-am5-ddr5-pcie-4-0-hdmi-4xusb-2-0-m-2-atx-gama-media-gamer-rgb\/","og_site_name":"Compuviper","article_publisher":"https:\/\/www.facebook.com\/compuviper","og_image":[{"width":200,"height":200,"url":"https:\/\/compuviper.mx\/tienda\/wp-content\/uploads\/2026\/05\/Mb-gigabyte-b650m-aorus-elite-ax-amd-s-am5-ddr5-pcie-4.0hdmi4xusb-2.0m.2atxgama-media-gamerrgb.jpg","type":"image\/jpeg"}],"twitter_card":"summary_large_image","twitter_misc":{"Precio":"&#36;2,899 con IVA","Availability":"Out of stock"},"schema":{"@context":"https:\/\/schema.org","@graph":[{"@type":"WebPage","@id":"https:\/\/compuviper.mx\/tienda\/producto\/gigabyte-b650m-aorus-elite-ax-mb-amd-s-am5-ddr5-pcie-4-0-hdmi-4xusb-2-0-m-2-atx-gama-media-gamer-rgb\/","url":"https:\/\/compuviper.mx\/tienda\/producto\/gigabyte-b650m-aorus-elite-ax-mb-amd-s-am5-ddr5-pcie-4-0-hdmi-4xusb-2-0-m-2-atx-gama-media-gamer-rgb\/","name":"[ Gigabyte ] &#129351; B650m Aorus Elite Ax Mb Amd S-am5 Ddr5 Pcie 4.0\/hdmi\/4xusb 2.0\/m.2\/atx\/gama Media \/gamer\/rgb","isPartOf":{"@id":"https:\/\/compuviper.mx\/tienda\/#website"},"datePublished":"2026-05-16T06:50:37+00:00","dateModified":"2026-05-16T06:50:37+00:00","description":"Compra B650m Aorus Elite Ax Mb Amd S-am5 Ddr5 Pcie 4.0\/hdmi\/4xusb 2.0\/m.2\/atx\/gama Media \/gamer\/rgb + Env\u00edo a domicilio + Pago seguro + Garant\u00eda","breadcrumb":{"@id":"https:\/\/compuviper.mx\/tienda\/producto\/gigabyte-b650m-aorus-elite-ax-mb-amd-s-am5-ddr5-pcie-4-0-hdmi-4xusb-2-0-m-2-atx-gama-media-gamer-rgb\/#breadcrumb"},"inLanguage":"es-MX","potentialAction":[{"@type":"ReadAction","target":["https:\/\/compuviper.mx\/tienda\/producto\/gigabyte-b650m-aorus-elite-ax-mb-amd-s-am5-ddr5-pcie-4-0-hdmi-4xusb-2-0-m-2-atx-gama-media-gamer-rgb\/"]}]},{"@type":"BreadcrumbList","@id":"https:\/\/compuviper.mx\/tienda\/producto\/gigabyte-b650m-aorus-elite-ax-mb-amd-s-am5-ddr5-pcie-4-0-hdmi-4xusb-2-0-m-2-atx-gama-media-gamer-rgb\/#breadcrumb","itemListElement":[{"@type":"ListItem","position":1,"name":"Inicio","item":"https:\/\/compuviper.mx\/tienda\/"},{"@type":"ListItem","position":2,"name":"Productos","item":"https:\/\/compuviper.mx\/tienda\/productos\/"},{"@type":"ListItem","position":3,"name":"Gigabyte B650m Aorus Elite Ax Mb Amd S-am5 Ddr5 Pcie 4.0\/hdmi\/4xusb 2.0\/m.2\/atx\/gama Media \/gamer\/rgb"}]},{"@type":"WebSite","@id":"https:\/\/compuviper.mx\/tienda\/#website","url":"https:\/\/compuviper.mx\/tienda\/","name":"Compuviper","description":"Proveedor de Computadoras, Laptops, Servidores, Monitores, Puntos de Venta, Teclados,   Impresoras, T\u00f3ner, C\u00e1maras de Seguridad y m\u00e1s en tu tienda en l\u00ednea","publisher":{"@id":"https:\/\/compuviper.mx\/tienda\/#organization"},"potentialAction":[{"@type":"SearchAction","target":{"@type":"EntryPoint","urlTemplate":"https:\/\/compuviper.mx\/tienda\/?s={search_term_string}"},"query-input":"required name=search_term_string"}],"inLanguage":"es-MX"},{"@type":"Organization","@id":"https:\/\/compuviper.mx\/tienda\/#organization","name":"Compuviper","url":"https:\/\/compuviper.mx\/tienda\/","logo":{"@type":"ImageObject","inLanguage":"es-MX","@id":"https:\/\/compuviper.mx\/tienda\/#\/schema\/logo\/image\/","url":"https:\/\/compuviper.mx\/tienda\/wp-content\/uploads\/2021\/08\/Logo-Compuviper-10.png","contentUrl":"https:\/\/compuviper.mx\/tienda\/wp-content\/uploads\/2021\/08\/Logo-Compuviper-10.png","width":1000,"height":500,"caption":"Compuviper"},"image":{"@id":"https:\/\/compuviper.mx\/tienda\/#\/schema\/logo\/image\/"},"sameAs":["https:\/\/www.facebook.com\/compuviper","https:\/\/www.youtube.com\/channel\/UCf73dERp9Y3cfOq7q8BhLjA?view_as=subscriber"]}]},"product_brand":"GIGABYTE","product_price_amount":"2899","product_price_currency":"MXN","og_availability":"out of stock","product_availability":"out of stock","product_retailer_item_id":"B650M AORUS ELITE AX","product_condition":"new"},"_links":{"self":[{"href":"https:\/\/compuviper.mx\/tienda\/wp-json\/wp\/v2\/product\/269719"}],"collection":[{"href":"https:\/\/compuviper.mx\/tienda\/wp-json\/wp\/v2\/product"}],"about":[{"href":"https:\/\/compuviper.mx\/tienda\/wp-json\/wp\/v2\/types\/product"}],"replies":[{"embeddable":true,"href":"https:\/\/compuviper.mx\/tienda\/wp-json\/wp\/v2\/comments?post=269719"}],"wp:featuredmedia":[{"embeddable":true,"href":"https:\/\/compuviper.mx\/tienda\/wp-json\/wp\/v2\/media\/269720"}],"wp:attachment":[{"href":"https:\/\/compuviper.mx\/tienda\/wp-json\/wp\/v2\/media?parent=269719"}],"wp:term":[{"taxonomy":"product_cat","embeddable":true,"href":"https:\/\/compuviper.mx\/tienda\/wp-json\/wp\/v2\/product_cat?post=269719"},{"taxonomy":"product_tag","embeddable":true,"href":"https:\/\/compuviper.mx\/tienda\/wp-json\/wp\/v2\/product_tag?post=269719"}],"curies":[{"name":"wp","href":"https:\/\/api.w.org\/{rel}","templated":true}]}}