{"id":269665,"date":"2026-05-14T00:40:30","date_gmt":"2026-05-14T06:40:30","guid":{"rendered":"https:\/\/compuviper.mx\/tienda\/producto\/toshiba-hdtca10xr3aa-dd-externo-1tb-canvio-advance-v10-2-5-usb-3-0-rojo-velocidad-de-transferencia-5gb-s-win10-macos-v10-15-v10-14-v10-13\/"},"modified":"2026-05-14T00:40:30","modified_gmt":"2026-05-14T06:40:30","slug":"toshiba-hdtca10xr3aa-dd-externo-1tb-canvio-advance-v10-2-5-usb-3-0-rojo-velocidad-de-transferencia-5gb-s-win10-macos-v10-15-v10-14-v10-13","status":"publish","type":"product","link":"https:\/\/compuviper.mx\/tienda\/producto\/toshiba-hdtca10xr3aa-dd-externo-1tb-canvio-advance-v10-2-5-usb-3-0-rojo-velocidad-de-transferencia-5gb-s-win10-macos-v10-15-v10-14-v10-13\/","title":{"rendered":"Toshiba Hdtca10xr3aa Dd Externo 1tb  Canvio Advance V10 2.5\/\/usb 3.0\/\/rojo\/\/velocidad De Transferencia 5gb\/s\/win10\/ Macos V10.15 \/v10.14 \/ V10.13"},"content":{"rendered":"<table class=\"descripcion\">\n<tr>\n<td>Especificaciones<\/td>\n<\/tr>\n<tr>\n<td>Capacidad: 1tb<\/td>\n<\/tr>\n<tr>\n<td>Interfaz:<\/td>\n<\/tr>\n<tr>\n<td>\u0095 usb 3.0<\/td>\n<\/tr>\n<tr>\n<td>\u0095 usb 2.0<\/td>\n<\/tr>\n<tr>\n<td>Velocidad de transferencia de la interfaz:<\/td>\n<\/tr>\n<tr>\n<td>\u0095 hasta 5 gb\/s (usb 3.0)<\/td>\n<\/tr>\n<tr>\n<td>\u0095 hasta 480 mb\/s (usb 2.0)<\/td>\n<\/tr>\n<tr>\n<td>Tama\u00f1o (mm)<\/td>\n<\/tr>\n<tr>\n<td>\u0095 1tb: 78(w) x 109(l) x 14(h)<\/td>\n<\/tr>\n<tr>\n<td>Colores:        rojo<\/td>\n<\/tr>\n<tr>\n<td>Peso (g):<\/td>\n<\/tr>\n<tr>\n<td>\u0095 1tb: .149 g<\/td>\n<\/tr>\n<tr>\n<td>Contenido<\/td>\n<\/tr>\n<tr>\n<td>Disco duro port\u00e1til toshiba canvio advance<\/td>\n<\/tr>\n<tr>\n<td>Cable usb 3.0 (funciona con usb 2.0)<\/td>\n<\/tr>\n<tr>\n<td>Gu\u00eda de inicio r\u00e1pido<\/td>\n<\/tr>\n<tr>\n<td>Software descargable<\/td>\n<\/tr>\n<tr>\n<td>Garant\u00eda limitada est\u00e1ndar de 2 a\u00f1os3<\/td>\n<\/tr>\n<tr>\n<td>Requisitos del sistema4<\/td>\n<\/tr>\n<tr>\n<td>Con formato ntfs para microsoft\u00ae windows\u00ae10, windows\u00ae 8.1<\/td>\n<\/tr>\n<tr>\n<td>Requiere formateo para macos v10.15 \/v10.14\/ v10.13<\/td>\n<\/tr>\n<tr>\n<td>Puerto usb 2.0 o usb 3.0 disponible<\/td>\n<\/tr>\n<\/table>\n","protected":false},"excerpt":{"rendered":"<p>Lleve su vida a donde sea. El disco duro externo port\u00e1til canvio advance permite a los creadores hacer lo que mejor saben, a dondequiera que los lleven sus vidas, ofreci\u00e9ndoles una gran capacidad de almacenamiento, un f\u00e1cil acceso a su contenido almacenado y el rendimiento confiable que necesitan y que ha sido probado con el tiempo. Cuando sea y dondequiera que d\u00e9 la creatividad, canvio advance ofrece el espacio para guardar su mejor trabajo hasta ahora. Con hasta 4 tb1 de almacenamiento, canvio advance puede almacenar miles de im\u00e1genes, videos, m\u00fasica y otros archivos en la palma de su mano. Ya sean copias de seguridad en casa o acceso a datos en la carretera, este elegante disco duro lo hace ideal para sus esfuerzos creativos. El disco duro externo port\u00e1til canvio advance cuenta con un dise\u00f1o elegante y texturizado en cuatro colores de moda que se adaptan a su estilo de vida. Con la conexi\u00f3n usb 3.0, puede transferir y hacer copias de seguridad de archivos sobre la marcha mientras le da energ\u00eda a la unidad a trav\u00e9s de la conexi\u00f3n usb de su laptop. Sus archivos no tienen precio, y el disco duro externo port\u00e1til canvio advance ayuda a mantenerlos seguros y a salvo con el software de copia de seguridad autom\u00e1tica y protecci\u00f3n de contrase\u00f1a incluido.  Este resistente disco duro externo est\u00e1 construido de acuerdo con los est\u00e1ndares de calidad de clase mundial de toshiba y respaldado por una garant\u00eda limitada de 2 a\u00f1os, para que pueda sentirse con la confianza de crear dondequiera que la inspiraci\u00f3n lo lleve<\/p>\n","protected":false},"featured_media":269666,"comment_status":"open","ping_status":"open","template":"","meta":[],"product_cat":[1706,1703],"product_tag":[1707],"acf":[],"yoast_head":"<!-- This site is optimized with the Yoast SEO plugin v21.7 - https:\/\/yoast.com\/wordpress\/plugins\/seo\/ -->\n<title>[ Toshiba ] &#129351; Hdtca10xr3aa Dd Externo 1tb Canvio Advance V10 2.5\/\/usb 3.0\/\/rojo\/\/velocidad De Transferencia 5gb\/s\/win10\/ Macos V10.15 \/v10.14 \/ V10.13<\/title>\n<meta name=\"description\" content=\"Compra Hdtca10xr3aa Dd Externo 1tb Canvio Advance V10 2.5\/\/usb 3.0\/\/rojo\/\/velocidad De Transferencia 5gb\/s\/win10\/ Macos V10.15 \/v10.14 \/ V10.13 + Env\u00edo a domicilio + Pago seguro + Garant\u00eda\" \/>\n<meta name=\"robots\" content=\"index, follow, max-snippet:-1, max-image-preview:large, max-video-preview:-1\" \/>\n<link rel=\"canonical\" href=\"https:\/\/compuviper.mx\/tienda\/producto\/toshiba-hdtca10xr3aa-dd-externo-1tb-canvio-advance-v10-2-5-usb-3-0-rojo-velocidad-de-transferencia-5gb-s-win10-macos-v10-15-v10-14-v10-13\/\" \/>\n<meta property=\"og:locale\" content=\"es_MX\" \/>\n<meta property=\"og:type\" content=\"article\" \/>\n<meta property=\"og:title\" content=\"[ Toshiba ] &#129351; Hdtca10xr3aa Dd Externo 1tb Canvio Advance V10 2.5\/\/usb 3.0\/\/rojo\/\/velocidad De Transferencia 5gb\/s\/win10\/ Macos V10.15 \/v10.14 \/ V10.13\" \/>\n<meta property=\"og:description\" content=\"Compra Hdtca10xr3aa Dd Externo 1tb Canvio Advance V10 2.5\/\/usb 3.0\/\/rojo\/\/velocidad De Transferencia 5gb\/s\/win10\/ Macos V10.15 \/v10.14 \/ V10.13 + Env\u00edo a domicilio + Pago seguro + Garant\u00eda\" \/>\n<meta property=\"og:url\" content=\"https:\/\/compuviper.mx\/tienda\/producto\/toshiba-hdtca10xr3aa-dd-externo-1tb-canvio-advance-v10-2-5-usb-3-0-rojo-velocidad-de-transferencia-5gb-s-win10-macos-v10-15-v10-14-v10-13\/\" \/>\n<meta property=\"og:site_name\" content=\"Compuviper\" \/>\n<meta property=\"article:publisher\" content=\"https:\/\/www.facebook.com\/compuviper\" \/>\n<meta property=\"og:image\" content=\"https:\/\/compuviper.mx\/tienda\/wp-content\/uploads\/2026\/05\/Dd-externo-1tb-toshiba-canvio-advance-v10-2.5usb-3.0rojovelocidad-de-transferencia-5gbswin10-macos-v10.15-v10.14-v10.13.jpg\" \/>\n\t<meta property=\"og:image:width\" content=\"200\" \/>\n\t<meta property=\"og:image:height\" content=\"200\" \/>\n\t<meta property=\"og:image:type\" content=\"image\/jpeg\" \/>\n<meta name=\"twitter:card\" content=\"summary_large_image\" \/>\n<meta name=\"twitter:label1\" content=\"Precio\" \/>\n\t<meta name=\"twitter:data1\" content=\"&#36;1,388 con IVA\" \/>\n\t<meta name=\"twitter:label2\" content=\"Availability\" \/>\n\t<meta name=\"twitter:data2\" content=\"In stock\" \/>\n<script type=\"application\/ld+json\" class=\"yoast-schema-graph\">{\"@context\":\"https:\/\/schema.org\",\"@graph\":[{\"@type\":\"WebPage\",\"@id\":\"https:\/\/compuviper.mx\/tienda\/producto\/toshiba-hdtca10xr3aa-dd-externo-1tb-canvio-advance-v10-2-5-usb-3-0-rojo-velocidad-de-transferencia-5gb-s-win10-macos-v10-15-v10-14-v10-13\/\",\"url\":\"https:\/\/compuviper.mx\/tienda\/producto\/toshiba-hdtca10xr3aa-dd-externo-1tb-canvio-advance-v10-2-5-usb-3-0-rojo-velocidad-de-transferencia-5gb-s-win10-macos-v10-15-v10-14-v10-13\/\",\"name\":\"[ Toshiba ] &#129351; Hdtca10xr3aa Dd Externo 1tb Canvio Advance V10 2.5\/\/usb 3.0\/\/rojo\/\/velocidad De Transferencia 5gb\/s\/win10\/ Macos V10.15 \/v10.14 \/ V10.13\",\"isPartOf\":{\"@id\":\"https:\/\/compuviper.mx\/tienda\/#website\"},\"datePublished\":\"2026-05-14T06:40:30+00:00\",\"dateModified\":\"2026-05-14T06:40:30+00:00\",\"description\":\"Compra Hdtca10xr3aa Dd Externo 1tb Canvio Advance V10 2.5\/\/usb 3.0\/\/rojo\/\/velocidad De Transferencia 5gb\/s\/win10\/ Macos V10.15 \/v10.14 \/ V10.13 + Env\u00edo a domicilio + Pago seguro + Garant\u00eda\",\"breadcrumb\":{\"@id\":\"https:\/\/compuviper.mx\/tienda\/producto\/toshiba-hdtca10xr3aa-dd-externo-1tb-canvio-advance-v10-2-5-usb-3-0-rojo-velocidad-de-transferencia-5gb-s-win10-macos-v10-15-v10-14-v10-13\/#breadcrumb\"},\"inLanguage\":\"es-MX\",\"potentialAction\":[{\"@type\":\"ReadAction\",\"target\":[\"https:\/\/compuviper.mx\/tienda\/producto\/toshiba-hdtca10xr3aa-dd-externo-1tb-canvio-advance-v10-2-5-usb-3-0-rojo-velocidad-de-transferencia-5gb-s-win10-macos-v10-15-v10-14-v10-13\/\"]}]},{\"@type\":\"BreadcrumbList\",\"@id\":\"https:\/\/compuviper.mx\/tienda\/producto\/toshiba-hdtca10xr3aa-dd-externo-1tb-canvio-advance-v10-2-5-usb-3-0-rojo-velocidad-de-transferencia-5gb-s-win10-macos-v10-15-v10-14-v10-13\/#breadcrumb\",\"itemListElement\":[{\"@type\":\"ListItem\",\"position\":1,\"name\":\"Inicio\",\"item\":\"https:\/\/compuviper.mx\/tienda\/\"},{\"@type\":\"ListItem\",\"position\":2,\"name\":\"Productos\",\"item\":\"https:\/\/compuviper.mx\/tienda\/productos\/\"},{\"@type\":\"ListItem\",\"position\":3,\"name\":\"Toshiba Hdtca10xr3aa Dd Externo 1tb Canvio Advance V10 2.5\/\/usb 3.0\/\/rojo\/\/velocidad De Transferencia 5gb\/s\/win10\/ Macos V10.15 \/v10.14 \/ V10.13\"}]},{\"@type\":\"WebSite\",\"@id\":\"https:\/\/compuviper.mx\/tienda\/#website\",\"url\":\"https:\/\/compuviper.mx\/tienda\/\",\"name\":\"Compuviper\",\"description\":\"Proveedor de Computadoras, Laptops, Servidores, Monitores, Puntos de Venta, Teclados,   Impresoras, T\u00f3ner, C\u00e1maras de Seguridad y m\u00e1s en tu tienda en l\u00ednea\",\"publisher\":{\"@id\":\"https:\/\/compuviper.mx\/tienda\/#organization\"},\"potentialAction\":[{\"@type\":\"SearchAction\",\"target\":{\"@type\":\"EntryPoint\",\"urlTemplate\":\"https:\/\/compuviper.mx\/tienda\/?s={search_term_string}\"},\"query-input\":\"required name=search_term_string\"}],\"inLanguage\":\"es-MX\"},{\"@type\":\"Organization\",\"@id\":\"https:\/\/compuviper.mx\/tienda\/#organization\",\"name\":\"Compuviper\",\"url\":\"https:\/\/compuviper.mx\/tienda\/\",\"logo\":{\"@type\":\"ImageObject\",\"inLanguage\":\"es-MX\",\"@id\":\"https:\/\/compuviper.mx\/tienda\/#\/schema\/logo\/image\/\",\"url\":\"https:\/\/compuviper.mx\/tienda\/wp-content\/uploads\/2021\/08\/Logo-Compuviper-10.png\",\"contentUrl\":\"https:\/\/compuviper.mx\/tienda\/wp-content\/uploads\/2021\/08\/Logo-Compuviper-10.png\",\"width\":1000,\"height\":500,\"caption\":\"Compuviper\"},\"image\":{\"@id\":\"https:\/\/compuviper.mx\/tienda\/#\/schema\/logo\/image\/\"},\"sameAs\":[\"https:\/\/www.facebook.com\/compuviper\",\"https:\/\/www.youtube.com\/channel\/UCf73dERp9Y3cfOq7q8BhLjA?view_as=subscriber\"]}]}<\/script>\n<meta property=\"product:brand\" content=\"TOSHIBA\" \/>\n<meta property=\"product:price:amount\" content=\"1388\" \/>\n<meta property=\"product:price:currency\" content=\"MXN\" \/>\n<meta property=\"og:availability\" content=\"instock\" \/>\n<meta property=\"product:availability\" content=\"instock\" \/>\n<meta property=\"product:retailer_item_id\" content=\"HDTCA10XR3AA\" \/>\n<meta property=\"product:condition\" content=\"new\" \/>\n<!-- \/ Yoast SEO plugin. -->","yoast_head_json":{"title":"[ Toshiba ] &#129351; Hdtca10xr3aa Dd Externo 1tb Canvio Advance V10 2.5\/\/usb 3.0\/\/rojo\/\/velocidad De Transferencia 5gb\/s\/win10\/ Macos V10.15 \/v10.14 \/ V10.13","description":"Compra Hdtca10xr3aa Dd Externo 1tb Canvio Advance V10 2.5\/\/usb 3.0\/\/rojo\/\/velocidad De Transferencia 5gb\/s\/win10\/ Macos V10.15 \/v10.14 \/ V10.13 + Env\u00edo a domicilio + Pago seguro + Garant\u00eda","robots":{"index":"index","follow":"follow","max-snippet":"max-snippet:-1","max-image-preview":"max-image-preview:large","max-video-preview":"max-video-preview:-1"},"canonical":"https:\/\/compuviper.mx\/tienda\/producto\/toshiba-hdtca10xr3aa-dd-externo-1tb-canvio-advance-v10-2-5-usb-3-0-rojo-velocidad-de-transferencia-5gb-s-win10-macos-v10-15-v10-14-v10-13\/","og_locale":"es_MX","og_type":"article","og_title":"[ Toshiba ] &#129351; Hdtca10xr3aa Dd Externo 1tb Canvio Advance V10 2.5\/\/usb 3.0\/\/rojo\/\/velocidad De Transferencia 5gb\/s\/win10\/ Macos V10.15 \/v10.14 \/ V10.13","og_description":"Compra Hdtca10xr3aa Dd Externo 1tb Canvio Advance V10 2.5\/\/usb 3.0\/\/rojo\/\/velocidad De Transferencia 5gb\/s\/win10\/ Macos V10.15 \/v10.14 \/ V10.13 + Env\u00edo a domicilio + Pago seguro + Garant\u00eda","og_url":"https:\/\/compuviper.mx\/tienda\/producto\/toshiba-hdtca10xr3aa-dd-externo-1tb-canvio-advance-v10-2-5-usb-3-0-rojo-velocidad-de-transferencia-5gb-s-win10-macos-v10-15-v10-14-v10-13\/","og_site_name":"Compuviper","article_publisher":"https:\/\/www.facebook.com\/compuviper","og_image":[{"width":200,"height":200,"url":"https:\/\/compuviper.mx\/tienda\/wp-content\/uploads\/2026\/05\/Dd-externo-1tb-toshiba-canvio-advance-v10-2.5usb-3.0rojovelocidad-de-transferencia-5gbswin10-macos-v10.15-v10.14-v10.13.jpg","type":"image\/jpeg"}],"twitter_card":"summary_large_image","twitter_misc":{"Precio":"&#36;1,388 con IVA","Availability":"In stock"},"schema":{"@context":"https:\/\/schema.org","@graph":[{"@type":"WebPage","@id":"https:\/\/compuviper.mx\/tienda\/producto\/toshiba-hdtca10xr3aa-dd-externo-1tb-canvio-advance-v10-2-5-usb-3-0-rojo-velocidad-de-transferencia-5gb-s-win10-macos-v10-15-v10-14-v10-13\/","url":"https:\/\/compuviper.mx\/tienda\/producto\/toshiba-hdtca10xr3aa-dd-externo-1tb-canvio-advance-v10-2-5-usb-3-0-rojo-velocidad-de-transferencia-5gb-s-win10-macos-v10-15-v10-14-v10-13\/","name":"[ Toshiba ] &#129351; Hdtca10xr3aa Dd Externo 1tb Canvio Advance V10 2.5\/\/usb 3.0\/\/rojo\/\/velocidad De Transferencia 5gb\/s\/win10\/ Macos V10.15 \/v10.14 \/ V10.13","isPartOf":{"@id":"https:\/\/compuviper.mx\/tienda\/#website"},"datePublished":"2026-05-14T06:40:30+00:00","dateModified":"2026-05-14T06:40:30+00:00","description":"Compra Hdtca10xr3aa Dd Externo 1tb Canvio Advance V10 2.5\/\/usb 3.0\/\/rojo\/\/velocidad De Transferencia 5gb\/s\/win10\/ Macos V10.15 \/v10.14 \/ V10.13 + Env\u00edo a domicilio + Pago seguro + Garant\u00eda","breadcrumb":{"@id":"https:\/\/compuviper.mx\/tienda\/producto\/toshiba-hdtca10xr3aa-dd-externo-1tb-canvio-advance-v10-2-5-usb-3-0-rojo-velocidad-de-transferencia-5gb-s-win10-macos-v10-15-v10-14-v10-13\/#breadcrumb"},"inLanguage":"es-MX","potentialAction":[{"@type":"ReadAction","target":["https:\/\/compuviper.mx\/tienda\/producto\/toshiba-hdtca10xr3aa-dd-externo-1tb-canvio-advance-v10-2-5-usb-3-0-rojo-velocidad-de-transferencia-5gb-s-win10-macos-v10-15-v10-14-v10-13\/"]}]},{"@type":"BreadcrumbList","@id":"https:\/\/compuviper.mx\/tienda\/producto\/toshiba-hdtca10xr3aa-dd-externo-1tb-canvio-advance-v10-2-5-usb-3-0-rojo-velocidad-de-transferencia-5gb-s-win10-macos-v10-15-v10-14-v10-13\/#breadcrumb","itemListElement":[{"@type":"ListItem","position":1,"name":"Inicio","item":"https:\/\/compuviper.mx\/tienda\/"},{"@type":"ListItem","position":2,"name":"Productos","item":"https:\/\/compuviper.mx\/tienda\/productos\/"},{"@type":"ListItem","position":3,"name":"Toshiba Hdtca10xr3aa Dd Externo 1tb Canvio Advance V10 2.5\/\/usb 3.0\/\/rojo\/\/velocidad De Transferencia 5gb\/s\/win10\/ Macos V10.15 \/v10.14 \/ V10.13"}]},{"@type":"WebSite","@id":"https:\/\/compuviper.mx\/tienda\/#website","url":"https:\/\/compuviper.mx\/tienda\/","name":"Compuviper","description":"Proveedor de Computadoras, Laptops, Servidores, Monitores, Puntos de Venta, Teclados,   Impresoras, T\u00f3ner, C\u00e1maras de Seguridad y m\u00e1s en tu tienda en l\u00ednea","publisher":{"@id":"https:\/\/compuviper.mx\/tienda\/#organization"},"potentialAction":[{"@type":"SearchAction","target":{"@type":"EntryPoint","urlTemplate":"https:\/\/compuviper.mx\/tienda\/?s={search_term_string}"},"query-input":"required name=search_term_string"}],"inLanguage":"es-MX"},{"@type":"Organization","@id":"https:\/\/compuviper.mx\/tienda\/#organization","name":"Compuviper","url":"https:\/\/compuviper.mx\/tienda\/","logo":{"@type":"ImageObject","inLanguage":"es-MX","@id":"https:\/\/compuviper.mx\/tienda\/#\/schema\/logo\/image\/","url":"https:\/\/compuviper.mx\/tienda\/wp-content\/uploads\/2021\/08\/Logo-Compuviper-10.png","contentUrl":"https:\/\/compuviper.mx\/tienda\/wp-content\/uploads\/2021\/08\/Logo-Compuviper-10.png","width":1000,"height":500,"caption":"Compuviper"},"image":{"@id":"https:\/\/compuviper.mx\/tienda\/#\/schema\/logo\/image\/"},"sameAs":["https:\/\/www.facebook.com\/compuviper","https:\/\/www.youtube.com\/channel\/UCf73dERp9Y3cfOq7q8BhLjA?view_as=subscriber"]}]},"product_brand":"TOSHIBA","product_price_amount":"1388","product_price_currency":"MXN","og_availability":"instock","product_availability":"instock","product_retailer_item_id":"HDTCA10XR3AA","product_condition":"new"},"_links":{"self":[{"href":"https:\/\/compuviper.mx\/tienda\/wp-json\/wp\/v2\/product\/269665"}],"collection":[{"href":"https:\/\/compuviper.mx\/tienda\/wp-json\/wp\/v2\/product"}],"about":[{"href":"https:\/\/compuviper.mx\/tienda\/wp-json\/wp\/v2\/types\/product"}],"replies":[{"embeddable":true,"href":"https:\/\/compuviper.mx\/tienda\/wp-json\/wp\/v2\/comments?post=269665"}],"wp:featuredmedia":[{"embeddable":true,"href":"https:\/\/compuviper.mx\/tienda\/wp-json\/wp\/v2\/media\/269666"}],"wp:attachment":[{"href":"https:\/\/compuviper.mx\/tienda\/wp-json\/wp\/v2\/media?parent=269665"}],"wp:term":[{"taxonomy":"product_cat","embeddable":true,"href":"https:\/\/compuviper.mx\/tienda\/wp-json\/wp\/v2\/product_cat?post=269665"},{"taxonomy":"product_tag","embeddable":true,"href":"https:\/\/compuviper.mx\/tienda\/wp-json\/wp\/v2\/product_tag?post=269665"}],"curies":[{"name":"wp","href":"https:\/\/api.w.org\/{rel}","templated":true}]}}