{"id":269632,"date":"2026-05-13T01:32:01","date_gmt":"2026-05-13T07:32:01","guid":{"rendered":"https:\/\/compuviper.mx\/tienda\/producto\/asus-oem-pl64-s5-8-5gw6-twvuu-mini-pc-industrial-asus-pl64-core-i5-1235u-hasta-4-4-ghz-10-cores-2p8e-8gb-ddr4-3200-512gb-m-2-3x-hdmi-2-1-2x-lan-2x-puerto-com-rj50-fanless\/"},"modified":"2026-05-13T01:32:01","modified_gmt":"2026-05-13T07:32:01","slug":"asus-oem-pl64-s5-8-5gw6-twvuu-mini-pc-industrial-asus-pl64-core-i5-1235u-hasta-4-4-ghz-10-cores-2p8e-8gb-ddr4-3200-512gb-m-2-3x-hdmi-2-1-2x-lan-2x-puerto-com-rj50-fanless","status":"publish","type":"product","link":"https:\/\/compuviper.mx\/tienda\/producto\/asus-oem-pl64-s5-8-5gw6-twvuu-mini-pc-industrial-asus-pl64-core-i5-1235u-hasta-4-4-ghz-10-cores-2p8e-8gb-ddr4-3200-512gb-m-2-3x-hdmi-2-1-2x-lan-2x-puerto-com-rj50-fanless\/","title":{"rendered":"Asus Oem Pl64-s5-8-5gw6-twvuu Mini Pc Industrial Asus Pl64 Core I5 1235u Hasta 4.4 Ghz \/10 Cores (2p+8e) \/8gb Ddr4 3200 \/512gb M.2 \/3x Hdmi 2.1 \/2x Lan \/2x Puerto Com Rj50 \/fanless"},"content":{"rendered":"<table class=\"descripcion\">\n<tr>\n<td>Pl64-s5-8-5gw6-twvuu<\/td>\n<\/tr>\n<tr>\n<td>Sistema operativo:<\/td>\n<\/tr>\n<tr>\n<td>-sin sistema operativo preinstalado.<\/td>\n<\/tr>\n<tr>\n<td>Compatibilidad:<\/td>\n<\/tr>\n<tr>\n<td>-windows 11 pro,<\/td>\n<\/tr>\n<tr>\n<td>-windows 11 home.<\/td>\n<\/tr>\n<tr>\n<td>Procesador:   intel core i5-1235u<\/td>\n<\/tr>\n<tr>\n<td>Chipset   integrado<\/td>\n<\/tr>\n<tr>\n<td>Graficos   intel iris xe<\/td>\n<\/tr>\n<tr>\n<td>Memoria<\/td>\n<\/tr>\n<tr>\n<td>Incluye: 8 gb ddr4-3200 so-dimm<\/td>\n<\/tr>\n<tr>\n<td>Capacidad m\u00e1xima: 32 gb ddr4-3200 so-dimm x 2<\/td>\n<\/tr>\n<tr>\n<td>*el sistema requiere una configuraci\u00f3n de memoria de doble canal para un rendimiento \u00f3ptimo.<\/td>\n<\/tr>\n<tr>\n<td>Almacenamiento<\/td>\n<\/tr>\n<tr>\n<td>Incluye: almacenamiento ssd m.2 nvme pcie 4.0 de 512 gb.<\/td>\n<\/tr>\n<tr>\n<td>Admite: ssd m.2 2280 nvme\u0099 pcie\u00ae 4.0 x 4 de 256 gb a 2 tb.<\/td>\n<\/tr>\n<tr>\n<td>*admite raid 0\/1.<\/td>\n<\/tr>\n<tr>\n<td>Red de datos inal\u00e1mbrica<\/td>\n<\/tr>\n<tr>\n<td>Intel wi-fi 6 (gig+), bluetooth 5.2<\/td>\n<\/tr>\n<tr>\n<td>* la compatibilidad con la versi\u00f3n de bluetooth puede variar seg\u00fan el sistema operativo.<\/td>\n<\/tr>\n<tr>\n<td>La funci\u00f3n bluetooth v5.2 estar\u00e1 disponible en windows 11 o posterior.<\/td>\n<\/tr>\n<tr>\n<td>Lan<\/td>\n<\/tr>\n<tr>\n<td>10\/100\/1000\/2500 mbps, lan intel de 2,5 g<\/td>\n<\/tr>\n<tr>\n<td>10\/100\/1000 mbps, lan intel de 1 g<\/td>\n<\/tr>\n<tr>\n<td>Puertos de e\/s frontales (laterales)<\/td>\n<\/tr>\n<tr>\n<td>3 puertos usb 3.2 gen2 tipo a (5 v\/0,9 a, 10 gbps)<\/td>\n<\/tr>\n<tr>\n<td>2 puertos usb 3.2 gen1 tipo a (5 v\/0,9 a, 5 gbps) (lateral)<\/td>\n<\/tr>\n<tr>\n<td>2 puertos com (rj50; compatible con rs232, 422, 485)<\/td>\n<\/tr>\n<tr>\n<td>1 conector de audio (salida de l\u00ednea\/entrada de micr\u00f3fono\/salida de auriculares)<\/td>\n<\/tr>\n<tr>\n<td>1 ranura para candado kensington (lateral)<\/td>\n<\/tr>\n<tr>\n<td>Puertos de e\/s traseros<\/td>\n<\/tr>\n<tr>\n<td>3 x hdmi 2.1 (hasta 4k@60hz)<\/td>\n<\/tr>\n<tr>\n<td>1 x lan rj45 de 2,5 g<\/td>\n<\/tr>\n<tr>\n<td>1 x lan rj45<\/td>\n<\/tr>\n<tr>\n<td>1 x reinicio edid<\/td>\n<\/tr>\n<tr>\n<td>2 x conector de antena<\/td>\n<\/tr>\n<tr>\n<td>1 x entrada de cc<\/td>\n<\/tr>\n<tr>\n<td>Fuente de alimentaci\u00f3n<\/td>\n<\/tr>\n<tr>\n<td>Adaptador de corriente de 19 v cc, 3,42 a, 65 w<\/td>\n<\/tr>\n<tr>\n<td>Dimensiones (ancho x profundidad x alto)<\/td>\n<\/tr>\n<tr>\n<td>199,7 mm x 119,7 mm x 33,9 mm<\/td>\n<\/tr>\n<tr>\n<td>Peso<\/td>\n<\/tr>\n<tr>\n<td>1,0 kg<\/td>\n<\/tr>\n<tr>\n<td>Color<\/td>\n<\/tr>\n<tr>\n<td>Negro eco<\/td>\n<\/tr>\n<tr>\n<td>Certificados<\/td>\n<\/tr>\n<tr>\n<td>Bsmi\/cb\/ce\/fcc\/ul\/ccc\/energy star\/c-tick\/wifi\/rf\/vcci<\/td>\n<\/tr>\n<\/table>\n","protected":false},"excerpt":{"rendered":"<p>Mini pc pl64. Ordenador ultradelgado con procesadores intel core de 12a generacion, chasis sin ventilador para cpu de 15 w, compatibilidad con triple pantalla 4k, doble lan, doble puerto com, ssd pcie gen 4, wifi 6e, temperatura ambiente de funcionamiento de 50 \u00b0c.<\/p>\n","protected":false},"featured_media":0,"comment_status":"open","ping_status":"open","template":"","meta":[],"product_cat":[1971,1978],"product_tag":[2096],"acf":[],"yoast_head":"<!-- This site is optimized with the Yoast SEO plugin v21.7 - https:\/\/yoast.com\/wordpress\/plugins\/seo\/ -->\n<title>[ Asus Oem ] &#129351; Pl64-s5-8-5gw6-twvuu Mini Pc Industrial Asus Pl64 Core I5 1235u Hasta 4.4 Ghz \/10 Cores (2p+8e) \/8gb Ddr4 3200 \/512gb M.2 \/3x Hdmi 2.1 \/2x Lan \/2x Puerto Com Rj50 \/fanless<\/title>\n<meta name=\"description\" content=\"Compra Pl64-s5-8-5gw6-twvuu Mini Pc Industrial Asus Pl64 Core I5 1235u Hasta 4.4 Ghz \/10 Cores (2p+8e) \/8gb Ddr4 3200 \/512gb M.2 \/3x Hdmi 2.1 \/2x Lan \/2x Puerto Com Rj50 \/fanless + Env\u00edo a domicilio + Pago seguro + Garant\u00eda\" \/>\n<meta name=\"robots\" content=\"index, follow, max-snippet:-1, max-image-preview:large, max-video-preview:-1\" \/>\n<link rel=\"canonical\" href=\"https:\/\/compuviper.mx\/tienda\/producto\/asus-oem-pl64-s5-8-5gw6-twvuu-mini-pc-industrial-asus-pl64-core-i5-1235u-hasta-4-4-ghz-10-cores-2p8e-8gb-ddr4-3200-512gb-m-2-3x-hdmi-2-1-2x-lan-2x-puerto-com-rj50-fanless\/\" \/>\n<meta property=\"og:locale\" content=\"es_MX\" \/>\n<meta property=\"og:type\" content=\"article\" \/>\n<meta property=\"og:title\" content=\"[ Asus Oem ] &#129351; Pl64-s5-8-5gw6-twvuu Mini Pc Industrial Asus Pl64 Core I5 1235u Hasta 4.4 Ghz \/10 Cores (2p+8e) \/8gb Ddr4 3200 \/512gb M.2 \/3x Hdmi 2.1 \/2x Lan \/2x Puerto Com Rj50 \/fanless\" \/>\n<meta property=\"og:description\" content=\"Compra Pl64-s5-8-5gw6-twvuu Mini Pc Industrial Asus Pl64 Core I5 1235u Hasta 4.4 Ghz \/10 Cores (2p+8e) \/8gb Ddr4 3200 \/512gb M.2 \/3x Hdmi 2.1 \/2x Lan \/2x Puerto Com Rj50 \/fanless + Env\u00edo a domicilio + Pago seguro + Garant\u00eda\" \/>\n<meta property=\"og:url\" content=\"https:\/\/compuviper.mx\/tienda\/producto\/asus-oem-pl64-s5-8-5gw6-twvuu-mini-pc-industrial-asus-pl64-core-i5-1235u-hasta-4-4-ghz-10-cores-2p8e-8gb-ddr4-3200-512gb-m-2-3x-hdmi-2-1-2x-lan-2x-puerto-com-rj50-fanless\/\" \/>\n<meta property=\"og:site_name\" content=\"Compuviper\" \/>\n<meta property=\"article:publisher\" content=\"https:\/\/www.facebook.com\/compuviper\" \/>\n<meta name=\"twitter:card\" content=\"summary_large_image\" \/>\n<meta name=\"twitter:label1\" content=\"Precio\" \/>\n\t<meta name=\"twitter:data1\" content=\"&#36;10,560 con IVA\" \/>\n\t<meta name=\"twitter:label2\" content=\"Availability\" \/>\n\t<meta name=\"twitter:data2\" content=\"Out of stock\" \/>\n<script type=\"application\/ld+json\" class=\"yoast-schema-graph\">{\"@context\":\"https:\/\/schema.org\",\"@graph\":[{\"@type\":\"WebPage\",\"@id\":\"https:\/\/compuviper.mx\/tienda\/producto\/asus-oem-pl64-s5-8-5gw6-twvuu-mini-pc-industrial-asus-pl64-core-i5-1235u-hasta-4-4-ghz-10-cores-2p8e-8gb-ddr4-3200-512gb-m-2-3x-hdmi-2-1-2x-lan-2x-puerto-com-rj50-fanless\/\",\"url\":\"https:\/\/compuviper.mx\/tienda\/producto\/asus-oem-pl64-s5-8-5gw6-twvuu-mini-pc-industrial-asus-pl64-core-i5-1235u-hasta-4-4-ghz-10-cores-2p8e-8gb-ddr4-3200-512gb-m-2-3x-hdmi-2-1-2x-lan-2x-puerto-com-rj50-fanless\/\",\"name\":\"[ Asus Oem ] &#129351; Pl64-s5-8-5gw6-twvuu Mini Pc Industrial Asus Pl64 Core I5 1235u Hasta 4.4 Ghz \/10 Cores (2p+8e) \/8gb Ddr4 3200 \/512gb M.2 \/3x Hdmi 2.1 \/2x Lan \/2x Puerto Com Rj50 \/fanless\",\"isPartOf\":{\"@id\":\"https:\/\/compuviper.mx\/tienda\/#website\"},\"datePublished\":\"2026-05-13T07:32:01+00:00\",\"dateModified\":\"2026-05-13T07:32:01+00:00\",\"description\":\"Compra Pl64-s5-8-5gw6-twvuu Mini Pc Industrial Asus Pl64 Core I5 1235u Hasta 4.4 Ghz \/10 Cores (2p+8e) \/8gb Ddr4 3200 \/512gb M.2 \/3x Hdmi 2.1 \/2x Lan \/2x Puerto Com Rj50 \/fanless + Env\u00edo a domicilio + Pago seguro + Garant\u00eda\",\"breadcrumb\":{\"@id\":\"https:\/\/compuviper.mx\/tienda\/producto\/asus-oem-pl64-s5-8-5gw6-twvuu-mini-pc-industrial-asus-pl64-core-i5-1235u-hasta-4-4-ghz-10-cores-2p8e-8gb-ddr4-3200-512gb-m-2-3x-hdmi-2-1-2x-lan-2x-puerto-com-rj50-fanless\/#breadcrumb\"},\"inLanguage\":\"es-MX\",\"potentialAction\":[{\"@type\":\"ReadAction\",\"target\":[\"https:\/\/compuviper.mx\/tienda\/producto\/asus-oem-pl64-s5-8-5gw6-twvuu-mini-pc-industrial-asus-pl64-core-i5-1235u-hasta-4-4-ghz-10-cores-2p8e-8gb-ddr4-3200-512gb-m-2-3x-hdmi-2-1-2x-lan-2x-puerto-com-rj50-fanless\/\"]}]},{\"@type\":\"BreadcrumbList\",\"@id\":\"https:\/\/compuviper.mx\/tienda\/producto\/asus-oem-pl64-s5-8-5gw6-twvuu-mini-pc-industrial-asus-pl64-core-i5-1235u-hasta-4-4-ghz-10-cores-2p8e-8gb-ddr4-3200-512gb-m-2-3x-hdmi-2-1-2x-lan-2x-puerto-com-rj50-fanless\/#breadcrumb\",\"itemListElement\":[{\"@type\":\"ListItem\",\"position\":1,\"name\":\"Inicio\",\"item\":\"https:\/\/compuviper.mx\/tienda\/\"},{\"@type\":\"ListItem\",\"position\":2,\"name\":\"Productos\",\"item\":\"https:\/\/compuviper.mx\/tienda\/productos\/\"},{\"@type\":\"ListItem\",\"position\":3,\"name\":\"Asus Oem Pl64-s5-8-5gw6-twvuu Mini Pc Industrial Asus Pl64 Core I5 1235u Hasta 4.4 Ghz \/10 Cores (2p+8e) \/8gb Ddr4 3200 \/512gb M.2 \/3x Hdmi 2.1 \/2x Lan \/2x Puerto Com Rj50 \/fanless\"}]},{\"@type\":\"WebSite\",\"@id\":\"https:\/\/compuviper.mx\/tienda\/#website\",\"url\":\"https:\/\/compuviper.mx\/tienda\/\",\"name\":\"Compuviper\",\"description\":\"Proveedor de Computadoras, Laptops, Servidores, Monitores, Puntos de Venta, Teclados,   Impresoras, T\u00f3ner, C\u00e1maras de Seguridad y m\u00e1s en tu tienda en l\u00ednea\",\"publisher\":{\"@id\":\"https:\/\/compuviper.mx\/tienda\/#organization\"},\"potentialAction\":[{\"@type\":\"SearchAction\",\"target\":{\"@type\":\"EntryPoint\",\"urlTemplate\":\"https:\/\/compuviper.mx\/tienda\/?s={search_term_string}\"},\"query-input\":\"required name=search_term_string\"}],\"inLanguage\":\"es-MX\"},{\"@type\":\"Organization\",\"@id\":\"https:\/\/compuviper.mx\/tienda\/#organization\",\"name\":\"Compuviper\",\"url\":\"https:\/\/compuviper.mx\/tienda\/\",\"logo\":{\"@type\":\"ImageObject\",\"inLanguage\":\"es-MX\",\"@id\":\"https:\/\/compuviper.mx\/tienda\/#\/schema\/logo\/image\/\",\"url\":\"https:\/\/compuviper.mx\/tienda\/wp-content\/uploads\/2021\/08\/Logo-Compuviper-10.png\",\"contentUrl\":\"https:\/\/compuviper.mx\/tienda\/wp-content\/uploads\/2021\/08\/Logo-Compuviper-10.png\",\"width\":1000,\"height\":500,\"caption\":\"Compuviper\"},\"image\":{\"@id\":\"https:\/\/compuviper.mx\/tienda\/#\/schema\/logo\/image\/\"},\"sameAs\":[\"https:\/\/www.facebook.com\/compuviper\",\"https:\/\/www.youtube.com\/channel\/UCf73dERp9Y3cfOq7q8BhLjA?view_as=subscriber\"]}]}<\/script>\n<meta property=\"product:brand\" content=\"Asus Oem\" \/>\n<meta property=\"product:price:amount\" content=\"10560\" \/>\n<meta property=\"product:price:currency\" content=\"MXN\" \/>\n<meta property=\"og:availability\" content=\"out of stock\" \/>\n<meta property=\"product:availability\" content=\"out of stock\" \/>\n<meta property=\"product:retailer_item_id\" content=\"PL64-S5-8-5GW6-TWVUU\" \/>\n<meta property=\"product:condition\" content=\"new\" \/>\n<!-- \/ Yoast SEO plugin. -->","yoast_head_json":{"title":"[ Asus Oem ] &#129351; Pl64-s5-8-5gw6-twvuu Mini Pc Industrial Asus Pl64 Core I5 1235u Hasta 4.4 Ghz \/10 Cores (2p+8e) \/8gb Ddr4 3200 \/512gb M.2 \/3x Hdmi 2.1 \/2x Lan \/2x Puerto Com Rj50 \/fanless","description":"Compra Pl64-s5-8-5gw6-twvuu Mini Pc Industrial Asus Pl64 Core I5 1235u Hasta 4.4 Ghz \/10 Cores (2p+8e) \/8gb Ddr4 3200 \/512gb M.2 \/3x Hdmi 2.1 \/2x Lan \/2x Puerto Com Rj50 \/fanless + Env\u00edo a domicilio + Pago seguro + Garant\u00eda","robots":{"index":"index","follow":"follow","max-snippet":"max-snippet:-1","max-image-preview":"max-image-preview:large","max-video-preview":"max-video-preview:-1"},"canonical":"https:\/\/compuviper.mx\/tienda\/producto\/asus-oem-pl64-s5-8-5gw6-twvuu-mini-pc-industrial-asus-pl64-core-i5-1235u-hasta-4-4-ghz-10-cores-2p8e-8gb-ddr4-3200-512gb-m-2-3x-hdmi-2-1-2x-lan-2x-puerto-com-rj50-fanless\/","og_locale":"es_MX","og_type":"article","og_title":"[ Asus Oem ] &#129351; Pl64-s5-8-5gw6-twvuu Mini Pc Industrial Asus Pl64 Core I5 1235u Hasta 4.4 Ghz \/10 Cores (2p+8e) \/8gb Ddr4 3200 \/512gb M.2 \/3x Hdmi 2.1 \/2x Lan \/2x Puerto Com Rj50 \/fanless","og_description":"Compra Pl64-s5-8-5gw6-twvuu Mini Pc Industrial Asus Pl64 Core I5 1235u Hasta 4.4 Ghz \/10 Cores (2p+8e) \/8gb Ddr4 3200 \/512gb M.2 \/3x Hdmi 2.1 \/2x Lan \/2x Puerto Com Rj50 \/fanless + Env\u00edo a domicilio + Pago seguro + Garant\u00eda","og_url":"https:\/\/compuviper.mx\/tienda\/producto\/asus-oem-pl64-s5-8-5gw6-twvuu-mini-pc-industrial-asus-pl64-core-i5-1235u-hasta-4-4-ghz-10-cores-2p8e-8gb-ddr4-3200-512gb-m-2-3x-hdmi-2-1-2x-lan-2x-puerto-com-rj50-fanless\/","og_site_name":"Compuviper","article_publisher":"https:\/\/www.facebook.com\/compuviper","twitter_card":"summary_large_image","twitter_misc":{"Precio":"&#36;10,560 con IVA","Availability":"Out of stock"},"schema":{"@context":"https:\/\/schema.org","@graph":[{"@type":"WebPage","@id":"https:\/\/compuviper.mx\/tienda\/producto\/asus-oem-pl64-s5-8-5gw6-twvuu-mini-pc-industrial-asus-pl64-core-i5-1235u-hasta-4-4-ghz-10-cores-2p8e-8gb-ddr4-3200-512gb-m-2-3x-hdmi-2-1-2x-lan-2x-puerto-com-rj50-fanless\/","url":"https:\/\/compuviper.mx\/tienda\/producto\/asus-oem-pl64-s5-8-5gw6-twvuu-mini-pc-industrial-asus-pl64-core-i5-1235u-hasta-4-4-ghz-10-cores-2p8e-8gb-ddr4-3200-512gb-m-2-3x-hdmi-2-1-2x-lan-2x-puerto-com-rj50-fanless\/","name":"[ Asus Oem ] &#129351; Pl64-s5-8-5gw6-twvuu Mini Pc Industrial Asus Pl64 Core I5 1235u Hasta 4.4 Ghz \/10 Cores (2p+8e) \/8gb Ddr4 3200 \/512gb M.2 \/3x Hdmi 2.1 \/2x Lan \/2x Puerto Com Rj50 \/fanless","isPartOf":{"@id":"https:\/\/compuviper.mx\/tienda\/#website"},"datePublished":"2026-05-13T07:32:01+00:00","dateModified":"2026-05-13T07:32:01+00:00","description":"Compra Pl64-s5-8-5gw6-twvuu Mini Pc Industrial Asus Pl64 Core I5 1235u Hasta 4.4 Ghz \/10 Cores (2p+8e) \/8gb Ddr4 3200 \/512gb M.2 \/3x Hdmi 2.1 \/2x Lan \/2x Puerto Com Rj50 \/fanless + Env\u00edo a domicilio + Pago seguro + Garant\u00eda","breadcrumb":{"@id":"https:\/\/compuviper.mx\/tienda\/producto\/asus-oem-pl64-s5-8-5gw6-twvuu-mini-pc-industrial-asus-pl64-core-i5-1235u-hasta-4-4-ghz-10-cores-2p8e-8gb-ddr4-3200-512gb-m-2-3x-hdmi-2-1-2x-lan-2x-puerto-com-rj50-fanless\/#breadcrumb"},"inLanguage":"es-MX","potentialAction":[{"@type":"ReadAction","target":["https:\/\/compuviper.mx\/tienda\/producto\/asus-oem-pl64-s5-8-5gw6-twvuu-mini-pc-industrial-asus-pl64-core-i5-1235u-hasta-4-4-ghz-10-cores-2p8e-8gb-ddr4-3200-512gb-m-2-3x-hdmi-2-1-2x-lan-2x-puerto-com-rj50-fanless\/"]}]},{"@type":"BreadcrumbList","@id":"https:\/\/compuviper.mx\/tienda\/producto\/asus-oem-pl64-s5-8-5gw6-twvuu-mini-pc-industrial-asus-pl64-core-i5-1235u-hasta-4-4-ghz-10-cores-2p8e-8gb-ddr4-3200-512gb-m-2-3x-hdmi-2-1-2x-lan-2x-puerto-com-rj50-fanless\/#breadcrumb","itemListElement":[{"@type":"ListItem","position":1,"name":"Inicio","item":"https:\/\/compuviper.mx\/tienda\/"},{"@type":"ListItem","position":2,"name":"Productos","item":"https:\/\/compuviper.mx\/tienda\/productos\/"},{"@type":"ListItem","position":3,"name":"Asus Oem Pl64-s5-8-5gw6-twvuu Mini Pc Industrial Asus Pl64 Core I5 1235u Hasta 4.4 Ghz \/10 Cores (2p+8e) \/8gb Ddr4 3200 \/512gb M.2 \/3x Hdmi 2.1 \/2x Lan \/2x Puerto Com Rj50 \/fanless"}]},{"@type":"WebSite","@id":"https:\/\/compuviper.mx\/tienda\/#website","url":"https:\/\/compuviper.mx\/tienda\/","name":"Compuviper","description":"Proveedor de Computadoras, Laptops, Servidores, Monitores, Puntos de Venta, Teclados,   Impresoras, T\u00f3ner, C\u00e1maras de Seguridad y m\u00e1s en tu tienda en l\u00ednea","publisher":{"@id":"https:\/\/compuviper.mx\/tienda\/#organization"},"potentialAction":[{"@type":"SearchAction","target":{"@type":"EntryPoint","urlTemplate":"https:\/\/compuviper.mx\/tienda\/?s={search_term_string}"},"query-input":"required name=search_term_string"}],"inLanguage":"es-MX"},{"@type":"Organization","@id":"https:\/\/compuviper.mx\/tienda\/#organization","name":"Compuviper","url":"https:\/\/compuviper.mx\/tienda\/","logo":{"@type":"ImageObject","inLanguage":"es-MX","@id":"https:\/\/compuviper.mx\/tienda\/#\/schema\/logo\/image\/","url":"https:\/\/compuviper.mx\/tienda\/wp-content\/uploads\/2021\/08\/Logo-Compuviper-10.png","contentUrl":"https:\/\/compuviper.mx\/tienda\/wp-content\/uploads\/2021\/08\/Logo-Compuviper-10.png","width":1000,"height":500,"caption":"Compuviper"},"image":{"@id":"https:\/\/compuviper.mx\/tienda\/#\/schema\/logo\/image\/"},"sameAs":["https:\/\/www.facebook.com\/compuviper","https:\/\/www.youtube.com\/channel\/UCf73dERp9Y3cfOq7q8BhLjA?view_as=subscriber"]}]},"product_brand":"Asus Oem","product_price_amount":"10560","product_price_currency":"MXN","og_availability":"out of stock","product_availability":"out of stock","product_retailer_item_id":"PL64-S5-8-5GW6-TWVUU","product_condition":"new"},"_links":{"self":[{"href":"https:\/\/compuviper.mx\/tienda\/wp-json\/wp\/v2\/product\/269632"}],"collection":[{"href":"https:\/\/compuviper.mx\/tienda\/wp-json\/wp\/v2\/product"}],"about":[{"href":"https:\/\/compuviper.mx\/tienda\/wp-json\/wp\/v2\/types\/product"}],"replies":[{"embeddable":true,"href":"https:\/\/compuviper.mx\/tienda\/wp-json\/wp\/v2\/comments?post=269632"}],"wp:attachment":[{"href":"https:\/\/compuviper.mx\/tienda\/wp-json\/wp\/v2\/media?parent=269632"}],"wp:term":[{"taxonomy":"product_cat","embeddable":true,"href":"https:\/\/compuviper.mx\/tienda\/wp-json\/wp\/v2\/product_cat?post=269632"},{"taxonomy":"product_tag","embeddable":true,"href":"https:\/\/compuviper.mx\/tienda\/wp-json\/wp\/v2\/product_tag?post=269632"}],"curies":[{"name":"wp","href":"https:\/\/api.w.org\/{rel}","templated":true}]}}