{"id":269630,"date":"2026-05-13T01:30:04","date_gmt":"2026-05-13T07:30:04","guid":{"rendered":"https:\/\/compuviper.mx\/tienda\/producto\/ecs-95-696-mh2258471140957190495-696-mh2258-mini-pc-liva-z2-intel-n4020-soc-4gb-128gb-usb-hdmi-1mdp-wifi-bluetooth-windows11pro\/"},"modified":"2026-05-13T01:30:04","modified_gmt":"2026-05-13T07:30:04","slug":"ecs-95-696-mh2258471140957190495-696-mh2258-mini-pc-liva-z2-intel-n4020-soc-4gb-128gb-usb-hdmi-1mdp-wifi-bluetooth-windows11pro","status":"publish","type":"product","link":"https:\/\/compuviper.mx\/tienda\/producto\/ecs-95-696-mh2258471140957190495-696-mh2258-mini-pc-liva-z2-intel-n4020-soc-4gb-128gb-usb-hdmi-1mdp-wifi-bluetooth-windows11pro\/","title":{"rendered":"Ecs 95-696-mh2258,4711409571904,95-696-mh2258 Mini Pc  Liva Z2 Intel N4020 Soc\/4gb \/128gb\/ Usb\/ Hdmi\/ 1mdp \/ Wifi \/bluetooth \/ Windows11pro"},"content":{"rendered":"<table class=\"descripcion\">\n<tr>\n<td>\u0095 plataforma<\/td>\n<\/tr>\n<tr>\n<td>Procesador intel\u00ae pentium\u00ae n5030<\/td>\n<\/tr>\n<tr>\n<td>Soc intel\u00ae celeron\u00ae n4120<\/td>\n<\/tr>\n<tr>\n<td>Soc intel\u00ae celeron\u00ae n4020<\/td>\n<\/tr>\n<tr>\n<td>\u0095 memoria<\/td>\n<\/tr>\n<tr>\n<td>2 x memoria so-dimm<\/td>\n<\/tr>\n<tr>\n<td>Ddr4 hasta 8 gb<\/td>\n<\/tr>\n<tr>\n<td>\u0095 dispositivos de almacenamiento<\/td>\n<\/tr>\n<tr>\n<td>Admite 1 emmc de 32 gb\/64 gb<\/td>\n<\/tr>\n<tr>\n<td>Admite 1 disco duro de 2,5\u0094<\/td>\n<\/tr>\n<tr>\n<td>\u0095 audio<\/td>\n<\/tr>\n<tr>\n<td>1 x conector combinado<\/td>\n<\/tr>\n<tr>\n<td>1 x micr\u00f3fono digital<\/td>\n<\/tr>\n<tr>\n<td>\u0095 redes<\/td>\n<\/tr>\n<tr>\n<td>1 x lan ethernet gigabyte<\/td>\n<\/tr>\n<tr>\n<td>\u0095 usb<\/td>\n<\/tr>\n<tr>\n<td>3 puertos usb 3.1 gen1 tipo a<\/td>\n<\/tr>\n<tr>\n<td>1 puerto usb 3.1 gen1 tipo c<\/td>\n<\/tr>\n<tr>\n<td>2 puertos usb 2.0<\/td>\n<\/tr>\n<tr>\n<td>\u0095 salida\/entrada de v\u00eddeo<\/td>\n<\/tr>\n<tr>\n<td>1 puerto hdmi\u0099<\/td>\n<\/tr>\n<tr>\n<td>1 puerto hdmi\u0099<\/td>\n<\/tr>\n<tr>\n<td>\u0095 inal\u00e1mbrico<\/td>\n<\/tr>\n<tr>\n<td>Intel\u00ae wifi 802.11ac<\/td>\n<\/tr>\n<tr>\n<td>\u0095 fuerza<\/td>\n<\/tr>\n<tr>\n<td>Entrada: ca 100-240 v, salida: cc 19 v\/3,42 a<\/td>\n<\/tr>\n<tr>\n<td>\u0095 montaje vesa<\/td>\n<\/tr>\n<tr>\n<td>Admite 75 mm \/ 100 mm<\/td>\n<\/tr>\n<tr>\n<td>\u0095 dimensiones (mm)<\/td>\n<\/tr>\n<tr>\n<td>132 x 118 x 56,4 mm<\/td>\n<\/tr>\n<tr>\n<td>\u0095 compatibilidad con sistemas operativos<\/td>\n<\/tr>\n<tr>\n<td>Windows 10 y windows 11<\/td>\n<\/tr>\n<tr>\n<td>*se recomienda instalar windows, ecs no proporciona soporte t\u00e9cnico para la instalaci\u00f3n de otros sistemas operativos.<\/td>\n<\/tr>\n<tr>\n<td>\u0095 accesorio<\/td>\n<\/tr>\n<tr>\n<td>1 x adaptador de corriente<\/td>\n<\/tr>\n<tr>\n<td>1 x soporte vesa<\/td>\n<\/tr>\n<tr>\n<td>6 tornillos de montaje vesa<\/td>\n<\/tr>\n<tr>\n<td>2 tornillos para hdd (opcional)<\/td>\n<\/tr>\n<tr>\n<td>Gu\u00eda r\u00e1pida<\/td>\n<\/tr>\n<\/table>\n","protected":false},"excerpt":{"rendered":"<p>\u0095 plataforma Procesador intel\u00ae pentium\u00ae n5030 Soc intel\u00ae celeron\u00ae n4120 Soc intel\u00ae celeron\u00ae n4020 \u0095 memoria 2 x memoria so-dimm Ddr4 hasta 8 gb \u0095 dispositivos de almacenamiento Admite 1 emmc de 32 gb\/64 gb Admite 1 disco duro de 2,5\u0094 \u0095 audio 1 x conector combinado 1 x micr\u00f3fono digital \u0095 redes 1 x [&hellip;]<\/p>\n","protected":false},"featured_media":269631,"comment_status":"open","ping_status":"open","template":"","meta":[],"product_cat":[1971,1978],"product_tag":[1733],"acf":[],"yoast_head":"<!-- This site is optimized with the Yoast SEO plugin v21.7 - https:\/\/yoast.com\/wordpress\/plugins\/seo\/ -->\n<title>[ Ecs ] &#129351; 95-696-mh2258,4711409571904,95-696-mh2258 Mini Pc Liva Z2 Intel N4020 Soc\/4gb \/128gb\/ Usb\/ Hdmi\/ 1mdp \/ Wifi \/bluetooth \/ Windows11pro<\/title>\n<meta name=\"description\" content=\"Compra 95-696-mh2258,4711409571904,95-696-mh2258 Mini Pc Liva Z2 Intel N4020 Soc\/4gb \/128gb\/ Usb\/ Hdmi\/ 1mdp \/ Wifi \/bluetooth \/ Windows11pro + Env\u00edo a domicilio + Pago seguro + Garant\u00eda\" \/>\n<meta name=\"robots\" content=\"index, follow, max-snippet:-1, max-image-preview:large, max-video-preview:-1\" \/>\n<link rel=\"canonical\" href=\"https:\/\/compuviper.mx\/tienda\/producto\/ecs-95-696-mh2258471140957190495-696-mh2258-mini-pc-liva-z2-intel-n4020-soc-4gb-128gb-usb-hdmi-1mdp-wifi-bluetooth-windows11pro\/\" \/>\n<meta property=\"og:locale\" content=\"es_MX\" \/>\n<meta property=\"og:type\" content=\"article\" \/>\n<meta property=\"og:title\" content=\"[ Ecs ] &#129351; 95-696-mh2258,4711409571904,95-696-mh2258 Mini Pc Liva Z2 Intel N4020 Soc\/4gb \/128gb\/ Usb\/ Hdmi\/ 1mdp \/ Wifi \/bluetooth \/ Windows11pro\" \/>\n<meta property=\"og:description\" content=\"Compra 95-696-mh2258,4711409571904,95-696-mh2258 Mini Pc Liva Z2 Intel N4020 Soc\/4gb \/128gb\/ Usb\/ Hdmi\/ 1mdp \/ Wifi \/bluetooth \/ Windows11pro + Env\u00edo a domicilio + Pago seguro + Garant\u00eda\" \/>\n<meta property=\"og:url\" content=\"https:\/\/compuviper.mx\/tienda\/producto\/ecs-95-696-mh2258471140957190495-696-mh2258-mini-pc-liva-z2-intel-n4020-soc-4gb-128gb-usb-hdmi-1mdp-wifi-bluetooth-windows11pro\/\" \/>\n<meta property=\"og:site_name\" content=\"Compuviper\" \/>\n<meta property=\"article:publisher\" content=\"https:\/\/www.facebook.com\/compuviper\" \/>\n<meta property=\"og:image\" content=\"https:\/\/compuviper.mx\/tienda\/wp-content\/uploads\/2026\/05\/Mini-pc-ecs-liva-z2-intel-n4020-soc4gb-128gb-usb-hdmi-1mdp-wifi-bluetooth-windows11pro.jpg\" \/>\n\t<meta property=\"og:image:width\" content=\"200\" \/>\n\t<meta property=\"og:image:height\" content=\"200\" \/>\n\t<meta property=\"og:image:type\" content=\"image\/jpeg\" \/>\n<meta name=\"twitter:card\" content=\"summary_large_image\" \/>\n<meta name=\"twitter:label1\" content=\"Precio\" \/>\n\t<meta name=\"twitter:data1\" content=\"&#36;2,465 con IVA\" \/>\n\t<meta name=\"twitter:label2\" content=\"Availability\" \/>\n\t<meta name=\"twitter:data2\" content=\"Out of stock\" \/>\n<script type=\"application\/ld+json\" class=\"yoast-schema-graph\">{\"@context\":\"https:\/\/schema.org\",\"@graph\":[{\"@type\":\"WebPage\",\"@id\":\"https:\/\/compuviper.mx\/tienda\/producto\/ecs-95-696-mh2258471140957190495-696-mh2258-mini-pc-liva-z2-intel-n4020-soc-4gb-128gb-usb-hdmi-1mdp-wifi-bluetooth-windows11pro\/\",\"url\":\"https:\/\/compuviper.mx\/tienda\/producto\/ecs-95-696-mh2258471140957190495-696-mh2258-mini-pc-liva-z2-intel-n4020-soc-4gb-128gb-usb-hdmi-1mdp-wifi-bluetooth-windows11pro\/\",\"name\":\"[ Ecs ] &#129351; 95-696-mh2258,4711409571904,95-696-mh2258 Mini Pc Liva Z2 Intel N4020 Soc\/4gb \/128gb\/ Usb\/ Hdmi\/ 1mdp \/ Wifi \/bluetooth \/ Windows11pro\",\"isPartOf\":{\"@id\":\"https:\/\/compuviper.mx\/tienda\/#website\"},\"datePublished\":\"2026-05-13T07:30:04+00:00\",\"dateModified\":\"2026-05-13T07:30:04+00:00\",\"description\":\"Compra 95-696-mh2258,4711409571904,95-696-mh2258 Mini Pc Liva Z2 Intel N4020 Soc\/4gb \/128gb\/ Usb\/ Hdmi\/ 1mdp \/ Wifi \/bluetooth \/ Windows11pro + Env\u00edo a domicilio + Pago seguro + Garant\u00eda\",\"breadcrumb\":{\"@id\":\"https:\/\/compuviper.mx\/tienda\/producto\/ecs-95-696-mh2258471140957190495-696-mh2258-mini-pc-liva-z2-intel-n4020-soc-4gb-128gb-usb-hdmi-1mdp-wifi-bluetooth-windows11pro\/#breadcrumb\"},\"inLanguage\":\"es-MX\",\"potentialAction\":[{\"@type\":\"ReadAction\",\"target\":[\"https:\/\/compuviper.mx\/tienda\/producto\/ecs-95-696-mh2258471140957190495-696-mh2258-mini-pc-liva-z2-intel-n4020-soc-4gb-128gb-usb-hdmi-1mdp-wifi-bluetooth-windows11pro\/\"]}]},{\"@type\":\"BreadcrumbList\",\"@id\":\"https:\/\/compuviper.mx\/tienda\/producto\/ecs-95-696-mh2258471140957190495-696-mh2258-mini-pc-liva-z2-intel-n4020-soc-4gb-128gb-usb-hdmi-1mdp-wifi-bluetooth-windows11pro\/#breadcrumb\",\"itemListElement\":[{\"@type\":\"ListItem\",\"position\":1,\"name\":\"Inicio\",\"item\":\"https:\/\/compuviper.mx\/tienda\/\"},{\"@type\":\"ListItem\",\"position\":2,\"name\":\"Productos\",\"item\":\"https:\/\/compuviper.mx\/tienda\/productos\/\"},{\"@type\":\"ListItem\",\"position\":3,\"name\":\"Ecs 95-696-mh2258,4711409571904,95-696-mh2258 Mini Pc Liva Z2 Intel N4020 Soc\/4gb \/128gb\/ Usb\/ Hdmi\/ 1mdp \/ Wifi \/bluetooth \/ Windows11pro\"}]},{\"@type\":\"WebSite\",\"@id\":\"https:\/\/compuviper.mx\/tienda\/#website\",\"url\":\"https:\/\/compuviper.mx\/tienda\/\",\"name\":\"Compuviper\",\"description\":\"Proveedor de Computadoras, Laptops, Servidores, Monitores, Puntos de Venta, Teclados,   Impresoras, T\u00f3ner, C\u00e1maras de Seguridad y m\u00e1s en tu tienda en l\u00ednea\",\"publisher\":{\"@id\":\"https:\/\/compuviper.mx\/tienda\/#organization\"},\"potentialAction\":[{\"@type\":\"SearchAction\",\"target\":{\"@type\":\"EntryPoint\",\"urlTemplate\":\"https:\/\/compuviper.mx\/tienda\/?s={search_term_string}\"},\"query-input\":\"required name=search_term_string\"}],\"inLanguage\":\"es-MX\"},{\"@type\":\"Organization\",\"@id\":\"https:\/\/compuviper.mx\/tienda\/#organization\",\"name\":\"Compuviper\",\"url\":\"https:\/\/compuviper.mx\/tienda\/\",\"logo\":{\"@type\":\"ImageObject\",\"inLanguage\":\"es-MX\",\"@id\":\"https:\/\/compuviper.mx\/tienda\/#\/schema\/logo\/image\/\",\"url\":\"https:\/\/compuviper.mx\/tienda\/wp-content\/uploads\/2021\/08\/Logo-Compuviper-10.png\",\"contentUrl\":\"https:\/\/compuviper.mx\/tienda\/wp-content\/uploads\/2021\/08\/Logo-Compuviper-10.png\",\"width\":1000,\"height\":500,\"caption\":\"Compuviper\"},\"image\":{\"@id\":\"https:\/\/compuviper.mx\/tienda\/#\/schema\/logo\/image\/\"},\"sameAs\":[\"https:\/\/www.facebook.com\/compuviper\",\"https:\/\/www.youtube.com\/channel\/UCf73dERp9Y3cfOq7q8BhLjA?view_as=subscriber\"]}]}<\/script>\n<meta property=\"product:brand\" content=\"ECS\" \/>\n<meta property=\"product:price:amount\" content=\"2465\" \/>\n<meta property=\"product:price:currency\" content=\"MXN\" \/>\n<meta property=\"og:availability\" content=\"out of stock\" \/>\n<meta property=\"product:availability\" content=\"out of stock\" \/>\n<meta property=\"product:retailer_item_id\" content=\"95-696-MH2258,4711409571904,95-696-MH2258\" \/>\n<meta property=\"product:condition\" content=\"new\" \/>\n<!-- \/ Yoast SEO plugin. -->","yoast_head_json":{"title":"[ Ecs ] &#129351; 95-696-mh2258,4711409571904,95-696-mh2258 Mini Pc Liva Z2 Intel N4020 Soc\/4gb \/128gb\/ Usb\/ Hdmi\/ 1mdp \/ Wifi \/bluetooth \/ Windows11pro","description":"Compra 95-696-mh2258,4711409571904,95-696-mh2258 Mini Pc Liva Z2 Intel N4020 Soc\/4gb \/128gb\/ Usb\/ Hdmi\/ 1mdp \/ Wifi \/bluetooth \/ Windows11pro + Env\u00edo a domicilio + Pago seguro + Garant\u00eda","robots":{"index":"index","follow":"follow","max-snippet":"max-snippet:-1","max-image-preview":"max-image-preview:large","max-video-preview":"max-video-preview:-1"},"canonical":"https:\/\/compuviper.mx\/tienda\/producto\/ecs-95-696-mh2258471140957190495-696-mh2258-mini-pc-liva-z2-intel-n4020-soc-4gb-128gb-usb-hdmi-1mdp-wifi-bluetooth-windows11pro\/","og_locale":"es_MX","og_type":"article","og_title":"[ Ecs ] &#129351; 95-696-mh2258,4711409571904,95-696-mh2258 Mini Pc Liva Z2 Intel N4020 Soc\/4gb \/128gb\/ Usb\/ Hdmi\/ 1mdp \/ Wifi \/bluetooth \/ Windows11pro","og_description":"Compra 95-696-mh2258,4711409571904,95-696-mh2258 Mini Pc Liva Z2 Intel N4020 Soc\/4gb \/128gb\/ Usb\/ Hdmi\/ 1mdp \/ Wifi \/bluetooth \/ Windows11pro + Env\u00edo a domicilio + Pago seguro + Garant\u00eda","og_url":"https:\/\/compuviper.mx\/tienda\/producto\/ecs-95-696-mh2258471140957190495-696-mh2258-mini-pc-liva-z2-intel-n4020-soc-4gb-128gb-usb-hdmi-1mdp-wifi-bluetooth-windows11pro\/","og_site_name":"Compuviper","article_publisher":"https:\/\/www.facebook.com\/compuviper","og_image":[{"width":200,"height":200,"url":"https:\/\/compuviper.mx\/tienda\/wp-content\/uploads\/2026\/05\/Mini-pc-ecs-liva-z2-intel-n4020-soc4gb-128gb-usb-hdmi-1mdp-wifi-bluetooth-windows11pro.jpg","type":"image\/jpeg"}],"twitter_card":"summary_large_image","twitter_misc":{"Precio":"&#36;2,465 con IVA","Availability":"Out of stock"},"schema":{"@context":"https:\/\/schema.org","@graph":[{"@type":"WebPage","@id":"https:\/\/compuviper.mx\/tienda\/producto\/ecs-95-696-mh2258471140957190495-696-mh2258-mini-pc-liva-z2-intel-n4020-soc-4gb-128gb-usb-hdmi-1mdp-wifi-bluetooth-windows11pro\/","url":"https:\/\/compuviper.mx\/tienda\/producto\/ecs-95-696-mh2258471140957190495-696-mh2258-mini-pc-liva-z2-intel-n4020-soc-4gb-128gb-usb-hdmi-1mdp-wifi-bluetooth-windows11pro\/","name":"[ Ecs ] &#129351; 95-696-mh2258,4711409571904,95-696-mh2258 Mini Pc Liva Z2 Intel N4020 Soc\/4gb \/128gb\/ Usb\/ Hdmi\/ 1mdp \/ Wifi \/bluetooth \/ Windows11pro","isPartOf":{"@id":"https:\/\/compuviper.mx\/tienda\/#website"},"datePublished":"2026-05-13T07:30:04+00:00","dateModified":"2026-05-13T07:30:04+00:00","description":"Compra 95-696-mh2258,4711409571904,95-696-mh2258 Mini Pc Liva Z2 Intel N4020 Soc\/4gb \/128gb\/ Usb\/ Hdmi\/ 1mdp \/ Wifi \/bluetooth \/ Windows11pro + Env\u00edo a domicilio + Pago seguro + Garant\u00eda","breadcrumb":{"@id":"https:\/\/compuviper.mx\/tienda\/producto\/ecs-95-696-mh2258471140957190495-696-mh2258-mini-pc-liva-z2-intel-n4020-soc-4gb-128gb-usb-hdmi-1mdp-wifi-bluetooth-windows11pro\/#breadcrumb"},"inLanguage":"es-MX","potentialAction":[{"@type":"ReadAction","target":["https:\/\/compuviper.mx\/tienda\/producto\/ecs-95-696-mh2258471140957190495-696-mh2258-mini-pc-liva-z2-intel-n4020-soc-4gb-128gb-usb-hdmi-1mdp-wifi-bluetooth-windows11pro\/"]}]},{"@type":"BreadcrumbList","@id":"https:\/\/compuviper.mx\/tienda\/producto\/ecs-95-696-mh2258471140957190495-696-mh2258-mini-pc-liva-z2-intel-n4020-soc-4gb-128gb-usb-hdmi-1mdp-wifi-bluetooth-windows11pro\/#breadcrumb","itemListElement":[{"@type":"ListItem","position":1,"name":"Inicio","item":"https:\/\/compuviper.mx\/tienda\/"},{"@type":"ListItem","position":2,"name":"Productos","item":"https:\/\/compuviper.mx\/tienda\/productos\/"},{"@type":"ListItem","position":3,"name":"Ecs 95-696-mh2258,4711409571904,95-696-mh2258 Mini Pc Liva Z2 Intel N4020 Soc\/4gb \/128gb\/ Usb\/ Hdmi\/ 1mdp \/ Wifi \/bluetooth \/ Windows11pro"}]},{"@type":"WebSite","@id":"https:\/\/compuviper.mx\/tienda\/#website","url":"https:\/\/compuviper.mx\/tienda\/","name":"Compuviper","description":"Proveedor de Computadoras, Laptops, Servidores, Monitores, Puntos de Venta, Teclados,   Impresoras, T\u00f3ner, C\u00e1maras de Seguridad y m\u00e1s en tu tienda en l\u00ednea","publisher":{"@id":"https:\/\/compuviper.mx\/tienda\/#organization"},"potentialAction":[{"@type":"SearchAction","target":{"@type":"EntryPoint","urlTemplate":"https:\/\/compuviper.mx\/tienda\/?s={search_term_string}"},"query-input":"required name=search_term_string"}],"inLanguage":"es-MX"},{"@type":"Organization","@id":"https:\/\/compuviper.mx\/tienda\/#organization","name":"Compuviper","url":"https:\/\/compuviper.mx\/tienda\/","logo":{"@type":"ImageObject","inLanguage":"es-MX","@id":"https:\/\/compuviper.mx\/tienda\/#\/schema\/logo\/image\/","url":"https:\/\/compuviper.mx\/tienda\/wp-content\/uploads\/2021\/08\/Logo-Compuviper-10.png","contentUrl":"https:\/\/compuviper.mx\/tienda\/wp-content\/uploads\/2021\/08\/Logo-Compuviper-10.png","width":1000,"height":500,"caption":"Compuviper"},"image":{"@id":"https:\/\/compuviper.mx\/tienda\/#\/schema\/logo\/image\/"},"sameAs":["https:\/\/www.facebook.com\/compuviper","https:\/\/www.youtube.com\/channel\/UCf73dERp9Y3cfOq7q8BhLjA?view_as=subscriber"]}]},"product_brand":"ECS","product_price_amount":"2465","product_price_currency":"MXN","og_availability":"out of stock","product_availability":"out of stock","product_retailer_item_id":"95-696-MH2258,4711409571904,95-696-MH2258","product_condition":"new"},"_links":{"self":[{"href":"https:\/\/compuviper.mx\/tienda\/wp-json\/wp\/v2\/product\/269630"}],"collection":[{"href":"https:\/\/compuviper.mx\/tienda\/wp-json\/wp\/v2\/product"}],"about":[{"href":"https:\/\/compuviper.mx\/tienda\/wp-json\/wp\/v2\/types\/product"}],"replies":[{"embeddable":true,"href":"https:\/\/compuviper.mx\/tienda\/wp-json\/wp\/v2\/comments?post=269630"}],"wp:featuredmedia":[{"embeddable":true,"href":"https:\/\/compuviper.mx\/tienda\/wp-json\/wp\/v2\/media\/269631"}],"wp:attachment":[{"href":"https:\/\/compuviper.mx\/tienda\/wp-json\/wp\/v2\/media?parent=269630"}],"wp:term":[{"taxonomy":"product_cat","embeddable":true,"href":"https:\/\/compuviper.mx\/tienda\/wp-json\/wp\/v2\/product_cat?post=269630"},{"taxonomy":"product_tag","embeddable":true,"href":"https:\/\/compuviper.mx\/tienda\/wp-json\/wp\/v2\/product_tag?post=269630"}],"curies":[{"name":"wp","href":"https:\/\/api.w.org\/{rel}","templated":true}]}}