{"id":269624,"date":"2026-05-16T00:51:20","date_gmt":"2026-05-16T06:51:20","guid":{"rendered":"https:\/\/compuviper.mx\/tienda\/producto\/ecs-pro600am54711064009538-mb-cpu-integrado-amd-pro600-amd5-2x-dimm-ddr5-5200-hdmi-4xusb-3-2-gama-media\/"},"modified":"2026-05-16T00:51:20","modified_gmt":"2026-05-16T06:51:20","slug":"ecs-pro600am5pro600am5-m5-mb-cpu-integrado-amd-pro600-amd5-2x-dimm-ddr5-5200-hdmi-4xusb-3-2-gama-media","status":"publish","type":"product","link":"https:\/\/compuviper.mx\/tienda\/producto\/ecs-pro600am5pro600am5-m5-mb-cpu-integrado-amd-pro600-amd5-2x-dimm-ddr5-5200-hdmi-4xusb-3-2-gama-media\/","title":{"rendered":"Ecs Pro600am5,pro600am5-m5 Mb  Cpu Integrado Amd Pro600 Amd5\/2x Dimm Ddr5 5200\/hdmi\/4xusb 3.2 \/gama Media"},"content":{"rendered":"<table class=\"descripcion\">\n<tr>\n<td>Upc: compatible con el socket amd am5 para procesadores amd ryzen\u0099.<\/td>\n<\/tr>\n<tr>\n<td>Dise\u00f1o de capacitor 100% s\u00f3lido<\/td>\n<\/tr>\n<tr>\n<td>Chipset: amd \u00ae pro600<\/td>\n<\/tr>\n<tr>\n<td>Memoria: arquitectura de memoria ddr5<\/td>\n<\/tr>\n<tr>\n<td>Soporta ddr5 5200 memoria(s) no ecc, sdram sin buffer<\/td>\n<\/tr>\n<tr>\n<td>Z\u00f3calo dimm ddr5 de 2 x 288 pines<\/td>\n<\/tr>\n<tr>\n<td>Ranura de expansi\u00f3n: 1 ranura(s) pci express x16 gen 4.0<\/td>\n<\/tr>\n<tr>\n<td>1 ranura(s) pci express x1 gen 3.0<\/td>\n<\/tr>\n<tr>\n<td>1 ranura m.2 para ssd<\/td>\n<\/tr>\n<tr>\n<td> and #8735; para ssd pci-e x 4 2280<\/td>\n<\/tr>\n<tr>\n<td>1 x ranura m.2 para wlan<\/td>\n<\/tr>\n<tr>\n<td>Almacenamiento:compatible con conjunto de chips express amd pro600<\/td>\n<\/tr>\n<tr>\n<td>2 puertos serie ataiii 6 gb\/s<\/td>\n<\/tr>\n<tr>\n<td>Audio: c\u00f3dec de audio hd de 6 canales<\/td>\n<\/tr>\n<tr>\n<td>C\u00f3dec de audio hd de 6 canales realtek alc897<\/td>\n<\/tr>\n<tr>\n<td>C\u00f3dec de audio amp anpec 2609<\/td>\n<\/tr>\n<tr>\n<td>Y controlador gigabit fast ethernet rtl8111h<\/td>\n<\/tr>\n<tr>\n<td>Usb: 2 puertos usb 3.2 gen 2&#215;1 de hasta 10 gb\/s<\/td>\n<\/tr>\n<tr>\n<td>Panel trasero con 2 puertos.<\/td>\n<\/tr>\n<tr>\n<td>2 puertos usb 3.2 gen 1&#215;1 de hasta 5 gb\/s<\/td>\n<\/tr>\n<tr>\n<td>4 puertos usb 2.0 de hasta 480 mb\/s<\/td>\n<\/tr>\n<tr>\n<td> panel trasero con 2 puertos.<\/td>\n<\/tr>\n<tr>\n<td>E\/s del panel trasero: 1 conector de teclado y rat\u00f3n para ps\/2<\/td>\n<\/tr>\n<tr>\n<td>1 puerto de audio (salida de l\u00ednea\/entrada de l\u00ednea\/entrada de micr\u00f3fono)<\/td>\n<\/tr>\n<tr>\n<td>1 puerto(s) rj-45<\/td>\n<\/tr>\n<tr>\n<td>1 puerto(s) hdmi\u0099<\/td>\n<\/tr>\n<tr>\n<td>1 puerto(s) d-sub (vga)<\/td>\n<\/tr>\n<tr>\n<td>1 puerto(s) displayport<\/td>\n<\/tr>\n<tr>\n<td>1 puerto usb 3.2 gen 2&#215;1 tipo c<\/td>\n<\/tr>\n<tr>\n<td>1 puerto usb 3.2 gen 2&#215;1 tipo a<\/td>\n<\/tr>\n<tr>\n<td>2 puertos usb 2.0<\/td>\n<\/tr>\n<tr>\n<td>Conectores y cabezales:<\/td>\n<\/tr>\n<tr>\n<td>1 conector de fuente de alimentaci\u00f3n atx de 24 contactos<\/td>\n<\/tr>\n<tr>\n<td>1 conector de alimentaci\u00f3n de 12 v atx de 8 contactos<\/td>\n<\/tr>\n<tr>\n<td>1 conector cpu_fan de 4 contactos<\/td>\n<\/tr>\n<tr>\n<td>1 conector sys_fan de 4 contactos<\/td>\n<\/tr>\n<tr>\n<td>1 cabezal de micr\u00f3fono\/salida de altavoz del panel frontal<\/td>\n<\/tr>\n<tr>\n<td>1 cabezal de audio del panel frontal<\/td>\n<\/tr>\n<tr>\n<td>1 cabezal de altavoz<\/td>\n<\/tr>\n<tr>\n<td>1 conector usb 3.2 gen 1&#215;1<\/td>\n<\/tr>\n<tr>\n<td> and #8735; admite 2 puertos usb adicionales<\/td>\n<\/tr>\n<tr>\n<td>1 conector usb 2.0<\/td>\n<\/tr>\n<tr>\n<td> and #8735; admite 2 puertos usb adicionales<\/td>\n<\/tr>\n<tr>\n<td>2 conector(es) sata iii 6 gb\/s<\/td>\n<\/tr>\n<tr>\n<td>2 cabezal(es) de puerto serie (com)<\/td>\n<\/tr>\n<tr>\n<td> and #8735; admite 2 puertos serie (com) adicionales.<\/td>\n<\/tr>\n<tr>\n<td>1 cabezal de puerto paralelo (lpt)<\/td>\n<\/tr>\n<tr>\n<td>1 circuito integrado tpm 2.0 integrado<\/td>\n<\/tr>\n<tr>\n<td>1 x encabezado de apertura de la caja<\/td>\n<\/tr>\n<tr>\n<td>Bios del sistema:bios ami con rom flash spi de 256 mb<\/td>\n<\/tr>\n<tr>\n<td>Pantalla triple<\/td>\n<\/tr>\n<tr>\n<td>Factor de forma: factor de forma mach<\/td>\n<\/tr>\n<tr>\n<td>225*205<\/td>\n<\/tr>\n<tr>\n<td>Os soportado: windows 11 de 64 bits<\/td>\n<\/tr>\n<\/table>\n","protected":false},"excerpt":{"rendered":"<p>Equipada con el socket am5, esta tarjeta madre est\u00e1 lista para albergar los potentes procesadores amd ryzen series 7000, 8000 y 9000. Su arquitectura est\u00e1 optimizada para ofrecer un flujo de energ\u00eda constante y seguro, permitiendo que tu sistema trabaje a plena carga con total fiabilidad.<\/p>\n","protected":false},"featured_media":0,"comment_status":"open","ping_status":"open","template":"","meta":[],"product_cat":[2240,1727],"product_tag":[1733],"acf":[],"yoast_head":"<!-- This site is optimized with the Yoast SEO plugin v21.7 - https:\/\/yoast.com\/wordpress\/plugins\/seo\/ -->\n<title>[ Ecs ] &#129351; Pro600am5,pro600am5-m5 Mb Cpu Integrado Amd Pro600 Amd5\/2x Dimm Ddr5 5200\/hdmi\/4xusb 3.2 \/gama Media<\/title>\n<meta name=\"description\" content=\"Compra Pro600am5,pro600am5-m5 Mb Cpu Integrado Amd Pro600 Amd5\/2x Dimm Ddr5 5200\/hdmi\/4xusb 3.2 \/gama Media + Env\u00edo a domicilio + Pago seguro + Garant\u00eda\" \/>\n<meta name=\"robots\" content=\"index, follow, max-snippet:-1, max-image-preview:large, max-video-preview:-1\" \/>\n<link rel=\"canonical\" href=\"https:\/\/compuviper.mx\/tienda\/producto\/ecs-pro600am5pro600am5-m5-mb-cpu-integrado-amd-pro600-amd5-2x-dimm-ddr5-5200-hdmi-4xusb-3-2-gama-media\/\" \/>\n<meta property=\"og:locale\" content=\"es_MX\" \/>\n<meta property=\"og:type\" content=\"article\" \/>\n<meta property=\"og:title\" content=\"[ Ecs ] &#129351; Pro600am5,pro600am5-m5 Mb Cpu Integrado Amd Pro600 Amd5\/2x Dimm Ddr5 5200\/hdmi\/4xusb 3.2 \/gama Media\" \/>\n<meta property=\"og:description\" content=\"Compra Pro600am5,pro600am5-m5 Mb Cpu Integrado Amd Pro600 Amd5\/2x Dimm Ddr5 5200\/hdmi\/4xusb 3.2 \/gama Media + Env\u00edo a domicilio + Pago seguro + Garant\u00eda\" \/>\n<meta property=\"og:url\" content=\"https:\/\/compuviper.mx\/tienda\/producto\/ecs-pro600am5pro600am5-m5-mb-cpu-integrado-amd-pro600-amd5-2x-dimm-ddr5-5200-hdmi-4xusb-3-2-gama-media\/\" \/>\n<meta property=\"og:site_name\" content=\"Compuviper\" \/>\n<meta property=\"article:publisher\" content=\"https:\/\/www.facebook.com\/compuviper\" \/>\n<meta name=\"twitter:card\" content=\"summary_large_image\" \/>\n<meta name=\"twitter:label1\" content=\"Precio\" \/>\n\t<meta name=\"twitter:data1\" content=\"&#36;1,275 con IVA\" \/>\n\t<meta name=\"twitter:label2\" content=\"Availability\" \/>\n\t<meta name=\"twitter:data2\" content=\"In stock\" \/>\n<script type=\"application\/ld+json\" class=\"yoast-schema-graph\">{\"@context\":\"https:\/\/schema.org\",\"@graph\":[{\"@type\":\"WebPage\",\"@id\":\"https:\/\/compuviper.mx\/tienda\/producto\/ecs-pro600am5pro600am5-m5-mb-cpu-integrado-amd-pro600-amd5-2x-dimm-ddr5-5200-hdmi-4xusb-3-2-gama-media\/\",\"url\":\"https:\/\/compuviper.mx\/tienda\/producto\/ecs-pro600am5pro600am5-m5-mb-cpu-integrado-amd-pro600-amd5-2x-dimm-ddr5-5200-hdmi-4xusb-3-2-gama-media\/\",\"name\":\"[ Ecs ] &#129351; Pro600am5,pro600am5-m5 Mb Cpu Integrado Amd Pro600 Amd5\/2x Dimm Ddr5 5200\/hdmi\/4xusb 3.2 \/gama Media\",\"isPartOf\":{\"@id\":\"https:\/\/compuviper.mx\/tienda\/#website\"},\"datePublished\":\"2026-05-16T06:51:20+00:00\",\"dateModified\":\"2026-05-16T06:51:20+00:00\",\"description\":\"Compra Pro600am5,pro600am5-m5 Mb Cpu Integrado Amd Pro600 Amd5\/2x Dimm Ddr5 5200\/hdmi\/4xusb 3.2 \/gama Media + Env\u00edo a domicilio + Pago seguro + Garant\u00eda\",\"breadcrumb\":{\"@id\":\"https:\/\/compuviper.mx\/tienda\/producto\/ecs-pro600am5pro600am5-m5-mb-cpu-integrado-amd-pro600-amd5-2x-dimm-ddr5-5200-hdmi-4xusb-3-2-gama-media\/#breadcrumb\"},\"inLanguage\":\"es-MX\",\"potentialAction\":[{\"@type\":\"ReadAction\",\"target\":[\"https:\/\/compuviper.mx\/tienda\/producto\/ecs-pro600am5pro600am5-m5-mb-cpu-integrado-amd-pro600-amd5-2x-dimm-ddr5-5200-hdmi-4xusb-3-2-gama-media\/\"]}]},{\"@type\":\"BreadcrumbList\",\"@id\":\"https:\/\/compuviper.mx\/tienda\/producto\/ecs-pro600am5pro600am5-m5-mb-cpu-integrado-amd-pro600-amd5-2x-dimm-ddr5-5200-hdmi-4xusb-3-2-gama-media\/#breadcrumb\",\"itemListElement\":[{\"@type\":\"ListItem\",\"position\":1,\"name\":\"Inicio\",\"item\":\"https:\/\/compuviper.mx\/tienda\/\"},{\"@type\":\"ListItem\",\"position\":2,\"name\":\"Productos\",\"item\":\"https:\/\/compuviper.mx\/tienda\/productos\/\"},{\"@type\":\"ListItem\",\"position\":3,\"name\":\"Tarjeta Madre\",\"item\":\"https:\/\/compuviper.mx\/tienda\/categoria-producto\/tarjeta-madre\/\"},{\"@type\":\"ListItem\",\"position\":4,\"name\":\"Socket Am5\",\"item\":\"https:\/\/compuviper.mx\/tienda\/categoria-producto\/tarjeta-madre\/socket-am5\/\"},{\"@type\":\"ListItem\",\"position\":5,\"name\":\"Ecs Pro600am5,pro600am5-m5 Mb Cpu Integrado Amd Pro600 Amd5\/2x Dimm Ddr5 5200\/hdmi\/4xusb 3.2 \/gama Media\"}]},{\"@type\":\"WebSite\",\"@id\":\"https:\/\/compuviper.mx\/tienda\/#website\",\"url\":\"https:\/\/compuviper.mx\/tienda\/\",\"name\":\"Compuviper\",\"description\":\"Proveedor de Computadoras, Laptops, Servidores, Monitores, Puntos de Venta, Teclados,   Impresoras, T\u00f3ner, C\u00e1maras de Seguridad y m\u00e1s en tu tienda en l\u00ednea\",\"publisher\":{\"@id\":\"https:\/\/compuviper.mx\/tienda\/#organization\"},\"potentialAction\":[{\"@type\":\"SearchAction\",\"target\":{\"@type\":\"EntryPoint\",\"urlTemplate\":\"https:\/\/compuviper.mx\/tienda\/?s={search_term_string}\"},\"query-input\":\"required name=search_term_string\"}],\"inLanguage\":\"es-MX\"},{\"@type\":\"Organization\",\"@id\":\"https:\/\/compuviper.mx\/tienda\/#organization\",\"name\":\"Compuviper\",\"url\":\"https:\/\/compuviper.mx\/tienda\/\",\"logo\":{\"@type\":\"ImageObject\",\"inLanguage\":\"es-MX\",\"@id\":\"https:\/\/compuviper.mx\/tienda\/#\/schema\/logo\/image\/\",\"url\":\"https:\/\/compuviper.mx\/tienda\/wp-content\/uploads\/2021\/08\/Logo-Compuviper-10.png\",\"contentUrl\":\"https:\/\/compuviper.mx\/tienda\/wp-content\/uploads\/2021\/08\/Logo-Compuviper-10.png\",\"width\":1000,\"height\":500,\"caption\":\"Compuviper\"},\"image\":{\"@id\":\"https:\/\/compuviper.mx\/tienda\/#\/schema\/logo\/image\/\"},\"sameAs\":[\"https:\/\/www.facebook.com\/compuviper\",\"https:\/\/www.youtube.com\/channel\/UCf73dERp9Y3cfOq7q8BhLjA?view_as=subscriber\"]}]}<\/script>\n<meta property=\"product:brand\" content=\"ECS\" \/>\n<meta property=\"product:price:amount\" content=\"1275\" \/>\n<meta property=\"product:price:currency\" content=\"MXN\" \/>\n<meta property=\"og:availability\" content=\"instock\" \/>\n<meta property=\"product:availability\" content=\"instock\" \/>\n<meta property=\"product:retailer_item_id\" content=\"PRO600AM5,PRO600AM5-M5\" \/>\n<meta property=\"product:condition\" content=\"new\" \/>\n<!-- \/ Yoast SEO plugin. -->","yoast_head_json":{"title":"[ Ecs ] &#129351; Pro600am5,pro600am5-m5 Mb Cpu Integrado Amd Pro600 Amd5\/2x Dimm Ddr5 5200\/hdmi\/4xusb 3.2 \/gama Media","description":"Compra Pro600am5,pro600am5-m5 Mb Cpu Integrado Amd Pro600 Amd5\/2x Dimm Ddr5 5200\/hdmi\/4xusb 3.2 \/gama Media + Env\u00edo a domicilio + Pago seguro + Garant\u00eda","robots":{"index":"index","follow":"follow","max-snippet":"max-snippet:-1","max-image-preview":"max-image-preview:large","max-video-preview":"max-video-preview:-1"},"canonical":"https:\/\/compuviper.mx\/tienda\/producto\/ecs-pro600am5pro600am5-m5-mb-cpu-integrado-amd-pro600-amd5-2x-dimm-ddr5-5200-hdmi-4xusb-3-2-gama-media\/","og_locale":"es_MX","og_type":"article","og_title":"[ Ecs ] &#129351; Pro600am5,pro600am5-m5 Mb Cpu Integrado Amd Pro600 Amd5\/2x Dimm Ddr5 5200\/hdmi\/4xusb 3.2 \/gama Media","og_description":"Compra Pro600am5,pro600am5-m5 Mb Cpu Integrado Amd Pro600 Amd5\/2x Dimm Ddr5 5200\/hdmi\/4xusb 3.2 \/gama Media + Env\u00edo a domicilio + Pago seguro + Garant\u00eda","og_url":"https:\/\/compuviper.mx\/tienda\/producto\/ecs-pro600am5pro600am5-m5-mb-cpu-integrado-amd-pro600-amd5-2x-dimm-ddr5-5200-hdmi-4xusb-3-2-gama-media\/","og_site_name":"Compuviper","article_publisher":"https:\/\/www.facebook.com\/compuviper","twitter_card":"summary_large_image","twitter_misc":{"Precio":"&#36;1,275 con IVA","Availability":"In stock"},"schema":{"@context":"https:\/\/schema.org","@graph":[{"@type":"WebPage","@id":"https:\/\/compuviper.mx\/tienda\/producto\/ecs-pro600am5pro600am5-m5-mb-cpu-integrado-amd-pro600-amd5-2x-dimm-ddr5-5200-hdmi-4xusb-3-2-gama-media\/","url":"https:\/\/compuviper.mx\/tienda\/producto\/ecs-pro600am5pro600am5-m5-mb-cpu-integrado-amd-pro600-amd5-2x-dimm-ddr5-5200-hdmi-4xusb-3-2-gama-media\/","name":"[ Ecs ] &#129351; Pro600am5,pro600am5-m5 Mb Cpu Integrado Amd Pro600 Amd5\/2x Dimm Ddr5 5200\/hdmi\/4xusb 3.2 \/gama Media","isPartOf":{"@id":"https:\/\/compuviper.mx\/tienda\/#website"},"datePublished":"2026-05-16T06:51:20+00:00","dateModified":"2026-05-16T06:51:20+00:00","description":"Compra Pro600am5,pro600am5-m5 Mb Cpu Integrado Amd Pro600 Amd5\/2x Dimm Ddr5 5200\/hdmi\/4xusb 3.2 \/gama Media + Env\u00edo a domicilio + Pago seguro + Garant\u00eda","breadcrumb":{"@id":"https:\/\/compuviper.mx\/tienda\/producto\/ecs-pro600am5pro600am5-m5-mb-cpu-integrado-amd-pro600-amd5-2x-dimm-ddr5-5200-hdmi-4xusb-3-2-gama-media\/#breadcrumb"},"inLanguage":"es-MX","potentialAction":[{"@type":"ReadAction","target":["https:\/\/compuviper.mx\/tienda\/producto\/ecs-pro600am5pro600am5-m5-mb-cpu-integrado-amd-pro600-amd5-2x-dimm-ddr5-5200-hdmi-4xusb-3-2-gama-media\/"]}]},{"@type":"BreadcrumbList","@id":"https:\/\/compuviper.mx\/tienda\/producto\/ecs-pro600am5pro600am5-m5-mb-cpu-integrado-amd-pro600-amd5-2x-dimm-ddr5-5200-hdmi-4xusb-3-2-gama-media\/#breadcrumb","itemListElement":[{"@type":"ListItem","position":1,"name":"Inicio","item":"https:\/\/compuviper.mx\/tienda\/"},{"@type":"ListItem","position":2,"name":"Productos","item":"https:\/\/compuviper.mx\/tienda\/productos\/"},{"@type":"ListItem","position":3,"name":"Tarjeta Madre","item":"https:\/\/compuviper.mx\/tienda\/categoria-producto\/tarjeta-madre\/"},{"@type":"ListItem","position":4,"name":"Socket Am5","item":"https:\/\/compuviper.mx\/tienda\/categoria-producto\/tarjeta-madre\/socket-am5\/"},{"@type":"ListItem","position":5,"name":"Ecs Pro600am5,pro600am5-m5 Mb Cpu Integrado Amd Pro600 Amd5\/2x Dimm Ddr5 5200\/hdmi\/4xusb 3.2 \/gama Media"}]},{"@type":"WebSite","@id":"https:\/\/compuviper.mx\/tienda\/#website","url":"https:\/\/compuviper.mx\/tienda\/","name":"Compuviper","description":"Proveedor de Computadoras, Laptops, Servidores, Monitores, Puntos de Venta, Teclados,   Impresoras, T\u00f3ner, C\u00e1maras de Seguridad y m\u00e1s en tu tienda en l\u00ednea","publisher":{"@id":"https:\/\/compuviper.mx\/tienda\/#organization"},"potentialAction":[{"@type":"SearchAction","target":{"@type":"EntryPoint","urlTemplate":"https:\/\/compuviper.mx\/tienda\/?s={search_term_string}"},"query-input":"required name=search_term_string"}],"inLanguage":"es-MX"},{"@type":"Organization","@id":"https:\/\/compuviper.mx\/tienda\/#organization","name":"Compuviper","url":"https:\/\/compuviper.mx\/tienda\/","logo":{"@type":"ImageObject","inLanguage":"es-MX","@id":"https:\/\/compuviper.mx\/tienda\/#\/schema\/logo\/image\/","url":"https:\/\/compuviper.mx\/tienda\/wp-content\/uploads\/2021\/08\/Logo-Compuviper-10.png","contentUrl":"https:\/\/compuviper.mx\/tienda\/wp-content\/uploads\/2021\/08\/Logo-Compuviper-10.png","width":1000,"height":500,"caption":"Compuviper"},"image":{"@id":"https:\/\/compuviper.mx\/tienda\/#\/schema\/logo\/image\/"},"sameAs":["https:\/\/www.facebook.com\/compuviper","https:\/\/www.youtube.com\/channel\/UCf73dERp9Y3cfOq7q8BhLjA?view_as=subscriber"]}]},"product_brand":"ECS","product_price_amount":"1275","product_price_currency":"MXN","og_availability":"instock","product_availability":"instock","product_retailer_item_id":"PRO600AM5,PRO600AM5-M5","product_condition":"new"},"_links":{"self":[{"href":"https:\/\/compuviper.mx\/tienda\/wp-json\/wp\/v2\/product\/269624"}],"collection":[{"href":"https:\/\/compuviper.mx\/tienda\/wp-json\/wp\/v2\/product"}],"about":[{"href":"https:\/\/compuviper.mx\/tienda\/wp-json\/wp\/v2\/types\/product"}],"replies":[{"embeddable":true,"href":"https:\/\/compuviper.mx\/tienda\/wp-json\/wp\/v2\/comments?post=269624"}],"wp:attachment":[{"href":"https:\/\/compuviper.mx\/tienda\/wp-json\/wp\/v2\/media?parent=269624"}],"wp:term":[{"taxonomy":"product_cat","embeddable":true,"href":"https:\/\/compuviper.mx\/tienda\/wp-json\/wp\/v2\/product_cat?post=269624"},{"taxonomy":"product_tag","embeddable":true,"href":"https:\/\/compuviper.mx\/tienda\/wp-json\/wp\/v2\/product_tag?post=269624"}],"curies":[{"name":"wp","href":"https:\/\/api.w.org\/{rel}","templated":true}]}}