{"id":269593,"date":"2026-05-15T00:38:40","date_gmt":"2026-05-15T06:38:40","guid":{"rendered":"https:\/\/compuviper.mx\/tienda\/producto\/wd-western-digital-wd43purz-disco-duro-interno-wd-purple-4tb-3-5-escritorio-sata3-6gb-s-256mb-5400rpm-24x7-dvr-nvr-1-16-bahias-1-64-camaras\/"},"modified":"2026-05-15T00:38:41","modified_gmt":"2026-05-15T06:38:41","slug":"wd-western-digital-wd43purz-disco-duro-interno-wd-purple-4tb-3-5-escritorio-sata3-6gb-s-256mb-5400rpm-24x7-dvr-nvr-1-16-bahias-1-64-camaras","status":"publish","type":"product","link":"https:\/\/compuviper.mx\/tienda\/producto\/wd-western-digital-wd43purz-disco-duro-interno-wd-purple-4tb-3-5-escritorio-sata3-6gb-s-256mb-5400rpm-24x7-dvr-nvr-1-16-bahias-1-64-camaras\/","title":{"rendered":"Wd &#8211; Western Digital Wd43purz Disco Duro Interno Wd Purple 4tb 3.5 Escritorio Sata3 6gb\/s 256mb 5400rpm 24&#215;7 Dvr Nvr 1-16 Bahias 1-64 Camaras"},"content":{"rendered":"<table class=\"descripcion\">\n<tr>\n<td>Especificaciones<\/td>\n<\/tr>\n<tr>\n<td>Capacidad<\/td>\n<\/tr>\n<tr>\n<td>4 tb<\/td>\n<\/tr>\n<tr>\n<td>Formato; 3.5<\/td>\n<\/tr>\n<tr>\n<td>Conector<\/td>\n<\/tr>\n<tr>\n<td>Sata<\/td>\n<\/tr>\n<tr>\n<td>Interfaz<\/td>\n<\/tr>\n<tr>\n<td>Sata iii<\/td>\n<\/tr>\n<tr>\n<td>Velocidad de transferencia<\/td>\n<\/tr>\n<tr>\n<td>Up to 175mb\/s<\/td>\n<\/tr>\n<tr>\n<td>Disk speed (rpm)<\/td>\n<\/tr>\n<tr>\n<td>Recording technology<\/td>\n<\/tr>\n<tr>\n<td>Cmr<\/td>\n<\/tr>\n<tr>\n<td>Cache size<\/td>\n<\/tr>\n<tr>\n<td>256mb<\/td>\n<\/tr>\n<tr>\n<td>Garant\u00eda limitada de 3 a\u00f1os<\/td>\n<\/tr>\n<tr>\n<td>Dimensiones (largo, ancho y alto)<\/td>\n<\/tr>\n<tr>\n<td>5.79&#8243; x 4&#8243; x 1.03&#8243;<\/td>\n<\/tr>\n<tr>\n<td>Peso<\/td>\n<\/tr>\n<tr>\n<td>570gms<\/td>\n<\/tr>\n<tr>\n<td>N\u00famero de modelo<\/td>\n<\/tr>\n<tr>\n<td>Wd43purz<\/td>\n<\/tr>\n<tr>\n<td>Temp. operativa<\/td>\n<\/tr>\n<tr>\n<td>0\u00b0c to 65\u00b0c<\/td>\n<\/tr>\n<tr>\n<td>Non-operating temperature<\/td>\n<\/tr>\n<tr>\n<td>-40\u00b0c to 70\u00b0c<\/td>\n<\/tr>\n<tr>\n<td>Certificaciones<\/td>\n<\/tr>\n<tr>\n<td>Bsmi, ices-003\/nmb-003, ce, fcc, kc, maghreb, rcm, ukca, vcci, cb-scheme, tuv, ul<\/td>\n<\/tr>\n<tr>\n<td>Caracter\u00edsticas del producto<\/td>\n<\/tr>\n<tr>\n<td>Ampl\u00ede su visi\u00f3n con hasta 64 c\u00e1maras hd de secuencia \u00fanica<\/td>\n<\/tr>\n<tr>\n<td>Gesti\u00f3n proactiva del almacenamiento con wdda<\/td>\n<\/tr>\n<tr>\n<td>\u00edndices de carga de trabajo mejorados que llegan hasta 180 tb por a\u00f1o<\/td>\n<\/tr>\n<tr>\n<td>Compatibilidad<\/td>\n<\/tr>\n<tr>\n<td>Conecte hasta 64 c\u00e1maras por disco para los sistemas de seguridad con videovigilancia gracias a sus m\u00e1s de ocho ranuras.<\/td>\n<\/tr>\n<\/table>\n","protected":false},"excerpt":{"rendered":"<p>Almacenamiento inquebrantable. Creados para sistemas de seguridad de alta definicion de funcionamiento continuo las 24 horas, los 7 dias de la semana. Compatibles con indices de cargas de trabajo de hasta 180 tb\/a\u00f1o1 y con un maximo de 64 camaras, los discos wd purple estan optimizados para los sistemas de vigilancia.<\/p>\n","protected":false},"featured_media":269594,"comment_status":"open","ping_status":"open","template":"","meta":[],"product_cat":[1703,1706],"product_tag":[1705],"acf":[],"yoast_head":"<!-- This site is optimized with the Yoast SEO plugin v21.7 - https:\/\/yoast.com\/wordpress\/plugins\/seo\/ -->\n<title>[ Wd - Western Digital ] &#129351; Wd43purz Disco Duro Interno Wd Purple 4tb 3.5 Escritorio Sata3 6gb\/s 256mb 5400rpm 24x7 Dvr Nvr 1-16 Bahias 1-64 Camaras<\/title>\n<meta name=\"description\" content=\"Compra Wd43purz Disco Duro Interno Wd Purple 4tb 3.5 Escritorio Sata3 6gb\/s 256mb 5400rpm 24x7 Dvr Nvr 1-16 Bahias 1-64 Camaras + Env\u00edo a domicilio + Pago seguro + Garant\u00eda\" \/>\n<meta name=\"robots\" content=\"index, follow, max-snippet:-1, max-image-preview:large, max-video-preview:-1\" \/>\n<link rel=\"canonical\" href=\"https:\/\/compuviper.mx\/tienda\/producto\/wd-western-digital-wd43purz-disco-duro-interno-wd-purple-4tb-3-5-escritorio-sata3-6gb-s-256mb-5400rpm-24x7-dvr-nvr-1-16-bahias-1-64-camaras\/\" \/>\n<meta property=\"og:locale\" content=\"es_MX\" \/>\n<meta property=\"og:type\" content=\"article\" \/>\n<meta property=\"og:title\" content=\"[ Wd - Western Digital ] &#129351; Wd43purz Disco Duro Interno Wd Purple 4tb 3.5 Escritorio Sata3 6gb\/s 256mb 5400rpm 24x7 Dvr Nvr 1-16 Bahias 1-64 Camaras\" \/>\n<meta property=\"og:description\" content=\"Compra Wd43purz Disco Duro Interno Wd Purple 4tb 3.5 Escritorio Sata3 6gb\/s 256mb 5400rpm 24x7 Dvr Nvr 1-16 Bahias 1-64 Camaras + Env\u00edo a domicilio + Pago seguro + Garant\u00eda\" \/>\n<meta property=\"og:url\" content=\"https:\/\/compuviper.mx\/tienda\/producto\/wd-western-digital-wd43purz-disco-duro-interno-wd-purple-4tb-3-5-escritorio-sata3-6gb-s-256mb-5400rpm-24x7-dvr-nvr-1-16-bahias-1-64-camaras\/\" \/>\n<meta property=\"og:site_name\" content=\"Compuviper\" \/>\n<meta property=\"article:publisher\" content=\"https:\/\/www.facebook.com\/compuviper\" \/>\n<meta property=\"article:modified_time\" content=\"2026-05-15T06:38:41+00:00\" \/>\n<meta property=\"og:image\" content=\"https:\/\/compuviper.mx\/tienda\/wp-content\/uploads\/2026\/05\/Disco-duro-interno-wd-purple-4tb-3.5-escritorio-sata3-6gbs-256mb-5400rpm-24x7-dvr-nvr-1-16-bahias-1-64-camaras-wd43purz.jpg\" \/>\n\t<meta property=\"og:image:width\" content=\"200\" \/>\n\t<meta property=\"og:image:height\" content=\"200\" \/>\n\t<meta property=\"og:image:type\" content=\"image\/jpeg\" \/>\n<meta name=\"twitter:card\" content=\"summary_large_image\" \/>\n<meta name=\"twitter:label1\" content=\"Precio\" \/>\n\t<meta name=\"twitter:data1\" content=\"&#36;2,373 con IVA\" \/>\n\t<meta name=\"twitter:label2\" content=\"Availability\" \/>\n\t<meta name=\"twitter:data2\" content=\"Out of stock\" \/>\n<script type=\"application\/ld+json\" class=\"yoast-schema-graph\">{\"@context\":\"https:\/\/schema.org\",\"@graph\":[{\"@type\":\"WebPage\",\"@id\":\"https:\/\/compuviper.mx\/tienda\/producto\/wd-western-digital-wd43purz-disco-duro-interno-wd-purple-4tb-3-5-escritorio-sata3-6gb-s-256mb-5400rpm-24x7-dvr-nvr-1-16-bahias-1-64-camaras\/\",\"url\":\"https:\/\/compuviper.mx\/tienda\/producto\/wd-western-digital-wd43purz-disco-duro-interno-wd-purple-4tb-3-5-escritorio-sata3-6gb-s-256mb-5400rpm-24x7-dvr-nvr-1-16-bahias-1-64-camaras\/\",\"name\":\"[ Wd - Western Digital ] &#129351; Wd43purz Disco Duro Interno Wd Purple 4tb 3.5 Escritorio Sata3 6gb\/s 256mb 5400rpm 24x7 Dvr Nvr 1-16 Bahias 1-64 Camaras\",\"isPartOf\":{\"@id\":\"https:\/\/compuviper.mx\/tienda\/#website\"},\"datePublished\":\"2026-05-15T06:38:40+00:00\",\"dateModified\":\"2026-05-15T06:38:41+00:00\",\"description\":\"Compra Wd43purz Disco Duro Interno Wd Purple 4tb 3.5 Escritorio Sata3 6gb\/s 256mb 5400rpm 24x7 Dvr Nvr 1-16 Bahias 1-64 Camaras + Env\u00edo a domicilio + Pago seguro + Garant\u00eda\",\"breadcrumb\":{\"@id\":\"https:\/\/compuviper.mx\/tienda\/producto\/wd-western-digital-wd43purz-disco-duro-interno-wd-purple-4tb-3-5-escritorio-sata3-6gb-s-256mb-5400rpm-24x7-dvr-nvr-1-16-bahias-1-64-camaras\/#breadcrumb\"},\"inLanguage\":\"es-MX\",\"potentialAction\":[{\"@type\":\"ReadAction\",\"target\":[\"https:\/\/compuviper.mx\/tienda\/producto\/wd-western-digital-wd43purz-disco-duro-interno-wd-purple-4tb-3-5-escritorio-sata3-6gb-s-256mb-5400rpm-24x7-dvr-nvr-1-16-bahias-1-64-camaras\/\"]}]},{\"@type\":\"BreadcrumbList\",\"@id\":\"https:\/\/compuviper.mx\/tienda\/producto\/wd-western-digital-wd43purz-disco-duro-interno-wd-purple-4tb-3-5-escritorio-sata3-6gb-s-256mb-5400rpm-24x7-dvr-nvr-1-16-bahias-1-64-camaras\/#breadcrumb\",\"itemListElement\":[{\"@type\":\"ListItem\",\"position\":1,\"name\":\"Inicio\",\"item\":\"https:\/\/compuviper.mx\/tienda\/\"},{\"@type\":\"ListItem\",\"position\":2,\"name\":\"Productos\",\"item\":\"https:\/\/compuviper.mx\/tienda\/productos\/\"},{\"@type\":\"ListItem\",\"position\":3,\"name\":\"Discos Duros\",\"item\":\"https:\/\/compuviper.mx\/tienda\/categoria-producto\/discos-duros\/\"},{\"@type\":\"ListItem\",\"position\":4,\"name\":\"Disco Duro\",\"item\":\"https:\/\/compuviper.mx\/tienda\/categoria-producto\/discos-duros\/disco-duro\/\"},{\"@type\":\"ListItem\",\"position\":5,\"name\":\"Wd &#8211; Western Digital Wd43purz Disco Duro Interno Wd Purple 4tb 3.5 Escritorio Sata3 6gb\/s 256mb 5400rpm 24&#215;7 Dvr Nvr 1-16 Bahias 1-64 Camaras\"}]},{\"@type\":\"WebSite\",\"@id\":\"https:\/\/compuviper.mx\/tienda\/#website\",\"url\":\"https:\/\/compuviper.mx\/tienda\/\",\"name\":\"Compuviper\",\"description\":\"Proveedor de Computadoras, Laptops, Servidores, Monitores, Puntos de Venta, Teclados,   Impresoras, T\u00f3ner, C\u00e1maras de Seguridad y m\u00e1s en tu tienda en l\u00ednea\",\"publisher\":{\"@id\":\"https:\/\/compuviper.mx\/tienda\/#organization\"},\"potentialAction\":[{\"@type\":\"SearchAction\",\"target\":{\"@type\":\"EntryPoint\",\"urlTemplate\":\"https:\/\/compuviper.mx\/tienda\/?s={search_term_string}\"},\"query-input\":\"required name=search_term_string\"}],\"inLanguage\":\"es-MX\"},{\"@type\":\"Organization\",\"@id\":\"https:\/\/compuviper.mx\/tienda\/#organization\",\"name\":\"Compuviper\",\"url\":\"https:\/\/compuviper.mx\/tienda\/\",\"logo\":{\"@type\":\"ImageObject\",\"inLanguage\":\"es-MX\",\"@id\":\"https:\/\/compuviper.mx\/tienda\/#\/schema\/logo\/image\/\",\"url\":\"https:\/\/compuviper.mx\/tienda\/wp-content\/uploads\/2021\/08\/Logo-Compuviper-10.png\",\"contentUrl\":\"https:\/\/compuviper.mx\/tienda\/wp-content\/uploads\/2021\/08\/Logo-Compuviper-10.png\",\"width\":1000,\"height\":500,\"caption\":\"Compuviper\"},\"image\":{\"@id\":\"https:\/\/compuviper.mx\/tienda\/#\/schema\/logo\/image\/\"},\"sameAs\":[\"https:\/\/www.facebook.com\/compuviper\",\"https:\/\/www.youtube.com\/channel\/UCf73dERp9Y3cfOq7q8BhLjA?view_as=subscriber\"]}]}<\/script>\n<meta property=\"product:brand\" content=\"WD - WESTERN DIGITAL\" \/>\n<meta property=\"product:price:amount\" content=\"2373\" \/>\n<meta property=\"product:price:currency\" content=\"MXN\" \/>\n<meta property=\"og:availability\" content=\"out of stock\" \/>\n<meta property=\"product:availability\" content=\"out of stock\" \/>\n<meta property=\"product:retailer_item_id\" content=\"WD43PURZ\" \/>\n<meta property=\"product:condition\" content=\"new\" \/>\n<!-- \/ Yoast SEO plugin. -->","yoast_head_json":{"title":"[ Wd - Western Digital ] &#129351; Wd43purz Disco Duro Interno Wd Purple 4tb 3.5 Escritorio Sata3 6gb\/s 256mb 5400rpm 24x7 Dvr Nvr 1-16 Bahias 1-64 Camaras","description":"Compra Wd43purz Disco Duro Interno Wd Purple 4tb 3.5 Escritorio Sata3 6gb\/s 256mb 5400rpm 24x7 Dvr Nvr 1-16 Bahias 1-64 Camaras + Env\u00edo a domicilio + Pago seguro + Garant\u00eda","robots":{"index":"index","follow":"follow","max-snippet":"max-snippet:-1","max-image-preview":"max-image-preview:large","max-video-preview":"max-video-preview:-1"},"canonical":"https:\/\/compuviper.mx\/tienda\/producto\/wd-western-digital-wd43purz-disco-duro-interno-wd-purple-4tb-3-5-escritorio-sata3-6gb-s-256mb-5400rpm-24x7-dvr-nvr-1-16-bahias-1-64-camaras\/","og_locale":"es_MX","og_type":"article","og_title":"[ Wd - Western Digital ] &#129351; Wd43purz Disco Duro Interno Wd Purple 4tb 3.5 Escritorio Sata3 6gb\/s 256mb 5400rpm 24x7 Dvr Nvr 1-16 Bahias 1-64 Camaras","og_description":"Compra Wd43purz Disco Duro Interno Wd Purple 4tb 3.5 Escritorio Sata3 6gb\/s 256mb 5400rpm 24x7 Dvr Nvr 1-16 Bahias 1-64 Camaras + Env\u00edo a domicilio + Pago seguro + Garant\u00eda","og_url":"https:\/\/compuviper.mx\/tienda\/producto\/wd-western-digital-wd43purz-disco-duro-interno-wd-purple-4tb-3-5-escritorio-sata3-6gb-s-256mb-5400rpm-24x7-dvr-nvr-1-16-bahias-1-64-camaras\/","og_site_name":"Compuviper","article_publisher":"https:\/\/www.facebook.com\/compuviper","article_modified_time":"2026-05-15T06:38:41+00:00","og_image":[{"width":200,"height":200,"url":"https:\/\/compuviper.mx\/tienda\/wp-content\/uploads\/2026\/05\/Disco-duro-interno-wd-purple-4tb-3.5-escritorio-sata3-6gbs-256mb-5400rpm-24x7-dvr-nvr-1-16-bahias-1-64-camaras-wd43purz.jpg","type":"image\/jpeg"}],"twitter_card":"summary_large_image","twitter_misc":{"Precio":"&#36;2,373 con IVA","Availability":"Out of stock"},"schema":{"@context":"https:\/\/schema.org","@graph":[{"@type":"WebPage","@id":"https:\/\/compuviper.mx\/tienda\/producto\/wd-western-digital-wd43purz-disco-duro-interno-wd-purple-4tb-3-5-escritorio-sata3-6gb-s-256mb-5400rpm-24x7-dvr-nvr-1-16-bahias-1-64-camaras\/","url":"https:\/\/compuviper.mx\/tienda\/producto\/wd-western-digital-wd43purz-disco-duro-interno-wd-purple-4tb-3-5-escritorio-sata3-6gb-s-256mb-5400rpm-24x7-dvr-nvr-1-16-bahias-1-64-camaras\/","name":"[ Wd - Western Digital ] &#129351; Wd43purz Disco Duro Interno Wd Purple 4tb 3.5 Escritorio Sata3 6gb\/s 256mb 5400rpm 24x7 Dvr Nvr 1-16 Bahias 1-64 Camaras","isPartOf":{"@id":"https:\/\/compuviper.mx\/tienda\/#website"},"datePublished":"2026-05-15T06:38:40+00:00","dateModified":"2026-05-15T06:38:41+00:00","description":"Compra Wd43purz Disco Duro Interno Wd Purple 4tb 3.5 Escritorio Sata3 6gb\/s 256mb 5400rpm 24x7 Dvr Nvr 1-16 Bahias 1-64 Camaras + Env\u00edo a domicilio + Pago seguro + Garant\u00eda","breadcrumb":{"@id":"https:\/\/compuviper.mx\/tienda\/producto\/wd-western-digital-wd43purz-disco-duro-interno-wd-purple-4tb-3-5-escritorio-sata3-6gb-s-256mb-5400rpm-24x7-dvr-nvr-1-16-bahias-1-64-camaras\/#breadcrumb"},"inLanguage":"es-MX","potentialAction":[{"@type":"ReadAction","target":["https:\/\/compuviper.mx\/tienda\/producto\/wd-western-digital-wd43purz-disco-duro-interno-wd-purple-4tb-3-5-escritorio-sata3-6gb-s-256mb-5400rpm-24x7-dvr-nvr-1-16-bahias-1-64-camaras\/"]}]},{"@type":"BreadcrumbList","@id":"https:\/\/compuviper.mx\/tienda\/producto\/wd-western-digital-wd43purz-disco-duro-interno-wd-purple-4tb-3-5-escritorio-sata3-6gb-s-256mb-5400rpm-24x7-dvr-nvr-1-16-bahias-1-64-camaras\/#breadcrumb","itemListElement":[{"@type":"ListItem","position":1,"name":"Inicio","item":"https:\/\/compuviper.mx\/tienda\/"},{"@type":"ListItem","position":2,"name":"Productos","item":"https:\/\/compuviper.mx\/tienda\/productos\/"},{"@type":"ListItem","position":3,"name":"Discos Duros","item":"https:\/\/compuviper.mx\/tienda\/categoria-producto\/discos-duros\/"},{"@type":"ListItem","position":4,"name":"Disco Duro","item":"https:\/\/compuviper.mx\/tienda\/categoria-producto\/discos-duros\/disco-duro\/"},{"@type":"ListItem","position":5,"name":"Wd &#8211; Western Digital Wd43purz Disco Duro Interno Wd Purple 4tb 3.5 Escritorio Sata3 6gb\/s 256mb 5400rpm 24&#215;7 Dvr Nvr 1-16 Bahias 1-64 Camaras"}]},{"@type":"WebSite","@id":"https:\/\/compuviper.mx\/tienda\/#website","url":"https:\/\/compuviper.mx\/tienda\/","name":"Compuviper","description":"Proveedor de Computadoras, Laptops, Servidores, Monitores, Puntos de Venta, Teclados,   Impresoras, T\u00f3ner, C\u00e1maras de Seguridad y m\u00e1s en tu tienda en l\u00ednea","publisher":{"@id":"https:\/\/compuviper.mx\/tienda\/#organization"},"potentialAction":[{"@type":"SearchAction","target":{"@type":"EntryPoint","urlTemplate":"https:\/\/compuviper.mx\/tienda\/?s={search_term_string}"},"query-input":"required name=search_term_string"}],"inLanguage":"es-MX"},{"@type":"Organization","@id":"https:\/\/compuviper.mx\/tienda\/#organization","name":"Compuviper","url":"https:\/\/compuviper.mx\/tienda\/","logo":{"@type":"ImageObject","inLanguage":"es-MX","@id":"https:\/\/compuviper.mx\/tienda\/#\/schema\/logo\/image\/","url":"https:\/\/compuviper.mx\/tienda\/wp-content\/uploads\/2021\/08\/Logo-Compuviper-10.png","contentUrl":"https:\/\/compuviper.mx\/tienda\/wp-content\/uploads\/2021\/08\/Logo-Compuviper-10.png","width":1000,"height":500,"caption":"Compuviper"},"image":{"@id":"https:\/\/compuviper.mx\/tienda\/#\/schema\/logo\/image\/"},"sameAs":["https:\/\/www.facebook.com\/compuviper","https:\/\/www.youtube.com\/channel\/UCf73dERp9Y3cfOq7q8BhLjA?view_as=subscriber"]}]},"product_brand":"WD - WESTERN DIGITAL","product_price_amount":"2373","product_price_currency":"MXN","og_availability":"out of stock","product_availability":"out of stock","product_retailer_item_id":"WD43PURZ","product_condition":"new"},"_links":{"self":[{"href":"https:\/\/compuviper.mx\/tienda\/wp-json\/wp\/v2\/product\/269593"}],"collection":[{"href":"https:\/\/compuviper.mx\/tienda\/wp-json\/wp\/v2\/product"}],"about":[{"href":"https:\/\/compuviper.mx\/tienda\/wp-json\/wp\/v2\/types\/product"}],"replies":[{"embeddable":true,"href":"https:\/\/compuviper.mx\/tienda\/wp-json\/wp\/v2\/comments?post=269593"}],"wp:featuredmedia":[{"embeddable":true,"href":"https:\/\/compuviper.mx\/tienda\/wp-json\/wp\/v2\/media\/269594"}],"wp:attachment":[{"href":"https:\/\/compuviper.mx\/tienda\/wp-json\/wp\/v2\/media?parent=269593"}],"wp:term":[{"taxonomy":"product_cat","embeddable":true,"href":"https:\/\/compuviper.mx\/tienda\/wp-json\/wp\/v2\/product_cat?post=269593"},{"taxonomy":"product_tag","embeddable":true,"href":"https:\/\/compuviper.mx\/tienda\/wp-json\/wp\/v2\/product_tag?post=269593"}],"curies":[{"name":"wp","href":"https:\/\/api.w.org\/{rel}","templated":true}]}}