{"id":269590,"date":"2026-05-15T23:25:49","date_gmt":"2026-05-16T05:25:49","guid":{"rendered":"https:\/\/compuviper.mx\/tienda\/producto\/varios-k62330ww-kensington-lector-de-huella-verimark-para-pc-escritorio-windows\/"},"modified":"2026-05-15T23:25:49","modified_gmt":"2026-05-16T05:25:49","slug":"varios-k62330ww-kensington-lector-de-huella-verimark-para-pc-escritorio-windows","status":"publish","type":"product","link":"https:\/\/compuviper.mx\/tienda\/producto\/varios-k62330ww-kensington-lector-de-huella-verimark-para-pc-escritorio-windows\/","title":{"rendered":"Varios K62330ww Kensington Lector De Huella Verimark Para Pc\/escritorio Windows"},"content":{"rendered":"<table class=\"descripcion\">\n<tr>\n<td>Especificaciones del producto<\/td>\n<\/tr>\n<tr>\n<td>Sistema(s) operativo(s): windows<\/td>\n<\/tr>\n<tr>\n<td>Conexiones: usb-a, usb-c<\/td>\n<\/tr>\n<tr>\n<td>Certificado para: windows hello<\/td>\n<\/tr>\n<tr>\n<td>Periodo de garantia: garant\u00eda limitada de 2 a\u00f1os<\/td>\n<\/tr>\n<tr>\n<td>Tipo de dispositivo: escritorio<\/td>\n<\/tr>\n<tr>\n<td>No admite microsoft ess (seguridad mejorada de inicio de sesi\u00f3n)<\/td>\n<\/tr>\n<tr>\n<td>Microsoft windows hello con seguridad mejorada de inicio de sesi\u00f3n (ess) proporciona un nivel adicional de seguridad a los datos biom\u00e9tricos mediante el uso de componentes de hardware y software especializados: seguridad basada en virtualizaci\u00f3n (vbs) y m\u00f3dulo de plataforma de confianza (tpm) 2.0.  verimark\u0099 desktop, aunque es totalmente compatible con windows hello y hello for business y proporciona autenticaci\u00f3n multifactorial de nivel empresarial, no admite ess.  las versiones m\u00e1s recientes de windows 11 tienen ess activado por defecto.  desactivar ess permitir\u00e1 que verimark\u0099 desktop contin\u00fae funcionando sin problemas.<\/td>\n<\/tr>\n<tr>\n<td>Seguridad cifrada integral con tecnolog\u00eda de huellas digitales match-in-sensor\u0099<\/td>\n<\/tr>\n<tr>\n<td>Combina el rendimiento biom\u00e9trico superior y la legibilidad 360\u00ba con la tecnolog\u00eda contra la falsificaci\u00f3n y, a la vez, excede los est\u00e1ndares de la industria relacionados con la tasa de falso rechazo (frr 2 %) y la tasa de falsa aceptaci\u00f3n (far 0,001 %).<\/td>\n<\/tr>\n<tr>\n<td>Certificado de windows hello<\/td>\n<\/tr>\n<tr>\n<td>Brinda una integraci\u00f3n perfecta con windows hello y windows hello para empresas. tambi\u00e9n compatible con servicios adicionales de microsoft, por ejemplo office365, microsoft entra id, outlook, etc.<\/td>\n<\/tr>\n<tr>\n<td>Compatible con usb-c\u00ae y usb-a<\/td>\n<\/tr>\n<tr>\n<td>Incluye un adaptador usb-a a usb-c\u00ae, por lo que es una soluci\u00f3n ideal para entornos tecnol\u00f3gicos mixtos y garantiza la compatibilidad con cualquier puerto usb disponible.<\/td>\n<\/tr>\n<tr>\n<td>Cable usb largo (3,9 pies\/1,2 m)<\/td>\n<\/tr>\n<tr>\n<td>Brinda flexibilidad para que se pueda colocar pr\u00e1cticamente en cualquier lugar sobre o cerca del escritorio.<\/td>\n<\/tr>\n<tr>\n<td>Cumple con el gdpr y con la ley de acuerdos comerciales<\/td>\n<\/tr>\n<tr>\n<td>Puede utilizarse para respaldar las medidas de ciberseguridad de conformidad con las leyes y normativas de privacidad, como el reglamento general de protecci\u00f3n de datos (gdpr), la ley de privacidad de informaci\u00f3n biom\u00e9trica (bipa) y la ley de privacidad del consumidor de california (ccpa), entre otras. lista para ser utilizada en los estados unidos. organizaciones e instituciones del gobierno federal.<\/td>\n<\/tr>\n<tr>\n<td>Controles del anexo a de iso\/iec 27001<\/td>\n<\/tr>\n<tr>\n<td>El uso de este producto puede ayudar a mitigar el riesgo para su organizaci\u00f3n en t\u00e9rminos de confidencialidad, integridad y disponibilidad de datos, y puede ayudar a cumplir con los controles del anexo a 7.7 y 7.9.<\/td>\n<\/tr>\n<\/table>\n","protected":false},"excerpt":{"rendered":"<p>La llave verimark\u0099 desktop es la soluci\u00f3n ideal para quienes requieren una autenticaci\u00f3n r\u00e1pida y segura en windows. Gracias a su tecnolog\u00eda avanzada, permite reemplazar contrase\u00f1as vulnerables por una identificaci\u00f3n biom\u00e9trica infalible, cumpliendo con los est\u00e1ndares de seguridad m\u00e1s exigentes de la industria.<\/p>\n","protected":false},"featured_media":0,"comment_status":"open","ping_status":"open","template":"","meta":[],"product_cat":[1485,2236],"product_tag":[1878],"acf":[],"yoast_head":"<!-- This site is optimized with the Yoast SEO plugin v21.7 - https:\/\/yoast.com\/wordpress\/plugins\/seo\/ -->\n<title>[ Varios ] &#129351; K62330ww Kensington Lector De Huella Verimark Para Pc\/escritorio Windows<\/title>\n<meta name=\"description\" content=\"Compra K62330ww Kensington Lector De Huella Verimark Para Pc\/escritorio Windows + Env\u00edo a domicilio + Pago seguro + Garant\u00eda\" \/>\n<meta name=\"robots\" content=\"index, follow, max-snippet:-1, max-image-preview:large, max-video-preview:-1\" \/>\n<link rel=\"canonical\" href=\"https:\/\/compuviper.mx\/tienda\/producto\/varios-k62330ww-kensington-lector-de-huella-verimark-para-pc-escritorio-windows\/\" \/>\n<meta property=\"og:locale\" content=\"es_MX\" \/>\n<meta property=\"og:type\" content=\"article\" \/>\n<meta property=\"og:title\" content=\"[ Varios ] &#129351; K62330ww Kensington Lector De Huella Verimark Para Pc\/escritorio Windows\" \/>\n<meta property=\"og:description\" content=\"Compra K62330ww Kensington Lector De Huella Verimark Para Pc\/escritorio Windows + Env\u00edo a domicilio + Pago seguro + Garant\u00eda\" \/>\n<meta property=\"og:url\" content=\"https:\/\/compuviper.mx\/tienda\/producto\/varios-k62330ww-kensington-lector-de-huella-verimark-para-pc-escritorio-windows\/\" \/>\n<meta property=\"og:site_name\" content=\"Compuviper\" \/>\n<meta property=\"article:publisher\" content=\"https:\/\/www.facebook.com\/compuviper\" \/>\n<meta name=\"twitter:card\" content=\"summary_large_image\" \/>\n<meta name=\"twitter:label1\" content=\"Precio\" \/>\n\t<meta name=\"twitter:data1\" content=\"&#36;1,163 con IVA\" \/>\n\t<meta name=\"twitter:label2\" content=\"Availability\" \/>\n\t<meta name=\"twitter:data2\" content=\"On backorder\" \/>\n<script type=\"application\/ld+json\" class=\"yoast-schema-graph\">{\"@context\":\"https:\/\/schema.org\",\"@graph\":[{\"@type\":\"WebPage\",\"@id\":\"https:\/\/compuviper.mx\/tienda\/producto\/varios-k62330ww-kensington-lector-de-huella-verimark-para-pc-escritorio-windows\/\",\"url\":\"https:\/\/compuviper.mx\/tienda\/producto\/varios-k62330ww-kensington-lector-de-huella-verimark-para-pc-escritorio-windows\/\",\"name\":\"[ Varios ] &#129351; K62330ww Kensington Lector De Huella Verimark Para Pc\/escritorio Windows\",\"isPartOf\":{\"@id\":\"https:\/\/compuviper.mx\/tienda\/#website\"},\"datePublished\":\"2026-05-16T05:25:49+00:00\",\"dateModified\":\"2026-05-16T05:25:49+00:00\",\"description\":\"Compra K62330ww Kensington Lector De Huella Verimark Para Pc\/escritorio Windows + Env\u00edo a domicilio + Pago seguro + Garant\u00eda\",\"breadcrumb\":{\"@id\":\"https:\/\/compuviper.mx\/tienda\/producto\/varios-k62330ww-kensington-lector-de-huella-verimark-para-pc-escritorio-windows\/#breadcrumb\"},\"inLanguage\":\"es-MX\",\"potentialAction\":[{\"@type\":\"ReadAction\",\"target\":[\"https:\/\/compuviper.mx\/tienda\/producto\/varios-k62330ww-kensington-lector-de-huella-verimark-para-pc-escritorio-windows\/\"]}]},{\"@type\":\"BreadcrumbList\",\"@id\":\"https:\/\/compuviper.mx\/tienda\/producto\/varios-k62330ww-kensington-lector-de-huella-verimark-para-pc-escritorio-windows\/#breadcrumb\",\"itemListElement\":[{\"@type\":\"ListItem\",\"position\":1,\"name\":\"Inicio\",\"item\":\"https:\/\/compuviper.mx\/tienda\/\"},{\"@type\":\"ListItem\",\"position\":2,\"name\":\"Productos\",\"item\":\"https:\/\/compuviper.mx\/tienda\/productos\/\"},{\"@type\":\"ListItem\",\"position\":3,\"name\":\"Accesorios\",\"item\":\"https:\/\/compuviper.mx\/tienda\/categoria-producto\/accesorios\/\"},{\"@type\":\"ListItem\",\"position\":4,\"name\":\"Biometria\",\"item\":\"https:\/\/compuviper.mx\/tienda\/categoria-producto\/accesorios\/biometria\/\"},{\"@type\":\"ListItem\",\"position\":5,\"name\":\"Varios K62330ww Kensington Lector De Huella Verimark Para Pc\/escritorio Windows\"}]},{\"@type\":\"WebSite\",\"@id\":\"https:\/\/compuviper.mx\/tienda\/#website\",\"url\":\"https:\/\/compuviper.mx\/tienda\/\",\"name\":\"Compuviper\",\"description\":\"Proveedor de Computadoras, Laptops, Servidores, Monitores, Puntos de Venta, Teclados,   Impresoras, T\u00f3ner, C\u00e1maras de Seguridad y m\u00e1s en tu tienda en l\u00ednea\",\"publisher\":{\"@id\":\"https:\/\/compuviper.mx\/tienda\/#organization\"},\"potentialAction\":[{\"@type\":\"SearchAction\",\"target\":{\"@type\":\"EntryPoint\",\"urlTemplate\":\"https:\/\/compuviper.mx\/tienda\/?s={search_term_string}\"},\"query-input\":\"required name=search_term_string\"}],\"inLanguage\":\"es-MX\"},{\"@type\":\"Organization\",\"@id\":\"https:\/\/compuviper.mx\/tienda\/#organization\",\"name\":\"Compuviper\",\"url\":\"https:\/\/compuviper.mx\/tienda\/\",\"logo\":{\"@type\":\"ImageObject\",\"inLanguage\":\"es-MX\",\"@id\":\"https:\/\/compuviper.mx\/tienda\/#\/schema\/logo\/image\/\",\"url\":\"https:\/\/compuviper.mx\/tienda\/wp-content\/uploads\/2021\/08\/Logo-Compuviper-10.png\",\"contentUrl\":\"https:\/\/compuviper.mx\/tienda\/wp-content\/uploads\/2021\/08\/Logo-Compuviper-10.png\",\"width\":1000,\"height\":500,\"caption\":\"Compuviper\"},\"image\":{\"@id\":\"https:\/\/compuviper.mx\/tienda\/#\/schema\/logo\/image\/\"},\"sameAs\":[\"https:\/\/www.facebook.com\/compuviper\",\"https:\/\/www.youtube.com\/channel\/UCf73dERp9Y3cfOq7q8BhLjA?view_as=subscriber\"]}]}<\/script>\n<meta property=\"product:brand\" content=\"VARIOS\" \/>\n<meta property=\"product:price:amount\" content=\"1163\" \/>\n<meta property=\"product:price:currency\" content=\"MXN\" \/>\n<meta property=\"og:availability\" content=\"backorder\" \/>\n<meta property=\"product:availability\" content=\"available for order\" \/>\n<meta property=\"product:retailer_item_id\" content=\"K62330WW\" \/>\n<meta property=\"product:condition\" content=\"new\" \/>\n<!-- \/ Yoast SEO plugin. -->","yoast_head_json":{"title":"[ Varios ] &#129351; K62330ww Kensington Lector De Huella Verimark Para Pc\/escritorio Windows","description":"Compra K62330ww Kensington Lector De Huella Verimark Para Pc\/escritorio Windows + Env\u00edo a domicilio + Pago seguro + Garant\u00eda","robots":{"index":"index","follow":"follow","max-snippet":"max-snippet:-1","max-image-preview":"max-image-preview:large","max-video-preview":"max-video-preview:-1"},"canonical":"https:\/\/compuviper.mx\/tienda\/producto\/varios-k62330ww-kensington-lector-de-huella-verimark-para-pc-escritorio-windows\/","og_locale":"es_MX","og_type":"article","og_title":"[ Varios ] &#129351; K62330ww Kensington Lector De Huella Verimark Para Pc\/escritorio Windows","og_description":"Compra K62330ww Kensington Lector De Huella Verimark Para Pc\/escritorio Windows + Env\u00edo a domicilio + Pago seguro + Garant\u00eda","og_url":"https:\/\/compuviper.mx\/tienda\/producto\/varios-k62330ww-kensington-lector-de-huella-verimark-para-pc-escritorio-windows\/","og_site_name":"Compuviper","article_publisher":"https:\/\/www.facebook.com\/compuviper","twitter_card":"summary_large_image","twitter_misc":{"Precio":"&#36;1,163 con IVA","Availability":"On backorder"},"schema":{"@context":"https:\/\/schema.org","@graph":[{"@type":"WebPage","@id":"https:\/\/compuviper.mx\/tienda\/producto\/varios-k62330ww-kensington-lector-de-huella-verimark-para-pc-escritorio-windows\/","url":"https:\/\/compuviper.mx\/tienda\/producto\/varios-k62330ww-kensington-lector-de-huella-verimark-para-pc-escritorio-windows\/","name":"[ Varios ] &#129351; K62330ww Kensington Lector De Huella Verimark Para Pc\/escritorio Windows","isPartOf":{"@id":"https:\/\/compuviper.mx\/tienda\/#website"},"datePublished":"2026-05-16T05:25:49+00:00","dateModified":"2026-05-16T05:25:49+00:00","description":"Compra K62330ww Kensington Lector De Huella Verimark Para Pc\/escritorio Windows + Env\u00edo a domicilio + Pago seguro + Garant\u00eda","breadcrumb":{"@id":"https:\/\/compuviper.mx\/tienda\/producto\/varios-k62330ww-kensington-lector-de-huella-verimark-para-pc-escritorio-windows\/#breadcrumb"},"inLanguage":"es-MX","potentialAction":[{"@type":"ReadAction","target":["https:\/\/compuviper.mx\/tienda\/producto\/varios-k62330ww-kensington-lector-de-huella-verimark-para-pc-escritorio-windows\/"]}]},{"@type":"BreadcrumbList","@id":"https:\/\/compuviper.mx\/tienda\/producto\/varios-k62330ww-kensington-lector-de-huella-verimark-para-pc-escritorio-windows\/#breadcrumb","itemListElement":[{"@type":"ListItem","position":1,"name":"Inicio","item":"https:\/\/compuviper.mx\/tienda\/"},{"@type":"ListItem","position":2,"name":"Productos","item":"https:\/\/compuviper.mx\/tienda\/productos\/"},{"@type":"ListItem","position":3,"name":"Accesorios","item":"https:\/\/compuviper.mx\/tienda\/categoria-producto\/accesorios\/"},{"@type":"ListItem","position":4,"name":"Biometria","item":"https:\/\/compuviper.mx\/tienda\/categoria-producto\/accesorios\/biometria\/"},{"@type":"ListItem","position":5,"name":"Varios K62330ww Kensington Lector De Huella Verimark Para Pc\/escritorio Windows"}]},{"@type":"WebSite","@id":"https:\/\/compuviper.mx\/tienda\/#website","url":"https:\/\/compuviper.mx\/tienda\/","name":"Compuviper","description":"Proveedor de Computadoras, Laptops, Servidores, Monitores, Puntos de Venta, Teclados,   Impresoras, T\u00f3ner, C\u00e1maras de Seguridad y m\u00e1s en tu tienda en l\u00ednea","publisher":{"@id":"https:\/\/compuviper.mx\/tienda\/#organization"},"potentialAction":[{"@type":"SearchAction","target":{"@type":"EntryPoint","urlTemplate":"https:\/\/compuviper.mx\/tienda\/?s={search_term_string}"},"query-input":"required name=search_term_string"}],"inLanguage":"es-MX"},{"@type":"Organization","@id":"https:\/\/compuviper.mx\/tienda\/#organization","name":"Compuviper","url":"https:\/\/compuviper.mx\/tienda\/","logo":{"@type":"ImageObject","inLanguage":"es-MX","@id":"https:\/\/compuviper.mx\/tienda\/#\/schema\/logo\/image\/","url":"https:\/\/compuviper.mx\/tienda\/wp-content\/uploads\/2021\/08\/Logo-Compuviper-10.png","contentUrl":"https:\/\/compuviper.mx\/tienda\/wp-content\/uploads\/2021\/08\/Logo-Compuviper-10.png","width":1000,"height":500,"caption":"Compuviper"},"image":{"@id":"https:\/\/compuviper.mx\/tienda\/#\/schema\/logo\/image\/"},"sameAs":["https:\/\/www.facebook.com\/compuviper","https:\/\/www.youtube.com\/channel\/UCf73dERp9Y3cfOq7q8BhLjA?view_as=subscriber"]}]},"product_brand":"VARIOS","product_price_amount":"1163","product_price_currency":"MXN","og_availability":"backorder","product_availability":"available for order","product_retailer_item_id":"K62330WW","product_condition":"new"},"_links":{"self":[{"href":"https:\/\/compuviper.mx\/tienda\/wp-json\/wp\/v2\/product\/269590"}],"collection":[{"href":"https:\/\/compuviper.mx\/tienda\/wp-json\/wp\/v2\/product"}],"about":[{"href":"https:\/\/compuviper.mx\/tienda\/wp-json\/wp\/v2\/types\/product"}],"replies":[{"embeddable":true,"href":"https:\/\/compuviper.mx\/tienda\/wp-json\/wp\/v2\/comments?post=269590"}],"wp:attachment":[{"href":"https:\/\/compuviper.mx\/tienda\/wp-json\/wp\/v2\/media?parent=269590"}],"wp:term":[{"taxonomy":"product_cat","embeddable":true,"href":"https:\/\/compuviper.mx\/tienda\/wp-json\/wp\/v2\/product_cat?post=269590"},{"taxonomy":"product_tag","embeddable":true,"href":"https:\/\/compuviper.mx\/tienda\/wp-json\/wp\/v2\/product_tag?post=269590"}],"curies":[{"name":"wp","href":"https:\/\/api.w.org\/{rel}","templated":true}]}}