{"id":269587,"date":"2026-05-13T02:03:44","date_gmt":"2026-05-13T08:03:44","guid":{"rendered":"https:\/\/compuviper.mx\/tienda\/producto\/perfect-choice-pc-113188-teatro-en-casa-bluetooth-con-subwoofer-integrado-5-1-canales-negro\/"},"modified":"2026-05-13T02:03:44","modified_gmt":"2026-05-13T08:03:44","slug":"perfect-choice-pc-113188-teatro-en-casa-bluetooth-con-subwoofer-integrado-5-1-canales-negro","status":"publish","type":"product","link":"https:\/\/compuviper.mx\/tienda\/producto\/perfect-choice-pc-113188-teatro-en-casa-bluetooth-con-subwoofer-integrado-5-1-canales-negro\/","title":{"rendered":"Perfect Choice Pc-113188 Teatro En Casa Bluetooth Con Subwoofer Integrado 5.1 Canales  &#8211; Negro"},"content":{"rendered":"<table class=\"descripcion\">\n<tr>\n<td>Especificaciones tcnicas<\/td>\n<\/tr>\n<tr>\n<td>Alimentacin: 110vca-240vca 50hz\/60hz<\/td>\n<\/tr>\n<tr>\n<td>Potencia: 160w rms 20w560w<\/td>\n<\/tr>\n<tr>\n<td>Cono: 58&#215;9856.5 sw<\/td>\n<\/tr>\n<tr>\n<td>Impedancia: 8 and 937;58 and 937;<\/td>\n<\/tr>\n<tr>\n<td>Distorsin:  \/=11k\/1w<\/td>\n<\/tr>\n<tr>\n<td>Sensibilidad: sb: 800mv\u00b150mv; sw: 400mv\u00b150mv<\/td>\n<\/tr>\n<tr>\n<td>Audio: 5.1 canales envolvente<\/td>\n<\/tr>\n<tr>\n<td>Con barra de audio frontal<\/td>\n<\/tr>\n<tr>\n<td>Entradas: hdmi, aux, usb, ptico, bluetooth<\/td>\n<\/tr>\n<tr>\n<td>Led display frontal<\/td>\n<\/tr>\n<tr>\n<td>Incluye amplificador digital dsp<\/td>\n<\/tr>\n<tr>\n<td> medidas del producto<\/td>\n<\/tr>\n<tr>\n<td>Medidas:<\/td>\n<\/tr>\n<tr>\n<td>Barra : 67,2 x 76.2 x 900 mm<\/td>\n<\/tr>\n<tr>\n<td>Subwoofer 170 x 380 x 306 mm<\/td>\n<\/tr>\n<tr>\n<td> contenido del empaque<\/td>\n<\/tr>\n<tr>\n<td>1 barra de audio<\/td>\n<\/tr>\n<tr>\n<td>1 subwoofer<\/td>\n<\/tr>\n<tr>\n<td>1 adaptador de corriente<\/td>\n<\/tr>\n<tr>\n<td>2 bocinas<\/td>\n<\/tr>\n<tr>\n<td>1 control remoto<\/td>\n<\/tr>\n<tr>\n<td>1 gua de usuario<\/td>\n<\/tr>\n<\/table>\n","protected":false},"excerpt":{"rendered":"<p>Sistema de teatro en casa con subwoofer, ideal para televisiones de alta definicin. Su sonido surround de 5.1 canales reproduce audio de alta calidad, cuenta con conexin inalmbrica bt y entradas de audio ptico digital, usb, rca y entrada auxiliar 3.5 mm. Reproduce formatos digitales flac wav lossless e incluye accesorios para montaje en pared.<\/p>\n","protected":false},"featured_media":269588,"comment_status":"open","ping_status":"open","template":"","meta":[],"product_cat":[1817,1819],"product_tag":[1513],"acf":[],"yoast_head":"<!-- This site is optimized with the Yoast SEO plugin v21.7 - https:\/\/yoast.com\/wordpress\/plugins\/seo\/ -->\n<title>[ Perfect Choice ] &#129351; Pc-113188 Teatro En Casa Bluetooth Con Subwoofer Integrado 5.1 Canales - Negro<\/title>\n<meta name=\"description\" content=\"Compra Pc-113188 Teatro En Casa Bluetooth Con Subwoofer Integrado 5.1 Canales - Negro + Env\u00edo a domicilio + Pago seguro + Garant\u00eda\" \/>\n<meta name=\"robots\" content=\"index, follow, max-snippet:-1, max-image-preview:large, max-video-preview:-1\" \/>\n<link rel=\"canonical\" href=\"https:\/\/compuviper.mx\/tienda\/producto\/perfect-choice-pc-113188-teatro-en-casa-bluetooth-con-subwoofer-integrado-5-1-canales-negro\/\" \/>\n<meta property=\"og:locale\" content=\"es_MX\" \/>\n<meta property=\"og:type\" content=\"article\" \/>\n<meta property=\"og:title\" content=\"[ Perfect Choice ] &#129351; Pc-113188 Teatro En Casa Bluetooth Con Subwoofer Integrado 5.1 Canales - Negro\" \/>\n<meta property=\"og:description\" content=\"Compra Pc-113188 Teatro En Casa Bluetooth Con Subwoofer Integrado 5.1 Canales - Negro + Env\u00edo a domicilio + Pago seguro + Garant\u00eda\" \/>\n<meta property=\"og:url\" content=\"https:\/\/compuviper.mx\/tienda\/producto\/perfect-choice-pc-113188-teatro-en-casa-bluetooth-con-subwoofer-integrado-5-1-canales-negro\/\" \/>\n<meta property=\"og:site_name\" content=\"Compuviper\" \/>\n<meta property=\"article:publisher\" content=\"https:\/\/www.facebook.com\/compuviper\" \/>\n<meta property=\"og:image\" content=\"https:\/\/compuviper.mx\/tienda\/wp-content\/uploads\/2026\/05\/Teatro-en-casa-bluetooth-con-subwoofer-integrado-5.1-canales-perfect-choice-negro.jpg\" \/>\n\t<meta property=\"og:image:width\" content=\"200\" \/>\n\t<meta property=\"og:image:height\" content=\"200\" \/>\n\t<meta property=\"og:image:type\" content=\"image\/jpeg\" \/>\n<meta name=\"twitter:card\" content=\"summary_large_image\" \/>\n<meta name=\"twitter:label1\" content=\"Precio\" \/>\n\t<meta name=\"twitter:data1\" content=\"&#36;2,764 con IVA\" \/>\n\t<meta name=\"twitter:label2\" content=\"Availability\" \/>\n\t<meta name=\"twitter:data2\" content=\"Out of stock\" \/>\n<script type=\"application\/ld+json\" class=\"yoast-schema-graph\">{\"@context\":\"https:\/\/schema.org\",\"@graph\":[{\"@type\":\"WebPage\",\"@id\":\"https:\/\/compuviper.mx\/tienda\/producto\/perfect-choice-pc-113188-teatro-en-casa-bluetooth-con-subwoofer-integrado-5-1-canales-negro\/\",\"url\":\"https:\/\/compuviper.mx\/tienda\/producto\/perfect-choice-pc-113188-teatro-en-casa-bluetooth-con-subwoofer-integrado-5-1-canales-negro\/\",\"name\":\"[ Perfect Choice ] &#129351; Pc-113188 Teatro En Casa Bluetooth Con Subwoofer Integrado 5.1 Canales - Negro\",\"isPartOf\":{\"@id\":\"https:\/\/compuviper.mx\/tienda\/#website\"},\"datePublished\":\"2026-05-13T08:03:44+00:00\",\"dateModified\":\"2026-05-13T08:03:44+00:00\",\"description\":\"Compra Pc-113188 Teatro En Casa Bluetooth Con Subwoofer Integrado 5.1 Canales - Negro + Env\u00edo a domicilio + Pago seguro + Garant\u00eda\",\"breadcrumb\":{\"@id\":\"https:\/\/compuviper.mx\/tienda\/producto\/perfect-choice-pc-113188-teatro-en-casa-bluetooth-con-subwoofer-integrado-5-1-canales-negro\/#breadcrumb\"},\"inLanguage\":\"es-MX\",\"potentialAction\":[{\"@type\":\"ReadAction\",\"target\":[\"https:\/\/compuviper.mx\/tienda\/producto\/perfect-choice-pc-113188-teatro-en-casa-bluetooth-con-subwoofer-integrado-5-1-canales-negro\/\"]}]},{\"@type\":\"BreadcrumbList\",\"@id\":\"https:\/\/compuviper.mx\/tienda\/producto\/perfect-choice-pc-113188-teatro-en-casa-bluetooth-con-subwoofer-integrado-5-1-canales-negro\/#breadcrumb\",\"itemListElement\":[{\"@type\":\"ListItem\",\"position\":1,\"name\":\"Inicio\",\"item\":\"https:\/\/compuviper.mx\/tienda\/\"},{\"@type\":\"ListItem\",\"position\":2,\"name\":\"Productos\",\"item\":\"https:\/\/compuviper.mx\/tienda\/productos\/\"},{\"@type\":\"ListItem\",\"position\":3,\"name\":\"Bocinas\",\"item\":\"https:\/\/compuviper.mx\/tienda\/categoria-producto\/bocinas\/\"},{\"@type\":\"ListItem\",\"position\":4,\"name\":\"Home Theaters\",\"item\":\"https:\/\/compuviper.mx\/tienda\/categoria-producto\/bocinas\/home-theaters\/\"},{\"@type\":\"ListItem\",\"position\":5,\"name\":\"Perfect Choice Pc-113188 Teatro En Casa Bluetooth Con Subwoofer Integrado 5.1 Canales &#8211; Negro\"}]},{\"@type\":\"WebSite\",\"@id\":\"https:\/\/compuviper.mx\/tienda\/#website\",\"url\":\"https:\/\/compuviper.mx\/tienda\/\",\"name\":\"Compuviper\",\"description\":\"Proveedor de Computadoras, Laptops, Servidores, Monitores, Puntos de Venta, Teclados,   Impresoras, T\u00f3ner, C\u00e1maras de Seguridad y m\u00e1s en tu tienda en l\u00ednea\",\"publisher\":{\"@id\":\"https:\/\/compuviper.mx\/tienda\/#organization\"},\"potentialAction\":[{\"@type\":\"SearchAction\",\"target\":{\"@type\":\"EntryPoint\",\"urlTemplate\":\"https:\/\/compuviper.mx\/tienda\/?s={search_term_string}\"},\"query-input\":\"required name=search_term_string\"}],\"inLanguage\":\"es-MX\"},{\"@type\":\"Organization\",\"@id\":\"https:\/\/compuviper.mx\/tienda\/#organization\",\"name\":\"Compuviper\",\"url\":\"https:\/\/compuviper.mx\/tienda\/\",\"logo\":{\"@type\":\"ImageObject\",\"inLanguage\":\"es-MX\",\"@id\":\"https:\/\/compuviper.mx\/tienda\/#\/schema\/logo\/image\/\",\"url\":\"https:\/\/compuviper.mx\/tienda\/wp-content\/uploads\/2021\/08\/Logo-Compuviper-10.png\",\"contentUrl\":\"https:\/\/compuviper.mx\/tienda\/wp-content\/uploads\/2021\/08\/Logo-Compuviper-10.png\",\"width\":1000,\"height\":500,\"caption\":\"Compuviper\"},\"image\":{\"@id\":\"https:\/\/compuviper.mx\/tienda\/#\/schema\/logo\/image\/\"},\"sameAs\":[\"https:\/\/www.facebook.com\/compuviper\",\"https:\/\/www.youtube.com\/channel\/UCf73dERp9Y3cfOq7q8BhLjA?view_as=subscriber\"]}]}<\/script>\n<meta property=\"product:brand\" content=\"PERFECT CHOICE\" \/>\n<meta property=\"product:price:amount\" content=\"2764\" \/>\n<meta property=\"product:price:currency\" content=\"MXN\" \/>\n<meta property=\"og:availability\" content=\"out of stock\" \/>\n<meta property=\"product:availability\" content=\"out of stock\" \/>\n<meta property=\"product:retailer_item_id\" content=\"PC-113188\" \/>\n<meta property=\"product:condition\" content=\"new\" \/>\n<!-- \/ Yoast SEO plugin. -->","yoast_head_json":{"title":"[ Perfect Choice ] &#129351; Pc-113188 Teatro En Casa Bluetooth Con Subwoofer Integrado 5.1 Canales - Negro","description":"Compra Pc-113188 Teatro En Casa Bluetooth Con Subwoofer Integrado 5.1 Canales - Negro + Env\u00edo a domicilio + Pago seguro + Garant\u00eda","robots":{"index":"index","follow":"follow","max-snippet":"max-snippet:-1","max-image-preview":"max-image-preview:large","max-video-preview":"max-video-preview:-1"},"canonical":"https:\/\/compuviper.mx\/tienda\/producto\/perfect-choice-pc-113188-teatro-en-casa-bluetooth-con-subwoofer-integrado-5-1-canales-negro\/","og_locale":"es_MX","og_type":"article","og_title":"[ Perfect Choice ] &#129351; Pc-113188 Teatro En Casa Bluetooth Con Subwoofer Integrado 5.1 Canales - Negro","og_description":"Compra Pc-113188 Teatro En Casa Bluetooth Con Subwoofer Integrado 5.1 Canales - Negro + Env\u00edo a domicilio + Pago seguro + Garant\u00eda","og_url":"https:\/\/compuviper.mx\/tienda\/producto\/perfect-choice-pc-113188-teatro-en-casa-bluetooth-con-subwoofer-integrado-5-1-canales-negro\/","og_site_name":"Compuviper","article_publisher":"https:\/\/www.facebook.com\/compuviper","og_image":[{"width":200,"height":200,"url":"https:\/\/compuviper.mx\/tienda\/wp-content\/uploads\/2026\/05\/Teatro-en-casa-bluetooth-con-subwoofer-integrado-5.1-canales-perfect-choice-negro.jpg","type":"image\/jpeg"}],"twitter_card":"summary_large_image","twitter_misc":{"Precio":"&#36;2,764 con IVA","Availability":"Out of stock"},"schema":{"@context":"https:\/\/schema.org","@graph":[{"@type":"WebPage","@id":"https:\/\/compuviper.mx\/tienda\/producto\/perfect-choice-pc-113188-teatro-en-casa-bluetooth-con-subwoofer-integrado-5-1-canales-negro\/","url":"https:\/\/compuviper.mx\/tienda\/producto\/perfect-choice-pc-113188-teatro-en-casa-bluetooth-con-subwoofer-integrado-5-1-canales-negro\/","name":"[ Perfect Choice ] &#129351; Pc-113188 Teatro En Casa Bluetooth Con Subwoofer Integrado 5.1 Canales - Negro","isPartOf":{"@id":"https:\/\/compuviper.mx\/tienda\/#website"},"datePublished":"2026-05-13T08:03:44+00:00","dateModified":"2026-05-13T08:03:44+00:00","description":"Compra Pc-113188 Teatro En Casa Bluetooth Con Subwoofer Integrado 5.1 Canales - Negro + Env\u00edo a domicilio + Pago seguro + Garant\u00eda","breadcrumb":{"@id":"https:\/\/compuviper.mx\/tienda\/producto\/perfect-choice-pc-113188-teatro-en-casa-bluetooth-con-subwoofer-integrado-5-1-canales-negro\/#breadcrumb"},"inLanguage":"es-MX","potentialAction":[{"@type":"ReadAction","target":["https:\/\/compuviper.mx\/tienda\/producto\/perfect-choice-pc-113188-teatro-en-casa-bluetooth-con-subwoofer-integrado-5-1-canales-negro\/"]}]},{"@type":"BreadcrumbList","@id":"https:\/\/compuviper.mx\/tienda\/producto\/perfect-choice-pc-113188-teatro-en-casa-bluetooth-con-subwoofer-integrado-5-1-canales-negro\/#breadcrumb","itemListElement":[{"@type":"ListItem","position":1,"name":"Inicio","item":"https:\/\/compuviper.mx\/tienda\/"},{"@type":"ListItem","position":2,"name":"Productos","item":"https:\/\/compuviper.mx\/tienda\/productos\/"},{"@type":"ListItem","position":3,"name":"Bocinas","item":"https:\/\/compuviper.mx\/tienda\/categoria-producto\/bocinas\/"},{"@type":"ListItem","position":4,"name":"Home Theaters","item":"https:\/\/compuviper.mx\/tienda\/categoria-producto\/bocinas\/home-theaters\/"},{"@type":"ListItem","position":5,"name":"Perfect Choice Pc-113188 Teatro En Casa Bluetooth Con Subwoofer Integrado 5.1 Canales &#8211; Negro"}]},{"@type":"WebSite","@id":"https:\/\/compuviper.mx\/tienda\/#website","url":"https:\/\/compuviper.mx\/tienda\/","name":"Compuviper","description":"Proveedor de Computadoras, Laptops, Servidores, Monitores, Puntos de Venta, Teclados,   Impresoras, T\u00f3ner, C\u00e1maras de Seguridad y m\u00e1s en tu tienda en l\u00ednea","publisher":{"@id":"https:\/\/compuviper.mx\/tienda\/#organization"},"potentialAction":[{"@type":"SearchAction","target":{"@type":"EntryPoint","urlTemplate":"https:\/\/compuviper.mx\/tienda\/?s={search_term_string}"},"query-input":"required name=search_term_string"}],"inLanguage":"es-MX"},{"@type":"Organization","@id":"https:\/\/compuviper.mx\/tienda\/#organization","name":"Compuviper","url":"https:\/\/compuviper.mx\/tienda\/","logo":{"@type":"ImageObject","inLanguage":"es-MX","@id":"https:\/\/compuviper.mx\/tienda\/#\/schema\/logo\/image\/","url":"https:\/\/compuviper.mx\/tienda\/wp-content\/uploads\/2021\/08\/Logo-Compuviper-10.png","contentUrl":"https:\/\/compuviper.mx\/tienda\/wp-content\/uploads\/2021\/08\/Logo-Compuviper-10.png","width":1000,"height":500,"caption":"Compuviper"},"image":{"@id":"https:\/\/compuviper.mx\/tienda\/#\/schema\/logo\/image\/"},"sameAs":["https:\/\/www.facebook.com\/compuviper","https:\/\/www.youtube.com\/channel\/UCf73dERp9Y3cfOq7q8BhLjA?view_as=subscriber"]}]},"product_brand":"PERFECT CHOICE","product_price_amount":"2764","product_price_currency":"MXN","og_availability":"out of stock","product_availability":"out of stock","product_retailer_item_id":"PC-113188","product_condition":"new"},"_links":{"self":[{"href":"https:\/\/compuviper.mx\/tienda\/wp-json\/wp\/v2\/product\/269587"}],"collection":[{"href":"https:\/\/compuviper.mx\/tienda\/wp-json\/wp\/v2\/product"}],"about":[{"href":"https:\/\/compuviper.mx\/tienda\/wp-json\/wp\/v2\/types\/product"}],"replies":[{"embeddable":true,"href":"https:\/\/compuviper.mx\/tienda\/wp-json\/wp\/v2\/comments?post=269587"}],"wp:featuredmedia":[{"embeddable":true,"href":"https:\/\/compuviper.mx\/tienda\/wp-json\/wp\/v2\/media\/269588"}],"wp:attachment":[{"href":"https:\/\/compuviper.mx\/tienda\/wp-json\/wp\/v2\/media?parent=269587"}],"wp:term":[{"taxonomy":"product_cat","embeddable":true,"href":"https:\/\/compuviper.mx\/tienda\/wp-json\/wp\/v2\/product_cat?post=269587"},{"taxonomy":"product_tag","embeddable":true,"href":"https:\/\/compuviper.mx\/tienda\/wp-json\/wp\/v2\/product_tag?post=269587"}],"curies":[{"name":"wp","href":"https:\/\/api.w.org\/{rel}","templated":true}]}}