{"id":269542,"date":"2026-05-12T00:51:05","date_gmt":"2026-05-12T06:51:05","guid":{"rendered":"https:\/\/compuviper.mx\/tienda\/producto\/asus-oem-vy279hgr-monitor-asus-27-1920x1080-tr-1ms-120hz-hdmi-vga-vesa-eye-care-adaptive-sync\/"},"modified":"2026-05-12T00:51:05","modified_gmt":"2026-05-12T06:51:05","slug":"asus-oem-vy279hgr-monitor-asus-27-1920x1080-tr-1ms-120hz-hdmi-vga-vesa-eye-care-adaptive-sync","status":"publish","type":"product","link":"https:\/\/compuviper.mx\/tienda\/producto\/asus-oem-vy279hgr-monitor-asus-27-1920x1080-tr-1ms-120hz-hdmi-vga-vesa-eye-care-adaptive-sync\/","title":{"rendered":"Asus Oem Vy279hgr Monitor Asus  \/27 \/1920&#215;1080 \/tr 1ms \/120hz \/hdmi \/vga \/vesa \/eye Care \/adaptive Sync"},"content":{"rendered":"<table class=\"descripcion\">\n<tr>\n<td>Vy279hgr<\/td>\n<\/tr>\n<tr>\n<td>Pantalla<\/td>\n<\/tr>\n<tr>\n<td>Tama\u00f1o de panel (pulgadas) :27<\/td>\n<\/tr>\n<tr>\n<td>Relacion de aspecto :16:9<\/td>\n<\/tr>\n<tr>\n<td>Area de visualizaci\u00f3n de pantalla (h x v) :597.888 x 336.312 mm<\/td>\n<\/tr>\n<tr>\n<td>Superficie de dislpay :anti-glare<\/td>\n<\/tr>\n<tr>\n<td>Tipo de luz de fondo :led<\/td>\n<\/tr>\n<tr>\n<td>Tipo de panel :ips<\/td>\n<\/tr>\n<tr>\n<td>Angulo de visi\u00f3n (cr and #8807;10, h\/v) :178\u00b0\/ 178\u00b0<\/td>\n<\/tr>\n<tr>\n<td>Pixel pitch : 0.311mm<\/td>\n<\/tr>\n<tr>\n<td>Resolucion :1920&#215;1080<\/td>\n<\/tr>\n<tr>\n<td>Brillo (typ.) :300cd\/ and #13217;<\/td>\n<\/tr>\n<tr>\n<td>Relacion de contraste (typ.) :1500:1<\/td>\n<\/tr>\n<tr>\n<td>Colores en display :16.7m<\/td>\n<\/tr>\n<tr>\n<td>Tiempo de respuesta :1ms mprt<\/td>\n<\/tr>\n<tr>\n<td>Frecuencia de actualizaci\u00f3n (max) :120hz<\/td>\n<\/tr>\n<tr>\n<td>Flicker-free : yes<\/td>\n<\/tr>\n<tr>\n<td>Video<\/td>\n<\/tr>\n<tr>\n<td>Tecnolog\u00eda trace free:yes<\/td>\n<\/tr>\n<tr>\n<td>Splendid technology : yes<\/td>\n<\/tr>\n<tr>\n<td>Color temp. selection : yes(4 modes)<\/td>\n<\/tr>\n<tr>\n<td>Gameplus : yes<\/td>\n<\/tr>\n<tr>\n<td>Quickfit : yes<\/td>\n<\/tr>\n<tr>\n<td>Hdcp : si<\/td>\n<\/tr>\n<tr>\n<td>Tecnologia vrr :yes (adaptive-sync)<\/td>\n<\/tr>\n<tr>\n<td>Gamefast input technology : s\u00ed<\/td>\n<\/tr>\n<tr>\n<td>Dark boost : yes<\/td>\n<\/tr>\n<tr>\n<td>Shadow boost : yes<\/td>\n<\/tr>\n<tr>\n<td>Motion sync : yes<\/td>\n<\/tr>\n<tr>\n<td>Low blue light : yes<\/td>\n<\/tr>\n<tr>\n<td>Eye care+ technology : yes<\/td>\n<\/tr>\n<tr>\n<td>Audio<\/td>\n<\/tr>\n<tr>\n<td>Speaker : no<\/td>\n<\/tr>\n<tr>\n<td>Puertos e\/s<\/td>\n<\/tr>\n<tr>\n<td>Hdmi(v1.4) x 1<\/td>\n<\/tr>\n<tr>\n<td>Vga x 1<\/td>\n<\/tr>\n<tr>\n<td>Earphone jack : yes<\/td>\n<\/tr>\n<tr>\n<td>Frecuencia de la se\u00f1al<\/td>\n<\/tr>\n<tr>\n<td>Digital signal frequency : hdmi: 30~138 khz (h) \/ 48~120 hz (v)<\/td>\n<\/tr>\n<tr>\n<td>Analog signal frequency : 31~84 khz (h) \/ 56 ~ 75 hz (v)<\/td>\n<\/tr>\n<tr>\n<td>Consumo de energia<\/td>\n<\/tr>\n<tr>\n<td>Power consumption :  21w<\/td>\n<\/tr>\n<tr>\n<td>Power saving mode :  0.5w<\/td>\n<\/tr>\n<tr>\n<td>Power off mode :  0.3w<\/td>\n<\/tr>\n<tr>\n<td>Voltage : 100-240v, 50\/60hz<\/td>\n<\/tr>\n<tr>\n<td>Dise\u00f1o mecanico<\/td>\n<\/tr>\n<tr>\n<td>Tilt : yes (+23\u00b0 ~ -5\u00b0)<\/td>\n<\/tr>\n<tr>\n<td>Height adjustment : no<\/td>\n<\/tr>\n<tr>\n<td>Vesa wall mounting : 100x100mm<\/td>\n<\/tr>\n<tr>\n<td>Kensington lock : yes<\/td>\n<\/tr>\n<tr>\n<td>Antibacterial treatment : yes<\/td>\n<\/tr>\n<tr>\n<td>Dimensiones<\/td>\n<\/tr>\n<tr>\n<td>Phys. dimension (w x h x d) : 61.2 x 43.5 x 20.2 cm (24.09 x 17.13 x 7.95)<\/td>\n<\/tr>\n<tr>\n<td>Phys. dimension without stand (w x h x d) : 61.2 x 36.5 x 5.0 cm (24.09 x 14.37 x 1.97)<\/td>\n<\/tr>\n<tr>\n<td>Box dimension (w x h x d) : 69.0 x 44.5 x 14.0 cm (27.17 x 17.52 x 5.51)<\/td>\n<\/tr>\n<tr>\n<td>Peso<\/td>\n<\/tr>\n<tr>\n<td>Net weight : 4.05 kg (8.93 lbs)<\/td>\n<\/tr>\n<tr>\n<td>Net weight without stand : 3.55 kg (7.83 lbs)<\/td>\n<\/tr>\n<tr>\n<td>Gross weight : 6.3 kg (13.89 lbs)<\/td>\n<\/tr>\n<tr>\n<td>Certificado<\/td>\n<\/tr>\n<tr>\n<td>Epeat silver<\/td>\n<\/tr>\n<tr>\n<td>Tco certified<\/td>\n<\/tr>\n<tr>\n<td>T\u00fcv flicker-free<\/td>\n<\/tr>\n<tr>\n<td>T\u00fcv low blue light<\/td>\n<\/tr>\n<\/table>\n","protected":false},"excerpt":{"rendered":"<p>Monitor para juegos asus vy279hgr eye care: 27 pulgadas fhd (1920 x 1080), ips, 120hz (oc), smoothmotion, 1 ms (mprt), adaptive sync, tecnolog\u00eda eye care plus, filtro de luz azul, flicker free, tratamiento antibacteriano. Panel ips fhd de 27 con frecuencia de actualizaci\u00f3n de 120 hz (oc) para una visualizaci\u00f3n de video fluida y juegos casuales. La tecnolog\u00eda smoothmotion y el mprt de 1 ms eliminan el seguimiento y garantizan una reproducci\u00f3n de video n\u00edtida y clara y un uso diario. Adaptive sync ofrece im\u00e1genes fluidas y sin artefactos a cualquier velocidad de cuadros. El tratamiento antibacteriano patentado de larga duraci\u00f3n inhibe el crecimiento de bacterias y hongos en los biseles y las teclas de acceso r\u00e1pido del monitor. La tecnolog\u00eda eye care plus incluye el modo de aumento de color que ayuda a los usuarios con deficiencia en la visi\u00f3n del color a distinguir mejor entre los colores, y rest reminder ayuda a los usuarios a administrar el tiempo de pantalla. El asus displaywidget center permite a los usuarios cambiar f\u00e1cilmente la configuraci\u00f3n del monitor a trav\u00e9s de una interfaz intuitiva.<\/p>\n","protected":false},"featured_media":269543,"comment_status":"open","ping_status":"open","template":"","meta":[],"product_cat":[1740,1741],"product_tag":[2096],"acf":[],"yoast_head":"<!-- This site is optimized with the Yoast SEO plugin v21.7 - https:\/\/yoast.com\/wordpress\/plugins\/seo\/ -->\n<title>[ Asus Oem ] &#129351; Vy279hgr Monitor Asus \/27 \/1920x1080 \/tr 1ms \/120hz \/hdmi \/vga \/vesa \/eye Care \/adaptive Sync<\/title>\n<meta name=\"description\" content=\"Compra Vy279hgr Monitor Asus \/27 \/1920x1080 \/tr 1ms \/120hz \/hdmi \/vga \/vesa \/eye Care \/adaptive Sync + Env\u00edo a domicilio + Pago seguro + Garant\u00eda\" \/>\n<meta name=\"robots\" content=\"index, follow, max-snippet:-1, max-image-preview:large, max-video-preview:-1\" \/>\n<link rel=\"canonical\" href=\"https:\/\/compuviper.mx\/tienda\/producto\/asus-oem-vy279hgr-monitor-asus-27-1920x1080-tr-1ms-120hz-hdmi-vga-vesa-eye-care-adaptive-sync\/\" \/>\n<meta property=\"og:locale\" content=\"es_MX\" \/>\n<meta property=\"og:type\" content=\"article\" \/>\n<meta property=\"og:title\" content=\"[ Asus Oem ] &#129351; Vy279hgr Monitor Asus \/27 \/1920x1080 \/tr 1ms \/120hz \/hdmi \/vga \/vesa \/eye Care \/adaptive Sync\" \/>\n<meta property=\"og:description\" content=\"Compra Vy279hgr Monitor Asus \/27 \/1920x1080 \/tr 1ms \/120hz \/hdmi \/vga \/vesa \/eye Care \/adaptive Sync + Env\u00edo a domicilio + Pago seguro + Garant\u00eda\" \/>\n<meta property=\"og:url\" content=\"https:\/\/compuviper.mx\/tienda\/producto\/asus-oem-vy279hgr-monitor-asus-27-1920x1080-tr-1ms-120hz-hdmi-vga-vesa-eye-care-adaptive-sync\/\" \/>\n<meta property=\"og:site_name\" content=\"Compuviper\" \/>\n<meta property=\"article:publisher\" content=\"https:\/\/www.facebook.com\/compuviper\" \/>\n<meta property=\"og:image\" content=\"https:\/\/compuviper.mx\/tienda\/wp-content\/uploads\/2026\/05\/Monitor-asus-vy279hgr-27-1920x1080-tr-1ms-120hz-hdmi-vga-vesa-eye-care-adaptive-sync.jpg\" \/>\n\t<meta property=\"og:image:width\" content=\"200\" \/>\n\t<meta property=\"og:image:height\" content=\"200\" \/>\n\t<meta property=\"og:image:type\" content=\"image\/jpeg\" \/>\n<meta name=\"twitter:card\" content=\"summary_large_image\" \/>\n<meta name=\"twitter:label1\" content=\"Precio\" \/>\n\t<meta name=\"twitter:data1\" content=\"&#36;1,992 con IVA\" \/>\n\t<meta name=\"twitter:label2\" content=\"Availability\" \/>\n\t<meta name=\"twitter:data2\" content=\"In stock\" \/>\n<script type=\"application\/ld+json\" class=\"yoast-schema-graph\">{\"@context\":\"https:\/\/schema.org\",\"@graph\":[{\"@type\":\"WebPage\",\"@id\":\"https:\/\/compuviper.mx\/tienda\/producto\/asus-oem-vy279hgr-monitor-asus-27-1920x1080-tr-1ms-120hz-hdmi-vga-vesa-eye-care-adaptive-sync\/\",\"url\":\"https:\/\/compuviper.mx\/tienda\/producto\/asus-oem-vy279hgr-monitor-asus-27-1920x1080-tr-1ms-120hz-hdmi-vga-vesa-eye-care-adaptive-sync\/\",\"name\":\"[ Asus Oem ] &#129351; Vy279hgr Monitor Asus \/27 \/1920x1080 \/tr 1ms \/120hz \/hdmi \/vga \/vesa \/eye Care \/adaptive Sync\",\"isPartOf\":{\"@id\":\"https:\/\/compuviper.mx\/tienda\/#website\"},\"datePublished\":\"2026-05-12T06:51:05+00:00\",\"dateModified\":\"2026-05-12T06:51:05+00:00\",\"description\":\"Compra Vy279hgr Monitor Asus \/27 \/1920x1080 \/tr 1ms \/120hz \/hdmi \/vga \/vesa \/eye Care \/adaptive Sync + Env\u00edo a domicilio + Pago seguro + Garant\u00eda\",\"breadcrumb\":{\"@id\":\"https:\/\/compuviper.mx\/tienda\/producto\/asus-oem-vy279hgr-monitor-asus-27-1920x1080-tr-1ms-120hz-hdmi-vga-vesa-eye-care-adaptive-sync\/#breadcrumb\"},\"inLanguage\":\"es-MX\",\"potentialAction\":[{\"@type\":\"ReadAction\",\"target\":[\"https:\/\/compuviper.mx\/tienda\/producto\/asus-oem-vy279hgr-monitor-asus-27-1920x1080-tr-1ms-120hz-hdmi-vga-vesa-eye-care-adaptive-sync\/\"]}]},{\"@type\":\"BreadcrumbList\",\"@id\":\"https:\/\/compuviper.mx\/tienda\/producto\/asus-oem-vy279hgr-monitor-asus-27-1920x1080-tr-1ms-120hz-hdmi-vga-vesa-eye-care-adaptive-sync\/#breadcrumb\",\"itemListElement\":[{\"@type\":\"ListItem\",\"position\":1,\"name\":\"Inicio\",\"item\":\"https:\/\/compuviper.mx\/tienda\/\"},{\"@type\":\"ListItem\",\"position\":2,\"name\":\"Productos\",\"item\":\"https:\/\/compuviper.mx\/tienda\/productos\/\"},{\"@type\":\"ListItem\",\"position\":3,\"name\":\"Monitores\",\"item\":\"https:\/\/compuviper.mx\/tienda\/categoria-producto\/monitores\/\"},{\"@type\":\"ListItem\",\"position\":4,\"name\":\"Led\",\"item\":\"https:\/\/compuviper.mx\/tienda\/categoria-producto\/monitores\/led\/\"},{\"@type\":\"ListItem\",\"position\":5,\"name\":\"Asus Oem Vy279hgr Monitor Asus \/27 \/1920&#215;1080 \/tr 1ms \/120hz \/hdmi \/vga \/vesa \/eye Care \/adaptive Sync\"}]},{\"@type\":\"WebSite\",\"@id\":\"https:\/\/compuviper.mx\/tienda\/#website\",\"url\":\"https:\/\/compuviper.mx\/tienda\/\",\"name\":\"Compuviper\",\"description\":\"Proveedor de Computadoras, Laptops, Servidores, Monitores, Puntos de Venta, Teclados,   Impresoras, T\u00f3ner, C\u00e1maras de Seguridad y m\u00e1s en tu tienda en l\u00ednea\",\"publisher\":{\"@id\":\"https:\/\/compuviper.mx\/tienda\/#organization\"},\"potentialAction\":[{\"@type\":\"SearchAction\",\"target\":{\"@type\":\"EntryPoint\",\"urlTemplate\":\"https:\/\/compuviper.mx\/tienda\/?s={search_term_string}\"},\"query-input\":\"required name=search_term_string\"}],\"inLanguage\":\"es-MX\"},{\"@type\":\"Organization\",\"@id\":\"https:\/\/compuviper.mx\/tienda\/#organization\",\"name\":\"Compuviper\",\"url\":\"https:\/\/compuviper.mx\/tienda\/\",\"logo\":{\"@type\":\"ImageObject\",\"inLanguage\":\"es-MX\",\"@id\":\"https:\/\/compuviper.mx\/tienda\/#\/schema\/logo\/image\/\",\"url\":\"https:\/\/compuviper.mx\/tienda\/wp-content\/uploads\/2021\/08\/Logo-Compuviper-10.png\",\"contentUrl\":\"https:\/\/compuviper.mx\/tienda\/wp-content\/uploads\/2021\/08\/Logo-Compuviper-10.png\",\"width\":1000,\"height\":500,\"caption\":\"Compuviper\"},\"image\":{\"@id\":\"https:\/\/compuviper.mx\/tienda\/#\/schema\/logo\/image\/\"},\"sameAs\":[\"https:\/\/www.facebook.com\/compuviper\",\"https:\/\/www.youtube.com\/channel\/UCf73dERp9Y3cfOq7q8BhLjA?view_as=subscriber\"]}]}<\/script>\n<meta property=\"product:brand\" content=\"Asus Oem\" \/>\n<meta property=\"product:price:amount\" content=\"1992\" \/>\n<meta property=\"product:price:currency\" content=\"MXN\" \/>\n<meta property=\"og:availability\" content=\"instock\" \/>\n<meta property=\"product:availability\" content=\"instock\" \/>\n<meta property=\"product:retailer_item_id\" content=\"VY279HGR\" \/>\n<meta property=\"product:condition\" content=\"new\" \/>\n<!-- \/ Yoast SEO plugin. -->","yoast_head_json":{"title":"[ Asus Oem ] &#129351; Vy279hgr Monitor Asus \/27 \/1920x1080 \/tr 1ms \/120hz \/hdmi \/vga \/vesa \/eye Care \/adaptive Sync","description":"Compra Vy279hgr Monitor Asus \/27 \/1920x1080 \/tr 1ms \/120hz \/hdmi \/vga \/vesa \/eye Care \/adaptive Sync + Env\u00edo a domicilio + Pago seguro + Garant\u00eda","robots":{"index":"index","follow":"follow","max-snippet":"max-snippet:-1","max-image-preview":"max-image-preview:large","max-video-preview":"max-video-preview:-1"},"canonical":"https:\/\/compuviper.mx\/tienda\/producto\/asus-oem-vy279hgr-monitor-asus-27-1920x1080-tr-1ms-120hz-hdmi-vga-vesa-eye-care-adaptive-sync\/","og_locale":"es_MX","og_type":"article","og_title":"[ Asus Oem ] &#129351; Vy279hgr Monitor Asus \/27 \/1920x1080 \/tr 1ms \/120hz \/hdmi \/vga \/vesa \/eye Care \/adaptive Sync","og_description":"Compra Vy279hgr Monitor Asus \/27 \/1920x1080 \/tr 1ms \/120hz \/hdmi \/vga \/vesa \/eye Care \/adaptive Sync + Env\u00edo a domicilio + Pago seguro + Garant\u00eda","og_url":"https:\/\/compuviper.mx\/tienda\/producto\/asus-oem-vy279hgr-monitor-asus-27-1920x1080-tr-1ms-120hz-hdmi-vga-vesa-eye-care-adaptive-sync\/","og_site_name":"Compuviper","article_publisher":"https:\/\/www.facebook.com\/compuviper","og_image":[{"width":200,"height":200,"url":"https:\/\/compuviper.mx\/tienda\/wp-content\/uploads\/2026\/05\/Monitor-asus-vy279hgr-27-1920x1080-tr-1ms-120hz-hdmi-vga-vesa-eye-care-adaptive-sync.jpg","type":"image\/jpeg"}],"twitter_card":"summary_large_image","twitter_misc":{"Precio":"&#36;1,992 con IVA","Availability":"In stock"},"schema":{"@context":"https:\/\/schema.org","@graph":[{"@type":"WebPage","@id":"https:\/\/compuviper.mx\/tienda\/producto\/asus-oem-vy279hgr-monitor-asus-27-1920x1080-tr-1ms-120hz-hdmi-vga-vesa-eye-care-adaptive-sync\/","url":"https:\/\/compuviper.mx\/tienda\/producto\/asus-oem-vy279hgr-monitor-asus-27-1920x1080-tr-1ms-120hz-hdmi-vga-vesa-eye-care-adaptive-sync\/","name":"[ Asus Oem ] &#129351; Vy279hgr Monitor Asus \/27 \/1920x1080 \/tr 1ms \/120hz \/hdmi \/vga \/vesa \/eye Care \/adaptive Sync","isPartOf":{"@id":"https:\/\/compuviper.mx\/tienda\/#website"},"datePublished":"2026-05-12T06:51:05+00:00","dateModified":"2026-05-12T06:51:05+00:00","description":"Compra Vy279hgr Monitor Asus \/27 \/1920x1080 \/tr 1ms \/120hz \/hdmi \/vga \/vesa \/eye Care \/adaptive Sync + Env\u00edo a domicilio + Pago seguro + Garant\u00eda","breadcrumb":{"@id":"https:\/\/compuviper.mx\/tienda\/producto\/asus-oem-vy279hgr-monitor-asus-27-1920x1080-tr-1ms-120hz-hdmi-vga-vesa-eye-care-adaptive-sync\/#breadcrumb"},"inLanguage":"es-MX","potentialAction":[{"@type":"ReadAction","target":["https:\/\/compuviper.mx\/tienda\/producto\/asus-oem-vy279hgr-monitor-asus-27-1920x1080-tr-1ms-120hz-hdmi-vga-vesa-eye-care-adaptive-sync\/"]}]},{"@type":"BreadcrumbList","@id":"https:\/\/compuviper.mx\/tienda\/producto\/asus-oem-vy279hgr-monitor-asus-27-1920x1080-tr-1ms-120hz-hdmi-vga-vesa-eye-care-adaptive-sync\/#breadcrumb","itemListElement":[{"@type":"ListItem","position":1,"name":"Inicio","item":"https:\/\/compuviper.mx\/tienda\/"},{"@type":"ListItem","position":2,"name":"Productos","item":"https:\/\/compuviper.mx\/tienda\/productos\/"},{"@type":"ListItem","position":3,"name":"Monitores","item":"https:\/\/compuviper.mx\/tienda\/categoria-producto\/monitores\/"},{"@type":"ListItem","position":4,"name":"Led","item":"https:\/\/compuviper.mx\/tienda\/categoria-producto\/monitores\/led\/"},{"@type":"ListItem","position":5,"name":"Asus Oem Vy279hgr Monitor Asus \/27 \/1920&#215;1080 \/tr 1ms \/120hz \/hdmi \/vga \/vesa \/eye Care \/adaptive Sync"}]},{"@type":"WebSite","@id":"https:\/\/compuviper.mx\/tienda\/#website","url":"https:\/\/compuviper.mx\/tienda\/","name":"Compuviper","description":"Proveedor de Computadoras, Laptops, Servidores, Monitores, Puntos de Venta, Teclados,   Impresoras, T\u00f3ner, C\u00e1maras de Seguridad y m\u00e1s en tu tienda en l\u00ednea","publisher":{"@id":"https:\/\/compuviper.mx\/tienda\/#organization"},"potentialAction":[{"@type":"SearchAction","target":{"@type":"EntryPoint","urlTemplate":"https:\/\/compuviper.mx\/tienda\/?s={search_term_string}"},"query-input":"required name=search_term_string"}],"inLanguage":"es-MX"},{"@type":"Organization","@id":"https:\/\/compuviper.mx\/tienda\/#organization","name":"Compuviper","url":"https:\/\/compuviper.mx\/tienda\/","logo":{"@type":"ImageObject","inLanguage":"es-MX","@id":"https:\/\/compuviper.mx\/tienda\/#\/schema\/logo\/image\/","url":"https:\/\/compuviper.mx\/tienda\/wp-content\/uploads\/2021\/08\/Logo-Compuviper-10.png","contentUrl":"https:\/\/compuviper.mx\/tienda\/wp-content\/uploads\/2021\/08\/Logo-Compuviper-10.png","width":1000,"height":500,"caption":"Compuviper"},"image":{"@id":"https:\/\/compuviper.mx\/tienda\/#\/schema\/logo\/image\/"},"sameAs":["https:\/\/www.facebook.com\/compuviper","https:\/\/www.youtube.com\/channel\/UCf73dERp9Y3cfOq7q8BhLjA?view_as=subscriber"]}]},"product_brand":"Asus Oem","product_price_amount":"1992","product_price_currency":"MXN","og_availability":"instock","product_availability":"instock","product_retailer_item_id":"VY279HGR","product_condition":"new"},"_links":{"self":[{"href":"https:\/\/compuviper.mx\/tienda\/wp-json\/wp\/v2\/product\/269542"}],"collection":[{"href":"https:\/\/compuviper.mx\/tienda\/wp-json\/wp\/v2\/product"}],"about":[{"href":"https:\/\/compuviper.mx\/tienda\/wp-json\/wp\/v2\/types\/product"}],"replies":[{"embeddable":true,"href":"https:\/\/compuviper.mx\/tienda\/wp-json\/wp\/v2\/comments?post=269542"}],"wp:featuredmedia":[{"embeddable":true,"href":"https:\/\/compuviper.mx\/tienda\/wp-json\/wp\/v2\/media\/269543"}],"wp:attachment":[{"href":"https:\/\/compuviper.mx\/tienda\/wp-json\/wp\/v2\/media?parent=269542"}],"wp:term":[{"taxonomy":"product_cat","embeddable":true,"href":"https:\/\/compuviper.mx\/tienda\/wp-json\/wp\/v2\/product_cat?post=269542"},{"taxonomy":"product_tag","embeddable":true,"href":"https:\/\/compuviper.mx\/tienda\/wp-json\/wp\/v2\/product_tag?post=269542"}],"curies":[{"name":"wp","href":"https:\/\/api.w.org\/{rel}","templated":true}]}}