{"id":269540,"date":"2026-05-16T00:55:07","date_gmt":"2026-05-16T06:55:07","guid":{"rendered":"https:\/\/compuviper.mx\/tienda\/producto\/asus-oem-xg49vq-monitor-gamer-asus-rog-strix-49-3840x1080-tr-4ms-144hz-2x-hdmi-dp-altavoces-vesa-freesync-premium-pro-curvo\/"},"modified":"2026-05-16T00:55:08","modified_gmt":"2026-05-16T06:55:08","slug":"asus-oem-xg49vq-monitor-gamer-asus-rog-strix-49-3840x1080-tr-4ms-144hz-2x-hdmi-dp-altavoces-vesa-freesync-premium-pro-curvo","status":"publish","type":"product","link":"https:\/\/compuviper.mx\/tienda\/producto\/asus-oem-xg49vq-monitor-gamer-asus-rog-strix-49-3840x1080-tr-4ms-144hz-2x-hdmi-dp-altavoces-vesa-freesync-premium-pro-curvo\/","title":{"rendered":"Asus Oem Xg49vq Monitor Gamer Asus Rog Strix  \/49 \/3840&#215;1080 \/tr 4ms \/144hz \/2x Hdmi \/dp \/altavoces \/vesa \/freesync Premium Pro \/curvo"},"content":{"rendered":"<table class=\"descripcion\">\n<tr>\n<td>Modelo  rog strix xg49vq<\/td>\n<\/tr>\n<tr>\n<td>Display<\/td>\n<\/tr>\n<tr>\n<td>Tama\u00f1o de panel (inch) : 49<\/td>\n<\/tr>\n<tr>\n<td>Curvatura : 1800r<\/td>\n<\/tr>\n<tr>\n<td>Relaci\u00f3n de aspecto : 32:9<\/td>\n<\/tr>\n<tr>\n<td>Espacio de color (dci-p3) : 90%<\/td>\n<\/tr>\n<tr>\n<td>Espacio de color (srgb) : 125%<\/td>\n<\/tr>\n<tr>\n<td>Tipo de panel : va<\/td>\n<\/tr>\n<tr>\n<td>Resoluci\u00f3n verdadera : 3840&#215;1080<\/td>\n<\/tr>\n<tr>\n<td>\u00e1rea de visualizaci\u00f3n de pantalla (hxv) : 1195.8 x 336.3 mm<\/td>\n<\/tr>\n<tr>\n<td>Superficie del panel : anti-glare<\/td>\n<\/tr>\n<tr>\n<td>Tama\u00f1o de p\u00edxel : 0.311mm<\/td>\n<\/tr>\n<tr>\n<td>Brillo (tipo) : 450cd\/ and #13217;<\/td>\n<\/tr>\n<tr>\n<td>Brillo (hdr, pico) : 450 cd\/ and #13217;<\/td>\n<\/tr>\n<tr>\n<td>Relaci\u00f3n de contraste : 3000:1<\/td>\n<\/tr>\n<tr>\n<td>\u00e1ngulo de visi\u00f3n (cr and #8807;10) : 178\u00b0\/ 178\u00b0<\/td>\n<\/tr>\n<tr>\n<td>Tiempo de respuesta : 4ms(gtg)<\/td>\n<\/tr>\n<tr>\n<td>Colores en display : 1073.7m (10 bit)<\/td>\n<\/tr>\n<tr>\n<td>Flicker free : yes<\/td>\n<\/tr>\n<tr>\n<td>Soporte hdr (high dynamic range) : hdr10<\/td>\n<\/tr>\n<tr>\n<td>Tasa de refresco (max) : 144hz<\/td>\n<\/tr>\n<tr>\n<td>Caracter\u00edstica de video<\/td>\n<\/tr>\n<tr>\n<td>Tecnolog\u00eda trace free : yes<\/td>\n<\/tr>\n<tr>\n<td>&#8211; gameplus : yes<\/td>\n<\/tr>\n<tr>\n<td>&#8211; low blue light : yes<\/td>\n<\/tr>\n<tr>\n<td>Soporte hdcp : yes<\/td>\n<\/tr>\n<tr>\n<td>&#8211; game visual : yes<\/td>\n<\/tr>\n<tr>\n<td>Tecnolog\u00eda vrr : yes (adaptive-sync)<\/td>\n<\/tr>\n<tr>\n<td>Modo hdr : yes<\/td>\n<\/tr>\n<tr>\n<td>&#8211; shadow boost : yes<\/td>\n<\/tr>\n<tr>\n<td>&#8211; display widget : yes<\/td>\n<\/tr>\n<tr>\n<td>&#8211; pip (pbp) technology : yes<\/td>\n<\/tr>\n<tr>\n<td>Puertos e\/s<\/td>\n<\/tr>\n<tr>\n<td>&#8211; displayport 1.2 x 1<\/td>\n<\/tr>\n<tr>\n<td>&#8211; hdmi(v2.0) x 2<\/td>\n<\/tr>\n<tr>\n<td>Entrada de aud\u00edfonos : yes<\/td>\n<\/tr>\n<tr>\n<td>&#8211; usb hub : 2x usb 3.2 gen 1 type-a<\/td>\n<\/tr>\n<tr>\n<td>Caracter\u00edsticas de audio<\/td>\n<\/tr>\n<tr>\n<td>Bocinas : yes(5wx2)<\/td>\n<\/tr>\n<tr>\n<td>Frecuencia de la se\u00f1al<\/td>\n<\/tr>\n<tr>\n<td>Frecuencia de se\u00f1al digital : 30~167 khz(h) \/ 48~144hz(v)<\/td>\n<\/tr>\n<tr>\n<td>Consumo energ\u00e9tico<\/td>\n<\/tr>\n<tr>\n<td>Consumo energ\u00e9tico :  47w*<\/td>\n<\/tr>\n<tr>\n<td>Modo de ahorro de energ\u00eda :  0.5w<\/td>\n<\/tr>\n<tr>\n<td>Voltaje : 100-240v, 50\/60hz<\/td>\n<\/tr>\n<tr>\n<td>Dise\u00f1o mec\u00e1nico<\/td>\n<\/tr>\n<tr>\n<td>Inclinaci\u00f3n : yes (+20\u00b0 ~ -5\u00b0)<\/td>\n<\/tr>\n<tr>\n<td>Giro : yes (+16\u00b0 ~ -16\u00b0)<\/td>\n<\/tr>\n<tr>\n<td>Ajuste de altura : 0~120mm<\/td>\n<\/tr>\n<tr>\n<td>Montaje vesa : 100x100mm<\/td>\n<\/tr>\n<tr>\n<td>Bloqueo kensington : yes<\/td>\n<\/tr>\n<tr>\n<td>Dimensiones<\/td>\n<\/tr>\n<tr>\n<td>-phys. dimension stand (w x h x d) : 119.33 x 52.91 x 34.47 cm (46.98 x 20.83 x 13.57)<\/td>\n<\/tr>\n<tr>\n<td>-phys. dimension without stand (w x h x d) : 119.33 x 36.97 x 17.84 cm (46.98 x 14.56 x 7.02)<\/td>\n<\/tr>\n<tr>\n<td>-box dimension (w x h x d) : 130.80 x 48.40 x 37.00 cm (51.50 x 19.06 x 14.57)<\/td>\n<\/tr>\n<tr>\n<td>Peso<\/td>\n<\/tr>\n<tr>\n<td>-net weight with stand : 13.3 kg (29.32 lbs)<\/td>\n<\/tr>\n<tr>\n<td>-net weight without stand : 9.7 kg (21.38 lbs)<\/td>\n<\/tr>\n<tr>\n<td>-gross weight : 20.9 kg (46.08 lbs)<\/td>\n<\/tr>\n<tr>\n<td>Cumplimiento y normas<\/td>\n<\/tr>\n<tr>\n<td>T\u00fcv flicker-free<\/td>\n<\/tr>\n<tr>\n<td>T\u00fcv low blue light<\/td>\n<\/tr>\n<tr>\n<td>Vesa displayhdr 400<\/td>\n<\/tr>\n<tr>\n<td>Amd freesync premium pro<\/td>\n<\/tr>\n<\/table>\n","protected":false},"excerpt":{"rendered":"<p>Rog strix xg49vq. Monitor gaming hdr s\u00faper ultra ancho de 49: 9 (3840 x 1080) hdr, 144hz para im\u00e1genes de juego s\u00faper suaves. La tecnolog\u00eda de alto rango din\u00e1mico (hdr) con dci-p3 90% de gama de color profesional ofrece un contraste y rendimiento de color que cumple con la certificaci\u00f3n displayhdr  400. Radeon freesync 2 hdr technology provides buttery-smooth gameplay, low latency, and better brightness and contrast. La tecnolog\u00eda radeon freesync 2 hdr proporciona una mec\u00e1nica de juego suave, baja latencia y mejor brillo y contraste. Shadow boost mejora los detalles de la imagen en \u00e1reas oscuras, iluminando escenas sin sobre-exponer las \u00e1reas brillantes. Los m\u00faltiples modos hdr permiten a los usuarios ajustar la configuraci\u00f3n seg\u00fan el uso, como juegos, creaci\u00f3n de contenido o visualizaci\u00f3n de video<\/p>\n","protected":false},"featured_media":269541,"comment_status":"open","ping_status":"open","template":"","meta":[],"product_cat":[1741,1740],"product_tag":[2096],"acf":[],"yoast_head":"<!-- This site is optimized with the Yoast SEO plugin v21.7 - https:\/\/yoast.com\/wordpress\/plugins\/seo\/ -->\n<title>[ Asus Oem ] &#129351; Xg49vq Monitor Gamer Asus Rog Strix \/49 \/3840x1080 \/tr 4ms \/144hz \/2x Hdmi \/dp \/altavoces \/vesa \/freesync Premium Pro \/curvo<\/title>\n<meta name=\"description\" content=\"Compra Xg49vq Monitor Gamer Asus Rog Strix \/49 \/3840x1080 \/tr 4ms \/144hz \/2x Hdmi \/dp \/altavoces \/vesa \/freesync Premium Pro \/curvo + Env\u00edo a domicilio + Pago seguro + Garant\u00eda\" \/>\n<meta name=\"robots\" content=\"index, follow, max-snippet:-1, max-image-preview:large, max-video-preview:-1\" \/>\n<link rel=\"canonical\" href=\"https:\/\/compuviper.mx\/tienda\/producto\/asus-oem-xg49vq-monitor-gamer-asus-rog-strix-49-3840x1080-tr-4ms-144hz-2x-hdmi-dp-altavoces-vesa-freesync-premium-pro-curvo\/\" \/>\n<meta property=\"og:locale\" content=\"es_MX\" \/>\n<meta property=\"og:type\" content=\"article\" \/>\n<meta property=\"og:title\" content=\"[ Asus Oem ] &#129351; Xg49vq Monitor Gamer Asus Rog Strix \/49 \/3840x1080 \/tr 4ms \/144hz \/2x Hdmi \/dp \/altavoces \/vesa \/freesync Premium Pro \/curvo\" \/>\n<meta property=\"og:description\" content=\"Compra Xg49vq Monitor Gamer Asus Rog Strix \/49 \/3840x1080 \/tr 4ms \/144hz \/2x Hdmi \/dp \/altavoces \/vesa \/freesync Premium Pro \/curvo + Env\u00edo a domicilio + Pago seguro + Garant\u00eda\" \/>\n<meta property=\"og:url\" content=\"https:\/\/compuviper.mx\/tienda\/producto\/asus-oem-xg49vq-monitor-gamer-asus-rog-strix-49-3840x1080-tr-4ms-144hz-2x-hdmi-dp-altavoces-vesa-freesync-premium-pro-curvo\/\" \/>\n<meta property=\"og:site_name\" content=\"Compuviper\" \/>\n<meta property=\"article:publisher\" content=\"https:\/\/www.facebook.com\/compuviper\" \/>\n<meta property=\"article:modified_time\" content=\"2026-05-16T06:55:08+00:00\" \/>\n<meta property=\"og:image\" content=\"https:\/\/compuviper.mx\/tienda\/wp-content\/uploads\/2026\/05\/Monitor-gamer-asus-rog-strix-xg49vq-49-3840x1080-tr-4ms-144hz-2x-hdmi-dp-altavoces-vesa-freesync-premium-pro-curvo.jpg\" \/>\n\t<meta property=\"og:image:width\" content=\"200\" \/>\n\t<meta property=\"og:image:height\" content=\"200\" \/>\n\t<meta property=\"og:image:type\" content=\"image\/jpeg\" \/>\n<meta name=\"twitter:card\" content=\"summary_large_image\" \/>\n<meta name=\"twitter:label1\" content=\"Precio\" \/>\n\t<meta name=\"twitter:data1\" content=\"&#36;13,348 con IVA\" \/>\n\t<meta name=\"twitter:label2\" content=\"Availability\" \/>\n\t<meta name=\"twitter:data2\" content=\"In stock\" \/>\n<script type=\"application\/ld+json\" class=\"yoast-schema-graph\">{\"@context\":\"https:\/\/schema.org\",\"@graph\":[{\"@type\":\"WebPage\",\"@id\":\"https:\/\/compuviper.mx\/tienda\/producto\/asus-oem-xg49vq-monitor-gamer-asus-rog-strix-49-3840x1080-tr-4ms-144hz-2x-hdmi-dp-altavoces-vesa-freesync-premium-pro-curvo\/\",\"url\":\"https:\/\/compuviper.mx\/tienda\/producto\/asus-oem-xg49vq-monitor-gamer-asus-rog-strix-49-3840x1080-tr-4ms-144hz-2x-hdmi-dp-altavoces-vesa-freesync-premium-pro-curvo\/\",\"name\":\"[ Asus Oem ] &#129351; Xg49vq Monitor Gamer Asus Rog Strix \/49 \/3840x1080 \/tr 4ms \/144hz \/2x Hdmi \/dp \/altavoces \/vesa \/freesync Premium Pro \/curvo\",\"isPartOf\":{\"@id\":\"https:\/\/compuviper.mx\/tienda\/#website\"},\"datePublished\":\"2026-05-16T06:55:07+00:00\",\"dateModified\":\"2026-05-16T06:55:08+00:00\",\"description\":\"Compra Xg49vq Monitor Gamer Asus Rog Strix \/49 \/3840x1080 \/tr 4ms \/144hz \/2x Hdmi \/dp \/altavoces \/vesa \/freesync Premium Pro \/curvo + Env\u00edo a domicilio + Pago seguro + Garant\u00eda\",\"breadcrumb\":{\"@id\":\"https:\/\/compuviper.mx\/tienda\/producto\/asus-oem-xg49vq-monitor-gamer-asus-rog-strix-49-3840x1080-tr-4ms-144hz-2x-hdmi-dp-altavoces-vesa-freesync-premium-pro-curvo\/#breadcrumb\"},\"inLanguage\":\"es-MX\",\"potentialAction\":[{\"@type\":\"ReadAction\",\"target\":[\"https:\/\/compuviper.mx\/tienda\/producto\/asus-oem-xg49vq-monitor-gamer-asus-rog-strix-49-3840x1080-tr-4ms-144hz-2x-hdmi-dp-altavoces-vesa-freesync-premium-pro-curvo\/\"]}]},{\"@type\":\"BreadcrumbList\",\"@id\":\"https:\/\/compuviper.mx\/tienda\/producto\/asus-oem-xg49vq-monitor-gamer-asus-rog-strix-49-3840x1080-tr-4ms-144hz-2x-hdmi-dp-altavoces-vesa-freesync-premium-pro-curvo\/#breadcrumb\",\"itemListElement\":[{\"@type\":\"ListItem\",\"position\":1,\"name\":\"Inicio\",\"item\":\"https:\/\/compuviper.mx\/tienda\/\"},{\"@type\":\"ListItem\",\"position\":2,\"name\":\"Productos\",\"item\":\"https:\/\/compuviper.mx\/tienda\/productos\/\"},{\"@type\":\"ListItem\",\"position\":3,\"name\":\"Monitores\",\"item\":\"https:\/\/compuviper.mx\/tienda\/categoria-producto\/monitores\/\"},{\"@type\":\"ListItem\",\"position\":4,\"name\":\"Led\",\"item\":\"https:\/\/compuviper.mx\/tienda\/categoria-producto\/monitores\/led\/\"},{\"@type\":\"ListItem\",\"position\":5,\"name\":\"Asus Oem Xg49vq Monitor Gamer Asus Rog Strix \/49 \/3840&#215;1080 \/tr 4ms \/144hz \/2x Hdmi \/dp \/altavoces \/vesa \/freesync Premium Pro \/curvo\"}]},{\"@type\":\"WebSite\",\"@id\":\"https:\/\/compuviper.mx\/tienda\/#website\",\"url\":\"https:\/\/compuviper.mx\/tienda\/\",\"name\":\"Compuviper\",\"description\":\"Proveedor de Computadoras, Laptops, Servidores, Monitores, Puntos de Venta, Teclados,   Impresoras, T\u00f3ner, C\u00e1maras de Seguridad y m\u00e1s en tu tienda en l\u00ednea\",\"publisher\":{\"@id\":\"https:\/\/compuviper.mx\/tienda\/#organization\"},\"potentialAction\":[{\"@type\":\"SearchAction\",\"target\":{\"@type\":\"EntryPoint\",\"urlTemplate\":\"https:\/\/compuviper.mx\/tienda\/?s={search_term_string}\"},\"query-input\":\"required name=search_term_string\"}],\"inLanguage\":\"es-MX\"},{\"@type\":\"Organization\",\"@id\":\"https:\/\/compuviper.mx\/tienda\/#organization\",\"name\":\"Compuviper\",\"url\":\"https:\/\/compuviper.mx\/tienda\/\",\"logo\":{\"@type\":\"ImageObject\",\"inLanguage\":\"es-MX\",\"@id\":\"https:\/\/compuviper.mx\/tienda\/#\/schema\/logo\/image\/\",\"url\":\"https:\/\/compuviper.mx\/tienda\/wp-content\/uploads\/2021\/08\/Logo-Compuviper-10.png\",\"contentUrl\":\"https:\/\/compuviper.mx\/tienda\/wp-content\/uploads\/2021\/08\/Logo-Compuviper-10.png\",\"width\":1000,\"height\":500,\"caption\":\"Compuviper\"},\"image\":{\"@id\":\"https:\/\/compuviper.mx\/tienda\/#\/schema\/logo\/image\/\"},\"sameAs\":[\"https:\/\/www.facebook.com\/compuviper\",\"https:\/\/www.youtube.com\/channel\/UCf73dERp9Y3cfOq7q8BhLjA?view_as=subscriber\"]}]}<\/script>\n<meta property=\"product:brand\" content=\"Asus Oem\" \/>\n<meta property=\"product:price:amount\" content=\"13348\" \/>\n<meta property=\"product:price:currency\" content=\"MXN\" \/>\n<meta property=\"og:availability\" content=\"instock\" \/>\n<meta property=\"product:availability\" content=\"instock\" \/>\n<meta property=\"product:retailer_item_id\" content=\"XG49VQ\" \/>\n<meta property=\"product:condition\" content=\"new\" \/>\n<!-- \/ Yoast SEO plugin. -->","yoast_head_json":{"title":"[ Asus Oem ] &#129351; Xg49vq Monitor Gamer Asus Rog Strix \/49 \/3840x1080 \/tr 4ms \/144hz \/2x Hdmi \/dp \/altavoces \/vesa \/freesync Premium Pro \/curvo","description":"Compra Xg49vq Monitor Gamer Asus Rog Strix \/49 \/3840x1080 \/tr 4ms \/144hz \/2x Hdmi \/dp \/altavoces \/vesa \/freesync Premium Pro \/curvo + Env\u00edo a domicilio + Pago seguro + Garant\u00eda","robots":{"index":"index","follow":"follow","max-snippet":"max-snippet:-1","max-image-preview":"max-image-preview:large","max-video-preview":"max-video-preview:-1"},"canonical":"https:\/\/compuviper.mx\/tienda\/producto\/asus-oem-xg49vq-monitor-gamer-asus-rog-strix-49-3840x1080-tr-4ms-144hz-2x-hdmi-dp-altavoces-vesa-freesync-premium-pro-curvo\/","og_locale":"es_MX","og_type":"article","og_title":"[ Asus Oem ] &#129351; Xg49vq Monitor Gamer Asus Rog Strix \/49 \/3840x1080 \/tr 4ms \/144hz \/2x Hdmi \/dp \/altavoces \/vesa \/freesync Premium Pro \/curvo","og_description":"Compra Xg49vq Monitor Gamer Asus Rog Strix \/49 \/3840x1080 \/tr 4ms \/144hz \/2x Hdmi \/dp \/altavoces \/vesa \/freesync Premium Pro \/curvo + Env\u00edo a domicilio + Pago seguro + Garant\u00eda","og_url":"https:\/\/compuviper.mx\/tienda\/producto\/asus-oem-xg49vq-monitor-gamer-asus-rog-strix-49-3840x1080-tr-4ms-144hz-2x-hdmi-dp-altavoces-vesa-freesync-premium-pro-curvo\/","og_site_name":"Compuviper","article_publisher":"https:\/\/www.facebook.com\/compuviper","article_modified_time":"2026-05-16T06:55:08+00:00","og_image":[{"width":200,"height":200,"url":"https:\/\/compuviper.mx\/tienda\/wp-content\/uploads\/2026\/05\/Monitor-gamer-asus-rog-strix-xg49vq-49-3840x1080-tr-4ms-144hz-2x-hdmi-dp-altavoces-vesa-freesync-premium-pro-curvo.jpg","type":"image\/jpeg"}],"twitter_card":"summary_large_image","twitter_misc":{"Precio":"&#36;13,348 con IVA","Availability":"In stock"},"schema":{"@context":"https:\/\/schema.org","@graph":[{"@type":"WebPage","@id":"https:\/\/compuviper.mx\/tienda\/producto\/asus-oem-xg49vq-monitor-gamer-asus-rog-strix-49-3840x1080-tr-4ms-144hz-2x-hdmi-dp-altavoces-vesa-freesync-premium-pro-curvo\/","url":"https:\/\/compuviper.mx\/tienda\/producto\/asus-oem-xg49vq-monitor-gamer-asus-rog-strix-49-3840x1080-tr-4ms-144hz-2x-hdmi-dp-altavoces-vesa-freesync-premium-pro-curvo\/","name":"[ Asus Oem ] &#129351; Xg49vq Monitor Gamer Asus Rog Strix \/49 \/3840x1080 \/tr 4ms \/144hz \/2x Hdmi \/dp \/altavoces \/vesa \/freesync Premium Pro \/curvo","isPartOf":{"@id":"https:\/\/compuviper.mx\/tienda\/#website"},"datePublished":"2026-05-16T06:55:07+00:00","dateModified":"2026-05-16T06:55:08+00:00","description":"Compra Xg49vq Monitor Gamer Asus Rog Strix \/49 \/3840x1080 \/tr 4ms \/144hz \/2x Hdmi \/dp \/altavoces \/vesa \/freesync Premium Pro \/curvo + Env\u00edo a domicilio + Pago seguro + Garant\u00eda","breadcrumb":{"@id":"https:\/\/compuviper.mx\/tienda\/producto\/asus-oem-xg49vq-monitor-gamer-asus-rog-strix-49-3840x1080-tr-4ms-144hz-2x-hdmi-dp-altavoces-vesa-freesync-premium-pro-curvo\/#breadcrumb"},"inLanguage":"es-MX","potentialAction":[{"@type":"ReadAction","target":["https:\/\/compuviper.mx\/tienda\/producto\/asus-oem-xg49vq-monitor-gamer-asus-rog-strix-49-3840x1080-tr-4ms-144hz-2x-hdmi-dp-altavoces-vesa-freesync-premium-pro-curvo\/"]}]},{"@type":"BreadcrumbList","@id":"https:\/\/compuviper.mx\/tienda\/producto\/asus-oem-xg49vq-monitor-gamer-asus-rog-strix-49-3840x1080-tr-4ms-144hz-2x-hdmi-dp-altavoces-vesa-freesync-premium-pro-curvo\/#breadcrumb","itemListElement":[{"@type":"ListItem","position":1,"name":"Inicio","item":"https:\/\/compuviper.mx\/tienda\/"},{"@type":"ListItem","position":2,"name":"Productos","item":"https:\/\/compuviper.mx\/tienda\/productos\/"},{"@type":"ListItem","position":3,"name":"Monitores","item":"https:\/\/compuviper.mx\/tienda\/categoria-producto\/monitores\/"},{"@type":"ListItem","position":4,"name":"Led","item":"https:\/\/compuviper.mx\/tienda\/categoria-producto\/monitores\/led\/"},{"@type":"ListItem","position":5,"name":"Asus Oem Xg49vq Monitor Gamer Asus Rog Strix \/49 \/3840&#215;1080 \/tr 4ms \/144hz \/2x Hdmi \/dp \/altavoces \/vesa \/freesync Premium Pro \/curvo"}]},{"@type":"WebSite","@id":"https:\/\/compuviper.mx\/tienda\/#website","url":"https:\/\/compuviper.mx\/tienda\/","name":"Compuviper","description":"Proveedor de Computadoras, Laptops, Servidores, Monitores, Puntos de Venta, Teclados,   Impresoras, T\u00f3ner, C\u00e1maras de Seguridad y m\u00e1s en tu tienda en l\u00ednea","publisher":{"@id":"https:\/\/compuviper.mx\/tienda\/#organization"},"potentialAction":[{"@type":"SearchAction","target":{"@type":"EntryPoint","urlTemplate":"https:\/\/compuviper.mx\/tienda\/?s={search_term_string}"},"query-input":"required name=search_term_string"}],"inLanguage":"es-MX"},{"@type":"Organization","@id":"https:\/\/compuviper.mx\/tienda\/#organization","name":"Compuviper","url":"https:\/\/compuviper.mx\/tienda\/","logo":{"@type":"ImageObject","inLanguage":"es-MX","@id":"https:\/\/compuviper.mx\/tienda\/#\/schema\/logo\/image\/","url":"https:\/\/compuviper.mx\/tienda\/wp-content\/uploads\/2021\/08\/Logo-Compuviper-10.png","contentUrl":"https:\/\/compuviper.mx\/tienda\/wp-content\/uploads\/2021\/08\/Logo-Compuviper-10.png","width":1000,"height":500,"caption":"Compuviper"},"image":{"@id":"https:\/\/compuviper.mx\/tienda\/#\/schema\/logo\/image\/"},"sameAs":["https:\/\/www.facebook.com\/compuviper","https:\/\/www.youtube.com\/channel\/UCf73dERp9Y3cfOq7q8BhLjA?view_as=subscriber"]}]},"product_brand":"Asus Oem","product_price_amount":"13348","product_price_currency":"MXN","og_availability":"instock","product_availability":"instock","product_retailer_item_id":"XG49VQ","product_condition":"new"},"_links":{"self":[{"href":"https:\/\/compuviper.mx\/tienda\/wp-json\/wp\/v2\/product\/269540"}],"collection":[{"href":"https:\/\/compuviper.mx\/tienda\/wp-json\/wp\/v2\/product"}],"about":[{"href":"https:\/\/compuviper.mx\/tienda\/wp-json\/wp\/v2\/types\/product"}],"replies":[{"embeddable":true,"href":"https:\/\/compuviper.mx\/tienda\/wp-json\/wp\/v2\/comments?post=269540"}],"wp:featuredmedia":[{"embeddable":true,"href":"https:\/\/compuviper.mx\/tienda\/wp-json\/wp\/v2\/media\/269541"}],"wp:attachment":[{"href":"https:\/\/compuviper.mx\/tienda\/wp-json\/wp\/v2\/media?parent=269540"}],"wp:term":[{"taxonomy":"product_cat","embeddable":true,"href":"https:\/\/compuviper.mx\/tienda\/wp-json\/wp\/v2\/product_cat?post=269540"},{"taxonomy":"product_tag","embeddable":true,"href":"https:\/\/compuviper.mx\/tienda\/wp-json\/wp\/v2\/product_tag?post=269540"}],"curies":[{"name":"wp","href":"https:\/\/api.w.org\/{rel}","templated":true}]}}