{"id":269536,"date":"2026-05-12T00:47:30","date_gmt":"2026-05-12T06:47:30","guid":{"rendered":"https:\/\/compuviper.mx\/tienda\/producto\/asus-oem-pa278qv-monitor-asus-proart-27-2560x1440-tr-5ms-75hz-dp-hdmi-dvi-vesa-altavoces-altavoces-pivoteable-verif-calman\/"},"modified":"2026-05-12T00:47:31","modified_gmt":"2026-05-12T06:47:31","slug":"asus-oem-pa278qv-monitor-asus-proart-27-2560x1440-tr-5ms-75hz-dp-hdmi-dvi-vesa-altavoces-altavoces-pivoteable-verif-calman","status":"publish","type":"product","link":"https:\/\/compuviper.mx\/tienda\/producto\/asus-oem-pa278qv-monitor-asus-proart-27-2560x1440-tr-5ms-75hz-dp-hdmi-dvi-vesa-altavoces-altavoces-pivoteable-verif-calman\/","title":{"rendered":"Asus Oem Pa278qv Monitor Asus Proart  \/27 \/2560&#215;1440 \/tr 5ms \/75hz \/dp \/hdmi \/dvi \/vesa \/altavoces \/altavoces \/pivoteable \/verif Calman"},"content":{"rendered":"<table class=\"descripcion\">\n<tr>\n<td>Monitor<\/td>\n<\/tr>\n<tr>\n<td>Tama\u00f1o del panel (pulgadas): 27<\/td>\n<\/tr>\n<tr>\n<td>Relaci\u00f3n de aspecto: 16: 9<\/td>\n<\/tr>\n<tr>\n<td>\u00e1rea de visualizaci\u00f3n de la pantalla (h x v): 596,74 x 335,66 mm<\/td>\n<\/tr>\n<tr>\n<td>Superficie de la pantalla: antideslumbrante<\/td>\n<\/tr>\n<tr>\n<td>Tipo de panel: ips<\/td>\n<\/tr>\n<tr>\n<td>\u00e1ngulo de visi\u00f3n (cr  and #8807; 10, h \/ v): 178 \u00b0 \/ 178 \u00b0<\/td>\n<\/tr>\n<tr>\n<td>Paso de p\u00edxeles: 0,233 mm<\/td>\n<\/tr>\n<tr>\n<td>Resoluci\u00f3n: 2560&#215;1440<\/td>\n<\/tr>\n<tr>\n<td>Espacio de color (srgb): 100%<\/td>\n<\/tr>\n<tr>\n<td>Brillo (t\u00edpico): 350 cd \/  and #13217;<\/td>\n<\/tr>\n<tr>\n<td>Relaci\u00f3n de contraste (t\u00edpica): 1000: 1<\/td>\n<\/tr>\n<tr>\n<td>Colores de pantalla: 16,7 m<\/td>\n<\/tr>\n<tr>\n<td>Tiempo de respuesta: 5 ms (gtg)<\/td>\n<\/tr>\n<tr>\n<td>Frecuencia de actualizaci\u00f3n (m\u00e1x.): 75 hz<\/td>\n<\/tr>\n<tr>\n<td>Sin parpadeo: s\u00ed<\/td>\n<\/tr>\n<tr>\n<td>Garant\u00eda lcd zbd: s\u00ed (3 a\u00f1os)<\/td>\n<\/tr>\n<tr>\n<td>Caracter\u00edstica de video<\/td>\n<\/tr>\n<tr>\n<td>Proart preset: est\u00e1ndar<\/td>\n<\/tr>\n<tr>\n<td>Ajuste preestablecido de proart: srgb<\/td>\n<\/tr>\n<tr>\n<td>Ajuste preestablecido de proart: rec. 709<\/td>\n<\/tr>\n<tr>\n<td>Ajuste preestablecido de proart: paisaje<\/td>\n<\/tr>\n<tr>\n<td>Ajuste preestablecido de proart: lectura<\/td>\n<\/tr>\n<tr>\n<td>Ajuste preestablecido de proart: cuarto oscuro<\/td>\n<\/tr>\n<tr>\n<td>Ajuste preestablecido de proart: renderizado r\u00e1pido<\/td>\n<\/tr>\n<tr>\n<td>Proart preset: modo de usuario1<\/td>\n<\/tr>\n<tr>\n<td>Proart preset: modo de usuario 2<\/td>\n<\/tr>\n<tr>\n<td>Paleta proart: s\u00ed<\/td>\n<\/tr>\n<tr>\n<td>Ajuste de gamma: s\u00ed (compatible con gamma 1.8 \/ 2.0 \/ 2.2 \/ 2.4 \/ 2.6)<\/td>\n<\/tr>\n<tr>\n<td>Temperatura de color. selecci\u00f3n: s\u00ed (4 modos)<\/td>\n<\/tr>\n<tr>\n<td>Ajuste de color: ajuste de 6 ejes (r, g, b, c, m, y)<\/td>\n<\/tr>\n<tr>\n<td>Precisi\u00f3n del color:  and #9651; e  2<\/td>\n<\/tr>\n<tr>\n<td>Tecnolog\u00eda vrr: adaptive-sync<\/td>\n<\/tr>\n<tr>\n<td>Quickfit: s\u00ed<\/td>\n<\/tr>\n<tr>\n<td>Sincronizaci\u00f3n de movimiento: s\u00ed<\/td>\n<\/tr>\n<tr>\n<td>Hdcp: s\u00ed<\/td>\n<\/tr>\n<tr>\n<td>Luz azul baja: s\u00ed<\/td>\n<\/tr>\n<tr>\n<td>Proart chroma tune: s\u00ed<\/td>\n<\/tr>\n<tr>\n<td>Caracter\u00edstica de audio<\/td>\n<\/tr>\n<tr>\n<td>S\u00ed (2wx2)<\/td>\n<\/tr>\n<tr>\n<td>Puertos de e \/ s<\/td>\n<\/tr>\n<tr>\n<td>Mini displayport x 1<\/td>\n<\/tr>\n<tr>\n<td>Hdmi (v1.4) x 1<\/td>\n<\/tr>\n<tr>\n<td>Dvi de doble enlace x 1<\/td>\n<\/tr>\n<tr>\n<td>Toma de auriculares: s\u00ed<\/td>\n<\/tr>\n<tr>\n<td>Entrada de audio para pc: s\u00ed<\/td>\n<\/tr>\n<tr>\n<td>Hub usb: s\u00ed (4 puertos usb 3.0)<\/td>\n<\/tr>\n<tr>\n<td>Frecuencia de la se\u00f1al<\/td>\n<\/tr>\n<tr>\n<td>Frecuencia de se\u00f1al digital: 30 ~ 112 khz (h) \/ 46 ~ 75 hz (v)<\/td>\n<\/tr>\n<tr>\n<td>Dise\u00f1o mecanico<\/td>\n<\/tr>\n<tr>\n<td>Inclinaci\u00f3n: s\u00ed (+ 35 \u00b0 ~ -5 \u00b0)<\/td>\n<\/tr>\n<tr>\n<td>Giratorio: s\u00ed (+ 90 \u00b0 ~ -90 \u00b0)<\/td>\n<\/tr>\n<tr>\n<td>Pivote: s\u00ed (+ 90 \u00b0 ~ -90 \u00b0)<\/td>\n<\/tr>\n<tr>\n<td>Ajuste de altura: 0 ~ 150 mm<\/td>\n<\/tr>\n<tr>\n<td>Montaje en pared vesa: 100&#215;100 mm<\/td>\n<\/tr>\n<tr>\n<td>Bloqueo kensington: s\u00ed<\/td>\n<\/tr>\n<tr>\n<td>Dimensiones<\/td>\n<\/tr>\n<tr>\n<td>Phys. dimensi\u00f3n con soporte (an x al x pr): 615 x (382 ~ 532) x 226 mm<\/td>\n<\/tr>\n<tr>\n<td>Phys. dimensi\u00f3n sin soporte (an x al x pr): 615 x 372 x 51 mm<\/td>\n<\/tr>\n<tr>\n<td>Dimensi\u00f3n de la caja (an x al x pr): 735 x 216 x 464 mm<\/td>\n<\/tr>\n<tr>\n<td>Peso<\/td>\n<\/tr>\n<tr>\n<td>Peso neto con soporte: 7,72 kg<\/td>\n<\/tr>\n<tr>\n<td>Peso neto sin soporte: 4,96 kg<\/td>\n<\/tr>\n<tr>\n<td>Peso bruto: 10,77 kg<\/td>\n<\/tr>\n<tr>\n<td>Certificado<\/td>\n<\/tr>\n<tr>\n<td>T\u00fcv sin parpadeo<\/td>\n<\/tr>\n<tr>\n<td>T\u00fcv luz azul baja<\/td>\n<\/tr>\n<tr>\n<td>Calman verificado<\/td>\n<\/tr>\n<\/table>\n","protected":false},"excerpt":{"rendered":"<p>Monitor profesional asus proart display pa278qv &#8211; 27 pulgadas, ips, wqhd (2560 x 1440), 100% srgb, 100% rec. 709, precisi\u00f3n de color  and #916;e  2, calman verified, preajuste proart, paleta proart, soporte ergon\u00f3mico. Monitor ips wqhd (2560x 1440) de 27 pulgadas con dise\u00f1o sin marco. Color internacional est\u00e1ndar 100% srgb y 100% rec. 709 amplia gama de colores. Verificaci\u00f3n calman con calibrado de f\u00e1brica para una excelente precisi\u00f3n de color delta e  2. Proart preset y proart palette exclusivos de asus proporcionan numerosos par\u00e1metros de color ajustables. Frecuencia de actualizaci\u00f3n de 75hz y tecnolog\u00eda adaptive-sync (48 ~ 75hz) para contenido animado con acci\u00f3n r\u00e1pida y elimina el desgarro de pantalla. Amplia conectividad para una m\u00e1xima flexibilidad, que incluye mini displayport, displayport, hdmi, dual-link dvi-d, entrada de audio y conector para aud\u00edfonos, adem\u00e1s de cuatro puertos usb 3.0. Base ergon\u00f3mica con ajustes de inclinaci\u00f3n, giro, pivote y altura para una experiencia de visualizaci\u00f3n c\u00f3moda, adem\u00e1s de montaje en pared vesa.<\/p>\n","protected":false},"featured_media":269537,"comment_status":"open","ping_status":"open","template":"","meta":[],"product_cat":[1741,1740],"product_tag":[2096],"acf":[],"yoast_head":"<!-- This site is optimized with the Yoast SEO plugin v21.7 - https:\/\/yoast.com\/wordpress\/plugins\/seo\/ -->\n<title>[ Asus Oem ] &#129351; Pa278qv Monitor Asus Proart \/27 \/2560x1440 \/tr 5ms \/75hz \/dp \/hdmi \/dvi \/vesa \/altavoces \/altavoces \/pivoteable \/verif Calman<\/title>\n<meta name=\"description\" content=\"Compra Pa278qv Monitor Asus Proart \/27 \/2560x1440 \/tr 5ms \/75hz \/dp \/hdmi \/dvi \/vesa \/altavoces \/altavoces \/pivoteable \/verif Calman + Env\u00edo a domicilio + Pago seguro + Garant\u00eda\" \/>\n<meta name=\"robots\" content=\"index, follow, max-snippet:-1, max-image-preview:large, max-video-preview:-1\" \/>\n<link rel=\"canonical\" href=\"https:\/\/compuviper.mx\/tienda\/producto\/asus-oem-pa278qv-monitor-asus-proart-27-2560x1440-tr-5ms-75hz-dp-hdmi-dvi-vesa-altavoces-altavoces-pivoteable-verif-calman\/\" \/>\n<meta property=\"og:locale\" content=\"es_MX\" \/>\n<meta property=\"og:type\" content=\"article\" \/>\n<meta property=\"og:title\" content=\"[ Asus Oem ] &#129351; Pa278qv Monitor Asus Proart \/27 \/2560x1440 \/tr 5ms \/75hz \/dp \/hdmi \/dvi \/vesa \/altavoces \/altavoces \/pivoteable \/verif Calman\" \/>\n<meta property=\"og:description\" content=\"Compra Pa278qv Monitor Asus Proart \/27 \/2560x1440 \/tr 5ms \/75hz \/dp \/hdmi \/dvi \/vesa \/altavoces \/altavoces \/pivoteable \/verif Calman + Env\u00edo a domicilio + Pago seguro + Garant\u00eda\" \/>\n<meta property=\"og:url\" content=\"https:\/\/compuviper.mx\/tienda\/producto\/asus-oem-pa278qv-monitor-asus-proart-27-2560x1440-tr-5ms-75hz-dp-hdmi-dvi-vesa-altavoces-altavoces-pivoteable-verif-calman\/\" \/>\n<meta property=\"og:site_name\" content=\"Compuviper\" \/>\n<meta property=\"article:publisher\" content=\"https:\/\/www.facebook.com\/compuviper\" \/>\n<meta property=\"article:modified_time\" content=\"2026-05-12T06:47:31+00:00\" \/>\n<meta property=\"og:image\" content=\"https:\/\/compuviper.mx\/tienda\/wp-content\/uploads\/2026\/05\/Monitor-asus-proart-pa278qv-27-2560x1440-tr-5ms-75hz-dp-hdmi-dvi-vesa-altavoces-altavoces-pivoteable-verif-calman.jpg\" \/>\n\t<meta property=\"og:image:width\" content=\"200\" \/>\n\t<meta property=\"og:image:height\" content=\"200\" \/>\n\t<meta property=\"og:image:type\" content=\"image\/jpeg\" \/>\n<meta name=\"twitter:card\" content=\"summary_large_image\" \/>\n<meta name=\"twitter:label1\" content=\"Precio\" \/>\n\t<meta name=\"twitter:data1\" content=\"&#36;3,751 con IVA\" \/>\n\t<meta name=\"twitter:label2\" content=\"Availability\" \/>\n\t<meta name=\"twitter:data2\" content=\"In stock\" \/>\n<script type=\"application\/ld+json\" class=\"yoast-schema-graph\">{\"@context\":\"https:\/\/schema.org\",\"@graph\":[{\"@type\":\"WebPage\",\"@id\":\"https:\/\/compuviper.mx\/tienda\/producto\/asus-oem-pa278qv-monitor-asus-proart-27-2560x1440-tr-5ms-75hz-dp-hdmi-dvi-vesa-altavoces-altavoces-pivoteable-verif-calman\/\",\"url\":\"https:\/\/compuviper.mx\/tienda\/producto\/asus-oem-pa278qv-monitor-asus-proart-27-2560x1440-tr-5ms-75hz-dp-hdmi-dvi-vesa-altavoces-altavoces-pivoteable-verif-calman\/\",\"name\":\"[ Asus Oem ] &#129351; Pa278qv Monitor Asus Proart \/27 \/2560x1440 \/tr 5ms \/75hz \/dp \/hdmi \/dvi \/vesa \/altavoces \/altavoces \/pivoteable \/verif Calman\",\"isPartOf\":{\"@id\":\"https:\/\/compuviper.mx\/tienda\/#website\"},\"datePublished\":\"2026-05-12T06:47:30+00:00\",\"dateModified\":\"2026-05-12T06:47:31+00:00\",\"description\":\"Compra Pa278qv Monitor Asus Proart \/27 \/2560x1440 \/tr 5ms \/75hz \/dp \/hdmi \/dvi \/vesa \/altavoces \/altavoces \/pivoteable \/verif Calman + Env\u00edo a domicilio + Pago seguro + Garant\u00eda\",\"breadcrumb\":{\"@id\":\"https:\/\/compuviper.mx\/tienda\/producto\/asus-oem-pa278qv-monitor-asus-proart-27-2560x1440-tr-5ms-75hz-dp-hdmi-dvi-vesa-altavoces-altavoces-pivoteable-verif-calman\/#breadcrumb\"},\"inLanguage\":\"es-MX\",\"potentialAction\":[{\"@type\":\"ReadAction\",\"target\":[\"https:\/\/compuviper.mx\/tienda\/producto\/asus-oem-pa278qv-monitor-asus-proart-27-2560x1440-tr-5ms-75hz-dp-hdmi-dvi-vesa-altavoces-altavoces-pivoteable-verif-calman\/\"]}]},{\"@type\":\"BreadcrumbList\",\"@id\":\"https:\/\/compuviper.mx\/tienda\/producto\/asus-oem-pa278qv-monitor-asus-proart-27-2560x1440-tr-5ms-75hz-dp-hdmi-dvi-vesa-altavoces-altavoces-pivoteable-verif-calman\/#breadcrumb\",\"itemListElement\":[{\"@type\":\"ListItem\",\"position\":1,\"name\":\"Inicio\",\"item\":\"https:\/\/compuviper.mx\/tienda\/\"},{\"@type\":\"ListItem\",\"position\":2,\"name\":\"Productos\",\"item\":\"https:\/\/compuviper.mx\/tienda\/productos\/\"},{\"@type\":\"ListItem\",\"position\":3,\"name\":\"Monitores\",\"item\":\"https:\/\/compuviper.mx\/tienda\/categoria-producto\/monitores\/\"},{\"@type\":\"ListItem\",\"position\":4,\"name\":\"Led\",\"item\":\"https:\/\/compuviper.mx\/tienda\/categoria-producto\/monitores\/led\/\"},{\"@type\":\"ListItem\",\"position\":5,\"name\":\"Asus Oem Pa278qv Monitor Asus Proart \/27 \/2560&#215;1440 \/tr 5ms \/75hz \/dp \/hdmi \/dvi \/vesa \/altavoces \/altavoces \/pivoteable \/verif Calman\"}]},{\"@type\":\"WebSite\",\"@id\":\"https:\/\/compuviper.mx\/tienda\/#website\",\"url\":\"https:\/\/compuviper.mx\/tienda\/\",\"name\":\"Compuviper\",\"description\":\"Proveedor de Computadoras, Laptops, Servidores, Monitores, Puntos de Venta, Teclados,   Impresoras, T\u00f3ner, C\u00e1maras de Seguridad y m\u00e1s en tu tienda en l\u00ednea\",\"publisher\":{\"@id\":\"https:\/\/compuviper.mx\/tienda\/#organization\"},\"potentialAction\":[{\"@type\":\"SearchAction\",\"target\":{\"@type\":\"EntryPoint\",\"urlTemplate\":\"https:\/\/compuviper.mx\/tienda\/?s={search_term_string}\"},\"query-input\":\"required name=search_term_string\"}],\"inLanguage\":\"es-MX\"},{\"@type\":\"Organization\",\"@id\":\"https:\/\/compuviper.mx\/tienda\/#organization\",\"name\":\"Compuviper\",\"url\":\"https:\/\/compuviper.mx\/tienda\/\",\"logo\":{\"@type\":\"ImageObject\",\"inLanguage\":\"es-MX\",\"@id\":\"https:\/\/compuviper.mx\/tienda\/#\/schema\/logo\/image\/\",\"url\":\"https:\/\/compuviper.mx\/tienda\/wp-content\/uploads\/2021\/08\/Logo-Compuviper-10.png\",\"contentUrl\":\"https:\/\/compuviper.mx\/tienda\/wp-content\/uploads\/2021\/08\/Logo-Compuviper-10.png\",\"width\":1000,\"height\":500,\"caption\":\"Compuviper\"},\"image\":{\"@id\":\"https:\/\/compuviper.mx\/tienda\/#\/schema\/logo\/image\/\"},\"sameAs\":[\"https:\/\/www.facebook.com\/compuviper\",\"https:\/\/www.youtube.com\/channel\/UCf73dERp9Y3cfOq7q8BhLjA?view_as=subscriber\"]}]}<\/script>\n<meta property=\"product:brand\" content=\"Asus Oem\" \/>\n<meta property=\"product:price:amount\" content=\"3751\" \/>\n<meta property=\"product:price:currency\" content=\"MXN\" \/>\n<meta property=\"og:availability\" content=\"instock\" \/>\n<meta property=\"product:availability\" content=\"instock\" \/>\n<meta property=\"product:retailer_item_id\" content=\"PA278QV\" \/>\n<meta property=\"product:condition\" content=\"new\" \/>\n<!-- \/ Yoast SEO plugin. -->","yoast_head_json":{"title":"[ Asus Oem ] &#129351; Pa278qv Monitor Asus Proart \/27 \/2560x1440 \/tr 5ms \/75hz \/dp \/hdmi \/dvi \/vesa \/altavoces \/altavoces \/pivoteable \/verif Calman","description":"Compra Pa278qv Monitor Asus Proart \/27 \/2560x1440 \/tr 5ms \/75hz \/dp \/hdmi \/dvi \/vesa \/altavoces \/altavoces \/pivoteable \/verif Calman + Env\u00edo a domicilio + Pago seguro + Garant\u00eda","robots":{"index":"index","follow":"follow","max-snippet":"max-snippet:-1","max-image-preview":"max-image-preview:large","max-video-preview":"max-video-preview:-1"},"canonical":"https:\/\/compuviper.mx\/tienda\/producto\/asus-oem-pa278qv-monitor-asus-proart-27-2560x1440-tr-5ms-75hz-dp-hdmi-dvi-vesa-altavoces-altavoces-pivoteable-verif-calman\/","og_locale":"es_MX","og_type":"article","og_title":"[ Asus Oem ] &#129351; Pa278qv Monitor Asus Proart \/27 \/2560x1440 \/tr 5ms \/75hz \/dp \/hdmi \/dvi \/vesa \/altavoces \/altavoces \/pivoteable \/verif Calman","og_description":"Compra Pa278qv Monitor Asus Proart \/27 \/2560x1440 \/tr 5ms \/75hz \/dp \/hdmi \/dvi \/vesa \/altavoces \/altavoces \/pivoteable \/verif Calman + Env\u00edo a domicilio + Pago seguro + Garant\u00eda","og_url":"https:\/\/compuviper.mx\/tienda\/producto\/asus-oem-pa278qv-monitor-asus-proart-27-2560x1440-tr-5ms-75hz-dp-hdmi-dvi-vesa-altavoces-altavoces-pivoteable-verif-calman\/","og_site_name":"Compuviper","article_publisher":"https:\/\/www.facebook.com\/compuviper","article_modified_time":"2026-05-12T06:47:31+00:00","og_image":[{"width":200,"height":200,"url":"https:\/\/compuviper.mx\/tienda\/wp-content\/uploads\/2026\/05\/Monitor-asus-proart-pa278qv-27-2560x1440-tr-5ms-75hz-dp-hdmi-dvi-vesa-altavoces-altavoces-pivoteable-verif-calman.jpg","type":"image\/jpeg"}],"twitter_card":"summary_large_image","twitter_misc":{"Precio":"&#36;3,751 con IVA","Availability":"In stock"},"schema":{"@context":"https:\/\/schema.org","@graph":[{"@type":"WebPage","@id":"https:\/\/compuviper.mx\/tienda\/producto\/asus-oem-pa278qv-monitor-asus-proart-27-2560x1440-tr-5ms-75hz-dp-hdmi-dvi-vesa-altavoces-altavoces-pivoteable-verif-calman\/","url":"https:\/\/compuviper.mx\/tienda\/producto\/asus-oem-pa278qv-monitor-asus-proart-27-2560x1440-tr-5ms-75hz-dp-hdmi-dvi-vesa-altavoces-altavoces-pivoteable-verif-calman\/","name":"[ Asus Oem ] &#129351; Pa278qv Monitor Asus Proart \/27 \/2560x1440 \/tr 5ms \/75hz \/dp \/hdmi \/dvi \/vesa \/altavoces \/altavoces \/pivoteable \/verif Calman","isPartOf":{"@id":"https:\/\/compuviper.mx\/tienda\/#website"},"datePublished":"2026-05-12T06:47:30+00:00","dateModified":"2026-05-12T06:47:31+00:00","description":"Compra Pa278qv Monitor Asus Proart \/27 \/2560x1440 \/tr 5ms \/75hz \/dp \/hdmi \/dvi \/vesa \/altavoces \/altavoces \/pivoteable \/verif Calman + Env\u00edo a domicilio + Pago seguro + Garant\u00eda","breadcrumb":{"@id":"https:\/\/compuviper.mx\/tienda\/producto\/asus-oem-pa278qv-monitor-asus-proart-27-2560x1440-tr-5ms-75hz-dp-hdmi-dvi-vesa-altavoces-altavoces-pivoteable-verif-calman\/#breadcrumb"},"inLanguage":"es-MX","potentialAction":[{"@type":"ReadAction","target":["https:\/\/compuviper.mx\/tienda\/producto\/asus-oem-pa278qv-monitor-asus-proart-27-2560x1440-tr-5ms-75hz-dp-hdmi-dvi-vesa-altavoces-altavoces-pivoteable-verif-calman\/"]}]},{"@type":"BreadcrumbList","@id":"https:\/\/compuviper.mx\/tienda\/producto\/asus-oem-pa278qv-monitor-asus-proart-27-2560x1440-tr-5ms-75hz-dp-hdmi-dvi-vesa-altavoces-altavoces-pivoteable-verif-calman\/#breadcrumb","itemListElement":[{"@type":"ListItem","position":1,"name":"Inicio","item":"https:\/\/compuviper.mx\/tienda\/"},{"@type":"ListItem","position":2,"name":"Productos","item":"https:\/\/compuviper.mx\/tienda\/productos\/"},{"@type":"ListItem","position":3,"name":"Monitores","item":"https:\/\/compuviper.mx\/tienda\/categoria-producto\/monitores\/"},{"@type":"ListItem","position":4,"name":"Led","item":"https:\/\/compuviper.mx\/tienda\/categoria-producto\/monitores\/led\/"},{"@type":"ListItem","position":5,"name":"Asus Oem Pa278qv Monitor Asus Proart \/27 \/2560&#215;1440 \/tr 5ms \/75hz \/dp \/hdmi \/dvi \/vesa \/altavoces \/altavoces \/pivoteable \/verif Calman"}]},{"@type":"WebSite","@id":"https:\/\/compuviper.mx\/tienda\/#website","url":"https:\/\/compuviper.mx\/tienda\/","name":"Compuviper","description":"Proveedor de Computadoras, Laptops, Servidores, Monitores, Puntos de Venta, Teclados,   Impresoras, T\u00f3ner, C\u00e1maras de Seguridad y m\u00e1s en tu tienda en l\u00ednea","publisher":{"@id":"https:\/\/compuviper.mx\/tienda\/#organization"},"potentialAction":[{"@type":"SearchAction","target":{"@type":"EntryPoint","urlTemplate":"https:\/\/compuviper.mx\/tienda\/?s={search_term_string}"},"query-input":"required name=search_term_string"}],"inLanguage":"es-MX"},{"@type":"Organization","@id":"https:\/\/compuviper.mx\/tienda\/#organization","name":"Compuviper","url":"https:\/\/compuviper.mx\/tienda\/","logo":{"@type":"ImageObject","inLanguage":"es-MX","@id":"https:\/\/compuviper.mx\/tienda\/#\/schema\/logo\/image\/","url":"https:\/\/compuviper.mx\/tienda\/wp-content\/uploads\/2021\/08\/Logo-Compuviper-10.png","contentUrl":"https:\/\/compuviper.mx\/tienda\/wp-content\/uploads\/2021\/08\/Logo-Compuviper-10.png","width":1000,"height":500,"caption":"Compuviper"},"image":{"@id":"https:\/\/compuviper.mx\/tienda\/#\/schema\/logo\/image\/"},"sameAs":["https:\/\/www.facebook.com\/compuviper","https:\/\/www.youtube.com\/channel\/UCf73dERp9Y3cfOq7q8BhLjA?view_as=subscriber"]}]},"product_brand":"Asus Oem","product_price_amount":"3751","product_price_currency":"MXN","og_availability":"instock","product_availability":"instock","product_retailer_item_id":"PA278QV","product_condition":"new"},"_links":{"self":[{"href":"https:\/\/compuviper.mx\/tienda\/wp-json\/wp\/v2\/product\/269536"}],"collection":[{"href":"https:\/\/compuviper.mx\/tienda\/wp-json\/wp\/v2\/product"}],"about":[{"href":"https:\/\/compuviper.mx\/tienda\/wp-json\/wp\/v2\/types\/product"}],"replies":[{"embeddable":true,"href":"https:\/\/compuviper.mx\/tienda\/wp-json\/wp\/v2\/comments?post=269536"}],"wp:featuredmedia":[{"embeddable":true,"href":"https:\/\/compuviper.mx\/tienda\/wp-json\/wp\/v2\/media\/269537"}],"wp:attachment":[{"href":"https:\/\/compuviper.mx\/tienda\/wp-json\/wp\/v2\/media?parent=269536"}],"wp:term":[{"taxonomy":"product_cat","embeddable":true,"href":"https:\/\/compuviper.mx\/tienda\/wp-json\/wp\/v2\/product_cat?post=269536"},{"taxonomy":"product_tag","embeddable":true,"href":"https:\/\/compuviper.mx\/tienda\/wp-json\/wp\/v2\/product_tag?post=269536"}],"curies":[{"name":"wp","href":"https:\/\/api.w.org\/{rel}","templated":true}]}}