{"id":269534,"date":"2026-05-12T00:47:28","date_gmt":"2026-05-12T06:47:28","guid":{"rendered":"https:\/\/compuviper.mx\/tienda\/producto\/asus-oem-vt229h-monitor-touch-asus-21-5-1920x1080-tr-5ms-hdmi-vga-vesa-altavoces\/"},"modified":"2026-05-12T00:47:28","modified_gmt":"2026-05-12T06:47:28","slug":"asus-oem-vt229h-monitor-touch-asus-21-5-1920x1080-tr-5ms-hdmi-vga-vesa-altavoces","status":"publish","type":"product","link":"https:\/\/compuviper.mx\/tienda\/producto\/asus-oem-vt229h-monitor-touch-asus-21-5-1920x1080-tr-5ms-hdmi-vga-vesa-altavoces\/","title":{"rendered":"Asus Oem Vt229h Monitor Touch Asus  \/21.5 \/1920&#215;1080 \/tr 5ms \/hdmi \/vga \/vesa \/altavoces"},"content":{"rendered":"<table class=\"descripcion\">\n<tr>\n<td>Monitor<\/td>\n<\/tr>\n<tr>\n<td>Tama\u00f1o del panel: pantalla ancha 21.5 (54.6cm) 16: 9<\/td>\n<\/tr>\n<tr>\n<td>Tipo de panel: ips<\/td>\n<\/tr>\n<tr>\n<td>Resoluci\u00f3n verdadera: 1920&#215;1080<\/td>\n<\/tr>\n<tr>\n<td>\u00e1rea de visualizaci\u00f3n de la pantalla (hxv): 476.64 x 268.11 mm<\/td>\n<\/tr>\n<tr>\n<td>Full hd 1080p: s\u00ed<\/td>\n<\/tr>\n<tr>\n<td>Pantalla surfaceglare, dureza 7h<\/td>\n<\/tr>\n<tr>\n<td>Pitch pixel: 0.2482 mm<\/td>\n<\/tr>\n<tr>\n<td>Brillo (m\u00e1x.): 250 cd \/<\/td>\n<\/tr>\n<tr>\n<td>Relaci\u00f3n de contraste (m\u00e1x.): 1000: 1<\/td>\n<\/tr>\n<tr>\n<td>Asus smart contrast ratio (ascr): 100000000: 1<\/td>\n<\/tr>\n<tr>\n<td>\u00e1ngulo de visi\u00f3n (cr 10): 178 \u00b0 (h) \/ 178 \u00b0 (v)<\/td>\n<\/tr>\n<tr>\n<td>Tiempo de respuesta: 5 ms (gris a gris)<\/td>\n<\/tr>\n<tr>\n<td>Colores de la pantalla: 16.7m<\/td>\n<\/tr>\n<tr>\n<td>Sin destellos<\/td>\n<\/tr>\n<tr>\n<td>Pantalla t\u00e1ctil: s\u00ed, capacitiva multit\u00e1ctil de 10 puntos<\/td>\n<\/tr>\n<tr>\n<td>Espesor de cristal t\u00e1ctil: 1.1 mm<\/td>\n<\/tr>\n<tr>\n<td>Caracter\u00edstica de video<\/td>\n<\/tr>\n<tr>\n<td>Tecnolog\u00eda libre de trazas: s\u00ed<\/td>\n<\/tr>\n<tr>\n<td>Splendid modos de preajuste de video: 8 modos (modo srgb \/ modo de paisaje \/ modo de teatro \/ modo est\u00e1ndar \/ modo de vista nocturna \/ modo de juego \/ modo de lectura \/ modo de cuarto oscuro)<\/td>\n<\/tr>\n<tr>\n<td>Selecci\u00f3n de tono de piel: 3 modos<\/td>\n<\/tr>\n<tr>\n<td>Selecci\u00f3n de temperatura de color: 4 modos<\/td>\n<\/tr>\n<tr>\n<td>Quickfit (modos): s\u00ed (cuadr\u00edcula de alineaci\u00f3n \/ modos de foto)<\/td>\n<\/tr>\n<tr>\n<td>Luz azul baja: si<\/td>\n<\/tr>\n<tr>\n<td>Soporte hdcp: si<\/td>\n<\/tr>\n<tr>\n<td>Vividpixel: s\u00ed<\/td>\n<\/tr>\n<tr>\n<td>Caracter\u00edsticas de audio<\/td>\n<\/tr>\n<tr>\n<td>Altavoces est\u00e9reo: 1.5w x 2 rms est\u00e9reo<\/td>\n<\/tr>\n<tr>\n<td>Puertos de e \/ s<\/td>\n<\/tr>\n<tr>\n<td>Entrada de se\u00f1al: hdmi, d-sub<\/td>\n<\/tr>\n<tr>\n<td>Entrada de audio de pc: mini jack de 3,5 mm<\/td>\n<\/tr>\n<tr>\n<td>Puerto (s) usb: 2.0&#215;1, * 1<\/td>\n<\/tr>\n<tr>\n<td>Frecuencia de la se\u00f1al<\/td>\n<\/tr>\n<tr>\n<td>Frecuencia de la se\u00f1al anal\u00f3gica: 30 ~ 83 khz (h) \/ 50 ~ 75 hz (v)<\/td>\n<\/tr>\n<tr>\n<td>Frecuencia de la se\u00f1al digital: 30 ~ 83 khz (h) \/ 50 ~ 75 hz (v)<\/td>\n<\/tr>\n<tr>\n<td>El consumo de energ\u00eda<\/td>\n<\/tr>\n<tr>\n<td>Encendido:  21.9w (* 2)<\/td>\n<\/tr>\n<tr>\n<td>Ahorro de energ\u00eda \/ apagado:  0.5w<\/td>\n<\/tr>\n<tr>\n<td>100-240v, 50 \/ 60hz<\/td>\n<\/tr>\n<tr>\n<td>Dise\u00f1o mecanico<\/td>\n<\/tr>\n<tr>\n<td>Colores del chasis: negro<\/td>\n<\/tr>\n<tr>\n<td>Inclinaci\u00f3n: + 20 \u00b0 ~ -5 \u00b0<\/td>\n<\/tr>\n<tr>\n<td>Montaje en pared vesa: 100x100mm<\/td>\n<\/tr>\n<tr>\n<td>Seguridad<\/td>\n<\/tr>\n<tr>\n<td>Cerradura kensington<\/td>\n<\/tr>\n<tr>\n<td>Dimensiones<\/td>\n<\/tr>\n<tr>\n<td>Fis. dimensi\u00f3n con soporte (wxhxd): 491.5 x 300.1 x 204.4 mm<\/td>\n<\/tr>\n<tr>\n<td>Fis. dimensi\u00f3n sin soporte (wxhxd): 491.5 x 300.1 x 51.9 mm (para montaje en pared vesa)<\/td>\n<\/tr>\n<tr>\n<td>Dimensi\u00f3n de la caja (wxhxd): 558 x 430 x 137 mm<\/td>\n<\/tr>\n<tr>\n<td>Peso<\/td>\n<\/tr>\n<tr>\n<td>Peso neto (esti.): 3.83 kg; 3.18kg (sin soporte)<\/td>\n<\/tr>\n<tr>\n<td>Peso bruto (esti.): 6.13kg<\/td>\n<\/tr>\n<tr>\n<td>Accesorios<\/td>\n<\/tr>\n<tr>\n<td>Cable vga (opcional)<\/td>\n<\/tr>\n<tr>\n<td>Cable de audio<\/td>\n<\/tr>\n<tr>\n<td>Cable de alimentaci\u00f3n<\/td>\n<\/tr>\n<tr>\n<td>Cable usb<\/td>\n<\/tr>\n<tr>\n<td>Gu\u00eda de inicio r\u00e1pido<\/td>\n<\/tr>\n<tr>\n<td>Cable hdmi (opcional)<\/td>\n<\/tr>\n<tr>\n<td>Tarjeta de garant\u00eda<\/td>\n<\/tr>\n<tr>\n<td>Cumplimiento y normas<\/td>\n<\/tr>\n<tr>\n<td>Energy star\u00ae, bsmi, cb, ccc, ce, nivel cel, erp, fcc, iso-9241-307, j-moss, kcc, pse, rohs, ul \/ cul, vcci, weee, whql (windows 10, windows 8.1 , windows 7), meps, rcm, tuv flicker-free, kc, estandby, tuv low blue light<\/td>\n<\/tr>\n<tr>\n<td>Nota<\/td>\n<\/tr>\n<tr>\n<td>* 1. para se\u00f1al de toque<\/td>\n<\/tr>\n<tr>\n<td>* 2. medici\u00f3n de un brillo de pantalla de 200 nits sin conexi\u00f3n de audio \/ usb<\/td>\n<\/tr>\n<\/table>\n","protected":false},"excerpt":{"rendered":"<p>Monitor t\u00e1ctil asus vt229h &#8211; 21.5 fhd (1920&#215;1080), t\u00e1ctil de 10 puntos, ips, \u00e1ngulo de visi\u00f3n de 178 \u00b0, sin marco, sin parpadeo, luz azul baja, hdmi, dureza 7h. Tecnolog\u00eda ips full hd de 21.5 con \u00e1ngulos de visi\u00f3n incre\u00edblemente amplios de 178 ?. La capacidad multit\u00e1ctil de 10 puntos con pantalla de dureza 7h brinda una experiencia t\u00e1ctil suave y duradera. Cumplimiento de windows 10. Su dise\u00f1o sin marco lo hace perfecto para configuraciones de pantallas m\u00faltiples casi sin problemas. Los monitores para el cuidado de los ojos de asus cuentan con las tecnolog\u00edas t\u00fcv rheinland sin parpadeo y con poca luz azul para garantizar una experiencia de visualizaci\u00f3n c\u00f3moda<\/p>\n","protected":false},"featured_media":269535,"comment_status":"open","ping_status":"open","template":"","meta":[],"product_cat":[1740,1741],"product_tag":[2096],"acf":[],"yoast_head":"<!-- This site is optimized with the Yoast SEO plugin v21.7 - https:\/\/yoast.com\/wordpress\/plugins\/seo\/ -->\n<title>[ Asus Oem ] &#129351; Vt229h Monitor Touch Asus \/21.5 \/1920x1080 \/tr 5ms \/hdmi \/vga \/vesa \/altavoces<\/title>\n<meta name=\"description\" content=\"Compra Vt229h Monitor Touch Asus \/21.5 \/1920x1080 \/tr 5ms \/hdmi \/vga \/vesa \/altavoces + Env\u00edo a domicilio + Pago seguro + Garant\u00eda\" \/>\n<meta name=\"robots\" content=\"index, follow, max-snippet:-1, max-image-preview:large, max-video-preview:-1\" \/>\n<link rel=\"canonical\" href=\"https:\/\/compuviper.mx\/tienda\/producto\/asus-oem-vt229h-monitor-touch-asus-21-5-1920x1080-tr-5ms-hdmi-vga-vesa-altavoces\/\" \/>\n<meta property=\"og:locale\" content=\"es_MX\" \/>\n<meta property=\"og:type\" content=\"article\" \/>\n<meta property=\"og:title\" content=\"[ Asus Oem ] &#129351; Vt229h Monitor Touch Asus \/21.5 \/1920x1080 \/tr 5ms \/hdmi \/vga \/vesa \/altavoces\" \/>\n<meta property=\"og:description\" content=\"Compra Vt229h Monitor Touch Asus \/21.5 \/1920x1080 \/tr 5ms \/hdmi \/vga \/vesa \/altavoces + Env\u00edo a domicilio + Pago seguro + Garant\u00eda\" \/>\n<meta property=\"og:url\" content=\"https:\/\/compuviper.mx\/tienda\/producto\/asus-oem-vt229h-monitor-touch-asus-21-5-1920x1080-tr-5ms-hdmi-vga-vesa-altavoces\/\" \/>\n<meta property=\"og:site_name\" content=\"Compuviper\" \/>\n<meta property=\"article:publisher\" content=\"https:\/\/www.facebook.com\/compuviper\" \/>\n<meta property=\"og:image\" content=\"https:\/\/compuviper.mx\/tienda\/wp-content\/uploads\/2026\/05\/Monitor-touch-asus-vt229h-21.5-1920x1080-tr-5ms-hdmi-vga-vesa-altavoces.jpg\" \/>\n\t<meta property=\"og:image:width\" content=\"200\" \/>\n\t<meta property=\"og:image:height\" content=\"200\" \/>\n\t<meta property=\"og:image:type\" content=\"image\/jpeg\" \/>\n<meta name=\"twitter:card\" content=\"summary_large_image\" \/>\n<meta name=\"twitter:label1\" content=\"Precio\" \/>\n\t<meta name=\"twitter:data1\" content=\"&#36;3,327 con IVA\" \/>\n\t<meta name=\"twitter:label2\" content=\"Availability\" \/>\n\t<meta name=\"twitter:data2\" content=\"In stock\" \/>\n<script type=\"application\/ld+json\" class=\"yoast-schema-graph\">{\"@context\":\"https:\/\/schema.org\",\"@graph\":[{\"@type\":\"WebPage\",\"@id\":\"https:\/\/compuviper.mx\/tienda\/producto\/asus-oem-vt229h-monitor-touch-asus-21-5-1920x1080-tr-5ms-hdmi-vga-vesa-altavoces\/\",\"url\":\"https:\/\/compuviper.mx\/tienda\/producto\/asus-oem-vt229h-monitor-touch-asus-21-5-1920x1080-tr-5ms-hdmi-vga-vesa-altavoces\/\",\"name\":\"[ Asus Oem ] &#129351; Vt229h Monitor Touch Asus \/21.5 \/1920x1080 \/tr 5ms \/hdmi \/vga \/vesa \/altavoces\",\"isPartOf\":{\"@id\":\"https:\/\/compuviper.mx\/tienda\/#website\"},\"datePublished\":\"2026-05-12T06:47:28+00:00\",\"dateModified\":\"2026-05-12T06:47:28+00:00\",\"description\":\"Compra Vt229h Monitor Touch Asus \/21.5 \/1920x1080 \/tr 5ms \/hdmi \/vga \/vesa \/altavoces + Env\u00edo a domicilio + Pago seguro + Garant\u00eda\",\"breadcrumb\":{\"@id\":\"https:\/\/compuviper.mx\/tienda\/producto\/asus-oem-vt229h-monitor-touch-asus-21-5-1920x1080-tr-5ms-hdmi-vga-vesa-altavoces\/#breadcrumb\"},\"inLanguage\":\"es-MX\",\"potentialAction\":[{\"@type\":\"ReadAction\",\"target\":[\"https:\/\/compuviper.mx\/tienda\/producto\/asus-oem-vt229h-monitor-touch-asus-21-5-1920x1080-tr-5ms-hdmi-vga-vesa-altavoces\/\"]}]},{\"@type\":\"BreadcrumbList\",\"@id\":\"https:\/\/compuviper.mx\/tienda\/producto\/asus-oem-vt229h-monitor-touch-asus-21-5-1920x1080-tr-5ms-hdmi-vga-vesa-altavoces\/#breadcrumb\",\"itemListElement\":[{\"@type\":\"ListItem\",\"position\":1,\"name\":\"Inicio\",\"item\":\"https:\/\/compuviper.mx\/tienda\/\"},{\"@type\":\"ListItem\",\"position\":2,\"name\":\"Productos\",\"item\":\"https:\/\/compuviper.mx\/tienda\/productos\/\"},{\"@type\":\"ListItem\",\"position\":3,\"name\":\"Monitores\",\"item\":\"https:\/\/compuviper.mx\/tienda\/categoria-producto\/monitores\/\"},{\"@type\":\"ListItem\",\"position\":4,\"name\":\"Led\",\"item\":\"https:\/\/compuviper.mx\/tienda\/categoria-producto\/monitores\/led\/\"},{\"@type\":\"ListItem\",\"position\":5,\"name\":\"Asus Oem Vt229h Monitor Touch Asus \/21.5 \/1920&#215;1080 \/tr 5ms \/hdmi \/vga \/vesa \/altavoces\"}]},{\"@type\":\"WebSite\",\"@id\":\"https:\/\/compuviper.mx\/tienda\/#website\",\"url\":\"https:\/\/compuviper.mx\/tienda\/\",\"name\":\"Compuviper\",\"description\":\"Proveedor de Computadoras, Laptops, Servidores, Monitores, Puntos de Venta, Teclados,   Impresoras, T\u00f3ner, C\u00e1maras de Seguridad y m\u00e1s en tu tienda en l\u00ednea\",\"publisher\":{\"@id\":\"https:\/\/compuviper.mx\/tienda\/#organization\"},\"potentialAction\":[{\"@type\":\"SearchAction\",\"target\":{\"@type\":\"EntryPoint\",\"urlTemplate\":\"https:\/\/compuviper.mx\/tienda\/?s={search_term_string}\"},\"query-input\":\"required name=search_term_string\"}],\"inLanguage\":\"es-MX\"},{\"@type\":\"Organization\",\"@id\":\"https:\/\/compuviper.mx\/tienda\/#organization\",\"name\":\"Compuviper\",\"url\":\"https:\/\/compuviper.mx\/tienda\/\",\"logo\":{\"@type\":\"ImageObject\",\"inLanguage\":\"es-MX\",\"@id\":\"https:\/\/compuviper.mx\/tienda\/#\/schema\/logo\/image\/\",\"url\":\"https:\/\/compuviper.mx\/tienda\/wp-content\/uploads\/2021\/08\/Logo-Compuviper-10.png\",\"contentUrl\":\"https:\/\/compuviper.mx\/tienda\/wp-content\/uploads\/2021\/08\/Logo-Compuviper-10.png\",\"width\":1000,\"height\":500,\"caption\":\"Compuviper\"},\"image\":{\"@id\":\"https:\/\/compuviper.mx\/tienda\/#\/schema\/logo\/image\/\"},\"sameAs\":[\"https:\/\/www.facebook.com\/compuviper\",\"https:\/\/www.youtube.com\/channel\/UCf73dERp9Y3cfOq7q8BhLjA?view_as=subscriber\"]}]}<\/script>\n<meta property=\"product:brand\" content=\"Asus Oem\" \/>\n<meta property=\"product:price:amount\" content=\"3327\" \/>\n<meta property=\"product:price:currency\" content=\"MXN\" \/>\n<meta property=\"og:availability\" content=\"instock\" \/>\n<meta property=\"product:availability\" content=\"instock\" \/>\n<meta property=\"product:retailer_item_id\" content=\"VT229H\" \/>\n<meta property=\"product:condition\" content=\"new\" \/>\n<!-- \/ Yoast SEO plugin. -->","yoast_head_json":{"title":"[ Asus Oem ] &#129351; Vt229h Monitor Touch Asus \/21.5 \/1920x1080 \/tr 5ms \/hdmi \/vga \/vesa \/altavoces","description":"Compra Vt229h Monitor Touch Asus \/21.5 \/1920x1080 \/tr 5ms \/hdmi \/vga \/vesa \/altavoces + Env\u00edo a domicilio + Pago seguro + Garant\u00eda","robots":{"index":"index","follow":"follow","max-snippet":"max-snippet:-1","max-image-preview":"max-image-preview:large","max-video-preview":"max-video-preview:-1"},"canonical":"https:\/\/compuviper.mx\/tienda\/producto\/asus-oem-vt229h-monitor-touch-asus-21-5-1920x1080-tr-5ms-hdmi-vga-vesa-altavoces\/","og_locale":"es_MX","og_type":"article","og_title":"[ Asus Oem ] &#129351; Vt229h Monitor Touch Asus \/21.5 \/1920x1080 \/tr 5ms \/hdmi \/vga \/vesa \/altavoces","og_description":"Compra Vt229h Monitor Touch Asus \/21.5 \/1920x1080 \/tr 5ms \/hdmi \/vga \/vesa \/altavoces + Env\u00edo a domicilio + Pago seguro + Garant\u00eda","og_url":"https:\/\/compuviper.mx\/tienda\/producto\/asus-oem-vt229h-monitor-touch-asus-21-5-1920x1080-tr-5ms-hdmi-vga-vesa-altavoces\/","og_site_name":"Compuviper","article_publisher":"https:\/\/www.facebook.com\/compuviper","og_image":[{"width":200,"height":200,"url":"https:\/\/compuviper.mx\/tienda\/wp-content\/uploads\/2026\/05\/Monitor-touch-asus-vt229h-21.5-1920x1080-tr-5ms-hdmi-vga-vesa-altavoces.jpg","type":"image\/jpeg"}],"twitter_card":"summary_large_image","twitter_misc":{"Precio":"&#36;3,327 con IVA","Availability":"In stock"},"schema":{"@context":"https:\/\/schema.org","@graph":[{"@type":"WebPage","@id":"https:\/\/compuviper.mx\/tienda\/producto\/asus-oem-vt229h-monitor-touch-asus-21-5-1920x1080-tr-5ms-hdmi-vga-vesa-altavoces\/","url":"https:\/\/compuviper.mx\/tienda\/producto\/asus-oem-vt229h-monitor-touch-asus-21-5-1920x1080-tr-5ms-hdmi-vga-vesa-altavoces\/","name":"[ Asus Oem ] &#129351; Vt229h Monitor Touch Asus \/21.5 \/1920x1080 \/tr 5ms \/hdmi \/vga \/vesa \/altavoces","isPartOf":{"@id":"https:\/\/compuviper.mx\/tienda\/#website"},"datePublished":"2026-05-12T06:47:28+00:00","dateModified":"2026-05-12T06:47:28+00:00","description":"Compra Vt229h Monitor Touch Asus \/21.5 \/1920x1080 \/tr 5ms \/hdmi \/vga \/vesa \/altavoces + Env\u00edo a domicilio + Pago seguro + Garant\u00eda","breadcrumb":{"@id":"https:\/\/compuviper.mx\/tienda\/producto\/asus-oem-vt229h-monitor-touch-asus-21-5-1920x1080-tr-5ms-hdmi-vga-vesa-altavoces\/#breadcrumb"},"inLanguage":"es-MX","potentialAction":[{"@type":"ReadAction","target":["https:\/\/compuviper.mx\/tienda\/producto\/asus-oem-vt229h-monitor-touch-asus-21-5-1920x1080-tr-5ms-hdmi-vga-vesa-altavoces\/"]}]},{"@type":"BreadcrumbList","@id":"https:\/\/compuviper.mx\/tienda\/producto\/asus-oem-vt229h-monitor-touch-asus-21-5-1920x1080-tr-5ms-hdmi-vga-vesa-altavoces\/#breadcrumb","itemListElement":[{"@type":"ListItem","position":1,"name":"Inicio","item":"https:\/\/compuviper.mx\/tienda\/"},{"@type":"ListItem","position":2,"name":"Productos","item":"https:\/\/compuviper.mx\/tienda\/productos\/"},{"@type":"ListItem","position":3,"name":"Monitores","item":"https:\/\/compuviper.mx\/tienda\/categoria-producto\/monitores\/"},{"@type":"ListItem","position":4,"name":"Led","item":"https:\/\/compuviper.mx\/tienda\/categoria-producto\/monitores\/led\/"},{"@type":"ListItem","position":5,"name":"Asus Oem Vt229h Monitor Touch Asus \/21.5 \/1920&#215;1080 \/tr 5ms \/hdmi \/vga \/vesa \/altavoces"}]},{"@type":"WebSite","@id":"https:\/\/compuviper.mx\/tienda\/#website","url":"https:\/\/compuviper.mx\/tienda\/","name":"Compuviper","description":"Proveedor de Computadoras, Laptops, Servidores, Monitores, Puntos de Venta, Teclados,   Impresoras, T\u00f3ner, C\u00e1maras de Seguridad y m\u00e1s en tu tienda en l\u00ednea","publisher":{"@id":"https:\/\/compuviper.mx\/tienda\/#organization"},"potentialAction":[{"@type":"SearchAction","target":{"@type":"EntryPoint","urlTemplate":"https:\/\/compuviper.mx\/tienda\/?s={search_term_string}"},"query-input":"required name=search_term_string"}],"inLanguage":"es-MX"},{"@type":"Organization","@id":"https:\/\/compuviper.mx\/tienda\/#organization","name":"Compuviper","url":"https:\/\/compuviper.mx\/tienda\/","logo":{"@type":"ImageObject","inLanguage":"es-MX","@id":"https:\/\/compuviper.mx\/tienda\/#\/schema\/logo\/image\/","url":"https:\/\/compuviper.mx\/tienda\/wp-content\/uploads\/2021\/08\/Logo-Compuviper-10.png","contentUrl":"https:\/\/compuviper.mx\/tienda\/wp-content\/uploads\/2021\/08\/Logo-Compuviper-10.png","width":1000,"height":500,"caption":"Compuviper"},"image":{"@id":"https:\/\/compuviper.mx\/tienda\/#\/schema\/logo\/image\/"},"sameAs":["https:\/\/www.facebook.com\/compuviper","https:\/\/www.youtube.com\/channel\/UCf73dERp9Y3cfOq7q8BhLjA?view_as=subscriber"]}]},"product_brand":"Asus Oem","product_price_amount":"3327","product_price_currency":"MXN","og_availability":"instock","product_availability":"instock","product_retailer_item_id":"VT229H","product_condition":"new"},"_links":{"self":[{"href":"https:\/\/compuviper.mx\/tienda\/wp-json\/wp\/v2\/product\/269534"}],"collection":[{"href":"https:\/\/compuviper.mx\/tienda\/wp-json\/wp\/v2\/product"}],"about":[{"href":"https:\/\/compuviper.mx\/tienda\/wp-json\/wp\/v2\/types\/product"}],"replies":[{"embeddable":true,"href":"https:\/\/compuviper.mx\/tienda\/wp-json\/wp\/v2\/comments?post=269534"}],"wp:featuredmedia":[{"embeddable":true,"href":"https:\/\/compuviper.mx\/tienda\/wp-json\/wp\/v2\/media\/269535"}],"wp:attachment":[{"href":"https:\/\/compuviper.mx\/tienda\/wp-json\/wp\/v2\/media?parent=269534"}],"wp:term":[{"taxonomy":"product_cat","embeddable":true,"href":"https:\/\/compuviper.mx\/tienda\/wp-json\/wp\/v2\/product_cat?post=269534"},{"taxonomy":"product_tag","embeddable":true,"href":"https:\/\/compuviper.mx\/tienda\/wp-json\/wp\/v2\/product_tag?post=269534"}],"curies":[{"name":"wp","href":"https:\/\/api.w.org\/{rel}","templated":true}]}}