{"id":269506,"date":"2026-05-09T00:22:37","date_gmt":"2026-05-09T06:22:37","guid":{"rendered":"https:\/\/compuviper.mx\/tienda\/producto\/imou-ipc-s2xen-10m0s-camara-ip-ranger-dual-pro-5-mp-5-mp-h-265-wifi-6-24-5-ghz-bidireccional-cc-de-5-v-y-15-a-ranura-micro-sd-hasta-512gb-onvif-vision-ncturna-15m\/"},"modified":"2026-05-09T00:22:37","modified_gmt":"2026-05-09T06:22:37","slug":"imou-ipc-s2xen-10m0s-camara-ip-ranger-dual-pro-5-mp-5-mp-h-265-wifi-6-24-5-ghz-bidireccional-cc-de-5-v-y-15-a-ranura-micro-sd-hasta-512gb-onvif-vision-ncturna-15m","status":"publish","type":"product","link":"https:\/\/compuviper.mx\/tienda\/producto\/imou-ipc-s2xen-10m0s-camara-ip-ranger-dual-pro-5-mp-5-mp-h-265-wifi-6-24-5-ghz-bidireccional-cc-de-5-v-y-15-a-ranura-micro-sd-hasta-512gb-onvif-vision-ncturna-15m\/","title":{"rendered":"Imou Ipc-s2xen-10m0s Camara Ip \/  \/  \/ Ranger Dual Pro 5 Mp 5 Mp \/ H.265 \/ Wifi 6 2,4\/5 Ghz \/ Bidireccional \/ Cc De 5 V Y 1,5 A \/ Ranura Micro Sd Hasta 512gb \/ Onvif \/ Vision Ncturna 15m"},"content":{"rendered":"<table class=\"descripcion\">\n<tr>\n<td>C\u00e1mara<\/td>\n<\/tr>\n<tr>\n<td>Cmos progresivo de 1\/3\u0094<\/td>\n<\/tr>\n<tr>\n<td>5 mp (2880 x 1620)<\/td>\n<\/tr>\n<tr>\n<td>Visi\u00f3n nocturna: 15 m (49 pies) de distancia<\/td>\n<\/tr>\n<tr>\n<td>Lente fija de 3,6 mm<\/td>\n<\/tr>\n<tr>\n<td>Campo de visi\u00f3n: 88\u00b0 (horizontal), 47\u00b0 (vertical), 107\u00b0 (profundidad)<\/td>\n<\/tr>\n<tr>\n<td>Lente panor\u00e1mica e inclinable: 355\u00b0 de giro horizontal y 0~90\u00b0 de inclinaci\u00f3n vertical.<\/td>\n<\/tr>\n<tr>\n<td>Lente fija: panor\u00e1mica de 0 a 355\u00b0 e inclinaci\u00f3n de 0 a 15\u00b0 mediante control manual.<\/td>\n<\/tr>\n<tr>\n<td>V\u00eddeo y audio<\/td>\n<\/tr>\n<tr>\n<td>Compresi\u00f3n de v\u00eddeo: h.265\/h.264<\/td>\n<\/tr>\n<tr>\n<td>Velocidad de fotogramas de hasta 15 fps<\/td>\n<\/tr>\n<tr>\n<td>Zoom digital 8x<\/td>\n<\/tr>\n<tr>\n<td>Audio bidireccional<\/td>\n<\/tr>\n<tr>\n<td>Gesti\u00f3n de avisos<\/td>\n<\/tr>\n<tr>\n<td>Aigo play<\/td>\n<\/tr>\n<tr>\n<td>Notificaci\u00f3n de llamada con un solo toque<\/td>\n<\/tr>\n<tr>\n<td>Red<\/td>\n<\/tr>\n<tr>\n<td>Wi-fi: wi-fi 6 de doble banda de 2,4 ghz y 5 ghz.<\/td>\n<\/tr>\n<tr>\n<td>           2,4 ghz: ieee802.11b\/g\/n\/ax.<\/td>\n<\/tr>\n<tr>\n<td>           5 ghz: ieee802.11a\/n\/ac\/ax.<\/td>\n<\/tr>\n<tr>\n<td>Aplicaci\u00f3n imou: ios, android<\/td>\n<\/tr>\n<tr>\n<td>Onvif<\/td>\n<\/tr>\n<tr>\n<td>Interfaz auxiliar<\/td>\n<\/tr>\n<tr>\n<td>Ranura para tarjeta micro sd (hasta 512 gb)<\/td>\n<\/tr>\n<tr>\n<td>Micr\u00f3fono y altavoz integrados<\/td>\n<\/tr>\n<tr>\n<td>Bot\u00f3n de reinicio<\/td>\n<\/tr>\n<tr>\n<td>General<\/td>\n<\/tr>\n<tr>\n<td>Fuente de alimentaci\u00f3n de cc de 5 v y 1,5 a<\/td>\n<\/tr>\n<tr>\n<td>Consumo de energ\u00eda:   7,5 w<\/td>\n<\/tr>\n<tr>\n<td>Entorno de trabajo: -10 \u00b0c a +45 \u00b0c, humedad relativa inferior al 95 %.<\/td>\n<\/tr>\n<tr>\n<td>Dimensiones (largo \u00d7 ancho \u00d7 alto): 82,2 mm \u00d7 82,2 mm \u00d7 115,4 mm<\/td>\n<\/tr>\n<tr>\n<td>Peso: 0,23 kg<\/td>\n<\/tr>\n<tr>\n<td>\u00bfqu\u00e9 hay en la caja?<\/td>\n<\/tr>\n<tr>\n<td>&#8211; 1 c\u00e1mara<\/td>\n<\/tr>\n<tr>\n<td>&#8211; 1x gu\u00eda de inicio r\u00e1pido<\/td>\n<\/tr>\n<tr>\n<td>&#8211; 1x adaptador de corriente<\/td>\n<\/tr>\n<tr>\n<td>&#8211; 1 cable de alimentaci\u00f3n<\/td>\n<\/tr>\n<tr>\n<td>&#8211; 1 paquete de tornillos<\/td>\n<\/tr>\n<tr>\n<td>&#8211; 1 placa de montaje<\/td>\n<\/tr>\n<tr>\n<td>&#8211; 1 mapa de posici\u00f3n de instalaci\u00f3n<\/td>\n<\/tr>\n<\/table>\n","protected":false},"excerpt":{"rendered":"<p>Protecci\u00f3n de 2 zonas a la vez | opciones de lentes de 3+3\/4+4\/5+5 mp | wi-fi 6 de doble banda de 2,4\/5 ghz | altavoz de alto volumen mejorado | llamada con un solo toque con el kit de llamada<\/p>\n","protected":false},"featured_media":0,"comment_status":"open","ping_status":"open","template":"","meta":[],"product_cat":[1608,1681],"product_tag":[2118],"acf":[],"yoast_head":"<!-- This site is optimized with the Yoast SEO plugin v21.7 - https:\/\/yoast.com\/wordpress\/plugins\/seo\/ -->\n<title>[ Imou ] &#129351; Ipc-s2xen-10m0s Camara Ip \/ \/ \/ Ranger Dual Pro 5 Mp 5 Mp \/ H.265 \/ Wifi 6 2,4\/5 Ghz \/ Bidireccional \/ Cc De 5 V Y 1,5 A \/ Ranura Micro Sd Hasta 512gb \/ Onvif \/ Vision Ncturna 15m<\/title>\n<meta name=\"description\" content=\"Compra Ipc-s2xen-10m0s Camara Ip \/ \/ \/ Ranger Dual Pro 5 Mp 5 Mp \/ H.265 \/ Wifi 6 2,4\/5 Ghz \/ Bidireccional \/ Cc De 5 V Y 1,5 A \/ Ranura Micro Sd Hasta 512gb \/ Onvif \/ Vision Ncturna 15m + Env\u00edo a domicilio + Pago seguro + Garant\u00eda\" \/>\n<meta name=\"robots\" content=\"index, follow, max-snippet:-1, max-image-preview:large, max-video-preview:-1\" \/>\n<link rel=\"canonical\" href=\"https:\/\/compuviper.mx\/tienda\/producto\/imou-ipc-s2xen-10m0s-camara-ip-ranger-dual-pro-5-mp-5-mp-h-265-wifi-6-24-5-ghz-bidireccional-cc-de-5-v-y-15-a-ranura-micro-sd-hasta-512gb-onvif-vision-ncturna-15m\/\" \/>\n<meta property=\"og:locale\" content=\"es_MX\" \/>\n<meta property=\"og:type\" content=\"article\" \/>\n<meta property=\"og:title\" content=\"[ Imou ] &#129351; Ipc-s2xen-10m0s Camara Ip \/ \/ \/ Ranger Dual Pro 5 Mp 5 Mp \/ H.265 \/ Wifi 6 2,4\/5 Ghz \/ Bidireccional \/ Cc De 5 V Y 1,5 A \/ Ranura Micro Sd Hasta 512gb \/ Onvif \/ Vision Ncturna 15m\" \/>\n<meta property=\"og:description\" content=\"Compra Ipc-s2xen-10m0s Camara Ip \/ \/ \/ Ranger Dual Pro 5 Mp 5 Mp \/ H.265 \/ Wifi 6 2,4\/5 Ghz \/ Bidireccional \/ Cc De 5 V Y 1,5 A \/ Ranura Micro Sd Hasta 512gb \/ Onvif \/ Vision Ncturna 15m + Env\u00edo a domicilio + Pago seguro + Garant\u00eda\" \/>\n<meta property=\"og:url\" content=\"https:\/\/compuviper.mx\/tienda\/producto\/imou-ipc-s2xen-10m0s-camara-ip-ranger-dual-pro-5-mp-5-mp-h-265-wifi-6-24-5-ghz-bidireccional-cc-de-5-v-y-15-a-ranura-micro-sd-hasta-512gb-onvif-vision-ncturna-15m\/\" \/>\n<meta property=\"og:site_name\" content=\"Compuviper\" \/>\n<meta property=\"article:publisher\" content=\"https:\/\/www.facebook.com\/compuviper\" \/>\n<meta name=\"twitter:card\" content=\"summary_large_image\" \/>\n<meta name=\"twitter:label1\" content=\"Precio\" \/>\n\t<meta name=\"twitter:data1\" content=\"&#36;836 con IVA\" \/>\n\t<meta name=\"twitter:label2\" content=\"Availability\" \/>\n\t<meta name=\"twitter:data2\" content=\"Out of stock\" \/>\n<script type=\"application\/ld+json\" class=\"yoast-schema-graph\">{\"@context\":\"https:\/\/schema.org\",\"@graph\":[{\"@type\":\"WebPage\",\"@id\":\"https:\/\/compuviper.mx\/tienda\/producto\/imou-ipc-s2xen-10m0s-camara-ip-ranger-dual-pro-5-mp-5-mp-h-265-wifi-6-24-5-ghz-bidireccional-cc-de-5-v-y-15-a-ranura-micro-sd-hasta-512gb-onvif-vision-ncturna-15m\/\",\"url\":\"https:\/\/compuviper.mx\/tienda\/producto\/imou-ipc-s2xen-10m0s-camara-ip-ranger-dual-pro-5-mp-5-mp-h-265-wifi-6-24-5-ghz-bidireccional-cc-de-5-v-y-15-a-ranura-micro-sd-hasta-512gb-onvif-vision-ncturna-15m\/\",\"name\":\"[ Imou ] &#129351; Ipc-s2xen-10m0s Camara Ip \/ \/ \/ Ranger Dual Pro 5 Mp 5 Mp \/ H.265 \/ Wifi 6 2,4\/5 Ghz \/ Bidireccional \/ Cc De 5 V Y 1,5 A \/ Ranura Micro Sd Hasta 512gb \/ Onvif \/ Vision Ncturna 15m\",\"isPartOf\":{\"@id\":\"https:\/\/compuviper.mx\/tienda\/#website\"},\"datePublished\":\"2026-05-09T06:22:37+00:00\",\"dateModified\":\"2026-05-09T06:22:37+00:00\",\"description\":\"Compra Ipc-s2xen-10m0s Camara Ip \/ \/ \/ Ranger Dual Pro 5 Mp 5 Mp \/ H.265 \/ Wifi 6 2,4\/5 Ghz \/ Bidireccional \/ Cc De 5 V Y 1,5 A \/ Ranura Micro Sd Hasta 512gb \/ Onvif \/ Vision Ncturna 15m + Env\u00edo a domicilio + Pago seguro + Garant\u00eda\",\"breadcrumb\":{\"@id\":\"https:\/\/compuviper.mx\/tienda\/producto\/imou-ipc-s2xen-10m0s-camara-ip-ranger-dual-pro-5-mp-5-mp-h-265-wifi-6-24-5-ghz-bidireccional-cc-de-5-v-y-15-a-ranura-micro-sd-hasta-512gb-onvif-vision-ncturna-15m\/#breadcrumb\"},\"inLanguage\":\"es-MX\",\"potentialAction\":[{\"@type\":\"ReadAction\",\"target\":[\"https:\/\/compuviper.mx\/tienda\/producto\/imou-ipc-s2xen-10m0s-camara-ip-ranger-dual-pro-5-mp-5-mp-h-265-wifi-6-24-5-ghz-bidireccional-cc-de-5-v-y-15-a-ranura-micro-sd-hasta-512gb-onvif-vision-ncturna-15m\/\"]}]},{\"@type\":\"BreadcrumbList\",\"@id\":\"https:\/\/compuviper.mx\/tienda\/producto\/imou-ipc-s2xen-10m0s-camara-ip-ranger-dual-pro-5-mp-5-mp-h-265-wifi-6-24-5-ghz-bidireccional-cc-de-5-v-y-15-a-ranura-micro-sd-hasta-512gb-onvif-vision-ncturna-15m\/#breadcrumb\",\"itemListElement\":[{\"@type\":\"ListItem\",\"position\":1,\"name\":\"Inicio\",\"item\":\"https:\/\/compuviper.mx\/tienda\/\"},{\"@type\":\"ListItem\",\"position\":2,\"name\":\"Productos\",\"item\":\"https:\/\/compuviper.mx\/tienda\/productos\/\"},{\"@type\":\"ListItem\",\"position\":3,\"name\":\"Camaras\",\"item\":\"https:\/\/compuviper.mx\/tienda\/categoria-producto\/camaras-2\/\"},{\"@type\":\"ListItem\",\"position\":4,\"name\":\"Camara De Videovigilancia\",\"item\":\"https:\/\/compuviper.mx\/tienda\/categoria-producto\/camaras-2\/camara-de-videovigilancia\/\"},{\"@type\":\"ListItem\",\"position\":5,\"name\":\"Imou Ipc-s2xen-10m0s Camara Ip \/ \/ \/ Ranger Dual Pro 5 Mp 5 Mp \/ H.265 \/ Wifi 6 2,4\/5 Ghz \/ Bidireccional \/ Cc De 5 V Y 1,5 A \/ Ranura Micro Sd Hasta 512gb \/ Onvif \/ Vision Ncturna 15m\"}]},{\"@type\":\"WebSite\",\"@id\":\"https:\/\/compuviper.mx\/tienda\/#website\",\"url\":\"https:\/\/compuviper.mx\/tienda\/\",\"name\":\"Compuviper\",\"description\":\"Proveedor de Computadoras, Laptops, Servidores, Monitores, Puntos de Venta, Teclados,   Impresoras, T\u00f3ner, C\u00e1maras de Seguridad y m\u00e1s en tu tienda en l\u00ednea\",\"publisher\":{\"@id\":\"https:\/\/compuviper.mx\/tienda\/#organization\"},\"potentialAction\":[{\"@type\":\"SearchAction\",\"target\":{\"@type\":\"EntryPoint\",\"urlTemplate\":\"https:\/\/compuviper.mx\/tienda\/?s={search_term_string}\"},\"query-input\":\"required name=search_term_string\"}],\"inLanguage\":\"es-MX\"},{\"@type\":\"Organization\",\"@id\":\"https:\/\/compuviper.mx\/tienda\/#organization\",\"name\":\"Compuviper\",\"url\":\"https:\/\/compuviper.mx\/tienda\/\",\"logo\":{\"@type\":\"ImageObject\",\"inLanguage\":\"es-MX\",\"@id\":\"https:\/\/compuviper.mx\/tienda\/#\/schema\/logo\/image\/\",\"url\":\"https:\/\/compuviper.mx\/tienda\/wp-content\/uploads\/2021\/08\/Logo-Compuviper-10.png\",\"contentUrl\":\"https:\/\/compuviper.mx\/tienda\/wp-content\/uploads\/2021\/08\/Logo-Compuviper-10.png\",\"width\":1000,\"height\":500,\"caption\":\"Compuviper\"},\"image\":{\"@id\":\"https:\/\/compuviper.mx\/tienda\/#\/schema\/logo\/image\/\"},\"sameAs\":[\"https:\/\/www.facebook.com\/compuviper\",\"https:\/\/www.youtube.com\/channel\/UCf73dERp9Y3cfOq7q8BhLjA?view_as=subscriber\"]}]}<\/script>\n<meta property=\"product:brand\" content=\"Imou\" \/>\n<meta property=\"product:price:amount\" content=\"836\" \/>\n<meta property=\"product:price:currency\" content=\"MXN\" \/>\n<meta property=\"og:availability\" content=\"out of stock\" \/>\n<meta property=\"product:availability\" content=\"out of stock\" \/>\n<meta property=\"product:retailer_item_id\" content=\"IPC-S2XEN-10M0S\" \/>\n<meta property=\"product:condition\" content=\"new\" \/>\n<!-- \/ Yoast SEO plugin. -->","yoast_head_json":{"title":"[ Imou ] &#129351; Ipc-s2xen-10m0s Camara Ip \/ \/ \/ Ranger Dual Pro 5 Mp 5 Mp \/ H.265 \/ Wifi 6 2,4\/5 Ghz \/ Bidireccional \/ Cc De 5 V Y 1,5 A \/ Ranura Micro Sd Hasta 512gb \/ Onvif \/ Vision Ncturna 15m","description":"Compra Ipc-s2xen-10m0s Camara Ip \/ \/ \/ Ranger Dual Pro 5 Mp 5 Mp \/ H.265 \/ Wifi 6 2,4\/5 Ghz \/ Bidireccional \/ Cc De 5 V Y 1,5 A \/ Ranura Micro Sd Hasta 512gb \/ Onvif \/ Vision Ncturna 15m + Env\u00edo a domicilio + Pago seguro + Garant\u00eda","robots":{"index":"index","follow":"follow","max-snippet":"max-snippet:-1","max-image-preview":"max-image-preview:large","max-video-preview":"max-video-preview:-1"},"canonical":"https:\/\/compuviper.mx\/tienda\/producto\/imou-ipc-s2xen-10m0s-camara-ip-ranger-dual-pro-5-mp-5-mp-h-265-wifi-6-24-5-ghz-bidireccional-cc-de-5-v-y-15-a-ranura-micro-sd-hasta-512gb-onvif-vision-ncturna-15m\/","og_locale":"es_MX","og_type":"article","og_title":"[ Imou ] &#129351; Ipc-s2xen-10m0s Camara Ip \/ \/ \/ Ranger Dual Pro 5 Mp 5 Mp \/ H.265 \/ Wifi 6 2,4\/5 Ghz \/ Bidireccional \/ Cc De 5 V Y 1,5 A \/ Ranura Micro Sd Hasta 512gb \/ Onvif \/ Vision Ncturna 15m","og_description":"Compra Ipc-s2xen-10m0s Camara Ip \/ \/ \/ Ranger Dual Pro 5 Mp 5 Mp \/ H.265 \/ Wifi 6 2,4\/5 Ghz \/ Bidireccional \/ Cc De 5 V Y 1,5 A \/ Ranura Micro Sd Hasta 512gb \/ Onvif \/ Vision Ncturna 15m + Env\u00edo a domicilio + Pago seguro + Garant\u00eda","og_url":"https:\/\/compuviper.mx\/tienda\/producto\/imou-ipc-s2xen-10m0s-camara-ip-ranger-dual-pro-5-mp-5-mp-h-265-wifi-6-24-5-ghz-bidireccional-cc-de-5-v-y-15-a-ranura-micro-sd-hasta-512gb-onvif-vision-ncturna-15m\/","og_site_name":"Compuviper","article_publisher":"https:\/\/www.facebook.com\/compuviper","twitter_card":"summary_large_image","twitter_misc":{"Precio":"&#36;836 con IVA","Availability":"Out of stock"},"schema":{"@context":"https:\/\/schema.org","@graph":[{"@type":"WebPage","@id":"https:\/\/compuviper.mx\/tienda\/producto\/imou-ipc-s2xen-10m0s-camara-ip-ranger-dual-pro-5-mp-5-mp-h-265-wifi-6-24-5-ghz-bidireccional-cc-de-5-v-y-15-a-ranura-micro-sd-hasta-512gb-onvif-vision-ncturna-15m\/","url":"https:\/\/compuviper.mx\/tienda\/producto\/imou-ipc-s2xen-10m0s-camara-ip-ranger-dual-pro-5-mp-5-mp-h-265-wifi-6-24-5-ghz-bidireccional-cc-de-5-v-y-15-a-ranura-micro-sd-hasta-512gb-onvif-vision-ncturna-15m\/","name":"[ Imou ] &#129351; Ipc-s2xen-10m0s Camara Ip \/ \/ \/ Ranger Dual Pro 5 Mp 5 Mp \/ H.265 \/ Wifi 6 2,4\/5 Ghz \/ Bidireccional \/ Cc De 5 V Y 1,5 A \/ Ranura Micro Sd Hasta 512gb \/ Onvif \/ Vision Ncturna 15m","isPartOf":{"@id":"https:\/\/compuviper.mx\/tienda\/#website"},"datePublished":"2026-05-09T06:22:37+00:00","dateModified":"2026-05-09T06:22:37+00:00","description":"Compra Ipc-s2xen-10m0s Camara Ip \/ \/ \/ Ranger Dual Pro 5 Mp 5 Mp \/ H.265 \/ Wifi 6 2,4\/5 Ghz \/ Bidireccional \/ Cc De 5 V Y 1,5 A \/ Ranura Micro Sd Hasta 512gb \/ Onvif \/ Vision Ncturna 15m + Env\u00edo a domicilio + Pago seguro + Garant\u00eda","breadcrumb":{"@id":"https:\/\/compuviper.mx\/tienda\/producto\/imou-ipc-s2xen-10m0s-camara-ip-ranger-dual-pro-5-mp-5-mp-h-265-wifi-6-24-5-ghz-bidireccional-cc-de-5-v-y-15-a-ranura-micro-sd-hasta-512gb-onvif-vision-ncturna-15m\/#breadcrumb"},"inLanguage":"es-MX","potentialAction":[{"@type":"ReadAction","target":["https:\/\/compuviper.mx\/tienda\/producto\/imou-ipc-s2xen-10m0s-camara-ip-ranger-dual-pro-5-mp-5-mp-h-265-wifi-6-24-5-ghz-bidireccional-cc-de-5-v-y-15-a-ranura-micro-sd-hasta-512gb-onvif-vision-ncturna-15m\/"]}]},{"@type":"BreadcrumbList","@id":"https:\/\/compuviper.mx\/tienda\/producto\/imou-ipc-s2xen-10m0s-camara-ip-ranger-dual-pro-5-mp-5-mp-h-265-wifi-6-24-5-ghz-bidireccional-cc-de-5-v-y-15-a-ranura-micro-sd-hasta-512gb-onvif-vision-ncturna-15m\/#breadcrumb","itemListElement":[{"@type":"ListItem","position":1,"name":"Inicio","item":"https:\/\/compuviper.mx\/tienda\/"},{"@type":"ListItem","position":2,"name":"Productos","item":"https:\/\/compuviper.mx\/tienda\/productos\/"},{"@type":"ListItem","position":3,"name":"Camaras","item":"https:\/\/compuviper.mx\/tienda\/categoria-producto\/camaras-2\/"},{"@type":"ListItem","position":4,"name":"Camara De Videovigilancia","item":"https:\/\/compuviper.mx\/tienda\/categoria-producto\/camaras-2\/camara-de-videovigilancia\/"},{"@type":"ListItem","position":5,"name":"Imou Ipc-s2xen-10m0s Camara Ip \/ \/ \/ Ranger Dual Pro 5 Mp 5 Mp \/ H.265 \/ Wifi 6 2,4\/5 Ghz \/ Bidireccional \/ Cc De 5 V Y 1,5 A \/ Ranura Micro Sd Hasta 512gb \/ Onvif \/ Vision Ncturna 15m"}]},{"@type":"WebSite","@id":"https:\/\/compuviper.mx\/tienda\/#website","url":"https:\/\/compuviper.mx\/tienda\/","name":"Compuviper","description":"Proveedor de Computadoras, Laptops, Servidores, Monitores, Puntos de Venta, Teclados,   Impresoras, T\u00f3ner, C\u00e1maras de Seguridad y m\u00e1s en tu tienda en l\u00ednea","publisher":{"@id":"https:\/\/compuviper.mx\/tienda\/#organization"},"potentialAction":[{"@type":"SearchAction","target":{"@type":"EntryPoint","urlTemplate":"https:\/\/compuviper.mx\/tienda\/?s={search_term_string}"},"query-input":"required name=search_term_string"}],"inLanguage":"es-MX"},{"@type":"Organization","@id":"https:\/\/compuviper.mx\/tienda\/#organization","name":"Compuviper","url":"https:\/\/compuviper.mx\/tienda\/","logo":{"@type":"ImageObject","inLanguage":"es-MX","@id":"https:\/\/compuviper.mx\/tienda\/#\/schema\/logo\/image\/","url":"https:\/\/compuviper.mx\/tienda\/wp-content\/uploads\/2021\/08\/Logo-Compuviper-10.png","contentUrl":"https:\/\/compuviper.mx\/tienda\/wp-content\/uploads\/2021\/08\/Logo-Compuviper-10.png","width":1000,"height":500,"caption":"Compuviper"},"image":{"@id":"https:\/\/compuviper.mx\/tienda\/#\/schema\/logo\/image\/"},"sameAs":["https:\/\/www.facebook.com\/compuviper","https:\/\/www.youtube.com\/channel\/UCf73dERp9Y3cfOq7q8BhLjA?view_as=subscriber"]}]},"product_brand":"Imou","product_price_amount":"836","product_price_currency":"MXN","og_availability":"out of stock","product_availability":"out of stock","product_retailer_item_id":"IPC-S2XEN-10M0S","product_condition":"new"},"_links":{"self":[{"href":"https:\/\/compuviper.mx\/tienda\/wp-json\/wp\/v2\/product\/269506"}],"collection":[{"href":"https:\/\/compuviper.mx\/tienda\/wp-json\/wp\/v2\/product"}],"about":[{"href":"https:\/\/compuviper.mx\/tienda\/wp-json\/wp\/v2\/types\/product"}],"replies":[{"embeddable":true,"href":"https:\/\/compuviper.mx\/tienda\/wp-json\/wp\/v2\/comments?post=269506"}],"wp:attachment":[{"href":"https:\/\/compuviper.mx\/tienda\/wp-json\/wp\/v2\/media?parent=269506"}],"wp:term":[{"taxonomy":"product_cat","embeddable":true,"href":"https:\/\/compuviper.mx\/tienda\/wp-json\/wp\/v2\/product_cat?post=269506"},{"taxonomy":"product_tag","embeddable":true,"href":"https:\/\/compuviper.mx\/tienda\/wp-json\/wp\/v2\/product_tag?post=269506"}],"curies":[{"name":"wp","href":"https:\/\/api.w.org\/{rel}","templated":true}]}}