{"id":269487,"date":"2026-05-07T01:19:13","date_gmt":"2026-05-07T07:19:13","guid":{"rendered":"https:\/\/compuviper.mx\/tienda\/producto\/lenovo-82xm00lwlm-laptop-ideapad-slim-3-15abr8-ryzen-7-5825u-2-0-ghz-16gb-1tb-ssd-15-6-fhd-color-azul-abismo-win-11-home-1-ao-en-centro-de-servicio\/"},"modified":"2026-05-07T01:19:13","modified_gmt":"2026-05-07T07:19:13","slug":"lenovo-82xm00lwlm-laptop-ideapad-slim-3-15abr8-ryzen-7-5825u-2-0-ghz-16gb-1tb-ssd-15-6-fhd-color-azul-abismo-win-11-home-1-ao-en-centro-de-servicio","status":"publish","type":"product","link":"https:\/\/compuviper.mx\/tienda\/producto\/lenovo-82xm00lwlm-laptop-ideapad-slim-3-15abr8-ryzen-7-5825u-2-0-ghz-16gb-1tb-ssd-15-6-fhd-color-azul-abismo-win-11-home-1-ao-en-centro-de-servicio\/","title":{"rendered":"Lenovo 82xm00lwlm Laptop Ideapad Slim 3 15abr8\/ryzen 7 5825u 2.0 Ghz\/16gb\/1tb Ssd\/15.6 Fhd\/color Azul Abismo\/win 11 Home\/1 A?o En Centro De Servicio"},"content":{"rendered":"<table class=\"descripcion\">\n<tr>\n<td>Marca: lenovo<\/td>\n<\/tr>\n<tr>\n<td>Numero de parte: 82xm00lwlm<\/td>\n<\/tr>\n<tr>\n<td>Familia: ideapad slim 3 15abr8<\/td>\n<\/tr>\n<tr>\n<td>Procesador : amd ryzen 7 5825u (8 n\u00facleos \/ 16 hilos, 2,0 \/ 4,5 ghz, 4 mb l2 \/ 16 mb l3)<\/td>\n<\/tr>\n<tr>\n<td>Gr\u00e1ficos : integrados amd radeon<\/td>\n<\/tr>\n<tr>\n<td>Chipset : plataforma soc de amd<\/td>\n<\/tr>\n<tr>\n<td>Memoria : ddr4-3200 de 16 gb soldada<\/td>\n<\/tr>\n<tr>\n<td>Ranuras de memoria : memoria soldada a la placa base, sin ranuras, doble canal (modelos de 12 gb o 16 gb).<\/td>\n<\/tr>\n<tr>\n<td>Memoria m\u00e1xima : memoria soldada de 16 gb, no ampliable.<\/td>\n<\/tr>\n<tr>\n<td>Almacenamiento :  ssd m.2 2242 pcie 4.0&#215;4 nvme de 1 tb<\/td>\n<\/tr>\n<tr>\n<td>Ranura de almacenamiento : una ranura m.2 pcie 3.0 x4<\/td>\n<\/tr>\n<tr>\n<td>Soporte de almacenamiento m\u00e1ximo : una unidad, ssd m.2 2242 de hasta 1 tb<\/td>\n<\/tr>\n<tr>\n<td>Chip de audio : audio de alta definici\u00f3n (hd)<\/td>\n<\/tr>\n<tr>\n<td>Oradores :  altavoces est\u00e9reo orientados al usuario, 1,5 w x 2, optimizados con dolby audio<\/td>\n<\/tr>\n<tr>\n<td>Micr\u00f3fono : 2x, matriz<\/td>\n<\/tr>\n<tr>\n<td>C\u00e1mara : full hd 1080p con obturador de privacidad<\/td>\n<\/tr>\n<tr>\n<td>Bater\u00eda : 47wh<\/td>\n<\/tr>\n<tr>\n<td>Adaptador de corriente : punta redonda de 65 w (3 pines)<\/td>\n<\/tr>\n<tr>\n<td>Pantalla :  tn de 15,6 fhd (1920&#215;1080) con 250 nits y antirreflejos.<\/td>\n<\/tr>\n<tr>\n<td>Teclado : espa\u00f1ol  (la)<\/td>\n<\/tr>\n<tr>\n<td>Panel t\u00e1ctil :  multit\u00e1ctil sin botones con superficie mylar, compatible con precisi\u00f3n touchpad (ptp), 69 x 104 mm (2,72 x 4,09 pulgadas).<\/td>\n<\/tr>\n<tr>\n<td>Dimensiones (ancho x profundidad x alto): 359,3 x 235 x 17,9 mm (14,15 x 9,25 x 0,70 pulgadas)<\/td>\n<\/tr>\n<tr>\n<td>Peso : a partir de 1,62 kg (3,57 libras)<\/td>\n<\/tr>\n<tr>\n<td>Color :azul abismo<\/td>\n<\/tr>\n<tr>\n<td>Material :pc-abs (parte superior), pc-abs (parte inferior)<\/td>\n<\/tr>\n<tr>\n<td>Sistema operativo : windows 11 hogar de un solo idioma, espa\u00f1ol<\/td>\n<\/tr>\n<tr>\n<td>Software incluido : office trial<\/td>\n<\/tr>\n<tr>\n<td>Conectividad:<\/td>\n<\/tr>\n<tr>\n<td>Wlan + bluetooth : wi-fi 6, 802.11ax 2&#215;2 + bt5.2<\/td>\n<\/tr>\n<tr>\n<td>Wwan : no compatible<\/td>\n<\/tr>\n<tr>\n<td>Ethernet : no<\/td>\n<\/tr>\n<tr>\n<td>Puertos standar:<\/td>\n<\/tr>\n<tr>\n<td>2 puertos usb 3.2 gen 1<\/td>\n<\/tr>\n<tr>\n<td>1 puerto usb-c 3.2 gen 1 (compatible con transferencia de datos, usb pd 45-65w y displayport 1.2)<\/td>\n<\/tr>\n<tr>\n<td>1x hdmi 1.4<\/td>\n<\/tr>\n<tr>\n<td>1 conector combinado para auriculares\/micr\u00f3fono (3,5 mm)<\/td>\n<\/tr>\n<tr>\n<td>1 lector de tarjetas<\/td>\n<\/tr>\n<tr>\n<td>1 conector de alimentaci\u00f3n con punta redonda<\/td>\n<\/tr>\n<tr>\n<td>Seguridad y privacidad:<\/td>\n<\/tr>\n<tr>\n<td>Chip de seguridad :firmware tpm 2.0 habilitado<\/td>\n<\/tr>\n<tr>\n<td>Lector de huellas dactilares : sin lector de huellas dactilares<\/td>\n<\/tr>\n<tr>\n<td>Otras medidas de seguridad: obturador de privacidad para la c\u00e1mara<\/td>\n<\/tr>\n<tr>\n<td>Servicio:<\/td>\n<\/tr>\n<tr>\n<td>1 a\u00f1o en centro de servicio<\/td>\n<\/tr>\n<tr>\n<td>Certificaciones :<\/td>\n<\/tr>\n<tr>\n<td>Certificaciones ecol\u00f3gicas<\/td>\n<\/tr>\n<tr>\n<td>Energy star 9.0<\/td>\n<\/tr>\n<tr>\n<td>Epeat registrado en plata<\/td>\n<\/tr>\n<tr>\n<td>Lote erp 6\/26<\/td>\n<\/tr>\n<tr>\n<td>Cumple con la normativa rohs<\/td>\n<\/tr>\n<tr>\n<td>Prueba seg\u00fan especificaciones militares : prueba militar mil-std-810h superada (21 elementos de prueba)<\/td>\n<\/tr>\n<tr>\n<td>Otras certificaciones :  t\u00fcv rheinland luz azul baja (soluci\u00f3n de software)<\/td>\n<\/tr>\n<tr>\n<td>Ean \/ upc \/ jan : 198155925030<\/td>\n<\/tr>\n<\/table>\n","protected":false},"excerpt":{"rendered":"<p>Lenovo ideapad slim 3 15abr8 el rendimiento que tu necesitas equipo ideal para toda la familia. **no te arriesgues proteje tu equipo** adquiere la extensi\u00f3n de garantia y\/o servicios adicionales como garantia contra da\u00f1os de accidentes. La imagen presentada es ilustrativa puede variar<\/p>\n","protected":false},"featured_media":0,"comment_status":"open","ping_status":"open","template":"","meta":[],"product_cat":[1886,1887],"product_tag":[1578],"acf":[],"yoast_head":"<!-- This site is optimized with the Yoast SEO plugin v21.7 - https:\/\/yoast.com\/wordpress\/plugins\/seo\/ -->\n<title>[ Lenovo ] &#129351; 82xm00lwlm Laptop Ideapad Slim 3 15abr8\/ryzen 7 5825u 2.0 Ghz\/16gb\/1tb Ssd\/15.6 Fhd\/color Azul Abismo\/win 11 Home\/1 A\u00f1o En Centro De Servicio<\/title>\n<meta name=\"description\" content=\"Compra 82xm00lwlm Laptop Ideapad Slim 3 15abr8\/ryzen 7 5825u 2.0 Ghz\/16gb\/1tb Ssd\/15.6 Fhd\/color Azul Abismo\/win 11 Home\/1 A\u00f1o En Centro De Servicio + Env\u00edo a domicilio + Pago seguro + Garant\u00eda\" \/>\n<meta name=\"robots\" content=\"index, follow, max-snippet:-1, max-image-preview:large, max-video-preview:-1\" \/>\n<link rel=\"canonical\" href=\"https:\/\/compuviper.mx\/tienda\/producto\/lenovo-82xm00lwlm-laptop-ideapad-slim-3-15abr8-ryzen-7-5825u-2-0-ghz-16gb-1tb-ssd-15-6-fhd-color-azul-abismo-win-11-home-1-ao-en-centro-de-servicio\/\" \/>\n<meta property=\"og:locale\" content=\"es_MX\" \/>\n<meta property=\"og:type\" content=\"article\" \/>\n<meta property=\"og:title\" content=\"[ Lenovo ] &#129351; 82xm00lwlm Laptop Ideapad Slim 3 15abr8\/ryzen 7 5825u 2.0 Ghz\/16gb\/1tb Ssd\/15.6 Fhd\/color Azul Abismo\/win 11 Home\/1 A\u00f1o En Centro De Servicio\" \/>\n<meta property=\"og:description\" content=\"Compra 82xm00lwlm Laptop Ideapad Slim 3 15abr8\/ryzen 7 5825u 2.0 Ghz\/16gb\/1tb Ssd\/15.6 Fhd\/color Azul Abismo\/win 11 Home\/1 A\u00f1o En Centro De Servicio + Env\u00edo a domicilio + Pago seguro + Garant\u00eda\" \/>\n<meta property=\"og:url\" content=\"https:\/\/compuviper.mx\/tienda\/producto\/lenovo-82xm00lwlm-laptop-ideapad-slim-3-15abr8-ryzen-7-5825u-2-0-ghz-16gb-1tb-ssd-15-6-fhd-color-azul-abismo-win-11-home-1-ao-en-centro-de-servicio\/\" \/>\n<meta property=\"og:site_name\" content=\"Compuviper\" \/>\n<meta property=\"article:publisher\" content=\"https:\/\/www.facebook.com\/compuviper\" \/>\n<meta name=\"twitter:card\" content=\"summary_large_image\" \/>\n<meta name=\"twitter:label1\" content=\"Precio\" \/>\n\t<meta name=\"twitter:data1\" content=\"&#36;16,726 con IVA\" \/>\n\t<meta name=\"twitter:label2\" content=\"Availability\" \/>\n\t<meta name=\"twitter:data2\" content=\"Out of stock\" \/>\n<script type=\"application\/ld+json\" class=\"yoast-schema-graph\">{\"@context\":\"https:\/\/schema.org\",\"@graph\":[{\"@type\":\"WebPage\",\"@id\":\"https:\/\/compuviper.mx\/tienda\/producto\/lenovo-82xm00lwlm-laptop-ideapad-slim-3-15abr8-ryzen-7-5825u-2-0-ghz-16gb-1tb-ssd-15-6-fhd-color-azul-abismo-win-11-home-1-ao-en-centro-de-servicio\/\",\"url\":\"https:\/\/compuviper.mx\/tienda\/producto\/lenovo-82xm00lwlm-laptop-ideapad-slim-3-15abr8-ryzen-7-5825u-2-0-ghz-16gb-1tb-ssd-15-6-fhd-color-azul-abismo-win-11-home-1-ao-en-centro-de-servicio\/\",\"name\":\"[ Lenovo ] &#129351; 82xm00lwlm Laptop Ideapad Slim 3 15abr8\/ryzen 7 5825u 2.0 Ghz\/16gb\/1tb Ssd\/15.6 Fhd\/color Azul Abismo\/win 11 Home\/1 A\u00f1o En Centro De Servicio\",\"isPartOf\":{\"@id\":\"https:\/\/compuviper.mx\/tienda\/#website\"},\"datePublished\":\"2026-05-07T07:19:13+00:00\",\"dateModified\":\"2026-05-07T07:19:13+00:00\",\"description\":\"Compra 82xm00lwlm Laptop Ideapad Slim 3 15abr8\/ryzen 7 5825u 2.0 Ghz\/16gb\/1tb Ssd\/15.6 Fhd\/color Azul Abismo\/win 11 Home\/1 A\u00f1o En Centro De Servicio + Env\u00edo a domicilio + Pago seguro + Garant\u00eda\",\"breadcrumb\":{\"@id\":\"https:\/\/compuviper.mx\/tienda\/producto\/lenovo-82xm00lwlm-laptop-ideapad-slim-3-15abr8-ryzen-7-5825u-2-0-ghz-16gb-1tb-ssd-15-6-fhd-color-azul-abismo-win-11-home-1-ao-en-centro-de-servicio\/#breadcrumb\"},\"inLanguage\":\"es-MX\",\"potentialAction\":[{\"@type\":\"ReadAction\",\"target\":[\"https:\/\/compuviper.mx\/tienda\/producto\/lenovo-82xm00lwlm-laptop-ideapad-slim-3-15abr8-ryzen-7-5825u-2-0-ghz-16gb-1tb-ssd-15-6-fhd-color-azul-abismo-win-11-home-1-ao-en-centro-de-servicio\/\"]}]},{\"@type\":\"BreadcrumbList\",\"@id\":\"https:\/\/compuviper.mx\/tienda\/producto\/lenovo-82xm00lwlm-laptop-ideapad-slim-3-15abr8-ryzen-7-5825u-2-0-ghz-16gb-1tb-ssd-15-6-fhd-color-azul-abismo-win-11-home-1-ao-en-centro-de-servicio\/#breadcrumb\",\"itemListElement\":[{\"@type\":\"ListItem\",\"position\":1,\"name\":\"Inicio\",\"item\":\"https:\/\/compuviper.mx\/tienda\/\"},{\"@type\":\"ListItem\",\"position\":2,\"name\":\"Productos\",\"item\":\"https:\/\/compuviper.mx\/tienda\/productos\/\"},{\"@type\":\"ListItem\",\"position\":3,\"name\":\"Lenovo 82xm00lwlm Laptop Ideapad Slim 3 15abr8\/ryzen 7 5825u 2.0 Ghz\/16gb\/1tb Ssd\/15.6 Fhd\/color Azul Abismo\/win 11 Home\/1 A?o En Centro De Servicio\"}]},{\"@type\":\"WebSite\",\"@id\":\"https:\/\/compuviper.mx\/tienda\/#website\",\"url\":\"https:\/\/compuviper.mx\/tienda\/\",\"name\":\"Compuviper\",\"description\":\"Proveedor de Computadoras, Laptops, Servidores, Monitores, Puntos de Venta, Teclados,   Impresoras, T\u00f3ner, C\u00e1maras de Seguridad y m\u00e1s en tu tienda en l\u00ednea\",\"publisher\":{\"@id\":\"https:\/\/compuviper.mx\/tienda\/#organization\"},\"potentialAction\":[{\"@type\":\"SearchAction\",\"target\":{\"@type\":\"EntryPoint\",\"urlTemplate\":\"https:\/\/compuviper.mx\/tienda\/?s={search_term_string}\"},\"query-input\":\"required name=search_term_string\"}],\"inLanguage\":\"es-MX\"},{\"@type\":\"Organization\",\"@id\":\"https:\/\/compuviper.mx\/tienda\/#organization\",\"name\":\"Compuviper\",\"url\":\"https:\/\/compuviper.mx\/tienda\/\",\"logo\":{\"@type\":\"ImageObject\",\"inLanguage\":\"es-MX\",\"@id\":\"https:\/\/compuviper.mx\/tienda\/#\/schema\/logo\/image\/\",\"url\":\"https:\/\/compuviper.mx\/tienda\/wp-content\/uploads\/2021\/08\/Logo-Compuviper-10.png\",\"contentUrl\":\"https:\/\/compuviper.mx\/tienda\/wp-content\/uploads\/2021\/08\/Logo-Compuviper-10.png\",\"width\":1000,\"height\":500,\"caption\":\"Compuviper\"},\"image\":{\"@id\":\"https:\/\/compuviper.mx\/tienda\/#\/schema\/logo\/image\/\"},\"sameAs\":[\"https:\/\/www.facebook.com\/compuviper\",\"https:\/\/www.youtube.com\/channel\/UCf73dERp9Y3cfOq7q8BhLjA?view_as=subscriber\"]}]}<\/script>\n<meta property=\"product:brand\" content=\"LENOVO\" \/>\n<meta property=\"product:price:amount\" content=\"16726\" \/>\n<meta property=\"product:price:currency\" content=\"MXN\" \/>\n<meta property=\"og:availability\" content=\"out of stock\" \/>\n<meta property=\"product:availability\" content=\"out of stock\" \/>\n<meta property=\"product:retailer_item_id\" content=\"82XM00LWLM\" \/>\n<meta property=\"product:condition\" content=\"new\" \/>\n<!-- \/ Yoast SEO plugin. -->","yoast_head_json":{"title":"[ Lenovo ] &#129351; 82xm00lwlm Laptop Ideapad Slim 3 15abr8\/ryzen 7 5825u 2.0 Ghz\/16gb\/1tb Ssd\/15.6 Fhd\/color Azul Abismo\/win 11 Home\/1 A\u00f1o En Centro De Servicio","description":"Compra 82xm00lwlm Laptop Ideapad Slim 3 15abr8\/ryzen 7 5825u 2.0 Ghz\/16gb\/1tb Ssd\/15.6 Fhd\/color Azul Abismo\/win 11 Home\/1 A\u00f1o En Centro De Servicio + Env\u00edo a domicilio + Pago seguro + Garant\u00eda","robots":{"index":"index","follow":"follow","max-snippet":"max-snippet:-1","max-image-preview":"max-image-preview:large","max-video-preview":"max-video-preview:-1"},"canonical":"https:\/\/compuviper.mx\/tienda\/producto\/lenovo-82xm00lwlm-laptop-ideapad-slim-3-15abr8-ryzen-7-5825u-2-0-ghz-16gb-1tb-ssd-15-6-fhd-color-azul-abismo-win-11-home-1-ao-en-centro-de-servicio\/","og_locale":"es_MX","og_type":"article","og_title":"[ Lenovo ] &#129351; 82xm00lwlm Laptop Ideapad Slim 3 15abr8\/ryzen 7 5825u 2.0 Ghz\/16gb\/1tb Ssd\/15.6 Fhd\/color Azul Abismo\/win 11 Home\/1 A\u00f1o En Centro De Servicio","og_description":"Compra 82xm00lwlm Laptop Ideapad Slim 3 15abr8\/ryzen 7 5825u 2.0 Ghz\/16gb\/1tb Ssd\/15.6 Fhd\/color Azul Abismo\/win 11 Home\/1 A\u00f1o En Centro De Servicio + Env\u00edo a domicilio + Pago seguro + Garant\u00eda","og_url":"https:\/\/compuviper.mx\/tienda\/producto\/lenovo-82xm00lwlm-laptop-ideapad-slim-3-15abr8-ryzen-7-5825u-2-0-ghz-16gb-1tb-ssd-15-6-fhd-color-azul-abismo-win-11-home-1-ao-en-centro-de-servicio\/","og_site_name":"Compuviper","article_publisher":"https:\/\/www.facebook.com\/compuviper","twitter_card":"summary_large_image","twitter_misc":{"Precio":"&#36;16,726 con IVA","Availability":"Out of stock"},"schema":{"@context":"https:\/\/schema.org","@graph":[{"@type":"WebPage","@id":"https:\/\/compuviper.mx\/tienda\/producto\/lenovo-82xm00lwlm-laptop-ideapad-slim-3-15abr8-ryzen-7-5825u-2-0-ghz-16gb-1tb-ssd-15-6-fhd-color-azul-abismo-win-11-home-1-ao-en-centro-de-servicio\/","url":"https:\/\/compuviper.mx\/tienda\/producto\/lenovo-82xm00lwlm-laptop-ideapad-slim-3-15abr8-ryzen-7-5825u-2-0-ghz-16gb-1tb-ssd-15-6-fhd-color-azul-abismo-win-11-home-1-ao-en-centro-de-servicio\/","name":"[ Lenovo ] &#129351; 82xm00lwlm Laptop Ideapad Slim 3 15abr8\/ryzen 7 5825u 2.0 Ghz\/16gb\/1tb Ssd\/15.6 Fhd\/color Azul Abismo\/win 11 Home\/1 A\u00f1o En Centro De Servicio","isPartOf":{"@id":"https:\/\/compuviper.mx\/tienda\/#website"},"datePublished":"2026-05-07T07:19:13+00:00","dateModified":"2026-05-07T07:19:13+00:00","description":"Compra 82xm00lwlm Laptop Ideapad Slim 3 15abr8\/ryzen 7 5825u 2.0 Ghz\/16gb\/1tb Ssd\/15.6 Fhd\/color Azul Abismo\/win 11 Home\/1 A\u00f1o En Centro De Servicio + Env\u00edo a domicilio + Pago seguro + Garant\u00eda","breadcrumb":{"@id":"https:\/\/compuviper.mx\/tienda\/producto\/lenovo-82xm00lwlm-laptop-ideapad-slim-3-15abr8-ryzen-7-5825u-2-0-ghz-16gb-1tb-ssd-15-6-fhd-color-azul-abismo-win-11-home-1-ao-en-centro-de-servicio\/#breadcrumb"},"inLanguage":"es-MX","potentialAction":[{"@type":"ReadAction","target":["https:\/\/compuviper.mx\/tienda\/producto\/lenovo-82xm00lwlm-laptop-ideapad-slim-3-15abr8-ryzen-7-5825u-2-0-ghz-16gb-1tb-ssd-15-6-fhd-color-azul-abismo-win-11-home-1-ao-en-centro-de-servicio\/"]}]},{"@type":"BreadcrumbList","@id":"https:\/\/compuviper.mx\/tienda\/producto\/lenovo-82xm00lwlm-laptop-ideapad-slim-3-15abr8-ryzen-7-5825u-2-0-ghz-16gb-1tb-ssd-15-6-fhd-color-azul-abismo-win-11-home-1-ao-en-centro-de-servicio\/#breadcrumb","itemListElement":[{"@type":"ListItem","position":1,"name":"Inicio","item":"https:\/\/compuviper.mx\/tienda\/"},{"@type":"ListItem","position":2,"name":"Productos","item":"https:\/\/compuviper.mx\/tienda\/productos\/"},{"@type":"ListItem","position":3,"name":"Lenovo 82xm00lwlm Laptop Ideapad Slim 3 15abr8\/ryzen 7 5825u 2.0 Ghz\/16gb\/1tb Ssd\/15.6 Fhd\/color Azul Abismo\/win 11 Home\/1 A?o En Centro De Servicio"}]},{"@type":"WebSite","@id":"https:\/\/compuviper.mx\/tienda\/#website","url":"https:\/\/compuviper.mx\/tienda\/","name":"Compuviper","description":"Proveedor de Computadoras, Laptops, Servidores, Monitores, Puntos de Venta, Teclados,   Impresoras, T\u00f3ner, C\u00e1maras de Seguridad y m\u00e1s en tu tienda en l\u00ednea","publisher":{"@id":"https:\/\/compuviper.mx\/tienda\/#organization"},"potentialAction":[{"@type":"SearchAction","target":{"@type":"EntryPoint","urlTemplate":"https:\/\/compuviper.mx\/tienda\/?s={search_term_string}"},"query-input":"required name=search_term_string"}],"inLanguage":"es-MX"},{"@type":"Organization","@id":"https:\/\/compuviper.mx\/tienda\/#organization","name":"Compuviper","url":"https:\/\/compuviper.mx\/tienda\/","logo":{"@type":"ImageObject","inLanguage":"es-MX","@id":"https:\/\/compuviper.mx\/tienda\/#\/schema\/logo\/image\/","url":"https:\/\/compuviper.mx\/tienda\/wp-content\/uploads\/2021\/08\/Logo-Compuviper-10.png","contentUrl":"https:\/\/compuviper.mx\/tienda\/wp-content\/uploads\/2021\/08\/Logo-Compuviper-10.png","width":1000,"height":500,"caption":"Compuviper"},"image":{"@id":"https:\/\/compuviper.mx\/tienda\/#\/schema\/logo\/image\/"},"sameAs":["https:\/\/www.facebook.com\/compuviper","https:\/\/www.youtube.com\/channel\/UCf73dERp9Y3cfOq7q8BhLjA?view_as=subscriber"]}]},"product_brand":"LENOVO","product_price_amount":"16726","product_price_currency":"MXN","og_availability":"out of stock","product_availability":"out of stock","product_retailer_item_id":"82XM00LWLM","product_condition":"new"},"_links":{"self":[{"href":"https:\/\/compuviper.mx\/tienda\/wp-json\/wp\/v2\/product\/269487"}],"collection":[{"href":"https:\/\/compuviper.mx\/tienda\/wp-json\/wp\/v2\/product"}],"about":[{"href":"https:\/\/compuviper.mx\/tienda\/wp-json\/wp\/v2\/types\/product"}],"replies":[{"embeddable":true,"href":"https:\/\/compuviper.mx\/tienda\/wp-json\/wp\/v2\/comments?post=269487"}],"wp:attachment":[{"href":"https:\/\/compuviper.mx\/tienda\/wp-json\/wp\/v2\/media?parent=269487"}],"wp:term":[{"taxonomy":"product_cat","embeddable":true,"href":"https:\/\/compuviper.mx\/tienda\/wp-json\/wp\/v2\/product_cat?post=269487"},{"taxonomy":"product_tag","embeddable":true,"href":"https:\/\/compuviper.mx\/tienda\/wp-json\/wp\/v2\/product_tag?post=269487"}],"curies":[{"name":"wp","href":"https:\/\/api.w.org\/{rel}","templated":true}]}}