{"id":269486,"date":"2026-05-07T01:19:12","date_gmt":"2026-05-07T07:19:12","guid":{"rendered":"https:\/\/compuviper.mx\/tienda\/producto\/lenovo-83kt002tlm-laptop-ideapad-5-2-en-1-14akp10-ryzen-ai-7-350-2-0-ghz-16gb-512gb-ssd-14-wuxga-touch-360-teclado-retroiluminado-color-azul-cosmico-win-11-home-1-ao-centro-de-servicio\/"},"modified":"2026-05-07T01:19:13","modified_gmt":"2026-05-07T07:19:13","slug":"lenovo-83kt002tlm-laptop-ideapad-5-2-en-1-14akp10-ryzen-ai-7-350-2-0-ghz-16gb-512gb-ssd-14-wuxga-touch-360-teclado-retroiluminado-color-azul-cosmico-win-11-home-1-ao-centro-de-servicio","status":"publish","type":"product","link":"https:\/\/compuviper.mx\/tienda\/producto\/lenovo-83kt002tlm-laptop-ideapad-5-2-en-1-14akp10-ryzen-ai-7-350-2-0-ghz-16gb-512gb-ssd-14-wuxga-touch-360-teclado-retroiluminado-color-azul-cosmico-win-11-home-1-ao-centro-de-servicio\/","title":{"rendered":"Lenovo 83kt002tlm Laptop  Ideapad 5 2 En 1 14akp10\/ryzen Ai 7 350 2.0 Ghz\/16gb\/512gb Ssd\/14 Wuxga Touch\/360\/teclado Retroiluminado\/color Azul Cosmico\/win 11 Home\/1 A?o Centro De Servicio"},"content":{"rendered":"<table class=\"descripcion\">\n<tr>\n<td>Marca: lenovo<\/td>\n<\/tr>\n<tr>\n<td>Numero de parte: 83kt002tlm<\/td>\n<\/tr>\n<tr>\n<td>Familia: ideapad 5  2 en 1  14akp10<\/td>\n<\/tr>\n<tr>\n<td>Procesador : amd ryzen ai 7 350 (8c\/16t, 2\/5 ghz, 8 mb l2\/16 mb l3)<\/td>\n<\/tr>\n<tr>\n<td>Categor\u00eda de pc con ia: copilot+ pc<\/td>\n<\/tr>\n<tr>\n<td>Npu : ia amd ryzen integrada, hasta 50 tops<\/td>\n<\/tr>\n<tr>\n<td>Gr\u00e1ficos : integrados amd radeon 860m<\/td>\n<\/tr>\n<tr>\n<td>Chipset : plataforma soc de amd<\/td>\n<\/tr>\n<tr>\n<td>Memoria : memoria lpddr5x-7500 soldada de 16 gb<\/td>\n<\/tr>\n<tr>\n<td>Ranuras de memoria :  memoria soldada a la placa base, sin ranuras, de doble canal.<\/td>\n<\/tr>\n<tr>\n<td>Memoria m\u00e1xima :  memoria soldada de 16 gb, no ampliable.<\/td>\n<\/tr>\n<tr>\n<td>Almacenamiento : ssd m.2 2242 pcie 4.0&#215;4 nvme de 512 gb<\/td>\n<\/tr>\n<tr>\n<td>Ranura de almacenamiento : una ranura m.2 2242 pcie 4.0 x4<\/td>\n<\/tr>\n<tr>\n<td>Soporte de almacenamiento m\u00e1ximo : una unidad, ssd m.2 2242 de hasta 1 tb<\/td>\n<\/tr>\n<tr>\n<td>Chip de audio : audio de alta definici\u00f3n (hd), c\u00f3dec realtek alc3287<\/td>\n<\/tr>\n<tr>\n<td>Oradores : altavoces est\u00e9reo, 2w x2, optimizados con dolby audio.<\/td>\n<\/tr>\n<tr>\n<td>Micr\u00f3fono : 2x, matriz<\/td>\n<\/tr>\n<tr>\n<td>C\u00e1mara : fhd 1080p + ir con obturador de privacidad<\/td>\n<\/tr>\n<tr>\n<td>Bater\u00eda : 57wh<\/td>\n<\/tr>\n<tr>\n<td>Adaptador de corriente : usb-c de 65 w (3 pines)<\/td>\n<\/tr>\n<tr>\n<td>Pantalla : oled wuxga de 14 (1920&#215;1200), 500 nits (pico) \/ 400 nits (t\u00edpico), brillante, 100 % dci-p3, 60 hz, t\u00fcv low blue light, displayhdr true black 500, cristal, t\u00e1ctil.<\/td>\n<\/tr>\n<tr>\n<td>Pantalla t\u00e1ctil : multit\u00e1ctil de 10 puntos<\/td>\n<\/tr>\n<tr>\n<td>Teclado : retroiluminado, espa\u00f1ol (la)<\/td>\n<\/tr>\n<tr>\n<td>Panel t\u00e1ctil : multit\u00e1ctil sin botones con superficie mylar\u00ae, compatible con precision touchpad (ptp), 75 x 120 mm (2,95 x 4,72 pulgadas).<\/td>\n<\/tr>\n<tr>\n<td>Dimensiones (ancho x profundidad x alto) : 313 x 227 x 17,5 mm (12,32 x 8,94 x 0,69 pulgadas)<\/td>\n<\/tr>\n<tr>\n<td>Peso : a partir de 1,5 kg (3,31 libras)<\/td>\n<\/tr>\n<tr>\n<td>Color de la caja : azul c\u00f3smico<\/td>\n<\/tr>\n<tr>\n<td>Material :aluminio (parte superior), pc-abs + 40 % gf (parte inferior)<\/td>\n<\/tr>\n<tr>\n<td>Tratamiento de superficies : estampado de aluminio (anodizado con chorro de arena)<\/td>\n<\/tr>\n<tr>\n<td>Software<\/td>\n<\/tr>\n<tr>\n<td>Sistema operativo : windows 11 hogar, espa\u00f1ol<\/td>\n<\/tr>\n<tr>\n<td>Software incluido: office trial<\/td>\n<\/tr>\n<tr>\n<td>Conectividad:<\/td>\n<\/tr>\n<tr>\n<td>Wlan + bluetooth :wi-fi 7, 802.11be 2&#215;2 + bt5.4<\/td>\n<\/tr>\n<tr>\n<td>Wwan :wwan no compatible<\/td>\n<\/tr>\n<tr>\n<td>Ethernet :no<\/td>\n<\/tr>\n<tr>\n<td>Puertos estandar:<\/td>\n<\/tr>\n<tr>\n<td>1 puerto usb-a (usb 5 gbps), siempre encendido.<\/td>\n<\/tr>\n<tr>\n<td>1 puerto usb-a (usb 5 gbps)<\/td>\n<\/tr>\n<tr>\n<td>2 puertos usb-c (usb 10 gbps), con usb pd 45-65 w y displayport 1.4<\/td>\n<\/tr>\n<tr>\n<td>1x hdmi 1.4b<\/td>\n<\/tr>\n<tr>\n<td>1 conector combinado para auriculares\/micr\u00f3fono (3,5 mm)<\/td>\n<\/tr>\n<tr>\n<td>1 lector de tarjetas microsd<\/td>\n<\/tr>\n<tr>\n<td>Seguridad y privacidad<\/td>\n<\/tr>\n<tr>\n<td>Chip de seguridad : firmware tpm 2.0 habilitado<\/td>\n<\/tr>\n<tr>\n<td>Otras medidas de seguridad : obturador de privacidad para la c\u00e1mara<\/td>\n<\/tr>\n<tr>\n<td>C\u00e1mara infrarroja para windows hello (reconocimiento facial)<\/td>\n<\/tr>\n<tr>\n<td>Servicio:<\/td>\n<\/tr>\n<tr>\n<td>Garant\u00eda b\u00e1sica: 1 a\u00f1o en centro de servicio<\/td>\n<\/tr>\n<tr>\n<td>Certificaciones :<\/td>\n<\/tr>\n<tr>\n<td>Certificaciones ecol\u00f3gicas<\/td>\n<\/tr>\n<tr>\n<td>Energy star 9.0<\/td>\n<\/tr>\n<tr>\n<td>Epeat gold registrado<\/td>\n<\/tr>\n<tr>\n<td>Lote erp 6\/26<\/td>\n<\/tr>\n<tr>\n<td>Cumple con la normativa rohs<\/td>\n<\/tr>\n<tr>\n<td>Prueba seg\u00fan especificaciones militares : prueba militar mil-std-810h superada (21 elementos de prueba)<\/td>\n<\/tr>\n<tr>\n<td>Otras certificaciones :  modelos con panel oled: t\u00fcv rheinland low blue light (soluci\u00f3n de hardware)<\/td>\n<\/tr>\n<\/table>\n","protected":false},"excerpt":{"rendered":"<p>Lenovo ideapad 5 2 en 1 14akp10 una laptop que se ve tan bien como funciona. **no te arriesgues proteje tu equipo** adquiere la extensi\u00f3n de garantia y\/o servicios adicionales como garantia contra da\u00f1os de accidentes. La imagen presentada es ilustrativa puede variar<\/p>\n","protected":false},"featured_media":0,"comment_status":"open","ping_status":"open","template":"","meta":[],"product_cat":[1886,1887],"product_tag":[1578],"acf":[],"yoast_head":"<!-- This site is optimized with the Yoast SEO plugin v21.7 - https:\/\/yoast.com\/wordpress\/plugins\/seo\/ -->\n<title>[ Lenovo ] &#129351; 83kt002tlm Laptop Ideapad 5 2 En 1 14akp10\/ryzen Ai 7 350 2.0 Ghz\/16gb\/512gb Ssd\/14 Wuxga Touch\/360\/teclado Retroiluminado\/color Azul Cosmico\/win 11 Home\/1 A\u00f1o Centro De Servicio<\/title>\n<meta name=\"description\" content=\"Compra 83kt002tlm Laptop Ideapad 5 2 En 1 14akp10\/ryzen Ai 7 350 2.0 Ghz\/16gb\/512gb Ssd\/14 Wuxga Touch\/360\/teclado Retroiluminado\/color Azul Cosmico\/win 11 Home\/1 A\u00f1o Centro De Servicio + Env\u00edo a domicilio + Pago seguro + Garant\u00eda\" \/>\n<meta name=\"robots\" content=\"index, follow, max-snippet:-1, max-image-preview:large, max-video-preview:-1\" \/>\n<link rel=\"canonical\" href=\"https:\/\/compuviper.mx\/tienda\/producto\/lenovo-83kt002tlm-laptop-ideapad-5-2-en-1-14akp10-ryzen-ai-7-350-2-0-ghz-16gb-512gb-ssd-14-wuxga-touch-360-teclado-retroiluminado-color-azul-cosmico-win-11-home-1-ao-centro-de-servicio\/\" \/>\n<meta property=\"og:locale\" content=\"es_MX\" \/>\n<meta property=\"og:type\" content=\"article\" \/>\n<meta property=\"og:title\" content=\"[ Lenovo ] &#129351; 83kt002tlm Laptop Ideapad 5 2 En 1 14akp10\/ryzen Ai 7 350 2.0 Ghz\/16gb\/512gb Ssd\/14 Wuxga Touch\/360\/teclado Retroiluminado\/color Azul Cosmico\/win 11 Home\/1 A\u00f1o Centro De Servicio\" \/>\n<meta property=\"og:description\" content=\"Compra 83kt002tlm Laptop Ideapad 5 2 En 1 14akp10\/ryzen Ai 7 350 2.0 Ghz\/16gb\/512gb Ssd\/14 Wuxga Touch\/360\/teclado Retroiluminado\/color Azul Cosmico\/win 11 Home\/1 A\u00f1o Centro De Servicio + Env\u00edo a domicilio + Pago seguro + Garant\u00eda\" \/>\n<meta property=\"og:url\" content=\"https:\/\/compuviper.mx\/tienda\/producto\/lenovo-83kt002tlm-laptop-ideapad-5-2-en-1-14akp10-ryzen-ai-7-350-2-0-ghz-16gb-512gb-ssd-14-wuxga-touch-360-teclado-retroiluminado-color-azul-cosmico-win-11-home-1-ao-centro-de-servicio\/\" \/>\n<meta property=\"og:site_name\" content=\"Compuviper\" \/>\n<meta property=\"article:publisher\" content=\"https:\/\/www.facebook.com\/compuviper\" \/>\n<meta property=\"article:modified_time\" content=\"2026-05-07T07:19:13+00:00\" \/>\n<meta name=\"twitter:card\" content=\"summary_large_image\" \/>\n<meta name=\"twitter:label1\" content=\"Precio\" \/>\n\t<meta name=\"twitter:data1\" content=\"&#36;19,235 con IVA\" \/>\n\t<meta name=\"twitter:label2\" content=\"Availability\" \/>\n\t<meta name=\"twitter:data2\" content=\"Out of stock\" \/>\n<script type=\"application\/ld+json\" class=\"yoast-schema-graph\">{\"@context\":\"https:\/\/schema.org\",\"@graph\":[{\"@type\":\"WebPage\",\"@id\":\"https:\/\/compuviper.mx\/tienda\/producto\/lenovo-83kt002tlm-laptop-ideapad-5-2-en-1-14akp10-ryzen-ai-7-350-2-0-ghz-16gb-512gb-ssd-14-wuxga-touch-360-teclado-retroiluminado-color-azul-cosmico-win-11-home-1-ao-centro-de-servicio\/\",\"url\":\"https:\/\/compuviper.mx\/tienda\/producto\/lenovo-83kt002tlm-laptop-ideapad-5-2-en-1-14akp10-ryzen-ai-7-350-2-0-ghz-16gb-512gb-ssd-14-wuxga-touch-360-teclado-retroiluminado-color-azul-cosmico-win-11-home-1-ao-centro-de-servicio\/\",\"name\":\"[ Lenovo ] &#129351; 83kt002tlm Laptop Ideapad 5 2 En 1 14akp10\/ryzen Ai 7 350 2.0 Ghz\/16gb\/512gb Ssd\/14 Wuxga Touch\/360\/teclado Retroiluminado\/color Azul Cosmico\/win 11 Home\/1 A\u00f1o Centro De Servicio\",\"isPartOf\":{\"@id\":\"https:\/\/compuviper.mx\/tienda\/#website\"},\"datePublished\":\"2026-05-07T07:19:12+00:00\",\"dateModified\":\"2026-05-07T07:19:13+00:00\",\"description\":\"Compra 83kt002tlm Laptop Ideapad 5 2 En 1 14akp10\/ryzen Ai 7 350 2.0 Ghz\/16gb\/512gb Ssd\/14 Wuxga Touch\/360\/teclado Retroiluminado\/color Azul Cosmico\/win 11 Home\/1 A\u00f1o Centro De Servicio + Env\u00edo a domicilio + Pago seguro + Garant\u00eda\",\"breadcrumb\":{\"@id\":\"https:\/\/compuviper.mx\/tienda\/producto\/lenovo-83kt002tlm-laptop-ideapad-5-2-en-1-14akp10-ryzen-ai-7-350-2-0-ghz-16gb-512gb-ssd-14-wuxga-touch-360-teclado-retroiluminado-color-azul-cosmico-win-11-home-1-ao-centro-de-servicio\/#breadcrumb\"},\"inLanguage\":\"es-MX\",\"potentialAction\":[{\"@type\":\"ReadAction\",\"target\":[\"https:\/\/compuviper.mx\/tienda\/producto\/lenovo-83kt002tlm-laptop-ideapad-5-2-en-1-14akp10-ryzen-ai-7-350-2-0-ghz-16gb-512gb-ssd-14-wuxga-touch-360-teclado-retroiluminado-color-azul-cosmico-win-11-home-1-ao-centro-de-servicio\/\"]}]},{\"@type\":\"BreadcrumbList\",\"@id\":\"https:\/\/compuviper.mx\/tienda\/producto\/lenovo-83kt002tlm-laptop-ideapad-5-2-en-1-14akp10-ryzen-ai-7-350-2-0-ghz-16gb-512gb-ssd-14-wuxga-touch-360-teclado-retroiluminado-color-azul-cosmico-win-11-home-1-ao-centro-de-servicio\/#breadcrumb\",\"itemListElement\":[{\"@type\":\"ListItem\",\"position\":1,\"name\":\"Inicio\",\"item\":\"https:\/\/compuviper.mx\/tienda\/\"},{\"@type\":\"ListItem\",\"position\":2,\"name\":\"Productos\",\"item\":\"https:\/\/compuviper.mx\/tienda\/productos\/\"},{\"@type\":\"ListItem\",\"position\":3,\"name\":\"Lenovo 83kt002tlm Laptop Ideapad 5 2 En 1 14akp10\/ryzen Ai 7 350 2.0 Ghz\/16gb\/512gb Ssd\/14 Wuxga Touch\/360\/teclado Retroiluminado\/color Azul Cosmico\/win 11 Home\/1 A?o Centro De Servicio\"}]},{\"@type\":\"WebSite\",\"@id\":\"https:\/\/compuviper.mx\/tienda\/#website\",\"url\":\"https:\/\/compuviper.mx\/tienda\/\",\"name\":\"Compuviper\",\"description\":\"Proveedor de Computadoras, Laptops, Servidores, Monitores, Puntos de Venta, Teclados,   Impresoras, T\u00f3ner, C\u00e1maras de Seguridad y m\u00e1s en tu tienda en l\u00ednea\",\"publisher\":{\"@id\":\"https:\/\/compuviper.mx\/tienda\/#organization\"},\"potentialAction\":[{\"@type\":\"SearchAction\",\"target\":{\"@type\":\"EntryPoint\",\"urlTemplate\":\"https:\/\/compuviper.mx\/tienda\/?s={search_term_string}\"},\"query-input\":\"required name=search_term_string\"}],\"inLanguage\":\"es-MX\"},{\"@type\":\"Organization\",\"@id\":\"https:\/\/compuviper.mx\/tienda\/#organization\",\"name\":\"Compuviper\",\"url\":\"https:\/\/compuviper.mx\/tienda\/\",\"logo\":{\"@type\":\"ImageObject\",\"inLanguage\":\"es-MX\",\"@id\":\"https:\/\/compuviper.mx\/tienda\/#\/schema\/logo\/image\/\",\"url\":\"https:\/\/compuviper.mx\/tienda\/wp-content\/uploads\/2021\/08\/Logo-Compuviper-10.png\",\"contentUrl\":\"https:\/\/compuviper.mx\/tienda\/wp-content\/uploads\/2021\/08\/Logo-Compuviper-10.png\",\"width\":1000,\"height\":500,\"caption\":\"Compuviper\"},\"image\":{\"@id\":\"https:\/\/compuviper.mx\/tienda\/#\/schema\/logo\/image\/\"},\"sameAs\":[\"https:\/\/www.facebook.com\/compuviper\",\"https:\/\/www.youtube.com\/channel\/UCf73dERp9Y3cfOq7q8BhLjA?view_as=subscriber\"]}]}<\/script>\n<meta property=\"product:brand\" content=\"LENOVO\" \/>\n<meta property=\"product:price:amount\" content=\"19235\" \/>\n<meta property=\"product:price:currency\" content=\"MXN\" \/>\n<meta property=\"og:availability\" content=\"out of stock\" \/>\n<meta property=\"product:availability\" content=\"out of stock\" \/>\n<meta property=\"product:retailer_item_id\" content=\"83KT002TLM\" \/>\n<meta property=\"product:condition\" content=\"new\" \/>\n<!-- \/ Yoast SEO plugin. -->","yoast_head_json":{"title":"[ Lenovo ] &#129351; 83kt002tlm Laptop Ideapad 5 2 En 1 14akp10\/ryzen Ai 7 350 2.0 Ghz\/16gb\/512gb Ssd\/14 Wuxga Touch\/360\/teclado Retroiluminado\/color Azul Cosmico\/win 11 Home\/1 A\u00f1o Centro De Servicio","description":"Compra 83kt002tlm Laptop Ideapad 5 2 En 1 14akp10\/ryzen Ai 7 350 2.0 Ghz\/16gb\/512gb Ssd\/14 Wuxga Touch\/360\/teclado Retroiluminado\/color Azul Cosmico\/win 11 Home\/1 A\u00f1o Centro De Servicio + Env\u00edo a domicilio + Pago seguro + Garant\u00eda","robots":{"index":"index","follow":"follow","max-snippet":"max-snippet:-1","max-image-preview":"max-image-preview:large","max-video-preview":"max-video-preview:-1"},"canonical":"https:\/\/compuviper.mx\/tienda\/producto\/lenovo-83kt002tlm-laptop-ideapad-5-2-en-1-14akp10-ryzen-ai-7-350-2-0-ghz-16gb-512gb-ssd-14-wuxga-touch-360-teclado-retroiluminado-color-azul-cosmico-win-11-home-1-ao-centro-de-servicio\/","og_locale":"es_MX","og_type":"article","og_title":"[ Lenovo ] &#129351; 83kt002tlm Laptop Ideapad 5 2 En 1 14akp10\/ryzen Ai 7 350 2.0 Ghz\/16gb\/512gb Ssd\/14 Wuxga Touch\/360\/teclado Retroiluminado\/color Azul Cosmico\/win 11 Home\/1 A\u00f1o Centro De Servicio","og_description":"Compra 83kt002tlm Laptop Ideapad 5 2 En 1 14akp10\/ryzen Ai 7 350 2.0 Ghz\/16gb\/512gb Ssd\/14 Wuxga Touch\/360\/teclado Retroiluminado\/color Azul Cosmico\/win 11 Home\/1 A\u00f1o Centro De Servicio + Env\u00edo a domicilio + Pago seguro + Garant\u00eda","og_url":"https:\/\/compuviper.mx\/tienda\/producto\/lenovo-83kt002tlm-laptop-ideapad-5-2-en-1-14akp10-ryzen-ai-7-350-2-0-ghz-16gb-512gb-ssd-14-wuxga-touch-360-teclado-retroiluminado-color-azul-cosmico-win-11-home-1-ao-centro-de-servicio\/","og_site_name":"Compuviper","article_publisher":"https:\/\/www.facebook.com\/compuviper","article_modified_time":"2026-05-07T07:19:13+00:00","twitter_card":"summary_large_image","twitter_misc":{"Precio":"&#36;19,235 con IVA","Availability":"Out of stock"},"schema":{"@context":"https:\/\/schema.org","@graph":[{"@type":"WebPage","@id":"https:\/\/compuviper.mx\/tienda\/producto\/lenovo-83kt002tlm-laptop-ideapad-5-2-en-1-14akp10-ryzen-ai-7-350-2-0-ghz-16gb-512gb-ssd-14-wuxga-touch-360-teclado-retroiluminado-color-azul-cosmico-win-11-home-1-ao-centro-de-servicio\/","url":"https:\/\/compuviper.mx\/tienda\/producto\/lenovo-83kt002tlm-laptop-ideapad-5-2-en-1-14akp10-ryzen-ai-7-350-2-0-ghz-16gb-512gb-ssd-14-wuxga-touch-360-teclado-retroiluminado-color-azul-cosmico-win-11-home-1-ao-centro-de-servicio\/","name":"[ Lenovo ] &#129351; 83kt002tlm Laptop Ideapad 5 2 En 1 14akp10\/ryzen Ai 7 350 2.0 Ghz\/16gb\/512gb Ssd\/14 Wuxga Touch\/360\/teclado Retroiluminado\/color Azul Cosmico\/win 11 Home\/1 A\u00f1o Centro De Servicio","isPartOf":{"@id":"https:\/\/compuviper.mx\/tienda\/#website"},"datePublished":"2026-05-07T07:19:12+00:00","dateModified":"2026-05-07T07:19:13+00:00","description":"Compra 83kt002tlm Laptop Ideapad 5 2 En 1 14akp10\/ryzen Ai 7 350 2.0 Ghz\/16gb\/512gb Ssd\/14 Wuxga Touch\/360\/teclado Retroiluminado\/color Azul Cosmico\/win 11 Home\/1 A\u00f1o Centro De Servicio + Env\u00edo a domicilio + Pago seguro + Garant\u00eda","breadcrumb":{"@id":"https:\/\/compuviper.mx\/tienda\/producto\/lenovo-83kt002tlm-laptop-ideapad-5-2-en-1-14akp10-ryzen-ai-7-350-2-0-ghz-16gb-512gb-ssd-14-wuxga-touch-360-teclado-retroiluminado-color-azul-cosmico-win-11-home-1-ao-centro-de-servicio\/#breadcrumb"},"inLanguage":"es-MX","potentialAction":[{"@type":"ReadAction","target":["https:\/\/compuviper.mx\/tienda\/producto\/lenovo-83kt002tlm-laptop-ideapad-5-2-en-1-14akp10-ryzen-ai-7-350-2-0-ghz-16gb-512gb-ssd-14-wuxga-touch-360-teclado-retroiluminado-color-azul-cosmico-win-11-home-1-ao-centro-de-servicio\/"]}]},{"@type":"BreadcrumbList","@id":"https:\/\/compuviper.mx\/tienda\/producto\/lenovo-83kt002tlm-laptop-ideapad-5-2-en-1-14akp10-ryzen-ai-7-350-2-0-ghz-16gb-512gb-ssd-14-wuxga-touch-360-teclado-retroiluminado-color-azul-cosmico-win-11-home-1-ao-centro-de-servicio\/#breadcrumb","itemListElement":[{"@type":"ListItem","position":1,"name":"Inicio","item":"https:\/\/compuviper.mx\/tienda\/"},{"@type":"ListItem","position":2,"name":"Productos","item":"https:\/\/compuviper.mx\/tienda\/productos\/"},{"@type":"ListItem","position":3,"name":"Lenovo 83kt002tlm Laptop Ideapad 5 2 En 1 14akp10\/ryzen Ai 7 350 2.0 Ghz\/16gb\/512gb Ssd\/14 Wuxga Touch\/360\/teclado Retroiluminado\/color Azul Cosmico\/win 11 Home\/1 A?o Centro De Servicio"}]},{"@type":"WebSite","@id":"https:\/\/compuviper.mx\/tienda\/#website","url":"https:\/\/compuviper.mx\/tienda\/","name":"Compuviper","description":"Proveedor de Computadoras, Laptops, Servidores, Monitores, Puntos de Venta, Teclados,   Impresoras, T\u00f3ner, C\u00e1maras de Seguridad y m\u00e1s en tu tienda en l\u00ednea","publisher":{"@id":"https:\/\/compuviper.mx\/tienda\/#organization"},"potentialAction":[{"@type":"SearchAction","target":{"@type":"EntryPoint","urlTemplate":"https:\/\/compuviper.mx\/tienda\/?s={search_term_string}"},"query-input":"required name=search_term_string"}],"inLanguage":"es-MX"},{"@type":"Organization","@id":"https:\/\/compuviper.mx\/tienda\/#organization","name":"Compuviper","url":"https:\/\/compuviper.mx\/tienda\/","logo":{"@type":"ImageObject","inLanguage":"es-MX","@id":"https:\/\/compuviper.mx\/tienda\/#\/schema\/logo\/image\/","url":"https:\/\/compuviper.mx\/tienda\/wp-content\/uploads\/2021\/08\/Logo-Compuviper-10.png","contentUrl":"https:\/\/compuviper.mx\/tienda\/wp-content\/uploads\/2021\/08\/Logo-Compuviper-10.png","width":1000,"height":500,"caption":"Compuviper"},"image":{"@id":"https:\/\/compuviper.mx\/tienda\/#\/schema\/logo\/image\/"},"sameAs":["https:\/\/www.facebook.com\/compuviper","https:\/\/www.youtube.com\/channel\/UCf73dERp9Y3cfOq7q8BhLjA?view_as=subscriber"]}]},"product_brand":"LENOVO","product_price_amount":"19235","product_price_currency":"MXN","og_availability":"out of stock","product_availability":"out of stock","product_retailer_item_id":"83KT002TLM","product_condition":"new"},"_links":{"self":[{"href":"https:\/\/compuviper.mx\/tienda\/wp-json\/wp\/v2\/product\/269486"}],"collection":[{"href":"https:\/\/compuviper.mx\/tienda\/wp-json\/wp\/v2\/product"}],"about":[{"href":"https:\/\/compuviper.mx\/tienda\/wp-json\/wp\/v2\/types\/product"}],"replies":[{"embeddable":true,"href":"https:\/\/compuviper.mx\/tienda\/wp-json\/wp\/v2\/comments?post=269486"}],"wp:attachment":[{"href":"https:\/\/compuviper.mx\/tienda\/wp-json\/wp\/v2\/media?parent=269486"}],"wp:term":[{"taxonomy":"product_cat","embeddable":true,"href":"https:\/\/compuviper.mx\/tienda\/wp-json\/wp\/v2\/product_cat?post=269486"},{"taxonomy":"product_tag","embeddable":true,"href":"https:\/\/compuviper.mx\/tienda\/wp-json\/wp\/v2\/product_tag?post=269486"}],"curies":[{"name":"wp","href":"https:\/\/api.w.org\/{rel}","templated":true}]}}