{"id":269475,"date":"2026-05-15T00:42:15","date_gmt":"2026-05-15T06:42:15","guid":{"rendered":"https:\/\/compuviper.mx\/tienda\/producto\/wd-western-digital-wd40ezzx-disco-duro-interno-wd-blue-4tb-3-5-escritorio-sata3-6gb-s-128mb-5400rpm-windows\/"},"modified":"2026-05-15T00:42:15","modified_gmt":"2026-05-15T06:42:15","slug":"wd-western-digital-wd40ezzx-disco-duro-interno-wd-blue-4tb-3-5-escritorio-sata3-6gb-s-128mb-5400rpm-windows","status":"publish","type":"product","link":"https:\/\/compuviper.mx\/tienda\/producto\/wd-western-digital-wd40ezzx-disco-duro-interno-wd-blue-4tb-3-5-escritorio-sata3-6gb-s-128mb-5400rpm-windows\/","title":{"rendered":"Wd &#8211; Western Digital Wd40ezzx Disco Duro Interno Wd Blue 4tb 3.5 Escritorio Sata3 6gb\/s 128mb 5400rpm Windows"},"content":{"rendered":"<table class=\"descripcion\">\n<tr>\n<td>Capacidad  4 tb<\/td>\n<\/tr>\n<tr>\n<td>Formato  3.5-inch<\/td>\n<\/tr>\n<tr>\n<td>Conector  sata<\/td>\n<\/tr>\n<tr>\n<td>Interfaz  sata<\/td>\n<\/tr>\n<tr>\n<td>Velocidad de transferencia  up to 185mb\/s<\/td>\n<\/tr>\n<tr>\n<td>Disk speed (rpm)  5400 rpm<\/td>\n<\/tr>\n<tr>\n<td>Cmr<\/td>\n<\/tr>\n<tr>\n<td>Cache size  128mb<\/td>\n<\/tr>\n<tr>\n<td>Garantia limitada de dos a\u00f1os<\/td>\n<\/tr>\n<tr>\n<td>Dimensiones (largo, ancho y alto)  5.79 x 4 x 1.03<\/td>\n<\/tr>\n<tr>\n<td>Peso  1.21lbs<\/td>\n<\/tr>\n<tr>\n<td>Numero de modelo  wd40ezzx<\/td>\n<\/tr>\n<tr>\n<td>Temp. operativa  0\u00b0c to 60\u00b0c<\/td>\n<\/tr>\n<tr>\n<td>Non-operating temperature  -40\u00b0c to 70\u00b0c<\/td>\n<\/tr>\n<tr>\n<td>Certificaciones :<\/td>\n<\/tr>\n<tr>\n<td>\u0095bsmi, ices-003\/nmb-003, ce, fcc, kc, maghreb, rcm, ukca, vcci, cb-scheme, tuv, ul<\/td>\n<\/tr>\n<tr>\n<td>Caracteristicas del producto :<\/td>\n<\/tr>\n<tr>\n<td>\u0095mejore el rendimiento de su pc<\/td>\n<\/tr>\n<tr>\n<td>\u0095planifique para el futuro<\/td>\n<\/tr>\n<tr>\n<td>\u0095confie en wd<\/td>\n<\/tr>\n<tr>\n<td>\u0095realice copias de seguridad y actualizaciones de forma sencilla<\/td>\n<\/tr>\n<tr>\n<td>\u0095tecnologia que ayuda a proteger sus datos<\/td>\n<\/tr>\n<tr>\n<td>Compatibilidad :<\/td>\n<\/tr>\n<tr>\n<td>\u0095windows 11, windows 10, windows 8.1, windows 7<\/td>\n<\/tr>\n<tr>\n<td>\u0095macos high sierra, sierra o el capitan.<\/td>\n<\/tr>\n<tr>\n<td>Nota: la compatibilidad puede variar en funcion de la configuracion del hardware y el sistema operativo del usuario. acronis true image wd edition est\u00e1 dise\u00f1ado para funcionar exclusivamente con sistemas windows.<\/td>\n<\/tr>\n<\/table>\n","protected":false},"excerpt":{"rendered":"<p>El estandar de almacenamiento mas elevado. Potencie el almacenamiento de su pc con los discos wd blue, la marca dise\u00f1ada para las pc de escritorio y todo en uno con diversas capacidades de almacenamiento. Mejore el rendimiento de su pc. Dele a su computadora de escritorio un impulso en su rendimiento y almacenamiento al combinar su disco duro con un disco ssd para maximizar la velocidad de acceso a los datos y un disco wd blue de hasta 6 tb de capacidad adicional. Planifique para el futuro. Con mejor tecnologia surgen mayores necesidades de almacenamiento. Las camaras digitales que graban videos en ultra alta definicion con una resolucion de 4k y 30 cuadros por segundo requieren una tonelada de almacenamiento. Manejar todo ese contenido multimedia es facilisimo con nuestro disco de 6 tb. Confie en wd. Con una confiabilidad legendaria, cada disco wd blue esta dise\u00f1ado, probado y fabricado para ofrecer una duracion maxima, e incluye una garant\u00eda limitada de 2 a\u00f1os. Realice copias de seguridad y actualizaciones de forma sencilla. El software acronis true image wd edition, disponible para descargar de forma gratuita, puede clonar discos y crear copias de seguridad del sistema operativo, de las aplicaciones, de las configuraciones y de todos sus datos. Tecnologia que ayuda a proteger sus datos. Tecnologia de carga de rampa notouch: ubica de manera segura los cabezales de grabacion fuera de la superficie del disco para ayudar a proteger sus datos.<\/p>\n","protected":false},"featured_media":0,"comment_status":"open","ping_status":"open","template":"","meta":[],"product_cat":[1703,1706],"product_tag":[1705],"acf":[],"yoast_head":"<!-- This site is optimized with the Yoast SEO plugin v21.7 - https:\/\/yoast.com\/wordpress\/plugins\/seo\/ -->\n<title>[ Wd - Western Digital ] &#129351; Wd40ezzx Disco Duro Interno Wd Blue 4tb 3.5 Escritorio Sata3 6gb\/s 128mb 5400rpm Windows<\/title>\n<meta name=\"description\" content=\"Compra Wd40ezzx Disco Duro Interno Wd Blue 4tb 3.5 Escritorio Sata3 6gb\/s 128mb 5400rpm Windows + Env\u00edo a domicilio + Pago seguro + Garant\u00eda\" \/>\n<meta name=\"robots\" content=\"index, follow, max-snippet:-1, max-image-preview:large, max-video-preview:-1\" \/>\n<link rel=\"canonical\" href=\"https:\/\/compuviper.mx\/tienda\/producto\/wd-western-digital-wd40ezzx-disco-duro-interno-wd-blue-4tb-3-5-escritorio-sata3-6gb-s-128mb-5400rpm-windows\/\" \/>\n<meta property=\"og:locale\" content=\"es_MX\" \/>\n<meta property=\"og:type\" content=\"article\" \/>\n<meta property=\"og:title\" content=\"[ Wd - Western Digital ] &#129351; Wd40ezzx Disco Duro Interno Wd Blue 4tb 3.5 Escritorio Sata3 6gb\/s 128mb 5400rpm Windows\" \/>\n<meta property=\"og:description\" content=\"Compra Wd40ezzx Disco Duro Interno Wd Blue 4tb 3.5 Escritorio Sata3 6gb\/s 128mb 5400rpm Windows + Env\u00edo a domicilio + Pago seguro + Garant\u00eda\" \/>\n<meta property=\"og:url\" content=\"https:\/\/compuviper.mx\/tienda\/producto\/wd-western-digital-wd40ezzx-disco-duro-interno-wd-blue-4tb-3-5-escritorio-sata3-6gb-s-128mb-5400rpm-windows\/\" \/>\n<meta property=\"og:site_name\" content=\"Compuviper\" \/>\n<meta property=\"article:publisher\" content=\"https:\/\/www.facebook.com\/compuviper\" \/>\n<meta name=\"twitter:card\" content=\"summary_large_image\" \/>\n<meta name=\"twitter:label1\" content=\"Precio\" \/>\n\t<meta name=\"twitter:data1\" content=\"&#36;2,278 con IVA\" \/>\n\t<meta name=\"twitter:label2\" content=\"Availability\" \/>\n\t<meta name=\"twitter:data2\" content=\"In stock\" \/>\n<script type=\"application\/ld+json\" class=\"yoast-schema-graph\">{\"@context\":\"https:\/\/schema.org\",\"@graph\":[{\"@type\":\"WebPage\",\"@id\":\"https:\/\/compuviper.mx\/tienda\/producto\/wd-western-digital-wd40ezzx-disco-duro-interno-wd-blue-4tb-3-5-escritorio-sata3-6gb-s-128mb-5400rpm-windows\/\",\"url\":\"https:\/\/compuviper.mx\/tienda\/producto\/wd-western-digital-wd40ezzx-disco-duro-interno-wd-blue-4tb-3-5-escritorio-sata3-6gb-s-128mb-5400rpm-windows\/\",\"name\":\"[ Wd - Western Digital ] &#129351; Wd40ezzx Disco Duro Interno Wd Blue 4tb 3.5 Escritorio Sata3 6gb\/s 128mb 5400rpm Windows\",\"isPartOf\":{\"@id\":\"https:\/\/compuviper.mx\/tienda\/#website\"},\"datePublished\":\"2026-05-15T06:42:15+00:00\",\"dateModified\":\"2026-05-15T06:42:15+00:00\",\"description\":\"Compra Wd40ezzx Disco Duro Interno Wd Blue 4tb 3.5 Escritorio Sata3 6gb\/s 128mb 5400rpm Windows + Env\u00edo a domicilio + Pago seguro + Garant\u00eda\",\"breadcrumb\":{\"@id\":\"https:\/\/compuviper.mx\/tienda\/producto\/wd-western-digital-wd40ezzx-disco-duro-interno-wd-blue-4tb-3-5-escritorio-sata3-6gb-s-128mb-5400rpm-windows\/#breadcrumb\"},\"inLanguage\":\"es-MX\",\"potentialAction\":[{\"@type\":\"ReadAction\",\"target\":[\"https:\/\/compuviper.mx\/tienda\/producto\/wd-western-digital-wd40ezzx-disco-duro-interno-wd-blue-4tb-3-5-escritorio-sata3-6gb-s-128mb-5400rpm-windows\/\"]}]},{\"@type\":\"BreadcrumbList\",\"@id\":\"https:\/\/compuviper.mx\/tienda\/producto\/wd-western-digital-wd40ezzx-disco-duro-interno-wd-blue-4tb-3-5-escritorio-sata3-6gb-s-128mb-5400rpm-windows\/#breadcrumb\",\"itemListElement\":[{\"@type\":\"ListItem\",\"position\":1,\"name\":\"Inicio\",\"item\":\"https:\/\/compuviper.mx\/tienda\/\"},{\"@type\":\"ListItem\",\"position\":2,\"name\":\"Productos\",\"item\":\"https:\/\/compuviper.mx\/tienda\/productos\/\"},{\"@type\":\"ListItem\",\"position\":3,\"name\":\"Discos Duros\",\"item\":\"https:\/\/compuviper.mx\/tienda\/categoria-producto\/discos-duros\/\"},{\"@type\":\"ListItem\",\"position\":4,\"name\":\"Disco Duro\",\"item\":\"https:\/\/compuviper.mx\/tienda\/categoria-producto\/discos-duros\/disco-duro\/\"},{\"@type\":\"ListItem\",\"position\":5,\"name\":\"Wd &#8211; Western Digital Wd40ezzx Disco Duro Interno Wd Blue 4tb 3.5 Escritorio Sata3 6gb\/s 128mb 5400rpm Windows\"}]},{\"@type\":\"WebSite\",\"@id\":\"https:\/\/compuviper.mx\/tienda\/#website\",\"url\":\"https:\/\/compuviper.mx\/tienda\/\",\"name\":\"Compuviper\",\"description\":\"Proveedor de Computadoras, Laptops, Servidores, Monitores, Puntos de Venta, Teclados,   Impresoras, T\u00f3ner, C\u00e1maras de Seguridad y m\u00e1s en tu tienda en l\u00ednea\",\"publisher\":{\"@id\":\"https:\/\/compuviper.mx\/tienda\/#organization\"},\"potentialAction\":[{\"@type\":\"SearchAction\",\"target\":{\"@type\":\"EntryPoint\",\"urlTemplate\":\"https:\/\/compuviper.mx\/tienda\/?s={search_term_string}\"},\"query-input\":\"required name=search_term_string\"}],\"inLanguage\":\"es-MX\"},{\"@type\":\"Organization\",\"@id\":\"https:\/\/compuviper.mx\/tienda\/#organization\",\"name\":\"Compuviper\",\"url\":\"https:\/\/compuviper.mx\/tienda\/\",\"logo\":{\"@type\":\"ImageObject\",\"inLanguage\":\"es-MX\",\"@id\":\"https:\/\/compuviper.mx\/tienda\/#\/schema\/logo\/image\/\",\"url\":\"https:\/\/compuviper.mx\/tienda\/wp-content\/uploads\/2021\/08\/Logo-Compuviper-10.png\",\"contentUrl\":\"https:\/\/compuviper.mx\/tienda\/wp-content\/uploads\/2021\/08\/Logo-Compuviper-10.png\",\"width\":1000,\"height\":500,\"caption\":\"Compuviper\"},\"image\":{\"@id\":\"https:\/\/compuviper.mx\/tienda\/#\/schema\/logo\/image\/\"},\"sameAs\":[\"https:\/\/www.facebook.com\/compuviper\",\"https:\/\/www.youtube.com\/channel\/UCf73dERp9Y3cfOq7q8BhLjA?view_as=subscriber\"]}]}<\/script>\n<meta property=\"product:brand\" content=\"WD - WESTERN DIGITAL\" \/>\n<meta property=\"product:price:amount\" content=\"2278\" \/>\n<meta property=\"product:price:currency\" content=\"MXN\" \/>\n<meta property=\"og:availability\" content=\"instock\" \/>\n<meta property=\"product:availability\" content=\"instock\" \/>\n<meta property=\"product:retailer_item_id\" content=\"WD40EZZX\" \/>\n<meta property=\"product:condition\" content=\"new\" \/>\n<!-- \/ Yoast SEO plugin. -->","yoast_head_json":{"title":"[ Wd - Western Digital ] &#129351; Wd40ezzx Disco Duro Interno Wd Blue 4tb 3.5 Escritorio Sata3 6gb\/s 128mb 5400rpm Windows","description":"Compra Wd40ezzx Disco Duro Interno Wd Blue 4tb 3.5 Escritorio Sata3 6gb\/s 128mb 5400rpm Windows + Env\u00edo a domicilio + Pago seguro + Garant\u00eda","robots":{"index":"index","follow":"follow","max-snippet":"max-snippet:-1","max-image-preview":"max-image-preview:large","max-video-preview":"max-video-preview:-1"},"canonical":"https:\/\/compuviper.mx\/tienda\/producto\/wd-western-digital-wd40ezzx-disco-duro-interno-wd-blue-4tb-3-5-escritorio-sata3-6gb-s-128mb-5400rpm-windows\/","og_locale":"es_MX","og_type":"article","og_title":"[ Wd - Western Digital ] &#129351; Wd40ezzx Disco Duro Interno Wd Blue 4tb 3.5 Escritorio Sata3 6gb\/s 128mb 5400rpm Windows","og_description":"Compra Wd40ezzx Disco Duro Interno Wd Blue 4tb 3.5 Escritorio Sata3 6gb\/s 128mb 5400rpm Windows + Env\u00edo a domicilio + Pago seguro + Garant\u00eda","og_url":"https:\/\/compuviper.mx\/tienda\/producto\/wd-western-digital-wd40ezzx-disco-duro-interno-wd-blue-4tb-3-5-escritorio-sata3-6gb-s-128mb-5400rpm-windows\/","og_site_name":"Compuviper","article_publisher":"https:\/\/www.facebook.com\/compuviper","twitter_card":"summary_large_image","twitter_misc":{"Precio":"&#36;2,278 con IVA","Availability":"In stock"},"schema":{"@context":"https:\/\/schema.org","@graph":[{"@type":"WebPage","@id":"https:\/\/compuviper.mx\/tienda\/producto\/wd-western-digital-wd40ezzx-disco-duro-interno-wd-blue-4tb-3-5-escritorio-sata3-6gb-s-128mb-5400rpm-windows\/","url":"https:\/\/compuviper.mx\/tienda\/producto\/wd-western-digital-wd40ezzx-disco-duro-interno-wd-blue-4tb-3-5-escritorio-sata3-6gb-s-128mb-5400rpm-windows\/","name":"[ Wd - Western Digital ] &#129351; Wd40ezzx Disco Duro Interno Wd Blue 4tb 3.5 Escritorio Sata3 6gb\/s 128mb 5400rpm Windows","isPartOf":{"@id":"https:\/\/compuviper.mx\/tienda\/#website"},"datePublished":"2026-05-15T06:42:15+00:00","dateModified":"2026-05-15T06:42:15+00:00","description":"Compra Wd40ezzx Disco Duro Interno Wd Blue 4tb 3.5 Escritorio Sata3 6gb\/s 128mb 5400rpm Windows + Env\u00edo a domicilio + Pago seguro + Garant\u00eda","breadcrumb":{"@id":"https:\/\/compuviper.mx\/tienda\/producto\/wd-western-digital-wd40ezzx-disco-duro-interno-wd-blue-4tb-3-5-escritorio-sata3-6gb-s-128mb-5400rpm-windows\/#breadcrumb"},"inLanguage":"es-MX","potentialAction":[{"@type":"ReadAction","target":["https:\/\/compuviper.mx\/tienda\/producto\/wd-western-digital-wd40ezzx-disco-duro-interno-wd-blue-4tb-3-5-escritorio-sata3-6gb-s-128mb-5400rpm-windows\/"]}]},{"@type":"BreadcrumbList","@id":"https:\/\/compuviper.mx\/tienda\/producto\/wd-western-digital-wd40ezzx-disco-duro-interno-wd-blue-4tb-3-5-escritorio-sata3-6gb-s-128mb-5400rpm-windows\/#breadcrumb","itemListElement":[{"@type":"ListItem","position":1,"name":"Inicio","item":"https:\/\/compuviper.mx\/tienda\/"},{"@type":"ListItem","position":2,"name":"Productos","item":"https:\/\/compuviper.mx\/tienda\/productos\/"},{"@type":"ListItem","position":3,"name":"Discos Duros","item":"https:\/\/compuviper.mx\/tienda\/categoria-producto\/discos-duros\/"},{"@type":"ListItem","position":4,"name":"Disco Duro","item":"https:\/\/compuviper.mx\/tienda\/categoria-producto\/discos-duros\/disco-duro\/"},{"@type":"ListItem","position":5,"name":"Wd &#8211; Western Digital Wd40ezzx Disco Duro Interno Wd Blue 4tb 3.5 Escritorio Sata3 6gb\/s 128mb 5400rpm Windows"}]},{"@type":"WebSite","@id":"https:\/\/compuviper.mx\/tienda\/#website","url":"https:\/\/compuviper.mx\/tienda\/","name":"Compuviper","description":"Proveedor de Computadoras, Laptops, Servidores, Monitores, Puntos de Venta, Teclados,   Impresoras, T\u00f3ner, C\u00e1maras de Seguridad y m\u00e1s en tu tienda en l\u00ednea","publisher":{"@id":"https:\/\/compuviper.mx\/tienda\/#organization"},"potentialAction":[{"@type":"SearchAction","target":{"@type":"EntryPoint","urlTemplate":"https:\/\/compuviper.mx\/tienda\/?s={search_term_string}"},"query-input":"required name=search_term_string"}],"inLanguage":"es-MX"},{"@type":"Organization","@id":"https:\/\/compuviper.mx\/tienda\/#organization","name":"Compuviper","url":"https:\/\/compuviper.mx\/tienda\/","logo":{"@type":"ImageObject","inLanguage":"es-MX","@id":"https:\/\/compuviper.mx\/tienda\/#\/schema\/logo\/image\/","url":"https:\/\/compuviper.mx\/tienda\/wp-content\/uploads\/2021\/08\/Logo-Compuviper-10.png","contentUrl":"https:\/\/compuviper.mx\/tienda\/wp-content\/uploads\/2021\/08\/Logo-Compuviper-10.png","width":1000,"height":500,"caption":"Compuviper"},"image":{"@id":"https:\/\/compuviper.mx\/tienda\/#\/schema\/logo\/image\/"},"sameAs":["https:\/\/www.facebook.com\/compuviper","https:\/\/www.youtube.com\/channel\/UCf73dERp9Y3cfOq7q8BhLjA?view_as=subscriber"]}]},"product_brand":"WD - WESTERN DIGITAL","product_price_amount":"2278","product_price_currency":"MXN","og_availability":"instock","product_availability":"instock","product_retailer_item_id":"WD40EZZX","product_condition":"new"},"_links":{"self":[{"href":"https:\/\/compuviper.mx\/tienda\/wp-json\/wp\/v2\/product\/269475"}],"collection":[{"href":"https:\/\/compuviper.mx\/tienda\/wp-json\/wp\/v2\/product"}],"about":[{"href":"https:\/\/compuviper.mx\/tienda\/wp-json\/wp\/v2\/types\/product"}],"replies":[{"embeddable":true,"href":"https:\/\/compuviper.mx\/tienda\/wp-json\/wp\/v2\/comments?post=269475"}],"wp:attachment":[{"href":"https:\/\/compuviper.mx\/tienda\/wp-json\/wp\/v2\/media?parent=269475"}],"wp:term":[{"taxonomy":"product_cat","embeddable":true,"href":"https:\/\/compuviper.mx\/tienda\/wp-json\/wp\/v2\/product_cat?post=269475"},{"taxonomy":"product_tag","embeddable":true,"href":"https:\/\/compuviper.mx\/tienda\/wp-json\/wp\/v2\/product_tag?post=269475"}],"curies":[{"name":"wp","href":"https:\/\/api.w.org\/{rel}","templated":true}]}}