{"id":269461,"date":"2026-05-16T00:44:18","date_gmt":"2026-05-16T06:44:18","guid":{"rendered":"https:\/\/compuviper.mx\/tienda\/producto\/wd-western-digital-wd8005fryz-disco-duro-interno-wd-gold-8tb-3-5-escritorio-sata3-6gb-s-256mb-7200rpm-24x7-hotplug-nas-dvr-nvr-server-datacenter\/"},"modified":"2026-05-16T00:44:18","modified_gmt":"2026-05-16T06:44:18","slug":"wd-western-digital-wd8005fryz-disco-duro-interno-wd-gold-8tb-3-5-escritorio-sata3-6gb-s-256mb-7200rpm-24x7-hotplug-nas-dvr-nvr-server-datacenter","status":"publish","type":"product","link":"https:\/\/compuviper.mx\/tienda\/producto\/wd-western-digital-wd8005fryz-disco-duro-interno-wd-gold-8tb-3-5-escritorio-sata3-6gb-s-256mb-7200rpm-24x7-hotplug-nas-dvr-nvr-server-datacenter\/","title":{"rendered":"Wd &#8211; Western Digital Wd8005fryz Disco Duro Interno Wd Gold 8tb 3.5 Escritorio Sata3 6gb\/s 256mb 7200rpm 24&#215;7 Hotplug Nas Dvr Nvr Server Datacenter"},"content":{"rendered":"<table class=\"descripcion\">\n<tr>\n<td>Capacidad   8 tb<\/td>\n<\/tr>\n<tr>\n<td>Formato   3.5-inch<\/td>\n<\/tr>\n<tr>\n<td>Conector   sata<\/td>\n<\/tr>\n<tr>\n<td>Interfaz   sata<\/td>\n<\/tr>\n<tr>\n<td>Velocidad de transferencia   hasta 267mb\/s<\/td>\n<\/tr>\n<tr>\n<td>Velocidad del disco rpm   7200 rpm<\/td>\n<\/tr>\n<tr>\n<td>Tecnologia de grabacin   cmr<\/td>\n<\/tr>\n<tr>\n<td>Tamao de cache    256mb<\/td>\n<\/tr>\n<tr>\n<td>Garanta limitada de 5 aos<\/td>\n<\/tr>\n<tr>\n<td>Resistencia tbw   550tb\/year<\/td>\n<\/tr>\n<tr>\n<td>Dimensiones largo, ancho y alto   5.79 x 4 x 1.03<\/td>\n<\/tr>\n<tr>\n<td>Peso   715gms<\/td>\n<\/tr>\n<tr>\n<td>Nmero de modelo   wd8005fryz<\/td>\n<\/tr>\n<tr>\n<td>Temp. operativa   5\u00b0c to 60\u00b0c<\/td>\n<\/tr>\n<tr>\n<td>Operacin de no temperatura   -40\u00b0c to 70\u00b0c<\/td>\n<\/tr>\n<tr>\n<td>Detalles adicionales:<\/td>\n<\/tr>\n<tr>\n<td>\u0095aplicaciones en la nube y sistemas de archivos distribuidos como apache hadoop para apoyar el analisis de big data<\/td>\n<\/tr>\n<tr>\n<td>\u0095almacenamiento a granel utilizando soluciones de almacenamiento de objetos como ceph y openstack swift<\/td>\n<\/tr>\n<tr>\n<td>\u0095almacenamiento directo y conectado en red das y nas, almacenamiento raid<\/td>\n<\/tr>\n<tr>\n<td>\u0095aplicaciones industriales<\/td>\n<\/tr>\n<tr>\n<td>\u0095almacenamiento del servidor de entrada<\/td>\n<\/tr>\n<\/table>\n","protected":false},"excerpt":{"rendered":"<p>Personalice la combinacion de almacenamiento de su empresa para que se ajuste a sus necesidades especificas con una cartera completa de unidades de disco duro wd gold de nivel empresarial con capacidades de 1 tb a 24 tb1 que cuentan con la tecnologia optinand en las capacidades de 20 tb, 22 tb y 24 tb. Estas soluciones altamente confiables para los entornos de almacenamiento exigentes ofrecen hasta 2,5 millones de horas de tiempo medio entre fallos mtbf, tecnologia de proteccion contra vibraciones y bajo consumo de alimentacion gracias a la tecnologia helioseal para las capacidades de 12 tb en adelante. El disco duro sata wd gold, diseado especialmente para utilizarse en centros de datos y sistemas de almacenamiento de nivel empresarial, ofrece el rendimiento de primera calidad que se espera de los discos duros de western digital. M\u00e1s flexibilidad, m\u00e1s libertad. Wd gold le permite organizar el almacenamiento a su manera con una cartera completa de unidades de disco duro sata que van de 1 tb a 24 tb1 diseadas para admitir cargas de trabajo de aplicaciones pesadas y gestionar cargas de trabajo que llegan hasta 550 tb2 por ao. Amplia compatibilidad. Las unidades de disco duro wd gold, diseadas especificamente para utilizarse en centros de datos y sistemas de almacenamiento de nivel empresarial, cuentan con una amplia compatibilidad con los principales sistemas operativos empresariales.<\/p>\n","protected":false},"featured_media":269462,"comment_status":"open","ping_status":"open","template":"","meta":[],"product_cat":[1706,1703],"product_tag":[1705],"acf":[],"yoast_head":"<!-- This site is optimized with the Yoast SEO plugin v21.7 - https:\/\/yoast.com\/wordpress\/plugins\/seo\/ -->\n<title>[ Wd - Western Digital ] &#129351; Wd8005fryz Disco Duro Interno Wd Gold 8tb 3.5 Escritorio Sata3 6gb\/s 256mb 7200rpm 24x7 Hotplug Nas Dvr Nvr Server Datacenter<\/title>\n<meta name=\"description\" content=\"Compra Wd8005fryz Disco Duro Interno Wd Gold 8tb 3.5 Escritorio Sata3 6gb\/s 256mb 7200rpm 24x7 Hotplug Nas Dvr Nvr Server Datacenter + Env\u00edo a domicilio + Pago seguro + Garant\u00eda\" \/>\n<meta name=\"robots\" content=\"index, follow, max-snippet:-1, max-image-preview:large, max-video-preview:-1\" \/>\n<link rel=\"canonical\" href=\"https:\/\/compuviper.mx\/tienda\/producto\/wd-western-digital-wd8005fryz-disco-duro-interno-wd-gold-8tb-3-5-escritorio-sata3-6gb-s-256mb-7200rpm-24x7-hotplug-nas-dvr-nvr-server-datacenter\/\" \/>\n<meta property=\"og:locale\" content=\"es_MX\" \/>\n<meta property=\"og:type\" content=\"article\" \/>\n<meta property=\"og:title\" content=\"[ Wd - Western Digital ] &#129351; Wd8005fryz Disco Duro Interno Wd Gold 8tb 3.5 Escritorio Sata3 6gb\/s 256mb 7200rpm 24x7 Hotplug Nas Dvr Nvr Server Datacenter\" \/>\n<meta property=\"og:description\" content=\"Compra Wd8005fryz Disco Duro Interno Wd Gold 8tb 3.5 Escritorio Sata3 6gb\/s 256mb 7200rpm 24x7 Hotplug Nas Dvr Nvr Server Datacenter + Env\u00edo a domicilio + Pago seguro + Garant\u00eda\" \/>\n<meta property=\"og:url\" content=\"https:\/\/compuviper.mx\/tienda\/producto\/wd-western-digital-wd8005fryz-disco-duro-interno-wd-gold-8tb-3-5-escritorio-sata3-6gb-s-256mb-7200rpm-24x7-hotplug-nas-dvr-nvr-server-datacenter\/\" \/>\n<meta property=\"og:site_name\" content=\"Compuviper\" \/>\n<meta property=\"article:publisher\" content=\"https:\/\/www.facebook.com\/compuviper\" \/>\n<meta property=\"og:image\" content=\"https:\/\/compuviper.mx\/tienda\/wp-content\/uploads\/2026\/05\/Disco-duro-interno-wd-gold-8tb-3.5-escritorio-sata3-6gbs-256mb-7200rpm-24x7-hotplug-nas-dvr-nvr-server-datacenter-wd8005fryz.jpg\" \/>\n\t<meta property=\"og:image:width\" content=\"200\" \/>\n\t<meta property=\"og:image:height\" content=\"200\" \/>\n\t<meta property=\"og:image:type\" content=\"image\/jpeg\" \/>\n<meta name=\"twitter:card\" content=\"summary_large_image\" \/>\n<meta name=\"twitter:label1\" content=\"Precio\" \/>\n\t<meta name=\"twitter:data1\" content=\"&#36;4,682 con IVA\" \/>\n\t<meta name=\"twitter:label2\" content=\"Availability\" \/>\n\t<meta name=\"twitter:data2\" content=\"In stock\" \/>\n<script type=\"application\/ld+json\" class=\"yoast-schema-graph\">{\"@context\":\"https:\/\/schema.org\",\"@graph\":[{\"@type\":\"WebPage\",\"@id\":\"https:\/\/compuviper.mx\/tienda\/producto\/wd-western-digital-wd8005fryz-disco-duro-interno-wd-gold-8tb-3-5-escritorio-sata3-6gb-s-256mb-7200rpm-24x7-hotplug-nas-dvr-nvr-server-datacenter\/\",\"url\":\"https:\/\/compuviper.mx\/tienda\/producto\/wd-western-digital-wd8005fryz-disco-duro-interno-wd-gold-8tb-3-5-escritorio-sata3-6gb-s-256mb-7200rpm-24x7-hotplug-nas-dvr-nvr-server-datacenter\/\",\"name\":\"[ Wd - Western Digital ] &#129351; Wd8005fryz Disco Duro Interno Wd Gold 8tb 3.5 Escritorio Sata3 6gb\/s 256mb 7200rpm 24x7 Hotplug Nas Dvr Nvr Server Datacenter\",\"isPartOf\":{\"@id\":\"https:\/\/compuviper.mx\/tienda\/#website\"},\"datePublished\":\"2026-05-16T06:44:18+00:00\",\"dateModified\":\"2026-05-16T06:44:18+00:00\",\"description\":\"Compra Wd8005fryz Disco Duro Interno Wd Gold 8tb 3.5 Escritorio Sata3 6gb\/s 256mb 7200rpm 24x7 Hotplug Nas Dvr Nvr Server Datacenter + Env\u00edo a domicilio + Pago seguro + Garant\u00eda\",\"breadcrumb\":{\"@id\":\"https:\/\/compuviper.mx\/tienda\/producto\/wd-western-digital-wd8005fryz-disco-duro-interno-wd-gold-8tb-3-5-escritorio-sata3-6gb-s-256mb-7200rpm-24x7-hotplug-nas-dvr-nvr-server-datacenter\/#breadcrumb\"},\"inLanguage\":\"es-MX\",\"potentialAction\":[{\"@type\":\"ReadAction\",\"target\":[\"https:\/\/compuviper.mx\/tienda\/producto\/wd-western-digital-wd8005fryz-disco-duro-interno-wd-gold-8tb-3-5-escritorio-sata3-6gb-s-256mb-7200rpm-24x7-hotplug-nas-dvr-nvr-server-datacenter\/\"]}]},{\"@type\":\"BreadcrumbList\",\"@id\":\"https:\/\/compuviper.mx\/tienda\/producto\/wd-western-digital-wd8005fryz-disco-duro-interno-wd-gold-8tb-3-5-escritorio-sata3-6gb-s-256mb-7200rpm-24x7-hotplug-nas-dvr-nvr-server-datacenter\/#breadcrumb\",\"itemListElement\":[{\"@type\":\"ListItem\",\"position\":1,\"name\":\"Inicio\",\"item\":\"https:\/\/compuviper.mx\/tienda\/\"},{\"@type\":\"ListItem\",\"position\":2,\"name\":\"Productos\",\"item\":\"https:\/\/compuviper.mx\/tienda\/productos\/\"},{\"@type\":\"ListItem\",\"position\":3,\"name\":\"Discos Duros\",\"item\":\"https:\/\/compuviper.mx\/tienda\/categoria-producto\/discos-duros\/\"},{\"@type\":\"ListItem\",\"position\":4,\"name\":\"Disco Duro\",\"item\":\"https:\/\/compuviper.mx\/tienda\/categoria-producto\/discos-duros\/disco-duro\/\"},{\"@type\":\"ListItem\",\"position\":5,\"name\":\"Wd &#8211; Western Digital Wd8005fryz Disco Duro Interno Wd Gold 8tb 3.5 Escritorio Sata3 6gb\/s 256mb 7200rpm 24&#215;7 Hotplug Nas Dvr Nvr Server Datacenter\"}]},{\"@type\":\"WebSite\",\"@id\":\"https:\/\/compuviper.mx\/tienda\/#website\",\"url\":\"https:\/\/compuviper.mx\/tienda\/\",\"name\":\"Compuviper\",\"description\":\"Proveedor de Computadoras, Laptops, Servidores, Monitores, Puntos de Venta, Teclados,   Impresoras, T\u00f3ner, C\u00e1maras de Seguridad y m\u00e1s en tu tienda en l\u00ednea\",\"publisher\":{\"@id\":\"https:\/\/compuviper.mx\/tienda\/#organization\"},\"potentialAction\":[{\"@type\":\"SearchAction\",\"target\":{\"@type\":\"EntryPoint\",\"urlTemplate\":\"https:\/\/compuviper.mx\/tienda\/?s={search_term_string}\"},\"query-input\":\"required name=search_term_string\"}],\"inLanguage\":\"es-MX\"},{\"@type\":\"Organization\",\"@id\":\"https:\/\/compuviper.mx\/tienda\/#organization\",\"name\":\"Compuviper\",\"url\":\"https:\/\/compuviper.mx\/tienda\/\",\"logo\":{\"@type\":\"ImageObject\",\"inLanguage\":\"es-MX\",\"@id\":\"https:\/\/compuviper.mx\/tienda\/#\/schema\/logo\/image\/\",\"url\":\"https:\/\/compuviper.mx\/tienda\/wp-content\/uploads\/2021\/08\/Logo-Compuviper-10.png\",\"contentUrl\":\"https:\/\/compuviper.mx\/tienda\/wp-content\/uploads\/2021\/08\/Logo-Compuviper-10.png\",\"width\":1000,\"height\":500,\"caption\":\"Compuviper\"},\"image\":{\"@id\":\"https:\/\/compuviper.mx\/tienda\/#\/schema\/logo\/image\/\"},\"sameAs\":[\"https:\/\/www.facebook.com\/compuviper\",\"https:\/\/www.youtube.com\/channel\/UCf73dERp9Y3cfOq7q8BhLjA?view_as=subscriber\"]}]}<\/script>\n<meta property=\"product:brand\" content=\"WD - WESTERN DIGITAL\" \/>\n<meta property=\"product:price:amount\" content=\"4682\" \/>\n<meta property=\"product:price:currency\" content=\"MXN\" \/>\n<meta property=\"og:availability\" content=\"instock\" \/>\n<meta property=\"product:availability\" content=\"instock\" \/>\n<meta property=\"product:retailer_item_id\" content=\"WD8005FRYZ\" \/>\n<meta property=\"product:condition\" content=\"new\" \/>\n<!-- \/ Yoast SEO plugin. -->","yoast_head_json":{"title":"[ Wd - Western Digital ] &#129351; Wd8005fryz Disco Duro Interno Wd Gold 8tb 3.5 Escritorio Sata3 6gb\/s 256mb 7200rpm 24x7 Hotplug Nas Dvr Nvr Server Datacenter","description":"Compra Wd8005fryz Disco Duro Interno Wd Gold 8tb 3.5 Escritorio Sata3 6gb\/s 256mb 7200rpm 24x7 Hotplug Nas Dvr Nvr Server Datacenter + Env\u00edo a domicilio + Pago seguro + Garant\u00eda","robots":{"index":"index","follow":"follow","max-snippet":"max-snippet:-1","max-image-preview":"max-image-preview:large","max-video-preview":"max-video-preview:-1"},"canonical":"https:\/\/compuviper.mx\/tienda\/producto\/wd-western-digital-wd8005fryz-disco-duro-interno-wd-gold-8tb-3-5-escritorio-sata3-6gb-s-256mb-7200rpm-24x7-hotplug-nas-dvr-nvr-server-datacenter\/","og_locale":"es_MX","og_type":"article","og_title":"[ Wd - Western Digital ] &#129351; Wd8005fryz Disco Duro Interno Wd Gold 8tb 3.5 Escritorio Sata3 6gb\/s 256mb 7200rpm 24x7 Hotplug Nas Dvr Nvr Server Datacenter","og_description":"Compra Wd8005fryz Disco Duro Interno Wd Gold 8tb 3.5 Escritorio Sata3 6gb\/s 256mb 7200rpm 24x7 Hotplug Nas Dvr Nvr Server Datacenter + Env\u00edo a domicilio + Pago seguro + Garant\u00eda","og_url":"https:\/\/compuviper.mx\/tienda\/producto\/wd-western-digital-wd8005fryz-disco-duro-interno-wd-gold-8tb-3-5-escritorio-sata3-6gb-s-256mb-7200rpm-24x7-hotplug-nas-dvr-nvr-server-datacenter\/","og_site_name":"Compuviper","article_publisher":"https:\/\/www.facebook.com\/compuviper","og_image":[{"width":200,"height":200,"url":"https:\/\/compuviper.mx\/tienda\/wp-content\/uploads\/2026\/05\/Disco-duro-interno-wd-gold-8tb-3.5-escritorio-sata3-6gbs-256mb-7200rpm-24x7-hotplug-nas-dvr-nvr-server-datacenter-wd8005fryz.jpg","type":"image\/jpeg"}],"twitter_card":"summary_large_image","twitter_misc":{"Precio":"&#36;4,682 con IVA","Availability":"In stock"},"schema":{"@context":"https:\/\/schema.org","@graph":[{"@type":"WebPage","@id":"https:\/\/compuviper.mx\/tienda\/producto\/wd-western-digital-wd8005fryz-disco-duro-interno-wd-gold-8tb-3-5-escritorio-sata3-6gb-s-256mb-7200rpm-24x7-hotplug-nas-dvr-nvr-server-datacenter\/","url":"https:\/\/compuviper.mx\/tienda\/producto\/wd-western-digital-wd8005fryz-disco-duro-interno-wd-gold-8tb-3-5-escritorio-sata3-6gb-s-256mb-7200rpm-24x7-hotplug-nas-dvr-nvr-server-datacenter\/","name":"[ Wd - Western Digital ] &#129351; Wd8005fryz Disco Duro Interno Wd Gold 8tb 3.5 Escritorio Sata3 6gb\/s 256mb 7200rpm 24x7 Hotplug Nas Dvr Nvr Server Datacenter","isPartOf":{"@id":"https:\/\/compuviper.mx\/tienda\/#website"},"datePublished":"2026-05-16T06:44:18+00:00","dateModified":"2026-05-16T06:44:18+00:00","description":"Compra Wd8005fryz Disco Duro Interno Wd Gold 8tb 3.5 Escritorio Sata3 6gb\/s 256mb 7200rpm 24x7 Hotplug Nas Dvr Nvr Server Datacenter + Env\u00edo a domicilio + Pago seguro + Garant\u00eda","breadcrumb":{"@id":"https:\/\/compuviper.mx\/tienda\/producto\/wd-western-digital-wd8005fryz-disco-duro-interno-wd-gold-8tb-3-5-escritorio-sata3-6gb-s-256mb-7200rpm-24x7-hotplug-nas-dvr-nvr-server-datacenter\/#breadcrumb"},"inLanguage":"es-MX","potentialAction":[{"@type":"ReadAction","target":["https:\/\/compuviper.mx\/tienda\/producto\/wd-western-digital-wd8005fryz-disco-duro-interno-wd-gold-8tb-3-5-escritorio-sata3-6gb-s-256mb-7200rpm-24x7-hotplug-nas-dvr-nvr-server-datacenter\/"]}]},{"@type":"BreadcrumbList","@id":"https:\/\/compuviper.mx\/tienda\/producto\/wd-western-digital-wd8005fryz-disco-duro-interno-wd-gold-8tb-3-5-escritorio-sata3-6gb-s-256mb-7200rpm-24x7-hotplug-nas-dvr-nvr-server-datacenter\/#breadcrumb","itemListElement":[{"@type":"ListItem","position":1,"name":"Inicio","item":"https:\/\/compuviper.mx\/tienda\/"},{"@type":"ListItem","position":2,"name":"Productos","item":"https:\/\/compuviper.mx\/tienda\/productos\/"},{"@type":"ListItem","position":3,"name":"Discos Duros","item":"https:\/\/compuviper.mx\/tienda\/categoria-producto\/discos-duros\/"},{"@type":"ListItem","position":4,"name":"Disco Duro","item":"https:\/\/compuviper.mx\/tienda\/categoria-producto\/discos-duros\/disco-duro\/"},{"@type":"ListItem","position":5,"name":"Wd &#8211; Western Digital Wd8005fryz Disco Duro Interno Wd Gold 8tb 3.5 Escritorio Sata3 6gb\/s 256mb 7200rpm 24&#215;7 Hotplug Nas Dvr Nvr Server Datacenter"}]},{"@type":"WebSite","@id":"https:\/\/compuviper.mx\/tienda\/#website","url":"https:\/\/compuviper.mx\/tienda\/","name":"Compuviper","description":"Proveedor de Computadoras, Laptops, Servidores, Monitores, Puntos de Venta, Teclados,   Impresoras, T\u00f3ner, C\u00e1maras de Seguridad y m\u00e1s en tu tienda en l\u00ednea","publisher":{"@id":"https:\/\/compuviper.mx\/tienda\/#organization"},"potentialAction":[{"@type":"SearchAction","target":{"@type":"EntryPoint","urlTemplate":"https:\/\/compuviper.mx\/tienda\/?s={search_term_string}"},"query-input":"required name=search_term_string"}],"inLanguage":"es-MX"},{"@type":"Organization","@id":"https:\/\/compuviper.mx\/tienda\/#organization","name":"Compuviper","url":"https:\/\/compuviper.mx\/tienda\/","logo":{"@type":"ImageObject","inLanguage":"es-MX","@id":"https:\/\/compuviper.mx\/tienda\/#\/schema\/logo\/image\/","url":"https:\/\/compuviper.mx\/tienda\/wp-content\/uploads\/2021\/08\/Logo-Compuviper-10.png","contentUrl":"https:\/\/compuviper.mx\/tienda\/wp-content\/uploads\/2021\/08\/Logo-Compuviper-10.png","width":1000,"height":500,"caption":"Compuviper"},"image":{"@id":"https:\/\/compuviper.mx\/tienda\/#\/schema\/logo\/image\/"},"sameAs":["https:\/\/www.facebook.com\/compuviper","https:\/\/www.youtube.com\/channel\/UCf73dERp9Y3cfOq7q8BhLjA?view_as=subscriber"]}]},"product_brand":"WD - WESTERN DIGITAL","product_price_amount":"4682","product_price_currency":"MXN","og_availability":"instock","product_availability":"instock","product_retailer_item_id":"WD8005FRYZ","product_condition":"new"},"_links":{"self":[{"href":"https:\/\/compuviper.mx\/tienda\/wp-json\/wp\/v2\/product\/269461"}],"collection":[{"href":"https:\/\/compuviper.mx\/tienda\/wp-json\/wp\/v2\/product"}],"about":[{"href":"https:\/\/compuviper.mx\/tienda\/wp-json\/wp\/v2\/types\/product"}],"replies":[{"embeddable":true,"href":"https:\/\/compuviper.mx\/tienda\/wp-json\/wp\/v2\/comments?post=269461"}],"wp:featuredmedia":[{"embeddable":true,"href":"https:\/\/compuviper.mx\/tienda\/wp-json\/wp\/v2\/media\/269462"}],"wp:attachment":[{"href":"https:\/\/compuviper.mx\/tienda\/wp-json\/wp\/v2\/media?parent=269461"}],"wp:term":[{"taxonomy":"product_cat","embeddable":true,"href":"https:\/\/compuviper.mx\/tienda\/wp-json\/wp\/v2\/product_cat?post=269461"},{"taxonomy":"product_tag","embeddable":true,"href":"https:\/\/compuviper.mx\/tienda\/wp-json\/wp\/v2\/product_tag?post=269461"}],"curies":[{"name":"wp","href":"https:\/\/api.w.org\/{rel}","templated":true}]}}