{"id":269449,"date":"2026-05-12T00:38:31","date_gmt":"2026-05-12T06:38:31","guid":{"rendered":"https:\/\/compuviper.mx\/tienda\/producto\/sandisk-wds500g3x0gwds500g3x0g-00chy0-unidad-de-estado-solido-ssd-interno-wd-black-sn770m-500gb-m-2-2230-nvme-pcie-gen4-lect-5000mb-s-escrit-4000mb-s-tbw-300-wds500g3x0g\/"},"modified":"2026-05-12T00:38:31","modified_gmt":"2026-05-12T06:38:31","slug":"sandisk-wds500g3x0gwds500g3x0g-00chy0-unidad-de-estado-solido-ssd-interno-wd-black-sn770m-500gb-m-2-2230-nvme-pcie-gen4-lect-5000mb-s-escrit-4000mb-s-tbw-300-wds500g3x0g","status":"publish","type":"product","link":"https:\/\/compuviper.mx\/tienda\/producto\/sandisk-wds500g3x0gwds500g3x0g-00chy0-unidad-de-estado-solido-ssd-interno-wd-black-sn770m-500gb-m-2-2230-nvme-pcie-gen4-lect-5000mb-s-escrit-4000mb-s-tbw-300-wds500g3x0g\/","title":{"rendered":"Sandisk Wds500g3x0g,wds500g3x0g-00chy0 Unidad De Estado Solido Ssd Interno Wd Black Sn770m 500gb M.2 2230 Nvme Pcie Gen4 Lect.5000mb\/s Escrit.4000mb\/s Tbw 300 Wds500g3x0g"},"content":{"rendered":"<table class=\"descripcion\">\n<tr>\n<td>Capacidad: 500gb<\/td>\n<\/tr>\n<tr>\n<td>Factor de forma: m.2 2230<\/td>\n<\/tr>\n<tr>\n<td>Conector: m.2<\/td>\n<\/tr>\n<tr>\n<td>Compatibilidad<\/td>\n<\/tr>\n<tr>\n<td>\u0095 m.2 una computadora equipada con un puerto m.2 (tecla m) que admite el factor de forma 2230.<\/td>\n<\/tr>\n<tr>\n<td>\u0095 windows\u00ae 10 o posterior<\/td>\n<\/tr>\n<tr>\n<td>Interfaz: pcie gen4 x4<\/td>\n<\/tr>\n<tr>\n<td>Art\u00edculos agrupados: ssd wd_black sn770m m.2 2230 nvme<\/td>\n<\/tr>\n<tr>\n<td>Garant\u00eda: 5 a\u00f1os de garant\u00eda del producto<\/td>\n<\/tr>\n<tr>\n<td>Tama\u00f1o (largo x ancho x alto): 29,97 mm x 22,1 mm x 2,29 mm<\/td>\n<\/tr>\n<tr>\n<td>Peso: 2,8 gramos<\/td>\n<\/tr>\n<tr>\n<td>N\u00famero de modelo del producto: wds500g3x0g<\/td>\n<\/tr>\n<tr>\n<td>Rango de temperatura de funcionamiento: 32\u00b0f a 185\u00b0f<\/td>\n<\/tr>\n<tr>\n<td>Temperatura no operativa: -40\u00b0f a 185\u00b0f<\/td>\n<\/tr>\n<\/table>\n","protected":false},"excerpt":{"rendered":"<p>Sube de nivel con wd_black m.2 2230 nvme ssd. Con una capacidad de hasta 2 tb   , el ssd nvme wd_black sn770m ampl\u00eda el almacenamiento de su peque\u00f1o dispositivo de juegos o computadora port\u00e1til compatible con m.2 2230. Este ssd m.2 2230 cuenta con pcie  gen 4.0  para velocidades de hasta 5150 mb\/s2 (modelo de 1 tb y 2 tb 1) , tecnolog\u00eda ncache 4.0 de  western  y compatibilidad con directstorage de microsoft. Lleve su gran biblioteca de juegos a donde quiera que vaya y sum\u00e9rjase en juegos con una instalaci\u00f3n y carga de niveles ultrarr\u00e1pida. Tambi\u00e9n puede monitorear su disco con el software western digital dashboard (solo windows) .<\/p>\n","protected":false},"featured_media":269450,"comment_status":"open","ping_status":"open","template":"","meta":[],"product_cat":[1703,1708],"product_tag":[1709],"acf":[],"yoast_head":"<!-- This site is optimized with the Yoast SEO plugin v21.7 - https:\/\/yoast.com\/wordpress\/plugins\/seo\/ -->\n<title>[ Sandisk ] &#129351; Wds500g3x0g,wds500g3x0g-00chy0 Unidad De Estado Solido Ssd Interno Wd Black Sn770m 500gb M.2 2230 Nvme Pcie Gen4 Lect.5000mb\/s Escrit.4000mb\/s Tbw 300 Wds500g3x0g<\/title>\n<meta name=\"description\" content=\"Compra Wds500g3x0g,wds500g3x0g-00chy0 Unidad De Estado Solido Ssd Interno Wd Black Sn770m 500gb M.2 2230 Nvme Pcie Gen4 Lect.5000mb\/s Escrit.4000mb\/s Tbw 300 Wds500g3x0g + Env\u00edo a domicilio + Pago seguro + Garant\u00eda\" \/>\n<meta name=\"robots\" content=\"index, follow, max-snippet:-1, max-image-preview:large, max-video-preview:-1\" \/>\n<link rel=\"canonical\" href=\"https:\/\/compuviper.mx\/tienda\/producto\/sandisk-wds500g3x0gwds500g3x0g-00chy0-unidad-de-estado-solido-ssd-interno-wd-black-sn770m-500gb-m-2-2230-nvme-pcie-gen4-lect-5000mb-s-escrit-4000mb-s-tbw-300-wds500g3x0g\/\" \/>\n<meta property=\"og:locale\" content=\"es_MX\" \/>\n<meta property=\"og:type\" content=\"article\" \/>\n<meta property=\"og:title\" content=\"[ Sandisk ] &#129351; Wds500g3x0g,wds500g3x0g-00chy0 Unidad De Estado Solido Ssd Interno Wd Black Sn770m 500gb M.2 2230 Nvme Pcie Gen4 Lect.5000mb\/s Escrit.4000mb\/s Tbw 300 Wds500g3x0g\" \/>\n<meta property=\"og:description\" content=\"Compra Wds500g3x0g,wds500g3x0g-00chy0 Unidad De Estado Solido Ssd Interno Wd Black Sn770m 500gb M.2 2230 Nvme Pcie Gen4 Lect.5000mb\/s Escrit.4000mb\/s Tbw 300 Wds500g3x0g + Env\u00edo a domicilio + Pago seguro + Garant\u00eda\" \/>\n<meta property=\"og:url\" content=\"https:\/\/compuviper.mx\/tienda\/producto\/sandisk-wds500g3x0gwds500g3x0g-00chy0-unidad-de-estado-solido-ssd-interno-wd-black-sn770m-500gb-m-2-2230-nvme-pcie-gen4-lect-5000mb-s-escrit-4000mb-s-tbw-300-wds500g3x0g\/\" \/>\n<meta property=\"og:site_name\" content=\"Compuviper\" \/>\n<meta property=\"article:publisher\" content=\"https:\/\/www.facebook.com\/compuviper\" \/>\n<meta property=\"og:image\" content=\"https:\/\/compuviper.mx\/tienda\/wp-content\/uploads\/2026\/05\/Unidad-de-estado-solido-ssd-interno-wd-black-sn770m-500gb-m.2-2230-nvme-pcie-gen4-lect.5000mbs-escrit.4000mbs-tbw-300-wds500g3x0g.jpg\" \/>\n\t<meta property=\"og:image:width\" content=\"200\" \/>\n\t<meta property=\"og:image:height\" content=\"200\" \/>\n\t<meta property=\"og:image:type\" content=\"image\/jpeg\" \/>\n<meta name=\"twitter:card\" content=\"summary_large_image\" \/>\n<meta name=\"twitter:label1\" content=\"Precio\" \/>\n\t<meta name=\"twitter:data1\" content=\"&#36;2,152 con IVA\" \/>\n\t<meta name=\"twitter:label2\" content=\"Availability\" \/>\n\t<meta name=\"twitter:data2\" content=\"In stock\" \/>\n<script type=\"application\/ld+json\" class=\"yoast-schema-graph\">{\"@context\":\"https:\/\/schema.org\",\"@graph\":[{\"@type\":\"WebPage\",\"@id\":\"https:\/\/compuviper.mx\/tienda\/producto\/sandisk-wds500g3x0gwds500g3x0g-00chy0-unidad-de-estado-solido-ssd-interno-wd-black-sn770m-500gb-m-2-2230-nvme-pcie-gen4-lect-5000mb-s-escrit-4000mb-s-tbw-300-wds500g3x0g\/\",\"url\":\"https:\/\/compuviper.mx\/tienda\/producto\/sandisk-wds500g3x0gwds500g3x0g-00chy0-unidad-de-estado-solido-ssd-interno-wd-black-sn770m-500gb-m-2-2230-nvme-pcie-gen4-lect-5000mb-s-escrit-4000mb-s-tbw-300-wds500g3x0g\/\",\"name\":\"[ Sandisk ] &#129351; Wds500g3x0g,wds500g3x0g-00chy0 Unidad De Estado Solido Ssd Interno Wd Black Sn770m 500gb M.2 2230 Nvme Pcie Gen4 Lect.5000mb\/s Escrit.4000mb\/s Tbw 300 Wds500g3x0g\",\"isPartOf\":{\"@id\":\"https:\/\/compuviper.mx\/tienda\/#website\"},\"datePublished\":\"2026-05-12T06:38:31+00:00\",\"dateModified\":\"2026-05-12T06:38:31+00:00\",\"description\":\"Compra Wds500g3x0g,wds500g3x0g-00chy0 Unidad De Estado Solido Ssd Interno Wd Black Sn770m 500gb M.2 2230 Nvme Pcie Gen4 Lect.5000mb\/s Escrit.4000mb\/s Tbw 300 Wds500g3x0g + Env\u00edo a domicilio + Pago seguro + Garant\u00eda\",\"breadcrumb\":{\"@id\":\"https:\/\/compuviper.mx\/tienda\/producto\/sandisk-wds500g3x0gwds500g3x0g-00chy0-unidad-de-estado-solido-ssd-interno-wd-black-sn770m-500gb-m-2-2230-nvme-pcie-gen4-lect-5000mb-s-escrit-4000mb-s-tbw-300-wds500g3x0g\/#breadcrumb\"},\"inLanguage\":\"es-MX\",\"potentialAction\":[{\"@type\":\"ReadAction\",\"target\":[\"https:\/\/compuviper.mx\/tienda\/producto\/sandisk-wds500g3x0gwds500g3x0g-00chy0-unidad-de-estado-solido-ssd-interno-wd-black-sn770m-500gb-m-2-2230-nvme-pcie-gen4-lect-5000mb-s-escrit-4000mb-s-tbw-300-wds500g3x0g\/\"]}]},{\"@type\":\"BreadcrumbList\",\"@id\":\"https:\/\/compuviper.mx\/tienda\/producto\/sandisk-wds500g3x0gwds500g3x0g-00chy0-unidad-de-estado-solido-ssd-interno-wd-black-sn770m-500gb-m-2-2230-nvme-pcie-gen4-lect-5000mb-s-escrit-4000mb-s-tbw-300-wds500g3x0g\/#breadcrumb\",\"itemListElement\":[{\"@type\":\"ListItem\",\"position\":1,\"name\":\"Inicio\",\"item\":\"https:\/\/compuviper.mx\/tienda\/\"},{\"@type\":\"ListItem\",\"position\":2,\"name\":\"Productos\",\"item\":\"https:\/\/compuviper.mx\/tienda\/productos\/\"},{\"@type\":\"ListItem\",\"position\":3,\"name\":\"Discos Duros\",\"item\":\"https:\/\/compuviper.mx\/tienda\/categoria-producto\/discos-duros\/\"},{\"@type\":\"ListItem\",\"position\":4,\"name\":\"Unidad De Estado Solido\",\"item\":\"https:\/\/compuviper.mx\/tienda\/categoria-producto\/discos-duros\/unidad-de-estado-solido\/\"},{\"@type\":\"ListItem\",\"position\":5,\"name\":\"Sandisk Wds500g3x0g,wds500g3x0g-00chy0 Unidad De Estado Solido Ssd Interno Wd Black Sn770m 500gb M.2 2230 Nvme Pcie Gen4 Lect.5000mb\/s Escrit.4000mb\/s Tbw 300 Wds500g3x0g\"}]},{\"@type\":\"WebSite\",\"@id\":\"https:\/\/compuviper.mx\/tienda\/#website\",\"url\":\"https:\/\/compuviper.mx\/tienda\/\",\"name\":\"Compuviper\",\"description\":\"Proveedor de Computadoras, Laptops, Servidores, Monitores, Puntos de Venta, Teclados,   Impresoras, T\u00f3ner, C\u00e1maras de Seguridad y m\u00e1s en tu tienda en l\u00ednea\",\"publisher\":{\"@id\":\"https:\/\/compuviper.mx\/tienda\/#organization\"},\"potentialAction\":[{\"@type\":\"SearchAction\",\"target\":{\"@type\":\"EntryPoint\",\"urlTemplate\":\"https:\/\/compuviper.mx\/tienda\/?s={search_term_string}\"},\"query-input\":\"required name=search_term_string\"}],\"inLanguage\":\"es-MX\"},{\"@type\":\"Organization\",\"@id\":\"https:\/\/compuviper.mx\/tienda\/#organization\",\"name\":\"Compuviper\",\"url\":\"https:\/\/compuviper.mx\/tienda\/\",\"logo\":{\"@type\":\"ImageObject\",\"inLanguage\":\"es-MX\",\"@id\":\"https:\/\/compuviper.mx\/tienda\/#\/schema\/logo\/image\/\",\"url\":\"https:\/\/compuviper.mx\/tienda\/wp-content\/uploads\/2021\/08\/Logo-Compuviper-10.png\",\"contentUrl\":\"https:\/\/compuviper.mx\/tienda\/wp-content\/uploads\/2021\/08\/Logo-Compuviper-10.png\",\"width\":1000,\"height\":500,\"caption\":\"Compuviper\"},\"image\":{\"@id\":\"https:\/\/compuviper.mx\/tienda\/#\/schema\/logo\/image\/\"},\"sameAs\":[\"https:\/\/www.facebook.com\/compuviper\",\"https:\/\/www.youtube.com\/channel\/UCf73dERp9Y3cfOq7q8BhLjA?view_as=subscriber\"]}]}<\/script>\n<meta property=\"product:brand\" content=\"SANDISK\" \/>\n<meta property=\"product:price:amount\" content=\"2152\" \/>\n<meta property=\"product:price:currency\" content=\"MXN\" \/>\n<meta property=\"og:availability\" content=\"instock\" \/>\n<meta property=\"product:availability\" content=\"instock\" \/>\n<meta property=\"product:retailer_item_id\" content=\"WDS500G3X0G,WDS500G3X0G-00CHY0\" \/>\n<meta property=\"product:condition\" content=\"new\" \/>\n<!-- \/ Yoast SEO plugin. -->","yoast_head_json":{"title":"[ Sandisk ] &#129351; Wds500g3x0g,wds500g3x0g-00chy0 Unidad De Estado Solido Ssd Interno Wd Black Sn770m 500gb M.2 2230 Nvme Pcie Gen4 Lect.5000mb\/s Escrit.4000mb\/s Tbw 300 Wds500g3x0g","description":"Compra Wds500g3x0g,wds500g3x0g-00chy0 Unidad De Estado Solido Ssd Interno Wd Black Sn770m 500gb M.2 2230 Nvme Pcie Gen4 Lect.5000mb\/s Escrit.4000mb\/s Tbw 300 Wds500g3x0g + Env\u00edo a domicilio + Pago seguro + Garant\u00eda","robots":{"index":"index","follow":"follow","max-snippet":"max-snippet:-1","max-image-preview":"max-image-preview:large","max-video-preview":"max-video-preview:-1"},"canonical":"https:\/\/compuviper.mx\/tienda\/producto\/sandisk-wds500g3x0gwds500g3x0g-00chy0-unidad-de-estado-solido-ssd-interno-wd-black-sn770m-500gb-m-2-2230-nvme-pcie-gen4-lect-5000mb-s-escrit-4000mb-s-tbw-300-wds500g3x0g\/","og_locale":"es_MX","og_type":"article","og_title":"[ Sandisk ] &#129351; Wds500g3x0g,wds500g3x0g-00chy0 Unidad De Estado Solido Ssd Interno Wd Black Sn770m 500gb M.2 2230 Nvme Pcie Gen4 Lect.5000mb\/s Escrit.4000mb\/s Tbw 300 Wds500g3x0g","og_description":"Compra Wds500g3x0g,wds500g3x0g-00chy0 Unidad De Estado Solido Ssd Interno Wd Black Sn770m 500gb M.2 2230 Nvme Pcie Gen4 Lect.5000mb\/s Escrit.4000mb\/s Tbw 300 Wds500g3x0g + Env\u00edo a domicilio + Pago seguro + Garant\u00eda","og_url":"https:\/\/compuviper.mx\/tienda\/producto\/sandisk-wds500g3x0gwds500g3x0g-00chy0-unidad-de-estado-solido-ssd-interno-wd-black-sn770m-500gb-m-2-2230-nvme-pcie-gen4-lect-5000mb-s-escrit-4000mb-s-tbw-300-wds500g3x0g\/","og_site_name":"Compuviper","article_publisher":"https:\/\/www.facebook.com\/compuviper","og_image":[{"width":200,"height":200,"url":"https:\/\/compuviper.mx\/tienda\/wp-content\/uploads\/2026\/05\/Unidad-de-estado-solido-ssd-interno-wd-black-sn770m-500gb-m.2-2230-nvme-pcie-gen4-lect.5000mbs-escrit.4000mbs-tbw-300-wds500g3x0g.jpg","type":"image\/jpeg"}],"twitter_card":"summary_large_image","twitter_misc":{"Precio":"&#36;2,152 con IVA","Availability":"In stock"},"schema":{"@context":"https:\/\/schema.org","@graph":[{"@type":"WebPage","@id":"https:\/\/compuviper.mx\/tienda\/producto\/sandisk-wds500g3x0gwds500g3x0g-00chy0-unidad-de-estado-solido-ssd-interno-wd-black-sn770m-500gb-m-2-2230-nvme-pcie-gen4-lect-5000mb-s-escrit-4000mb-s-tbw-300-wds500g3x0g\/","url":"https:\/\/compuviper.mx\/tienda\/producto\/sandisk-wds500g3x0gwds500g3x0g-00chy0-unidad-de-estado-solido-ssd-interno-wd-black-sn770m-500gb-m-2-2230-nvme-pcie-gen4-lect-5000mb-s-escrit-4000mb-s-tbw-300-wds500g3x0g\/","name":"[ Sandisk ] &#129351; Wds500g3x0g,wds500g3x0g-00chy0 Unidad De Estado Solido Ssd Interno Wd Black Sn770m 500gb M.2 2230 Nvme Pcie Gen4 Lect.5000mb\/s Escrit.4000mb\/s Tbw 300 Wds500g3x0g","isPartOf":{"@id":"https:\/\/compuviper.mx\/tienda\/#website"},"datePublished":"2026-05-12T06:38:31+00:00","dateModified":"2026-05-12T06:38:31+00:00","description":"Compra Wds500g3x0g,wds500g3x0g-00chy0 Unidad De Estado Solido Ssd Interno Wd Black Sn770m 500gb M.2 2230 Nvme Pcie Gen4 Lect.5000mb\/s Escrit.4000mb\/s Tbw 300 Wds500g3x0g + Env\u00edo a domicilio + Pago seguro + Garant\u00eda","breadcrumb":{"@id":"https:\/\/compuviper.mx\/tienda\/producto\/sandisk-wds500g3x0gwds500g3x0g-00chy0-unidad-de-estado-solido-ssd-interno-wd-black-sn770m-500gb-m-2-2230-nvme-pcie-gen4-lect-5000mb-s-escrit-4000mb-s-tbw-300-wds500g3x0g\/#breadcrumb"},"inLanguage":"es-MX","potentialAction":[{"@type":"ReadAction","target":["https:\/\/compuviper.mx\/tienda\/producto\/sandisk-wds500g3x0gwds500g3x0g-00chy0-unidad-de-estado-solido-ssd-interno-wd-black-sn770m-500gb-m-2-2230-nvme-pcie-gen4-lect-5000mb-s-escrit-4000mb-s-tbw-300-wds500g3x0g\/"]}]},{"@type":"BreadcrumbList","@id":"https:\/\/compuviper.mx\/tienda\/producto\/sandisk-wds500g3x0gwds500g3x0g-00chy0-unidad-de-estado-solido-ssd-interno-wd-black-sn770m-500gb-m-2-2230-nvme-pcie-gen4-lect-5000mb-s-escrit-4000mb-s-tbw-300-wds500g3x0g\/#breadcrumb","itemListElement":[{"@type":"ListItem","position":1,"name":"Inicio","item":"https:\/\/compuviper.mx\/tienda\/"},{"@type":"ListItem","position":2,"name":"Productos","item":"https:\/\/compuviper.mx\/tienda\/productos\/"},{"@type":"ListItem","position":3,"name":"Discos Duros","item":"https:\/\/compuviper.mx\/tienda\/categoria-producto\/discos-duros\/"},{"@type":"ListItem","position":4,"name":"Unidad De Estado Solido","item":"https:\/\/compuviper.mx\/tienda\/categoria-producto\/discos-duros\/unidad-de-estado-solido\/"},{"@type":"ListItem","position":5,"name":"Sandisk Wds500g3x0g,wds500g3x0g-00chy0 Unidad De Estado Solido Ssd Interno Wd Black Sn770m 500gb M.2 2230 Nvme Pcie Gen4 Lect.5000mb\/s Escrit.4000mb\/s Tbw 300 Wds500g3x0g"}]},{"@type":"WebSite","@id":"https:\/\/compuviper.mx\/tienda\/#website","url":"https:\/\/compuviper.mx\/tienda\/","name":"Compuviper","description":"Proveedor de Computadoras, Laptops, Servidores, Monitores, Puntos de Venta, Teclados,   Impresoras, T\u00f3ner, C\u00e1maras de Seguridad y m\u00e1s en tu tienda en l\u00ednea","publisher":{"@id":"https:\/\/compuviper.mx\/tienda\/#organization"},"potentialAction":[{"@type":"SearchAction","target":{"@type":"EntryPoint","urlTemplate":"https:\/\/compuviper.mx\/tienda\/?s={search_term_string}"},"query-input":"required name=search_term_string"}],"inLanguage":"es-MX"},{"@type":"Organization","@id":"https:\/\/compuviper.mx\/tienda\/#organization","name":"Compuviper","url":"https:\/\/compuviper.mx\/tienda\/","logo":{"@type":"ImageObject","inLanguage":"es-MX","@id":"https:\/\/compuviper.mx\/tienda\/#\/schema\/logo\/image\/","url":"https:\/\/compuviper.mx\/tienda\/wp-content\/uploads\/2021\/08\/Logo-Compuviper-10.png","contentUrl":"https:\/\/compuviper.mx\/tienda\/wp-content\/uploads\/2021\/08\/Logo-Compuviper-10.png","width":1000,"height":500,"caption":"Compuviper"},"image":{"@id":"https:\/\/compuviper.mx\/tienda\/#\/schema\/logo\/image\/"},"sameAs":["https:\/\/www.facebook.com\/compuviper","https:\/\/www.youtube.com\/channel\/UCf73dERp9Y3cfOq7q8BhLjA?view_as=subscriber"]}]},"product_brand":"SANDISK","product_price_amount":"2152","product_price_currency":"MXN","og_availability":"instock","product_availability":"instock","product_retailer_item_id":"WDS500G3X0G,WDS500G3X0G-00CHY0","product_condition":"new"},"_links":{"self":[{"href":"https:\/\/compuviper.mx\/tienda\/wp-json\/wp\/v2\/product\/269449"}],"collection":[{"href":"https:\/\/compuviper.mx\/tienda\/wp-json\/wp\/v2\/product"}],"about":[{"href":"https:\/\/compuviper.mx\/tienda\/wp-json\/wp\/v2\/types\/product"}],"replies":[{"embeddable":true,"href":"https:\/\/compuviper.mx\/tienda\/wp-json\/wp\/v2\/comments?post=269449"}],"wp:featuredmedia":[{"embeddable":true,"href":"https:\/\/compuviper.mx\/tienda\/wp-json\/wp\/v2\/media\/269450"}],"wp:attachment":[{"href":"https:\/\/compuviper.mx\/tienda\/wp-json\/wp\/v2\/media?parent=269449"}],"wp:term":[{"taxonomy":"product_cat","embeddable":true,"href":"https:\/\/compuviper.mx\/tienda\/wp-json\/wp\/v2\/product_cat?post=269449"},{"taxonomy":"product_tag","embeddable":true,"href":"https:\/\/compuviper.mx\/tienda\/wp-json\/wp\/v2\/product_tag?post=269449"}],"curies":[{"name":"wp","href":"https:\/\/api.w.org\/{rel}","templated":true}]}}