{"id":269423,"date":"2026-05-09T00:31:45","date_gmt":"2026-05-09T06:31:45","guid":{"rendered":"https:\/\/compuviper.mx\/tienda\/producto\/sandisk-wds100t1r0awds100t1r0a-68a4w0-unidad-de-estado-solido-ssd-interno-wd-red-sa500-1tb-2-5-sata3-6gb-s-lect-560mbs-escrit-530mbs-7mm-nas-wds100t1r0a\/"},"modified":"2026-05-09T00:31:46","modified_gmt":"2026-05-09T06:31:46","slug":"sandisk-wds100t1r0awds100t1r0a-68a4w0-unidad-de-estado-solido-ssd-interno-wd-red-sa500-1tb-2-5-sata3-6gb-s-lect-560mbs-escrit-530mbs-7mm-nas-wds100t1r0a","status":"publish","type":"product","link":"https:\/\/compuviper.mx\/tienda\/producto\/sandisk-wds100t1r0awds100t1r0a-68a4w0-unidad-de-estado-solido-ssd-interno-wd-red-sa500-1tb-2-5-sata3-6gb-s-lect-560mbs-escrit-530mbs-7mm-nas-wds100t1r0a\/","title":{"rendered":"Sandisk Wds100t1r0a,wds100t1r0a-68a4w0 Unidad De Estado Solido Ssd Interno Wd Red Sa500 1tb 2.5 Sata3 6gb\/s Lect.560mbs Escrit 530mbs 7mm Nas Wds100t1r0a"},"content":{"rendered":"<table class=\"descripcion\">\n<tr>\n<td>Especificaciones completas<\/td>\n<\/tr>\n<tr>\n<td>Capacidad<\/td>\n<\/tr>\n<tr>\n<td>1 tb<\/td>\n<\/tr>\n<tr>\n<td>Factor de forma<\/td>\n<\/tr>\n<tr>\n<td>2.5<\/td>\n<\/tr>\n<tr>\n<td>Interfaz<\/td>\n<\/tr>\n<tr>\n<td>Sata iii<\/td>\n<\/tr>\n<tr>\n<td>Dimensiones (l x w x h)<\/td>\n<\/tr>\n<tr>\n<td>3.94 x 2.75 x 0.28<\/td>\n<\/tr>\n<tr>\n<td>Rendimiento secuencial de lectura<\/td>\n<\/tr>\n<tr>\n<td>560mb \/ s<\/td>\n<\/tr>\n<tr>\n<td>Rendimiento secuencial de escritura<\/td>\n<\/tr>\n<tr>\n<td>530mb \/ s<\/td>\n<\/tr>\n<\/table>\n","protected":false},"excerpt":{"rendered":"<p>Supercargue su nas: el poder del rojo llega a ssd. Aumente el rendimiento y la capacidad de respuesta de su sistema nas con el ssd sata nas wd red \u0099 sa500. Su sistema nas siempre est\u00e1 encendido, lo que hace que una unidad confiable sea esencial. A diferencia de los ssd est\u00e1ndar, los ssd sata wd red nas est\u00e1n espec\u00edficamente dise\u00f1ados y probados para su uso 24\/7. Su resistencia y almacenamiento en cach\u00e9 eficiente los hace ideales para aplicaciones exigentes.<\/p>\n","protected":false},"featured_media":269424,"comment_status":"open","ping_status":"open","template":"","meta":[],"product_cat":[1703,1708],"product_tag":[1709],"acf":[],"yoast_head":"<!-- This site is optimized with the Yoast SEO plugin v21.7 - https:\/\/yoast.com\/wordpress\/plugins\/seo\/ -->\n<title>[ Sandisk ] &#129351; Wds100t1r0a,wds100t1r0a-68a4w0 Unidad De Estado Solido Ssd Interno Wd Red Sa500 1tb 2.5 Sata3 6gb\/s Lect.560mbs Escrit 530mbs 7mm Nas Wds100t1r0a<\/title>\n<meta name=\"description\" content=\"Compra Wds100t1r0a,wds100t1r0a-68a4w0 Unidad De Estado Solido Ssd Interno Wd Red Sa500 1tb 2.5 Sata3 6gb\/s Lect.560mbs Escrit 530mbs 7mm Nas Wds100t1r0a + Env\u00edo a domicilio + Pago seguro + Garant\u00eda\" \/>\n<meta name=\"robots\" content=\"index, follow, max-snippet:-1, max-image-preview:large, max-video-preview:-1\" \/>\n<link rel=\"canonical\" href=\"https:\/\/compuviper.mx\/tienda\/producto\/sandisk-wds100t1r0awds100t1r0a-68a4w0-unidad-de-estado-solido-ssd-interno-wd-red-sa500-1tb-2-5-sata3-6gb-s-lect-560mbs-escrit-530mbs-7mm-nas-wds100t1r0a\/\" \/>\n<meta property=\"og:locale\" content=\"es_MX\" \/>\n<meta property=\"og:type\" content=\"article\" \/>\n<meta property=\"og:title\" content=\"[ Sandisk ] &#129351; Wds100t1r0a,wds100t1r0a-68a4w0 Unidad De Estado Solido Ssd Interno Wd Red Sa500 1tb 2.5 Sata3 6gb\/s Lect.560mbs Escrit 530mbs 7mm Nas Wds100t1r0a\" \/>\n<meta property=\"og:description\" content=\"Compra Wds100t1r0a,wds100t1r0a-68a4w0 Unidad De Estado Solido Ssd Interno Wd Red Sa500 1tb 2.5 Sata3 6gb\/s Lect.560mbs Escrit 530mbs 7mm Nas Wds100t1r0a + Env\u00edo a domicilio + Pago seguro + Garant\u00eda\" \/>\n<meta property=\"og:url\" content=\"https:\/\/compuviper.mx\/tienda\/producto\/sandisk-wds100t1r0awds100t1r0a-68a4w0-unidad-de-estado-solido-ssd-interno-wd-red-sa500-1tb-2-5-sata3-6gb-s-lect-560mbs-escrit-530mbs-7mm-nas-wds100t1r0a\/\" \/>\n<meta property=\"og:site_name\" content=\"Compuviper\" \/>\n<meta property=\"article:publisher\" content=\"https:\/\/www.facebook.com\/compuviper\" \/>\n<meta property=\"article:modified_time\" content=\"2026-05-09T06:31:46+00:00\" \/>\n<meta property=\"og:image\" content=\"https:\/\/compuviper.mx\/tienda\/wp-content\/uploads\/2026\/05\/Unidad-de-estado-solido-ssd-interno-wd-red-sa500-1tb-2.5-sata3-6gbs-lect.560mbs-escrit-530mbs-7mm-nas-wds100t1r0a.jpg\" \/>\n\t<meta property=\"og:image:width\" content=\"200\" \/>\n\t<meta property=\"og:image:height\" content=\"200\" \/>\n\t<meta property=\"og:image:type\" content=\"image\/jpeg\" \/>\n<meta name=\"twitter:card\" content=\"summary_large_image\" \/>\n<meta name=\"twitter:label1\" content=\"Precio\" \/>\n\t<meta name=\"twitter:data1\" content=\"&#36;5,844 &#36;4,491 con IVA\" \/>\n\t<meta name=\"twitter:label2\" content=\"Availability\" \/>\n\t<meta name=\"twitter:data2\" content=\"In stock\" \/>\n<script type=\"application\/ld+json\" class=\"yoast-schema-graph\">{\"@context\":\"https:\/\/schema.org\",\"@graph\":[{\"@type\":\"WebPage\",\"@id\":\"https:\/\/compuviper.mx\/tienda\/producto\/sandisk-wds100t1r0awds100t1r0a-68a4w0-unidad-de-estado-solido-ssd-interno-wd-red-sa500-1tb-2-5-sata3-6gb-s-lect-560mbs-escrit-530mbs-7mm-nas-wds100t1r0a\/\",\"url\":\"https:\/\/compuviper.mx\/tienda\/producto\/sandisk-wds100t1r0awds100t1r0a-68a4w0-unidad-de-estado-solido-ssd-interno-wd-red-sa500-1tb-2-5-sata3-6gb-s-lect-560mbs-escrit-530mbs-7mm-nas-wds100t1r0a\/\",\"name\":\"[ Sandisk ] &#129351; Wds100t1r0a,wds100t1r0a-68a4w0 Unidad De Estado Solido Ssd Interno Wd Red Sa500 1tb 2.5 Sata3 6gb\/s Lect.560mbs Escrit 530mbs 7mm Nas Wds100t1r0a\",\"isPartOf\":{\"@id\":\"https:\/\/compuviper.mx\/tienda\/#website\"},\"datePublished\":\"2026-05-09T06:31:45+00:00\",\"dateModified\":\"2026-05-09T06:31:46+00:00\",\"description\":\"Compra Wds100t1r0a,wds100t1r0a-68a4w0 Unidad De Estado Solido Ssd Interno Wd Red Sa500 1tb 2.5 Sata3 6gb\/s Lect.560mbs Escrit 530mbs 7mm Nas Wds100t1r0a + Env\u00edo a domicilio + Pago seguro + Garant\u00eda\",\"breadcrumb\":{\"@id\":\"https:\/\/compuviper.mx\/tienda\/producto\/sandisk-wds100t1r0awds100t1r0a-68a4w0-unidad-de-estado-solido-ssd-interno-wd-red-sa500-1tb-2-5-sata3-6gb-s-lect-560mbs-escrit-530mbs-7mm-nas-wds100t1r0a\/#breadcrumb\"},\"inLanguage\":\"es-MX\",\"potentialAction\":[{\"@type\":\"ReadAction\",\"target\":[\"https:\/\/compuviper.mx\/tienda\/producto\/sandisk-wds100t1r0awds100t1r0a-68a4w0-unidad-de-estado-solido-ssd-interno-wd-red-sa500-1tb-2-5-sata3-6gb-s-lect-560mbs-escrit-530mbs-7mm-nas-wds100t1r0a\/\"]}]},{\"@type\":\"BreadcrumbList\",\"@id\":\"https:\/\/compuviper.mx\/tienda\/producto\/sandisk-wds100t1r0awds100t1r0a-68a4w0-unidad-de-estado-solido-ssd-interno-wd-red-sa500-1tb-2-5-sata3-6gb-s-lect-560mbs-escrit-530mbs-7mm-nas-wds100t1r0a\/#breadcrumb\",\"itemListElement\":[{\"@type\":\"ListItem\",\"position\":1,\"name\":\"Inicio\",\"item\":\"https:\/\/compuviper.mx\/tienda\/\"},{\"@type\":\"ListItem\",\"position\":2,\"name\":\"Productos\",\"item\":\"https:\/\/compuviper.mx\/tienda\/productos\/\"},{\"@type\":\"ListItem\",\"position\":3,\"name\":\"Discos Duros\",\"item\":\"https:\/\/compuviper.mx\/tienda\/categoria-producto\/discos-duros\/\"},{\"@type\":\"ListItem\",\"position\":4,\"name\":\"Unidad De Estado Solido\",\"item\":\"https:\/\/compuviper.mx\/tienda\/categoria-producto\/discos-duros\/unidad-de-estado-solido\/\"},{\"@type\":\"ListItem\",\"position\":5,\"name\":\"Sandisk Wds100t1r0a,wds100t1r0a-68a4w0 Unidad De Estado Solido Ssd Interno Wd Red Sa500 1tb 2.5 Sata3 6gb\/s Lect.560mbs Escrit 530mbs 7mm Nas Wds100t1r0a\"}]},{\"@type\":\"WebSite\",\"@id\":\"https:\/\/compuviper.mx\/tienda\/#website\",\"url\":\"https:\/\/compuviper.mx\/tienda\/\",\"name\":\"Compuviper\",\"description\":\"Proveedor de Computadoras, Laptops, Servidores, Monitores, Puntos de Venta, Teclados,   Impresoras, T\u00f3ner, C\u00e1maras de Seguridad y m\u00e1s en tu tienda en l\u00ednea\",\"publisher\":{\"@id\":\"https:\/\/compuviper.mx\/tienda\/#organization\"},\"potentialAction\":[{\"@type\":\"SearchAction\",\"target\":{\"@type\":\"EntryPoint\",\"urlTemplate\":\"https:\/\/compuviper.mx\/tienda\/?s={search_term_string}\"},\"query-input\":\"required name=search_term_string\"}],\"inLanguage\":\"es-MX\"},{\"@type\":\"Organization\",\"@id\":\"https:\/\/compuviper.mx\/tienda\/#organization\",\"name\":\"Compuviper\",\"url\":\"https:\/\/compuviper.mx\/tienda\/\",\"logo\":{\"@type\":\"ImageObject\",\"inLanguage\":\"es-MX\",\"@id\":\"https:\/\/compuviper.mx\/tienda\/#\/schema\/logo\/image\/\",\"url\":\"https:\/\/compuviper.mx\/tienda\/wp-content\/uploads\/2021\/08\/Logo-Compuviper-10.png\",\"contentUrl\":\"https:\/\/compuviper.mx\/tienda\/wp-content\/uploads\/2021\/08\/Logo-Compuviper-10.png\",\"width\":1000,\"height\":500,\"caption\":\"Compuviper\"},\"image\":{\"@id\":\"https:\/\/compuviper.mx\/tienda\/#\/schema\/logo\/image\/\"},\"sameAs\":[\"https:\/\/www.facebook.com\/compuviper\",\"https:\/\/www.youtube.com\/channel\/UCf73dERp9Y3cfOq7q8BhLjA?view_as=subscriber\"]}]}<\/script>\n<meta property=\"product:brand\" content=\"SANDISK\" \/>\n<meta property=\"product:price:amount\" content=\"4491\" \/>\n<meta property=\"product:price:currency\" content=\"MXN\" \/>\n<meta property=\"og:availability\" content=\"instock\" \/>\n<meta property=\"product:availability\" content=\"instock\" \/>\n<meta property=\"product:retailer_item_id\" content=\"WDS100T1R0A,WDS100T1R0A-68A4W0\" \/>\n<meta property=\"product:condition\" content=\"new\" \/>\n<!-- \/ Yoast SEO plugin. -->","yoast_head_json":{"title":"[ Sandisk ] &#129351; Wds100t1r0a,wds100t1r0a-68a4w0 Unidad De Estado Solido Ssd Interno Wd Red Sa500 1tb 2.5 Sata3 6gb\/s Lect.560mbs Escrit 530mbs 7mm Nas Wds100t1r0a","description":"Compra Wds100t1r0a,wds100t1r0a-68a4w0 Unidad De Estado Solido Ssd Interno Wd Red Sa500 1tb 2.5 Sata3 6gb\/s Lect.560mbs Escrit 530mbs 7mm Nas Wds100t1r0a + Env\u00edo a domicilio + Pago seguro + Garant\u00eda","robots":{"index":"index","follow":"follow","max-snippet":"max-snippet:-1","max-image-preview":"max-image-preview:large","max-video-preview":"max-video-preview:-1"},"canonical":"https:\/\/compuviper.mx\/tienda\/producto\/sandisk-wds100t1r0awds100t1r0a-68a4w0-unidad-de-estado-solido-ssd-interno-wd-red-sa500-1tb-2-5-sata3-6gb-s-lect-560mbs-escrit-530mbs-7mm-nas-wds100t1r0a\/","og_locale":"es_MX","og_type":"article","og_title":"[ Sandisk ] &#129351; Wds100t1r0a,wds100t1r0a-68a4w0 Unidad De Estado Solido Ssd Interno Wd Red Sa500 1tb 2.5 Sata3 6gb\/s Lect.560mbs Escrit 530mbs 7mm Nas Wds100t1r0a","og_description":"Compra Wds100t1r0a,wds100t1r0a-68a4w0 Unidad De Estado Solido Ssd Interno Wd Red Sa500 1tb 2.5 Sata3 6gb\/s Lect.560mbs Escrit 530mbs 7mm Nas Wds100t1r0a + Env\u00edo a domicilio + Pago seguro + Garant\u00eda","og_url":"https:\/\/compuviper.mx\/tienda\/producto\/sandisk-wds100t1r0awds100t1r0a-68a4w0-unidad-de-estado-solido-ssd-interno-wd-red-sa500-1tb-2-5-sata3-6gb-s-lect-560mbs-escrit-530mbs-7mm-nas-wds100t1r0a\/","og_site_name":"Compuviper","article_publisher":"https:\/\/www.facebook.com\/compuviper","article_modified_time":"2026-05-09T06:31:46+00:00","og_image":[{"width":200,"height":200,"url":"https:\/\/compuviper.mx\/tienda\/wp-content\/uploads\/2026\/05\/Unidad-de-estado-solido-ssd-interno-wd-red-sa500-1tb-2.5-sata3-6gbs-lect.560mbs-escrit-530mbs-7mm-nas-wds100t1r0a.jpg","type":"image\/jpeg"}],"twitter_card":"summary_large_image","twitter_misc":{"Precio":"&#36;5,844 &#36;4,491 con IVA","Availability":"In stock"},"schema":{"@context":"https:\/\/schema.org","@graph":[{"@type":"WebPage","@id":"https:\/\/compuviper.mx\/tienda\/producto\/sandisk-wds100t1r0awds100t1r0a-68a4w0-unidad-de-estado-solido-ssd-interno-wd-red-sa500-1tb-2-5-sata3-6gb-s-lect-560mbs-escrit-530mbs-7mm-nas-wds100t1r0a\/","url":"https:\/\/compuviper.mx\/tienda\/producto\/sandisk-wds100t1r0awds100t1r0a-68a4w0-unidad-de-estado-solido-ssd-interno-wd-red-sa500-1tb-2-5-sata3-6gb-s-lect-560mbs-escrit-530mbs-7mm-nas-wds100t1r0a\/","name":"[ Sandisk ] &#129351; Wds100t1r0a,wds100t1r0a-68a4w0 Unidad De Estado Solido Ssd Interno Wd Red Sa500 1tb 2.5 Sata3 6gb\/s Lect.560mbs Escrit 530mbs 7mm Nas Wds100t1r0a","isPartOf":{"@id":"https:\/\/compuviper.mx\/tienda\/#website"},"datePublished":"2026-05-09T06:31:45+00:00","dateModified":"2026-05-09T06:31:46+00:00","description":"Compra Wds100t1r0a,wds100t1r0a-68a4w0 Unidad De Estado Solido Ssd Interno Wd Red Sa500 1tb 2.5 Sata3 6gb\/s Lect.560mbs Escrit 530mbs 7mm Nas Wds100t1r0a + Env\u00edo a domicilio + Pago seguro + Garant\u00eda","breadcrumb":{"@id":"https:\/\/compuviper.mx\/tienda\/producto\/sandisk-wds100t1r0awds100t1r0a-68a4w0-unidad-de-estado-solido-ssd-interno-wd-red-sa500-1tb-2-5-sata3-6gb-s-lect-560mbs-escrit-530mbs-7mm-nas-wds100t1r0a\/#breadcrumb"},"inLanguage":"es-MX","potentialAction":[{"@type":"ReadAction","target":["https:\/\/compuviper.mx\/tienda\/producto\/sandisk-wds100t1r0awds100t1r0a-68a4w0-unidad-de-estado-solido-ssd-interno-wd-red-sa500-1tb-2-5-sata3-6gb-s-lect-560mbs-escrit-530mbs-7mm-nas-wds100t1r0a\/"]}]},{"@type":"BreadcrumbList","@id":"https:\/\/compuviper.mx\/tienda\/producto\/sandisk-wds100t1r0awds100t1r0a-68a4w0-unidad-de-estado-solido-ssd-interno-wd-red-sa500-1tb-2-5-sata3-6gb-s-lect-560mbs-escrit-530mbs-7mm-nas-wds100t1r0a\/#breadcrumb","itemListElement":[{"@type":"ListItem","position":1,"name":"Inicio","item":"https:\/\/compuviper.mx\/tienda\/"},{"@type":"ListItem","position":2,"name":"Productos","item":"https:\/\/compuviper.mx\/tienda\/productos\/"},{"@type":"ListItem","position":3,"name":"Discos Duros","item":"https:\/\/compuviper.mx\/tienda\/categoria-producto\/discos-duros\/"},{"@type":"ListItem","position":4,"name":"Unidad De Estado Solido","item":"https:\/\/compuviper.mx\/tienda\/categoria-producto\/discos-duros\/unidad-de-estado-solido\/"},{"@type":"ListItem","position":5,"name":"Sandisk Wds100t1r0a,wds100t1r0a-68a4w0 Unidad De Estado Solido Ssd Interno Wd Red Sa500 1tb 2.5 Sata3 6gb\/s Lect.560mbs Escrit 530mbs 7mm Nas Wds100t1r0a"}]},{"@type":"WebSite","@id":"https:\/\/compuviper.mx\/tienda\/#website","url":"https:\/\/compuviper.mx\/tienda\/","name":"Compuviper","description":"Proveedor de Computadoras, Laptops, Servidores, Monitores, Puntos de Venta, Teclados,   Impresoras, T\u00f3ner, C\u00e1maras de Seguridad y m\u00e1s en tu tienda en l\u00ednea","publisher":{"@id":"https:\/\/compuviper.mx\/tienda\/#organization"},"potentialAction":[{"@type":"SearchAction","target":{"@type":"EntryPoint","urlTemplate":"https:\/\/compuviper.mx\/tienda\/?s={search_term_string}"},"query-input":"required name=search_term_string"}],"inLanguage":"es-MX"},{"@type":"Organization","@id":"https:\/\/compuviper.mx\/tienda\/#organization","name":"Compuviper","url":"https:\/\/compuviper.mx\/tienda\/","logo":{"@type":"ImageObject","inLanguage":"es-MX","@id":"https:\/\/compuviper.mx\/tienda\/#\/schema\/logo\/image\/","url":"https:\/\/compuviper.mx\/tienda\/wp-content\/uploads\/2021\/08\/Logo-Compuviper-10.png","contentUrl":"https:\/\/compuviper.mx\/tienda\/wp-content\/uploads\/2021\/08\/Logo-Compuviper-10.png","width":1000,"height":500,"caption":"Compuviper"},"image":{"@id":"https:\/\/compuviper.mx\/tienda\/#\/schema\/logo\/image\/"},"sameAs":["https:\/\/www.facebook.com\/compuviper","https:\/\/www.youtube.com\/channel\/UCf73dERp9Y3cfOq7q8BhLjA?view_as=subscriber"]}]},"product_brand":"SANDISK","product_price_amount":"4491","product_price_currency":"MXN","og_availability":"instock","product_availability":"instock","product_retailer_item_id":"WDS100T1R0A,WDS100T1R0A-68A4W0","product_condition":"new"},"_links":{"self":[{"href":"https:\/\/compuviper.mx\/tienda\/wp-json\/wp\/v2\/product\/269423"}],"collection":[{"href":"https:\/\/compuviper.mx\/tienda\/wp-json\/wp\/v2\/product"}],"about":[{"href":"https:\/\/compuviper.mx\/tienda\/wp-json\/wp\/v2\/types\/product"}],"replies":[{"embeddable":true,"href":"https:\/\/compuviper.mx\/tienda\/wp-json\/wp\/v2\/comments?post=269423"}],"wp:featuredmedia":[{"embeddable":true,"href":"https:\/\/compuviper.mx\/tienda\/wp-json\/wp\/v2\/media\/269424"}],"wp:attachment":[{"href":"https:\/\/compuviper.mx\/tienda\/wp-json\/wp\/v2\/media?parent=269423"}],"wp:term":[{"taxonomy":"product_cat","embeddable":true,"href":"https:\/\/compuviper.mx\/tienda\/wp-json\/wp\/v2\/product_cat?post=269423"},{"taxonomy":"product_tag","embeddable":true,"href":"https:\/\/compuviper.mx\/tienda\/wp-json\/wp\/v2\/product_tag?post=269423"}],"curies":[{"name":"wp","href":"https:\/\/api.w.org\/{rel}","templated":true}]}}