{"id":269338,"date":"2026-05-06T01:28:03","date_gmt":"2026-05-06T07:28:03","guid":{"rendered":"https:\/\/compuviper.mx\/tienda\/producto\/asus-p500sv-c716g512-p1-desktop-expertcenter-p500sv-core-7-240h-windows-pro-11-16gb-ram-512gb-m-2-pcie-g4-ssd-1-ao-de-garanta-oss\/"},"modified":"2026-05-06T01:28:04","modified_gmt":"2026-05-06T07:28:04","slug":"asus-p500sv-c716g512-p1-desktop-expertcenter-p500sv-core-7-240h-windows-pro-11-16gb-ram-512gb-m-2-pcie-g4-ssd-1-ao-de-garanta-oss","status":"publish","type":"product","link":"https:\/\/compuviper.mx\/tienda\/producto\/asus-p500sv-c716g512-p1-desktop-expertcenter-p500sv-core-7-240h-windows-pro-11-16gb-ram-512gb-m-2-pcie-g4-ssd-1-ao-de-garanta-oss\/","title":{"rendered":"Asus P500sv-c716g512-p1 Desktop  Expertcenter P500sv, Core 7 240h, Windows Pro 11, 16gb Ram, 512gb M.2 Pcie G4 Ssd, 1 A?o De Garant?a Oss."},"content":{"rendered":"<table class=\"descripcion\">\n<tr>\n<td>Equipo de escritorio en formato small form factor 8.6l, diseado para entornos empresariales que requieren rendimiento, conectividad y capacidad de expansin.<\/td>\n<\/tr>\n<tr>\n<td>Procesador: intel\u00ae core\u0099 7 240h 10 ncleos, 16 hilos, 2.5 ghz base, hasta 5.2 ghz, 24mb cach<\/td>\n<\/tr>\n<tr>\n<td>Sistema operativo: windows 11 pro<\/td>\n<\/tr>\n<tr>\n<td>Memoria ram: 16gb ddr5 so-dimm a 5600 mhz expandible hasta 64gb<\/td>\n<\/tr>\n<tr>\n<td>Almacenamiento: 512gb ssd m.2 nvme pcie 4.0<\/td>\n<\/tr>\n<tr>\n<td>Gr\u00e1ficos: intel\u00ae graphics integrados<\/td>\n<\/tr>\n<tr>\n<td>Conectividad:<\/td>\n<\/tr>\n<tr>\n<td>Lan gigabit ethernet intel wgi219v<\/td>\n<\/tr>\n<tr>\n<td>Wi-fi 6 802.11ax  bluetooth 5.4<\/td>\n<\/tr>\n<tr>\n<td>Audio:<\/td>\n<\/tr>\n<tr>\n<td>High definition 7.1 canales<\/td>\n<\/tr>\n<tr>\n<td>Fuente de poder:<\/td>\n<\/tr>\n<tr>\n<td>180w 80 bronze, pico 228w<\/td>\n<\/tr>\n<tr>\n<td>Puertos traseros:<\/td>\n<\/tr>\n<tr>\n<td>1x rj45<\/td>\n<\/tr>\n<tr>\n<td>1x hdmi 1.4<\/td>\n<\/tr>\n<tr>\n<td>1x displayport 1.4<\/td>\n<\/tr>\n<tr>\n<td>4x usb 2.0<\/td>\n<\/tr>\n<tr>\n<td>Audio 7.1 micrfono, line-in, line-out<\/td>\n<\/tr>\n<tr>\n<td>1x kensington lock<\/td>\n<\/tr>\n<tr>\n<td>Puertos frontales:<\/td>\n<\/tr>\n<tr>\n<td>1x usb-c 3.2 gen 1<\/td>\n<\/tr>\n<tr>\n<td>2x usb-a 3.2 gen 1<\/td>\n<\/tr>\n<tr>\n<td>1x jack combo 3.5 mm<\/td>\n<\/tr>\n<tr>\n<td>Expansin:<\/td>\n<\/tr>\n<tr>\n<td>1x pcie 4.0 x16 operando a x8<\/td>\n<\/tr>\n<tr>\n<td>2x m.2 2280 para almacenamiento<\/td>\n<\/tr>\n<tr>\n<td>1x m.2 para wifi<\/td>\n<\/tr>\n<tr>\n<td>2x slots ddr5 so-dimm<\/td>\n<\/tr>\n<tr>\n<td>1 baha 3.5\u0094<\/td>\n<\/tr>\n<tr>\n<td>2 puertos sata 6gb\/s<\/td>\n<\/tr>\n<tr>\n<td>Seguridad:<\/td>\n<\/tr>\n<tr>\n<td>Tpm 2.0 discreto<\/td>\n<\/tr>\n<tr>\n<td>Proteccin por contrasea hdd<\/td>\n<\/tr>\n<tr>\n<td>Ranura kensington<\/td>\n<\/tr>\n<tr>\n<td>Dimensiones y peso:<\/td>\n<\/tr>\n<tr>\n<td>9.30 x 29.60 x 30.90 cm<\/td>\n<\/tr>\n<tr>\n<td>5.06 kg<\/td>\n<\/tr>\n<tr>\n<td>Extras:<\/td>\n<\/tr>\n<tr>\n<td>Teclado y mouse usb incluidos<\/td>\n<\/tr>\n<tr>\n<td>Myasus diagnstico, perfiles de ventilador, appdeals<\/td>\n<\/tr>\n<tr>\n<td>1 mes de microsoft 365 trial<\/td>\n<\/tr>\n<tr>\n<td>1 mes adobe creative cloud<\/td>\n<\/tr>\n<tr>\n<td>Antivirus mcafee\u00ae 1 ao<\/td>\n<\/tr>\n<tr>\n<td>Garanta 1 ao onsite expandible<\/td>\n<\/tr>\n<\/table>\n","protected":false},"excerpt":{"rendered":"<p>Potencia, eficiencia y expansin en un diseo compacto. Este equipo de escritorio est\u00e1 pensado para empresas que necesitan alto rendimiento en espacios reducidos, sin sacrificar conectividad ni capacidad de crecimiento. Impulsado por un procesador intel core 7 de ltima generacin y memoria ddr5 de alta velocidad, ofrece un desempeo \u00e1gil para multitarea, aplicaciones de productividad y entornos profesionales demandantes. Su almacenamiento ssd nvme garantiza arranques r\u00e1pidos y tiempos de respuesta inmediatos. Gracias a su formato compacto small form factor, se adapta f\u00e1cilmente a cualquier espacio de trabajo, mientras mantiene amplias opciones de expansin para crecer junto con las necesidades del negocio. Integra conectividad moderna con wi-fi 6, mltiples puertos y soporte para doble monitor mediante hdmi y displayport. Adem\u00e1s, incorpora funciones de seguridad empresarial como tpm 2.0 y proteccin de datos, junto con herramientas como myasus para facilitar la administracin del sistema. Incluye teclado y mouse, software de productividad y opciones de garanta extendida, convirtindolo en una solucin completa, confiable y lista para trabajar desde el primer momento.<\/p>\n","protected":false},"featured_media":0,"comment_status":"open","ping_status":"open","template":"","meta":[],"product_cat":[1971,1972],"product_tag":[1729],"acf":[],"yoast_head":"<!-- This site is optimized with the Yoast SEO plugin v21.7 - https:\/\/yoast.com\/wordpress\/plugins\/seo\/ -->\n<title>[ Asus ] &#129351; P500sv-c716g512-p1 Desktop Expertcenter P500sv, Core 7 240h, Windows Pro 11, 16gb Ram, 512gb M.2 Pcie G4 Ssd, 1 A\u00f1o De Garant\u00eda Oss.<\/title>\n<meta name=\"description\" content=\"Compra P500sv-c716g512-p1 Desktop Expertcenter P500sv, Core 7 240h, Windows Pro 11, 16gb Ram, 512gb M.2 Pcie G4 Ssd, 1 A\u00f1o De Garant\u00eda Oss. + Env\u00edo a domicilio + Pago seguro + Garant\u00eda\" \/>\n<meta name=\"robots\" content=\"index, follow, max-snippet:-1, max-image-preview:large, max-video-preview:-1\" \/>\n<link rel=\"canonical\" href=\"https:\/\/compuviper.mx\/tienda\/producto\/asus-p500sv-c716g512-p1-desktop-expertcenter-p500sv-core-7-240h-windows-pro-11-16gb-ram-512gb-m-2-pcie-g4-ssd-1-ao-de-garanta-oss\/\" \/>\n<meta property=\"og:locale\" content=\"es_MX\" \/>\n<meta property=\"og:type\" content=\"article\" \/>\n<meta property=\"og:title\" content=\"[ Asus ] &#129351; P500sv-c716g512-p1 Desktop Expertcenter P500sv, Core 7 240h, Windows Pro 11, 16gb Ram, 512gb M.2 Pcie G4 Ssd, 1 A\u00f1o De Garant\u00eda Oss.\" \/>\n<meta property=\"og:description\" content=\"Compra P500sv-c716g512-p1 Desktop Expertcenter P500sv, Core 7 240h, Windows Pro 11, 16gb Ram, 512gb M.2 Pcie G4 Ssd, 1 A\u00f1o De Garant\u00eda Oss. + Env\u00edo a domicilio + Pago seguro + Garant\u00eda\" \/>\n<meta property=\"og:url\" content=\"https:\/\/compuviper.mx\/tienda\/producto\/asus-p500sv-c716g512-p1-desktop-expertcenter-p500sv-core-7-240h-windows-pro-11-16gb-ram-512gb-m-2-pcie-g4-ssd-1-ao-de-garanta-oss\/\" \/>\n<meta property=\"og:site_name\" content=\"Compuviper\" \/>\n<meta property=\"article:publisher\" content=\"https:\/\/www.facebook.com\/compuviper\" \/>\n<meta property=\"article:modified_time\" content=\"2026-05-06T07:28:04+00:00\" \/>\n<meta name=\"twitter:card\" content=\"summary_large_image\" \/>\n<meta name=\"twitter:label1\" content=\"Precio\" \/>\n\t<meta name=\"twitter:data1\" content=\"&#36;16,602 con IVA\" \/>\n\t<meta name=\"twitter:label2\" content=\"Availability\" \/>\n\t<meta name=\"twitter:data2\" content=\"Out of stock\" \/>\n<script type=\"application\/ld+json\" class=\"yoast-schema-graph\">{\"@context\":\"https:\/\/schema.org\",\"@graph\":[{\"@type\":\"WebPage\",\"@id\":\"https:\/\/compuviper.mx\/tienda\/producto\/asus-p500sv-c716g512-p1-desktop-expertcenter-p500sv-core-7-240h-windows-pro-11-16gb-ram-512gb-m-2-pcie-g4-ssd-1-ao-de-garanta-oss\/\",\"url\":\"https:\/\/compuviper.mx\/tienda\/producto\/asus-p500sv-c716g512-p1-desktop-expertcenter-p500sv-core-7-240h-windows-pro-11-16gb-ram-512gb-m-2-pcie-g4-ssd-1-ao-de-garanta-oss\/\",\"name\":\"[ Asus ] &#129351; P500sv-c716g512-p1 Desktop Expertcenter P500sv, Core 7 240h, Windows Pro 11, 16gb Ram, 512gb M.2 Pcie G4 Ssd, 1 A\u00f1o De Garant\u00eda Oss.\",\"isPartOf\":{\"@id\":\"https:\/\/compuviper.mx\/tienda\/#website\"},\"datePublished\":\"2026-05-06T07:28:03+00:00\",\"dateModified\":\"2026-05-06T07:28:04+00:00\",\"description\":\"Compra P500sv-c716g512-p1 Desktop Expertcenter P500sv, Core 7 240h, Windows Pro 11, 16gb Ram, 512gb M.2 Pcie G4 Ssd, 1 A\u00f1o De Garant\u00eda Oss. + Env\u00edo a domicilio + Pago seguro + Garant\u00eda\",\"breadcrumb\":{\"@id\":\"https:\/\/compuviper.mx\/tienda\/producto\/asus-p500sv-c716g512-p1-desktop-expertcenter-p500sv-core-7-240h-windows-pro-11-16gb-ram-512gb-m-2-pcie-g4-ssd-1-ao-de-garanta-oss\/#breadcrumb\"},\"inLanguage\":\"es-MX\",\"potentialAction\":[{\"@type\":\"ReadAction\",\"target\":[\"https:\/\/compuviper.mx\/tienda\/producto\/asus-p500sv-c716g512-p1-desktop-expertcenter-p500sv-core-7-240h-windows-pro-11-16gb-ram-512gb-m-2-pcie-g4-ssd-1-ao-de-garanta-oss\/\"]}]},{\"@type\":\"BreadcrumbList\",\"@id\":\"https:\/\/compuviper.mx\/tienda\/producto\/asus-p500sv-c716g512-p1-desktop-expertcenter-p500sv-core-7-240h-windows-pro-11-16gb-ram-512gb-m-2-pcie-g4-ssd-1-ao-de-garanta-oss\/#breadcrumb\",\"itemListElement\":[{\"@type\":\"ListItem\",\"position\":1,\"name\":\"Inicio\",\"item\":\"https:\/\/compuviper.mx\/tienda\/\"},{\"@type\":\"ListItem\",\"position\":2,\"name\":\"Productos\",\"item\":\"https:\/\/compuviper.mx\/tienda\/productos\/\"},{\"@type\":\"ListItem\",\"position\":3,\"name\":\"Computadoras\",\"item\":\"https:\/\/compuviper.mx\/tienda\/categoria-producto\/computadoras\/\"},{\"@type\":\"ListItem\",\"position\":4,\"name\":\"Desktop\",\"item\":\"https:\/\/compuviper.mx\/tienda\/categoria-producto\/computadoras\/desktop-computadoras\/\"},{\"@type\":\"ListItem\",\"position\":5,\"name\":\"Asus P500sv-c716g512-p1 Desktop Expertcenter P500sv, Core 7 240h, Windows Pro 11, 16gb Ram, 512gb M.2 Pcie G4 Ssd, 1 A?o De Garant?a Oss.\"}]},{\"@type\":\"WebSite\",\"@id\":\"https:\/\/compuviper.mx\/tienda\/#website\",\"url\":\"https:\/\/compuviper.mx\/tienda\/\",\"name\":\"Compuviper\",\"description\":\"Proveedor de Computadoras, Laptops, Servidores, Monitores, Puntos de Venta, Teclados,   Impresoras, T\u00f3ner, C\u00e1maras de Seguridad y m\u00e1s en tu tienda en l\u00ednea\",\"publisher\":{\"@id\":\"https:\/\/compuviper.mx\/tienda\/#organization\"},\"potentialAction\":[{\"@type\":\"SearchAction\",\"target\":{\"@type\":\"EntryPoint\",\"urlTemplate\":\"https:\/\/compuviper.mx\/tienda\/?s={search_term_string}\"},\"query-input\":\"required name=search_term_string\"}],\"inLanguage\":\"es-MX\"},{\"@type\":\"Organization\",\"@id\":\"https:\/\/compuviper.mx\/tienda\/#organization\",\"name\":\"Compuviper\",\"url\":\"https:\/\/compuviper.mx\/tienda\/\",\"logo\":{\"@type\":\"ImageObject\",\"inLanguage\":\"es-MX\",\"@id\":\"https:\/\/compuviper.mx\/tienda\/#\/schema\/logo\/image\/\",\"url\":\"https:\/\/compuviper.mx\/tienda\/wp-content\/uploads\/2021\/08\/Logo-Compuviper-10.png\",\"contentUrl\":\"https:\/\/compuviper.mx\/tienda\/wp-content\/uploads\/2021\/08\/Logo-Compuviper-10.png\",\"width\":1000,\"height\":500,\"caption\":\"Compuviper\"},\"image\":{\"@id\":\"https:\/\/compuviper.mx\/tienda\/#\/schema\/logo\/image\/\"},\"sameAs\":[\"https:\/\/www.facebook.com\/compuviper\",\"https:\/\/www.youtube.com\/channel\/UCf73dERp9Y3cfOq7q8BhLjA?view_as=subscriber\"]}]}<\/script>\n<meta property=\"product:brand\" content=\"ASUS\" \/>\n<meta property=\"product:price:amount\" content=\"16602\" \/>\n<meta property=\"product:price:currency\" content=\"MXN\" \/>\n<meta property=\"og:availability\" content=\"out of stock\" \/>\n<meta property=\"product:availability\" content=\"out of stock\" \/>\n<meta property=\"product:retailer_item_id\" content=\"P500SV-C716G512-P1\" \/>\n<meta property=\"product:condition\" content=\"new\" \/>\n<!-- \/ Yoast SEO plugin. -->","yoast_head_json":{"title":"[ Asus ] &#129351; P500sv-c716g512-p1 Desktop Expertcenter P500sv, Core 7 240h, Windows Pro 11, 16gb Ram, 512gb M.2 Pcie G4 Ssd, 1 A\u00f1o De Garant\u00eda Oss.","description":"Compra P500sv-c716g512-p1 Desktop Expertcenter P500sv, Core 7 240h, Windows Pro 11, 16gb Ram, 512gb M.2 Pcie G4 Ssd, 1 A\u00f1o De Garant\u00eda Oss. + Env\u00edo a domicilio + Pago seguro + Garant\u00eda","robots":{"index":"index","follow":"follow","max-snippet":"max-snippet:-1","max-image-preview":"max-image-preview:large","max-video-preview":"max-video-preview:-1"},"canonical":"https:\/\/compuviper.mx\/tienda\/producto\/asus-p500sv-c716g512-p1-desktop-expertcenter-p500sv-core-7-240h-windows-pro-11-16gb-ram-512gb-m-2-pcie-g4-ssd-1-ao-de-garanta-oss\/","og_locale":"es_MX","og_type":"article","og_title":"[ Asus ] &#129351; P500sv-c716g512-p1 Desktop Expertcenter P500sv, Core 7 240h, Windows Pro 11, 16gb Ram, 512gb M.2 Pcie G4 Ssd, 1 A\u00f1o De Garant\u00eda Oss.","og_description":"Compra P500sv-c716g512-p1 Desktop Expertcenter P500sv, Core 7 240h, Windows Pro 11, 16gb Ram, 512gb M.2 Pcie G4 Ssd, 1 A\u00f1o De Garant\u00eda Oss. + Env\u00edo a domicilio + Pago seguro + Garant\u00eda","og_url":"https:\/\/compuviper.mx\/tienda\/producto\/asus-p500sv-c716g512-p1-desktop-expertcenter-p500sv-core-7-240h-windows-pro-11-16gb-ram-512gb-m-2-pcie-g4-ssd-1-ao-de-garanta-oss\/","og_site_name":"Compuviper","article_publisher":"https:\/\/www.facebook.com\/compuviper","article_modified_time":"2026-05-06T07:28:04+00:00","twitter_card":"summary_large_image","twitter_misc":{"Precio":"&#36;16,602 con IVA","Availability":"Out of stock"},"schema":{"@context":"https:\/\/schema.org","@graph":[{"@type":"WebPage","@id":"https:\/\/compuviper.mx\/tienda\/producto\/asus-p500sv-c716g512-p1-desktop-expertcenter-p500sv-core-7-240h-windows-pro-11-16gb-ram-512gb-m-2-pcie-g4-ssd-1-ao-de-garanta-oss\/","url":"https:\/\/compuviper.mx\/tienda\/producto\/asus-p500sv-c716g512-p1-desktop-expertcenter-p500sv-core-7-240h-windows-pro-11-16gb-ram-512gb-m-2-pcie-g4-ssd-1-ao-de-garanta-oss\/","name":"[ Asus ] &#129351; P500sv-c716g512-p1 Desktop Expertcenter P500sv, Core 7 240h, Windows Pro 11, 16gb Ram, 512gb M.2 Pcie G4 Ssd, 1 A\u00f1o De Garant\u00eda Oss.","isPartOf":{"@id":"https:\/\/compuviper.mx\/tienda\/#website"},"datePublished":"2026-05-06T07:28:03+00:00","dateModified":"2026-05-06T07:28:04+00:00","description":"Compra P500sv-c716g512-p1 Desktop Expertcenter P500sv, Core 7 240h, Windows Pro 11, 16gb Ram, 512gb M.2 Pcie G4 Ssd, 1 A\u00f1o De Garant\u00eda Oss. + Env\u00edo a domicilio + Pago seguro + Garant\u00eda","breadcrumb":{"@id":"https:\/\/compuviper.mx\/tienda\/producto\/asus-p500sv-c716g512-p1-desktop-expertcenter-p500sv-core-7-240h-windows-pro-11-16gb-ram-512gb-m-2-pcie-g4-ssd-1-ao-de-garanta-oss\/#breadcrumb"},"inLanguage":"es-MX","potentialAction":[{"@type":"ReadAction","target":["https:\/\/compuviper.mx\/tienda\/producto\/asus-p500sv-c716g512-p1-desktop-expertcenter-p500sv-core-7-240h-windows-pro-11-16gb-ram-512gb-m-2-pcie-g4-ssd-1-ao-de-garanta-oss\/"]}]},{"@type":"BreadcrumbList","@id":"https:\/\/compuviper.mx\/tienda\/producto\/asus-p500sv-c716g512-p1-desktop-expertcenter-p500sv-core-7-240h-windows-pro-11-16gb-ram-512gb-m-2-pcie-g4-ssd-1-ao-de-garanta-oss\/#breadcrumb","itemListElement":[{"@type":"ListItem","position":1,"name":"Inicio","item":"https:\/\/compuviper.mx\/tienda\/"},{"@type":"ListItem","position":2,"name":"Productos","item":"https:\/\/compuviper.mx\/tienda\/productos\/"},{"@type":"ListItem","position":3,"name":"Computadoras","item":"https:\/\/compuviper.mx\/tienda\/categoria-producto\/computadoras\/"},{"@type":"ListItem","position":4,"name":"Desktop","item":"https:\/\/compuviper.mx\/tienda\/categoria-producto\/computadoras\/desktop-computadoras\/"},{"@type":"ListItem","position":5,"name":"Asus P500sv-c716g512-p1 Desktop Expertcenter P500sv, Core 7 240h, Windows Pro 11, 16gb Ram, 512gb M.2 Pcie G4 Ssd, 1 A?o De Garant?a Oss."}]},{"@type":"WebSite","@id":"https:\/\/compuviper.mx\/tienda\/#website","url":"https:\/\/compuviper.mx\/tienda\/","name":"Compuviper","description":"Proveedor de Computadoras, Laptops, Servidores, Monitores, Puntos de Venta, Teclados,   Impresoras, T\u00f3ner, C\u00e1maras de Seguridad y m\u00e1s en tu tienda en l\u00ednea","publisher":{"@id":"https:\/\/compuviper.mx\/tienda\/#organization"},"potentialAction":[{"@type":"SearchAction","target":{"@type":"EntryPoint","urlTemplate":"https:\/\/compuviper.mx\/tienda\/?s={search_term_string}"},"query-input":"required name=search_term_string"}],"inLanguage":"es-MX"},{"@type":"Organization","@id":"https:\/\/compuviper.mx\/tienda\/#organization","name":"Compuviper","url":"https:\/\/compuviper.mx\/tienda\/","logo":{"@type":"ImageObject","inLanguage":"es-MX","@id":"https:\/\/compuviper.mx\/tienda\/#\/schema\/logo\/image\/","url":"https:\/\/compuviper.mx\/tienda\/wp-content\/uploads\/2021\/08\/Logo-Compuviper-10.png","contentUrl":"https:\/\/compuviper.mx\/tienda\/wp-content\/uploads\/2021\/08\/Logo-Compuviper-10.png","width":1000,"height":500,"caption":"Compuviper"},"image":{"@id":"https:\/\/compuviper.mx\/tienda\/#\/schema\/logo\/image\/"},"sameAs":["https:\/\/www.facebook.com\/compuviper","https:\/\/www.youtube.com\/channel\/UCf73dERp9Y3cfOq7q8BhLjA?view_as=subscriber"]}]},"product_brand":"ASUS","product_price_amount":"16602","product_price_currency":"MXN","og_availability":"out of stock","product_availability":"out of stock","product_retailer_item_id":"P500SV-C716G512-P1","product_condition":"new"},"_links":{"self":[{"href":"https:\/\/compuviper.mx\/tienda\/wp-json\/wp\/v2\/product\/269338"}],"collection":[{"href":"https:\/\/compuviper.mx\/tienda\/wp-json\/wp\/v2\/product"}],"about":[{"href":"https:\/\/compuviper.mx\/tienda\/wp-json\/wp\/v2\/types\/product"}],"replies":[{"embeddable":true,"href":"https:\/\/compuviper.mx\/tienda\/wp-json\/wp\/v2\/comments?post=269338"}],"wp:attachment":[{"href":"https:\/\/compuviper.mx\/tienda\/wp-json\/wp\/v2\/media?parent=269338"}],"wp:term":[{"taxonomy":"product_cat","embeddable":true,"href":"https:\/\/compuviper.mx\/tienda\/wp-json\/wp\/v2\/product_cat?post=269338"},{"taxonomy":"product_tag","embeddable":true,"href":"https:\/\/compuviper.mx\/tienda\/wp-json\/wp\/v2\/product_tag?post=269338"}],"curies":[{"name":"wp","href":"https:\/\/api.w.org\/{rel}","templated":true}]}}