{"id":269308,"date":"2026-05-08T02:23:46","date_gmt":"2026-05-08T08:23:46","guid":{"rendered":"https:\/\/compuviper.mx\/tienda\/producto\/xfx-rx-96tsw8gwq-tarjeta-de-video-swift-rx-9060-xt-dual-fan-white-8gb-gddr6-pcie-5-0-128-bit-gama-alta\/"},"modified":"2026-05-08T02:23:47","modified_gmt":"2026-05-08T08:23:47","slug":"xfx-rx-96tsw8gwq-tarjeta-de-video-swift-rx-9060-xt-dual-fan-white-8gb-gddr6-pcie-5-0-128-bit-gama-alta","status":"publish","type":"product","link":"https:\/\/compuviper.mx\/tienda\/producto\/xfx-rx-96tsw8gwq-tarjeta-de-video-swift-rx-9060-xt-dual-fan-white-8gb-gddr6-pcie-5-0-128-bit-gama-alta\/","title":{"rendered":"Xfx Rx-96tsw8gwq Tarjeta De Video  Swift Rx 9060 Xt Dual Fan \/ White\/8gb\/ Gddr6\/ Pcie 5.0\/128 Bit\/gama Alta"},"content":{"rendered":"<table class=\"descripcion\">\n<tr>\n<td>Tipo de bus: pci-e 5.0<\/td>\n<\/tr>\n<tr>\n<td>Tgp 182 w<\/td>\n<\/tr>\n<tr>\n<td>Reloj base: hasta 1900 mhz<\/td>\n<\/tr>\n<tr>\n<td>Reloj de juego: hasta 2780 mhz<\/td>\n<\/tr>\n<tr>\n<td>Reloj boost: hasta 3320 mhz<\/td>\n<\/tr>\n<tr>\n<td>Procesadores de flujo: 2048<\/td>\n<\/tr>\n<tr>\n<td>Unidades de c\u00f3mputo: 32<\/td>\n<\/tr>\n<tr>\n<td>Bus de memoria: 128 bits<\/td>\n<\/tr>\n<tr>\n<td>Reloj de memoria: 20 gbps<\/td>\n<\/tr>\n<tr>\n<td>Tama\u00f1o de memoria: 8 gb<\/td>\n<\/tr>\n<tr>\n<td>Tipo de memoria: gddr6<\/td>\n<\/tr>\n<tr>\n<td>Perfil de la tarjeta: doble ranura<\/td>\n<\/tr>\n<tr>\n<td>Soluci\u00f3n t\u00e9rmica: 2 ventiladores<\/td>\n<\/tr>\n<tr>\n<td>*reloj de juego es el reloj de la gpu esperado al ejecutar aplicaciones de juego t\u00edpicas, configurado con la tgp (potencia gr\u00e1fica total) t\u00edpica. los resultados reales del reloj de cada juego pueden variar<\/td>\n<\/tr>\n<\/table>\n","protected":false},"excerpt":{"rendered":"<p>Estilo que impacta. Rendimiento que domina. La xfx 9070 xt white dual fan edition combina potencia de alto nivel con un dise\u00f1o elegante en blanco mate, ideal para quienes buscan tanto rendimiento extremo como una est\u00e9tica impecable en su setup. Equipada con 24 gb de memoria gddr7 y una arquitectura de \u00faltima generaci\u00f3n, esta tarjeta ofrece un desempe\u00f1o excepcional en juegos 4k, aplicaciones creativas y entornos de alto rendimiento. Su sistema de refrigeraci\u00f3n de doble ventilador con tecnolog\u00eda xfx ghost thermal 2.0 asegura temperaturas \u00f3ptimas y operaci\u00f3n silenciosa, incluso bajo carga m\u00e1xima.<\/p>\n","protected":false},"featured_media":269309,"comment_status":"open","ping_status":"open","template":"","meta":[],"product_cat":[1841,1842],"product_tag":[2232],"acf":[],"yoast_head":"<!-- This site is optimized with the Yoast SEO plugin v21.7 - https:\/\/yoast.com\/wordpress\/plugins\/seo\/ -->\n<title>[ Xfx ] &#129351; Rx-96tsw8gwq Tarjeta De Video Swift Rx 9060 Xt Dual Fan \/ White\/8gb\/ Gddr6\/ Pcie 5.0\/128 Bit\/gama Alta<\/title>\n<meta name=\"description\" content=\"Compra Rx-96tsw8gwq Tarjeta De Video Swift Rx 9060 Xt Dual Fan \/ White\/8gb\/ Gddr6\/ Pcie 5.0\/128 Bit\/gama Alta + Env\u00edo a domicilio + Pago seguro + Garant\u00eda\" \/>\n<meta name=\"robots\" content=\"index, follow, max-snippet:-1, max-image-preview:large, max-video-preview:-1\" \/>\n<link rel=\"canonical\" href=\"https:\/\/compuviper.mx\/tienda\/producto\/xfx-rx-96tsw8gwq-tarjeta-de-video-swift-rx-9060-xt-dual-fan-white-8gb-gddr6-pcie-5-0-128-bit-gama-alta\/\" \/>\n<meta property=\"og:locale\" content=\"es_MX\" \/>\n<meta property=\"og:type\" content=\"article\" \/>\n<meta property=\"og:title\" content=\"[ Xfx ] &#129351; Rx-96tsw8gwq Tarjeta De Video Swift Rx 9060 Xt Dual Fan \/ White\/8gb\/ Gddr6\/ Pcie 5.0\/128 Bit\/gama Alta\" \/>\n<meta property=\"og:description\" content=\"Compra Rx-96tsw8gwq Tarjeta De Video Swift Rx 9060 Xt Dual Fan \/ White\/8gb\/ Gddr6\/ Pcie 5.0\/128 Bit\/gama Alta + Env\u00edo a domicilio + Pago seguro + Garant\u00eda\" \/>\n<meta property=\"og:url\" content=\"https:\/\/compuviper.mx\/tienda\/producto\/xfx-rx-96tsw8gwq-tarjeta-de-video-swift-rx-9060-xt-dual-fan-white-8gb-gddr6-pcie-5-0-128-bit-gama-alta\/\" \/>\n<meta property=\"og:site_name\" content=\"Compuviper\" \/>\n<meta property=\"article:publisher\" content=\"https:\/\/www.facebook.com\/compuviper\" \/>\n<meta property=\"article:modified_time\" content=\"2026-05-08T08:23:47+00:00\" \/>\n<meta property=\"og:image\" content=\"https:\/\/compuviper.mx\/tienda\/wp-content\/uploads\/2026\/05\/Tarjeta-de-video-xfx-swift-rx-9060-xt-dual-fan-white8gb-gddr6-pcie-5.0128-bitgama-alta.jpg\" \/>\n\t<meta property=\"og:image:width\" content=\"200\" \/>\n\t<meta property=\"og:image:height\" content=\"200\" \/>\n\t<meta property=\"og:image:type\" content=\"image\/jpeg\" \/>\n<meta name=\"twitter:card\" content=\"summary_large_image\" \/>\n<meta name=\"twitter:label1\" content=\"Precio\" \/>\n\t<meta name=\"twitter:data1\" content=\"&#36;5,976 con IVA\" \/>\n\t<meta name=\"twitter:label2\" content=\"Availability\" \/>\n\t<meta name=\"twitter:data2\" content=\"In stock\" \/>\n<script type=\"application\/ld+json\" class=\"yoast-schema-graph\">{\"@context\":\"https:\/\/schema.org\",\"@graph\":[{\"@type\":\"WebPage\",\"@id\":\"https:\/\/compuviper.mx\/tienda\/producto\/xfx-rx-96tsw8gwq-tarjeta-de-video-swift-rx-9060-xt-dual-fan-white-8gb-gddr6-pcie-5-0-128-bit-gama-alta\/\",\"url\":\"https:\/\/compuviper.mx\/tienda\/producto\/xfx-rx-96tsw8gwq-tarjeta-de-video-swift-rx-9060-xt-dual-fan-white-8gb-gddr6-pcie-5-0-128-bit-gama-alta\/\",\"name\":\"[ Xfx ] &#129351; Rx-96tsw8gwq Tarjeta De Video Swift Rx 9060 Xt Dual Fan \/ White\/8gb\/ Gddr6\/ Pcie 5.0\/128 Bit\/gama Alta\",\"isPartOf\":{\"@id\":\"https:\/\/compuviper.mx\/tienda\/#website\"},\"datePublished\":\"2026-05-08T08:23:46+00:00\",\"dateModified\":\"2026-05-08T08:23:47+00:00\",\"description\":\"Compra Rx-96tsw8gwq Tarjeta De Video Swift Rx 9060 Xt Dual Fan \/ White\/8gb\/ Gddr6\/ Pcie 5.0\/128 Bit\/gama Alta + Env\u00edo a domicilio + Pago seguro + Garant\u00eda\",\"breadcrumb\":{\"@id\":\"https:\/\/compuviper.mx\/tienda\/producto\/xfx-rx-96tsw8gwq-tarjeta-de-video-swift-rx-9060-xt-dual-fan-white-8gb-gddr6-pcie-5-0-128-bit-gama-alta\/#breadcrumb\"},\"inLanguage\":\"es-MX\",\"potentialAction\":[{\"@type\":\"ReadAction\",\"target\":[\"https:\/\/compuviper.mx\/tienda\/producto\/xfx-rx-96tsw8gwq-tarjeta-de-video-swift-rx-9060-xt-dual-fan-white-8gb-gddr6-pcie-5-0-128-bit-gama-alta\/\"]}]},{\"@type\":\"BreadcrumbList\",\"@id\":\"https:\/\/compuviper.mx\/tienda\/producto\/xfx-rx-96tsw8gwq-tarjeta-de-video-swift-rx-9060-xt-dual-fan-white-8gb-gddr6-pcie-5-0-128-bit-gama-alta\/#breadcrumb\",\"itemListElement\":[{\"@type\":\"ListItem\",\"position\":1,\"name\":\"Inicio\",\"item\":\"https:\/\/compuviper.mx\/tienda\/\"},{\"@type\":\"ListItem\",\"position\":2,\"name\":\"Productos\",\"item\":\"https:\/\/compuviper.mx\/tienda\/productos\/\"},{\"@type\":\"ListItem\",\"position\":3,\"name\":\"Video\",\"item\":\"https:\/\/compuviper.mx\/tienda\/categoria-producto\/video\/\"},{\"@type\":\"ListItem\",\"position\":4,\"name\":\"Video\",\"item\":\"https:\/\/compuviper.mx\/tienda\/categoria-producto\/video\/video-video\/\"},{\"@type\":\"ListItem\",\"position\":5,\"name\":\"Xfx Rx-96tsw8gwq Tarjeta De Video Swift Rx 9060 Xt Dual Fan \/ White\/8gb\/ Gddr6\/ Pcie 5.0\/128 Bit\/gama Alta\"}]},{\"@type\":\"WebSite\",\"@id\":\"https:\/\/compuviper.mx\/tienda\/#website\",\"url\":\"https:\/\/compuviper.mx\/tienda\/\",\"name\":\"Compuviper\",\"description\":\"Proveedor de Computadoras, Laptops, Servidores, Monitores, Puntos de Venta, Teclados,   Impresoras, T\u00f3ner, C\u00e1maras de Seguridad y m\u00e1s en tu tienda en l\u00ednea\",\"publisher\":{\"@id\":\"https:\/\/compuviper.mx\/tienda\/#organization\"},\"potentialAction\":[{\"@type\":\"SearchAction\",\"target\":{\"@type\":\"EntryPoint\",\"urlTemplate\":\"https:\/\/compuviper.mx\/tienda\/?s={search_term_string}\"},\"query-input\":\"required name=search_term_string\"}],\"inLanguage\":\"es-MX\"},{\"@type\":\"Organization\",\"@id\":\"https:\/\/compuviper.mx\/tienda\/#organization\",\"name\":\"Compuviper\",\"url\":\"https:\/\/compuviper.mx\/tienda\/\",\"logo\":{\"@type\":\"ImageObject\",\"inLanguage\":\"es-MX\",\"@id\":\"https:\/\/compuviper.mx\/tienda\/#\/schema\/logo\/image\/\",\"url\":\"https:\/\/compuviper.mx\/tienda\/wp-content\/uploads\/2021\/08\/Logo-Compuviper-10.png\",\"contentUrl\":\"https:\/\/compuviper.mx\/tienda\/wp-content\/uploads\/2021\/08\/Logo-Compuviper-10.png\",\"width\":1000,\"height\":500,\"caption\":\"Compuviper\"},\"image\":{\"@id\":\"https:\/\/compuviper.mx\/tienda\/#\/schema\/logo\/image\/\"},\"sameAs\":[\"https:\/\/www.facebook.com\/compuviper\",\"https:\/\/www.youtube.com\/channel\/UCf73dERp9Y3cfOq7q8BhLjA?view_as=subscriber\"]}]}<\/script>\n<meta property=\"product:brand\" content=\"Xfx\" \/>\n<meta property=\"product:price:amount\" content=\"5976\" \/>\n<meta property=\"product:price:currency\" content=\"MXN\" \/>\n<meta property=\"og:availability\" content=\"instock\" \/>\n<meta property=\"product:availability\" content=\"instock\" \/>\n<meta property=\"product:retailer_item_id\" content=\"RX-96TSW8GWQ\" \/>\n<meta property=\"product:condition\" content=\"new\" \/>\n<!-- \/ Yoast SEO plugin. -->","yoast_head_json":{"title":"[ Xfx ] &#129351; Rx-96tsw8gwq Tarjeta De Video Swift Rx 9060 Xt Dual Fan \/ White\/8gb\/ Gddr6\/ Pcie 5.0\/128 Bit\/gama Alta","description":"Compra Rx-96tsw8gwq Tarjeta De Video Swift Rx 9060 Xt Dual Fan \/ White\/8gb\/ Gddr6\/ Pcie 5.0\/128 Bit\/gama Alta + Env\u00edo a domicilio + Pago seguro + Garant\u00eda","robots":{"index":"index","follow":"follow","max-snippet":"max-snippet:-1","max-image-preview":"max-image-preview:large","max-video-preview":"max-video-preview:-1"},"canonical":"https:\/\/compuviper.mx\/tienda\/producto\/xfx-rx-96tsw8gwq-tarjeta-de-video-swift-rx-9060-xt-dual-fan-white-8gb-gddr6-pcie-5-0-128-bit-gama-alta\/","og_locale":"es_MX","og_type":"article","og_title":"[ Xfx ] &#129351; Rx-96tsw8gwq Tarjeta De Video Swift Rx 9060 Xt Dual Fan \/ White\/8gb\/ Gddr6\/ Pcie 5.0\/128 Bit\/gama Alta","og_description":"Compra Rx-96tsw8gwq Tarjeta De Video Swift Rx 9060 Xt Dual Fan \/ White\/8gb\/ Gddr6\/ Pcie 5.0\/128 Bit\/gama Alta + Env\u00edo a domicilio + Pago seguro + Garant\u00eda","og_url":"https:\/\/compuviper.mx\/tienda\/producto\/xfx-rx-96tsw8gwq-tarjeta-de-video-swift-rx-9060-xt-dual-fan-white-8gb-gddr6-pcie-5-0-128-bit-gama-alta\/","og_site_name":"Compuviper","article_publisher":"https:\/\/www.facebook.com\/compuviper","article_modified_time":"2026-05-08T08:23:47+00:00","og_image":[{"width":200,"height":200,"url":"https:\/\/compuviper.mx\/tienda\/wp-content\/uploads\/2026\/05\/Tarjeta-de-video-xfx-swift-rx-9060-xt-dual-fan-white8gb-gddr6-pcie-5.0128-bitgama-alta.jpg","type":"image\/jpeg"}],"twitter_card":"summary_large_image","twitter_misc":{"Precio":"&#36;5,976 con IVA","Availability":"In stock"},"schema":{"@context":"https:\/\/schema.org","@graph":[{"@type":"WebPage","@id":"https:\/\/compuviper.mx\/tienda\/producto\/xfx-rx-96tsw8gwq-tarjeta-de-video-swift-rx-9060-xt-dual-fan-white-8gb-gddr6-pcie-5-0-128-bit-gama-alta\/","url":"https:\/\/compuviper.mx\/tienda\/producto\/xfx-rx-96tsw8gwq-tarjeta-de-video-swift-rx-9060-xt-dual-fan-white-8gb-gddr6-pcie-5-0-128-bit-gama-alta\/","name":"[ Xfx ] &#129351; Rx-96tsw8gwq Tarjeta De Video Swift Rx 9060 Xt Dual Fan \/ White\/8gb\/ Gddr6\/ Pcie 5.0\/128 Bit\/gama Alta","isPartOf":{"@id":"https:\/\/compuviper.mx\/tienda\/#website"},"datePublished":"2026-05-08T08:23:46+00:00","dateModified":"2026-05-08T08:23:47+00:00","description":"Compra Rx-96tsw8gwq Tarjeta De Video Swift Rx 9060 Xt Dual Fan \/ White\/8gb\/ Gddr6\/ Pcie 5.0\/128 Bit\/gama Alta + Env\u00edo a domicilio + Pago seguro + Garant\u00eda","breadcrumb":{"@id":"https:\/\/compuviper.mx\/tienda\/producto\/xfx-rx-96tsw8gwq-tarjeta-de-video-swift-rx-9060-xt-dual-fan-white-8gb-gddr6-pcie-5-0-128-bit-gama-alta\/#breadcrumb"},"inLanguage":"es-MX","potentialAction":[{"@type":"ReadAction","target":["https:\/\/compuviper.mx\/tienda\/producto\/xfx-rx-96tsw8gwq-tarjeta-de-video-swift-rx-9060-xt-dual-fan-white-8gb-gddr6-pcie-5-0-128-bit-gama-alta\/"]}]},{"@type":"BreadcrumbList","@id":"https:\/\/compuviper.mx\/tienda\/producto\/xfx-rx-96tsw8gwq-tarjeta-de-video-swift-rx-9060-xt-dual-fan-white-8gb-gddr6-pcie-5-0-128-bit-gama-alta\/#breadcrumb","itemListElement":[{"@type":"ListItem","position":1,"name":"Inicio","item":"https:\/\/compuviper.mx\/tienda\/"},{"@type":"ListItem","position":2,"name":"Productos","item":"https:\/\/compuviper.mx\/tienda\/productos\/"},{"@type":"ListItem","position":3,"name":"Video","item":"https:\/\/compuviper.mx\/tienda\/categoria-producto\/video\/"},{"@type":"ListItem","position":4,"name":"Video","item":"https:\/\/compuviper.mx\/tienda\/categoria-producto\/video\/video-video\/"},{"@type":"ListItem","position":5,"name":"Xfx Rx-96tsw8gwq Tarjeta De Video Swift Rx 9060 Xt Dual Fan \/ White\/8gb\/ Gddr6\/ Pcie 5.0\/128 Bit\/gama Alta"}]},{"@type":"WebSite","@id":"https:\/\/compuviper.mx\/tienda\/#website","url":"https:\/\/compuviper.mx\/tienda\/","name":"Compuviper","description":"Proveedor de Computadoras, Laptops, Servidores, Monitores, Puntos de Venta, Teclados,   Impresoras, T\u00f3ner, C\u00e1maras de Seguridad y m\u00e1s en tu tienda en l\u00ednea","publisher":{"@id":"https:\/\/compuviper.mx\/tienda\/#organization"},"potentialAction":[{"@type":"SearchAction","target":{"@type":"EntryPoint","urlTemplate":"https:\/\/compuviper.mx\/tienda\/?s={search_term_string}"},"query-input":"required name=search_term_string"}],"inLanguage":"es-MX"},{"@type":"Organization","@id":"https:\/\/compuviper.mx\/tienda\/#organization","name":"Compuviper","url":"https:\/\/compuviper.mx\/tienda\/","logo":{"@type":"ImageObject","inLanguage":"es-MX","@id":"https:\/\/compuviper.mx\/tienda\/#\/schema\/logo\/image\/","url":"https:\/\/compuviper.mx\/tienda\/wp-content\/uploads\/2021\/08\/Logo-Compuviper-10.png","contentUrl":"https:\/\/compuviper.mx\/tienda\/wp-content\/uploads\/2021\/08\/Logo-Compuviper-10.png","width":1000,"height":500,"caption":"Compuviper"},"image":{"@id":"https:\/\/compuviper.mx\/tienda\/#\/schema\/logo\/image\/"},"sameAs":["https:\/\/www.facebook.com\/compuviper","https:\/\/www.youtube.com\/channel\/UCf73dERp9Y3cfOq7q8BhLjA?view_as=subscriber"]}]},"product_brand":"Xfx","product_price_amount":"5976","product_price_currency":"MXN","og_availability":"instock","product_availability":"instock","product_retailer_item_id":"RX-96TSW8GWQ","product_condition":"new"},"_links":{"self":[{"href":"https:\/\/compuviper.mx\/tienda\/wp-json\/wp\/v2\/product\/269308"}],"collection":[{"href":"https:\/\/compuviper.mx\/tienda\/wp-json\/wp\/v2\/product"}],"about":[{"href":"https:\/\/compuviper.mx\/tienda\/wp-json\/wp\/v2\/types\/product"}],"replies":[{"embeddable":true,"href":"https:\/\/compuviper.mx\/tienda\/wp-json\/wp\/v2\/comments?post=269308"}],"wp:featuredmedia":[{"embeddable":true,"href":"https:\/\/compuviper.mx\/tienda\/wp-json\/wp\/v2\/media\/269309"}],"wp:attachment":[{"href":"https:\/\/compuviper.mx\/tienda\/wp-json\/wp\/v2\/media?parent=269308"}],"wp:term":[{"taxonomy":"product_cat","embeddable":true,"href":"https:\/\/compuviper.mx\/tienda\/wp-json\/wp\/v2\/product_cat?post=269308"},{"taxonomy":"product_tag","embeddable":true,"href":"https:\/\/compuviper.mx\/tienda\/wp-json\/wp\/v2\/product_tag?post=269308"}],"curies":[{"name":"wp","href":"https:\/\/api.w.org\/{rel}","templated":true}]}}