{"id":269291,"date":"2026-05-07T00:18:52","date_gmt":"2026-05-07T06:18:52","guid":{"rendered":"https:\/\/compuviper.mx\/tienda\/producto\/bob-esponja-bobe1-tostador-de-750w-de-acero-inoxidable\/"},"modified":"2026-05-07T00:18:53","modified_gmt":"2026-05-07T06:18:53","slug":"bob-esponja-bobe1-tostador-de-750w-de-acero-inoxidable","status":"publish","type":"product","link":"https:\/\/compuviper.mx\/tienda\/producto\/bob-esponja-bobe1-tostador-de-750w-de-acero-inoxidable\/","title":{"rendered":"Bob Esponja Bobe1 Tostador De  \/ 750w \/ De Acero Inoxidable"},"content":{"rendered":"<table class=\"descripcion\">\n<tr>\n<td>Voltaje: 110v<\/td>\n<\/tr>\n<tr>\n<td>Potencia: 750w<\/td>\n<\/tr>\n<tr>\n<td>Amperaje: 6.8a<\/td>\n<\/tr>\n<tr>\n<td>Capacidad: 2 rebanadas, ranura corta compatible con pan de 100 x 100 mm<\/td>\n<\/tr>\n<tr>\n<td>Cuerpo del tostador: metlico<\/td>\n<\/tr>\n<tr>\n<td>Botones de plstico, perilla cromada y manija pintada<\/td>\n<\/tr>\n<tr>\n<td>Funciones: recalentar, cancelar y descongelar<\/td>\n<\/tr>\n<tr>\n<td>Control de tostado con 7 niveles de ajuste<\/td>\n<\/tr>\n<tr>\n<td>Compartimento para almacenamiento del cable<\/td>\n<\/tr>\n<tr>\n<td>Bandeja recogemigas removible<\/td>\n<\/tr>\n<\/table>\n","protected":false},"excerpt":{"rendered":"<p>Voltaje: 110v Potencia: 750w Amperaje: 6.8a Capacidad: 2 rebanadas, ranura corta compatible con pan de 100 x 100 mm Cuerpo del tostador: metlico Botones de plstico, perilla cromada y manija pintada Funciones: recalentar, cancelar y descongelar Control de tostado con 7 niveles de ajuste Compartimento para almacenamiento del cable Bandeja recogemigas removible<\/p>\n","protected":false},"featured_media":0,"comment_status":"open","ping_status":"open","template":"","meta":[],"product_cat":[2257,2277],"product_tag":[2327],"acf":[],"yoast_head":"<!-- This site is optimized with the Yoast SEO plugin v21.7 - https:\/\/yoast.com\/wordpress\/plugins\/seo\/ -->\n<title>[ Bob Esponja ] &#129351; Bobe1 Tostador De \/ 750w \/ De Acero Inoxidable<\/title>\n<meta name=\"description\" content=\"Compra Bobe1 Tostador De \/ 750w \/ De Acero Inoxidable + Env\u00edo a domicilio + Pago seguro + Garant\u00eda\" \/>\n<meta name=\"robots\" content=\"index, follow, max-snippet:-1, max-image-preview:large, max-video-preview:-1\" \/>\n<link rel=\"canonical\" href=\"https:\/\/compuviper.mx\/tienda\/producto\/bob-esponja-bobe1-tostador-de-750w-de-acero-inoxidable\/\" \/>\n<meta property=\"og:locale\" content=\"es_MX\" \/>\n<meta property=\"og:type\" content=\"article\" \/>\n<meta property=\"og:title\" content=\"[ Bob Esponja ] &#129351; Bobe1 Tostador De \/ 750w \/ De Acero Inoxidable\" \/>\n<meta property=\"og:description\" content=\"Compra Bobe1 Tostador De \/ 750w \/ De Acero Inoxidable + Env\u00edo a domicilio + Pago seguro + Garant\u00eda\" \/>\n<meta property=\"og:url\" content=\"https:\/\/compuviper.mx\/tienda\/producto\/bob-esponja-bobe1-tostador-de-750w-de-acero-inoxidable\/\" \/>\n<meta property=\"og:site_name\" content=\"Compuviper\" \/>\n<meta property=\"article:publisher\" content=\"https:\/\/www.facebook.com\/compuviper\" \/>\n<meta property=\"article:modified_time\" content=\"2026-05-07T06:18:53+00:00\" \/>\n<meta name=\"twitter:card\" content=\"summary_large_image\" \/>\n<meta name=\"twitter:label1\" content=\"Precio\" \/>\n\t<meta name=\"twitter:data1\" content=\"&#36;471 con IVA\" \/>\n\t<meta name=\"twitter:label2\" content=\"Availability\" \/>\n\t<meta name=\"twitter:data2\" content=\"In stock\" \/>\n<script type=\"application\/ld+json\" class=\"yoast-schema-graph\">{\"@context\":\"https:\/\/schema.org\",\"@graph\":[{\"@type\":\"WebPage\",\"@id\":\"https:\/\/compuviper.mx\/tienda\/producto\/bob-esponja-bobe1-tostador-de-750w-de-acero-inoxidable\/\",\"url\":\"https:\/\/compuviper.mx\/tienda\/producto\/bob-esponja-bobe1-tostador-de-750w-de-acero-inoxidable\/\",\"name\":\"[ Bob Esponja ] &#129351; Bobe1 Tostador De \/ 750w \/ De Acero Inoxidable\",\"isPartOf\":{\"@id\":\"https:\/\/compuviper.mx\/tienda\/#website\"},\"datePublished\":\"2026-05-07T06:18:52+00:00\",\"dateModified\":\"2026-05-07T06:18:53+00:00\",\"description\":\"Compra Bobe1 Tostador De \/ 750w \/ De Acero Inoxidable + Env\u00edo a domicilio + Pago seguro + Garant\u00eda\",\"breadcrumb\":{\"@id\":\"https:\/\/compuviper.mx\/tienda\/producto\/bob-esponja-bobe1-tostador-de-750w-de-acero-inoxidable\/#breadcrumb\"},\"inLanguage\":\"es-MX\",\"potentialAction\":[{\"@type\":\"ReadAction\",\"target\":[\"https:\/\/compuviper.mx\/tienda\/producto\/bob-esponja-bobe1-tostador-de-750w-de-acero-inoxidable\/\"]}]},{\"@type\":\"BreadcrumbList\",\"@id\":\"https:\/\/compuviper.mx\/tienda\/producto\/bob-esponja-bobe1-tostador-de-750w-de-acero-inoxidable\/#breadcrumb\",\"itemListElement\":[{\"@type\":\"ListItem\",\"position\":1,\"name\":\"Inicio\",\"item\":\"https:\/\/compuviper.mx\/tienda\/\"},{\"@type\":\"ListItem\",\"position\":2,\"name\":\"Productos\",\"item\":\"https:\/\/compuviper.mx\/tienda\/productos\/\"},{\"@type\":\"ListItem\",\"position\":3,\"name\":\"Electrodom?sticos\",\"item\":\"https:\/\/compuviper.mx\/tienda\/categoria-producto\/electrodomsticos\/\"},{\"@type\":\"ListItem\",\"position\":4,\"name\":\"Preparaci?n De Alimentos\",\"item\":\"https:\/\/compuviper.mx\/tienda\/categoria-producto\/electrodomsticos\/preparacin-de-alimentos\/\"},{\"@type\":\"ListItem\",\"position\":5,\"name\":\"Bob Esponja Bobe1 Tostador De \/ 750w \/ De Acero Inoxidable\"}]},{\"@type\":\"WebSite\",\"@id\":\"https:\/\/compuviper.mx\/tienda\/#website\",\"url\":\"https:\/\/compuviper.mx\/tienda\/\",\"name\":\"Compuviper\",\"description\":\"Proveedor de Computadoras, Laptops, Servidores, Monitores, Puntos de Venta, Teclados,   Impresoras, T\u00f3ner, C\u00e1maras de Seguridad y m\u00e1s en tu tienda en l\u00ednea\",\"publisher\":{\"@id\":\"https:\/\/compuviper.mx\/tienda\/#organization\"},\"potentialAction\":[{\"@type\":\"SearchAction\",\"target\":{\"@type\":\"EntryPoint\",\"urlTemplate\":\"https:\/\/compuviper.mx\/tienda\/?s={search_term_string}\"},\"query-input\":\"required name=search_term_string\"}],\"inLanguage\":\"es-MX\"},{\"@type\":\"Organization\",\"@id\":\"https:\/\/compuviper.mx\/tienda\/#organization\",\"name\":\"Compuviper\",\"url\":\"https:\/\/compuviper.mx\/tienda\/\",\"logo\":{\"@type\":\"ImageObject\",\"inLanguage\":\"es-MX\",\"@id\":\"https:\/\/compuviper.mx\/tienda\/#\/schema\/logo\/image\/\",\"url\":\"https:\/\/compuviper.mx\/tienda\/wp-content\/uploads\/2021\/08\/Logo-Compuviper-10.png\",\"contentUrl\":\"https:\/\/compuviper.mx\/tienda\/wp-content\/uploads\/2021\/08\/Logo-Compuviper-10.png\",\"width\":1000,\"height\":500,\"caption\":\"Compuviper\"},\"image\":{\"@id\":\"https:\/\/compuviper.mx\/tienda\/#\/schema\/logo\/image\/\"},\"sameAs\":[\"https:\/\/www.facebook.com\/compuviper\",\"https:\/\/www.youtube.com\/channel\/UCf73dERp9Y3cfOq7q8BhLjA?view_as=subscriber\"]}]}<\/script>\n<meta property=\"product:brand\" content=\"Bob Esponja\" \/>\n<meta property=\"product:price:amount\" content=\"471\" \/>\n<meta property=\"product:price:currency\" content=\"MXN\" \/>\n<meta property=\"og:availability\" content=\"instock\" \/>\n<meta property=\"product:availability\" content=\"instock\" \/>\n<meta property=\"product:retailer_item_id\" content=\"BOBE1\" \/>\n<meta property=\"product:condition\" content=\"new\" \/>\n<!-- \/ Yoast SEO plugin. -->","yoast_head_json":{"title":"[ Bob Esponja ] &#129351; Bobe1 Tostador De \/ 750w \/ De Acero Inoxidable","description":"Compra Bobe1 Tostador De \/ 750w \/ De Acero Inoxidable + Env\u00edo a domicilio + Pago seguro + Garant\u00eda","robots":{"index":"index","follow":"follow","max-snippet":"max-snippet:-1","max-image-preview":"max-image-preview:large","max-video-preview":"max-video-preview:-1"},"canonical":"https:\/\/compuviper.mx\/tienda\/producto\/bob-esponja-bobe1-tostador-de-750w-de-acero-inoxidable\/","og_locale":"es_MX","og_type":"article","og_title":"[ Bob Esponja ] &#129351; Bobe1 Tostador De \/ 750w \/ De Acero Inoxidable","og_description":"Compra Bobe1 Tostador De \/ 750w \/ De Acero Inoxidable + Env\u00edo a domicilio + Pago seguro + Garant\u00eda","og_url":"https:\/\/compuviper.mx\/tienda\/producto\/bob-esponja-bobe1-tostador-de-750w-de-acero-inoxidable\/","og_site_name":"Compuviper","article_publisher":"https:\/\/www.facebook.com\/compuviper","article_modified_time":"2026-05-07T06:18:53+00:00","twitter_card":"summary_large_image","twitter_misc":{"Precio":"&#36;471 con IVA","Availability":"In stock"},"schema":{"@context":"https:\/\/schema.org","@graph":[{"@type":"WebPage","@id":"https:\/\/compuviper.mx\/tienda\/producto\/bob-esponja-bobe1-tostador-de-750w-de-acero-inoxidable\/","url":"https:\/\/compuviper.mx\/tienda\/producto\/bob-esponja-bobe1-tostador-de-750w-de-acero-inoxidable\/","name":"[ Bob Esponja ] &#129351; Bobe1 Tostador De \/ 750w \/ De Acero Inoxidable","isPartOf":{"@id":"https:\/\/compuviper.mx\/tienda\/#website"},"datePublished":"2026-05-07T06:18:52+00:00","dateModified":"2026-05-07T06:18:53+00:00","description":"Compra Bobe1 Tostador De \/ 750w \/ De Acero Inoxidable + Env\u00edo a domicilio + Pago seguro + Garant\u00eda","breadcrumb":{"@id":"https:\/\/compuviper.mx\/tienda\/producto\/bob-esponja-bobe1-tostador-de-750w-de-acero-inoxidable\/#breadcrumb"},"inLanguage":"es-MX","potentialAction":[{"@type":"ReadAction","target":["https:\/\/compuviper.mx\/tienda\/producto\/bob-esponja-bobe1-tostador-de-750w-de-acero-inoxidable\/"]}]},{"@type":"BreadcrumbList","@id":"https:\/\/compuviper.mx\/tienda\/producto\/bob-esponja-bobe1-tostador-de-750w-de-acero-inoxidable\/#breadcrumb","itemListElement":[{"@type":"ListItem","position":1,"name":"Inicio","item":"https:\/\/compuviper.mx\/tienda\/"},{"@type":"ListItem","position":2,"name":"Productos","item":"https:\/\/compuviper.mx\/tienda\/productos\/"},{"@type":"ListItem","position":3,"name":"Electrodom?sticos","item":"https:\/\/compuviper.mx\/tienda\/categoria-producto\/electrodomsticos\/"},{"@type":"ListItem","position":4,"name":"Preparaci?n De Alimentos","item":"https:\/\/compuviper.mx\/tienda\/categoria-producto\/electrodomsticos\/preparacin-de-alimentos\/"},{"@type":"ListItem","position":5,"name":"Bob Esponja Bobe1 Tostador De \/ 750w \/ De Acero Inoxidable"}]},{"@type":"WebSite","@id":"https:\/\/compuviper.mx\/tienda\/#website","url":"https:\/\/compuviper.mx\/tienda\/","name":"Compuviper","description":"Proveedor de Computadoras, Laptops, Servidores, Monitores, Puntos de Venta, Teclados,   Impresoras, T\u00f3ner, C\u00e1maras de Seguridad y m\u00e1s en tu tienda en l\u00ednea","publisher":{"@id":"https:\/\/compuviper.mx\/tienda\/#organization"},"potentialAction":[{"@type":"SearchAction","target":{"@type":"EntryPoint","urlTemplate":"https:\/\/compuviper.mx\/tienda\/?s={search_term_string}"},"query-input":"required name=search_term_string"}],"inLanguage":"es-MX"},{"@type":"Organization","@id":"https:\/\/compuviper.mx\/tienda\/#organization","name":"Compuviper","url":"https:\/\/compuviper.mx\/tienda\/","logo":{"@type":"ImageObject","inLanguage":"es-MX","@id":"https:\/\/compuviper.mx\/tienda\/#\/schema\/logo\/image\/","url":"https:\/\/compuviper.mx\/tienda\/wp-content\/uploads\/2021\/08\/Logo-Compuviper-10.png","contentUrl":"https:\/\/compuviper.mx\/tienda\/wp-content\/uploads\/2021\/08\/Logo-Compuviper-10.png","width":1000,"height":500,"caption":"Compuviper"},"image":{"@id":"https:\/\/compuviper.mx\/tienda\/#\/schema\/logo\/image\/"},"sameAs":["https:\/\/www.facebook.com\/compuviper","https:\/\/www.youtube.com\/channel\/UCf73dERp9Y3cfOq7q8BhLjA?view_as=subscriber"]}]},"product_brand":"Bob Esponja","product_price_amount":"471","product_price_currency":"MXN","og_availability":"instock","product_availability":"instock","product_retailer_item_id":"BOBE1","product_condition":"new"},"_links":{"self":[{"href":"https:\/\/compuviper.mx\/tienda\/wp-json\/wp\/v2\/product\/269291"}],"collection":[{"href":"https:\/\/compuviper.mx\/tienda\/wp-json\/wp\/v2\/product"}],"about":[{"href":"https:\/\/compuviper.mx\/tienda\/wp-json\/wp\/v2\/types\/product"}],"replies":[{"embeddable":true,"href":"https:\/\/compuviper.mx\/tienda\/wp-json\/wp\/v2\/comments?post=269291"}],"wp:attachment":[{"href":"https:\/\/compuviper.mx\/tienda\/wp-json\/wp\/v2\/media?parent=269291"}],"wp:term":[{"taxonomy":"product_cat","embeddable":true,"href":"https:\/\/compuviper.mx\/tienda\/wp-json\/wp\/v2\/product_cat?post=269291"},{"taxonomy":"product_tag","embeddable":true,"href":"https:\/\/compuviper.mx\/tienda\/wp-json\/wp\/v2\/product_tag?post=269291"}],"curies":[{"name":"wp","href":"https:\/\/api.w.org\/{rel}","templated":true}]}}