{"id":269242,"date":"2026-05-06T01:11:37","date_gmt":"2026-05-06T07:11:37","guid":{"rendered":"https:\/\/compuviper.mx\/tienda\/producto\/ghia-lb14jh-notebook-libero-14-plug-hd-intel-celeron-n4500-ram-8gb-ssd-128gb-camara-frontal-1-0-mpx-wifi-bt-hdmi-win-11-home-color-gris\/"},"modified":"2026-05-06T01:11:37","modified_gmt":"2026-05-06T07:11:37","slug":"ghia-lb14jh-notebook-libero-14-plug-hd-intel-celeron-n4500-ram-8gb-ssd-128gb-camara-frontal-1-0-mpx-wifi-bt-hdmi-win-11-home-color-gris","status":"publish","type":"product","link":"https:\/\/compuviper.mx\/tienda\/producto\/ghia-lb14jh-notebook-libero-14-plug-hd-intel-celeron-n4500-ram-8gb-ssd-128gb-camara-frontal-1-0-mpx-wifi-bt-hdmi-win-11-home-color-gris\/","title":{"rendered":"Ghia Lb14jh Notebook  Libero 14 Plug Hd Intel Celeron N4500 Ram 8gb Ssd 128gb Camara Frontal 1.0 Mpx Wifi-bt Hdmi Win 11 Home Color Gris"},"content":{"rendered":"<table class=\"descripcion\">\n<tr>\n<td>Procesador intel celeron n4500<\/td>\n<\/tr>\n<tr>\n<td>2 nucleos, 4 mb de cache, 2.80 ghz<\/td>\n<\/tr>\n<tr>\n<td>Memoria: 8 gb lpddr4 (no permite ampliacion)<\/td>\n<\/tr>\n<tr>\n<td>Almacenamiento primario: emmc 128 gb (no permite ampliacion)<\/td>\n<\/tr>\n<tr>\n<td>Lector de tarjetas micro sd<\/td>\n<\/tr>\n<tr>\n<td>Pantalla led de 14 pulgadas<\/td>\n<\/tr>\n<tr>\n<td>Resolucion hd 1 366 x 768 pixeles<\/td>\n<\/tr>\n<tr>\n<td>Salidas de video: x1 hdmi<\/td>\n<\/tr>\n<tr>\n<td>Camara frontal 1 mp<\/td>\n<\/tr>\n<tr>\n<td>Audio: hd<\/td>\n<\/tr>\n<tr>\n<td>E\/s: puerto de audio 3.5mm unificado salida, mic<\/td>\n<\/tr>\n<tr>\n<td>Altavoces estereo incorporados<\/td>\n<\/tr>\n<tr>\n<td>Red inalambrica 802.11 a\/b\/g\/n\/ac dual band 2.4 y 5.0 ghz<\/td>\n<\/tr>\n<tr>\n<td>Bluetooth 5.0<\/td>\n<\/tr>\n<tr>\n<td>Usb y conectores adicionales:<\/td>\n<\/tr>\n<tr>\n<td>Usb 3.2 x 2<\/td>\n<\/tr>\n<tr>\n<td>Usc c x1 (solo datos)<\/td>\n<\/tr>\n<tr>\n<td>Orificio kensington<\/td>\n<\/tr>\n<tr>\n<td>Teclado en espa\u00f1ol con 78 teclas<\/td>\n<\/tr>\n<tr>\n<td>Touch pad<\/td>\n<\/tr>\n<tr>\n<td>Bateria 7.6v cc 5 000 mah<\/td>\n<\/tr>\n<tr>\n<td>Peso: 1.35 kg<\/td>\n<\/tr>\n<tr>\n<td>Dimensiones: 322.6 mm x 210.2 mm x 19.3 mm<\/td>\n<\/tr>\n<tr>\n<td>Sistema operativo: windows 11 home<\/td>\n<\/tr>\n<\/table>\n","protected":false},"excerpt":{"rendered":"<p>Con la nueva portatil libero obtienes versatilidad y rendimiento con un excelente precio. Su procesador intel celeron y su configuracion de memoria ram de 8gb, almacenamiento de estado solido de 128 gb te dan la velocidad que necesitas sin pagar de mas. Tendras imagenes y videos vibrantes y de calidad gracias a su pantalla  hd. Un equipo sumamente delgado, pero sin sacrificar la conectividad que necesitas como hdmi, wifi y bluetooth. Equipada para las necesidades del hogar y oficina.<\/p>\n","protected":false},"featured_media":0,"comment_status":"open","ping_status":"open","template":"","meta":[],"product_cat":[1886,1887],"product_tag":[1548],"acf":[],"yoast_head":"<!-- This site is optimized with the Yoast SEO plugin v21.7 - https:\/\/yoast.com\/wordpress\/plugins\/seo\/ -->\n<title>[ Ghia ] &#129351; Lb14jh Notebook Libero 14 Plug Hd Intel Celeron N4500 Ram 8gb Ssd 128gb Camara Frontal 1.0 Mpx Wifi-bt Hdmi Win 11 Home Color Gris<\/title>\n<meta name=\"description\" content=\"Compra Lb14jh Notebook Libero 14 Plug Hd Intel Celeron N4500 Ram 8gb Ssd 128gb Camara Frontal 1.0 Mpx Wifi-bt Hdmi Win 11 Home Color Gris + Env\u00edo a domicilio + Pago seguro + Garant\u00eda\" \/>\n<meta name=\"robots\" content=\"index, follow, max-snippet:-1, max-image-preview:large, max-video-preview:-1\" \/>\n<link rel=\"canonical\" href=\"https:\/\/compuviper.mx\/tienda\/producto\/ghia-lb14jh-notebook-libero-14-plug-hd-intel-celeron-n4500-ram-8gb-ssd-128gb-camara-frontal-1-0-mpx-wifi-bt-hdmi-win-11-home-color-gris\/\" \/>\n<meta property=\"og:locale\" content=\"es_MX\" \/>\n<meta property=\"og:type\" content=\"article\" \/>\n<meta property=\"og:title\" content=\"[ Ghia ] &#129351; Lb14jh Notebook Libero 14 Plug Hd Intel Celeron N4500 Ram 8gb Ssd 128gb Camara Frontal 1.0 Mpx Wifi-bt Hdmi Win 11 Home Color Gris\" \/>\n<meta property=\"og:description\" content=\"Compra Lb14jh Notebook Libero 14 Plug Hd Intel Celeron N4500 Ram 8gb Ssd 128gb Camara Frontal 1.0 Mpx Wifi-bt Hdmi Win 11 Home Color Gris + Env\u00edo a domicilio + Pago seguro + Garant\u00eda\" \/>\n<meta property=\"og:url\" content=\"https:\/\/compuviper.mx\/tienda\/producto\/ghia-lb14jh-notebook-libero-14-plug-hd-intel-celeron-n4500-ram-8gb-ssd-128gb-camara-frontal-1-0-mpx-wifi-bt-hdmi-win-11-home-color-gris\/\" \/>\n<meta property=\"og:site_name\" content=\"Compuviper\" \/>\n<meta property=\"article:publisher\" content=\"https:\/\/www.facebook.com\/compuviper\" \/>\n<meta name=\"twitter:card\" content=\"summary_large_image\" \/>\n<meta name=\"twitter:label1\" content=\"Precio\" \/>\n\t<meta name=\"twitter:data1\" content=\"&#36;3,968 &#36;3,807 con IVA\" \/>\n\t<meta name=\"twitter:label2\" content=\"Availability\" \/>\n\t<meta name=\"twitter:data2\" content=\"In stock\" \/>\n<script type=\"application\/ld+json\" class=\"yoast-schema-graph\">{\"@context\":\"https:\/\/schema.org\",\"@graph\":[{\"@type\":\"WebPage\",\"@id\":\"https:\/\/compuviper.mx\/tienda\/producto\/ghia-lb14jh-notebook-libero-14-plug-hd-intel-celeron-n4500-ram-8gb-ssd-128gb-camara-frontal-1-0-mpx-wifi-bt-hdmi-win-11-home-color-gris\/\",\"url\":\"https:\/\/compuviper.mx\/tienda\/producto\/ghia-lb14jh-notebook-libero-14-plug-hd-intel-celeron-n4500-ram-8gb-ssd-128gb-camara-frontal-1-0-mpx-wifi-bt-hdmi-win-11-home-color-gris\/\",\"name\":\"[ Ghia ] &#129351; Lb14jh Notebook Libero 14 Plug Hd Intel Celeron N4500 Ram 8gb Ssd 128gb Camara Frontal 1.0 Mpx Wifi-bt Hdmi Win 11 Home Color Gris\",\"isPartOf\":{\"@id\":\"https:\/\/compuviper.mx\/tienda\/#website\"},\"datePublished\":\"2026-05-06T07:11:37+00:00\",\"dateModified\":\"2026-05-06T07:11:37+00:00\",\"description\":\"Compra Lb14jh Notebook Libero 14 Plug Hd Intel Celeron N4500 Ram 8gb Ssd 128gb Camara Frontal 1.0 Mpx Wifi-bt Hdmi Win 11 Home Color Gris + Env\u00edo a domicilio + Pago seguro + Garant\u00eda\",\"breadcrumb\":{\"@id\":\"https:\/\/compuviper.mx\/tienda\/producto\/ghia-lb14jh-notebook-libero-14-plug-hd-intel-celeron-n4500-ram-8gb-ssd-128gb-camara-frontal-1-0-mpx-wifi-bt-hdmi-win-11-home-color-gris\/#breadcrumb\"},\"inLanguage\":\"es-MX\",\"potentialAction\":[{\"@type\":\"ReadAction\",\"target\":[\"https:\/\/compuviper.mx\/tienda\/producto\/ghia-lb14jh-notebook-libero-14-plug-hd-intel-celeron-n4500-ram-8gb-ssd-128gb-camara-frontal-1-0-mpx-wifi-bt-hdmi-win-11-home-color-gris\/\"]}]},{\"@type\":\"BreadcrumbList\",\"@id\":\"https:\/\/compuviper.mx\/tienda\/producto\/ghia-lb14jh-notebook-libero-14-plug-hd-intel-celeron-n4500-ram-8gb-ssd-128gb-camara-frontal-1-0-mpx-wifi-bt-hdmi-win-11-home-color-gris\/#breadcrumb\",\"itemListElement\":[{\"@type\":\"ListItem\",\"position\":1,\"name\":\"Inicio\",\"item\":\"https:\/\/compuviper.mx\/tienda\/\"},{\"@type\":\"ListItem\",\"position\":2,\"name\":\"Productos\",\"item\":\"https:\/\/compuviper.mx\/tienda\/productos\/\"},{\"@type\":\"ListItem\",\"position\":3,\"name\":\"Laptops\",\"item\":\"https:\/\/compuviper.mx\/tienda\/categoria-producto\/laptops\/\"},{\"@type\":\"ListItem\",\"position\":4,\"name\":\"Notebook\",\"item\":\"https:\/\/compuviper.mx\/tienda\/categoria-producto\/laptops\/notebook-laptops\/\"},{\"@type\":\"ListItem\",\"position\":5,\"name\":\"Ghia Lb14jh Notebook Libero 14 Plug Hd Intel Celeron N4500 Ram 8gb Ssd 128gb Camara Frontal 1.0 Mpx Wifi-bt Hdmi Win 11 Home Color Gris\"}]},{\"@type\":\"WebSite\",\"@id\":\"https:\/\/compuviper.mx\/tienda\/#website\",\"url\":\"https:\/\/compuviper.mx\/tienda\/\",\"name\":\"Compuviper\",\"description\":\"Proveedor de Computadoras, Laptops, Servidores, Monitores, Puntos de Venta, Teclados,   Impresoras, T\u00f3ner, C\u00e1maras de Seguridad y m\u00e1s en tu tienda en l\u00ednea\",\"publisher\":{\"@id\":\"https:\/\/compuviper.mx\/tienda\/#organization\"},\"potentialAction\":[{\"@type\":\"SearchAction\",\"target\":{\"@type\":\"EntryPoint\",\"urlTemplate\":\"https:\/\/compuviper.mx\/tienda\/?s={search_term_string}\"},\"query-input\":\"required name=search_term_string\"}],\"inLanguage\":\"es-MX\"},{\"@type\":\"Organization\",\"@id\":\"https:\/\/compuviper.mx\/tienda\/#organization\",\"name\":\"Compuviper\",\"url\":\"https:\/\/compuviper.mx\/tienda\/\",\"logo\":{\"@type\":\"ImageObject\",\"inLanguage\":\"es-MX\",\"@id\":\"https:\/\/compuviper.mx\/tienda\/#\/schema\/logo\/image\/\",\"url\":\"https:\/\/compuviper.mx\/tienda\/wp-content\/uploads\/2021\/08\/Logo-Compuviper-10.png\",\"contentUrl\":\"https:\/\/compuviper.mx\/tienda\/wp-content\/uploads\/2021\/08\/Logo-Compuviper-10.png\",\"width\":1000,\"height\":500,\"caption\":\"Compuviper\"},\"image\":{\"@id\":\"https:\/\/compuviper.mx\/tienda\/#\/schema\/logo\/image\/\"},\"sameAs\":[\"https:\/\/www.facebook.com\/compuviper\",\"https:\/\/www.youtube.com\/channel\/UCf73dERp9Y3cfOq7q8BhLjA?view_as=subscriber\"]}]}<\/script>\n<meta property=\"product:brand\" content=\"GHIA\" \/>\n<meta property=\"product:price:amount\" content=\"3807\" \/>\n<meta property=\"product:price:currency\" content=\"MXN\" \/>\n<meta property=\"og:availability\" content=\"instock\" \/>\n<meta property=\"product:availability\" content=\"instock\" \/>\n<meta property=\"product:retailer_item_id\" content=\"LB14JH\" \/>\n<meta property=\"product:condition\" content=\"new\" \/>\n<!-- \/ Yoast SEO plugin. -->","yoast_head_json":{"title":"[ Ghia ] &#129351; Lb14jh Notebook Libero 14 Plug Hd Intel Celeron N4500 Ram 8gb Ssd 128gb Camara Frontal 1.0 Mpx Wifi-bt Hdmi Win 11 Home Color Gris","description":"Compra Lb14jh Notebook Libero 14 Plug Hd Intel Celeron N4500 Ram 8gb Ssd 128gb Camara Frontal 1.0 Mpx Wifi-bt Hdmi Win 11 Home Color Gris + Env\u00edo a domicilio + Pago seguro + Garant\u00eda","robots":{"index":"index","follow":"follow","max-snippet":"max-snippet:-1","max-image-preview":"max-image-preview:large","max-video-preview":"max-video-preview:-1"},"canonical":"https:\/\/compuviper.mx\/tienda\/producto\/ghia-lb14jh-notebook-libero-14-plug-hd-intel-celeron-n4500-ram-8gb-ssd-128gb-camara-frontal-1-0-mpx-wifi-bt-hdmi-win-11-home-color-gris\/","og_locale":"es_MX","og_type":"article","og_title":"[ Ghia ] &#129351; Lb14jh Notebook Libero 14 Plug Hd Intel Celeron N4500 Ram 8gb Ssd 128gb Camara Frontal 1.0 Mpx Wifi-bt Hdmi Win 11 Home Color Gris","og_description":"Compra Lb14jh Notebook Libero 14 Plug Hd Intel Celeron N4500 Ram 8gb Ssd 128gb Camara Frontal 1.0 Mpx Wifi-bt Hdmi Win 11 Home Color Gris + Env\u00edo a domicilio + Pago seguro + Garant\u00eda","og_url":"https:\/\/compuviper.mx\/tienda\/producto\/ghia-lb14jh-notebook-libero-14-plug-hd-intel-celeron-n4500-ram-8gb-ssd-128gb-camara-frontal-1-0-mpx-wifi-bt-hdmi-win-11-home-color-gris\/","og_site_name":"Compuviper","article_publisher":"https:\/\/www.facebook.com\/compuviper","twitter_card":"summary_large_image","twitter_misc":{"Precio":"&#36;3,968 &#36;3,807 con IVA","Availability":"In stock"},"schema":{"@context":"https:\/\/schema.org","@graph":[{"@type":"WebPage","@id":"https:\/\/compuviper.mx\/tienda\/producto\/ghia-lb14jh-notebook-libero-14-plug-hd-intel-celeron-n4500-ram-8gb-ssd-128gb-camara-frontal-1-0-mpx-wifi-bt-hdmi-win-11-home-color-gris\/","url":"https:\/\/compuviper.mx\/tienda\/producto\/ghia-lb14jh-notebook-libero-14-plug-hd-intel-celeron-n4500-ram-8gb-ssd-128gb-camara-frontal-1-0-mpx-wifi-bt-hdmi-win-11-home-color-gris\/","name":"[ Ghia ] &#129351; Lb14jh Notebook Libero 14 Plug Hd Intel Celeron N4500 Ram 8gb Ssd 128gb Camara Frontal 1.0 Mpx Wifi-bt Hdmi Win 11 Home Color Gris","isPartOf":{"@id":"https:\/\/compuviper.mx\/tienda\/#website"},"datePublished":"2026-05-06T07:11:37+00:00","dateModified":"2026-05-06T07:11:37+00:00","description":"Compra Lb14jh Notebook Libero 14 Plug Hd Intel Celeron N4500 Ram 8gb Ssd 128gb Camara Frontal 1.0 Mpx Wifi-bt Hdmi Win 11 Home Color Gris + Env\u00edo a domicilio + Pago seguro + Garant\u00eda","breadcrumb":{"@id":"https:\/\/compuviper.mx\/tienda\/producto\/ghia-lb14jh-notebook-libero-14-plug-hd-intel-celeron-n4500-ram-8gb-ssd-128gb-camara-frontal-1-0-mpx-wifi-bt-hdmi-win-11-home-color-gris\/#breadcrumb"},"inLanguage":"es-MX","potentialAction":[{"@type":"ReadAction","target":["https:\/\/compuviper.mx\/tienda\/producto\/ghia-lb14jh-notebook-libero-14-plug-hd-intel-celeron-n4500-ram-8gb-ssd-128gb-camara-frontal-1-0-mpx-wifi-bt-hdmi-win-11-home-color-gris\/"]}]},{"@type":"BreadcrumbList","@id":"https:\/\/compuviper.mx\/tienda\/producto\/ghia-lb14jh-notebook-libero-14-plug-hd-intel-celeron-n4500-ram-8gb-ssd-128gb-camara-frontal-1-0-mpx-wifi-bt-hdmi-win-11-home-color-gris\/#breadcrumb","itemListElement":[{"@type":"ListItem","position":1,"name":"Inicio","item":"https:\/\/compuviper.mx\/tienda\/"},{"@type":"ListItem","position":2,"name":"Productos","item":"https:\/\/compuviper.mx\/tienda\/productos\/"},{"@type":"ListItem","position":3,"name":"Laptops","item":"https:\/\/compuviper.mx\/tienda\/categoria-producto\/laptops\/"},{"@type":"ListItem","position":4,"name":"Notebook","item":"https:\/\/compuviper.mx\/tienda\/categoria-producto\/laptops\/notebook-laptops\/"},{"@type":"ListItem","position":5,"name":"Ghia Lb14jh Notebook Libero 14 Plug Hd Intel Celeron N4500 Ram 8gb Ssd 128gb Camara Frontal 1.0 Mpx Wifi-bt Hdmi Win 11 Home Color Gris"}]},{"@type":"WebSite","@id":"https:\/\/compuviper.mx\/tienda\/#website","url":"https:\/\/compuviper.mx\/tienda\/","name":"Compuviper","description":"Proveedor de Computadoras, Laptops, Servidores, Monitores, Puntos de Venta, Teclados,   Impresoras, T\u00f3ner, C\u00e1maras de Seguridad y m\u00e1s en tu tienda en l\u00ednea","publisher":{"@id":"https:\/\/compuviper.mx\/tienda\/#organization"},"potentialAction":[{"@type":"SearchAction","target":{"@type":"EntryPoint","urlTemplate":"https:\/\/compuviper.mx\/tienda\/?s={search_term_string}"},"query-input":"required name=search_term_string"}],"inLanguage":"es-MX"},{"@type":"Organization","@id":"https:\/\/compuviper.mx\/tienda\/#organization","name":"Compuviper","url":"https:\/\/compuviper.mx\/tienda\/","logo":{"@type":"ImageObject","inLanguage":"es-MX","@id":"https:\/\/compuviper.mx\/tienda\/#\/schema\/logo\/image\/","url":"https:\/\/compuviper.mx\/tienda\/wp-content\/uploads\/2021\/08\/Logo-Compuviper-10.png","contentUrl":"https:\/\/compuviper.mx\/tienda\/wp-content\/uploads\/2021\/08\/Logo-Compuviper-10.png","width":1000,"height":500,"caption":"Compuviper"},"image":{"@id":"https:\/\/compuviper.mx\/tienda\/#\/schema\/logo\/image\/"},"sameAs":["https:\/\/www.facebook.com\/compuviper","https:\/\/www.youtube.com\/channel\/UCf73dERp9Y3cfOq7q8BhLjA?view_as=subscriber"]}]},"product_brand":"GHIA","product_price_amount":"3807","product_price_currency":"MXN","og_availability":"instock","product_availability":"instock","product_retailer_item_id":"LB14JH","product_condition":"new"},"_links":{"self":[{"href":"https:\/\/compuviper.mx\/tienda\/wp-json\/wp\/v2\/product\/269242"}],"collection":[{"href":"https:\/\/compuviper.mx\/tienda\/wp-json\/wp\/v2\/product"}],"about":[{"href":"https:\/\/compuviper.mx\/tienda\/wp-json\/wp\/v2\/types\/product"}],"replies":[{"embeddable":true,"href":"https:\/\/compuviper.mx\/tienda\/wp-json\/wp\/v2\/comments?post=269242"}],"wp:attachment":[{"href":"https:\/\/compuviper.mx\/tienda\/wp-json\/wp\/v2\/media?parent=269242"}],"wp:term":[{"taxonomy":"product_cat","embeddable":true,"href":"https:\/\/compuviper.mx\/tienda\/wp-json\/wp\/v2\/product_cat?post=269242"},{"taxonomy":"product_tag","embeddable":true,"href":"https:\/\/compuviper.mx\/tienda\/wp-json\/wp\/v2\/product_tag?post=269242"}],"curies":[{"name":"wp","href":"https:\/\/api.w.org\/{rel}","templated":true}]}}