{"id":269241,"date":"2026-05-09T00:58:56","date_gmt":"2026-05-09T06:58:56","guid":{"rendered":"https:\/\/compuviper.mx\/tienda\/producto\/tp-link-tl-sg1218mp-switch-tp-link-16-puertos-rj45-gigabit-10-100-1000-mbps-poe-con-2-puertos-rj45-gigabit-y-2-ranuras-sfp-gigabit-combo-no-administrable-para-rack-19-pulgadas\/"},"modified":"2026-05-09T00:58:57","modified_gmt":"2026-05-09T06:58:57","slug":"tp-link-tl-sg1218mp-switch-tp-link-16-puertos-rj45-gigabit-10-100-1000-mbps-poe-con-2-puertos-rj45-gigabit-y-2-ranuras-sfp-gigabit-combo-no-administrable-para-rack-19-pulgadas","status":"publish","type":"product","link":"https:\/\/compuviper.mx\/tienda\/producto\/tp-link-tl-sg1218mp-switch-tp-link-16-puertos-rj45-gigabit-10-100-1000-mbps-poe-con-2-puertos-rj45-gigabit-y-2-ranuras-sfp-gigabit-combo-no-administrable-para-rack-19-pulgadas\/","title":{"rendered":"Tp Link Tl-sg1218mp Switch |tp-link |  | 16 Puertos Rj45 Gigabit 10\/100\/1000 Mbps Poe Con 2 Puertos Rj45 Gigabit Y 2 Ranuras Sfp Gigabit Combo | No Administrable | Para Rack 19 Pulgadas"},"content":{"rendered":"<table class=\"descripcion\">\n<tr>\n<td>Caracter\u00edsticas de hardware<\/td>\n<\/tr>\n<tr>\n<td>Est\u00e1ndares y protocolos ieee 802.3, ieee 802.3u, ieee 802.3ab, ieee 802.3x, ieee 802.3af, ieee 802.3at, ieee 802.1q, ieee 802.1p<\/td>\n<\/tr>\n<tr>\n<td>Interfaz \u0095 16 puertos rj45 poe + gigabit<\/td>\n<\/tr>\n<tr>\n<td>\u0095 2 puertos rj45 gigabit no poe<\/td>\n<\/tr>\n<tr>\n<td>\u0095 2 ranuras sfp combo gigabit<\/td>\n<\/tr>\n<tr>\n<td>Medios de red \u0095 10base-t: cable utp categor\u00eda 3, 4, 5 (m\u00e1ximo 100 m)<\/td>\n<\/tr>\n<tr>\n<td>\u0095 eia \/ tia-568 100 and #937; stp (m\u00e1ximo 100 m)<\/td>\n<\/tr>\n<tr>\n<td>\u0095 100base-tx: cable utp categor\u00eda 5, 5e (m\u00e1ximo 100 m)<\/td>\n<\/tr>\n<tr>\n<td>\u0095 eia \/ tia-568 100  and #937; stp (m\u00e1ximo 100 m)<\/td>\n<\/tr>\n<tr>\n<td>\u0095 1000base-t: cable utp categor\u00eda 5, 5e, 6 o superior (m\u00e1ximo 100 m)<\/td>\n<\/tr>\n<tr>\n<td>\u0095 eia \/ tia-568 100  and #937; stp (m\u00e1ximo 100 m)<\/td>\n<\/tr>\n<tr>\n<td>\u0095 1000base-x mmf, smf<\/td>\n<\/tr>\n<tr>\n<td>Cantidad de ventiladores 2<\/td>\n<\/tr>\n<tr>\n<td>Bloqueo de seguridad f\u00edsica s\u00ed<\/td>\n<\/tr>\n<tr>\n<td>Fuente de alimentaci\u00f3n 100-240 vca, 50\/60 hz<\/td>\n<\/tr>\n<tr>\n<td>Puertos poe + (rj45) \u0095 est\u00e1ndar: compatible con 802.3at \/ 802.3af<\/td>\n<\/tr>\n<tr>\n<td>\u0095 puertos poe: puertos 1\u009616<\/td>\n<\/tr>\n<tr>\n<td>\u0095 presupuesto de energ\u00eda poe: 250 w<\/td>\n<\/tr>\n<tr>\n<td>Dimensiones (an x pr x al) 17.3 \u00d7 7.1 \u00d7 1.73 pulg. (440 \u00d7 180 \u00d7 44 mm)<\/td>\n<\/tr>\n<tr>\n<td>Montaje montaje en rack<\/td>\n<\/tr>\n<tr>\n<td>Consumo m\u00e1ximo de energ\u00eda \u0095 21,4 w (220\/50 hz. sin pd conectado)<\/td>\n<\/tr>\n<tr>\n<td>\u0095 286,64 w (220\/50 hz. con pd de 250 w conectado)<\/td>\n<\/tr>\n<tr>\n<td>Disipaci\u00f3n de calor m\u00e1xima \u0095 72,97 btu \/ h (sin pd conectado)<\/td>\n<\/tr>\n<tr>\n<td>\u0095 977,44 btu \/ h (con pd de 250 w conectado)<\/td>\n<\/tr>\n<tr>\n<td>Rendimiento<\/td>\n<\/tr>\n<tr>\n<td>Capacidad de conmutaci\u00f3n 36 gbps<\/td>\n<\/tr>\n<tr>\n<td>Tasa de reenv\u00edo de paquetes 26,78 mbps<\/td>\n<\/tr>\n<tr>\n<td>Tabla de direcciones mac 8k<\/td>\n<\/tr>\n<tr>\n<td>Memoria de b\u00fafer de paquetes 4,1 mbit<\/td>\n<\/tr>\n<tr>\n<td>Funciones avanzadas \u0095 compatible con pd que<\/td>\n<\/tr>\n<tr>\n<td>Cumplen con ieee 802.3af \/ at \u0095 qos 802.1p \/ dhcp<\/td>\n<\/tr>\n<tr>\n<td>\u0095 aprendizaje autom\u00e1tico y envejecimiento autom\u00e1tico de direcciones mac<\/td>\n<\/tr>\n<tr>\n<td>\u0095 control de flujo ieee802.3x para modo d\u00faplex completo y contrapresi\u00f3n para modo d\u00faplex medio<\/td>\n<\/tr>\n<tr>\n<td>Marco jumbo 10 kb<\/td>\n<\/tr>\n<tr>\n<td>Otros<\/td>\n<\/tr>\n<tr>\n<td>Certificaci\u00f3n ce, fcc, rohs<\/td>\n<\/tr>\n<tr>\n<td>Contenidos del paquete<\/td>\n<\/tr>\n<tr>\n<td>\u0095 tl-sg1218mp<\/td>\n<\/tr>\n<tr>\n<td>\u0095 gu\u00eda de instalaci\u00f3n<\/td>\n<\/tr>\n<tr>\n<td>\u0095 cable de alimentaci\u00f3n<\/td>\n<\/tr>\n<tr>\n<td>\u0095 kit de montaje en bastidor<\/td>\n<\/tr>\n<tr>\n<td>\u0095 patas de goma<\/td>\n<\/tr>\n<tr>\n<td>Ambiente \u0095 temperatura de funcionamiento: 0\u009650 \u00b0 c (32\u0096122 \u00b0 f)<\/td>\n<\/tr>\n<tr>\n<td>\u0095 temperatura de almacenamiento: -40\u009670 \u00b0 c (-40\u0096158 \u00b0 f)<\/td>\n<\/tr>\n<tr>\n<td>\u0095 humedad de funcionamiento: 10\u009690% de hr sin condensaci\u00f3n<\/td>\n<\/tr>\n<tr>\n<td>\u0095 humedad de almacenamiento: 5-90% de humedad relativa sin condensaci\u00f3n<\/td>\n<\/tr>\n<\/table>\n","protected":false},"excerpt":{"rendered":"<p>Tl-sg1218mp. Switch de montaje en rack gigabit de 18 puertos con 16 poe . * 16 puertos gigabit poe + rj45, 2 puertos gigabit no poe rj45 y 2 ranuras combo gigabit sfp. * alto presupuesto de energ\u00eda poe con hasta 30 w para cada puerto poe y 250 w para todos los puertos poe . * trabajar con pd compatibles con ieee 802.3af \/ at. * plug and play, sin necesidad de configuraci\u00f3n e instalaci\u00f3n. * 802.1p \/ dscp qos permite un tr\u00e1fico suave sensible a la latencia. * la carcasa de metal duradera y el dise\u00f1o de disipaci\u00f3n de calor profesional garantizan un amplio rango de temperatura de funcionamiento (0\u009650  and #8451;. Conmutador poe + de 16 puertos dedicado (presupuesto de 250 w) para numerosas aplicaciones. El cumplimiento del est\u00e1ndar 802.3af \/ at poe + admite hasta 30 w en cada puerto poe. El presupuesto total de energ\u00eda poe de 250 w * para los puertos poe + de 16 \u00d7 gigabit lo hace adecuado para una amplia gama de aplicaciones, desde vigilancia hasta redes en oficinas, dormitorios y peque\u00f1as empresas. Es totalmente compatible con c\u00e1maras ip, puntos de acceso, tel\u00e9fonos ip, computadoras, impresoras, etc. Qos para una experiencia sin demoras. Garantiza un tr\u00e1fico fluido para aplicaciones sensibles a la latencia, como voz y video, al designar la prioridad del tr\u00e1fico seg\u00fan la calidad de servicio (qos). Gesti\u00f3n de energ\u00eda inteligente para evitar la sobrecarga de energ\u00eda. Cuando su consumo de energ\u00eda total excede los 250 w, intelligent power management corta autom\u00e1ticamente la energ\u00eda de los puertos de menor prioridad para garantizar el suministro de energ\u00eda de los puertos de alta prioridad. Esto protege el dispositivo de la operaci\u00f3n de sobrecarga de energ\u00eda. Tambi\u00e9n detecta autom\u00e1ticamente la potencia poe requerida para su dispositivo y protege su equipo sin poe de da\u00f1os. Amplia temperatura de funcionamiento con buena disipaci\u00f3n de calor. La carcasa de metal duradera y el dise\u00f1o profesional de disipaci\u00f3n de calor garantizan una amplia temperatura de funcionamiento (0\u009650  and #8451;) con fiabilidad. Escenarios de aplicaciones m\u00faltiples. El tl-sg1218mp es totalmente compatible con dispositivos poe, como c\u00e1maras ip, puntos de acceso y tel\u00e9fonos ip. Tambi\u00e9n funciona con dispositivos cableados que no son poe para proporcionar conexiones gigabit, como pc, impresoras e iptv.<\/p>\n","protected":false},"featured_media":0,"comment_status":"open","ping_status":"open","template":"","meta":[],"product_cat":[1563,1564],"product_tag":[1562],"acf":[],"yoast_head":"<!-- This site is optimized with the Yoast SEO plugin v21.7 - https:\/\/yoast.com\/wordpress\/plugins\/seo\/ -->\n<title>[ Tp Link ] &#129351; Tl-sg1218mp Switch |tp-link | | 16 Puertos Rj45 Gigabit 10\/100\/1000 Mbps Poe Con 2 Puertos Rj45 Gigabit Y 2 Ranuras Sfp Gigabit Combo | No Administrable | Para Rack 19 Pulgadas<\/title>\n<meta name=\"description\" content=\"Compra Tl-sg1218mp Switch |tp-link | | 16 Puertos Rj45 Gigabit 10\/100\/1000 Mbps Poe Con 2 Puertos Rj45 Gigabit Y 2 Ranuras Sfp Gigabit Combo | No Administrable | Para Rack 19 Pulgadas + Env\u00edo a domicilio + Pago seguro + Garant\u00eda\" \/>\n<meta name=\"robots\" content=\"index, follow, max-snippet:-1, max-image-preview:large, max-video-preview:-1\" \/>\n<link rel=\"canonical\" href=\"https:\/\/compuviper.mx\/tienda\/producto\/tp-link-tl-sg1218mp-switch-tp-link-16-puertos-rj45-gigabit-10-100-1000-mbps-poe-con-2-puertos-rj45-gigabit-y-2-ranuras-sfp-gigabit-combo-no-administrable-para-rack-19-pulgadas\/\" \/>\n<meta property=\"og:locale\" content=\"es_MX\" \/>\n<meta property=\"og:type\" content=\"article\" \/>\n<meta property=\"og:title\" content=\"[ Tp Link ] &#129351; Tl-sg1218mp Switch |tp-link | | 16 Puertos Rj45 Gigabit 10\/100\/1000 Mbps Poe Con 2 Puertos Rj45 Gigabit Y 2 Ranuras Sfp Gigabit Combo | No Administrable | Para Rack 19 Pulgadas\" \/>\n<meta property=\"og:description\" content=\"Compra Tl-sg1218mp Switch |tp-link | | 16 Puertos Rj45 Gigabit 10\/100\/1000 Mbps Poe Con 2 Puertos Rj45 Gigabit Y 2 Ranuras Sfp Gigabit Combo | No Administrable | Para Rack 19 Pulgadas + Env\u00edo a domicilio + Pago seguro + Garant\u00eda\" \/>\n<meta property=\"og:url\" content=\"https:\/\/compuviper.mx\/tienda\/producto\/tp-link-tl-sg1218mp-switch-tp-link-16-puertos-rj45-gigabit-10-100-1000-mbps-poe-con-2-puertos-rj45-gigabit-y-2-ranuras-sfp-gigabit-combo-no-administrable-para-rack-19-pulgadas\/\" \/>\n<meta property=\"og:site_name\" content=\"Compuviper\" \/>\n<meta property=\"article:publisher\" content=\"https:\/\/www.facebook.com\/compuviper\" \/>\n<meta property=\"article:modified_time\" content=\"2026-05-09T06:58:57+00:00\" \/>\n<meta name=\"twitter:card\" content=\"summary_large_image\" \/>\n<meta name=\"twitter:label1\" content=\"Precio\" \/>\n\t<meta name=\"twitter:data1\" content=\"&#36;2,681 con IVA\" \/>\n\t<meta name=\"twitter:label2\" content=\"Availability\" \/>\n\t<meta name=\"twitter:data2\" content=\"Out of stock\" \/>\n<script type=\"application\/ld+json\" class=\"yoast-schema-graph\">{\"@context\":\"https:\/\/schema.org\",\"@graph\":[{\"@type\":\"WebPage\",\"@id\":\"https:\/\/compuviper.mx\/tienda\/producto\/tp-link-tl-sg1218mp-switch-tp-link-16-puertos-rj45-gigabit-10-100-1000-mbps-poe-con-2-puertos-rj45-gigabit-y-2-ranuras-sfp-gigabit-combo-no-administrable-para-rack-19-pulgadas\/\",\"url\":\"https:\/\/compuviper.mx\/tienda\/producto\/tp-link-tl-sg1218mp-switch-tp-link-16-puertos-rj45-gigabit-10-100-1000-mbps-poe-con-2-puertos-rj45-gigabit-y-2-ranuras-sfp-gigabit-combo-no-administrable-para-rack-19-pulgadas\/\",\"name\":\"[ Tp Link ] &#129351; Tl-sg1218mp Switch |tp-link | | 16 Puertos Rj45 Gigabit 10\/100\/1000 Mbps Poe Con 2 Puertos Rj45 Gigabit Y 2 Ranuras Sfp Gigabit Combo | No Administrable | Para Rack 19 Pulgadas\",\"isPartOf\":{\"@id\":\"https:\/\/compuviper.mx\/tienda\/#website\"},\"datePublished\":\"2026-05-09T06:58:56+00:00\",\"dateModified\":\"2026-05-09T06:58:57+00:00\",\"description\":\"Compra Tl-sg1218mp Switch |tp-link | | 16 Puertos Rj45 Gigabit 10\/100\/1000 Mbps Poe Con 2 Puertos Rj45 Gigabit Y 2 Ranuras Sfp Gigabit Combo | No Administrable | Para Rack 19 Pulgadas + Env\u00edo a domicilio + Pago seguro + Garant\u00eda\",\"breadcrumb\":{\"@id\":\"https:\/\/compuviper.mx\/tienda\/producto\/tp-link-tl-sg1218mp-switch-tp-link-16-puertos-rj45-gigabit-10-100-1000-mbps-poe-con-2-puertos-rj45-gigabit-y-2-ranuras-sfp-gigabit-combo-no-administrable-para-rack-19-pulgadas\/#breadcrumb\"},\"inLanguage\":\"es-MX\",\"potentialAction\":[{\"@type\":\"ReadAction\",\"target\":[\"https:\/\/compuviper.mx\/tienda\/producto\/tp-link-tl-sg1218mp-switch-tp-link-16-puertos-rj45-gigabit-10-100-1000-mbps-poe-con-2-puertos-rj45-gigabit-y-2-ranuras-sfp-gigabit-combo-no-administrable-para-rack-19-pulgadas\/\"]}]},{\"@type\":\"BreadcrumbList\",\"@id\":\"https:\/\/compuviper.mx\/tienda\/producto\/tp-link-tl-sg1218mp-switch-tp-link-16-puertos-rj45-gigabit-10-100-1000-mbps-poe-con-2-puertos-rj45-gigabit-y-2-ranuras-sfp-gigabit-combo-no-administrable-para-rack-19-pulgadas\/#breadcrumb\",\"itemListElement\":[{\"@type\":\"ListItem\",\"position\":1,\"name\":\"Inicio\",\"item\":\"https:\/\/compuviper.mx\/tienda\/\"},{\"@type\":\"ListItem\",\"position\":2,\"name\":\"Productos\",\"item\":\"https:\/\/compuviper.mx\/tienda\/productos\/\"},{\"@type\":\"ListItem\",\"position\":3,\"name\":\"Redes\",\"item\":\"https:\/\/compuviper.mx\/tienda\/categoria-producto\/redes\/\"},{\"@type\":\"ListItem\",\"position\":4,\"name\":\"Switch\",\"item\":\"https:\/\/compuviper.mx\/tienda\/categoria-producto\/redes\/switch\/\"},{\"@type\":\"ListItem\",\"position\":5,\"name\":\"Tp Link Tl-sg1218mp Switch |tp-link | | 16 Puertos Rj45 Gigabit 10\/100\/1000 Mbps Poe Con 2 Puertos Rj45 Gigabit Y 2 Ranuras Sfp Gigabit Combo | No Administrable | Para Rack 19 Pulgadas\"}]},{\"@type\":\"WebSite\",\"@id\":\"https:\/\/compuviper.mx\/tienda\/#website\",\"url\":\"https:\/\/compuviper.mx\/tienda\/\",\"name\":\"Compuviper\",\"description\":\"Proveedor de Computadoras, Laptops, Servidores, Monitores, Puntos de Venta, Teclados,   Impresoras, T\u00f3ner, C\u00e1maras de Seguridad y m\u00e1s en tu tienda en l\u00ednea\",\"publisher\":{\"@id\":\"https:\/\/compuviper.mx\/tienda\/#organization\"},\"potentialAction\":[{\"@type\":\"SearchAction\",\"target\":{\"@type\":\"EntryPoint\",\"urlTemplate\":\"https:\/\/compuviper.mx\/tienda\/?s={search_term_string}\"},\"query-input\":\"required name=search_term_string\"}],\"inLanguage\":\"es-MX\"},{\"@type\":\"Organization\",\"@id\":\"https:\/\/compuviper.mx\/tienda\/#organization\",\"name\":\"Compuviper\",\"url\":\"https:\/\/compuviper.mx\/tienda\/\",\"logo\":{\"@type\":\"ImageObject\",\"inLanguage\":\"es-MX\",\"@id\":\"https:\/\/compuviper.mx\/tienda\/#\/schema\/logo\/image\/\",\"url\":\"https:\/\/compuviper.mx\/tienda\/wp-content\/uploads\/2021\/08\/Logo-Compuviper-10.png\",\"contentUrl\":\"https:\/\/compuviper.mx\/tienda\/wp-content\/uploads\/2021\/08\/Logo-Compuviper-10.png\",\"width\":1000,\"height\":500,\"caption\":\"Compuviper\"},\"image\":{\"@id\":\"https:\/\/compuviper.mx\/tienda\/#\/schema\/logo\/image\/\"},\"sameAs\":[\"https:\/\/www.facebook.com\/compuviper\",\"https:\/\/www.youtube.com\/channel\/UCf73dERp9Y3cfOq7q8BhLjA?view_as=subscriber\"]}]}<\/script>\n<meta property=\"product:brand\" content=\"TP LINK\" \/>\n<meta property=\"product:price:amount\" content=\"2681\" \/>\n<meta property=\"product:price:currency\" content=\"MXN\" \/>\n<meta property=\"og:availability\" content=\"out of stock\" \/>\n<meta property=\"product:availability\" content=\"out of stock\" \/>\n<meta property=\"product:retailer_item_id\" content=\"TL-SG1218MP\" \/>\n<meta property=\"product:condition\" content=\"new\" \/>\n<!-- \/ Yoast SEO plugin. -->","yoast_head_json":{"title":"[ Tp Link ] &#129351; Tl-sg1218mp Switch |tp-link | | 16 Puertos Rj45 Gigabit 10\/100\/1000 Mbps Poe Con 2 Puertos Rj45 Gigabit Y 2 Ranuras Sfp Gigabit Combo | No Administrable | Para Rack 19 Pulgadas","description":"Compra Tl-sg1218mp Switch |tp-link | | 16 Puertos Rj45 Gigabit 10\/100\/1000 Mbps Poe Con 2 Puertos Rj45 Gigabit Y 2 Ranuras Sfp Gigabit Combo | No Administrable | Para Rack 19 Pulgadas + Env\u00edo a domicilio + Pago seguro + Garant\u00eda","robots":{"index":"index","follow":"follow","max-snippet":"max-snippet:-1","max-image-preview":"max-image-preview:large","max-video-preview":"max-video-preview:-1"},"canonical":"https:\/\/compuviper.mx\/tienda\/producto\/tp-link-tl-sg1218mp-switch-tp-link-16-puertos-rj45-gigabit-10-100-1000-mbps-poe-con-2-puertos-rj45-gigabit-y-2-ranuras-sfp-gigabit-combo-no-administrable-para-rack-19-pulgadas\/","og_locale":"es_MX","og_type":"article","og_title":"[ Tp Link ] &#129351; Tl-sg1218mp Switch |tp-link | | 16 Puertos Rj45 Gigabit 10\/100\/1000 Mbps Poe Con 2 Puertos Rj45 Gigabit Y 2 Ranuras Sfp Gigabit Combo | No Administrable | Para Rack 19 Pulgadas","og_description":"Compra Tl-sg1218mp Switch |tp-link | | 16 Puertos Rj45 Gigabit 10\/100\/1000 Mbps Poe Con 2 Puertos Rj45 Gigabit Y 2 Ranuras Sfp Gigabit Combo | No Administrable | Para Rack 19 Pulgadas + Env\u00edo a domicilio + Pago seguro + Garant\u00eda","og_url":"https:\/\/compuviper.mx\/tienda\/producto\/tp-link-tl-sg1218mp-switch-tp-link-16-puertos-rj45-gigabit-10-100-1000-mbps-poe-con-2-puertos-rj45-gigabit-y-2-ranuras-sfp-gigabit-combo-no-administrable-para-rack-19-pulgadas\/","og_site_name":"Compuviper","article_publisher":"https:\/\/www.facebook.com\/compuviper","article_modified_time":"2026-05-09T06:58:57+00:00","twitter_card":"summary_large_image","twitter_misc":{"Precio":"&#36;2,681 con IVA","Availability":"Out of stock"},"schema":{"@context":"https:\/\/schema.org","@graph":[{"@type":"WebPage","@id":"https:\/\/compuviper.mx\/tienda\/producto\/tp-link-tl-sg1218mp-switch-tp-link-16-puertos-rj45-gigabit-10-100-1000-mbps-poe-con-2-puertos-rj45-gigabit-y-2-ranuras-sfp-gigabit-combo-no-administrable-para-rack-19-pulgadas\/","url":"https:\/\/compuviper.mx\/tienda\/producto\/tp-link-tl-sg1218mp-switch-tp-link-16-puertos-rj45-gigabit-10-100-1000-mbps-poe-con-2-puertos-rj45-gigabit-y-2-ranuras-sfp-gigabit-combo-no-administrable-para-rack-19-pulgadas\/","name":"[ Tp Link ] &#129351; Tl-sg1218mp Switch |tp-link | | 16 Puertos Rj45 Gigabit 10\/100\/1000 Mbps Poe Con 2 Puertos Rj45 Gigabit Y 2 Ranuras Sfp Gigabit Combo | No Administrable | Para Rack 19 Pulgadas","isPartOf":{"@id":"https:\/\/compuviper.mx\/tienda\/#website"},"datePublished":"2026-05-09T06:58:56+00:00","dateModified":"2026-05-09T06:58:57+00:00","description":"Compra Tl-sg1218mp Switch |tp-link | | 16 Puertos Rj45 Gigabit 10\/100\/1000 Mbps Poe Con 2 Puertos Rj45 Gigabit Y 2 Ranuras Sfp Gigabit Combo | No Administrable | Para Rack 19 Pulgadas + Env\u00edo a domicilio + Pago seguro + Garant\u00eda","breadcrumb":{"@id":"https:\/\/compuviper.mx\/tienda\/producto\/tp-link-tl-sg1218mp-switch-tp-link-16-puertos-rj45-gigabit-10-100-1000-mbps-poe-con-2-puertos-rj45-gigabit-y-2-ranuras-sfp-gigabit-combo-no-administrable-para-rack-19-pulgadas\/#breadcrumb"},"inLanguage":"es-MX","potentialAction":[{"@type":"ReadAction","target":["https:\/\/compuviper.mx\/tienda\/producto\/tp-link-tl-sg1218mp-switch-tp-link-16-puertos-rj45-gigabit-10-100-1000-mbps-poe-con-2-puertos-rj45-gigabit-y-2-ranuras-sfp-gigabit-combo-no-administrable-para-rack-19-pulgadas\/"]}]},{"@type":"BreadcrumbList","@id":"https:\/\/compuviper.mx\/tienda\/producto\/tp-link-tl-sg1218mp-switch-tp-link-16-puertos-rj45-gigabit-10-100-1000-mbps-poe-con-2-puertos-rj45-gigabit-y-2-ranuras-sfp-gigabit-combo-no-administrable-para-rack-19-pulgadas\/#breadcrumb","itemListElement":[{"@type":"ListItem","position":1,"name":"Inicio","item":"https:\/\/compuviper.mx\/tienda\/"},{"@type":"ListItem","position":2,"name":"Productos","item":"https:\/\/compuviper.mx\/tienda\/productos\/"},{"@type":"ListItem","position":3,"name":"Redes","item":"https:\/\/compuviper.mx\/tienda\/categoria-producto\/redes\/"},{"@type":"ListItem","position":4,"name":"Switch","item":"https:\/\/compuviper.mx\/tienda\/categoria-producto\/redes\/switch\/"},{"@type":"ListItem","position":5,"name":"Tp Link Tl-sg1218mp Switch |tp-link | | 16 Puertos Rj45 Gigabit 10\/100\/1000 Mbps Poe Con 2 Puertos Rj45 Gigabit Y 2 Ranuras Sfp Gigabit Combo | No Administrable | Para Rack 19 Pulgadas"}]},{"@type":"WebSite","@id":"https:\/\/compuviper.mx\/tienda\/#website","url":"https:\/\/compuviper.mx\/tienda\/","name":"Compuviper","description":"Proveedor de Computadoras, Laptops, Servidores, Monitores, Puntos de Venta, Teclados,   Impresoras, T\u00f3ner, C\u00e1maras de Seguridad y m\u00e1s en tu tienda en l\u00ednea","publisher":{"@id":"https:\/\/compuviper.mx\/tienda\/#organization"},"potentialAction":[{"@type":"SearchAction","target":{"@type":"EntryPoint","urlTemplate":"https:\/\/compuviper.mx\/tienda\/?s={search_term_string}"},"query-input":"required name=search_term_string"}],"inLanguage":"es-MX"},{"@type":"Organization","@id":"https:\/\/compuviper.mx\/tienda\/#organization","name":"Compuviper","url":"https:\/\/compuviper.mx\/tienda\/","logo":{"@type":"ImageObject","inLanguage":"es-MX","@id":"https:\/\/compuviper.mx\/tienda\/#\/schema\/logo\/image\/","url":"https:\/\/compuviper.mx\/tienda\/wp-content\/uploads\/2021\/08\/Logo-Compuviper-10.png","contentUrl":"https:\/\/compuviper.mx\/tienda\/wp-content\/uploads\/2021\/08\/Logo-Compuviper-10.png","width":1000,"height":500,"caption":"Compuviper"},"image":{"@id":"https:\/\/compuviper.mx\/tienda\/#\/schema\/logo\/image\/"},"sameAs":["https:\/\/www.facebook.com\/compuviper","https:\/\/www.youtube.com\/channel\/UCf73dERp9Y3cfOq7q8BhLjA?view_as=subscriber"]}]},"product_brand":"TP LINK","product_price_amount":"2681","product_price_currency":"MXN","og_availability":"out of stock","product_availability":"out of stock","product_retailer_item_id":"TL-SG1218MP","product_condition":"new"},"_links":{"self":[{"href":"https:\/\/compuviper.mx\/tienda\/wp-json\/wp\/v2\/product\/269241"}],"collection":[{"href":"https:\/\/compuviper.mx\/tienda\/wp-json\/wp\/v2\/product"}],"about":[{"href":"https:\/\/compuviper.mx\/tienda\/wp-json\/wp\/v2\/types\/product"}],"replies":[{"embeddable":true,"href":"https:\/\/compuviper.mx\/tienda\/wp-json\/wp\/v2\/comments?post=269241"}],"wp:attachment":[{"href":"https:\/\/compuviper.mx\/tienda\/wp-json\/wp\/v2\/media?parent=269241"}],"wp:term":[{"taxonomy":"product_cat","embeddable":true,"href":"https:\/\/compuviper.mx\/tienda\/wp-json\/wp\/v2\/product_cat?post=269241"},{"taxonomy":"product_tag","embeddable":true,"href":"https:\/\/compuviper.mx\/tienda\/wp-json\/wp\/v2\/product_tag?post=269241"}],"curies":[{"name":"wp","href":"https:\/\/api.w.org\/{rel}","templated":true}]}}