{"id":269238,"date":"2026-05-08T23:40:19","date_gmt":"2026-05-09T05:40:19","guid":{"rendered":"https:\/\/compuviper.mx\/tienda\/producto\/startech-com-usb312sat3-cable-adaptador-usb-3-1-10gbps-para-unidades-de-disco-sata-de-2-5-y-3-5-pulgadas-convertidor-para-discos-duros-y-ssd-sata-mod\/"},"modified":"2026-05-08T23:40:19","modified_gmt":"2026-05-09T05:40:19","slug":"startech-com-usb312sat3-cable-adaptador-usb-3-1-10gbps-para-unidades-de-disco-sata-de-2-5-y-3-5-pulgadas-convertidor-para-discos-duros-y-ssd-sata-mod","status":"publish","type":"product","link":"https:\/\/compuviper.mx\/tienda\/producto\/startech-com-usb312sat3-cable-adaptador-usb-3-1-10gbps-para-unidades-de-disco-sata-de-2-5-y-3-5-pulgadas-convertidor-para-discos-duros-y-ssd-sata-mod\/","title":{"rendered":"Startech.com Usb312sat3 Cable Adaptador Usb 3.1 10gbps Para Unidades De Disco Sata De 2.5 Y 3.5 Pulgadas &#8211; Convertidor Para Discos Duros Y Ssd Sata &#8211;  Mod."},"content":{"rendered":"<table class=\"descripcion\">\n<tr>\n<td>Hardware<\/td>\n<\/tr>\n<tr>\n<td>Cantidad de unidades : 1<\/td>\n<\/tr>\n<tr>\n<td>Id del conjunto de chips : asmedia &#8211; asm1351<\/td>\n<\/tr>\n<tr>\n<td>Interfaz : usb 3.1 gen 2<\/td>\n<\/tr>\n<tr>\n<td>Tama\u00f1o de la unidad : 2.5in  and  3.5in<\/td>\n<\/tr>\n<tr>\n<td>Tipo de bus : usb 3.1 gen 2<\/td>\n<\/tr>\n<tr>\n<td>Unidades compatibles : sata<\/td>\n<\/tr>\n<tr>\n<td>Indicadores<\/td>\n<\/tr>\n<tr>\n<td>Indicadores led : alimentaci\u00f3n y actividad<\/td>\n<\/tr>\n<tr>\n<td>Rendimiento<\/td>\n<\/tr>\n<tr>\n<td>4kn support : s\u00ed<\/td>\n<\/tr>\n<tr>\n<td>Capacidad m\u00e1xima de la unidad : probado con discos duros de hasta 6tb<\/td>\n<\/tr>\n<tr>\n<td>Compatibilidad con uasp : s\u00ed<\/td>\n<\/tr>\n<tr>\n<td>Soporta hot swap  : s\u00ed<\/td>\n<\/tr>\n<tr>\n<td>Conector(es)<\/td>\n<\/tr>\n<tr>\n<td>Conectores del host : usb 3.1 usb type-a ( 9 pines, gen 2, 10gbps)<\/td>\n<\/tr>\n<tr>\n<td>Conectores de la unidad : combinaci\u00f3n de alimentaci\u00f3n y datos por sata (7+15 pines)<\/td>\n<\/tr>\n<tr>\n<td>Caracter\u00edsticas f\u00edsicas<\/td>\n<\/tr>\n<tr>\n<td>Tipo de gabinete : pl\u00e1stico<\/td>\n<\/tr>\n<tr>\n<td>Peso del producto : 57 g<\/td>\n<\/tr>\n<tr>\n<td>Longitud del producto : 85 mm<\/td>\n<\/tr>\n<tr>\n<td>Color : negro<\/td>\n<\/tr>\n<tr>\n<td>Ancho del producto : 14 mm<\/td>\n<\/tr>\n<tr>\n<td>Altura del producto : 1.5 cm<\/td>\n<\/tr>\n<tr>\n<td>Rendimiento<\/td>\n<\/tr>\n<tr>\n<td>Tipo y velocidad : sata iii (6 gbps)<\/td>\n<\/tr>\n<tr>\n<td>Tipo y velocidad : usb 3.1 gen 2 &#8211; 10 gbit\/s<\/td>\n<\/tr>\n<tr>\n<td>Trim support : s\u00ed<\/td>\n<\/tr>\n<\/table>\n","protected":false},"excerpt":{"rendered":"<p>Este adaptador usb 3.1 a sata le ofrece r\u00e1pido y f\u00e1cil acceso a los datos de sus unidades de ssd y dd de 2.5 \/ 3.5. El cable adaptador le permite conectar su laptop o computadora de escritorio\u00a0directamente a una unidad sata, adem\u00e1s de acceder a dicha unidad a trav\u00e9s de la tecnolog\u00eda ultrarr\u00e1pida usb 3.1 gen. 2 (hasta 10gbps). Este cable adaptador le permite intercambiar\u00a0r\u00e1pidamente sus unidades.\u00a0puede copiar o recuperar datos de su unidad sata de 2.5 o 3.5, sin que se requieran accesorios adicionales. Usb 3.1 gen 2 ofrece mayor ancho de banda y velocidad lo que le permite aprovechar al m\u00e1ximo el alto rendimiento de los modelos m\u00e1s recientes de unidades ssd y discos duros. El dise\u00f1o compacto y de peso ligero del adaptador usb 3.1 a sata ofrece portabilidad que facilita su uso. El adaptador incluye un cable de 1m, para no tener que preocuparse de olvidar de traer el cable conector consigo.\u00a0?. El modelo usb312sat3 cuenta con soporte t\u00e9cnico gratuito de por vida.<\/p>\n","protected":false},"featured_media":0,"comment_status":"open","ping_status":"open","template":"","meta":[],"product_cat":[1605,1549],"product_tag":[1590],"acf":[],"yoast_head":"<!-- This site is optimized with the Yoast SEO plugin v21.7 - https:\/\/yoast.com\/wordpress\/plugins\/seo\/ -->\n<title>[ Startech.com ] &#129351; Usb312sat3 Cable Adaptador Usb 3.1 10gbps Para Unidades De Disco Sata De 2.5 Y 3.5 Pulgadas - Convertidor Para Discos Duros Y Ssd Sata - Mod.<\/title>\n<meta name=\"description\" content=\"Compra Usb312sat3 Cable Adaptador Usb 3.1 10gbps Para Unidades De Disco Sata De 2.5 Y 3.5 Pulgadas - Convertidor Para Discos Duros Y Ssd Sata - Mod. + Env\u00edo a domicilio + Pago seguro + Garant\u00eda\" \/>\n<meta name=\"robots\" content=\"index, follow, max-snippet:-1, max-image-preview:large, max-video-preview:-1\" \/>\n<link rel=\"canonical\" href=\"https:\/\/compuviper.mx\/tienda\/producto\/startech-com-usb312sat3-cable-adaptador-usb-3-1-10gbps-para-unidades-de-disco-sata-de-2-5-y-3-5-pulgadas-convertidor-para-discos-duros-y-ssd-sata-mod\/\" \/>\n<meta property=\"og:locale\" content=\"es_MX\" \/>\n<meta property=\"og:type\" content=\"article\" \/>\n<meta property=\"og:title\" content=\"[ Startech.com ] &#129351; Usb312sat3 Cable Adaptador Usb 3.1 10gbps Para Unidades De Disco Sata De 2.5 Y 3.5 Pulgadas - Convertidor Para Discos Duros Y Ssd Sata - Mod.\" \/>\n<meta property=\"og:description\" content=\"Compra Usb312sat3 Cable Adaptador Usb 3.1 10gbps Para Unidades De Disco Sata De 2.5 Y 3.5 Pulgadas - Convertidor Para Discos Duros Y Ssd Sata - Mod. + Env\u00edo a domicilio + Pago seguro + Garant\u00eda\" \/>\n<meta property=\"og:url\" content=\"https:\/\/compuviper.mx\/tienda\/producto\/startech-com-usb312sat3-cable-adaptador-usb-3-1-10gbps-para-unidades-de-disco-sata-de-2-5-y-3-5-pulgadas-convertidor-para-discos-duros-y-ssd-sata-mod\/\" \/>\n<meta property=\"og:site_name\" content=\"Compuviper\" \/>\n<meta property=\"article:publisher\" content=\"https:\/\/www.facebook.com\/compuviper\" \/>\n<meta name=\"twitter:card\" content=\"summary_large_image\" \/>\n<meta name=\"twitter:label1\" content=\"Precio\" \/>\n\t<meta name=\"twitter:data1\" content=\"&#36;815 con IVA\" \/>\n\t<meta name=\"twitter:label2\" content=\"Availability\" \/>\n\t<meta name=\"twitter:data2\" content=\"On backorder\" \/>\n<script type=\"application\/ld+json\" class=\"yoast-schema-graph\">{\"@context\":\"https:\/\/schema.org\",\"@graph\":[{\"@type\":\"WebPage\",\"@id\":\"https:\/\/compuviper.mx\/tienda\/producto\/startech-com-usb312sat3-cable-adaptador-usb-3-1-10gbps-para-unidades-de-disco-sata-de-2-5-y-3-5-pulgadas-convertidor-para-discos-duros-y-ssd-sata-mod\/\",\"url\":\"https:\/\/compuviper.mx\/tienda\/producto\/startech-com-usb312sat3-cable-adaptador-usb-3-1-10gbps-para-unidades-de-disco-sata-de-2-5-y-3-5-pulgadas-convertidor-para-discos-duros-y-ssd-sata-mod\/\",\"name\":\"[ Startech.com ] &#129351; Usb312sat3 Cable Adaptador Usb 3.1 10gbps Para Unidades De Disco Sata De 2.5 Y 3.5 Pulgadas - Convertidor Para Discos Duros Y Ssd Sata - Mod.\",\"isPartOf\":{\"@id\":\"https:\/\/compuviper.mx\/tienda\/#website\"},\"datePublished\":\"2026-05-09T05:40:19+00:00\",\"dateModified\":\"2026-05-09T05:40:19+00:00\",\"description\":\"Compra Usb312sat3 Cable Adaptador Usb 3.1 10gbps Para Unidades De Disco Sata De 2.5 Y 3.5 Pulgadas - Convertidor Para Discos Duros Y Ssd Sata - Mod. + Env\u00edo a domicilio + Pago seguro + Garant\u00eda\",\"breadcrumb\":{\"@id\":\"https:\/\/compuviper.mx\/tienda\/producto\/startech-com-usb312sat3-cable-adaptador-usb-3-1-10gbps-para-unidades-de-disco-sata-de-2-5-y-3-5-pulgadas-convertidor-para-discos-duros-y-ssd-sata-mod\/#breadcrumb\"},\"inLanguage\":\"es-MX\",\"potentialAction\":[{\"@type\":\"ReadAction\",\"target\":[\"https:\/\/compuviper.mx\/tienda\/producto\/startech-com-usb312sat3-cable-adaptador-usb-3-1-10gbps-para-unidades-de-disco-sata-de-2-5-y-3-5-pulgadas-convertidor-para-discos-duros-y-ssd-sata-mod\/\"]}]},{\"@type\":\"BreadcrumbList\",\"@id\":\"https:\/\/compuviper.mx\/tienda\/producto\/startech-com-usb312sat3-cable-adaptador-usb-3-1-10gbps-para-unidades-de-disco-sata-de-2-5-y-3-5-pulgadas-convertidor-para-discos-duros-y-ssd-sata-mod\/#breadcrumb\",\"itemListElement\":[{\"@type\":\"ListItem\",\"position\":1,\"name\":\"Inicio\",\"item\":\"https:\/\/compuviper.mx\/tienda\/\"},{\"@type\":\"ListItem\",\"position\":2,\"name\":\"Productos\",\"item\":\"https:\/\/compuviper.mx\/tienda\/productos\/\"},{\"@type\":\"ListItem\",\"position\":3,\"name\":\"Cables\",\"item\":\"https:\/\/compuviper.mx\/tienda\/categoria-producto\/cables\/\"},{\"@type\":\"ListItem\",\"position\":4,\"name\":\"Cable Usb\",\"item\":\"https:\/\/compuviper.mx\/tienda\/categoria-producto\/cables\/cable-usb\/\"},{\"@type\":\"ListItem\",\"position\":5,\"name\":\"Startech.com Usb312sat3 Cable Adaptador Usb 3.1 10gbps Para Unidades De Disco Sata De 2.5 Y 3.5 Pulgadas &#8211; Convertidor Para Discos Duros Y Ssd Sata &#8211; Mod.\"}]},{\"@type\":\"WebSite\",\"@id\":\"https:\/\/compuviper.mx\/tienda\/#website\",\"url\":\"https:\/\/compuviper.mx\/tienda\/\",\"name\":\"Compuviper\",\"description\":\"Proveedor de Computadoras, Laptops, Servidores, Monitores, Puntos de Venta, Teclados,   Impresoras, T\u00f3ner, C\u00e1maras de Seguridad y m\u00e1s en tu tienda en l\u00ednea\",\"publisher\":{\"@id\":\"https:\/\/compuviper.mx\/tienda\/#organization\"},\"potentialAction\":[{\"@type\":\"SearchAction\",\"target\":{\"@type\":\"EntryPoint\",\"urlTemplate\":\"https:\/\/compuviper.mx\/tienda\/?s={search_term_string}\"},\"query-input\":\"required name=search_term_string\"}],\"inLanguage\":\"es-MX\"},{\"@type\":\"Organization\",\"@id\":\"https:\/\/compuviper.mx\/tienda\/#organization\",\"name\":\"Compuviper\",\"url\":\"https:\/\/compuviper.mx\/tienda\/\",\"logo\":{\"@type\":\"ImageObject\",\"inLanguage\":\"es-MX\",\"@id\":\"https:\/\/compuviper.mx\/tienda\/#\/schema\/logo\/image\/\",\"url\":\"https:\/\/compuviper.mx\/tienda\/wp-content\/uploads\/2021\/08\/Logo-Compuviper-10.png\",\"contentUrl\":\"https:\/\/compuviper.mx\/tienda\/wp-content\/uploads\/2021\/08\/Logo-Compuviper-10.png\",\"width\":1000,\"height\":500,\"caption\":\"Compuviper\"},\"image\":{\"@id\":\"https:\/\/compuviper.mx\/tienda\/#\/schema\/logo\/image\/\"},\"sameAs\":[\"https:\/\/www.facebook.com\/compuviper\",\"https:\/\/www.youtube.com\/channel\/UCf73dERp9Y3cfOq7q8BhLjA?view_as=subscriber\"]}]}<\/script>\n<meta property=\"product:brand\" content=\"STARTECH.COM\" \/>\n<meta property=\"product:price:amount\" content=\"815\" \/>\n<meta property=\"product:price:currency\" content=\"MXN\" \/>\n<meta property=\"og:availability\" content=\"backorder\" \/>\n<meta property=\"product:availability\" content=\"available for order\" \/>\n<meta property=\"product:retailer_item_id\" content=\"USB312SAT3\" \/>\n<meta property=\"product:condition\" content=\"new\" \/>\n<!-- \/ Yoast SEO plugin. -->","yoast_head_json":{"title":"[ Startech.com ] &#129351; Usb312sat3 Cable Adaptador Usb 3.1 10gbps Para Unidades De Disco Sata De 2.5 Y 3.5 Pulgadas - Convertidor Para Discos Duros Y Ssd Sata - Mod.","description":"Compra Usb312sat3 Cable Adaptador Usb 3.1 10gbps Para Unidades De Disco Sata De 2.5 Y 3.5 Pulgadas - Convertidor Para Discos Duros Y Ssd Sata - Mod. + Env\u00edo a domicilio + Pago seguro + Garant\u00eda","robots":{"index":"index","follow":"follow","max-snippet":"max-snippet:-1","max-image-preview":"max-image-preview:large","max-video-preview":"max-video-preview:-1"},"canonical":"https:\/\/compuviper.mx\/tienda\/producto\/startech-com-usb312sat3-cable-adaptador-usb-3-1-10gbps-para-unidades-de-disco-sata-de-2-5-y-3-5-pulgadas-convertidor-para-discos-duros-y-ssd-sata-mod\/","og_locale":"es_MX","og_type":"article","og_title":"[ Startech.com ] &#129351; Usb312sat3 Cable Adaptador Usb 3.1 10gbps Para Unidades De Disco Sata De 2.5 Y 3.5 Pulgadas - Convertidor Para Discos Duros Y Ssd Sata - Mod.","og_description":"Compra Usb312sat3 Cable Adaptador Usb 3.1 10gbps Para Unidades De Disco Sata De 2.5 Y 3.5 Pulgadas - Convertidor Para Discos Duros Y Ssd Sata - Mod. + Env\u00edo a domicilio + Pago seguro + Garant\u00eda","og_url":"https:\/\/compuviper.mx\/tienda\/producto\/startech-com-usb312sat3-cable-adaptador-usb-3-1-10gbps-para-unidades-de-disco-sata-de-2-5-y-3-5-pulgadas-convertidor-para-discos-duros-y-ssd-sata-mod\/","og_site_name":"Compuviper","article_publisher":"https:\/\/www.facebook.com\/compuviper","twitter_card":"summary_large_image","twitter_misc":{"Precio":"&#36;815 con IVA","Availability":"On backorder"},"schema":{"@context":"https:\/\/schema.org","@graph":[{"@type":"WebPage","@id":"https:\/\/compuviper.mx\/tienda\/producto\/startech-com-usb312sat3-cable-adaptador-usb-3-1-10gbps-para-unidades-de-disco-sata-de-2-5-y-3-5-pulgadas-convertidor-para-discos-duros-y-ssd-sata-mod\/","url":"https:\/\/compuviper.mx\/tienda\/producto\/startech-com-usb312sat3-cable-adaptador-usb-3-1-10gbps-para-unidades-de-disco-sata-de-2-5-y-3-5-pulgadas-convertidor-para-discos-duros-y-ssd-sata-mod\/","name":"[ Startech.com ] &#129351; Usb312sat3 Cable Adaptador Usb 3.1 10gbps Para Unidades De Disco Sata De 2.5 Y 3.5 Pulgadas - Convertidor Para Discos Duros Y Ssd Sata - Mod.","isPartOf":{"@id":"https:\/\/compuviper.mx\/tienda\/#website"},"datePublished":"2026-05-09T05:40:19+00:00","dateModified":"2026-05-09T05:40:19+00:00","description":"Compra Usb312sat3 Cable Adaptador Usb 3.1 10gbps Para Unidades De Disco Sata De 2.5 Y 3.5 Pulgadas - Convertidor Para Discos Duros Y Ssd Sata - Mod. + Env\u00edo a domicilio + Pago seguro + Garant\u00eda","breadcrumb":{"@id":"https:\/\/compuviper.mx\/tienda\/producto\/startech-com-usb312sat3-cable-adaptador-usb-3-1-10gbps-para-unidades-de-disco-sata-de-2-5-y-3-5-pulgadas-convertidor-para-discos-duros-y-ssd-sata-mod\/#breadcrumb"},"inLanguage":"es-MX","potentialAction":[{"@type":"ReadAction","target":["https:\/\/compuviper.mx\/tienda\/producto\/startech-com-usb312sat3-cable-adaptador-usb-3-1-10gbps-para-unidades-de-disco-sata-de-2-5-y-3-5-pulgadas-convertidor-para-discos-duros-y-ssd-sata-mod\/"]}]},{"@type":"BreadcrumbList","@id":"https:\/\/compuviper.mx\/tienda\/producto\/startech-com-usb312sat3-cable-adaptador-usb-3-1-10gbps-para-unidades-de-disco-sata-de-2-5-y-3-5-pulgadas-convertidor-para-discos-duros-y-ssd-sata-mod\/#breadcrumb","itemListElement":[{"@type":"ListItem","position":1,"name":"Inicio","item":"https:\/\/compuviper.mx\/tienda\/"},{"@type":"ListItem","position":2,"name":"Productos","item":"https:\/\/compuviper.mx\/tienda\/productos\/"},{"@type":"ListItem","position":3,"name":"Cables","item":"https:\/\/compuviper.mx\/tienda\/categoria-producto\/cables\/"},{"@type":"ListItem","position":4,"name":"Cable Usb","item":"https:\/\/compuviper.mx\/tienda\/categoria-producto\/cables\/cable-usb\/"},{"@type":"ListItem","position":5,"name":"Startech.com Usb312sat3 Cable Adaptador Usb 3.1 10gbps Para Unidades De Disco Sata De 2.5 Y 3.5 Pulgadas &#8211; Convertidor Para Discos Duros Y Ssd Sata &#8211; Mod."}]},{"@type":"WebSite","@id":"https:\/\/compuviper.mx\/tienda\/#website","url":"https:\/\/compuviper.mx\/tienda\/","name":"Compuviper","description":"Proveedor de Computadoras, Laptops, Servidores, Monitores, Puntos de Venta, Teclados,   Impresoras, T\u00f3ner, C\u00e1maras de Seguridad y m\u00e1s en tu tienda en l\u00ednea","publisher":{"@id":"https:\/\/compuviper.mx\/tienda\/#organization"},"potentialAction":[{"@type":"SearchAction","target":{"@type":"EntryPoint","urlTemplate":"https:\/\/compuviper.mx\/tienda\/?s={search_term_string}"},"query-input":"required name=search_term_string"}],"inLanguage":"es-MX"},{"@type":"Organization","@id":"https:\/\/compuviper.mx\/tienda\/#organization","name":"Compuviper","url":"https:\/\/compuviper.mx\/tienda\/","logo":{"@type":"ImageObject","inLanguage":"es-MX","@id":"https:\/\/compuviper.mx\/tienda\/#\/schema\/logo\/image\/","url":"https:\/\/compuviper.mx\/tienda\/wp-content\/uploads\/2021\/08\/Logo-Compuviper-10.png","contentUrl":"https:\/\/compuviper.mx\/tienda\/wp-content\/uploads\/2021\/08\/Logo-Compuviper-10.png","width":1000,"height":500,"caption":"Compuviper"},"image":{"@id":"https:\/\/compuviper.mx\/tienda\/#\/schema\/logo\/image\/"},"sameAs":["https:\/\/www.facebook.com\/compuviper","https:\/\/www.youtube.com\/channel\/UCf73dERp9Y3cfOq7q8BhLjA?view_as=subscriber"]}]},"product_brand":"STARTECH.COM","product_price_amount":"815","product_price_currency":"MXN","og_availability":"backorder","product_availability":"available for order","product_retailer_item_id":"USB312SAT3","product_condition":"new"},"_links":{"self":[{"href":"https:\/\/compuviper.mx\/tienda\/wp-json\/wp\/v2\/product\/269238"}],"collection":[{"href":"https:\/\/compuviper.mx\/tienda\/wp-json\/wp\/v2\/product"}],"about":[{"href":"https:\/\/compuviper.mx\/tienda\/wp-json\/wp\/v2\/types\/product"}],"replies":[{"embeddable":true,"href":"https:\/\/compuviper.mx\/tienda\/wp-json\/wp\/v2\/comments?post=269238"}],"wp:attachment":[{"href":"https:\/\/compuviper.mx\/tienda\/wp-json\/wp\/v2\/media?parent=269238"}],"wp:term":[{"taxonomy":"product_cat","embeddable":true,"href":"https:\/\/compuviper.mx\/tienda\/wp-json\/wp\/v2\/product_cat?post=269238"},{"taxonomy":"product_tag","embeddable":true,"href":"https:\/\/compuviper.mx\/tienda\/wp-json\/wp\/v2\/product_tag?post=269238"}],"curies":[{"name":"wp","href":"https:\/\/api.w.org\/{rel}","templated":true}]}}