{"id":269237,"date":"2026-05-15T23:24:26","date_gmt":"2026-05-16T05:24:26","guid":{"rendered":"https:\/\/compuviper.mx\/tienda\/producto\/sharp-display-xp-40zl-lente-zoom-tiro-corto-nec-np40zl-0-79-1-141-para-los-modelos-xp-v731u-801u-y-xp-a824u-104u\/"},"modified":"2026-05-15T23:24:26","modified_gmt":"2026-05-16T05:24:26","slug":"sharp-display-xp-40zl-lente-zoom-tiro-corto-nec-np40zl-0-79-1-141-para-los-modelos-xp-v731u-801u-y-xp-a824u-104u","status":"publish","type":"product","link":"https:\/\/compuviper.mx\/tienda\/producto\/sharp-display-xp-40zl-lente-zoom-tiro-corto-nec-np40zl-0-79-1-141-para-los-modelos-xp-v731u-801u-y-xp-a824u-104u\/","title":{"rendered":"Sharp Display Xp-40zl Lente Zoom Tiro Corto Nec Np40zl 0.79 &#8211; 1.141 Para Los Modelos Xp-v731u\/801u Y Xp-a824u\/104u"},"content":{"rendered":"<table class=\"descripcion\">\n<tr>\n<td>Videoproyectores compatibles<\/td>\n<\/tr>\n<\/table>\n","protected":false},"excerpt":{"rendered":"<p>Logra instalaciones sorprendentes con equipo profesionales de nec display<\/p>\n","protected":false},"featured_media":0,"comment_status":"open","ping_status":"open","template":"","meta":[],"product_cat":[1485,1544],"product_tag":[2237],"acf":[],"yoast_head":"<!-- This site is optimized with the Yoast SEO plugin v21.7 - https:\/\/yoast.com\/wordpress\/plugins\/seo\/ -->\n<title>[ Sharp Display ] &#129351; Xp-40zl Lente Zoom Tiro Corto Nec Np40zl 0.79 - 1.141 Para Los Modelos Xp-v731u\/801u Y Xp-a824u\/104u<\/title>\n<meta name=\"description\" content=\"Compra Xp-40zl Lente Zoom Tiro Corto Nec Np40zl 0.79 - 1.141 Para Los Modelos Xp-v731u\/801u Y Xp-a824u\/104u + Env\u00edo a domicilio + Pago seguro + Garant\u00eda\" \/>\n<meta name=\"robots\" content=\"index, follow, max-snippet:-1, max-image-preview:large, max-video-preview:-1\" \/>\n<link rel=\"canonical\" href=\"https:\/\/compuviper.mx\/tienda\/producto\/sharp-display-xp-40zl-lente-zoom-tiro-corto-nec-np40zl-0-79-1-141-para-los-modelos-xp-v731u-801u-y-xp-a824u-104u\/\" \/>\n<meta property=\"og:locale\" content=\"es_MX\" \/>\n<meta property=\"og:type\" content=\"article\" \/>\n<meta property=\"og:title\" content=\"[ Sharp Display ] &#129351; Xp-40zl Lente Zoom Tiro Corto Nec Np40zl 0.79 - 1.141 Para Los Modelos Xp-v731u\/801u Y Xp-a824u\/104u\" \/>\n<meta property=\"og:description\" content=\"Compra Xp-40zl Lente Zoom Tiro Corto Nec Np40zl 0.79 - 1.141 Para Los Modelos Xp-v731u\/801u Y Xp-a824u\/104u + Env\u00edo a domicilio + Pago seguro + Garant\u00eda\" \/>\n<meta property=\"og:url\" content=\"https:\/\/compuviper.mx\/tienda\/producto\/sharp-display-xp-40zl-lente-zoom-tiro-corto-nec-np40zl-0-79-1-141-para-los-modelos-xp-v731u-801u-y-xp-a824u-104u\/\" \/>\n<meta property=\"og:site_name\" content=\"Compuviper\" \/>\n<meta property=\"article:publisher\" content=\"https:\/\/www.facebook.com\/compuviper\" \/>\n<meta name=\"twitter:card\" content=\"summary_large_image\" \/>\n<meta name=\"twitter:label1\" content=\"Precio\" \/>\n\t<meta name=\"twitter:data1\" content=\"&#36;39,554 con IVA\" \/>\n\t<meta name=\"twitter:label2\" content=\"Availability\" \/>\n\t<meta name=\"twitter:data2\" content=\"On backorder\" \/>\n<script type=\"application\/ld+json\" class=\"yoast-schema-graph\">{\"@context\":\"https:\/\/schema.org\",\"@graph\":[{\"@type\":\"WebPage\",\"@id\":\"https:\/\/compuviper.mx\/tienda\/producto\/sharp-display-xp-40zl-lente-zoom-tiro-corto-nec-np40zl-0-79-1-141-para-los-modelos-xp-v731u-801u-y-xp-a824u-104u\/\",\"url\":\"https:\/\/compuviper.mx\/tienda\/producto\/sharp-display-xp-40zl-lente-zoom-tiro-corto-nec-np40zl-0-79-1-141-para-los-modelos-xp-v731u-801u-y-xp-a824u-104u\/\",\"name\":\"[ Sharp Display ] &#129351; Xp-40zl Lente Zoom Tiro Corto Nec Np40zl 0.79 - 1.141 Para Los Modelos Xp-v731u\/801u Y Xp-a824u\/104u\",\"isPartOf\":{\"@id\":\"https:\/\/compuviper.mx\/tienda\/#website\"},\"datePublished\":\"2026-05-16T05:24:26+00:00\",\"dateModified\":\"2026-05-16T05:24:26+00:00\",\"description\":\"Compra Xp-40zl Lente Zoom Tiro Corto Nec Np40zl 0.79 - 1.141 Para Los Modelos Xp-v731u\/801u Y Xp-a824u\/104u + Env\u00edo a domicilio + Pago seguro + Garant\u00eda\",\"breadcrumb\":{\"@id\":\"https:\/\/compuviper.mx\/tienda\/producto\/sharp-display-xp-40zl-lente-zoom-tiro-corto-nec-np40zl-0-79-1-141-para-los-modelos-xp-v731u-801u-y-xp-a824u-104u\/#breadcrumb\"},\"inLanguage\":\"es-MX\",\"potentialAction\":[{\"@type\":\"ReadAction\",\"target\":[\"https:\/\/compuviper.mx\/tienda\/producto\/sharp-display-xp-40zl-lente-zoom-tiro-corto-nec-np40zl-0-79-1-141-para-los-modelos-xp-v731u-801u-y-xp-a824u-104u\/\"]}]},{\"@type\":\"BreadcrumbList\",\"@id\":\"https:\/\/compuviper.mx\/tienda\/producto\/sharp-display-xp-40zl-lente-zoom-tiro-corto-nec-np40zl-0-79-1-141-para-los-modelos-xp-v731u-801u-y-xp-a824u-104u\/#breadcrumb\",\"itemListElement\":[{\"@type\":\"ListItem\",\"position\":1,\"name\":\"Inicio\",\"item\":\"https:\/\/compuviper.mx\/tienda\/\"},{\"@type\":\"ListItem\",\"position\":2,\"name\":\"Productos\",\"item\":\"https:\/\/compuviper.mx\/tienda\/productos\/\"},{\"@type\":\"ListItem\",\"position\":3,\"name\":\"Accesorios\",\"item\":\"https:\/\/compuviper.mx\/tienda\/categoria-producto\/accesorios\/\"},{\"@type\":\"ListItem\",\"position\":4,\"name\":\"Videoproyectores\",\"item\":\"https:\/\/compuviper.mx\/tienda\/categoria-producto\/accesorios\/videoproyectores\/\"},{\"@type\":\"ListItem\",\"position\":5,\"name\":\"Sharp Display Xp-40zl Lente Zoom Tiro Corto Nec Np40zl 0.79 &#8211; 1.141 Para Los Modelos Xp-v731u\/801u Y Xp-a824u\/104u\"}]},{\"@type\":\"WebSite\",\"@id\":\"https:\/\/compuviper.mx\/tienda\/#website\",\"url\":\"https:\/\/compuviper.mx\/tienda\/\",\"name\":\"Compuviper\",\"description\":\"Proveedor de Computadoras, Laptops, Servidores, Monitores, Puntos de Venta, Teclados,   Impresoras, T\u00f3ner, C\u00e1maras de Seguridad y m\u00e1s en tu tienda en l\u00ednea\",\"publisher\":{\"@id\":\"https:\/\/compuviper.mx\/tienda\/#organization\"},\"potentialAction\":[{\"@type\":\"SearchAction\",\"target\":{\"@type\":\"EntryPoint\",\"urlTemplate\":\"https:\/\/compuviper.mx\/tienda\/?s={search_term_string}\"},\"query-input\":\"required name=search_term_string\"}],\"inLanguage\":\"es-MX\"},{\"@type\":\"Organization\",\"@id\":\"https:\/\/compuviper.mx\/tienda\/#organization\",\"name\":\"Compuviper\",\"url\":\"https:\/\/compuviper.mx\/tienda\/\",\"logo\":{\"@type\":\"ImageObject\",\"inLanguage\":\"es-MX\",\"@id\":\"https:\/\/compuviper.mx\/tienda\/#\/schema\/logo\/image\/\",\"url\":\"https:\/\/compuviper.mx\/tienda\/wp-content\/uploads\/2021\/08\/Logo-Compuviper-10.png\",\"contentUrl\":\"https:\/\/compuviper.mx\/tienda\/wp-content\/uploads\/2021\/08\/Logo-Compuviper-10.png\",\"width\":1000,\"height\":500,\"caption\":\"Compuviper\"},\"image\":{\"@id\":\"https:\/\/compuviper.mx\/tienda\/#\/schema\/logo\/image\/\"},\"sameAs\":[\"https:\/\/www.facebook.com\/compuviper\",\"https:\/\/www.youtube.com\/channel\/UCf73dERp9Y3cfOq7q8BhLjA?view_as=subscriber\"]}]}<\/script>\n<meta property=\"product:brand\" content=\"Sharp Display\" \/>\n<meta property=\"product:price:amount\" content=\"39554\" \/>\n<meta property=\"product:price:currency\" content=\"MXN\" \/>\n<meta property=\"og:availability\" content=\"backorder\" \/>\n<meta property=\"product:availability\" content=\"available for order\" \/>\n<meta property=\"product:retailer_item_id\" content=\"XP-40ZL\" \/>\n<meta property=\"product:condition\" content=\"new\" \/>\n<!-- \/ Yoast SEO plugin. -->","yoast_head_json":{"title":"[ Sharp Display ] &#129351; Xp-40zl Lente Zoom Tiro Corto Nec Np40zl 0.79 - 1.141 Para Los Modelos Xp-v731u\/801u Y Xp-a824u\/104u","description":"Compra Xp-40zl Lente Zoom Tiro Corto Nec Np40zl 0.79 - 1.141 Para Los Modelos Xp-v731u\/801u Y Xp-a824u\/104u + Env\u00edo a domicilio + Pago seguro + Garant\u00eda","robots":{"index":"index","follow":"follow","max-snippet":"max-snippet:-1","max-image-preview":"max-image-preview:large","max-video-preview":"max-video-preview:-1"},"canonical":"https:\/\/compuviper.mx\/tienda\/producto\/sharp-display-xp-40zl-lente-zoom-tiro-corto-nec-np40zl-0-79-1-141-para-los-modelos-xp-v731u-801u-y-xp-a824u-104u\/","og_locale":"es_MX","og_type":"article","og_title":"[ Sharp Display ] &#129351; Xp-40zl Lente Zoom Tiro Corto Nec Np40zl 0.79 - 1.141 Para Los Modelos Xp-v731u\/801u Y Xp-a824u\/104u","og_description":"Compra Xp-40zl Lente Zoom Tiro Corto Nec Np40zl 0.79 - 1.141 Para Los Modelos Xp-v731u\/801u Y Xp-a824u\/104u + Env\u00edo a domicilio + Pago seguro + Garant\u00eda","og_url":"https:\/\/compuviper.mx\/tienda\/producto\/sharp-display-xp-40zl-lente-zoom-tiro-corto-nec-np40zl-0-79-1-141-para-los-modelos-xp-v731u-801u-y-xp-a824u-104u\/","og_site_name":"Compuviper","article_publisher":"https:\/\/www.facebook.com\/compuviper","twitter_card":"summary_large_image","twitter_misc":{"Precio":"&#36;39,554 con IVA","Availability":"On backorder"},"schema":{"@context":"https:\/\/schema.org","@graph":[{"@type":"WebPage","@id":"https:\/\/compuviper.mx\/tienda\/producto\/sharp-display-xp-40zl-lente-zoom-tiro-corto-nec-np40zl-0-79-1-141-para-los-modelos-xp-v731u-801u-y-xp-a824u-104u\/","url":"https:\/\/compuviper.mx\/tienda\/producto\/sharp-display-xp-40zl-lente-zoom-tiro-corto-nec-np40zl-0-79-1-141-para-los-modelos-xp-v731u-801u-y-xp-a824u-104u\/","name":"[ Sharp Display ] &#129351; Xp-40zl Lente Zoom Tiro Corto Nec Np40zl 0.79 - 1.141 Para Los Modelos Xp-v731u\/801u Y Xp-a824u\/104u","isPartOf":{"@id":"https:\/\/compuviper.mx\/tienda\/#website"},"datePublished":"2026-05-16T05:24:26+00:00","dateModified":"2026-05-16T05:24:26+00:00","description":"Compra Xp-40zl Lente Zoom Tiro Corto Nec Np40zl 0.79 - 1.141 Para Los Modelos Xp-v731u\/801u Y Xp-a824u\/104u + Env\u00edo a domicilio + Pago seguro + Garant\u00eda","breadcrumb":{"@id":"https:\/\/compuviper.mx\/tienda\/producto\/sharp-display-xp-40zl-lente-zoom-tiro-corto-nec-np40zl-0-79-1-141-para-los-modelos-xp-v731u-801u-y-xp-a824u-104u\/#breadcrumb"},"inLanguage":"es-MX","potentialAction":[{"@type":"ReadAction","target":["https:\/\/compuviper.mx\/tienda\/producto\/sharp-display-xp-40zl-lente-zoom-tiro-corto-nec-np40zl-0-79-1-141-para-los-modelos-xp-v731u-801u-y-xp-a824u-104u\/"]}]},{"@type":"BreadcrumbList","@id":"https:\/\/compuviper.mx\/tienda\/producto\/sharp-display-xp-40zl-lente-zoom-tiro-corto-nec-np40zl-0-79-1-141-para-los-modelos-xp-v731u-801u-y-xp-a824u-104u\/#breadcrumb","itemListElement":[{"@type":"ListItem","position":1,"name":"Inicio","item":"https:\/\/compuviper.mx\/tienda\/"},{"@type":"ListItem","position":2,"name":"Productos","item":"https:\/\/compuviper.mx\/tienda\/productos\/"},{"@type":"ListItem","position":3,"name":"Accesorios","item":"https:\/\/compuviper.mx\/tienda\/categoria-producto\/accesorios\/"},{"@type":"ListItem","position":4,"name":"Videoproyectores","item":"https:\/\/compuviper.mx\/tienda\/categoria-producto\/accesorios\/videoproyectores\/"},{"@type":"ListItem","position":5,"name":"Sharp Display Xp-40zl Lente Zoom Tiro Corto Nec Np40zl 0.79 &#8211; 1.141 Para Los Modelos Xp-v731u\/801u Y Xp-a824u\/104u"}]},{"@type":"WebSite","@id":"https:\/\/compuviper.mx\/tienda\/#website","url":"https:\/\/compuviper.mx\/tienda\/","name":"Compuviper","description":"Proveedor de Computadoras, Laptops, Servidores, Monitores, Puntos de Venta, Teclados,   Impresoras, T\u00f3ner, C\u00e1maras de Seguridad y m\u00e1s en tu tienda en l\u00ednea","publisher":{"@id":"https:\/\/compuviper.mx\/tienda\/#organization"},"potentialAction":[{"@type":"SearchAction","target":{"@type":"EntryPoint","urlTemplate":"https:\/\/compuviper.mx\/tienda\/?s={search_term_string}"},"query-input":"required name=search_term_string"}],"inLanguage":"es-MX"},{"@type":"Organization","@id":"https:\/\/compuviper.mx\/tienda\/#organization","name":"Compuviper","url":"https:\/\/compuviper.mx\/tienda\/","logo":{"@type":"ImageObject","inLanguage":"es-MX","@id":"https:\/\/compuviper.mx\/tienda\/#\/schema\/logo\/image\/","url":"https:\/\/compuviper.mx\/tienda\/wp-content\/uploads\/2021\/08\/Logo-Compuviper-10.png","contentUrl":"https:\/\/compuviper.mx\/tienda\/wp-content\/uploads\/2021\/08\/Logo-Compuviper-10.png","width":1000,"height":500,"caption":"Compuviper"},"image":{"@id":"https:\/\/compuviper.mx\/tienda\/#\/schema\/logo\/image\/"},"sameAs":["https:\/\/www.facebook.com\/compuviper","https:\/\/www.youtube.com\/channel\/UCf73dERp9Y3cfOq7q8BhLjA?view_as=subscriber"]}]},"product_brand":"Sharp Display","product_price_amount":"39554","product_price_currency":"MXN","og_availability":"backorder","product_availability":"available for order","product_retailer_item_id":"XP-40ZL","product_condition":"new"},"_links":{"self":[{"href":"https:\/\/compuviper.mx\/tienda\/wp-json\/wp\/v2\/product\/269237"}],"collection":[{"href":"https:\/\/compuviper.mx\/tienda\/wp-json\/wp\/v2\/product"}],"about":[{"href":"https:\/\/compuviper.mx\/tienda\/wp-json\/wp\/v2\/types\/product"}],"replies":[{"embeddable":true,"href":"https:\/\/compuviper.mx\/tienda\/wp-json\/wp\/v2\/comments?post=269237"}],"wp:attachment":[{"href":"https:\/\/compuviper.mx\/tienda\/wp-json\/wp\/v2\/media?parent=269237"}],"wp:term":[{"taxonomy":"product_cat","embeddable":true,"href":"https:\/\/compuviper.mx\/tienda\/wp-json\/wp\/v2\/product_cat?post=269237"},{"taxonomy":"product_tag","embeddable":true,"href":"https:\/\/compuviper.mx\/tienda\/wp-json\/wp\/v2\/product_tag?post=269237"}],"curies":[{"name":"wp","href":"https:\/\/api.w.org\/{rel}","templated":true}]}}