{"id":269225,"date":"2026-05-13T00:26:07","date_gmt":"2026-05-13T06:26:07","guid":{"rendered":"https:\/\/compuviper.mx\/tienda\/producto\/dahua-dh-ipc-hfw3849t-zas-il-camara-ip-bullet-4k-de-8-mp-lente-motorizado-2-7-13-5-mm-acupick-wizsense-smd-4-0-iluminador-dual-inteligente-proteccion-perimetral-ai-ssa-ir-60m-dual-light-ip6\/"},"modified":"2026-05-13T00:26:07","modified_gmt":"2026-05-13T06:26:07","slug":"dahua-dh-ipc-hfw3849t-zas-il-camara-ip-bullet-4k-de-8-mp-lente-motorizado-2-7-13-5-mm-acupick-wizsense-smd-4-0-iluminador-dual-inteligente-proteccion-perimetral-ai-ssa-ir-60m-dual-light-ip6","status":"publish","type":"product","link":"https:\/\/compuviper.mx\/tienda\/producto\/dahua-dh-ipc-hfw3849t-zas-il-camara-ip-bullet-4k-de-8-mp-lente-motorizado-2-7-13-5-mm-acupick-wizsense-smd-4-0-iluminador-dual-inteligente-proteccion-perimetral-ai-ssa-ir-60m-dual-light-ip6\/","title":{"rendered":"Dahua Dh-ipc-hfw3849t-zas-il Camara Ip   Bullet 4k De 8 Mp\/ Lente Motorizado 2.7-13.5 Mm\/ Acupick\/ Wizsense\/ Smd 4.0.\/iluminador Dual Inteligente\/ Proteccion Perimetral\/ Ai Ssa\/ Ir 60m\/ Dual Light\/ip67"},"content":{"rendered":"<table class=\"descripcion\">\n<tr>\n<td>Especificaciones tecnicas<\/td>\n<\/tr>\n<tr>\n<td>\u0095 sensor de imagen: 1\/2.7 cmos, 8 mp (3840 \u00d7 2160)<\/td>\n<\/tr>\n<tr>\n<td>\u0095 memoria: 1 gb ram \/ 256 mb rom<\/td>\n<\/tr>\n<tr>\n<td>\u0095 iluminacion minima: 0.007 lux (color), 0.0007 lux (b\/n), 0 lux con ir\/luz calida<\/td>\n<\/tr>\n<tr>\n<td>\u0095 distancia de iluminacion: hasta 60 m (ir y luz calida)<\/td>\n<\/tr>\n<tr>\n<td>\u0095 lente: motorizado varifocal 2.7\u009613.5 mm, f1.4, fov h:114\u00b0\u009632\u00b0<\/td>\n<\/tr>\n<tr>\n<td>\u0095 dori (detect\/identify): 280 m deteccion \/ 28 m identificacion (tele)<\/td>\n<\/tr>\n<tr>\n<td>\u0095 funciones inteligentes ai: ivs (perimetro), smd 4.0, face detection, acupick, smart search, ai ssa<\/td>\n<\/tr>\n<tr>\n<td>\u0095 video: 8m@30fps max., 3 streams, codecs ai h.265\/h.264, wdr 120 db, 3d nr, eis, smart dual light<\/td>\n<\/tr>\n<tr>\n<td>\u0095 audio: microfono integrado, entrada\/salida rca, codecs g.711\/pcm\/g.726\/g.723<\/td>\n<\/tr>\n<tr>\n<td>\u0095 alarma: 1 entrada \/ 1 salida, multiples eventos (intrusion, sabotaje, defocus, red, etc.)<\/td>\n<\/tr>\n<tr>\n<td>\u0095 red: rj-45 (10\/100 mbps), onvif s\/g\/t\/m, hasta 20 usuarios, nas\/ftp\/microsd (max. 512 gb)<\/td>\n<\/tr>\n<tr>\n<td>\u0095 seguridad: cifrado https, 802.1x, ip\/mac filtering, syslog, arranque seguro<\/td>\n<\/tr>\n<tr>\n<td>\u0095 energia: 12 vdc o poe 802.3af, consumo max. 9.9 w (dc) \/ 12.5 w (poe)<\/td>\n<\/tr>\n<tr>\n<td>\u0095 proteccion y ambiente: ip67, \u009630 \u00b0c a +60 \u00b0c, hr  and #8804;95%<\/td>\n<\/tr>\n<tr>\n<td>\u0095 dimensiones\/peso: 238.5 \u00d7 90.7 \u00d7 90.7 mm, 835 g neto<\/td>\n<\/tr>\n<tr>\n<td>Incluye<\/td>\n<\/tr>\n<tr>\n<td>\u0095 1x camara bullet dahua dh-ipc-hfw3849t-zas-il<\/td>\n<\/tr>\n<tr>\n<td>\u0095 1x manual de usuario<\/td>\n<\/tr>\n<tr>\n<td>\u0095 1x poliza de garantia<\/td>\n<\/tr>\n<\/table>\n","protected":false},"excerpt":{"rendered":"<p>Informacion general. La dahua dh-ipc-hfw3849t-zas-il ofrece imagen ultra hd (3840\u00d72160) con lente motorizado 2.7\u009613.5 mm y sensor cmos de 1\/2.7 and #8243;. Incluye iluminacion dual inteligente\u0097ir y luz blanca\u0097con alcance de hasta 60 m, optimizando visualizacion nocturna sin contaminaciones. Implementa smart dual light, smd 4.0, deteccion avanzada de personas y vehiculos (iva), y ai ssa para disparo selectivo. Ademas tiene compresion eficiente (smart h.265+), audio bidireccional, alarma integrada y almacenamiento local microsd (hasta 512 gb). Construida para exteriores con proteccion ip67 y opcional ik10, es ideal para vigilancia avanzada. Caracteristicas principales. \u0095 zoom motorizado con enfoque preciso. \u0095 luz dual inteligente para vision nocturna activa. \u0095 ia avanzada para vigilancia selectiva y reduccion de falsas alarmas. \u0095 audio y alarmas integradas para intervencion remota. \u0095 diseno robusto ip67 para aplicaciones exteriores exigentes<\/p>\n","protected":false},"featured_media":0,"comment_status":"open","ping_status":"open","template":"","meta":[],"product_cat":[1681,1608],"product_tag":[1555],"acf":[],"yoast_head":"<!-- This site is optimized with the Yoast SEO plugin v21.7 - https:\/\/yoast.com\/wordpress\/plugins\/seo\/ -->\n<title>[ Dahua ] &#129351; Dh-ipc-hfw3849t-zas-il Camara Ip Bullet 4k De 8 Mp\/ Lente Motorizado 2.7-13.5 Mm\/ Acupick\/ Wizsense\/ Smd 4.0.\/iluminador Dual Inteligente\/ Proteccion Perimetral\/ Ai Ssa\/ Ir 60m\/ Dual Light\/ip67<\/title>\n<meta name=\"description\" content=\"Compra Dh-ipc-hfw3849t-zas-il Camara Ip Bullet 4k De 8 Mp\/ Lente Motorizado 2.7-13.5 Mm\/ Acupick\/ Wizsense\/ Smd 4.0.\/iluminador Dual Inteligente\/ Proteccion Perimetral\/ Ai Ssa\/ Ir 60m\/ Dual Light\/ip67 + Env\u00edo a domicilio + Pago seguro + Garant\u00eda\" \/>\n<meta name=\"robots\" content=\"index, follow, max-snippet:-1, max-image-preview:large, max-video-preview:-1\" \/>\n<link rel=\"canonical\" href=\"https:\/\/compuviper.mx\/tienda\/producto\/dahua-dh-ipc-hfw3849t-zas-il-camara-ip-bullet-4k-de-8-mp-lente-motorizado-2-7-13-5-mm-acupick-wizsense-smd-4-0-iluminador-dual-inteligente-proteccion-perimetral-ai-ssa-ir-60m-dual-light-ip6\/\" \/>\n<meta property=\"og:locale\" content=\"es_MX\" \/>\n<meta property=\"og:type\" content=\"article\" \/>\n<meta property=\"og:title\" content=\"[ Dahua ] &#129351; Dh-ipc-hfw3849t-zas-il Camara Ip Bullet 4k De 8 Mp\/ Lente Motorizado 2.7-13.5 Mm\/ Acupick\/ Wizsense\/ Smd 4.0.\/iluminador Dual Inteligente\/ Proteccion Perimetral\/ Ai Ssa\/ Ir 60m\/ Dual Light\/ip67\" \/>\n<meta property=\"og:description\" content=\"Compra Dh-ipc-hfw3849t-zas-il Camara Ip Bullet 4k De 8 Mp\/ Lente Motorizado 2.7-13.5 Mm\/ Acupick\/ Wizsense\/ Smd 4.0.\/iluminador Dual Inteligente\/ Proteccion Perimetral\/ Ai Ssa\/ Ir 60m\/ Dual Light\/ip67 + Env\u00edo a domicilio + Pago seguro + Garant\u00eda\" \/>\n<meta property=\"og:url\" content=\"https:\/\/compuviper.mx\/tienda\/producto\/dahua-dh-ipc-hfw3849t-zas-il-camara-ip-bullet-4k-de-8-mp-lente-motorizado-2-7-13-5-mm-acupick-wizsense-smd-4-0-iluminador-dual-inteligente-proteccion-perimetral-ai-ssa-ir-60m-dual-light-ip6\/\" \/>\n<meta property=\"og:site_name\" content=\"Compuviper\" \/>\n<meta property=\"article:publisher\" content=\"https:\/\/www.facebook.com\/compuviper\" \/>\n<meta name=\"twitter:card\" content=\"summary_large_image\" \/>\n<meta name=\"twitter:label1\" content=\"Precio\" \/>\n\t<meta name=\"twitter:data1\" content=\"&#36;5,597 con IVA\" \/>\n\t<meta name=\"twitter:label2\" content=\"Availability\" \/>\n\t<meta name=\"twitter:data2\" content=\"Out of stock\" \/>\n<script type=\"application\/ld+json\" class=\"yoast-schema-graph\">{\"@context\":\"https:\/\/schema.org\",\"@graph\":[{\"@type\":\"WebPage\",\"@id\":\"https:\/\/compuviper.mx\/tienda\/producto\/dahua-dh-ipc-hfw3849t-zas-il-camara-ip-bullet-4k-de-8-mp-lente-motorizado-2-7-13-5-mm-acupick-wizsense-smd-4-0-iluminador-dual-inteligente-proteccion-perimetral-ai-ssa-ir-60m-dual-light-ip6\/\",\"url\":\"https:\/\/compuviper.mx\/tienda\/producto\/dahua-dh-ipc-hfw3849t-zas-il-camara-ip-bullet-4k-de-8-mp-lente-motorizado-2-7-13-5-mm-acupick-wizsense-smd-4-0-iluminador-dual-inteligente-proteccion-perimetral-ai-ssa-ir-60m-dual-light-ip6\/\",\"name\":\"[ Dahua ] &#129351; Dh-ipc-hfw3849t-zas-il Camara Ip Bullet 4k De 8 Mp\/ Lente Motorizado 2.7-13.5 Mm\/ Acupick\/ Wizsense\/ Smd 4.0.\/iluminador Dual Inteligente\/ Proteccion Perimetral\/ Ai Ssa\/ Ir 60m\/ Dual Light\/ip67\",\"isPartOf\":{\"@id\":\"https:\/\/compuviper.mx\/tienda\/#website\"},\"datePublished\":\"2026-05-13T06:26:07+00:00\",\"dateModified\":\"2026-05-13T06:26:07+00:00\",\"description\":\"Compra Dh-ipc-hfw3849t-zas-il Camara Ip Bullet 4k De 8 Mp\/ Lente Motorizado 2.7-13.5 Mm\/ Acupick\/ Wizsense\/ Smd 4.0.\/iluminador Dual Inteligente\/ Proteccion Perimetral\/ Ai Ssa\/ Ir 60m\/ Dual Light\/ip67 + Env\u00edo a domicilio + Pago seguro + Garant\u00eda\",\"breadcrumb\":{\"@id\":\"https:\/\/compuviper.mx\/tienda\/producto\/dahua-dh-ipc-hfw3849t-zas-il-camara-ip-bullet-4k-de-8-mp-lente-motorizado-2-7-13-5-mm-acupick-wizsense-smd-4-0-iluminador-dual-inteligente-proteccion-perimetral-ai-ssa-ir-60m-dual-light-ip6\/#breadcrumb\"},\"inLanguage\":\"es-MX\",\"potentialAction\":[{\"@type\":\"ReadAction\",\"target\":[\"https:\/\/compuviper.mx\/tienda\/producto\/dahua-dh-ipc-hfw3849t-zas-il-camara-ip-bullet-4k-de-8-mp-lente-motorizado-2-7-13-5-mm-acupick-wizsense-smd-4-0-iluminador-dual-inteligente-proteccion-perimetral-ai-ssa-ir-60m-dual-light-ip6\/\"]}]},{\"@type\":\"BreadcrumbList\",\"@id\":\"https:\/\/compuviper.mx\/tienda\/producto\/dahua-dh-ipc-hfw3849t-zas-il-camara-ip-bullet-4k-de-8-mp-lente-motorizado-2-7-13-5-mm-acupick-wizsense-smd-4-0-iluminador-dual-inteligente-proteccion-perimetral-ai-ssa-ir-60m-dual-light-ip6\/#breadcrumb\",\"itemListElement\":[{\"@type\":\"ListItem\",\"position\":1,\"name\":\"Inicio\",\"item\":\"https:\/\/compuviper.mx\/tienda\/\"},{\"@type\":\"ListItem\",\"position\":2,\"name\":\"Productos\",\"item\":\"https:\/\/compuviper.mx\/tienda\/productos\/\"},{\"@type\":\"ListItem\",\"position\":3,\"name\":\"Camaras\",\"item\":\"https:\/\/compuviper.mx\/tienda\/categoria-producto\/camaras-2\/\"},{\"@type\":\"ListItem\",\"position\":4,\"name\":\"Camara De Videovigilancia\",\"item\":\"https:\/\/compuviper.mx\/tienda\/categoria-producto\/camaras-2\/camara-de-videovigilancia\/\"},{\"@type\":\"ListItem\",\"position\":5,\"name\":\"Dahua Dh-ipc-hfw3849t-zas-il Camara Ip Bullet 4k De 8 Mp\/ Lente Motorizado 2.7-13.5 Mm\/ Acupick\/ Wizsense\/ Smd 4.0.\/iluminador Dual Inteligente\/ Proteccion Perimetral\/ Ai Ssa\/ Ir 60m\/ Dual Light\/ip67\"}]},{\"@type\":\"WebSite\",\"@id\":\"https:\/\/compuviper.mx\/tienda\/#website\",\"url\":\"https:\/\/compuviper.mx\/tienda\/\",\"name\":\"Compuviper\",\"description\":\"Proveedor de Computadoras, Laptops, Servidores, Monitores, Puntos de Venta, Teclados,   Impresoras, T\u00f3ner, C\u00e1maras de Seguridad y m\u00e1s en tu tienda en l\u00ednea\",\"publisher\":{\"@id\":\"https:\/\/compuviper.mx\/tienda\/#organization\"},\"potentialAction\":[{\"@type\":\"SearchAction\",\"target\":{\"@type\":\"EntryPoint\",\"urlTemplate\":\"https:\/\/compuviper.mx\/tienda\/?s={search_term_string}\"},\"query-input\":\"required name=search_term_string\"}],\"inLanguage\":\"es-MX\"},{\"@type\":\"Organization\",\"@id\":\"https:\/\/compuviper.mx\/tienda\/#organization\",\"name\":\"Compuviper\",\"url\":\"https:\/\/compuviper.mx\/tienda\/\",\"logo\":{\"@type\":\"ImageObject\",\"inLanguage\":\"es-MX\",\"@id\":\"https:\/\/compuviper.mx\/tienda\/#\/schema\/logo\/image\/\",\"url\":\"https:\/\/compuviper.mx\/tienda\/wp-content\/uploads\/2021\/08\/Logo-Compuviper-10.png\",\"contentUrl\":\"https:\/\/compuviper.mx\/tienda\/wp-content\/uploads\/2021\/08\/Logo-Compuviper-10.png\",\"width\":1000,\"height\":500,\"caption\":\"Compuviper\"},\"image\":{\"@id\":\"https:\/\/compuviper.mx\/tienda\/#\/schema\/logo\/image\/\"},\"sameAs\":[\"https:\/\/www.facebook.com\/compuviper\",\"https:\/\/www.youtube.com\/channel\/UCf73dERp9Y3cfOq7q8BhLjA?view_as=subscriber\"]}]}<\/script>\n<meta property=\"product:brand\" content=\"DAHUA\" \/>\n<meta property=\"product:price:amount\" content=\"5597\" \/>\n<meta property=\"product:price:currency\" content=\"MXN\" \/>\n<meta property=\"og:availability\" content=\"out of stock\" \/>\n<meta property=\"product:availability\" content=\"out of stock\" \/>\n<meta property=\"product:retailer_item_id\" content=\"DH-IPC-HFW3849T-ZAS-IL\" \/>\n<meta property=\"product:condition\" content=\"new\" \/>\n<!-- \/ Yoast SEO plugin. -->","yoast_head_json":{"title":"[ Dahua ] &#129351; Dh-ipc-hfw3849t-zas-il Camara Ip Bullet 4k De 8 Mp\/ Lente Motorizado 2.7-13.5 Mm\/ Acupick\/ Wizsense\/ Smd 4.0.\/iluminador Dual Inteligente\/ Proteccion Perimetral\/ Ai Ssa\/ Ir 60m\/ Dual Light\/ip67","description":"Compra Dh-ipc-hfw3849t-zas-il Camara Ip Bullet 4k De 8 Mp\/ Lente Motorizado 2.7-13.5 Mm\/ Acupick\/ Wizsense\/ Smd 4.0.\/iluminador Dual Inteligente\/ Proteccion Perimetral\/ Ai Ssa\/ Ir 60m\/ Dual Light\/ip67 + Env\u00edo a domicilio + Pago seguro + Garant\u00eda","robots":{"index":"index","follow":"follow","max-snippet":"max-snippet:-1","max-image-preview":"max-image-preview:large","max-video-preview":"max-video-preview:-1"},"canonical":"https:\/\/compuviper.mx\/tienda\/producto\/dahua-dh-ipc-hfw3849t-zas-il-camara-ip-bullet-4k-de-8-mp-lente-motorizado-2-7-13-5-mm-acupick-wizsense-smd-4-0-iluminador-dual-inteligente-proteccion-perimetral-ai-ssa-ir-60m-dual-light-ip6\/","og_locale":"es_MX","og_type":"article","og_title":"[ Dahua ] &#129351; Dh-ipc-hfw3849t-zas-il Camara Ip Bullet 4k De 8 Mp\/ Lente Motorizado 2.7-13.5 Mm\/ Acupick\/ Wizsense\/ Smd 4.0.\/iluminador Dual Inteligente\/ Proteccion Perimetral\/ Ai Ssa\/ Ir 60m\/ Dual Light\/ip67","og_description":"Compra Dh-ipc-hfw3849t-zas-il Camara Ip Bullet 4k De 8 Mp\/ Lente Motorizado 2.7-13.5 Mm\/ Acupick\/ Wizsense\/ Smd 4.0.\/iluminador Dual Inteligente\/ Proteccion Perimetral\/ Ai Ssa\/ Ir 60m\/ Dual Light\/ip67 + Env\u00edo a domicilio + Pago seguro + Garant\u00eda","og_url":"https:\/\/compuviper.mx\/tienda\/producto\/dahua-dh-ipc-hfw3849t-zas-il-camara-ip-bullet-4k-de-8-mp-lente-motorizado-2-7-13-5-mm-acupick-wizsense-smd-4-0-iluminador-dual-inteligente-proteccion-perimetral-ai-ssa-ir-60m-dual-light-ip6\/","og_site_name":"Compuviper","article_publisher":"https:\/\/www.facebook.com\/compuviper","twitter_card":"summary_large_image","twitter_misc":{"Precio":"&#36;5,597 con IVA","Availability":"Out of stock"},"schema":{"@context":"https:\/\/schema.org","@graph":[{"@type":"WebPage","@id":"https:\/\/compuviper.mx\/tienda\/producto\/dahua-dh-ipc-hfw3849t-zas-il-camara-ip-bullet-4k-de-8-mp-lente-motorizado-2-7-13-5-mm-acupick-wizsense-smd-4-0-iluminador-dual-inteligente-proteccion-perimetral-ai-ssa-ir-60m-dual-light-ip6\/","url":"https:\/\/compuviper.mx\/tienda\/producto\/dahua-dh-ipc-hfw3849t-zas-il-camara-ip-bullet-4k-de-8-mp-lente-motorizado-2-7-13-5-mm-acupick-wizsense-smd-4-0-iluminador-dual-inteligente-proteccion-perimetral-ai-ssa-ir-60m-dual-light-ip6\/","name":"[ Dahua ] &#129351; Dh-ipc-hfw3849t-zas-il Camara Ip Bullet 4k De 8 Mp\/ Lente Motorizado 2.7-13.5 Mm\/ Acupick\/ Wizsense\/ Smd 4.0.\/iluminador Dual Inteligente\/ Proteccion Perimetral\/ Ai Ssa\/ Ir 60m\/ Dual Light\/ip67","isPartOf":{"@id":"https:\/\/compuviper.mx\/tienda\/#website"},"datePublished":"2026-05-13T06:26:07+00:00","dateModified":"2026-05-13T06:26:07+00:00","description":"Compra Dh-ipc-hfw3849t-zas-il Camara Ip Bullet 4k De 8 Mp\/ Lente Motorizado 2.7-13.5 Mm\/ Acupick\/ Wizsense\/ Smd 4.0.\/iluminador Dual Inteligente\/ Proteccion Perimetral\/ Ai Ssa\/ Ir 60m\/ Dual Light\/ip67 + Env\u00edo a domicilio + Pago seguro + Garant\u00eda","breadcrumb":{"@id":"https:\/\/compuviper.mx\/tienda\/producto\/dahua-dh-ipc-hfw3849t-zas-il-camara-ip-bullet-4k-de-8-mp-lente-motorizado-2-7-13-5-mm-acupick-wizsense-smd-4-0-iluminador-dual-inteligente-proteccion-perimetral-ai-ssa-ir-60m-dual-light-ip6\/#breadcrumb"},"inLanguage":"es-MX","potentialAction":[{"@type":"ReadAction","target":["https:\/\/compuviper.mx\/tienda\/producto\/dahua-dh-ipc-hfw3849t-zas-il-camara-ip-bullet-4k-de-8-mp-lente-motorizado-2-7-13-5-mm-acupick-wizsense-smd-4-0-iluminador-dual-inteligente-proteccion-perimetral-ai-ssa-ir-60m-dual-light-ip6\/"]}]},{"@type":"BreadcrumbList","@id":"https:\/\/compuviper.mx\/tienda\/producto\/dahua-dh-ipc-hfw3849t-zas-il-camara-ip-bullet-4k-de-8-mp-lente-motorizado-2-7-13-5-mm-acupick-wizsense-smd-4-0-iluminador-dual-inteligente-proteccion-perimetral-ai-ssa-ir-60m-dual-light-ip6\/#breadcrumb","itemListElement":[{"@type":"ListItem","position":1,"name":"Inicio","item":"https:\/\/compuviper.mx\/tienda\/"},{"@type":"ListItem","position":2,"name":"Productos","item":"https:\/\/compuviper.mx\/tienda\/productos\/"},{"@type":"ListItem","position":3,"name":"Camaras","item":"https:\/\/compuviper.mx\/tienda\/categoria-producto\/camaras-2\/"},{"@type":"ListItem","position":4,"name":"Camara De Videovigilancia","item":"https:\/\/compuviper.mx\/tienda\/categoria-producto\/camaras-2\/camara-de-videovigilancia\/"},{"@type":"ListItem","position":5,"name":"Dahua Dh-ipc-hfw3849t-zas-il Camara Ip Bullet 4k De 8 Mp\/ Lente Motorizado 2.7-13.5 Mm\/ Acupick\/ Wizsense\/ Smd 4.0.\/iluminador Dual Inteligente\/ Proteccion Perimetral\/ Ai Ssa\/ Ir 60m\/ Dual Light\/ip67"}]},{"@type":"WebSite","@id":"https:\/\/compuviper.mx\/tienda\/#website","url":"https:\/\/compuviper.mx\/tienda\/","name":"Compuviper","description":"Proveedor de Computadoras, Laptops, Servidores, Monitores, Puntos de Venta, Teclados,   Impresoras, T\u00f3ner, C\u00e1maras de Seguridad y m\u00e1s en tu tienda en l\u00ednea","publisher":{"@id":"https:\/\/compuviper.mx\/tienda\/#organization"},"potentialAction":[{"@type":"SearchAction","target":{"@type":"EntryPoint","urlTemplate":"https:\/\/compuviper.mx\/tienda\/?s={search_term_string}"},"query-input":"required name=search_term_string"}],"inLanguage":"es-MX"},{"@type":"Organization","@id":"https:\/\/compuviper.mx\/tienda\/#organization","name":"Compuviper","url":"https:\/\/compuviper.mx\/tienda\/","logo":{"@type":"ImageObject","inLanguage":"es-MX","@id":"https:\/\/compuviper.mx\/tienda\/#\/schema\/logo\/image\/","url":"https:\/\/compuviper.mx\/tienda\/wp-content\/uploads\/2021\/08\/Logo-Compuviper-10.png","contentUrl":"https:\/\/compuviper.mx\/tienda\/wp-content\/uploads\/2021\/08\/Logo-Compuviper-10.png","width":1000,"height":500,"caption":"Compuviper"},"image":{"@id":"https:\/\/compuviper.mx\/tienda\/#\/schema\/logo\/image\/"},"sameAs":["https:\/\/www.facebook.com\/compuviper","https:\/\/www.youtube.com\/channel\/UCf73dERp9Y3cfOq7q8BhLjA?view_as=subscriber"]}]},"product_brand":"DAHUA","product_price_amount":"5597","product_price_currency":"MXN","og_availability":"out of stock","product_availability":"out of stock","product_retailer_item_id":"DH-IPC-HFW3849T-ZAS-IL","product_condition":"new"},"_links":{"self":[{"href":"https:\/\/compuviper.mx\/tienda\/wp-json\/wp\/v2\/product\/269225"}],"collection":[{"href":"https:\/\/compuviper.mx\/tienda\/wp-json\/wp\/v2\/product"}],"about":[{"href":"https:\/\/compuviper.mx\/tienda\/wp-json\/wp\/v2\/types\/product"}],"replies":[{"embeddable":true,"href":"https:\/\/compuviper.mx\/tienda\/wp-json\/wp\/v2\/comments?post=269225"}],"wp:attachment":[{"href":"https:\/\/compuviper.mx\/tienda\/wp-json\/wp\/v2\/media?parent=269225"}],"wp:term":[{"taxonomy":"product_cat","embeddable":true,"href":"https:\/\/compuviper.mx\/tienda\/wp-json\/wp\/v2\/product_cat?post=269225"},{"taxonomy":"product_tag","embeddable":true,"href":"https:\/\/compuviper.mx\/tienda\/wp-json\/wp\/v2\/product_tag?post=269225"}],"curies":[{"name":"wp","href":"https:\/\/api.w.org\/{rel}","templated":true}]}}