{"id":269220,"date":"2026-05-06T23:22:33","date_gmt":"2026-05-07T05:22:33","guid":{"rendered":"https:\/\/compuviper.mx\/tienda\/producto\/cyberpower-pdu20mvt-pdu-medido-20f-100-120vac-20a-16a-derated-monitoreo-de-carga-local-por-led-montaje-vertical-0u-20-nema-5-20r-entrada-nema-l5-20p-gabinete-metlico-de-grado-industrial\/"},"modified":"2026-05-06T23:22:33","modified_gmt":"2026-05-07T05:22:33","slug":"cyberpower-pdu20mvt-pdu-medido-20f-100-120vac-20a-16a-derated-monitoreo-de-carga-local-por-led-montaje-vertical-0u-20-nema-5-20r-entrada-nema-l5-20p-gabinete-metlico-de-grado-industrial","status":"publish","type":"product","link":"https:\/\/compuviper.mx\/tienda\/producto\/cyberpower-pdu20mvt-pdu-medido-20f-100-120vac-20a-16a-derated-monitoreo-de-carga-local-por-led-montaje-vertical-0u-20-nema-5-20r-entrada-nema-l5-20p-gabinete-metlico-de-grado-industrial\/","title":{"rendered":"Cyberpower Pdu20mvt Pdu Medido  (20f) 100-120vac, 20a (16a Derated), Monitoreo De Carga Local Por Led, Montaje Vertical (0u), 20 Nema 5-20r, Entrada Nema L5-20p, Gabinete Met?lico De Grado Industrial,"},"content":{"rendered":"<table class=\"descripcion\">\n<tr>\n<td>Pdu de la serie metered dise\u00f1ado para montaje vertical (0u) con capacidad de 100-120vac y 20a (16a derivado). est\u00e1 equipado con 20 tomacorrientes nema 5-20r y un conector de entrada nema l5-20p con cable de 3.05 metros. incorpora un panel led digital para el monitoreo local de la carga en amperios con una precisi\u00f3n de \u00b11%. el chasis es de metal de grado industrial e incluye protecci\u00f3n contra sobrecarga mediante interruptor de circuito, adem\u00e1s de ser compatible con sistemas de bloqueo de recept\u00e1culos iec y bandejas de retenci\u00f3n de cables.<\/td>\n<\/tr>\n<\/table>\n","protected":false},"excerpt":{"rendered":"<p>El pdu20mvt20f de cyberpower es la soluci\u00f3n eficiente de entrada para la distribuci\u00f3n de energ\u00eda en racks de servidores donde el espacio horizontal es cr\u00edtico. Gracias a su dise\u00f1o 0u, se instala verticalmente liberando espacios valiosos para equipo activo. Su medidor digital integrado permite a los t\u00e9cnicos verificar instant\u00e1neamente el consumo de corriente, ayudando a equilibrar las cargas de forma manual y segura. Dise\u00f1ado para durar, este equipo soporta condiciones de alta temperatura y cuenta con soportes de montaje ajustables, garantizando una instalaci\u00f3n flexible y profesional en cualquier gabinete de red.<\/p>\n","protected":false},"featured_media":0,"comment_status":"open","ping_status":"open","template":"","meta":[],"product_cat":[1508,1895],"product_tag":[1692],"acf":[],"yoast_head":"<!-- This site is optimized with the Yoast SEO plugin v21.7 - https:\/\/yoast.com\/wordpress\/plugins\/seo\/ -->\n<title>[ Cyberpower ] &#129351; Pdu20mvt Pdu Medido (20f) 100-120vac, 20a (16a Derated), Monitoreo De Carga Local Por Led, Montaje Vertical (0u), 20 Nema 5-20r, Entrada Nema L5-20p, Gabinete Met\u00e1lico De Grado Industrial,<\/title>\n<meta name=\"description\" content=\"Compra Pdu20mvt Pdu Medido (20f) 100-120vac, 20a (16a Derated), Monitoreo De Carga Local Por Led, Montaje Vertical (0u), 20 Nema 5-20r, Entrada Nema L5-20p, Gabinete Met\u00e1lico De Grado Industrial, + Env\u00edo a domicilio + Pago seguro + Garant\u00eda\" \/>\n<meta name=\"robots\" content=\"index, follow, max-snippet:-1, max-image-preview:large, max-video-preview:-1\" \/>\n<link rel=\"canonical\" href=\"https:\/\/compuviper.mx\/tienda\/producto\/cyberpower-pdu20mvt-pdu-medido-20f-100-120vac-20a-16a-derated-monitoreo-de-carga-local-por-led-montaje-vertical-0u-20-nema-5-20r-entrada-nema-l5-20p-gabinete-metlico-de-grado-industrial\/\" \/>\n<meta property=\"og:locale\" content=\"es_MX\" \/>\n<meta property=\"og:type\" content=\"article\" \/>\n<meta property=\"og:title\" content=\"[ Cyberpower ] &#129351; Pdu20mvt Pdu Medido (20f) 100-120vac, 20a (16a Derated), Monitoreo De Carga Local Por Led, Montaje Vertical (0u), 20 Nema 5-20r, Entrada Nema L5-20p, Gabinete Met\u00e1lico De Grado Industrial,\" \/>\n<meta property=\"og:description\" content=\"Compra Pdu20mvt Pdu Medido (20f) 100-120vac, 20a (16a Derated), Monitoreo De Carga Local Por Led, Montaje Vertical (0u), 20 Nema 5-20r, Entrada Nema L5-20p, Gabinete Met\u00e1lico De Grado Industrial, + Env\u00edo a domicilio + Pago seguro + Garant\u00eda\" \/>\n<meta property=\"og:url\" content=\"https:\/\/compuviper.mx\/tienda\/producto\/cyberpower-pdu20mvt-pdu-medido-20f-100-120vac-20a-16a-derated-monitoreo-de-carga-local-por-led-montaje-vertical-0u-20-nema-5-20r-entrada-nema-l5-20p-gabinete-metlico-de-grado-industrial\/\" \/>\n<meta property=\"og:site_name\" content=\"Compuviper\" \/>\n<meta property=\"article:publisher\" content=\"https:\/\/www.facebook.com\/compuviper\" \/>\n<meta name=\"twitter:card\" content=\"summary_large_image\" \/>\n<meta name=\"twitter:label1\" content=\"Precio\" \/>\n\t<meta name=\"twitter:data1\" content=\"&#36;3,308 con IVA\" \/>\n\t<meta name=\"twitter:label2\" content=\"Availability\" \/>\n\t<meta name=\"twitter:data2\" content=\"On backorder\" \/>\n<script type=\"application\/ld+json\" class=\"yoast-schema-graph\">{\"@context\":\"https:\/\/schema.org\",\"@graph\":[{\"@type\":\"WebPage\",\"@id\":\"https:\/\/compuviper.mx\/tienda\/producto\/cyberpower-pdu20mvt-pdu-medido-20f-100-120vac-20a-16a-derated-monitoreo-de-carga-local-por-led-montaje-vertical-0u-20-nema-5-20r-entrada-nema-l5-20p-gabinete-metlico-de-grado-industrial\/\",\"url\":\"https:\/\/compuviper.mx\/tienda\/producto\/cyberpower-pdu20mvt-pdu-medido-20f-100-120vac-20a-16a-derated-monitoreo-de-carga-local-por-led-montaje-vertical-0u-20-nema-5-20r-entrada-nema-l5-20p-gabinete-metlico-de-grado-industrial\/\",\"name\":\"[ Cyberpower ] &#129351; Pdu20mvt Pdu Medido (20f) 100-120vac, 20a (16a Derated), Monitoreo De Carga Local Por Led, Montaje Vertical (0u), 20 Nema 5-20r, Entrada Nema L5-20p, Gabinete Met\u00e1lico De Grado Industrial,\",\"isPartOf\":{\"@id\":\"https:\/\/compuviper.mx\/tienda\/#website\"},\"datePublished\":\"2026-05-07T05:22:33+00:00\",\"dateModified\":\"2026-05-07T05:22:33+00:00\",\"description\":\"Compra Pdu20mvt Pdu Medido (20f) 100-120vac, 20a (16a Derated), Monitoreo De Carga Local Por Led, Montaje Vertical (0u), 20 Nema 5-20r, Entrada Nema L5-20p, Gabinete Met\u00e1lico De Grado Industrial, + Env\u00edo a domicilio + Pago seguro + Garant\u00eda\",\"breadcrumb\":{\"@id\":\"https:\/\/compuviper.mx\/tienda\/producto\/cyberpower-pdu20mvt-pdu-medido-20f-100-120vac-20a-16a-derated-monitoreo-de-carga-local-por-led-montaje-vertical-0u-20-nema-5-20r-entrada-nema-l5-20p-gabinete-metlico-de-grado-industrial\/#breadcrumb\"},\"inLanguage\":\"es-MX\",\"potentialAction\":[{\"@type\":\"ReadAction\",\"target\":[\"https:\/\/compuviper.mx\/tienda\/producto\/cyberpower-pdu20mvt-pdu-medido-20f-100-120vac-20a-16a-derated-monitoreo-de-carga-local-por-led-montaje-vertical-0u-20-nema-5-20r-entrada-nema-l5-20p-gabinete-metlico-de-grado-industrial\/\"]}]},{\"@type\":\"BreadcrumbList\",\"@id\":\"https:\/\/compuviper.mx\/tienda\/producto\/cyberpower-pdu20mvt-pdu-medido-20f-100-120vac-20a-16a-derated-monitoreo-de-carga-local-por-led-montaje-vertical-0u-20-nema-5-20r-entrada-nema-l5-20p-gabinete-metlico-de-grado-industrial\/#breadcrumb\",\"itemListElement\":[{\"@type\":\"ListItem\",\"position\":1,\"name\":\"Inicio\",\"item\":\"https:\/\/compuviper.mx\/tienda\/\"},{\"@type\":\"ListItem\",\"position\":2,\"name\":\"Productos\",\"item\":\"https:\/\/compuviper.mx\/tienda\/productos\/\"},{\"@type\":\"ListItem\",\"position\":3,\"name\":\"Energia\",\"item\":\"https:\/\/compuviper.mx\/tienda\/categoria-producto\/energia\/\"},{\"@type\":\"ListItem\",\"position\":4,\"name\":\"Pdu\",\"item\":\"https:\/\/compuviper.mx\/tienda\/categoria-producto\/energia\/pdu\/\"},{\"@type\":\"ListItem\",\"position\":5,\"name\":\"Cyberpower Pdu20mvt Pdu Medido (20f) 100-120vac, 20a (16a Derated), Monitoreo De Carga Local Por Led, Montaje Vertical (0u), 20 Nema 5-20r, Entrada Nema L5-20p, Gabinete Met?lico De Grado Industrial,\"}]},{\"@type\":\"WebSite\",\"@id\":\"https:\/\/compuviper.mx\/tienda\/#website\",\"url\":\"https:\/\/compuviper.mx\/tienda\/\",\"name\":\"Compuviper\",\"description\":\"Proveedor de Computadoras, Laptops, Servidores, Monitores, Puntos de Venta, Teclados,   Impresoras, T\u00f3ner, C\u00e1maras de Seguridad y m\u00e1s en tu tienda en l\u00ednea\",\"publisher\":{\"@id\":\"https:\/\/compuviper.mx\/tienda\/#organization\"},\"potentialAction\":[{\"@type\":\"SearchAction\",\"target\":{\"@type\":\"EntryPoint\",\"urlTemplate\":\"https:\/\/compuviper.mx\/tienda\/?s={search_term_string}\"},\"query-input\":\"required name=search_term_string\"}],\"inLanguage\":\"es-MX\"},{\"@type\":\"Organization\",\"@id\":\"https:\/\/compuviper.mx\/tienda\/#organization\",\"name\":\"Compuviper\",\"url\":\"https:\/\/compuviper.mx\/tienda\/\",\"logo\":{\"@type\":\"ImageObject\",\"inLanguage\":\"es-MX\",\"@id\":\"https:\/\/compuviper.mx\/tienda\/#\/schema\/logo\/image\/\",\"url\":\"https:\/\/compuviper.mx\/tienda\/wp-content\/uploads\/2021\/08\/Logo-Compuviper-10.png\",\"contentUrl\":\"https:\/\/compuviper.mx\/tienda\/wp-content\/uploads\/2021\/08\/Logo-Compuviper-10.png\",\"width\":1000,\"height\":500,\"caption\":\"Compuviper\"},\"image\":{\"@id\":\"https:\/\/compuviper.mx\/tienda\/#\/schema\/logo\/image\/\"},\"sameAs\":[\"https:\/\/www.facebook.com\/compuviper\",\"https:\/\/www.youtube.com\/channel\/UCf73dERp9Y3cfOq7q8BhLjA?view_as=subscriber\"]}]}<\/script>\n<meta property=\"product:brand\" content=\"CYBERPOWER\" \/>\n<meta property=\"product:price:amount\" content=\"3308\" \/>\n<meta property=\"product:price:currency\" content=\"MXN\" \/>\n<meta property=\"og:availability\" content=\"backorder\" \/>\n<meta property=\"product:availability\" content=\"available for order\" \/>\n<meta property=\"product:retailer_item_id\" content=\"PDU20MVT\" \/>\n<meta property=\"product:condition\" content=\"new\" \/>\n<!-- \/ Yoast SEO plugin. -->","yoast_head_json":{"title":"[ Cyberpower ] &#129351; Pdu20mvt Pdu Medido (20f) 100-120vac, 20a (16a Derated), Monitoreo De Carga Local Por Led, Montaje Vertical (0u), 20 Nema 5-20r, Entrada Nema L5-20p, Gabinete Met\u00e1lico De Grado Industrial,","description":"Compra Pdu20mvt Pdu Medido (20f) 100-120vac, 20a (16a Derated), Monitoreo De Carga Local Por Led, Montaje Vertical (0u), 20 Nema 5-20r, Entrada Nema L5-20p, Gabinete Met\u00e1lico De Grado Industrial, + Env\u00edo a domicilio + Pago seguro + Garant\u00eda","robots":{"index":"index","follow":"follow","max-snippet":"max-snippet:-1","max-image-preview":"max-image-preview:large","max-video-preview":"max-video-preview:-1"},"canonical":"https:\/\/compuviper.mx\/tienda\/producto\/cyberpower-pdu20mvt-pdu-medido-20f-100-120vac-20a-16a-derated-monitoreo-de-carga-local-por-led-montaje-vertical-0u-20-nema-5-20r-entrada-nema-l5-20p-gabinete-metlico-de-grado-industrial\/","og_locale":"es_MX","og_type":"article","og_title":"[ Cyberpower ] &#129351; Pdu20mvt Pdu Medido (20f) 100-120vac, 20a (16a Derated), Monitoreo De Carga Local Por Led, Montaje Vertical (0u), 20 Nema 5-20r, Entrada Nema L5-20p, Gabinete Met\u00e1lico De Grado Industrial,","og_description":"Compra Pdu20mvt Pdu Medido (20f) 100-120vac, 20a (16a Derated), Monitoreo De Carga Local Por Led, Montaje Vertical (0u), 20 Nema 5-20r, Entrada Nema L5-20p, Gabinete Met\u00e1lico De Grado Industrial, + Env\u00edo a domicilio + Pago seguro + Garant\u00eda","og_url":"https:\/\/compuviper.mx\/tienda\/producto\/cyberpower-pdu20mvt-pdu-medido-20f-100-120vac-20a-16a-derated-monitoreo-de-carga-local-por-led-montaje-vertical-0u-20-nema-5-20r-entrada-nema-l5-20p-gabinete-metlico-de-grado-industrial\/","og_site_name":"Compuviper","article_publisher":"https:\/\/www.facebook.com\/compuviper","twitter_card":"summary_large_image","twitter_misc":{"Precio":"&#36;3,308 con IVA","Availability":"On backorder"},"schema":{"@context":"https:\/\/schema.org","@graph":[{"@type":"WebPage","@id":"https:\/\/compuviper.mx\/tienda\/producto\/cyberpower-pdu20mvt-pdu-medido-20f-100-120vac-20a-16a-derated-monitoreo-de-carga-local-por-led-montaje-vertical-0u-20-nema-5-20r-entrada-nema-l5-20p-gabinete-metlico-de-grado-industrial\/","url":"https:\/\/compuviper.mx\/tienda\/producto\/cyberpower-pdu20mvt-pdu-medido-20f-100-120vac-20a-16a-derated-monitoreo-de-carga-local-por-led-montaje-vertical-0u-20-nema-5-20r-entrada-nema-l5-20p-gabinete-metlico-de-grado-industrial\/","name":"[ Cyberpower ] &#129351; Pdu20mvt Pdu Medido (20f) 100-120vac, 20a (16a Derated), Monitoreo De Carga Local Por Led, Montaje Vertical (0u), 20 Nema 5-20r, Entrada Nema L5-20p, Gabinete Met\u00e1lico De Grado Industrial,","isPartOf":{"@id":"https:\/\/compuviper.mx\/tienda\/#website"},"datePublished":"2026-05-07T05:22:33+00:00","dateModified":"2026-05-07T05:22:33+00:00","description":"Compra Pdu20mvt Pdu Medido (20f) 100-120vac, 20a (16a Derated), Monitoreo De Carga Local Por Led, Montaje Vertical (0u), 20 Nema 5-20r, Entrada Nema L5-20p, Gabinete Met\u00e1lico De Grado Industrial, + Env\u00edo a domicilio + Pago seguro + Garant\u00eda","breadcrumb":{"@id":"https:\/\/compuviper.mx\/tienda\/producto\/cyberpower-pdu20mvt-pdu-medido-20f-100-120vac-20a-16a-derated-monitoreo-de-carga-local-por-led-montaje-vertical-0u-20-nema-5-20r-entrada-nema-l5-20p-gabinete-metlico-de-grado-industrial\/#breadcrumb"},"inLanguage":"es-MX","potentialAction":[{"@type":"ReadAction","target":["https:\/\/compuviper.mx\/tienda\/producto\/cyberpower-pdu20mvt-pdu-medido-20f-100-120vac-20a-16a-derated-monitoreo-de-carga-local-por-led-montaje-vertical-0u-20-nema-5-20r-entrada-nema-l5-20p-gabinete-metlico-de-grado-industrial\/"]}]},{"@type":"BreadcrumbList","@id":"https:\/\/compuviper.mx\/tienda\/producto\/cyberpower-pdu20mvt-pdu-medido-20f-100-120vac-20a-16a-derated-monitoreo-de-carga-local-por-led-montaje-vertical-0u-20-nema-5-20r-entrada-nema-l5-20p-gabinete-metlico-de-grado-industrial\/#breadcrumb","itemListElement":[{"@type":"ListItem","position":1,"name":"Inicio","item":"https:\/\/compuviper.mx\/tienda\/"},{"@type":"ListItem","position":2,"name":"Productos","item":"https:\/\/compuviper.mx\/tienda\/productos\/"},{"@type":"ListItem","position":3,"name":"Energia","item":"https:\/\/compuviper.mx\/tienda\/categoria-producto\/energia\/"},{"@type":"ListItem","position":4,"name":"Pdu","item":"https:\/\/compuviper.mx\/tienda\/categoria-producto\/energia\/pdu\/"},{"@type":"ListItem","position":5,"name":"Cyberpower Pdu20mvt Pdu Medido (20f) 100-120vac, 20a (16a Derated), Monitoreo De Carga Local Por Led, Montaje Vertical (0u), 20 Nema 5-20r, Entrada Nema L5-20p, Gabinete Met?lico De Grado Industrial,"}]},{"@type":"WebSite","@id":"https:\/\/compuviper.mx\/tienda\/#website","url":"https:\/\/compuviper.mx\/tienda\/","name":"Compuviper","description":"Proveedor de Computadoras, Laptops, Servidores, Monitores, Puntos de Venta, Teclados,   Impresoras, T\u00f3ner, C\u00e1maras de Seguridad y m\u00e1s en tu tienda en l\u00ednea","publisher":{"@id":"https:\/\/compuviper.mx\/tienda\/#organization"},"potentialAction":[{"@type":"SearchAction","target":{"@type":"EntryPoint","urlTemplate":"https:\/\/compuviper.mx\/tienda\/?s={search_term_string}"},"query-input":"required name=search_term_string"}],"inLanguage":"es-MX"},{"@type":"Organization","@id":"https:\/\/compuviper.mx\/tienda\/#organization","name":"Compuviper","url":"https:\/\/compuviper.mx\/tienda\/","logo":{"@type":"ImageObject","inLanguage":"es-MX","@id":"https:\/\/compuviper.mx\/tienda\/#\/schema\/logo\/image\/","url":"https:\/\/compuviper.mx\/tienda\/wp-content\/uploads\/2021\/08\/Logo-Compuviper-10.png","contentUrl":"https:\/\/compuviper.mx\/tienda\/wp-content\/uploads\/2021\/08\/Logo-Compuviper-10.png","width":1000,"height":500,"caption":"Compuviper"},"image":{"@id":"https:\/\/compuviper.mx\/tienda\/#\/schema\/logo\/image\/"},"sameAs":["https:\/\/www.facebook.com\/compuviper","https:\/\/www.youtube.com\/channel\/UCf73dERp9Y3cfOq7q8BhLjA?view_as=subscriber"]}]},"product_brand":"CYBERPOWER","product_price_amount":"3308","product_price_currency":"MXN","og_availability":"backorder","product_availability":"available for order","product_retailer_item_id":"PDU20MVT","product_condition":"new"},"_links":{"self":[{"href":"https:\/\/compuviper.mx\/tienda\/wp-json\/wp\/v2\/product\/269220"}],"collection":[{"href":"https:\/\/compuviper.mx\/tienda\/wp-json\/wp\/v2\/product"}],"about":[{"href":"https:\/\/compuviper.mx\/tienda\/wp-json\/wp\/v2\/types\/product"}],"replies":[{"embeddable":true,"href":"https:\/\/compuviper.mx\/tienda\/wp-json\/wp\/v2\/comments?post=269220"}],"wp:attachment":[{"href":"https:\/\/compuviper.mx\/tienda\/wp-json\/wp\/v2\/media?parent=269220"}],"wp:term":[{"taxonomy":"product_cat","embeddable":true,"href":"https:\/\/compuviper.mx\/tienda\/wp-json\/wp\/v2\/product_cat?post=269220"},{"taxonomy":"product_tag","embeddable":true,"href":"https:\/\/compuviper.mx\/tienda\/wp-json\/wp\/v2\/product_tag?post=269220"}],"curies":[{"name":"wp","href":"https:\/\/api.w.org\/{rel}","templated":true}]}}