{"id":269108,"date":"2026-04-29T01:10:55","date_gmt":"2026-04-29T07:10:55","guid":{"rendered":"https:\/\/compuviper.mx\/tienda\/producto\/acer-nx-ks8al-002-laptop-aspire-lite-14-al14-31p-c0s2-intel-n100-8gb-256-gb-ssd-14-pulgadas-ips-wuxga-win-11-home-plata-1-ao-de-garantia-1-ao-de-seguro-contra-robo\/"},"modified":"2026-04-29T01:10:55","modified_gmt":"2026-04-29T07:10:55","slug":"acer-nx-ks8al-002-laptop-aspire-lite-14-al14-31p-c0s2-intel-n100-8gb-256-gb-ssd-14-pulgadas-ips-wuxga-win-11-home-plata-1-ao-de-garantia-1-ao-de-seguro-contra-robo","status":"publish","type":"product","link":"https:\/\/compuviper.mx\/tienda\/producto\/acer-nx-ks8al-002-laptop-aspire-lite-14-al14-31p-c0s2-intel-n100-8gb-256-gb-ssd-14-pulgadas-ips-wuxga-win-11-home-plata-1-ao-de-garantia-1-ao-de-seguro-contra-robo\/","title":{"rendered":"Acer Nx.ks8al.002 Laptop  Aspire Lite 14 Al14-31p-c0s2, Intel N100, 8gb, 256 Gb Ssd, 14 Pulgadas Ips Wuxga, Win 11 Home, Plata, 1 A?o De Garantia + 1 A?o De Seguro Contra Robo"},"content":{"rendered":"<table class=\"descripcion\">\n<tr>\n<td>Sistema operativo: windows 11 home single language 64 bits<\/td>\n<\/tr>\n<tr>\n<td> procesador: intel n100, 4 nucleos, hasta 3.40 ghz, 6 mb intel smart cache<\/td>\n<\/tr>\n<tr>\n<td> memoria: 8 gb ddr5 hasta 4800 mt\/ssoldados a la motherboard no expandible<\/td>\n<\/tr>\n<tr>\n<td> pantalla: 14\u0093 relacion de aspecto 16:10; ips; wuxga 1920 x 1200, acer comfyview\u0099 lcd led backlit; libre de mercurio, amigable con el ambiente<\/td>\n<\/tr>\n<tr>\n<td> graficos: intel uhd graphics<\/td>\n<\/tr>\n<tr>\n<td> almacenamiento: 256 gb ssd pcie nvme no expandible<\/td>\n<\/tr>\n<tr>\n<td> camara web: 2.0m fhd camera<\/td>\n<\/tr>\n<tr>\n<td> wifi y red: 802.11ac wireless lan tecnologia 2 x 2 mu-mimo bluetooth 5.0<\/td>\n<\/tr>\n<tr>\n<td> tamao y peso: 314.4 w x 220 d x 18.95\/18.95 h mm, 1.35 kg<\/td>\n<\/tr>\n<tr>\n<td> alimentacion y bateria: adaptador de 3 pines 36 w ac bateria de ion-litio, 45.6 wh 2 celdas hasta 10.5 horas de duracion de bateria basado en losresultados de navegacion web<\/td>\n<\/tr>\n<tr>\n<td> puertos: 1 usb tipo c 3.2 gen 2 soporta displayport; 3 usb 3.2 gen 1; hdmi 1.4; conector de audio 3.5mm para microfono\/audifonos; teclado en espaol.<\/td>\n<\/tr>\n<tr>\n<td> audio: dos bocinas estereo integradas y dos microfonos integrados<\/td>\n<\/tr>\n<tr>\n<td> garantia: 1 ao en centro de servicio.<\/td>\n<\/tr>\n<\/table>\n","protected":false},"excerpt":{"rendered":"<p>Visualizacion mas comoda. Gracias a bluelightshield podras trabajar con una mayor comodidad durante mas tiempo gracias al filtrado de luz azul que protege tus ojos.  Sistema operativo: windows 11 home single language 64 bits.  Procesador: intel n100, 4 nucleos, hasta 3.40 ghz, 6 mb intel smart cache.  Memoria: 8 gb ddr5 hasta 4800 mt\/ssoldados a la motherboard no expandible.  Pantalla: 14\u0093 relacion de aspecto 16:10; ips; wuxga 1920 x 1200, acer comfyview\u0099 lcd led backlit; libre de mercurio, amigable con el ambiente.  Graficos: intel uhd graphics.  Almacenamiento: 256 gb ssd pcie nvme no expandible.  Camara web: 2.0m fhd camera.  Wifi y red: 802.11ac wireless lan tecnologia 2 x 2 mu-mimo bluetooth 5.0.  Tamao y peso: 314.4 w x 220 d x 18.95\/18.95 h mm, 1.35 kg.  Alimentacion y bateria: adaptador de 3 pines 36 w ac bateria de ion-litio, 45.6 wh 2 celdas hasta 10.5 horas de duracion de bateria basado en losresultados de navegacion web.  Puertos: 1 usb tipo c 3.2 gen 2 soporta displayport; 3 usb 3.2 gen 1; hdmi 1.4; conector de audio 3.5mm para microfono\/audifonos; teclado en espaol.  Audio: dos bocinas estereo integradas y dos microfonos integrados.  Garantia: 1 ao en centro de servicio.<\/p>\n","protected":false},"featured_media":0,"comment_status":"open","ping_status":"open","template":"","meta":[],"product_cat":[1886,1887],"product_tag":[1747],"acf":[],"yoast_head":"<!-- This site is optimized with the Yoast SEO plugin v21.7 - https:\/\/yoast.com\/wordpress\/plugins\/seo\/ -->\n<title>[ Acer ] &#129351; Nx.ks8al.002 Laptop Aspire Lite 14 Al14-31p-c0s2, Intel N100, 8gb, 256 Gb Ssd, 14 Pulgadas Ips Wuxga, Win 11 Home, Plata, 1 A\u00f1o De Garantia + 1 A\u00f1o De Seguro Contra Robo<\/title>\n<meta name=\"description\" content=\"Compra Nx.ks8al.002 Laptop Aspire Lite 14 Al14-31p-c0s2, Intel N100, 8gb, 256 Gb Ssd, 14 Pulgadas Ips Wuxga, Win 11 Home, Plata, 1 A\u00f1o De Garantia + 1 A\u00f1o De Seguro Contra Robo + Env\u00edo a domicilio + Pago seguro + Garant\u00eda\" \/>\n<meta name=\"robots\" content=\"index, follow, max-snippet:-1, max-image-preview:large, max-video-preview:-1\" \/>\n<link rel=\"canonical\" href=\"https:\/\/compuviper.mx\/tienda\/producto\/acer-nx-ks8al-002-laptop-aspire-lite-14-al14-31p-c0s2-intel-n100-8gb-256-gb-ssd-14-pulgadas-ips-wuxga-win-11-home-plata-1-ao-de-garantia-1-ao-de-seguro-contra-robo\/\" \/>\n<meta property=\"og:locale\" content=\"es_MX\" \/>\n<meta property=\"og:type\" content=\"article\" \/>\n<meta property=\"og:title\" content=\"[ Acer ] &#129351; Nx.ks8al.002 Laptop Aspire Lite 14 Al14-31p-c0s2, Intel N100, 8gb, 256 Gb Ssd, 14 Pulgadas Ips Wuxga, Win 11 Home, Plata, 1 A\u00f1o De Garantia + 1 A\u00f1o De Seguro Contra Robo\" \/>\n<meta property=\"og:description\" content=\"Compra Nx.ks8al.002 Laptop Aspire Lite 14 Al14-31p-c0s2, Intel N100, 8gb, 256 Gb Ssd, 14 Pulgadas Ips Wuxga, Win 11 Home, Plata, 1 A\u00f1o De Garantia + 1 A\u00f1o De Seguro Contra Robo + Env\u00edo a domicilio + Pago seguro + Garant\u00eda\" \/>\n<meta property=\"og:url\" content=\"https:\/\/compuviper.mx\/tienda\/producto\/acer-nx-ks8al-002-laptop-aspire-lite-14-al14-31p-c0s2-intel-n100-8gb-256-gb-ssd-14-pulgadas-ips-wuxga-win-11-home-plata-1-ao-de-garantia-1-ao-de-seguro-contra-robo\/\" \/>\n<meta property=\"og:site_name\" content=\"Compuviper\" \/>\n<meta property=\"article:publisher\" content=\"https:\/\/www.facebook.com\/compuviper\" \/>\n<meta name=\"twitter:card\" content=\"summary_large_image\" \/>\n<meta name=\"twitter:label1\" content=\"Precio\" \/>\n\t<meta name=\"twitter:data1\" content=\"&#36;5,226 con IVA\" \/>\n\t<meta name=\"twitter:label2\" content=\"Availability\" \/>\n\t<meta name=\"twitter:data2\" content=\"Out of stock\" \/>\n<script type=\"application\/ld+json\" class=\"yoast-schema-graph\">{\"@context\":\"https:\/\/schema.org\",\"@graph\":[{\"@type\":\"WebPage\",\"@id\":\"https:\/\/compuviper.mx\/tienda\/producto\/acer-nx-ks8al-002-laptop-aspire-lite-14-al14-31p-c0s2-intel-n100-8gb-256-gb-ssd-14-pulgadas-ips-wuxga-win-11-home-plata-1-ao-de-garantia-1-ao-de-seguro-contra-robo\/\",\"url\":\"https:\/\/compuviper.mx\/tienda\/producto\/acer-nx-ks8al-002-laptop-aspire-lite-14-al14-31p-c0s2-intel-n100-8gb-256-gb-ssd-14-pulgadas-ips-wuxga-win-11-home-plata-1-ao-de-garantia-1-ao-de-seguro-contra-robo\/\",\"name\":\"[ Acer ] &#129351; Nx.ks8al.002 Laptop Aspire Lite 14 Al14-31p-c0s2, Intel N100, 8gb, 256 Gb Ssd, 14 Pulgadas Ips Wuxga, Win 11 Home, Plata, 1 A\u00f1o De Garantia + 1 A\u00f1o De Seguro Contra Robo\",\"isPartOf\":{\"@id\":\"https:\/\/compuviper.mx\/tienda\/#website\"},\"datePublished\":\"2026-04-29T07:10:55+00:00\",\"dateModified\":\"2026-04-29T07:10:55+00:00\",\"description\":\"Compra Nx.ks8al.002 Laptop Aspire Lite 14 Al14-31p-c0s2, Intel N100, 8gb, 256 Gb Ssd, 14 Pulgadas Ips Wuxga, Win 11 Home, Plata, 1 A\u00f1o De Garantia + 1 A\u00f1o De Seguro Contra Robo + Env\u00edo a domicilio + Pago seguro + Garant\u00eda\",\"breadcrumb\":{\"@id\":\"https:\/\/compuviper.mx\/tienda\/producto\/acer-nx-ks8al-002-laptop-aspire-lite-14-al14-31p-c0s2-intel-n100-8gb-256-gb-ssd-14-pulgadas-ips-wuxga-win-11-home-plata-1-ao-de-garantia-1-ao-de-seguro-contra-robo\/#breadcrumb\"},\"inLanguage\":\"es-MX\",\"potentialAction\":[{\"@type\":\"ReadAction\",\"target\":[\"https:\/\/compuviper.mx\/tienda\/producto\/acer-nx-ks8al-002-laptop-aspire-lite-14-al14-31p-c0s2-intel-n100-8gb-256-gb-ssd-14-pulgadas-ips-wuxga-win-11-home-plata-1-ao-de-garantia-1-ao-de-seguro-contra-robo\/\"]}]},{\"@type\":\"BreadcrumbList\",\"@id\":\"https:\/\/compuviper.mx\/tienda\/producto\/acer-nx-ks8al-002-laptop-aspire-lite-14-al14-31p-c0s2-intel-n100-8gb-256-gb-ssd-14-pulgadas-ips-wuxga-win-11-home-plata-1-ao-de-garantia-1-ao-de-seguro-contra-robo\/#breadcrumb\",\"itemListElement\":[{\"@type\":\"ListItem\",\"position\":1,\"name\":\"Inicio\",\"item\":\"https:\/\/compuviper.mx\/tienda\/\"},{\"@type\":\"ListItem\",\"position\":2,\"name\":\"Productos\",\"item\":\"https:\/\/compuviper.mx\/tienda\/productos\/\"},{\"@type\":\"ListItem\",\"position\":3,\"name\":\"Laptops\",\"item\":\"https:\/\/compuviper.mx\/tienda\/categoria-producto\/laptops\/\"},{\"@type\":\"ListItem\",\"position\":4,\"name\":\"Notebook\",\"item\":\"https:\/\/compuviper.mx\/tienda\/categoria-producto\/laptops\/notebook-laptops\/\"},{\"@type\":\"ListItem\",\"position\":5,\"name\":\"Acer Nx.ks8al.002 Laptop Aspire Lite 14 Al14-31p-c0s2, Intel N100, 8gb, 256 Gb Ssd, 14 Pulgadas Ips Wuxga, Win 11 Home, Plata, 1 A?o De Garantia + 1 A?o De Seguro Contra Robo\"}]},{\"@type\":\"WebSite\",\"@id\":\"https:\/\/compuviper.mx\/tienda\/#website\",\"url\":\"https:\/\/compuviper.mx\/tienda\/\",\"name\":\"Compuviper\",\"description\":\"Proveedor de Computadoras, Laptops, Servidores, Monitores, Puntos de Venta, Teclados,   Impresoras, T\u00f3ner, C\u00e1maras de Seguridad y m\u00e1s en tu tienda en l\u00ednea\",\"publisher\":{\"@id\":\"https:\/\/compuviper.mx\/tienda\/#organization\"},\"potentialAction\":[{\"@type\":\"SearchAction\",\"target\":{\"@type\":\"EntryPoint\",\"urlTemplate\":\"https:\/\/compuviper.mx\/tienda\/?s={search_term_string}\"},\"query-input\":\"required name=search_term_string\"}],\"inLanguage\":\"es-MX\"},{\"@type\":\"Organization\",\"@id\":\"https:\/\/compuviper.mx\/tienda\/#organization\",\"name\":\"Compuviper\",\"url\":\"https:\/\/compuviper.mx\/tienda\/\",\"logo\":{\"@type\":\"ImageObject\",\"inLanguage\":\"es-MX\",\"@id\":\"https:\/\/compuviper.mx\/tienda\/#\/schema\/logo\/image\/\",\"url\":\"https:\/\/compuviper.mx\/tienda\/wp-content\/uploads\/2021\/08\/Logo-Compuviper-10.png\",\"contentUrl\":\"https:\/\/compuviper.mx\/tienda\/wp-content\/uploads\/2021\/08\/Logo-Compuviper-10.png\",\"width\":1000,\"height\":500,\"caption\":\"Compuviper\"},\"image\":{\"@id\":\"https:\/\/compuviper.mx\/tienda\/#\/schema\/logo\/image\/\"},\"sameAs\":[\"https:\/\/www.facebook.com\/compuviper\",\"https:\/\/www.youtube.com\/channel\/UCf73dERp9Y3cfOq7q8BhLjA?view_as=subscriber\"]}]}<\/script>\n<meta property=\"product:brand\" content=\"ACER\" \/>\n<meta property=\"product:price:amount\" content=\"5226\" \/>\n<meta property=\"product:price:currency\" content=\"MXN\" \/>\n<meta property=\"og:availability\" content=\"out of stock\" \/>\n<meta property=\"product:availability\" content=\"out of stock\" \/>\n<meta property=\"product:retailer_item_id\" content=\"NX.KS8AL.002\" \/>\n<meta property=\"product:condition\" content=\"new\" \/>\n<!-- \/ Yoast SEO plugin. -->","yoast_head_json":{"title":"[ Acer ] &#129351; Nx.ks8al.002 Laptop Aspire Lite 14 Al14-31p-c0s2, Intel N100, 8gb, 256 Gb Ssd, 14 Pulgadas Ips Wuxga, Win 11 Home, Plata, 1 A\u00f1o De Garantia + 1 A\u00f1o De Seguro Contra Robo","description":"Compra Nx.ks8al.002 Laptop Aspire Lite 14 Al14-31p-c0s2, Intel N100, 8gb, 256 Gb Ssd, 14 Pulgadas Ips Wuxga, Win 11 Home, Plata, 1 A\u00f1o De Garantia + 1 A\u00f1o De Seguro Contra Robo + Env\u00edo a domicilio + Pago seguro + Garant\u00eda","robots":{"index":"index","follow":"follow","max-snippet":"max-snippet:-1","max-image-preview":"max-image-preview:large","max-video-preview":"max-video-preview:-1"},"canonical":"https:\/\/compuviper.mx\/tienda\/producto\/acer-nx-ks8al-002-laptop-aspire-lite-14-al14-31p-c0s2-intel-n100-8gb-256-gb-ssd-14-pulgadas-ips-wuxga-win-11-home-plata-1-ao-de-garantia-1-ao-de-seguro-contra-robo\/","og_locale":"es_MX","og_type":"article","og_title":"[ Acer ] &#129351; Nx.ks8al.002 Laptop Aspire Lite 14 Al14-31p-c0s2, Intel N100, 8gb, 256 Gb Ssd, 14 Pulgadas Ips Wuxga, Win 11 Home, Plata, 1 A\u00f1o De Garantia + 1 A\u00f1o De Seguro Contra Robo","og_description":"Compra Nx.ks8al.002 Laptop Aspire Lite 14 Al14-31p-c0s2, Intel N100, 8gb, 256 Gb Ssd, 14 Pulgadas Ips Wuxga, Win 11 Home, Plata, 1 A\u00f1o De Garantia + 1 A\u00f1o De Seguro Contra Robo + Env\u00edo a domicilio + Pago seguro + Garant\u00eda","og_url":"https:\/\/compuviper.mx\/tienda\/producto\/acer-nx-ks8al-002-laptop-aspire-lite-14-al14-31p-c0s2-intel-n100-8gb-256-gb-ssd-14-pulgadas-ips-wuxga-win-11-home-plata-1-ao-de-garantia-1-ao-de-seguro-contra-robo\/","og_site_name":"Compuviper","article_publisher":"https:\/\/www.facebook.com\/compuviper","twitter_card":"summary_large_image","twitter_misc":{"Precio":"&#36;5,226 con IVA","Availability":"Out of stock"},"schema":{"@context":"https:\/\/schema.org","@graph":[{"@type":"WebPage","@id":"https:\/\/compuviper.mx\/tienda\/producto\/acer-nx-ks8al-002-laptop-aspire-lite-14-al14-31p-c0s2-intel-n100-8gb-256-gb-ssd-14-pulgadas-ips-wuxga-win-11-home-plata-1-ao-de-garantia-1-ao-de-seguro-contra-robo\/","url":"https:\/\/compuviper.mx\/tienda\/producto\/acer-nx-ks8al-002-laptop-aspire-lite-14-al14-31p-c0s2-intel-n100-8gb-256-gb-ssd-14-pulgadas-ips-wuxga-win-11-home-plata-1-ao-de-garantia-1-ao-de-seguro-contra-robo\/","name":"[ Acer ] &#129351; Nx.ks8al.002 Laptop Aspire Lite 14 Al14-31p-c0s2, Intel N100, 8gb, 256 Gb Ssd, 14 Pulgadas Ips Wuxga, Win 11 Home, Plata, 1 A\u00f1o De Garantia + 1 A\u00f1o De Seguro Contra Robo","isPartOf":{"@id":"https:\/\/compuviper.mx\/tienda\/#website"},"datePublished":"2026-04-29T07:10:55+00:00","dateModified":"2026-04-29T07:10:55+00:00","description":"Compra Nx.ks8al.002 Laptop Aspire Lite 14 Al14-31p-c0s2, Intel N100, 8gb, 256 Gb Ssd, 14 Pulgadas Ips Wuxga, Win 11 Home, Plata, 1 A\u00f1o De Garantia + 1 A\u00f1o De Seguro Contra Robo + Env\u00edo a domicilio + Pago seguro + Garant\u00eda","breadcrumb":{"@id":"https:\/\/compuviper.mx\/tienda\/producto\/acer-nx-ks8al-002-laptop-aspire-lite-14-al14-31p-c0s2-intel-n100-8gb-256-gb-ssd-14-pulgadas-ips-wuxga-win-11-home-plata-1-ao-de-garantia-1-ao-de-seguro-contra-robo\/#breadcrumb"},"inLanguage":"es-MX","potentialAction":[{"@type":"ReadAction","target":["https:\/\/compuviper.mx\/tienda\/producto\/acer-nx-ks8al-002-laptop-aspire-lite-14-al14-31p-c0s2-intel-n100-8gb-256-gb-ssd-14-pulgadas-ips-wuxga-win-11-home-plata-1-ao-de-garantia-1-ao-de-seguro-contra-robo\/"]}]},{"@type":"BreadcrumbList","@id":"https:\/\/compuviper.mx\/tienda\/producto\/acer-nx-ks8al-002-laptop-aspire-lite-14-al14-31p-c0s2-intel-n100-8gb-256-gb-ssd-14-pulgadas-ips-wuxga-win-11-home-plata-1-ao-de-garantia-1-ao-de-seguro-contra-robo\/#breadcrumb","itemListElement":[{"@type":"ListItem","position":1,"name":"Inicio","item":"https:\/\/compuviper.mx\/tienda\/"},{"@type":"ListItem","position":2,"name":"Productos","item":"https:\/\/compuviper.mx\/tienda\/productos\/"},{"@type":"ListItem","position":3,"name":"Laptops","item":"https:\/\/compuviper.mx\/tienda\/categoria-producto\/laptops\/"},{"@type":"ListItem","position":4,"name":"Notebook","item":"https:\/\/compuviper.mx\/tienda\/categoria-producto\/laptops\/notebook-laptops\/"},{"@type":"ListItem","position":5,"name":"Acer Nx.ks8al.002 Laptop Aspire Lite 14 Al14-31p-c0s2, Intel N100, 8gb, 256 Gb Ssd, 14 Pulgadas Ips Wuxga, Win 11 Home, Plata, 1 A?o De Garantia + 1 A?o De Seguro Contra Robo"}]},{"@type":"WebSite","@id":"https:\/\/compuviper.mx\/tienda\/#website","url":"https:\/\/compuviper.mx\/tienda\/","name":"Compuviper","description":"Proveedor de Computadoras, Laptops, Servidores, Monitores, Puntos de Venta, Teclados,   Impresoras, T\u00f3ner, C\u00e1maras de Seguridad y m\u00e1s en tu tienda en l\u00ednea","publisher":{"@id":"https:\/\/compuviper.mx\/tienda\/#organization"},"potentialAction":[{"@type":"SearchAction","target":{"@type":"EntryPoint","urlTemplate":"https:\/\/compuviper.mx\/tienda\/?s={search_term_string}"},"query-input":"required name=search_term_string"}],"inLanguage":"es-MX"},{"@type":"Organization","@id":"https:\/\/compuviper.mx\/tienda\/#organization","name":"Compuviper","url":"https:\/\/compuviper.mx\/tienda\/","logo":{"@type":"ImageObject","inLanguage":"es-MX","@id":"https:\/\/compuviper.mx\/tienda\/#\/schema\/logo\/image\/","url":"https:\/\/compuviper.mx\/tienda\/wp-content\/uploads\/2021\/08\/Logo-Compuviper-10.png","contentUrl":"https:\/\/compuviper.mx\/tienda\/wp-content\/uploads\/2021\/08\/Logo-Compuviper-10.png","width":1000,"height":500,"caption":"Compuviper"},"image":{"@id":"https:\/\/compuviper.mx\/tienda\/#\/schema\/logo\/image\/"},"sameAs":["https:\/\/www.facebook.com\/compuviper","https:\/\/www.youtube.com\/channel\/UCf73dERp9Y3cfOq7q8BhLjA?view_as=subscriber"]}]},"product_brand":"ACER","product_price_amount":"5226","product_price_currency":"MXN","og_availability":"out of stock","product_availability":"out of stock","product_retailer_item_id":"NX.KS8AL.002","product_condition":"new"},"_links":{"self":[{"href":"https:\/\/compuviper.mx\/tienda\/wp-json\/wp\/v2\/product\/269108"}],"collection":[{"href":"https:\/\/compuviper.mx\/tienda\/wp-json\/wp\/v2\/product"}],"about":[{"href":"https:\/\/compuviper.mx\/tienda\/wp-json\/wp\/v2\/types\/product"}],"replies":[{"embeddable":true,"href":"https:\/\/compuviper.mx\/tienda\/wp-json\/wp\/v2\/comments?post=269108"}],"wp:attachment":[{"href":"https:\/\/compuviper.mx\/tienda\/wp-json\/wp\/v2\/media?parent=269108"}],"wp:term":[{"taxonomy":"product_cat","embeddable":true,"href":"https:\/\/compuviper.mx\/tienda\/wp-json\/wp\/v2\/product_cat?post=269108"},{"taxonomy":"product_tag","embeddable":true,"href":"https:\/\/compuviper.mx\/tienda\/wp-json\/wp\/v2\/product_tag?post=269108"}],"curies":[{"name":"wp","href":"https:\/\/api.w.org\/{rel}","templated":true}]}}