{"id":269106,"date":"2026-05-06T01:11:43","date_gmt":"2026-05-06T07:11:43","guid":{"rendered":"https:\/\/compuviper.mx\/tienda\/producto\/acer-nx-b64al-005-laptop-travelmate-p2-core-i5-1335u-8-gb-ram-512-gb-ssd-14-pulgadas-wuxga-ips-windows-11-pro-gris-o-1-ao-garantia-y-seguro-contra-robo\/"},"modified":"2026-05-06T01:11:44","modified_gmt":"2026-05-06T07:11:44","slug":"acer-nx-b64al-005-laptop-travelmate-p2-core-i5-1335u-8-gb-ram-512-gb-ssd-14-pulgadas-wuxga-ips-windows-11-pro-gris-o-1-ao-garantia-y-seguro-contra-robo","status":"publish","type":"product","link":"https:\/\/compuviper.mx\/tienda\/producto\/acer-nx-b64al-005-laptop-travelmate-p2-core-i5-1335u-8-gb-ram-512-gb-ssd-14-pulgadas-wuxga-ips-windows-11-pro-gris-o-1-ao-garantia-y-seguro-contra-robo\/","title":{"rendered":"Acer Nx.b64al.005 Laptop  Travelmate P2, Core I5-1335u, 8 Gb Ram, 512 Gb Ssd, 14 Pulgadas Wuxga Ips,  Windows 11 Pro, Gris O, 1 A?o Garantia Y Seguro Contra Robo"},"content":{"rendered":"<table class=\"descripcion\">\n<tr>\n<td>Modelotmp214-55-g2-56pw upc 195133254724 sat 43211503 no. de parte nx.b64al.005<\/td>\n<\/tr>\n<tr>\n<td>Sistema operativowindows 11 pro 64 bits<\/td>\n<\/tr>\n<tr>\n<td>Procesadorintel \u00ae core tm i5-1335u, 10 ncleos, hasta 4.60 ghz en performance cores, con soporte de<\/td>\n<\/tr>\n<tr>\n<td>               arquitectura de ncleos hbridos con 2 performance-core y 8 efficient-core, 12 mb smart cache<\/td>\n<\/tr>\n<tr>\n<td>Memoria8 gb ddr5 single channel, hasta 5200 mt\/s<\/td>\n<\/tr>\n<tr>\n<td>        expandible hasta 64 gb en dos mdulos sodimm<\/td>\n<\/tr>\n<tr>\n<td>Pantalla14 ips; relacin de aspecto 16:10; wuxga 1920 x 1200; acer<\/td>\n<\/tr>\n<tr>\n<td>        comfyview lcd led backlit; libre de mercurio, amigable con el ambiente<\/td>\n<\/tr>\n<tr>\n<td>Grficosintel\u00ae uhd graphics<\/td>\n<\/tr>\n<tr>\n<td>Almacenamiento512 gb ssd pcie nvme<\/td>\n<\/tr>\n<tr>\n<td>                        expandible hasta 1 tb ssd pcie nvme<\/td>\n<\/tr>\n<tr>\n<td>Cmara webwebcam fhd  ir<\/td>\n<\/tr>\n<tr>\n<td>                resolucin 1920 x 1080<\/td>\n<\/tr>\n<tr>\n<td>                grabacin de audio y video 1080p con tecnologa acer tnr temnporal noise reduction<\/td>\n<\/tr>\n<tr>\n<td>Wifi y redintel\u00ae wireless wi-fi 6e<\/td>\n<\/tr>\n<tr>\n<td>                tecnologa 2&#215;2 mimo<\/td>\n<\/tr>\n<tr>\n<td>                bluetooth\u00ae 5.2<\/td>\n<\/tr>\n<tr>\n<td>                gigabit ethernet<\/td>\n<\/tr>\n<tr>\n<td>Seguridadacer proshield plus incluye: proteccin de datos con cifrado y descifrado de archivos y carpetas,<\/td>\n<\/tr>\n<tr>\n<td>                unidad de seguridad personal; eliminacin de datos: trituracin de archivos; alerta de seguridad:<\/td>\n<\/tr>\n<tr>\n<td>                alerta de acceso no vlido, informe de seguridad; lector de huellas acer bio-protection, con<\/td>\n<\/tr>\n<tr>\n<td>                autenticacin previa al arranque; solucin discreta de mdulo de plataforma segura tpm;<\/td>\n<\/tr>\n<tr>\n<td>               contraseas de usuario y supervisor del bios; ranura de bloqueo kensington; certificada mil-std<\/td>\n<\/tr>\n<tr>\n<td>Tamao y peso319.9 w x 235.4 d x 19.95\/22.95 h mm ; 1.55 kg<\/td>\n<\/tr>\n<tr>\n<td>Alimentacin y bateraadaptador usb tipo-c 65 w ac 50 pcr; tco 9.0<\/td>\n<\/tr>\n<tr>\n<td>                                batera de ion-litio de 3 celdas, 53 wh; soporta carga rpida<\/td>\n<\/tr>\n<tr>\n<td>                               hasta 13.5 horas de duracin de batera basado en los resultados de la prueba mobilemark\u00ae 2025<\/td>\n<\/tr>\n<tr>\n<td>Puertoshdmi 2.1; 2 puertos usb tipo-c thunderbolttm 4; 2 puertos usb 3.2 gen 1 uno con soporte de<\/td>\n<\/tr>\n<tr>\n<td>         carga con equipo apagado; lector microsdtm: rj45: teclado en espaol; lector de huellas<\/td>\n<\/tr>\n<tr>\n<td>Audioaudio dts\u00ae, con respuesta de bajos optimizada y prevencin de distorsin de microaltavoces.<\/td>\n<\/tr>\n<tr>\n<td>        tecnologa acer purified.voice con reduccin de ruido mediante inteligencia artificial en dos<\/td>\n<\/tr>\n<tr>\n<td>       micrfonos incorporados. incluye captacin de campo lejano, reduccin dinmica de ruido a travs<\/td>\n<\/tr>\n<tr>\n<td>       de redes neuronales, formacin de haz adaptativa y modos predefinidos para llamadas personales y<\/td>\n<\/tr>\n<tr>\n<td>       de conferencia. tecnologa acer trueharmony para una menor distorsin, un rango de frecuencia<\/td>\n<\/tr>\n<tr>\n<td>      ms amplio, audio similar al de auriculares y un sonido potente.<\/td>\n<\/tr>\n<tr>\n<td>Garanta1 ao en centro de servicio.<\/td>\n<\/tr>\n<\/table>\n","protected":false},"excerpt":{"rendered":"<p>Laptop acer travelmate p2,portatil empresarial y rentable impulsado por procesador intel core i5-1335u, 8 gb ram, 512 gb ssd, 14 pulgadas wuxga ips,  windows 11 pro, 1 ao garantia y seguro contra robo<\/p>\n","protected":false},"featured_media":0,"comment_status":"open","ping_status":"open","template":"","meta":[],"product_cat":[1886,1887],"product_tag":[1747],"acf":[],"yoast_head":"<!-- This site is optimized with the Yoast SEO plugin v21.7 - https:\/\/yoast.com\/wordpress\/plugins\/seo\/ -->\n<title>[ Acer ] &#129351; Nx.b64al.005 Laptop Travelmate P2, Core I5-1335u, 8 Gb Ram, 512 Gb Ssd, 14 Pulgadas Wuxga Ips, Windows 11 Pro, Gris O, 1 A\u00f1o Garantia Y Seguro Contra Robo<\/title>\n<meta name=\"description\" content=\"Compra Nx.b64al.005 Laptop Travelmate P2, Core I5-1335u, 8 Gb Ram, 512 Gb Ssd, 14 Pulgadas Wuxga Ips, Windows 11 Pro, Gris O, 1 A\u00f1o Garantia Y Seguro Contra Robo + Env\u00edo a domicilio + Pago seguro + Garant\u00eda\" \/>\n<meta name=\"robots\" content=\"index, follow, max-snippet:-1, max-image-preview:large, max-video-preview:-1\" \/>\n<link rel=\"canonical\" href=\"https:\/\/compuviper.mx\/tienda\/producto\/acer-nx-b64al-005-laptop-travelmate-p2-core-i5-1335u-8-gb-ram-512-gb-ssd-14-pulgadas-wuxga-ips-windows-11-pro-gris-o-1-ao-garantia-y-seguro-contra-robo\/\" \/>\n<meta property=\"og:locale\" content=\"es_MX\" \/>\n<meta property=\"og:type\" content=\"article\" \/>\n<meta property=\"og:title\" content=\"[ Acer ] &#129351; Nx.b64al.005 Laptop Travelmate P2, Core I5-1335u, 8 Gb Ram, 512 Gb Ssd, 14 Pulgadas Wuxga Ips, Windows 11 Pro, Gris O, 1 A\u00f1o Garantia Y Seguro Contra Robo\" \/>\n<meta property=\"og:description\" content=\"Compra Nx.b64al.005 Laptop Travelmate P2, Core I5-1335u, 8 Gb Ram, 512 Gb Ssd, 14 Pulgadas Wuxga Ips, Windows 11 Pro, Gris O, 1 A\u00f1o Garantia Y Seguro Contra Robo + Env\u00edo a domicilio + Pago seguro + Garant\u00eda\" \/>\n<meta property=\"og:url\" content=\"https:\/\/compuviper.mx\/tienda\/producto\/acer-nx-b64al-005-laptop-travelmate-p2-core-i5-1335u-8-gb-ram-512-gb-ssd-14-pulgadas-wuxga-ips-windows-11-pro-gris-o-1-ao-garantia-y-seguro-contra-robo\/\" \/>\n<meta property=\"og:site_name\" content=\"Compuviper\" \/>\n<meta property=\"article:publisher\" content=\"https:\/\/www.facebook.com\/compuviper\" \/>\n<meta property=\"article:modified_time\" content=\"2026-05-06T07:11:44+00:00\" \/>\n<meta name=\"twitter:card\" content=\"summary_large_image\" \/>\n<meta name=\"twitter:label1\" content=\"Precio\" \/>\n\t<meta name=\"twitter:data1\" content=\"&#36;9,249 con IVA\" \/>\n\t<meta name=\"twitter:label2\" content=\"Availability\" \/>\n\t<meta name=\"twitter:data2\" content=\"Out of stock\" \/>\n<script type=\"application\/ld+json\" class=\"yoast-schema-graph\">{\"@context\":\"https:\/\/schema.org\",\"@graph\":[{\"@type\":\"WebPage\",\"@id\":\"https:\/\/compuviper.mx\/tienda\/producto\/acer-nx-b64al-005-laptop-travelmate-p2-core-i5-1335u-8-gb-ram-512-gb-ssd-14-pulgadas-wuxga-ips-windows-11-pro-gris-o-1-ao-garantia-y-seguro-contra-robo\/\",\"url\":\"https:\/\/compuviper.mx\/tienda\/producto\/acer-nx-b64al-005-laptop-travelmate-p2-core-i5-1335u-8-gb-ram-512-gb-ssd-14-pulgadas-wuxga-ips-windows-11-pro-gris-o-1-ao-garantia-y-seguro-contra-robo\/\",\"name\":\"[ Acer ] &#129351; Nx.b64al.005 Laptop Travelmate P2, Core I5-1335u, 8 Gb Ram, 512 Gb Ssd, 14 Pulgadas Wuxga Ips, Windows 11 Pro, Gris O, 1 A\u00f1o Garantia Y Seguro Contra Robo\",\"isPartOf\":{\"@id\":\"https:\/\/compuviper.mx\/tienda\/#website\"},\"datePublished\":\"2026-05-06T07:11:43+00:00\",\"dateModified\":\"2026-05-06T07:11:44+00:00\",\"description\":\"Compra Nx.b64al.005 Laptop Travelmate P2, Core I5-1335u, 8 Gb Ram, 512 Gb Ssd, 14 Pulgadas Wuxga Ips, Windows 11 Pro, Gris O, 1 A\u00f1o Garantia Y Seguro Contra Robo + Env\u00edo a domicilio + Pago seguro + Garant\u00eda\",\"breadcrumb\":{\"@id\":\"https:\/\/compuviper.mx\/tienda\/producto\/acer-nx-b64al-005-laptop-travelmate-p2-core-i5-1335u-8-gb-ram-512-gb-ssd-14-pulgadas-wuxga-ips-windows-11-pro-gris-o-1-ao-garantia-y-seguro-contra-robo\/#breadcrumb\"},\"inLanguage\":\"es-MX\",\"potentialAction\":[{\"@type\":\"ReadAction\",\"target\":[\"https:\/\/compuviper.mx\/tienda\/producto\/acer-nx-b64al-005-laptop-travelmate-p2-core-i5-1335u-8-gb-ram-512-gb-ssd-14-pulgadas-wuxga-ips-windows-11-pro-gris-o-1-ao-garantia-y-seguro-contra-robo\/\"]}]},{\"@type\":\"BreadcrumbList\",\"@id\":\"https:\/\/compuviper.mx\/tienda\/producto\/acer-nx-b64al-005-laptop-travelmate-p2-core-i5-1335u-8-gb-ram-512-gb-ssd-14-pulgadas-wuxga-ips-windows-11-pro-gris-o-1-ao-garantia-y-seguro-contra-robo\/#breadcrumb\",\"itemListElement\":[{\"@type\":\"ListItem\",\"position\":1,\"name\":\"Inicio\",\"item\":\"https:\/\/compuviper.mx\/tienda\/\"},{\"@type\":\"ListItem\",\"position\":2,\"name\":\"Productos\",\"item\":\"https:\/\/compuviper.mx\/tienda\/productos\/\"},{\"@type\":\"ListItem\",\"position\":3,\"name\":\"Laptops\",\"item\":\"https:\/\/compuviper.mx\/tienda\/categoria-producto\/laptops\/\"},{\"@type\":\"ListItem\",\"position\":4,\"name\":\"Notebook\",\"item\":\"https:\/\/compuviper.mx\/tienda\/categoria-producto\/laptops\/notebook-laptops\/\"},{\"@type\":\"ListItem\",\"position\":5,\"name\":\"Acer Nx.b64al.005 Laptop Travelmate P2, Core I5-1335u, 8 Gb Ram, 512 Gb Ssd, 14 Pulgadas Wuxga Ips, Windows 11 Pro, Gris O, 1 A?o Garantia Y Seguro Contra Robo\"}]},{\"@type\":\"WebSite\",\"@id\":\"https:\/\/compuviper.mx\/tienda\/#website\",\"url\":\"https:\/\/compuviper.mx\/tienda\/\",\"name\":\"Compuviper\",\"description\":\"Proveedor de Computadoras, Laptops, Servidores, Monitores, Puntos de Venta, Teclados,   Impresoras, T\u00f3ner, C\u00e1maras de Seguridad y m\u00e1s en tu tienda en l\u00ednea\",\"publisher\":{\"@id\":\"https:\/\/compuviper.mx\/tienda\/#organization\"},\"potentialAction\":[{\"@type\":\"SearchAction\",\"target\":{\"@type\":\"EntryPoint\",\"urlTemplate\":\"https:\/\/compuviper.mx\/tienda\/?s={search_term_string}\"},\"query-input\":\"required name=search_term_string\"}],\"inLanguage\":\"es-MX\"},{\"@type\":\"Organization\",\"@id\":\"https:\/\/compuviper.mx\/tienda\/#organization\",\"name\":\"Compuviper\",\"url\":\"https:\/\/compuviper.mx\/tienda\/\",\"logo\":{\"@type\":\"ImageObject\",\"inLanguage\":\"es-MX\",\"@id\":\"https:\/\/compuviper.mx\/tienda\/#\/schema\/logo\/image\/\",\"url\":\"https:\/\/compuviper.mx\/tienda\/wp-content\/uploads\/2021\/08\/Logo-Compuviper-10.png\",\"contentUrl\":\"https:\/\/compuviper.mx\/tienda\/wp-content\/uploads\/2021\/08\/Logo-Compuviper-10.png\",\"width\":1000,\"height\":500,\"caption\":\"Compuviper\"},\"image\":{\"@id\":\"https:\/\/compuviper.mx\/tienda\/#\/schema\/logo\/image\/\"},\"sameAs\":[\"https:\/\/www.facebook.com\/compuviper\",\"https:\/\/www.youtube.com\/channel\/UCf73dERp9Y3cfOq7q8BhLjA?view_as=subscriber\"]}]}<\/script>\n<meta property=\"product:brand\" content=\"ACER\" \/>\n<meta property=\"product:price:amount\" content=\"9249\" \/>\n<meta property=\"product:price:currency\" content=\"MXN\" \/>\n<meta property=\"og:availability\" content=\"out of stock\" \/>\n<meta property=\"product:availability\" content=\"out of stock\" \/>\n<meta property=\"product:retailer_item_id\" content=\"NX.B64AL.005\" \/>\n<meta property=\"product:condition\" content=\"new\" \/>\n<!-- \/ Yoast SEO plugin. -->","yoast_head_json":{"title":"[ Acer ] &#129351; Nx.b64al.005 Laptop Travelmate P2, Core I5-1335u, 8 Gb Ram, 512 Gb Ssd, 14 Pulgadas Wuxga Ips, Windows 11 Pro, Gris O, 1 A\u00f1o Garantia Y Seguro Contra Robo","description":"Compra Nx.b64al.005 Laptop Travelmate P2, Core I5-1335u, 8 Gb Ram, 512 Gb Ssd, 14 Pulgadas Wuxga Ips, Windows 11 Pro, Gris O, 1 A\u00f1o Garantia Y Seguro Contra Robo + Env\u00edo a domicilio + Pago seguro + Garant\u00eda","robots":{"index":"index","follow":"follow","max-snippet":"max-snippet:-1","max-image-preview":"max-image-preview:large","max-video-preview":"max-video-preview:-1"},"canonical":"https:\/\/compuviper.mx\/tienda\/producto\/acer-nx-b64al-005-laptop-travelmate-p2-core-i5-1335u-8-gb-ram-512-gb-ssd-14-pulgadas-wuxga-ips-windows-11-pro-gris-o-1-ao-garantia-y-seguro-contra-robo\/","og_locale":"es_MX","og_type":"article","og_title":"[ Acer ] &#129351; Nx.b64al.005 Laptop Travelmate P2, Core I5-1335u, 8 Gb Ram, 512 Gb Ssd, 14 Pulgadas Wuxga Ips, Windows 11 Pro, Gris O, 1 A\u00f1o Garantia Y Seguro Contra Robo","og_description":"Compra Nx.b64al.005 Laptop Travelmate P2, Core I5-1335u, 8 Gb Ram, 512 Gb Ssd, 14 Pulgadas Wuxga Ips, Windows 11 Pro, Gris O, 1 A\u00f1o Garantia Y Seguro Contra Robo + Env\u00edo a domicilio + Pago seguro + Garant\u00eda","og_url":"https:\/\/compuviper.mx\/tienda\/producto\/acer-nx-b64al-005-laptop-travelmate-p2-core-i5-1335u-8-gb-ram-512-gb-ssd-14-pulgadas-wuxga-ips-windows-11-pro-gris-o-1-ao-garantia-y-seguro-contra-robo\/","og_site_name":"Compuviper","article_publisher":"https:\/\/www.facebook.com\/compuviper","article_modified_time":"2026-05-06T07:11:44+00:00","twitter_card":"summary_large_image","twitter_misc":{"Precio":"&#36;9,249 con IVA","Availability":"Out of stock"},"schema":{"@context":"https:\/\/schema.org","@graph":[{"@type":"WebPage","@id":"https:\/\/compuviper.mx\/tienda\/producto\/acer-nx-b64al-005-laptop-travelmate-p2-core-i5-1335u-8-gb-ram-512-gb-ssd-14-pulgadas-wuxga-ips-windows-11-pro-gris-o-1-ao-garantia-y-seguro-contra-robo\/","url":"https:\/\/compuviper.mx\/tienda\/producto\/acer-nx-b64al-005-laptop-travelmate-p2-core-i5-1335u-8-gb-ram-512-gb-ssd-14-pulgadas-wuxga-ips-windows-11-pro-gris-o-1-ao-garantia-y-seguro-contra-robo\/","name":"[ Acer ] &#129351; Nx.b64al.005 Laptop Travelmate P2, Core I5-1335u, 8 Gb Ram, 512 Gb Ssd, 14 Pulgadas Wuxga Ips, Windows 11 Pro, Gris O, 1 A\u00f1o Garantia Y Seguro Contra Robo","isPartOf":{"@id":"https:\/\/compuviper.mx\/tienda\/#website"},"datePublished":"2026-05-06T07:11:43+00:00","dateModified":"2026-05-06T07:11:44+00:00","description":"Compra Nx.b64al.005 Laptop Travelmate P2, Core I5-1335u, 8 Gb Ram, 512 Gb Ssd, 14 Pulgadas Wuxga Ips, Windows 11 Pro, Gris O, 1 A\u00f1o Garantia Y Seguro Contra Robo + Env\u00edo a domicilio + Pago seguro + Garant\u00eda","breadcrumb":{"@id":"https:\/\/compuviper.mx\/tienda\/producto\/acer-nx-b64al-005-laptop-travelmate-p2-core-i5-1335u-8-gb-ram-512-gb-ssd-14-pulgadas-wuxga-ips-windows-11-pro-gris-o-1-ao-garantia-y-seguro-contra-robo\/#breadcrumb"},"inLanguage":"es-MX","potentialAction":[{"@type":"ReadAction","target":["https:\/\/compuviper.mx\/tienda\/producto\/acer-nx-b64al-005-laptop-travelmate-p2-core-i5-1335u-8-gb-ram-512-gb-ssd-14-pulgadas-wuxga-ips-windows-11-pro-gris-o-1-ao-garantia-y-seguro-contra-robo\/"]}]},{"@type":"BreadcrumbList","@id":"https:\/\/compuviper.mx\/tienda\/producto\/acer-nx-b64al-005-laptop-travelmate-p2-core-i5-1335u-8-gb-ram-512-gb-ssd-14-pulgadas-wuxga-ips-windows-11-pro-gris-o-1-ao-garantia-y-seguro-contra-robo\/#breadcrumb","itemListElement":[{"@type":"ListItem","position":1,"name":"Inicio","item":"https:\/\/compuviper.mx\/tienda\/"},{"@type":"ListItem","position":2,"name":"Productos","item":"https:\/\/compuviper.mx\/tienda\/productos\/"},{"@type":"ListItem","position":3,"name":"Laptops","item":"https:\/\/compuviper.mx\/tienda\/categoria-producto\/laptops\/"},{"@type":"ListItem","position":4,"name":"Notebook","item":"https:\/\/compuviper.mx\/tienda\/categoria-producto\/laptops\/notebook-laptops\/"},{"@type":"ListItem","position":5,"name":"Acer Nx.b64al.005 Laptop Travelmate P2, Core I5-1335u, 8 Gb Ram, 512 Gb Ssd, 14 Pulgadas Wuxga Ips, Windows 11 Pro, Gris O, 1 A?o Garantia Y Seguro Contra Robo"}]},{"@type":"WebSite","@id":"https:\/\/compuviper.mx\/tienda\/#website","url":"https:\/\/compuviper.mx\/tienda\/","name":"Compuviper","description":"Proveedor de Computadoras, Laptops, Servidores, Monitores, Puntos de Venta, Teclados,   Impresoras, T\u00f3ner, C\u00e1maras de Seguridad y m\u00e1s en tu tienda en l\u00ednea","publisher":{"@id":"https:\/\/compuviper.mx\/tienda\/#organization"},"potentialAction":[{"@type":"SearchAction","target":{"@type":"EntryPoint","urlTemplate":"https:\/\/compuviper.mx\/tienda\/?s={search_term_string}"},"query-input":"required name=search_term_string"}],"inLanguage":"es-MX"},{"@type":"Organization","@id":"https:\/\/compuviper.mx\/tienda\/#organization","name":"Compuviper","url":"https:\/\/compuviper.mx\/tienda\/","logo":{"@type":"ImageObject","inLanguage":"es-MX","@id":"https:\/\/compuviper.mx\/tienda\/#\/schema\/logo\/image\/","url":"https:\/\/compuviper.mx\/tienda\/wp-content\/uploads\/2021\/08\/Logo-Compuviper-10.png","contentUrl":"https:\/\/compuviper.mx\/tienda\/wp-content\/uploads\/2021\/08\/Logo-Compuviper-10.png","width":1000,"height":500,"caption":"Compuviper"},"image":{"@id":"https:\/\/compuviper.mx\/tienda\/#\/schema\/logo\/image\/"},"sameAs":["https:\/\/www.facebook.com\/compuviper","https:\/\/www.youtube.com\/channel\/UCf73dERp9Y3cfOq7q8BhLjA?view_as=subscriber"]}]},"product_brand":"ACER","product_price_amount":"9249","product_price_currency":"MXN","og_availability":"out of stock","product_availability":"out of stock","product_retailer_item_id":"NX.B64AL.005","product_condition":"new"},"_links":{"self":[{"href":"https:\/\/compuviper.mx\/tienda\/wp-json\/wp\/v2\/product\/269106"}],"collection":[{"href":"https:\/\/compuviper.mx\/tienda\/wp-json\/wp\/v2\/product"}],"about":[{"href":"https:\/\/compuviper.mx\/tienda\/wp-json\/wp\/v2\/types\/product"}],"replies":[{"embeddable":true,"href":"https:\/\/compuviper.mx\/tienda\/wp-json\/wp\/v2\/comments?post=269106"}],"wp:attachment":[{"href":"https:\/\/compuviper.mx\/tienda\/wp-json\/wp\/v2\/media?parent=269106"}],"wp:term":[{"taxonomy":"product_cat","embeddable":true,"href":"https:\/\/compuviper.mx\/tienda\/wp-json\/wp\/v2\/product_cat?post=269106"},{"taxonomy":"product_tag","embeddable":true,"href":"https:\/\/compuviper.mx\/tienda\/wp-json\/wp\/v2\/product_tag?post=269106"}],"curies":[{"name":"wp","href":"https:\/\/api.w.org\/{rel}","templated":true}]}}