{"id":269074,"date":"2026-05-09T01:44:00","date_gmt":"2026-05-09T07:44:00","guid":{"rendered":"https:\/\/compuviper.mx\/tienda\/producto\/sandisk-sdsdxv2-064g-gncin-memoria-sdxc-64gb-extreme-170mb-s-4k-clase-10-u3-v30\/"},"modified":"2026-05-09T01:44:00","modified_gmt":"2026-05-09T07:44:00","slug":"sandisk-sdsdxv2-064g-gncin-memoria-sdxc-64gb-extreme-170mb-s-4k-clase-10-u3-v30","status":"publish","type":"product","link":"https:\/\/compuviper.mx\/tienda\/producto\/sandisk-sdsdxv2-064g-gncin-memoria-sdxc-64gb-extreme-170mb-s-4k-clase-10-u3-v30\/","title":{"rendered":"Sandisk Sdsdxv2-064g-gncin Memoria  Sdxc 64gb Extreme 170mb\/s 4k Clase 10 U3 V30"},"content":{"rendered":"<table class=\"descripcion\">\n<tr>\n<td>&#8220;features<\/td>\n<\/tr>\n<tr>\n<td>Velocidades de toma hasta 130 mb\/s<\/td>\n<\/tr>\n<tr>\n<td>Velocidades de transferencia hasta 180 mb\/s<\/td>\n<\/tr>\n<tr>\n<td>Perfecta para videos 4k uhd<\/td>\n<\/tr>\n<tr>\n<td>Im\u00e1genes impresionantes en modo de r\u00e1faga secuencial<\/td>\n<\/tr>\n<tr>\n<td>Durabilidad en la que puedes confiar<\/td>\n<\/tr>\n<tr>\n<td>Recupera im\u00e1genes borradas por accidente<\/td>\n<\/tr>\n<tr>\n<td>Capacidad<\/td>\n<\/tr>\n<tr>\n<td>64gb<\/td>\n<\/tr>\n<tr>\n<td>Factor de forma<\/td>\n<\/tr>\n<tr>\n<td>Sdhc<\/td>\n<\/tr>\n<tr>\n<td>Sdxc<\/td>\n<\/tr>\n<tr>\n<td>Compatibilidad<\/td>\n<\/tr>\n<tr>\n<td>Compatible con el lector de tarjetas sandisk sd uhs-i para velocidades hasta 180 mb\/s6<\/td>\n<\/tr>\n<tr>\n<td>Rendimiento de lectura secuencial<\/td>\n<\/tr>\n<tr>\n<td>Up to 170mb\/s<\/td>\n<\/tr>\n<tr>\n<td>Rendimiento de escritura secuencial<\/td>\n<\/tr>\n<tr>\n<td>Up to 80mb\/s<\/td>\n<\/tr>\n<tr>\n<td>Warranty<\/td>\n<\/tr>\n<tr>\n<td>Garant\u00eda limitada de por vida<\/td>\n<\/tr>\n<tr>\n<td>Dimensiones (largo, ancho y alto)<\/td>\n<\/tr>\n<tr>\n<td>1.26 x 0.94 x 0.09<\/td>\n<\/tr>\n<tr>\n<td>Peso<\/td>\n<\/tr>\n<tr>\n<td>2.1gms<\/td>\n<\/tr>\n<tr>\n<td>N\u00famero de modelo<\/td>\n<\/tr>\n<tr>\n<td>Sdsdxv2-064g-gncin<\/td>\n<\/tr>\n<tr>\n<td>Temp. operativa<\/td>\n<\/tr>\n<tr>\n<td>-25\u00b0c to 85\u00b0c<\/td>\n<\/tr>\n<tr>\n<td>Non-operating temperature<\/td>\n<\/tr>\n<tr>\n<td>-40\u00b0c to 85\u00b0c<\/td>\n<\/tr>\n<tr>\n<td>Certifications<\/td>\n<\/tr>\n<tr>\n<td>Ce, fcc, c-tick\/rcm, ukca, eac, ices&#8221;<\/td>\n<\/tr>\n<\/table>\n","protected":false},"excerpt":{"rendered":"<p>La tarjeta de memoria sandisk extreme\u00ae sd uhs-i permite ahorrar tiempo en la transferencia de archivos multimedia con velocidades de lectura hasta 180 mb\/s, gracias a la tecnolog\u00eda sandisk\u00ae quickflow\u0099  (de 64 gb a 512 gb). Comb\u00ednala con las tarjetas sandisk\u00ae professional pro-reader sd y microsd\u0099 para alcanzar las velocidades m\u00e1ximas (se venden por separado). Con velocidades de toma hasta 130 mb\/s y grabaciones con velocidad uhs clase 3 (u3), podr\u00e1s capturar videos 4k uhd de alta resoluci\u00f3n y sin intermitencias1. Adem\u00e1s, su dise\u00f1o resistente a las variaciones clim\u00e1ticas, al agua, a los impactos y a otras condiciones poco favorables, te brinda tranquilidad para llevarla a donde sea que vayas.<\/p>\n","protected":false},"featured_media":269075,"comment_status":"open","ping_status":"open","template":"","meta":[],"product_cat":[1795,1793],"product_tag":[1709],"acf":[],"yoast_head":"<!-- This site is optimized with the Yoast SEO plugin v21.7 - https:\/\/yoast.com\/wordpress\/plugins\/seo\/ -->\n<title>[ Sandisk ] &#129351; Sdsdxv2-064g-gncin Memoria Sdxc 64gb Extreme 170mb\/s 4k Clase 10 U3 V30<\/title>\n<meta name=\"description\" content=\"Compra Sdsdxv2-064g-gncin Memoria Sdxc 64gb Extreme 170mb\/s 4k Clase 10 U3 V30 + Env\u00edo a domicilio + Pago seguro + Garant\u00eda\" \/>\n<meta name=\"robots\" content=\"index, follow, max-snippet:-1, max-image-preview:large, max-video-preview:-1\" \/>\n<link rel=\"canonical\" href=\"https:\/\/compuviper.mx\/tienda\/producto\/sandisk-sdsdxv2-064g-gncin-memoria-sdxc-64gb-extreme-170mb-s-4k-clase-10-u3-v30\/\" \/>\n<meta property=\"og:locale\" content=\"es_MX\" \/>\n<meta property=\"og:type\" content=\"article\" \/>\n<meta property=\"og:title\" content=\"[ Sandisk ] &#129351; Sdsdxv2-064g-gncin Memoria Sdxc 64gb Extreme 170mb\/s 4k Clase 10 U3 V30\" \/>\n<meta property=\"og:description\" content=\"Compra Sdsdxv2-064g-gncin Memoria Sdxc 64gb Extreme 170mb\/s 4k Clase 10 U3 V30 + Env\u00edo a domicilio + Pago seguro + Garant\u00eda\" \/>\n<meta property=\"og:url\" content=\"https:\/\/compuviper.mx\/tienda\/producto\/sandisk-sdsdxv2-064g-gncin-memoria-sdxc-64gb-extreme-170mb-s-4k-clase-10-u3-v30\/\" \/>\n<meta property=\"og:site_name\" content=\"Compuviper\" \/>\n<meta property=\"article:publisher\" content=\"https:\/\/www.facebook.com\/compuviper\" \/>\n<meta property=\"og:image\" content=\"https:\/\/compuviper.mx\/tienda\/wp-content\/uploads\/2026\/04\/Memoria-sandisk-sdxc-64gb-extreme-170mbs-4k-clase-10-u3-v30-sdsdxv2-064g-gncin.jpg\" \/>\n\t<meta property=\"og:image:width\" content=\"200\" \/>\n\t<meta property=\"og:image:height\" content=\"200\" \/>\n\t<meta property=\"og:image:type\" content=\"image\/jpeg\" \/>\n<meta name=\"twitter:card\" content=\"summary_large_image\" \/>\n<meta name=\"twitter:label1\" content=\"Precio\" \/>\n\t<meta name=\"twitter:data1\" content=\"&#36;389 &#36;342 con IVA\" \/>\n\t<meta name=\"twitter:label2\" content=\"Availability\" \/>\n\t<meta name=\"twitter:data2\" content=\"In stock\" \/>\n<script type=\"application\/ld+json\" class=\"yoast-schema-graph\">{\"@context\":\"https:\/\/schema.org\",\"@graph\":[{\"@type\":\"WebPage\",\"@id\":\"https:\/\/compuviper.mx\/tienda\/producto\/sandisk-sdsdxv2-064g-gncin-memoria-sdxc-64gb-extreme-170mb-s-4k-clase-10-u3-v30\/\",\"url\":\"https:\/\/compuviper.mx\/tienda\/producto\/sandisk-sdsdxv2-064g-gncin-memoria-sdxc-64gb-extreme-170mb-s-4k-clase-10-u3-v30\/\",\"name\":\"[ Sandisk ] &#129351; Sdsdxv2-064g-gncin Memoria Sdxc 64gb Extreme 170mb\/s 4k Clase 10 U3 V30\",\"isPartOf\":{\"@id\":\"https:\/\/compuviper.mx\/tienda\/#website\"},\"datePublished\":\"2026-05-09T07:44:00+00:00\",\"dateModified\":\"2026-05-09T07:44:00+00:00\",\"description\":\"Compra Sdsdxv2-064g-gncin Memoria Sdxc 64gb Extreme 170mb\/s 4k Clase 10 U3 V30 + Env\u00edo a domicilio + Pago seguro + Garant\u00eda\",\"breadcrumb\":{\"@id\":\"https:\/\/compuviper.mx\/tienda\/producto\/sandisk-sdsdxv2-064g-gncin-memoria-sdxc-64gb-extreme-170mb-s-4k-clase-10-u3-v30\/#breadcrumb\"},\"inLanguage\":\"es-MX\",\"potentialAction\":[{\"@type\":\"ReadAction\",\"target\":[\"https:\/\/compuviper.mx\/tienda\/producto\/sandisk-sdsdxv2-064g-gncin-memoria-sdxc-64gb-extreme-170mb-s-4k-clase-10-u3-v30\/\"]}]},{\"@type\":\"BreadcrumbList\",\"@id\":\"https:\/\/compuviper.mx\/tienda\/producto\/sandisk-sdsdxv2-064g-gncin-memoria-sdxc-64gb-extreme-170mb-s-4k-clase-10-u3-v30\/#breadcrumb\",\"itemListElement\":[{\"@type\":\"ListItem\",\"position\":1,\"name\":\"Inicio\",\"item\":\"https:\/\/compuviper.mx\/tienda\/\"},{\"@type\":\"ListItem\",\"position\":2,\"name\":\"Productos\",\"item\":\"https:\/\/compuviper.mx\/tienda\/productos\/\"},{\"@type\":\"ListItem\",\"position\":3,\"name\":\"Memorias\",\"item\":\"https:\/\/compuviper.mx\/tienda\/categoria-producto\/memorias\/\"},{\"@type\":\"ListItem\",\"position\":4,\"name\":\"Memoria Flash Card\",\"item\":\"https:\/\/compuviper.mx\/tienda\/categoria-producto\/memorias\/memoria-flash-card\/\"},{\"@type\":\"ListItem\",\"position\":5,\"name\":\"Sandisk Sdsdxv2-064g-gncin Memoria Sdxc 64gb Extreme 170mb\/s 4k Clase 10 U3 V30\"}]},{\"@type\":\"WebSite\",\"@id\":\"https:\/\/compuviper.mx\/tienda\/#website\",\"url\":\"https:\/\/compuviper.mx\/tienda\/\",\"name\":\"Compuviper\",\"description\":\"Proveedor de Computadoras, Laptops, Servidores, Monitores, Puntos de Venta, Teclados,   Impresoras, T\u00f3ner, C\u00e1maras de Seguridad y m\u00e1s en tu tienda en l\u00ednea\",\"publisher\":{\"@id\":\"https:\/\/compuviper.mx\/tienda\/#organization\"},\"potentialAction\":[{\"@type\":\"SearchAction\",\"target\":{\"@type\":\"EntryPoint\",\"urlTemplate\":\"https:\/\/compuviper.mx\/tienda\/?s={search_term_string}\"},\"query-input\":\"required name=search_term_string\"}],\"inLanguage\":\"es-MX\"},{\"@type\":\"Organization\",\"@id\":\"https:\/\/compuviper.mx\/tienda\/#organization\",\"name\":\"Compuviper\",\"url\":\"https:\/\/compuviper.mx\/tienda\/\",\"logo\":{\"@type\":\"ImageObject\",\"inLanguage\":\"es-MX\",\"@id\":\"https:\/\/compuviper.mx\/tienda\/#\/schema\/logo\/image\/\",\"url\":\"https:\/\/compuviper.mx\/tienda\/wp-content\/uploads\/2021\/08\/Logo-Compuviper-10.png\",\"contentUrl\":\"https:\/\/compuviper.mx\/tienda\/wp-content\/uploads\/2021\/08\/Logo-Compuviper-10.png\",\"width\":1000,\"height\":500,\"caption\":\"Compuviper\"},\"image\":{\"@id\":\"https:\/\/compuviper.mx\/tienda\/#\/schema\/logo\/image\/\"},\"sameAs\":[\"https:\/\/www.facebook.com\/compuviper\",\"https:\/\/www.youtube.com\/channel\/UCf73dERp9Y3cfOq7q8BhLjA?view_as=subscriber\"]}]}<\/script>\n<meta property=\"product:brand\" content=\"SANDISK\" \/>\n<meta property=\"product:price:amount\" content=\"342\" \/>\n<meta property=\"product:price:currency\" content=\"MXN\" \/>\n<meta property=\"og:availability\" content=\"instock\" \/>\n<meta property=\"product:availability\" content=\"instock\" \/>\n<meta property=\"product:retailer_item_id\" content=\"SDSDXV2-064G-GNCIN\" \/>\n<meta property=\"product:condition\" content=\"new\" \/>\n<!-- \/ Yoast SEO plugin. -->","yoast_head_json":{"title":"[ Sandisk ] &#129351; Sdsdxv2-064g-gncin Memoria Sdxc 64gb Extreme 170mb\/s 4k Clase 10 U3 V30","description":"Compra Sdsdxv2-064g-gncin Memoria Sdxc 64gb Extreme 170mb\/s 4k Clase 10 U3 V30 + Env\u00edo a domicilio + Pago seguro + Garant\u00eda","robots":{"index":"index","follow":"follow","max-snippet":"max-snippet:-1","max-image-preview":"max-image-preview:large","max-video-preview":"max-video-preview:-1"},"canonical":"https:\/\/compuviper.mx\/tienda\/producto\/sandisk-sdsdxv2-064g-gncin-memoria-sdxc-64gb-extreme-170mb-s-4k-clase-10-u3-v30\/","og_locale":"es_MX","og_type":"article","og_title":"[ Sandisk ] &#129351; Sdsdxv2-064g-gncin Memoria Sdxc 64gb Extreme 170mb\/s 4k Clase 10 U3 V30","og_description":"Compra Sdsdxv2-064g-gncin Memoria Sdxc 64gb Extreme 170mb\/s 4k Clase 10 U3 V30 + Env\u00edo a domicilio + Pago seguro + Garant\u00eda","og_url":"https:\/\/compuviper.mx\/tienda\/producto\/sandisk-sdsdxv2-064g-gncin-memoria-sdxc-64gb-extreme-170mb-s-4k-clase-10-u3-v30\/","og_site_name":"Compuviper","article_publisher":"https:\/\/www.facebook.com\/compuviper","og_image":[{"width":200,"height":200,"url":"https:\/\/compuviper.mx\/tienda\/wp-content\/uploads\/2026\/04\/Memoria-sandisk-sdxc-64gb-extreme-170mbs-4k-clase-10-u3-v30-sdsdxv2-064g-gncin.jpg","type":"image\/jpeg"}],"twitter_card":"summary_large_image","twitter_misc":{"Precio":"&#36;389 &#36;342 con IVA","Availability":"In stock"},"schema":{"@context":"https:\/\/schema.org","@graph":[{"@type":"WebPage","@id":"https:\/\/compuviper.mx\/tienda\/producto\/sandisk-sdsdxv2-064g-gncin-memoria-sdxc-64gb-extreme-170mb-s-4k-clase-10-u3-v30\/","url":"https:\/\/compuviper.mx\/tienda\/producto\/sandisk-sdsdxv2-064g-gncin-memoria-sdxc-64gb-extreme-170mb-s-4k-clase-10-u3-v30\/","name":"[ Sandisk ] &#129351; Sdsdxv2-064g-gncin Memoria Sdxc 64gb Extreme 170mb\/s 4k Clase 10 U3 V30","isPartOf":{"@id":"https:\/\/compuviper.mx\/tienda\/#website"},"datePublished":"2026-05-09T07:44:00+00:00","dateModified":"2026-05-09T07:44:00+00:00","description":"Compra Sdsdxv2-064g-gncin Memoria Sdxc 64gb Extreme 170mb\/s 4k Clase 10 U3 V30 + Env\u00edo a domicilio + Pago seguro + Garant\u00eda","breadcrumb":{"@id":"https:\/\/compuviper.mx\/tienda\/producto\/sandisk-sdsdxv2-064g-gncin-memoria-sdxc-64gb-extreme-170mb-s-4k-clase-10-u3-v30\/#breadcrumb"},"inLanguage":"es-MX","potentialAction":[{"@type":"ReadAction","target":["https:\/\/compuviper.mx\/tienda\/producto\/sandisk-sdsdxv2-064g-gncin-memoria-sdxc-64gb-extreme-170mb-s-4k-clase-10-u3-v30\/"]}]},{"@type":"BreadcrumbList","@id":"https:\/\/compuviper.mx\/tienda\/producto\/sandisk-sdsdxv2-064g-gncin-memoria-sdxc-64gb-extreme-170mb-s-4k-clase-10-u3-v30\/#breadcrumb","itemListElement":[{"@type":"ListItem","position":1,"name":"Inicio","item":"https:\/\/compuviper.mx\/tienda\/"},{"@type":"ListItem","position":2,"name":"Productos","item":"https:\/\/compuviper.mx\/tienda\/productos\/"},{"@type":"ListItem","position":3,"name":"Memorias","item":"https:\/\/compuviper.mx\/tienda\/categoria-producto\/memorias\/"},{"@type":"ListItem","position":4,"name":"Memoria Flash Card","item":"https:\/\/compuviper.mx\/tienda\/categoria-producto\/memorias\/memoria-flash-card\/"},{"@type":"ListItem","position":5,"name":"Sandisk Sdsdxv2-064g-gncin Memoria Sdxc 64gb Extreme 170mb\/s 4k Clase 10 U3 V30"}]},{"@type":"WebSite","@id":"https:\/\/compuviper.mx\/tienda\/#website","url":"https:\/\/compuviper.mx\/tienda\/","name":"Compuviper","description":"Proveedor de Computadoras, Laptops, Servidores, Monitores, Puntos de Venta, Teclados,   Impresoras, T\u00f3ner, C\u00e1maras de Seguridad y m\u00e1s en tu tienda en l\u00ednea","publisher":{"@id":"https:\/\/compuviper.mx\/tienda\/#organization"},"potentialAction":[{"@type":"SearchAction","target":{"@type":"EntryPoint","urlTemplate":"https:\/\/compuviper.mx\/tienda\/?s={search_term_string}"},"query-input":"required name=search_term_string"}],"inLanguage":"es-MX"},{"@type":"Organization","@id":"https:\/\/compuviper.mx\/tienda\/#organization","name":"Compuviper","url":"https:\/\/compuviper.mx\/tienda\/","logo":{"@type":"ImageObject","inLanguage":"es-MX","@id":"https:\/\/compuviper.mx\/tienda\/#\/schema\/logo\/image\/","url":"https:\/\/compuviper.mx\/tienda\/wp-content\/uploads\/2021\/08\/Logo-Compuviper-10.png","contentUrl":"https:\/\/compuviper.mx\/tienda\/wp-content\/uploads\/2021\/08\/Logo-Compuviper-10.png","width":1000,"height":500,"caption":"Compuviper"},"image":{"@id":"https:\/\/compuviper.mx\/tienda\/#\/schema\/logo\/image\/"},"sameAs":["https:\/\/www.facebook.com\/compuviper","https:\/\/www.youtube.com\/channel\/UCf73dERp9Y3cfOq7q8BhLjA?view_as=subscriber"]}]},"product_brand":"SANDISK","product_price_amount":"342","product_price_currency":"MXN","og_availability":"instock","product_availability":"instock","product_retailer_item_id":"SDSDXV2-064G-GNCIN","product_condition":"new"},"_links":{"self":[{"href":"https:\/\/compuviper.mx\/tienda\/wp-json\/wp\/v2\/product\/269074"}],"collection":[{"href":"https:\/\/compuviper.mx\/tienda\/wp-json\/wp\/v2\/product"}],"about":[{"href":"https:\/\/compuviper.mx\/tienda\/wp-json\/wp\/v2\/types\/product"}],"replies":[{"embeddable":true,"href":"https:\/\/compuviper.mx\/tienda\/wp-json\/wp\/v2\/comments?post=269074"}],"wp:featuredmedia":[{"embeddable":true,"href":"https:\/\/compuviper.mx\/tienda\/wp-json\/wp\/v2\/media\/269075"}],"wp:attachment":[{"href":"https:\/\/compuviper.mx\/tienda\/wp-json\/wp\/v2\/media?parent=269074"}],"wp:term":[{"taxonomy":"product_cat","embeddable":true,"href":"https:\/\/compuviper.mx\/tienda\/wp-json\/wp\/v2\/product_cat?post=269074"},{"taxonomy":"product_tag","embeddable":true,"href":"https:\/\/compuviper.mx\/tienda\/wp-json\/wp\/v2\/product_tag?post=269074"}],"curies":[{"name":"wp","href":"https:\/\/api.w.org\/{rel}","templated":true}]}}