{"id":269054,"date":"2026-04-25T02:18:00","date_gmt":"2026-04-25T08:18:00","guid":{"rendered":"https:\/\/compuviper.mx\/tienda\/producto\/sharp-display-xp-v731u-w-videoproyector-laser-sharp-3lcd-wuxga-7300-lumenes-cont-30000001-hdmi-hdcp-2-2-rj45-hdbaset-w-hdcp-20000-hrs\/"},"modified":"2026-04-25T02:18:00","modified_gmt":"2026-04-25T08:18:00","slug":"sharp-display-xp-v731u-w-videoproyector-laser-sharp-3lcd-wuxga-7300-lumenes-cont-30000001-hdmi-hdcp-2-2-rj45-hdbaset-w-hdcp-20000-hrs","status":"publish","type":"product","link":"https:\/\/compuviper.mx\/tienda\/producto\/sharp-display-xp-v731u-w-videoproyector-laser-sharp-3lcd-wuxga-7300-lumenes-cont-30000001-hdmi-hdcp-2-2-rj45-hdbaset-w-hdcp-20000-hrs\/","title":{"rendered":"Sharp Display Xp-v731u-w Videoproyector Laser Sharp  3lcd Wuxga 7300 Lumenes Cont 3,000,000:1 \/hdmi-hdcp 2.2 \/ Rj45, Hdbaset W\/hdcp 20,000 Hrs"},"content":{"rendered":"<table class=\"descripcion\">\n<tr>\n<td>\u00f3ptico<\/td>\n<\/tr>\n<tr>\n<td>Tecnolog\u00eda de proyecci\u00f3n 3lcd tecnolog\u00eda<\/td>\n<\/tr>\n<tr>\n<td>Resoluci\u00f3n nativa<\/td>\n<\/tr>\n<tr>\n<td>1920 x 1200 (wuxga)<\/td>\n<\/tr>\n<tr>\n<td>Relaci\u00f3n de aspecto 16:10<\/td>\n<\/tr>\n<tr>\n<td>Ratio de contraste 3000000:1<\/td>\n<\/tr>\n<tr>\n<td>Brillo 7300 lm normal \/ 7600 lm centre \/ 6600 lm modo silencioso; en cumplimiento seg\u00fan iso21118-2012<\/td>\n<\/tr>\n<tr>\n<td>L\u00e1mpara fuente de luz l\u00e1ser<\/td>\n<\/tr>\n<tr>\n<td>Vida \u00fatil de la fuente de luz [hs] 20000 1<\/td>\n<\/tr>\n<tr>\n<td>Lentes 5 opciones de lente motorizada<\/td>\n<\/tr>\n<tr>\n<td>Ajuste de la lente motorizado<\/td>\n<\/tr>\n<tr>\n<td>Desplazamiento de lente h:\u00b120, v:+50,-10<\/td>\n<\/tr>\n<tr>\n<td>Correcci\u00f3n de la distorsi\u00f3n trapezoidal +\/- 30\u00b0 horizontal manualmente \/ +\/- 30\u00b0 vertical manualmente<\/td>\n<\/tr>\n<tr>\n<td>Factor de proyecci\u00f3n dependiendo de la selecci\u00f3n de la lente (opci\u00f3n est\u00e1ndar xp-41zl, 1,3:3,02:1)<\/td>\n<\/tr>\n<tr>\n<td>Distancia de proyecci\u00f3n [m] 0,7 \u0096 50,9<\/td>\n<\/tr>\n<tr>\n<td>Tama\u00f1o de la pantalla (diagonal) [cm] \/ [pulgadas] m\u00e1ximo: 1.270 \/ 500; m\u00ednimo: 101,6 \/ 40<\/td>\n<\/tr>\n<tr>\n<td>Zoom motorizado y manual (seg\u00fan la lente)<\/td>\n<\/tr>\n<tr>\n<td>Ajuste de enfoque motorizado y manual (seg\u00fan la lente)<\/td>\n<\/tr>\n<tr>\n<td>Resoluciones soportadas<\/td>\n<\/tr>\n<tr>\n<td>1080i\/50\/60;<\/td>\n<\/tr>\n<tr>\n<td>1080p\/50\/60;<\/td>\n<\/tr>\n<tr>\n<td>1280 x 768 (60);<\/td>\n<\/tr>\n<tr>\n<td>1920 x 1200 (60);<\/td>\n<\/tr>\n<tr>\n<td>2560p\/1080;<\/td>\n<\/tr>\n<tr>\n<td>3840 x 2160 (23.8\/24\/25\/29.97\/30);<\/td>\n<\/tr>\n<tr>\n<td>480p\/60;<\/td>\n<\/tr>\n<tr>\n<td>576p\/50;<\/td>\n<\/tr>\n<tr>\n<td>720p\/60<\/td>\n<\/tr>\n<tr>\n<td>Frecuencia  digital: horizontal: 15\/24 &#8211; 153 khz; vertical: 24 &#8211; 120 hz<\/td>\n<\/tr>\n<tr>\n<td>Conectividad<\/td>\n<\/tr>\n<tr>\n<td>Digital entrada: 1 x hdbaset; 2 x hdmi\u0099 soporta hdcp 1.4<\/td>\n<\/tr>\n<tr>\n<td>Audio entrada: 1 x audio support hdbaset; 2 x audio support hdmi<\/td>\n<\/tr>\n<tr>\n<td>Salida: 1 x 3,5 mm mini jack est\u00e9reo (variable)<\/td>\n<\/tr>\n<tr>\n<td>Control entrada: 1 x d-sub de 9 contactos (rs-232), ethernet; 1 x mini jack est\u00e9reo de 3,5 mm (control remoto al\u00e1mbrico)<\/td>\n<\/tr>\n<tr>\n<td>Lan 1 x rj45<\/td>\n<\/tr>\n<tr>\n<td>Usb 1 x usb a (2a power delivery)<\/td>\n<\/tr>\n<tr>\n<td>Mando a distancia<\/td>\n<\/tr>\n<tr>\n<td>Entrada 1 x jack de 3.5 mm<\/td>\n<\/tr>\n<tr>\n<td>Mando a distancia ajuste de la imagen; alimentaci\u00f3n (on &#8211; off); conexi\u00f3n al\u00e1mbrica\/inal\u00e1mbrica; control de cambio de lentes y de zoom \/ enfoque; correcci\u00f3n geom\u00e9trica; correcci\u00f3n trapezoidal; elecci\u00f3n de las fuentes de entrada; funci\u00f3n de obturaci\u00f3n; hdmi; id set; regulaci\u00f3n de volumen; seleccionar id; selecci\u00f3n (arriba, abajo, izquierda, derecha); supresi\u00f3n de imagen; test de imagen; zoom digital<\/td>\n<\/tr>\n<tr>\n<td>El\u00e9ctrico<\/td>\n<\/tr>\n<tr>\n<td>Alimentaci\u00f3n 100-240 v ac; 50 &#8211; 60 hz<\/td>\n<\/tr>\n<tr>\n<td>Consumo [w] 434.0 normal \/ 403 modo silencioso \/ 2.0 modo de reposo en red \/ 0.5 modo de reposo<\/td>\n<\/tr>\n<tr>\n<td>Mec\u00e1nico<\/td>\n<\/tr>\n<tr>\n<td>Medidas (an x al x prof) [mm] 499 x 164 x 407 (sin pies ni lente)<\/td>\n<\/tr>\n<tr>\n<td>Peso [kg] 11,2<\/td>\n<\/tr>\n<tr>\n<td>Ruido del ventilador [db (a)] 40 \/ 31 (normal \/ modo silencioso)<\/td>\n<\/tr>\n<tr>\n<td>Versiones blanco; negro<\/td>\n<\/tr>\n<tr>\n<td>Condiciones ambientales<\/td>\n<\/tr>\n<tr>\n<td>Temperatura ambiente de funcionamiento [\u00b0c] 0 to 40<\/td>\n<\/tr>\n<tr>\n<td>Humedad ambiental de funcionamiento [%] 20 a 80 sin condensaci\u00f3n<\/td>\n<\/tr>\n<tr>\n<td>Temperatura de almacenamiento [\u00b0c] -10 to 50<\/td>\n<\/tr>\n<tr>\n<td>Humedad de almacenamiento [%] 20 a 80 sin condensaci\u00f3n<\/td>\n<\/tr>\n<tr>\n<td>Ergonom\u00eda<\/td>\n<\/tr>\n<tr>\n<td>Seguridad y ergonom\u00eda ce; eac; erp; rohs; tuev type approved<\/td>\n<\/tr>\n<tr>\n<td>Funciones adicionales<\/td>\n<\/tr>\n<tr>\n<td>Caracter\u00edsticas especiales ajuste de formato vertical; ajuste de fuente de luz; amx beacon; control de navegador http; control rs-232; control v\u00eda lan; correcci\u00f3n geom\u00e9trica; correcci\u00f3n manual del color de la pared; correcci\u00f3n trapezoidal (h=\u00b130\u00b0, v=\u00b130\u00b0); crestron connected; encendido\/apagado r\u00e1pido; funci\u00f3n de apagado directo; funci\u00f3n de cambio de lente (v +0.5 m\u00e1x\/-0.1 m\u00e1x, h \u00b1 0.2 m\u00e1x.); funci\u00f3n de control de id; funci\u00f3n edge blending; hasta 20.000 hs vida \u00fatil de la fuente de luz; hdbaset; inclinaci\u00f3n libre; logotipo del usuario, opcional; memoria de la lente; men\u00fa de pantalla en 27 idiomas; modelo de prueba; modo de gran altitud; naviset administrator 2; pj link; proceso cinema quality picture (cqp imagen de calidad de cine) para la mejor calidad de imagen; simulaci\u00f3n dicom; sistema de seguridad con contrase\u00f1a<\/td>\n<\/tr>\n<tr>\n<td>Funciones ecol\u00f3gicas<\/td>\n<\/tr>\n<tr>\n<td>Eficiencia energ\u00e9tica administraci\u00f3n inteligente de energ\u00eda; funci\u00f3n de timer; menos de 0.3w de consumo de energ\u00eda en stand-by; programador eco; software de programaci\u00f3n; vida \u00fatil m\u00e1s larga de la fuente de luz<\/td>\n<\/tr>\n<tr>\n<td>Materiales ecol\u00f3gicos 100% de envases reciclables; manuales para descargar<\/td>\n<\/tr>\n<tr>\n<td>Est\u00e1ndares ecol\u00f3gicos erp compatibile<\/td>\n<\/tr>\n<tr>\n<td>Garant\u00eda 5 a\u00f1os<\/td>\n<\/tr>\n<tr>\n<td>Contenido<\/td>\n<\/tr>\n<tr>\n<td>Accesorios inclu\u00eddos cable de red; gu\u00eda de instalaci\u00f3n r\u00e1pida; mando a distancia por infrarrojo (rd-480e); proyector<\/td>\n<\/tr>\n<\/table>\n","protected":false},"excerpt":{"rendered":"<p>La serie v de sharp, una soluci\u00f3n para la proyecci\u00f3n muy econ\u00f3mica combina la flexibilidad en la instalaci\u00f3n, el poco mantenimiento necesario y el rendimiento duradero del l\u00e1ser gracias a su dise\u00f1o compacto y econ\u00f3mico. Con la tecnolog\u00eda 3lcd, logra un color intenso y una calibraci\u00f3n precisa del punto blanco gracias al procesamiento de color de 12 bits para lograr un contraste y una saturaci\u00f3n intensos lo cual lo hace ideal para entornos educativos, corporativos, de ocio y simulaciones. La serie v, compatible con las monturas y las lentes existentes, hace que las actualizaciones sean sencillas en los modelos con l\u00e1mpara o l\u00e1ser anteriores, aumentando los activos y reduciendo los costes mientras adopta funciones de \u00faltima generaci\u00f3n. El software pro assist de sharp permite una configuraci\u00f3n y un ajuste remotos adem\u00e1s de funciones avanzadas como la correcci\u00f3n geom\u00e9trica, la fusi\u00f3n de bordes, un amplio soporte para el desplazamiento de lentes y una integraci\u00f3n flexible y precisa. Beneficios. Ya no ser\u00e1 necesario reemplazar la l\u00e1mpara \u0096 hasta 20.000 hs de operaci\u00f3n sin mantenimiento gracias a la fuente de luz l\u00e1ser. Obtenga un excelente funcionamiento \u0096 sin comprometer la calidad y la facilidad de uso. Bajo nivel de ruido \u0096 con 31db, la tecnolog\u00eda silenciosa no molestar\u00e1 en su reuni\u00f3n. Impresione con colores y contraste v\u00edvidos \u0096 un blanco brillante y un amplio espacio crom\u00e1tico con un contraste altamente din\u00e1mico. Capacidades incre\u00edbles de visualizaci\u00f3n \u0096 capacidad impresionante de instalaci\u00f3n de inclinaci\u00f3n libre y posici\u00f3n vertical, ajuste geom\u00e9trico \u00fanico en su clase, imagen en azulejos y ensamblaje desde la c\u00e1mara.<\/p>\n","protected":false},"featured_media":0,"comment_status":"open","ping_status":"open","template":"","meta":[],"product_cat":[1843,1846],"product_tag":[2237],"acf":[],"yoast_head":"<!-- This site is optimized with the Yoast SEO plugin v21.7 - https:\/\/yoast.com\/wordpress\/plugins\/seo\/ -->\n<title>[ Sharp Display ] &#129351; Xp-v731u-w Videoproyector Laser Sharp 3lcd Wuxga 7300 Lumenes Cont 3,000,000:1 \/hdmi-hdcp 2.2 \/ Rj45, Hdbaset W\/hdcp 20,000 Hrs<\/title>\n<meta name=\"description\" content=\"Compra Xp-v731u-w Videoproyector Laser Sharp 3lcd Wuxga 7300 Lumenes Cont 3,000,000:1 \/hdmi-hdcp 2.2 \/ Rj45, Hdbaset W\/hdcp 20,000 Hrs + Env\u00edo a domicilio + Pago seguro + Garant\u00eda\" \/>\n<meta name=\"robots\" content=\"index, follow, max-snippet:-1, max-image-preview:large, max-video-preview:-1\" \/>\n<link rel=\"canonical\" href=\"https:\/\/compuviper.mx\/tienda\/producto\/sharp-display-xp-v731u-w-videoproyector-laser-sharp-3lcd-wuxga-7300-lumenes-cont-30000001-hdmi-hdcp-2-2-rj45-hdbaset-w-hdcp-20000-hrs\/\" \/>\n<meta property=\"og:locale\" content=\"es_MX\" \/>\n<meta property=\"og:type\" content=\"article\" \/>\n<meta property=\"og:title\" content=\"[ Sharp Display ] &#129351; Xp-v731u-w Videoproyector Laser Sharp 3lcd Wuxga 7300 Lumenes Cont 3,000,000:1 \/hdmi-hdcp 2.2 \/ Rj45, Hdbaset W\/hdcp 20,000 Hrs\" \/>\n<meta property=\"og:description\" content=\"Compra Xp-v731u-w Videoproyector Laser Sharp 3lcd Wuxga 7300 Lumenes Cont 3,000,000:1 \/hdmi-hdcp 2.2 \/ Rj45, Hdbaset W\/hdcp 20,000 Hrs + Env\u00edo a domicilio + Pago seguro + Garant\u00eda\" \/>\n<meta property=\"og:url\" content=\"https:\/\/compuviper.mx\/tienda\/producto\/sharp-display-xp-v731u-w-videoproyector-laser-sharp-3lcd-wuxga-7300-lumenes-cont-30000001-hdmi-hdcp-2-2-rj45-hdbaset-w-hdcp-20000-hrs\/\" \/>\n<meta property=\"og:site_name\" content=\"Compuviper\" \/>\n<meta property=\"article:publisher\" content=\"https:\/\/www.facebook.com\/compuviper\" \/>\n<meta name=\"twitter:card\" content=\"summary_large_image\" \/>\n<meta name=\"twitter:label1\" content=\"Precio\" \/>\n\t<meta name=\"twitter:data1\" content=\"&#36;66,935 con IVA\" \/>\n\t<meta name=\"twitter:label2\" content=\"Availability\" \/>\n\t<meta name=\"twitter:data2\" content=\"On backorder\" \/>\n<script type=\"application\/ld+json\" class=\"yoast-schema-graph\">{\"@context\":\"https:\/\/schema.org\",\"@graph\":[{\"@type\":\"WebPage\",\"@id\":\"https:\/\/compuviper.mx\/tienda\/producto\/sharp-display-xp-v731u-w-videoproyector-laser-sharp-3lcd-wuxga-7300-lumenes-cont-30000001-hdmi-hdcp-2-2-rj45-hdbaset-w-hdcp-20000-hrs\/\",\"url\":\"https:\/\/compuviper.mx\/tienda\/producto\/sharp-display-xp-v731u-w-videoproyector-laser-sharp-3lcd-wuxga-7300-lumenes-cont-30000001-hdmi-hdcp-2-2-rj45-hdbaset-w-hdcp-20000-hrs\/\",\"name\":\"[ Sharp Display ] &#129351; Xp-v731u-w Videoproyector Laser Sharp 3lcd Wuxga 7300 Lumenes Cont 3,000,000:1 \/hdmi-hdcp 2.2 \/ Rj45, Hdbaset W\/hdcp 20,000 Hrs\",\"isPartOf\":{\"@id\":\"https:\/\/compuviper.mx\/tienda\/#website\"},\"datePublished\":\"2026-04-25T08:18:00+00:00\",\"dateModified\":\"2026-04-25T08:18:00+00:00\",\"description\":\"Compra Xp-v731u-w Videoproyector Laser Sharp 3lcd Wuxga 7300 Lumenes Cont 3,000,000:1 \/hdmi-hdcp 2.2 \/ Rj45, Hdbaset W\/hdcp 20,000 Hrs + Env\u00edo a domicilio + Pago seguro + Garant\u00eda\",\"breadcrumb\":{\"@id\":\"https:\/\/compuviper.mx\/tienda\/producto\/sharp-display-xp-v731u-w-videoproyector-laser-sharp-3lcd-wuxga-7300-lumenes-cont-30000001-hdmi-hdcp-2-2-rj45-hdbaset-w-hdcp-20000-hrs\/#breadcrumb\"},\"inLanguage\":\"es-MX\",\"potentialAction\":[{\"@type\":\"ReadAction\",\"target\":[\"https:\/\/compuviper.mx\/tienda\/producto\/sharp-display-xp-v731u-w-videoproyector-laser-sharp-3lcd-wuxga-7300-lumenes-cont-30000001-hdmi-hdcp-2-2-rj45-hdbaset-w-hdcp-20000-hrs\/\"]}]},{\"@type\":\"BreadcrumbList\",\"@id\":\"https:\/\/compuviper.mx\/tienda\/producto\/sharp-display-xp-v731u-w-videoproyector-laser-sharp-3lcd-wuxga-7300-lumenes-cont-30000001-hdmi-hdcp-2-2-rj45-hdbaset-w-hdcp-20000-hrs\/#breadcrumb\",\"itemListElement\":[{\"@type\":\"ListItem\",\"position\":1,\"name\":\"Inicio\",\"item\":\"https:\/\/compuviper.mx\/tienda\/\"},{\"@type\":\"ListItem\",\"position\":2,\"name\":\"Productos\",\"item\":\"https:\/\/compuviper.mx\/tienda\/productos\/\"},{\"@type\":\"ListItem\",\"position\":3,\"name\":\"Videoproyector\",\"item\":\"https:\/\/compuviper.mx\/tienda\/categoria-producto\/videoproyector\/\"},{\"@type\":\"ListItem\",\"position\":4,\"name\":\"Profesional\",\"item\":\"https:\/\/compuviper.mx\/tienda\/categoria-producto\/videoproyector\/profesional\/\"},{\"@type\":\"ListItem\",\"position\":5,\"name\":\"Sharp Display Xp-v731u-w Videoproyector Laser Sharp 3lcd Wuxga 7300 Lumenes Cont 3,000,000:1 \/hdmi-hdcp 2.2 \/ Rj45, Hdbaset W\/hdcp 20,000 Hrs\"}]},{\"@type\":\"WebSite\",\"@id\":\"https:\/\/compuviper.mx\/tienda\/#website\",\"url\":\"https:\/\/compuviper.mx\/tienda\/\",\"name\":\"Compuviper\",\"description\":\"Proveedor de Computadoras, Laptops, Servidores, Monitores, Puntos de Venta, Teclados,   Impresoras, T\u00f3ner, C\u00e1maras de Seguridad y m\u00e1s en tu tienda en l\u00ednea\",\"publisher\":{\"@id\":\"https:\/\/compuviper.mx\/tienda\/#organization\"},\"potentialAction\":[{\"@type\":\"SearchAction\",\"target\":{\"@type\":\"EntryPoint\",\"urlTemplate\":\"https:\/\/compuviper.mx\/tienda\/?s={search_term_string}\"},\"query-input\":\"required name=search_term_string\"}],\"inLanguage\":\"es-MX\"},{\"@type\":\"Organization\",\"@id\":\"https:\/\/compuviper.mx\/tienda\/#organization\",\"name\":\"Compuviper\",\"url\":\"https:\/\/compuviper.mx\/tienda\/\",\"logo\":{\"@type\":\"ImageObject\",\"inLanguage\":\"es-MX\",\"@id\":\"https:\/\/compuviper.mx\/tienda\/#\/schema\/logo\/image\/\",\"url\":\"https:\/\/compuviper.mx\/tienda\/wp-content\/uploads\/2021\/08\/Logo-Compuviper-10.png\",\"contentUrl\":\"https:\/\/compuviper.mx\/tienda\/wp-content\/uploads\/2021\/08\/Logo-Compuviper-10.png\",\"width\":1000,\"height\":500,\"caption\":\"Compuviper\"},\"image\":{\"@id\":\"https:\/\/compuviper.mx\/tienda\/#\/schema\/logo\/image\/\"},\"sameAs\":[\"https:\/\/www.facebook.com\/compuviper\",\"https:\/\/www.youtube.com\/channel\/UCf73dERp9Y3cfOq7q8BhLjA?view_as=subscriber\"]}]}<\/script>\n<meta property=\"product:brand\" content=\"Sharp Display\" \/>\n<meta property=\"product:price:amount\" content=\"66935\" \/>\n<meta property=\"product:price:currency\" content=\"MXN\" \/>\n<meta property=\"og:availability\" content=\"backorder\" \/>\n<meta property=\"product:availability\" content=\"available for order\" \/>\n<meta property=\"product:retailer_item_id\" content=\"XP-V731U-W\" \/>\n<meta property=\"product:condition\" content=\"new\" \/>\n<!-- \/ Yoast SEO plugin. -->","yoast_head_json":{"title":"[ Sharp Display ] &#129351; Xp-v731u-w Videoproyector Laser Sharp 3lcd Wuxga 7300 Lumenes Cont 3,000,000:1 \/hdmi-hdcp 2.2 \/ Rj45, Hdbaset W\/hdcp 20,000 Hrs","description":"Compra Xp-v731u-w Videoproyector Laser Sharp 3lcd Wuxga 7300 Lumenes Cont 3,000,000:1 \/hdmi-hdcp 2.2 \/ Rj45, Hdbaset W\/hdcp 20,000 Hrs + Env\u00edo a domicilio + Pago seguro + Garant\u00eda","robots":{"index":"index","follow":"follow","max-snippet":"max-snippet:-1","max-image-preview":"max-image-preview:large","max-video-preview":"max-video-preview:-1"},"canonical":"https:\/\/compuviper.mx\/tienda\/producto\/sharp-display-xp-v731u-w-videoproyector-laser-sharp-3lcd-wuxga-7300-lumenes-cont-30000001-hdmi-hdcp-2-2-rj45-hdbaset-w-hdcp-20000-hrs\/","og_locale":"es_MX","og_type":"article","og_title":"[ Sharp Display ] &#129351; Xp-v731u-w Videoproyector Laser Sharp 3lcd Wuxga 7300 Lumenes Cont 3,000,000:1 \/hdmi-hdcp 2.2 \/ Rj45, Hdbaset W\/hdcp 20,000 Hrs","og_description":"Compra Xp-v731u-w Videoproyector Laser Sharp 3lcd Wuxga 7300 Lumenes Cont 3,000,000:1 \/hdmi-hdcp 2.2 \/ Rj45, Hdbaset W\/hdcp 20,000 Hrs + Env\u00edo a domicilio + Pago seguro + Garant\u00eda","og_url":"https:\/\/compuviper.mx\/tienda\/producto\/sharp-display-xp-v731u-w-videoproyector-laser-sharp-3lcd-wuxga-7300-lumenes-cont-30000001-hdmi-hdcp-2-2-rj45-hdbaset-w-hdcp-20000-hrs\/","og_site_name":"Compuviper","article_publisher":"https:\/\/www.facebook.com\/compuviper","twitter_card":"summary_large_image","twitter_misc":{"Precio":"&#36;66,935 con IVA","Availability":"On backorder"},"schema":{"@context":"https:\/\/schema.org","@graph":[{"@type":"WebPage","@id":"https:\/\/compuviper.mx\/tienda\/producto\/sharp-display-xp-v731u-w-videoproyector-laser-sharp-3lcd-wuxga-7300-lumenes-cont-30000001-hdmi-hdcp-2-2-rj45-hdbaset-w-hdcp-20000-hrs\/","url":"https:\/\/compuviper.mx\/tienda\/producto\/sharp-display-xp-v731u-w-videoproyector-laser-sharp-3lcd-wuxga-7300-lumenes-cont-30000001-hdmi-hdcp-2-2-rj45-hdbaset-w-hdcp-20000-hrs\/","name":"[ Sharp Display ] &#129351; Xp-v731u-w Videoproyector Laser Sharp 3lcd Wuxga 7300 Lumenes Cont 3,000,000:1 \/hdmi-hdcp 2.2 \/ Rj45, Hdbaset W\/hdcp 20,000 Hrs","isPartOf":{"@id":"https:\/\/compuviper.mx\/tienda\/#website"},"datePublished":"2026-04-25T08:18:00+00:00","dateModified":"2026-04-25T08:18:00+00:00","description":"Compra Xp-v731u-w Videoproyector Laser Sharp 3lcd Wuxga 7300 Lumenes Cont 3,000,000:1 \/hdmi-hdcp 2.2 \/ Rj45, Hdbaset W\/hdcp 20,000 Hrs + Env\u00edo a domicilio + Pago seguro + Garant\u00eda","breadcrumb":{"@id":"https:\/\/compuviper.mx\/tienda\/producto\/sharp-display-xp-v731u-w-videoproyector-laser-sharp-3lcd-wuxga-7300-lumenes-cont-30000001-hdmi-hdcp-2-2-rj45-hdbaset-w-hdcp-20000-hrs\/#breadcrumb"},"inLanguage":"es-MX","potentialAction":[{"@type":"ReadAction","target":["https:\/\/compuviper.mx\/tienda\/producto\/sharp-display-xp-v731u-w-videoproyector-laser-sharp-3lcd-wuxga-7300-lumenes-cont-30000001-hdmi-hdcp-2-2-rj45-hdbaset-w-hdcp-20000-hrs\/"]}]},{"@type":"BreadcrumbList","@id":"https:\/\/compuviper.mx\/tienda\/producto\/sharp-display-xp-v731u-w-videoproyector-laser-sharp-3lcd-wuxga-7300-lumenes-cont-30000001-hdmi-hdcp-2-2-rj45-hdbaset-w-hdcp-20000-hrs\/#breadcrumb","itemListElement":[{"@type":"ListItem","position":1,"name":"Inicio","item":"https:\/\/compuviper.mx\/tienda\/"},{"@type":"ListItem","position":2,"name":"Productos","item":"https:\/\/compuviper.mx\/tienda\/productos\/"},{"@type":"ListItem","position":3,"name":"Videoproyector","item":"https:\/\/compuviper.mx\/tienda\/categoria-producto\/videoproyector\/"},{"@type":"ListItem","position":4,"name":"Profesional","item":"https:\/\/compuviper.mx\/tienda\/categoria-producto\/videoproyector\/profesional\/"},{"@type":"ListItem","position":5,"name":"Sharp Display Xp-v731u-w Videoproyector Laser Sharp 3lcd Wuxga 7300 Lumenes Cont 3,000,000:1 \/hdmi-hdcp 2.2 \/ Rj45, Hdbaset W\/hdcp 20,000 Hrs"}]},{"@type":"WebSite","@id":"https:\/\/compuviper.mx\/tienda\/#website","url":"https:\/\/compuviper.mx\/tienda\/","name":"Compuviper","description":"Proveedor de Computadoras, Laptops, Servidores, Monitores, Puntos de Venta, Teclados,   Impresoras, T\u00f3ner, C\u00e1maras de Seguridad y m\u00e1s en tu tienda en l\u00ednea","publisher":{"@id":"https:\/\/compuviper.mx\/tienda\/#organization"},"potentialAction":[{"@type":"SearchAction","target":{"@type":"EntryPoint","urlTemplate":"https:\/\/compuviper.mx\/tienda\/?s={search_term_string}"},"query-input":"required name=search_term_string"}],"inLanguage":"es-MX"},{"@type":"Organization","@id":"https:\/\/compuviper.mx\/tienda\/#organization","name":"Compuviper","url":"https:\/\/compuviper.mx\/tienda\/","logo":{"@type":"ImageObject","inLanguage":"es-MX","@id":"https:\/\/compuviper.mx\/tienda\/#\/schema\/logo\/image\/","url":"https:\/\/compuviper.mx\/tienda\/wp-content\/uploads\/2021\/08\/Logo-Compuviper-10.png","contentUrl":"https:\/\/compuviper.mx\/tienda\/wp-content\/uploads\/2021\/08\/Logo-Compuviper-10.png","width":1000,"height":500,"caption":"Compuviper"},"image":{"@id":"https:\/\/compuviper.mx\/tienda\/#\/schema\/logo\/image\/"},"sameAs":["https:\/\/www.facebook.com\/compuviper","https:\/\/www.youtube.com\/channel\/UCf73dERp9Y3cfOq7q8BhLjA?view_as=subscriber"]}]},"product_brand":"Sharp Display","product_price_amount":"66935","product_price_currency":"MXN","og_availability":"backorder","product_availability":"available for order","product_retailer_item_id":"XP-V731U-W","product_condition":"new"},"_links":{"self":[{"href":"https:\/\/compuviper.mx\/tienda\/wp-json\/wp\/v2\/product\/269054"}],"collection":[{"href":"https:\/\/compuviper.mx\/tienda\/wp-json\/wp\/v2\/product"}],"about":[{"href":"https:\/\/compuviper.mx\/tienda\/wp-json\/wp\/v2\/types\/product"}],"replies":[{"embeddable":true,"href":"https:\/\/compuviper.mx\/tienda\/wp-json\/wp\/v2\/comments?post=269054"}],"wp:attachment":[{"href":"https:\/\/compuviper.mx\/tienda\/wp-json\/wp\/v2\/media?parent=269054"}],"wp:term":[{"taxonomy":"product_cat","embeddable":true,"href":"https:\/\/compuviper.mx\/tienda\/wp-json\/wp\/v2\/product_cat?post=269054"},{"taxonomy":"product_tag","embeddable":true,"href":"https:\/\/compuviper.mx\/tienda\/wp-json\/wp\/v2\/product_tag?post=269054"}],"curies":[{"name":"wp","href":"https:\/\/api.w.org\/{rel}","templated":true}]}}