{"id":269033,"date":"2026-05-09T00:10:23","date_gmt":"2026-05-09T06:10:23","guid":{"rendered":"https:\/\/compuviper.mx\/tienda\/producto\/msi-oem-mag-pano-120r-pz-gabinete-gaming-msi-media-torre-atx-micro-atx-mini-itx-negro-sin-fuente-pc-gamer\/"},"modified":"2026-05-10T00:00:06","modified_gmt":"2026-05-10T06:00:06","slug":"msi-oem-mag-pano-120r-pz-gabinete-gaming-msi-media-torre-atx-micro-atx-mini-itx-negro-sin-fuente-pc-gamer","status":"publish","type":"product","link":"https:\/\/compuviper.mx\/tienda\/producto\/msi-oem-mag-pano-120r-pz-gabinete-gaming-msi-media-torre-atx-micro-atx-mini-itx-negro-sin-fuente-pc-gamer\/","title":{"rendered":"Msi Oem Mag Pano 120r Pz Gabinete Gaming Msi  \/ Media Torre \/ Atx\/micro Atx\/mini Itx\/ Negro\/ Sin Fuente\/pc\/gamer"},"content":{"rendered":"<table class=\"descripcion\">\n<tr>\n<td>Soporte de formato de placa madre e-atx (up to 305 x 280 mm)<\/td>\n<\/tr>\n<tr>\n<td>                                                                      atx (back-connect supported)<\/td>\n<\/tr>\n<tr>\n<td>                                                                      m-atx \/ itx<\/td>\n<\/tr>\n<tr>\n<td>Formato del gabinete mid-tower<\/td>\n<\/tr>\n<tr>\n<td>Producto mag pano 120r pz<\/td>\n<\/tr>\n<tr>\n<td>Dimensiones 470 x 301 x 496 mm \/ 18.5 x 11.85 x 19.53 inches<\/td>\n<\/tr>\n<tr>\n<td>Puertos e\/s 1 x power button<\/td>\n<\/tr>\n<tr>\n<td> 1 x reset button<\/td>\n<\/tr>\n<tr>\n<td> 1 x usb 3.2 gen 1<\/td>\n<\/tr>\n<tr>\n<td> 1 x usb 3.2 gen 2&#215;2 type-c<\/td>\n<\/tr>\n<tr>\n<td> 1 x audio-out<\/td>\n<\/tr>\n<tr>\n<td> 1 x mic-in<\/td>\n<\/tr>\n<tr>\n<td> 1 x led button<\/td>\n<\/tr>\n<tr>\n<td>Bah\u00edas para drivers 1x 2.5 ssd<\/td>\n<\/tr>\n<tr>\n<td> 2x 3.5 hdd<\/td>\n<\/tr>\n<tr>\n<td>Soporte para ventilador top: 3x 120 mm \/ 2x 140 mm<\/td>\n<\/tr>\n<tr>\n<td> front: na<\/td>\n<\/tr>\n<tr>\n<td> rear: 1x 120 mm \/ 1x 140mm<\/td>\n<\/tr>\n<tr>\n<td> side: 3x 120 mm<\/td>\n<\/tr>\n<tr>\n<td> bottom: 3x 120 mm \/ 2x 140 mm<\/td>\n<\/tr>\n<tr>\n<td>Longitud m\u00e1xima de la fuente 200mm \/ 7.87 inches<\/td>\n<\/tr>\n<tr>\n<td>Distribuci\u00f3n radiador top: 240 \/ 280 \/ 360 mm (thickness up to 55mm)<\/td>\n<\/tr>\n<tr>\n<td> front: n\/a<\/td>\n<\/tr>\n<tr>\n<td> rear: 120 mm<\/td>\n<\/tr>\n<tr>\n<td> side: 240 \/ 360 mm (thickness up to 55mm)<\/td>\n<\/tr>\n<tr>\n<td> bottom: 240 \/ 360 mm (thickness up to 55mm)<\/td>\n<\/tr>\n<tr>\n<td>Longitud m\u00e1xima de gpu 338 mm \/ 13.31 inches<\/td>\n<\/tr>\n<tr>\n<td>Longitud m\u00e1xima del cooler de cpu 180 mm \/ 7.09 inches<\/td>\n<\/tr>\n<tr>\n<td>Lightning top: n\/a<\/td>\n<\/tr>\n<tr>\n<td> front: n\/a<\/td>\n<\/tr>\n<tr>\n<td> rear: 1x 120mm pwm argb fan (regular)<\/td>\n<\/tr>\n<tr>\n<td> side: 3x 120mm pwm argb fan (reverse-blade)<\/td>\n<\/tr>\n<tr>\n<td> bottom: 3x 120mm pwm argb fan (reverse-blade)<\/td>\n<\/tr>\n<\/table>\n","protected":false},"excerpt":{"rendered":"<p>Mag-pano-120r-pz. Mag kv. The heart for the craftsmanship. La serie msi arsenal gaming (mag) est\u00e1 dise\u00f1ada para ofrecer a los jugadores la ventaja que necesitan para dominar el campo de batalla virtual. Inspirada en la durabilidad y fiabilidad de los equipos militares, la mag est\u00e1 dise\u00f1ada para proporcionar una defensa inquebrantable en cualquier escenario de juego. Sin embargo, mag no es s\u00f3lo rendimiento; es un lenguaje de dise\u00f1o que transmite robustez y dureza, encarnando la esencia misma del estilo mag. Para los jugadores que est\u00e1n decididos a dominar sus campos de batalla digitales, la serie mag est\u00e1 aqu\u00ed para acompa\u00f1arte, estableciendo la defensa definitiva. Aluminum unibody chassis. Dise\u00f1o de vanguardia. El gabinete presenta un meticuloso dise\u00f1o con una intrincada textura capilar, que crea un aspecto elegante y distintivo. Esta textura no solo realza la est\u00e9tica general, sino que tambi\u00e9n refleja una meticulosa atenci\u00f3n al detalle. Mag pano 120r pz. Este gabinete cuenta con un cristal templado de 270 grados de una sola pieza con una pel\u00edcula de seguridad, que proporciona una vista panor\u00e1mica del interior sin metal obstructivo en las esquinas, lo que garantiza un escaparate perfecto de los componentes internos. Compatibilidad del hardware. Los gabinetes gamer ofrecen un amplio soporte para la instalaci\u00f3n de sus componentes de hardware. Disipaci\u00f3n de calor. No tienes que preocuparte por la refrigeraci\u00f3n del sistema gracias a los gabinetes gaming. Ampl\u00eda el espacio de paso de los cables. Este gabinete reserva un amplio espacio para el paso de cables, lo que garantiza procesos de gesti\u00f3n de cables \u00e1giles y simplificados. Msi mag pano 120r pz. Aluminum unibody chassis. Mag pano 120r pz. Se pueden instalar hasta 10 ventiladores en el sistema, proporcionando ventilaci\u00f3n y un rendimiento estable para todo el equipo. Compatible con placas madre atx back-connect. Soporta dos radiadores de 360 mm en la parte superior y lateral simult\u00e1neamente. Se sincroniza con una placa madre msi compatible mediante un puerto usb 3.2 gen 2&#215;2 type-c (20gbps) para una transmisi\u00f3n de datos de alta velocidad.<\/p>\n","protected":false},"featured_media":269034,"comment_status":"open","ping_status":"open","template":"","meta":[],"product_cat":[1674,1945],"product_tag":[2322],"acf":[],"yoast_head":"<!-- This site is optimized with the Yoast SEO plugin v21.7 - https:\/\/yoast.com\/wordpress\/plugins\/seo\/ -->\n<title>[ Msi Oem ] &#129351; Mag Pano 120r Pz Gabinete Gaming Msi \/ Media Torre \/ Atx\/micro Atx\/mini Itx\/ Negro\/ Sin Fuente\/pc\/gamer<\/title>\n<meta name=\"description\" content=\"Compra Mag Pano 120r Pz Gabinete Gaming Msi \/ Media Torre \/ Atx\/micro Atx\/mini Itx\/ Negro\/ Sin Fuente\/pc\/gamer + Env\u00edo a domicilio + Pago seguro + Garant\u00eda\" \/>\n<meta name=\"robots\" content=\"index, follow, max-snippet:-1, max-image-preview:large, max-video-preview:-1\" \/>\n<link rel=\"canonical\" href=\"https:\/\/compuviper.mx\/tienda\/producto\/msi-oem-mag-pano-120r-pz-gabinete-gaming-msi-media-torre-atx-micro-atx-mini-itx-negro-sin-fuente-pc-gamer\/\" \/>\n<meta property=\"og:locale\" content=\"es_MX\" \/>\n<meta property=\"og:type\" content=\"article\" \/>\n<meta property=\"og:title\" content=\"[ Msi Oem ] &#129351; Mag Pano 120r Pz Gabinete Gaming Msi \/ Media Torre \/ Atx\/micro Atx\/mini Itx\/ Negro\/ Sin Fuente\/pc\/gamer\" \/>\n<meta property=\"og:description\" content=\"Compra Mag Pano 120r Pz Gabinete Gaming Msi \/ Media Torre \/ Atx\/micro Atx\/mini Itx\/ Negro\/ Sin Fuente\/pc\/gamer + Env\u00edo a domicilio + Pago seguro + Garant\u00eda\" \/>\n<meta property=\"og:url\" content=\"https:\/\/compuviper.mx\/tienda\/producto\/msi-oem-mag-pano-120r-pz-gabinete-gaming-msi-media-torre-atx-micro-atx-mini-itx-negro-sin-fuente-pc-gamer\/\" \/>\n<meta property=\"og:site_name\" content=\"Compuviper\" \/>\n<meta property=\"article:publisher\" content=\"https:\/\/www.facebook.com\/compuviper\" \/>\n<meta property=\"article:modified_time\" content=\"2026-05-10T06:00:06+00:00\" \/>\n<meta property=\"og:image\" content=\"https:\/\/compuviper.mx\/tienda\/wp-content\/uploads\/2026\/04\/Gabinete-gaming-msi-mag-pano-120r-pz-media-torre-atxmicro-atxmini-itx-negro-sin-fuentepcgamer.jpg\" \/>\n\t<meta property=\"og:image:width\" content=\"200\" \/>\n\t<meta property=\"og:image:height\" content=\"200\" \/>\n\t<meta property=\"og:image:type\" content=\"image\/jpeg\" \/>\n<meta name=\"twitter:card\" content=\"summary_large_image\" \/>\n<meta name=\"twitter:label1\" content=\"Precio\" \/>\n\t<meta name=\"twitter:data1\" content=\"&#36;3,091 con IVA\" \/>\n\t<meta name=\"twitter:label2\" content=\"Availability\" \/>\n\t<meta name=\"twitter:data2\" content=\"In stock\" \/>\n<script type=\"application\/ld+json\" class=\"yoast-schema-graph\">{\"@context\":\"https:\/\/schema.org\",\"@graph\":[{\"@type\":\"WebPage\",\"@id\":\"https:\/\/compuviper.mx\/tienda\/producto\/msi-oem-mag-pano-120r-pz-gabinete-gaming-msi-media-torre-atx-micro-atx-mini-itx-negro-sin-fuente-pc-gamer\/\",\"url\":\"https:\/\/compuviper.mx\/tienda\/producto\/msi-oem-mag-pano-120r-pz-gabinete-gaming-msi-media-torre-atx-micro-atx-mini-itx-negro-sin-fuente-pc-gamer\/\",\"name\":\"[ Msi Oem ] &#129351; Mag Pano 120r Pz Gabinete Gaming Msi \/ Media Torre \/ Atx\/micro Atx\/mini Itx\/ Negro\/ Sin Fuente\/pc\/gamer\",\"isPartOf\":{\"@id\":\"https:\/\/compuviper.mx\/tienda\/#website\"},\"datePublished\":\"2026-05-09T06:10:23+00:00\",\"dateModified\":\"2026-05-10T06:00:06+00:00\",\"description\":\"Compra Mag Pano 120r Pz Gabinete Gaming Msi \/ Media Torre \/ Atx\/micro Atx\/mini Itx\/ Negro\/ Sin Fuente\/pc\/gamer + Env\u00edo a domicilio + Pago seguro + Garant\u00eda\",\"breadcrumb\":{\"@id\":\"https:\/\/compuviper.mx\/tienda\/producto\/msi-oem-mag-pano-120r-pz-gabinete-gaming-msi-media-torre-atx-micro-atx-mini-itx-negro-sin-fuente-pc-gamer\/#breadcrumb\"},\"inLanguage\":\"es-MX\",\"potentialAction\":[{\"@type\":\"ReadAction\",\"target\":[\"https:\/\/compuviper.mx\/tienda\/producto\/msi-oem-mag-pano-120r-pz-gabinete-gaming-msi-media-torre-atx-micro-atx-mini-itx-negro-sin-fuente-pc-gamer\/\"]}]},{\"@type\":\"BreadcrumbList\",\"@id\":\"https:\/\/compuviper.mx\/tienda\/producto\/msi-oem-mag-pano-120r-pz-gabinete-gaming-msi-media-torre-atx-micro-atx-mini-itx-negro-sin-fuente-pc-gamer\/#breadcrumb\",\"itemListElement\":[{\"@type\":\"ListItem\",\"position\":1,\"name\":\"Inicio\",\"item\":\"https:\/\/compuviper.mx\/tienda\/\"},{\"@type\":\"ListItem\",\"position\":2,\"name\":\"Productos\",\"item\":\"https:\/\/compuviper.mx\/tienda\/productos\/\"},{\"@type\":\"ListItem\",\"position\":3,\"name\":\"Gabinetes\",\"item\":\"https:\/\/compuviper.mx\/tienda\/categoria-producto\/gabinetes\/\"},{\"@type\":\"ListItem\",\"position\":4,\"name\":\"Mini Torre\",\"item\":\"https:\/\/compuviper.mx\/tienda\/categoria-producto\/gabinetes\/mini-torre\/\"},{\"@type\":\"ListItem\",\"position\":5,\"name\":\"Msi Oem Mag Pano 120r Pz Gabinete Gaming Msi \/ Media Torre \/ Atx\/micro Atx\/mini Itx\/ Negro\/ Sin Fuente\/pc\/gamer\"}]},{\"@type\":\"WebSite\",\"@id\":\"https:\/\/compuviper.mx\/tienda\/#website\",\"url\":\"https:\/\/compuviper.mx\/tienda\/\",\"name\":\"Compuviper\",\"description\":\"Proveedor de Computadoras, Laptops, Servidores, Monitores, Puntos de Venta, Teclados,   Impresoras, T\u00f3ner, C\u00e1maras de Seguridad y m\u00e1s en tu tienda en l\u00ednea\",\"publisher\":{\"@id\":\"https:\/\/compuviper.mx\/tienda\/#organization\"},\"potentialAction\":[{\"@type\":\"SearchAction\",\"target\":{\"@type\":\"EntryPoint\",\"urlTemplate\":\"https:\/\/compuviper.mx\/tienda\/?s={search_term_string}\"},\"query-input\":\"required name=search_term_string\"}],\"inLanguage\":\"es-MX\"},{\"@type\":\"Organization\",\"@id\":\"https:\/\/compuviper.mx\/tienda\/#organization\",\"name\":\"Compuviper\",\"url\":\"https:\/\/compuviper.mx\/tienda\/\",\"logo\":{\"@type\":\"ImageObject\",\"inLanguage\":\"es-MX\",\"@id\":\"https:\/\/compuviper.mx\/tienda\/#\/schema\/logo\/image\/\",\"url\":\"https:\/\/compuviper.mx\/tienda\/wp-content\/uploads\/2021\/08\/Logo-Compuviper-10.png\",\"contentUrl\":\"https:\/\/compuviper.mx\/tienda\/wp-content\/uploads\/2021\/08\/Logo-Compuviper-10.png\",\"width\":1000,\"height\":500,\"caption\":\"Compuviper\"},\"image\":{\"@id\":\"https:\/\/compuviper.mx\/tienda\/#\/schema\/logo\/image\/\"},\"sameAs\":[\"https:\/\/www.facebook.com\/compuviper\",\"https:\/\/www.youtube.com\/channel\/UCf73dERp9Y3cfOq7q8BhLjA?view_as=subscriber\"]}]}<\/script>\n<meta property=\"product:brand\" content=\"Msi Oem\" \/>\n<meta property=\"product:price:amount\" content=\"3091\" \/>\n<meta property=\"product:price:currency\" content=\"MXN\" \/>\n<meta property=\"og:availability\" content=\"instock\" \/>\n<meta property=\"product:availability\" content=\"instock\" \/>\n<meta property=\"product:retailer_item_id\" content=\"MAG PANO 120R PZ\" \/>\n<meta property=\"product:condition\" content=\"new\" \/>\n<!-- \/ Yoast SEO plugin. -->","yoast_head_json":{"title":"[ Msi Oem ] &#129351; Mag Pano 120r Pz Gabinete Gaming Msi \/ Media Torre \/ Atx\/micro Atx\/mini Itx\/ Negro\/ Sin Fuente\/pc\/gamer","description":"Compra Mag Pano 120r Pz Gabinete Gaming Msi \/ Media Torre \/ Atx\/micro Atx\/mini Itx\/ Negro\/ Sin Fuente\/pc\/gamer + Env\u00edo a domicilio + Pago seguro + Garant\u00eda","robots":{"index":"index","follow":"follow","max-snippet":"max-snippet:-1","max-image-preview":"max-image-preview:large","max-video-preview":"max-video-preview:-1"},"canonical":"https:\/\/compuviper.mx\/tienda\/producto\/msi-oem-mag-pano-120r-pz-gabinete-gaming-msi-media-torre-atx-micro-atx-mini-itx-negro-sin-fuente-pc-gamer\/","og_locale":"es_MX","og_type":"article","og_title":"[ Msi Oem ] &#129351; Mag Pano 120r Pz Gabinete Gaming Msi \/ Media Torre \/ Atx\/micro Atx\/mini Itx\/ Negro\/ Sin Fuente\/pc\/gamer","og_description":"Compra Mag Pano 120r Pz Gabinete Gaming Msi \/ Media Torre \/ Atx\/micro Atx\/mini Itx\/ Negro\/ Sin Fuente\/pc\/gamer + Env\u00edo a domicilio + Pago seguro + Garant\u00eda","og_url":"https:\/\/compuviper.mx\/tienda\/producto\/msi-oem-mag-pano-120r-pz-gabinete-gaming-msi-media-torre-atx-micro-atx-mini-itx-negro-sin-fuente-pc-gamer\/","og_site_name":"Compuviper","article_publisher":"https:\/\/www.facebook.com\/compuviper","article_modified_time":"2026-05-10T06:00:06+00:00","og_image":[{"width":200,"height":200,"url":"https:\/\/compuviper.mx\/tienda\/wp-content\/uploads\/2026\/04\/Gabinete-gaming-msi-mag-pano-120r-pz-media-torre-atxmicro-atxmini-itx-negro-sin-fuentepcgamer.jpg","type":"image\/jpeg"}],"twitter_card":"summary_large_image","twitter_misc":{"Precio":"&#36;3,091 con IVA","Availability":"In stock"},"schema":{"@context":"https:\/\/schema.org","@graph":[{"@type":"WebPage","@id":"https:\/\/compuviper.mx\/tienda\/producto\/msi-oem-mag-pano-120r-pz-gabinete-gaming-msi-media-torre-atx-micro-atx-mini-itx-negro-sin-fuente-pc-gamer\/","url":"https:\/\/compuviper.mx\/tienda\/producto\/msi-oem-mag-pano-120r-pz-gabinete-gaming-msi-media-torre-atx-micro-atx-mini-itx-negro-sin-fuente-pc-gamer\/","name":"[ Msi Oem ] &#129351; Mag Pano 120r Pz Gabinete Gaming Msi \/ Media Torre \/ Atx\/micro Atx\/mini Itx\/ Negro\/ Sin Fuente\/pc\/gamer","isPartOf":{"@id":"https:\/\/compuviper.mx\/tienda\/#website"},"datePublished":"2026-05-09T06:10:23+00:00","dateModified":"2026-05-10T06:00:06+00:00","description":"Compra Mag Pano 120r Pz Gabinete Gaming Msi \/ Media Torre \/ Atx\/micro Atx\/mini Itx\/ Negro\/ Sin Fuente\/pc\/gamer + Env\u00edo a domicilio + Pago seguro + Garant\u00eda","breadcrumb":{"@id":"https:\/\/compuviper.mx\/tienda\/producto\/msi-oem-mag-pano-120r-pz-gabinete-gaming-msi-media-torre-atx-micro-atx-mini-itx-negro-sin-fuente-pc-gamer\/#breadcrumb"},"inLanguage":"es-MX","potentialAction":[{"@type":"ReadAction","target":["https:\/\/compuviper.mx\/tienda\/producto\/msi-oem-mag-pano-120r-pz-gabinete-gaming-msi-media-torre-atx-micro-atx-mini-itx-negro-sin-fuente-pc-gamer\/"]}]},{"@type":"BreadcrumbList","@id":"https:\/\/compuviper.mx\/tienda\/producto\/msi-oem-mag-pano-120r-pz-gabinete-gaming-msi-media-torre-atx-micro-atx-mini-itx-negro-sin-fuente-pc-gamer\/#breadcrumb","itemListElement":[{"@type":"ListItem","position":1,"name":"Inicio","item":"https:\/\/compuviper.mx\/tienda\/"},{"@type":"ListItem","position":2,"name":"Productos","item":"https:\/\/compuviper.mx\/tienda\/productos\/"},{"@type":"ListItem","position":3,"name":"Gabinetes","item":"https:\/\/compuviper.mx\/tienda\/categoria-producto\/gabinetes\/"},{"@type":"ListItem","position":4,"name":"Mini Torre","item":"https:\/\/compuviper.mx\/tienda\/categoria-producto\/gabinetes\/mini-torre\/"},{"@type":"ListItem","position":5,"name":"Msi Oem Mag Pano 120r Pz Gabinete Gaming Msi \/ Media Torre \/ Atx\/micro Atx\/mini Itx\/ Negro\/ Sin Fuente\/pc\/gamer"}]},{"@type":"WebSite","@id":"https:\/\/compuviper.mx\/tienda\/#website","url":"https:\/\/compuviper.mx\/tienda\/","name":"Compuviper","description":"Proveedor de Computadoras, Laptops, Servidores, Monitores, Puntos de Venta, Teclados,   Impresoras, T\u00f3ner, C\u00e1maras de Seguridad y m\u00e1s en tu tienda en l\u00ednea","publisher":{"@id":"https:\/\/compuviper.mx\/tienda\/#organization"},"potentialAction":[{"@type":"SearchAction","target":{"@type":"EntryPoint","urlTemplate":"https:\/\/compuviper.mx\/tienda\/?s={search_term_string}"},"query-input":"required name=search_term_string"}],"inLanguage":"es-MX"},{"@type":"Organization","@id":"https:\/\/compuviper.mx\/tienda\/#organization","name":"Compuviper","url":"https:\/\/compuviper.mx\/tienda\/","logo":{"@type":"ImageObject","inLanguage":"es-MX","@id":"https:\/\/compuviper.mx\/tienda\/#\/schema\/logo\/image\/","url":"https:\/\/compuviper.mx\/tienda\/wp-content\/uploads\/2021\/08\/Logo-Compuviper-10.png","contentUrl":"https:\/\/compuviper.mx\/tienda\/wp-content\/uploads\/2021\/08\/Logo-Compuviper-10.png","width":1000,"height":500,"caption":"Compuviper"},"image":{"@id":"https:\/\/compuviper.mx\/tienda\/#\/schema\/logo\/image\/"},"sameAs":["https:\/\/www.facebook.com\/compuviper","https:\/\/www.youtube.com\/channel\/UCf73dERp9Y3cfOq7q8BhLjA?view_as=subscriber"]}]},"product_brand":"Msi Oem","product_price_amount":"3091","product_price_currency":"MXN","og_availability":"instock","product_availability":"instock","product_retailer_item_id":"MAG PANO 120R PZ","product_condition":"new"},"_links":{"self":[{"href":"https:\/\/compuviper.mx\/tienda\/wp-json\/wp\/v2\/product\/269033"}],"collection":[{"href":"https:\/\/compuviper.mx\/tienda\/wp-json\/wp\/v2\/product"}],"about":[{"href":"https:\/\/compuviper.mx\/tienda\/wp-json\/wp\/v2\/types\/product"}],"replies":[{"embeddable":true,"href":"https:\/\/compuviper.mx\/tienda\/wp-json\/wp\/v2\/comments?post=269033"}],"wp:featuredmedia":[{"embeddable":true,"href":"https:\/\/compuviper.mx\/tienda\/wp-json\/wp\/v2\/media\/269034"}],"wp:attachment":[{"href":"https:\/\/compuviper.mx\/tienda\/wp-json\/wp\/v2\/media?parent=269033"}],"wp:term":[{"taxonomy":"product_cat","embeddable":true,"href":"https:\/\/compuviper.mx\/tienda\/wp-json\/wp\/v2\/product_cat?post=269033"},{"taxonomy":"product_tag","embeddable":true,"href":"https:\/\/compuviper.mx\/tienda\/wp-json\/wp\/v2\/product_tag?post=269033"}],"curies":[{"name":"wp","href":"https:\/\/api.w.org\/{rel}","templated":true}]}}