{"id":269032,"date":"2026-05-01T02:19:58","date_gmt":"2026-05-01T08:19:58","guid":{"rendered":"https:\/\/compuviper.mx\/tienda\/producto\/lenovo-12wn000jls-el-modelo-corresponde-a-la-unidad-de-cmputo-thinksmart-core-gen-2-diseada-especficamente-como-una-solucin-optimizada-para-salas-de-videoconferencias-con-microsoft-teams-rooms\/"},"modified":"2026-05-01T02:19:58","modified_gmt":"2026-05-01T08:19:58","slug":"lenovo-12wn000jls-el-modelo-corresponde-a-la-unidad-de-cmputo-thinksmart-core-gen-2-diseada-especficamente-como-una-solucin-optimizada-para-salas-de-videoconferencias-con-microsoft-teams-rooms","status":"publish","type":"product","link":"https:\/\/compuviper.mx\/tienda\/producto\/lenovo-12wn000jls-el-modelo-corresponde-a-la-unidad-de-cmputo-thinksmart-core-gen-2-diseada-especficamente-como-una-solucin-optimizada-para-salas-de-videoconferencias-con-microsoft-teams-rooms\/","title":{"rendered":"Lenovo 12wn000jls El Modelo  Corresponde A La Unidad De C?mputo  Thinksmart Core Gen 2, Dise?ada Espec?ficamente Como Una Soluci?n Optimizada Para Salas De Videoconferencias Con Microsoft Teams Rooms."},"content":{"rendered":"<table class=\"descripcion\">\n<tr>\n<td>Procesador: intel\u00ae core\u0099 ultra 5 135h 14 ncleos: 4p  8e  2lpe, hasta 4.6ghz, 18mb intel\u00ae smart cache.<\/td>\n<\/tr>\n<tr>\n<td>Memoria ram: 16gb 2x 8gb so-dimm ddr5-5600.<\/td>\n<\/tr>\n<tr>\n<td>Almacenamiento: 256gb ssd m.2 2280 pcie\u00ae 4.0&#215;4 nvme\u00ae opal 2.0.<\/td>\n<\/tr>\n<tr>\n<td>Grficos: integrados intel\u00ae arc\u0099 graphics.<\/td>\n<\/tr>\n<tr>\n<td>Sistema operativo: windows\u00ae 11 iot enterprise for collaboration gac 64, espaol.<\/td>\n<\/tr>\n<tr>\n<td>Color: negro.<\/td>\n<\/tr>\n<tr>\n<td>Gestin y soporte:<\/td>\n<\/tr>\n<tr>\n<td>3 aos de mantenimiento de software para smart office solution.<\/td>\n<\/tr>\n<tr>\n<td>3 aos de actualizacin de soporte premier desde 3 aos onsite soporte in situ.<\/td>\n<\/tr>\n<\/table>\n","protected":false},"excerpt":{"rendered":"<p>Este kit de videoconferencia modular est diseado para transformar espacios de reuniones de cualquier tamao en salas de colaboracin eficientes y de alta tecnologa.<\/p>\n","protected":false},"featured_media":0,"comment_status":"open","ping_status":"open","template":"","meta":[],"product_cat":[2012,2011],"product_tag":[1578],"acf":[],"yoast_head":"<!-- This site is optimized with the Yoast SEO plugin v21.7 - https:\/\/yoast.com\/wordpress\/plugins\/seo\/ -->\n<title>[ Lenovo ] &#129351; 12wn000jls El Modelo Corresponde A La Unidad De C\u00f3mputo Thinksmart Core Gen 2, Dise\u00f1ada Espec\u00edficamente Como Una Soluci\u00f3n Optimizada Para Salas De Videoconferencias Con Microsoft Teams Rooms.<\/title>\n<meta name=\"description\" content=\"Compra 12wn000jls El Modelo Corresponde A La Unidad De C\u00f3mputo Thinksmart Core Gen 2, Dise\u00f1ada Espec\u00edficamente Como Una Soluci\u00f3n Optimizada Para Salas De Videoconferencias Con Microsoft Teams Rooms. + Env\u00edo a domicilio + Pago seguro + Garant\u00eda\" \/>\n<meta name=\"robots\" content=\"index, follow, max-snippet:-1, max-image-preview:large, max-video-preview:-1\" \/>\n<link rel=\"canonical\" href=\"https:\/\/compuviper.mx\/tienda\/producto\/lenovo-12wn000jls-el-modelo-corresponde-a-la-unidad-de-cmputo-thinksmart-core-gen-2-diseada-especficamente-como-una-solucin-optimizada-para-salas-de-videoconferencias-con-microsoft-teams-rooms\/\" \/>\n<meta property=\"og:locale\" content=\"es_MX\" \/>\n<meta property=\"og:type\" content=\"article\" \/>\n<meta property=\"og:title\" content=\"[ Lenovo ] &#129351; 12wn000jls El Modelo Corresponde A La Unidad De C\u00f3mputo Thinksmart Core Gen 2, Dise\u00f1ada Espec\u00edficamente Como Una Soluci\u00f3n Optimizada Para Salas De Videoconferencias Con Microsoft Teams Rooms.\" \/>\n<meta property=\"og:description\" content=\"Compra 12wn000jls El Modelo Corresponde A La Unidad De C\u00f3mputo Thinksmart Core Gen 2, Dise\u00f1ada Espec\u00edficamente Como Una Soluci\u00f3n Optimizada Para Salas De Videoconferencias Con Microsoft Teams Rooms. + Env\u00edo a domicilio + Pago seguro + Garant\u00eda\" \/>\n<meta property=\"og:url\" content=\"https:\/\/compuviper.mx\/tienda\/producto\/lenovo-12wn000jls-el-modelo-corresponde-a-la-unidad-de-cmputo-thinksmart-core-gen-2-diseada-especficamente-como-una-solucin-optimizada-para-salas-de-videoconferencias-con-microsoft-teams-rooms\/\" \/>\n<meta property=\"og:site_name\" content=\"Compuviper\" \/>\n<meta property=\"article:publisher\" content=\"https:\/\/www.facebook.com\/compuviper\" \/>\n<meta name=\"twitter:card\" content=\"summary_large_image\" \/>\n<meta name=\"twitter:label1\" content=\"Precio\" \/>\n\t<meta name=\"twitter:data1\" content=\"&#36;78,634 con IVA\" \/>\n\t<meta name=\"twitter:label2\" content=\"Availability\" \/>\n\t<meta name=\"twitter:data2\" content=\"On backorder\" \/>\n<script type=\"application\/ld+json\" class=\"yoast-schema-graph\">{\"@context\":\"https:\/\/schema.org\",\"@graph\":[{\"@type\":\"WebPage\",\"@id\":\"https:\/\/compuviper.mx\/tienda\/producto\/lenovo-12wn000jls-el-modelo-corresponde-a-la-unidad-de-cmputo-thinksmart-core-gen-2-diseada-especficamente-como-una-solucin-optimizada-para-salas-de-videoconferencias-con-microsoft-teams-rooms\/\",\"url\":\"https:\/\/compuviper.mx\/tienda\/producto\/lenovo-12wn000jls-el-modelo-corresponde-a-la-unidad-de-cmputo-thinksmart-core-gen-2-diseada-especficamente-como-una-solucin-optimizada-para-salas-de-videoconferencias-con-microsoft-teams-rooms\/\",\"name\":\"[ Lenovo ] &#129351; 12wn000jls El Modelo Corresponde A La Unidad De C\u00f3mputo Thinksmart Core Gen 2, Dise\u00f1ada Espec\u00edficamente Como Una Soluci\u00f3n Optimizada Para Salas De Videoconferencias Con Microsoft Teams Rooms.\",\"isPartOf\":{\"@id\":\"https:\/\/compuviper.mx\/tienda\/#website\"},\"datePublished\":\"2026-05-01T08:19:58+00:00\",\"dateModified\":\"2026-05-01T08:19:58+00:00\",\"description\":\"Compra 12wn000jls El Modelo Corresponde A La Unidad De C\u00f3mputo Thinksmart Core Gen 2, Dise\u00f1ada Espec\u00edficamente Como Una Soluci\u00f3n Optimizada Para Salas De Videoconferencias Con Microsoft Teams Rooms. + Env\u00edo a domicilio + Pago seguro + Garant\u00eda\",\"breadcrumb\":{\"@id\":\"https:\/\/compuviper.mx\/tienda\/producto\/lenovo-12wn000jls-el-modelo-corresponde-a-la-unidad-de-cmputo-thinksmart-core-gen-2-diseada-especficamente-como-una-solucin-optimizada-para-salas-de-videoconferencias-con-microsoft-teams-rooms\/#breadcrumb\"},\"inLanguage\":\"es-MX\",\"potentialAction\":[{\"@type\":\"ReadAction\",\"target\":[\"https:\/\/compuviper.mx\/tienda\/producto\/lenovo-12wn000jls-el-modelo-corresponde-a-la-unidad-de-cmputo-thinksmart-core-gen-2-diseada-especficamente-como-una-solucin-optimizada-para-salas-de-videoconferencias-con-microsoft-teams-rooms\/\"]}]},{\"@type\":\"BreadcrumbList\",\"@id\":\"https:\/\/compuviper.mx\/tienda\/producto\/lenovo-12wn000jls-el-modelo-corresponde-a-la-unidad-de-cmputo-thinksmart-core-gen-2-diseada-especficamente-como-una-solucin-optimizada-para-salas-de-videoconferencias-con-microsoft-teams-rooms\/#breadcrumb\",\"itemListElement\":[{\"@type\":\"ListItem\",\"position\":1,\"name\":\"Inicio\",\"item\":\"https:\/\/compuviper.mx\/tienda\/\"},{\"@type\":\"ListItem\",\"position\":2,\"name\":\"Productos\",\"item\":\"https:\/\/compuviper.mx\/tienda\/productos\/\"},{\"@type\":\"ListItem\",\"position\":3,\"name\":\"Videoconferencia\",\"item\":\"https:\/\/compuviper.mx\/tienda\/categoria-producto\/videoconferencia\/\"},{\"@type\":\"ListItem\",\"position\":4,\"name\":\"Sin Categor\u00eda\",\"item\":\"https:\/\/compuviper.mx\/tienda\/categoria-producto\/videoconferencia\/sin-categoria-videoconferencia\/\"},{\"@type\":\"ListItem\",\"position\":5,\"name\":\"Lenovo 12wn000jls El Modelo Corresponde A La Unidad De C?mputo Thinksmart Core Gen 2, Dise?ada Espec?ficamente Como Una Soluci?n Optimizada Para Salas De Videoconferencias Con Microsoft Teams Rooms.\"}]},{\"@type\":\"WebSite\",\"@id\":\"https:\/\/compuviper.mx\/tienda\/#website\",\"url\":\"https:\/\/compuviper.mx\/tienda\/\",\"name\":\"Compuviper\",\"description\":\"Proveedor de Computadoras, Laptops, Servidores, Monitores, Puntos de Venta, Teclados,   Impresoras, T\u00f3ner, C\u00e1maras de Seguridad y m\u00e1s en tu tienda en l\u00ednea\",\"publisher\":{\"@id\":\"https:\/\/compuviper.mx\/tienda\/#organization\"},\"potentialAction\":[{\"@type\":\"SearchAction\",\"target\":{\"@type\":\"EntryPoint\",\"urlTemplate\":\"https:\/\/compuviper.mx\/tienda\/?s={search_term_string}\"},\"query-input\":\"required name=search_term_string\"}],\"inLanguage\":\"es-MX\"},{\"@type\":\"Organization\",\"@id\":\"https:\/\/compuviper.mx\/tienda\/#organization\",\"name\":\"Compuviper\",\"url\":\"https:\/\/compuviper.mx\/tienda\/\",\"logo\":{\"@type\":\"ImageObject\",\"inLanguage\":\"es-MX\",\"@id\":\"https:\/\/compuviper.mx\/tienda\/#\/schema\/logo\/image\/\",\"url\":\"https:\/\/compuviper.mx\/tienda\/wp-content\/uploads\/2021\/08\/Logo-Compuviper-10.png\",\"contentUrl\":\"https:\/\/compuviper.mx\/tienda\/wp-content\/uploads\/2021\/08\/Logo-Compuviper-10.png\",\"width\":1000,\"height\":500,\"caption\":\"Compuviper\"},\"image\":{\"@id\":\"https:\/\/compuviper.mx\/tienda\/#\/schema\/logo\/image\/\"},\"sameAs\":[\"https:\/\/www.facebook.com\/compuviper\",\"https:\/\/www.youtube.com\/channel\/UCf73dERp9Y3cfOq7q8BhLjA?view_as=subscriber\"]}]}<\/script>\n<meta property=\"product:brand\" content=\"LENOVO\" \/>\n<meta property=\"product:price:amount\" content=\"78634\" \/>\n<meta property=\"product:price:currency\" content=\"MXN\" \/>\n<meta property=\"og:availability\" content=\"backorder\" \/>\n<meta property=\"product:availability\" content=\"available for order\" \/>\n<meta property=\"product:retailer_item_id\" content=\"12WN000JLS\" \/>\n<meta property=\"product:condition\" content=\"new\" \/>\n<!-- \/ Yoast SEO plugin. -->","yoast_head_json":{"title":"[ Lenovo ] &#129351; 12wn000jls El Modelo Corresponde A La Unidad De C\u00f3mputo Thinksmart Core Gen 2, Dise\u00f1ada Espec\u00edficamente Como Una Soluci\u00f3n Optimizada Para Salas De Videoconferencias Con Microsoft Teams Rooms.","description":"Compra 12wn000jls El Modelo Corresponde A La Unidad De C\u00f3mputo Thinksmart Core Gen 2, Dise\u00f1ada Espec\u00edficamente Como Una Soluci\u00f3n Optimizada Para Salas De Videoconferencias Con Microsoft Teams Rooms. + Env\u00edo a domicilio + Pago seguro + Garant\u00eda","robots":{"index":"index","follow":"follow","max-snippet":"max-snippet:-1","max-image-preview":"max-image-preview:large","max-video-preview":"max-video-preview:-1"},"canonical":"https:\/\/compuviper.mx\/tienda\/producto\/lenovo-12wn000jls-el-modelo-corresponde-a-la-unidad-de-cmputo-thinksmart-core-gen-2-diseada-especficamente-como-una-solucin-optimizada-para-salas-de-videoconferencias-con-microsoft-teams-rooms\/","og_locale":"es_MX","og_type":"article","og_title":"[ Lenovo ] &#129351; 12wn000jls El Modelo Corresponde A La Unidad De C\u00f3mputo Thinksmart Core Gen 2, Dise\u00f1ada Espec\u00edficamente Como Una Soluci\u00f3n Optimizada Para Salas De Videoconferencias Con Microsoft Teams Rooms.","og_description":"Compra 12wn000jls El Modelo Corresponde A La Unidad De C\u00f3mputo Thinksmart Core Gen 2, Dise\u00f1ada Espec\u00edficamente Como Una Soluci\u00f3n Optimizada Para Salas De Videoconferencias Con Microsoft Teams Rooms. + Env\u00edo a domicilio + Pago seguro + Garant\u00eda","og_url":"https:\/\/compuviper.mx\/tienda\/producto\/lenovo-12wn000jls-el-modelo-corresponde-a-la-unidad-de-cmputo-thinksmart-core-gen-2-diseada-especficamente-como-una-solucin-optimizada-para-salas-de-videoconferencias-con-microsoft-teams-rooms\/","og_site_name":"Compuviper","article_publisher":"https:\/\/www.facebook.com\/compuviper","twitter_card":"summary_large_image","twitter_misc":{"Precio":"&#36;78,634 con IVA","Availability":"On backorder"},"schema":{"@context":"https:\/\/schema.org","@graph":[{"@type":"WebPage","@id":"https:\/\/compuviper.mx\/tienda\/producto\/lenovo-12wn000jls-el-modelo-corresponde-a-la-unidad-de-cmputo-thinksmart-core-gen-2-diseada-especficamente-como-una-solucin-optimizada-para-salas-de-videoconferencias-con-microsoft-teams-rooms\/","url":"https:\/\/compuviper.mx\/tienda\/producto\/lenovo-12wn000jls-el-modelo-corresponde-a-la-unidad-de-cmputo-thinksmart-core-gen-2-diseada-especficamente-como-una-solucin-optimizada-para-salas-de-videoconferencias-con-microsoft-teams-rooms\/","name":"[ Lenovo ] &#129351; 12wn000jls El Modelo Corresponde A La Unidad De C\u00f3mputo Thinksmart Core Gen 2, Dise\u00f1ada Espec\u00edficamente Como Una Soluci\u00f3n Optimizada Para Salas De Videoconferencias Con Microsoft Teams Rooms.","isPartOf":{"@id":"https:\/\/compuviper.mx\/tienda\/#website"},"datePublished":"2026-05-01T08:19:58+00:00","dateModified":"2026-05-01T08:19:58+00:00","description":"Compra 12wn000jls El Modelo Corresponde A La Unidad De C\u00f3mputo Thinksmart Core Gen 2, Dise\u00f1ada Espec\u00edficamente Como Una Soluci\u00f3n Optimizada Para Salas De Videoconferencias Con Microsoft Teams Rooms. + Env\u00edo a domicilio + Pago seguro + Garant\u00eda","breadcrumb":{"@id":"https:\/\/compuviper.mx\/tienda\/producto\/lenovo-12wn000jls-el-modelo-corresponde-a-la-unidad-de-cmputo-thinksmart-core-gen-2-diseada-especficamente-como-una-solucin-optimizada-para-salas-de-videoconferencias-con-microsoft-teams-rooms\/#breadcrumb"},"inLanguage":"es-MX","potentialAction":[{"@type":"ReadAction","target":["https:\/\/compuviper.mx\/tienda\/producto\/lenovo-12wn000jls-el-modelo-corresponde-a-la-unidad-de-cmputo-thinksmart-core-gen-2-diseada-especficamente-como-una-solucin-optimizada-para-salas-de-videoconferencias-con-microsoft-teams-rooms\/"]}]},{"@type":"BreadcrumbList","@id":"https:\/\/compuviper.mx\/tienda\/producto\/lenovo-12wn000jls-el-modelo-corresponde-a-la-unidad-de-cmputo-thinksmart-core-gen-2-diseada-especficamente-como-una-solucin-optimizada-para-salas-de-videoconferencias-con-microsoft-teams-rooms\/#breadcrumb","itemListElement":[{"@type":"ListItem","position":1,"name":"Inicio","item":"https:\/\/compuviper.mx\/tienda\/"},{"@type":"ListItem","position":2,"name":"Productos","item":"https:\/\/compuviper.mx\/tienda\/productos\/"},{"@type":"ListItem","position":3,"name":"Videoconferencia","item":"https:\/\/compuviper.mx\/tienda\/categoria-producto\/videoconferencia\/"},{"@type":"ListItem","position":4,"name":"Sin Categor\u00eda","item":"https:\/\/compuviper.mx\/tienda\/categoria-producto\/videoconferencia\/sin-categoria-videoconferencia\/"},{"@type":"ListItem","position":5,"name":"Lenovo 12wn000jls El Modelo Corresponde A La Unidad De C?mputo Thinksmart Core Gen 2, Dise?ada Espec?ficamente Como Una Soluci?n Optimizada Para Salas De Videoconferencias Con Microsoft Teams Rooms."}]},{"@type":"WebSite","@id":"https:\/\/compuviper.mx\/tienda\/#website","url":"https:\/\/compuviper.mx\/tienda\/","name":"Compuviper","description":"Proveedor de Computadoras, Laptops, Servidores, Monitores, Puntos de Venta, Teclados,   Impresoras, T\u00f3ner, C\u00e1maras de Seguridad y m\u00e1s en tu tienda en l\u00ednea","publisher":{"@id":"https:\/\/compuviper.mx\/tienda\/#organization"},"potentialAction":[{"@type":"SearchAction","target":{"@type":"EntryPoint","urlTemplate":"https:\/\/compuviper.mx\/tienda\/?s={search_term_string}"},"query-input":"required name=search_term_string"}],"inLanguage":"es-MX"},{"@type":"Organization","@id":"https:\/\/compuviper.mx\/tienda\/#organization","name":"Compuviper","url":"https:\/\/compuviper.mx\/tienda\/","logo":{"@type":"ImageObject","inLanguage":"es-MX","@id":"https:\/\/compuviper.mx\/tienda\/#\/schema\/logo\/image\/","url":"https:\/\/compuviper.mx\/tienda\/wp-content\/uploads\/2021\/08\/Logo-Compuviper-10.png","contentUrl":"https:\/\/compuviper.mx\/tienda\/wp-content\/uploads\/2021\/08\/Logo-Compuviper-10.png","width":1000,"height":500,"caption":"Compuviper"},"image":{"@id":"https:\/\/compuviper.mx\/tienda\/#\/schema\/logo\/image\/"},"sameAs":["https:\/\/www.facebook.com\/compuviper","https:\/\/www.youtube.com\/channel\/UCf73dERp9Y3cfOq7q8BhLjA?view_as=subscriber"]}]},"product_brand":"LENOVO","product_price_amount":"78634","product_price_currency":"MXN","og_availability":"backorder","product_availability":"available for order","product_retailer_item_id":"12WN000JLS","product_condition":"new"},"_links":{"self":[{"href":"https:\/\/compuviper.mx\/tienda\/wp-json\/wp\/v2\/product\/269032"}],"collection":[{"href":"https:\/\/compuviper.mx\/tienda\/wp-json\/wp\/v2\/product"}],"about":[{"href":"https:\/\/compuviper.mx\/tienda\/wp-json\/wp\/v2\/types\/product"}],"replies":[{"embeddable":true,"href":"https:\/\/compuviper.mx\/tienda\/wp-json\/wp\/v2\/comments?post=269032"}],"wp:attachment":[{"href":"https:\/\/compuviper.mx\/tienda\/wp-json\/wp\/v2\/media?parent=269032"}],"wp:term":[{"taxonomy":"product_cat","embeddable":true,"href":"https:\/\/compuviper.mx\/tienda\/wp-json\/wp\/v2\/product_cat?post=269032"},{"taxonomy":"product_tag","embeddable":true,"href":"https:\/\/compuviper.mx\/tienda\/wp-json\/wp\/v2\/product_tag?post=269032"}],"curies":[{"name":"wp","href":"https:\/\/api.w.org\/{rel}","templated":true}]}}