{"id":268925,"date":"2026-04-25T02:00:22","date_gmt":"2026-04-25T08:00:22","guid":{"rendered":"https:\/\/compuviper.mx\/tienda\/producto\/tech-zone-accesorios-tzbo200-bocina-techzone-alambrica-sonido-estereo-3-5mm-usb-2-0-negro\/"},"modified":"2026-04-25T02:00:22","modified_gmt":"2026-04-25T08:00:22","slug":"tech-zone-accesorios-tzbo200-bocina-techzone-alambrica-sonido-estereo-3-5mm-usb-2-0-negro","status":"publish","type":"product","link":"https:\/\/compuviper.mx\/tienda\/producto\/tech-zone-accesorios-tzbo200-bocina-techzone-alambrica-sonido-estereo-3-5mm-usb-2-0-negro\/","title":{"rendered":"Tech Zone Accesorios Tzbo200 Bocina Techzone  Alambrica Sonido Estereo 3.5mm Usb 2.0 Negro"},"content":{"rendered":"<table class=\"descripcion\">\n<tr>\n<td>Caracter\u00edsticas:<\/td>\n<\/tr>\n<tr>\n<td>Dimensiones: 61 x 68 x 45 mm por bocina<\/td>\n<\/tr>\n<tr>\n<td>Color: negro<\/td>\n<\/tr>\n<tr>\n<td>Material: abs<\/td>\n<\/tr>\n<tr>\n<td>Peso: 112 g<\/td>\n<\/tr>\n<tr>\n<td>Especificaci\u00f3n t\u00e9cnica:<\/td>\n<\/tr>\n<tr>\n<td>Potencia de salida: 200 w p.m.p.o<\/td>\n<\/tr>\n<tr>\n<td>Tipo de conexio and #769;n: usb tipo a y plug 3.5 mm<\/td>\n<\/tr>\n<tr>\n<td>Largo del cable: 180 cm<\/td>\n<\/tr>\n<tr>\n<td>Alimentacio and #769;n: usb tipo a 5 vcc 1 a<\/td>\n<\/tr>\n<tr>\n<td>Empaque:<\/td>\n<\/tr>\n<tr>\n<td>Tipo de empaque: caja a color<\/td>\n<\/tr>\n<tr>\n<td>Medidas: 132 x 65 x 78 mm<\/td>\n<\/tr>\n<tr>\n<td>Peso: 138 g<\/td>\n<\/tr>\n<tr>\n<td>Contenido:<\/td>\n<\/tr>\n<tr>\n<td>1 par de bocinas<\/td>\n<\/tr>\n<tr>\n<td>Manual de usuario<\/td>\n<\/tr>\n<tr>\n<td>Garanti and #769;a de 1 an and #771;o por defecto de fabricacio and #769;n<\/td>\n<\/tr>\n<\/table>\n","protected":false},"excerpt":{"rendered":"<p>Las bocinas ala and #769;mbricas cli and #769;o no necesitan bateri and #769;as ya que se conectan directamente a tu computadora por medio de auxiliar 3.5 mm y usb. Su taman and #771;o las hace su and #769;per porta and #769;tiles, lle and #769;valas a do and #769;nde quieras o de and #769;jalas instaladas en tu computadora de escritorio y ahorra espacio a cambio de la potencia y fidelidad del audio mayor al esperado.<\/p>\n","protected":false},"featured_media":0,"comment_status":"open","ping_status":"open","template":"","meta":[],"product_cat":[1818,1817],"product_tag":[2233],"acf":[],"yoast_head":"<!-- This site is optimized with the Yoast SEO plugin v21.7 - https:\/\/yoast.com\/wordpress\/plugins\/seo\/ -->\n<title>[ Tech Zone Accesorios ] &#129351; Tzbo200 Bocina Techzone Alambrica Sonido Estereo 3.5mm Usb 2.0 Negro<\/title>\n<meta name=\"description\" content=\"Compra Tzbo200 Bocina Techzone Alambrica Sonido Estereo 3.5mm Usb 2.0 Negro + Env\u00edo a domicilio + Pago seguro + Garant\u00eda\" \/>\n<meta name=\"robots\" content=\"index, follow, max-snippet:-1, max-image-preview:large, max-video-preview:-1\" \/>\n<link rel=\"canonical\" href=\"https:\/\/compuviper.mx\/tienda\/producto\/tech-zone-accesorios-tzbo200-bocina-techzone-alambrica-sonido-estereo-3-5mm-usb-2-0-negro\/\" \/>\n<meta property=\"og:locale\" content=\"es_MX\" \/>\n<meta property=\"og:type\" content=\"article\" \/>\n<meta property=\"og:title\" content=\"[ Tech Zone Accesorios ] &#129351; Tzbo200 Bocina Techzone Alambrica Sonido Estereo 3.5mm Usb 2.0 Negro\" \/>\n<meta property=\"og:description\" content=\"Compra Tzbo200 Bocina Techzone Alambrica Sonido Estereo 3.5mm Usb 2.0 Negro + Env\u00edo a domicilio + Pago seguro + Garant\u00eda\" \/>\n<meta property=\"og:url\" content=\"https:\/\/compuviper.mx\/tienda\/producto\/tech-zone-accesorios-tzbo200-bocina-techzone-alambrica-sonido-estereo-3-5mm-usb-2-0-negro\/\" \/>\n<meta property=\"og:site_name\" content=\"Compuviper\" \/>\n<meta property=\"article:publisher\" content=\"https:\/\/www.facebook.com\/compuviper\" \/>\n<meta name=\"twitter:card\" content=\"summary_large_image\" \/>\n<meta name=\"twitter:label1\" content=\"Precio\" \/>\n\t<meta name=\"twitter:data1\" content=\"&#36;166 con IVA\" \/>\n\t<meta name=\"twitter:label2\" content=\"Availability\" \/>\n\t<meta name=\"twitter:data2\" content=\"Out of stock\" \/>\n<script type=\"application\/ld+json\" class=\"yoast-schema-graph\">{\"@context\":\"https:\/\/schema.org\",\"@graph\":[{\"@type\":\"WebPage\",\"@id\":\"https:\/\/compuviper.mx\/tienda\/producto\/tech-zone-accesorios-tzbo200-bocina-techzone-alambrica-sonido-estereo-3-5mm-usb-2-0-negro\/\",\"url\":\"https:\/\/compuviper.mx\/tienda\/producto\/tech-zone-accesorios-tzbo200-bocina-techzone-alambrica-sonido-estereo-3-5mm-usb-2-0-negro\/\",\"name\":\"[ Tech Zone Accesorios ] &#129351; Tzbo200 Bocina Techzone Alambrica Sonido Estereo 3.5mm Usb 2.0 Negro\",\"isPartOf\":{\"@id\":\"https:\/\/compuviper.mx\/tienda\/#website\"},\"datePublished\":\"2026-04-25T08:00:22+00:00\",\"dateModified\":\"2026-04-25T08:00:22+00:00\",\"description\":\"Compra Tzbo200 Bocina Techzone Alambrica Sonido Estereo 3.5mm Usb 2.0 Negro + Env\u00edo a domicilio + Pago seguro + Garant\u00eda\",\"breadcrumb\":{\"@id\":\"https:\/\/compuviper.mx\/tienda\/producto\/tech-zone-accesorios-tzbo200-bocina-techzone-alambrica-sonido-estereo-3-5mm-usb-2-0-negro\/#breadcrumb\"},\"inLanguage\":\"es-MX\",\"potentialAction\":[{\"@type\":\"ReadAction\",\"target\":[\"https:\/\/compuviper.mx\/tienda\/producto\/tech-zone-accesorios-tzbo200-bocina-techzone-alambrica-sonido-estereo-3-5mm-usb-2-0-negro\/\"]}]},{\"@type\":\"BreadcrumbList\",\"@id\":\"https:\/\/compuviper.mx\/tienda\/producto\/tech-zone-accesorios-tzbo200-bocina-techzone-alambrica-sonido-estereo-3-5mm-usb-2-0-negro\/#breadcrumb\",\"itemListElement\":[{\"@type\":\"ListItem\",\"position\":1,\"name\":\"Inicio\",\"item\":\"https:\/\/compuviper.mx\/tienda\/\"},{\"@type\":\"ListItem\",\"position\":2,\"name\":\"Productos\",\"item\":\"https:\/\/compuviper.mx\/tienda\/productos\/\"},{\"@type\":\"ListItem\",\"position\":3,\"name\":\"Bocinas\",\"item\":\"https:\/\/compuviper.mx\/tienda\/categoria-producto\/bocinas\/\"},{\"@type\":\"ListItem\",\"position\":4,\"name\":\"Bocina Basica\",\"item\":\"https:\/\/compuviper.mx\/tienda\/categoria-producto\/bocinas\/bocina-basica\/\"},{\"@type\":\"ListItem\",\"position\":5,\"name\":\"Tech Zone Accesorios Tzbo200 Bocina Techzone Alambrica Sonido Estereo 3.5mm Usb 2.0 Negro\"}]},{\"@type\":\"WebSite\",\"@id\":\"https:\/\/compuviper.mx\/tienda\/#website\",\"url\":\"https:\/\/compuviper.mx\/tienda\/\",\"name\":\"Compuviper\",\"description\":\"Proveedor de Computadoras, Laptops, Servidores, Monitores, Puntos de Venta, Teclados,   Impresoras, T\u00f3ner, C\u00e1maras de Seguridad y m\u00e1s en tu tienda en l\u00ednea\",\"publisher\":{\"@id\":\"https:\/\/compuviper.mx\/tienda\/#organization\"},\"potentialAction\":[{\"@type\":\"SearchAction\",\"target\":{\"@type\":\"EntryPoint\",\"urlTemplate\":\"https:\/\/compuviper.mx\/tienda\/?s={search_term_string}\"},\"query-input\":\"required name=search_term_string\"}],\"inLanguage\":\"es-MX\"},{\"@type\":\"Organization\",\"@id\":\"https:\/\/compuviper.mx\/tienda\/#organization\",\"name\":\"Compuviper\",\"url\":\"https:\/\/compuviper.mx\/tienda\/\",\"logo\":{\"@type\":\"ImageObject\",\"inLanguage\":\"es-MX\",\"@id\":\"https:\/\/compuviper.mx\/tienda\/#\/schema\/logo\/image\/\",\"url\":\"https:\/\/compuviper.mx\/tienda\/wp-content\/uploads\/2021\/08\/Logo-Compuviper-10.png\",\"contentUrl\":\"https:\/\/compuviper.mx\/tienda\/wp-content\/uploads\/2021\/08\/Logo-Compuviper-10.png\",\"width\":1000,\"height\":500,\"caption\":\"Compuviper\"},\"image\":{\"@id\":\"https:\/\/compuviper.mx\/tienda\/#\/schema\/logo\/image\/\"},\"sameAs\":[\"https:\/\/www.facebook.com\/compuviper\",\"https:\/\/www.youtube.com\/channel\/UCf73dERp9Y3cfOq7q8BhLjA?view_as=subscriber\"]}]}<\/script>\n<meta property=\"product:brand\" content=\"Tech Zone Accesorios\" \/>\n<meta property=\"product:price:amount\" content=\"166\" \/>\n<meta property=\"product:price:currency\" content=\"MXN\" \/>\n<meta property=\"og:availability\" content=\"out of stock\" \/>\n<meta property=\"product:availability\" content=\"out of stock\" \/>\n<meta property=\"product:retailer_item_id\" content=\"TZBO200\" \/>\n<meta property=\"product:condition\" content=\"new\" \/>\n<!-- \/ Yoast SEO plugin. -->","yoast_head_json":{"title":"[ Tech Zone Accesorios ] &#129351; Tzbo200 Bocina Techzone Alambrica Sonido Estereo 3.5mm Usb 2.0 Negro","description":"Compra Tzbo200 Bocina Techzone Alambrica Sonido Estereo 3.5mm Usb 2.0 Negro + Env\u00edo a domicilio + Pago seguro + Garant\u00eda","robots":{"index":"index","follow":"follow","max-snippet":"max-snippet:-1","max-image-preview":"max-image-preview:large","max-video-preview":"max-video-preview:-1"},"canonical":"https:\/\/compuviper.mx\/tienda\/producto\/tech-zone-accesorios-tzbo200-bocina-techzone-alambrica-sonido-estereo-3-5mm-usb-2-0-negro\/","og_locale":"es_MX","og_type":"article","og_title":"[ Tech Zone Accesorios ] &#129351; Tzbo200 Bocina Techzone Alambrica Sonido Estereo 3.5mm Usb 2.0 Negro","og_description":"Compra Tzbo200 Bocina Techzone Alambrica Sonido Estereo 3.5mm Usb 2.0 Negro + Env\u00edo a domicilio + Pago seguro + Garant\u00eda","og_url":"https:\/\/compuviper.mx\/tienda\/producto\/tech-zone-accesorios-tzbo200-bocina-techzone-alambrica-sonido-estereo-3-5mm-usb-2-0-negro\/","og_site_name":"Compuviper","article_publisher":"https:\/\/www.facebook.com\/compuviper","twitter_card":"summary_large_image","twitter_misc":{"Precio":"&#36;166 con IVA","Availability":"Out of stock"},"schema":{"@context":"https:\/\/schema.org","@graph":[{"@type":"WebPage","@id":"https:\/\/compuviper.mx\/tienda\/producto\/tech-zone-accesorios-tzbo200-bocina-techzone-alambrica-sonido-estereo-3-5mm-usb-2-0-negro\/","url":"https:\/\/compuviper.mx\/tienda\/producto\/tech-zone-accesorios-tzbo200-bocina-techzone-alambrica-sonido-estereo-3-5mm-usb-2-0-negro\/","name":"[ Tech Zone Accesorios ] &#129351; Tzbo200 Bocina Techzone Alambrica Sonido Estereo 3.5mm Usb 2.0 Negro","isPartOf":{"@id":"https:\/\/compuviper.mx\/tienda\/#website"},"datePublished":"2026-04-25T08:00:22+00:00","dateModified":"2026-04-25T08:00:22+00:00","description":"Compra Tzbo200 Bocina Techzone Alambrica Sonido Estereo 3.5mm Usb 2.0 Negro + Env\u00edo a domicilio + Pago seguro + Garant\u00eda","breadcrumb":{"@id":"https:\/\/compuviper.mx\/tienda\/producto\/tech-zone-accesorios-tzbo200-bocina-techzone-alambrica-sonido-estereo-3-5mm-usb-2-0-negro\/#breadcrumb"},"inLanguage":"es-MX","potentialAction":[{"@type":"ReadAction","target":["https:\/\/compuviper.mx\/tienda\/producto\/tech-zone-accesorios-tzbo200-bocina-techzone-alambrica-sonido-estereo-3-5mm-usb-2-0-negro\/"]}]},{"@type":"BreadcrumbList","@id":"https:\/\/compuviper.mx\/tienda\/producto\/tech-zone-accesorios-tzbo200-bocina-techzone-alambrica-sonido-estereo-3-5mm-usb-2-0-negro\/#breadcrumb","itemListElement":[{"@type":"ListItem","position":1,"name":"Inicio","item":"https:\/\/compuviper.mx\/tienda\/"},{"@type":"ListItem","position":2,"name":"Productos","item":"https:\/\/compuviper.mx\/tienda\/productos\/"},{"@type":"ListItem","position":3,"name":"Bocinas","item":"https:\/\/compuviper.mx\/tienda\/categoria-producto\/bocinas\/"},{"@type":"ListItem","position":4,"name":"Bocina Basica","item":"https:\/\/compuviper.mx\/tienda\/categoria-producto\/bocinas\/bocina-basica\/"},{"@type":"ListItem","position":5,"name":"Tech Zone Accesorios Tzbo200 Bocina Techzone Alambrica Sonido Estereo 3.5mm Usb 2.0 Negro"}]},{"@type":"WebSite","@id":"https:\/\/compuviper.mx\/tienda\/#website","url":"https:\/\/compuviper.mx\/tienda\/","name":"Compuviper","description":"Proveedor de Computadoras, Laptops, Servidores, Monitores, Puntos de Venta, Teclados,   Impresoras, T\u00f3ner, C\u00e1maras de Seguridad y m\u00e1s en tu tienda en l\u00ednea","publisher":{"@id":"https:\/\/compuviper.mx\/tienda\/#organization"},"potentialAction":[{"@type":"SearchAction","target":{"@type":"EntryPoint","urlTemplate":"https:\/\/compuviper.mx\/tienda\/?s={search_term_string}"},"query-input":"required name=search_term_string"}],"inLanguage":"es-MX"},{"@type":"Organization","@id":"https:\/\/compuviper.mx\/tienda\/#organization","name":"Compuviper","url":"https:\/\/compuviper.mx\/tienda\/","logo":{"@type":"ImageObject","inLanguage":"es-MX","@id":"https:\/\/compuviper.mx\/tienda\/#\/schema\/logo\/image\/","url":"https:\/\/compuviper.mx\/tienda\/wp-content\/uploads\/2021\/08\/Logo-Compuviper-10.png","contentUrl":"https:\/\/compuviper.mx\/tienda\/wp-content\/uploads\/2021\/08\/Logo-Compuviper-10.png","width":1000,"height":500,"caption":"Compuviper"},"image":{"@id":"https:\/\/compuviper.mx\/tienda\/#\/schema\/logo\/image\/"},"sameAs":["https:\/\/www.facebook.com\/compuviper","https:\/\/www.youtube.com\/channel\/UCf73dERp9Y3cfOq7q8BhLjA?view_as=subscriber"]}]},"product_brand":"Tech Zone Accesorios","product_price_amount":"166","product_price_currency":"MXN","og_availability":"out of stock","product_availability":"out of stock","product_retailer_item_id":"TZBO200","product_condition":"new"},"_links":{"self":[{"href":"https:\/\/compuviper.mx\/tienda\/wp-json\/wp\/v2\/product\/268925"}],"collection":[{"href":"https:\/\/compuviper.mx\/tienda\/wp-json\/wp\/v2\/product"}],"about":[{"href":"https:\/\/compuviper.mx\/tienda\/wp-json\/wp\/v2\/types\/product"}],"replies":[{"embeddable":true,"href":"https:\/\/compuviper.mx\/tienda\/wp-json\/wp\/v2\/comments?post=268925"}],"wp:attachment":[{"href":"https:\/\/compuviper.mx\/tienda\/wp-json\/wp\/v2\/media?parent=268925"}],"wp:term":[{"taxonomy":"product_cat","embeddable":true,"href":"https:\/\/compuviper.mx\/tienda\/wp-json\/wp\/v2\/product_cat?post=268925"},{"taxonomy":"product_tag","embeddable":true,"href":"https:\/\/compuviper.mx\/tienda\/wp-json\/wp\/v2\/product_tag?post=268925"}],"curies":[{"name":"wp","href":"https:\/\/api.w.org\/{rel}","templated":true}]}}