{"id":268923,"date":"2026-05-05T01:42:36","date_gmt":"2026-05-05T07:42:36","guid":{"rendered":"https:\/\/compuviper.mx\/tienda\/producto\/sandisk-sdczif-128g-g46-memoria-128gb-usb-3-2-fortnite-drive-edicion-banano\/"},"modified":"2026-05-05T01:42:36","modified_gmt":"2026-05-05T07:42:36","slug":"sandisk-sdczif-128g-g46-memoria-128gb-usb-3-2-fortnite-drive-edicion-banano","status":"publish","type":"product","link":"https:\/\/compuviper.mx\/tienda\/producto\/sandisk-sdczif-128g-g46-memoria-128gb-usb-3-2-fortnite-drive-edicion-banano\/","title":{"rendered":"Sandisk Sdczif-128g-g46 Memoria  128gb Usb 3.2 Fortnite Drive Edicion Banano"},"content":{"rendered":"<table class=\"descripcion\">\n<tr>\n<td>Capacidad  128gb<\/td>\n<\/tr>\n<tr>\n<td>Conector  usb-a<\/td>\n<\/tr>\n<tr>\n<td>Rendimiento de lectura secuencial  130mb\/s<\/td>\n<\/tr>\n<tr>\n<td>Conexion  usb 3.2 gen 1<\/td>\n<\/tr>\n<tr>\n<td>Dimensiones (largo, ancho y alto)  59.94mm x 20.07mm x 8.89mm<\/td>\n<\/tr>\n<tr>\n<td>Garantia limitada de 5 a\u00f1os<\/td>\n<\/tr>\n<tr>\n<td>Peso  6gms<\/td>\n<\/tr>\n<tr>\n<td>Numero de modelo  sdczif-128g-g46<\/td>\n<\/tr>\n<tr>\n<td>Caracteristicas del producto :<\/td>\n<\/tr>\n<tr>\n<td>\u0095impresiona a tus compa\u00f1eros de juego y celebra tus victorias magistrales con un envoltorio canjeable que solo esta disponible con la compra.<\/td>\n<\/tr>\n<tr>\n<td>\u0095se la envidia de los fans de fortnite con el dise\u00f1o de edici\u00f3n limitada de banano.<\/td>\n<\/tr>\n<tr>\n<td>\u0095transfiere rapidamente tus mejores capturas de juego con hasta 130 mb\/s de velocidad de lectura para ofrecer siempre un alto rendimiento.<\/td>\n<\/tr>\n<tr>\n<td>Compatibilidad : usb type-a<\/td>\n<\/tr>\n<\/table>\n","protected":false},"excerpt":{"rendered":"<p>Almacenamiento con el visto bueno de banano. Persigue la corona con la nueva unidad flash usb sandisk fortnite de edicion limitada. Esta unidad con tematica de fortnite incluye un envoltorio exclusivo con la compra para celebrar tus victorias. Amplia tu almacenamiento para jugar con hasta 256 gb para guardar las fotos y los videos de tus partidas preferidas. Con hasta 130 mb\/s de velocidad de lectura, puedes transferir rapidamente archivos grandes de juegos o llevar contigo tus capturas de juego preferidas. Ademas, con el dise\u00f1o especial de banano, tu platano preferido te acompa\u00f1ara en todas tus aventuras. Envoltorio exclusivo. Impresiona a tus compa\u00f1eros de juego con un envoltorio canjeable que solo esta disponible con la compra  de esta unidad. Oro parece, plata no es. Se la envidia de los fans de fortnite con un dise\u00f1o de edicion limitada de banano. Hazle sitio a tu botin. Mas espacio para mas diversion con hasta 256 gb de almacenamiento extra para tus dispositivos usb type-a. Corre, que se te escapa el bus de batalla. Transfiere tus mejores capturas de juego con hasta 130 mb\/s de velocidad de lectura para lograr un alto rendimiento.<\/p>\n","protected":false},"featured_media":268924,"comment_status":"open","ping_status":"open","template":"","meta":[],"product_cat":[1793,1796],"product_tag":[1709],"acf":[],"yoast_head":"<!-- This site is optimized with the Yoast SEO plugin v21.7 - https:\/\/yoast.com\/wordpress\/plugins\/seo\/ -->\n<title>[ Sandisk ] &#129351; Sdczif-128g-g46 Memoria 128gb Usb 3.2 Fortnite Drive Edicion Banano<\/title>\n<meta name=\"description\" content=\"Compra Sdczif-128g-g46 Memoria 128gb Usb 3.2 Fortnite Drive Edicion Banano + Env\u00edo a domicilio + Pago seguro + Garant\u00eda\" \/>\n<meta name=\"robots\" content=\"index, follow, max-snippet:-1, max-image-preview:large, max-video-preview:-1\" \/>\n<link rel=\"canonical\" href=\"https:\/\/compuviper.mx\/tienda\/producto\/sandisk-sdczif-128g-g46-memoria-128gb-usb-3-2-fortnite-drive-edicion-banano\/\" \/>\n<meta property=\"og:locale\" content=\"es_MX\" \/>\n<meta property=\"og:type\" content=\"article\" \/>\n<meta property=\"og:title\" content=\"[ Sandisk ] &#129351; Sdczif-128g-g46 Memoria 128gb Usb 3.2 Fortnite Drive Edicion Banano\" \/>\n<meta property=\"og:description\" content=\"Compra Sdczif-128g-g46 Memoria 128gb Usb 3.2 Fortnite Drive Edicion Banano + Env\u00edo a domicilio + Pago seguro + Garant\u00eda\" \/>\n<meta property=\"og:url\" content=\"https:\/\/compuviper.mx\/tienda\/producto\/sandisk-sdczif-128g-g46-memoria-128gb-usb-3-2-fortnite-drive-edicion-banano\/\" \/>\n<meta property=\"og:site_name\" content=\"Compuviper\" \/>\n<meta property=\"article:publisher\" content=\"https:\/\/www.facebook.com\/compuviper\" \/>\n<meta property=\"og:image\" content=\"https:\/\/compuviper.mx\/tienda\/wp-content\/uploads\/2026\/04\/Memoria-sandisk-128gb-usb-3.2-fortnite-drive-edicion-banano-sdczif-128g-g46.jpg\" \/>\n\t<meta property=\"og:image:width\" content=\"200\" \/>\n\t<meta property=\"og:image:height\" content=\"200\" \/>\n\t<meta property=\"og:image:type\" content=\"image\/jpeg\" \/>\n<meta name=\"twitter:card\" content=\"summary_large_image\" \/>\n<meta name=\"twitter:label1\" content=\"Precio\" \/>\n\t<meta name=\"twitter:data1\" content=\"&#36;382 con IVA\" \/>\n\t<meta name=\"twitter:label2\" content=\"Availability\" \/>\n\t<meta name=\"twitter:data2\" content=\"In stock\" \/>\n<script type=\"application\/ld+json\" class=\"yoast-schema-graph\">{\"@context\":\"https:\/\/schema.org\",\"@graph\":[{\"@type\":\"WebPage\",\"@id\":\"https:\/\/compuviper.mx\/tienda\/producto\/sandisk-sdczif-128g-g46-memoria-128gb-usb-3-2-fortnite-drive-edicion-banano\/\",\"url\":\"https:\/\/compuviper.mx\/tienda\/producto\/sandisk-sdczif-128g-g46-memoria-128gb-usb-3-2-fortnite-drive-edicion-banano\/\",\"name\":\"[ Sandisk ] &#129351; Sdczif-128g-g46 Memoria 128gb Usb 3.2 Fortnite Drive Edicion Banano\",\"isPartOf\":{\"@id\":\"https:\/\/compuviper.mx\/tienda\/#website\"},\"datePublished\":\"2026-05-05T07:42:36+00:00\",\"dateModified\":\"2026-05-05T07:42:36+00:00\",\"description\":\"Compra Sdczif-128g-g46 Memoria 128gb Usb 3.2 Fortnite Drive Edicion Banano + Env\u00edo a domicilio + Pago seguro + Garant\u00eda\",\"breadcrumb\":{\"@id\":\"https:\/\/compuviper.mx\/tienda\/producto\/sandisk-sdczif-128g-g46-memoria-128gb-usb-3-2-fortnite-drive-edicion-banano\/#breadcrumb\"},\"inLanguage\":\"es-MX\",\"potentialAction\":[{\"@type\":\"ReadAction\",\"target\":[\"https:\/\/compuviper.mx\/tienda\/producto\/sandisk-sdczif-128g-g46-memoria-128gb-usb-3-2-fortnite-drive-edicion-banano\/\"]}]},{\"@type\":\"BreadcrumbList\",\"@id\":\"https:\/\/compuviper.mx\/tienda\/producto\/sandisk-sdczif-128g-g46-memoria-128gb-usb-3-2-fortnite-drive-edicion-banano\/#breadcrumb\",\"itemListElement\":[{\"@type\":\"ListItem\",\"position\":1,\"name\":\"Inicio\",\"item\":\"https:\/\/compuviper.mx\/tienda\/\"},{\"@type\":\"ListItem\",\"position\":2,\"name\":\"Productos\",\"item\":\"https:\/\/compuviper.mx\/tienda\/productos\/\"},{\"@type\":\"ListItem\",\"position\":3,\"name\":\"Memorias\",\"item\":\"https:\/\/compuviper.mx\/tienda\/categoria-producto\/memorias\/\"},{\"@type\":\"ListItem\",\"position\":4,\"name\":\"Memoria Flash Usb\",\"item\":\"https:\/\/compuviper.mx\/tienda\/categoria-producto\/memorias\/memoria-flash-usb\/\"},{\"@type\":\"ListItem\",\"position\":5,\"name\":\"Sandisk Sdczif-128g-g46 Memoria 128gb Usb 3.2 Fortnite Drive Edicion Banano\"}]},{\"@type\":\"WebSite\",\"@id\":\"https:\/\/compuviper.mx\/tienda\/#website\",\"url\":\"https:\/\/compuviper.mx\/tienda\/\",\"name\":\"Compuviper\",\"description\":\"Proveedor de Computadoras, Laptops, Servidores, Monitores, Puntos de Venta, Teclados,   Impresoras, T\u00f3ner, C\u00e1maras de Seguridad y m\u00e1s en tu tienda en l\u00ednea\",\"publisher\":{\"@id\":\"https:\/\/compuviper.mx\/tienda\/#organization\"},\"potentialAction\":[{\"@type\":\"SearchAction\",\"target\":{\"@type\":\"EntryPoint\",\"urlTemplate\":\"https:\/\/compuviper.mx\/tienda\/?s={search_term_string}\"},\"query-input\":\"required name=search_term_string\"}],\"inLanguage\":\"es-MX\"},{\"@type\":\"Organization\",\"@id\":\"https:\/\/compuviper.mx\/tienda\/#organization\",\"name\":\"Compuviper\",\"url\":\"https:\/\/compuviper.mx\/tienda\/\",\"logo\":{\"@type\":\"ImageObject\",\"inLanguage\":\"es-MX\",\"@id\":\"https:\/\/compuviper.mx\/tienda\/#\/schema\/logo\/image\/\",\"url\":\"https:\/\/compuviper.mx\/tienda\/wp-content\/uploads\/2021\/08\/Logo-Compuviper-10.png\",\"contentUrl\":\"https:\/\/compuviper.mx\/tienda\/wp-content\/uploads\/2021\/08\/Logo-Compuviper-10.png\",\"width\":1000,\"height\":500,\"caption\":\"Compuviper\"},\"image\":{\"@id\":\"https:\/\/compuviper.mx\/tienda\/#\/schema\/logo\/image\/\"},\"sameAs\":[\"https:\/\/www.facebook.com\/compuviper\",\"https:\/\/www.youtube.com\/channel\/UCf73dERp9Y3cfOq7q8BhLjA?view_as=subscriber\"]}]}<\/script>\n<meta property=\"product:brand\" content=\"SANDISK\" \/>\n<meta property=\"product:price:amount\" content=\"382\" \/>\n<meta property=\"product:price:currency\" content=\"MXN\" \/>\n<meta property=\"og:availability\" content=\"instock\" \/>\n<meta property=\"product:availability\" content=\"instock\" \/>\n<meta property=\"product:retailer_item_id\" content=\"SDCZIF-128G-G46\" \/>\n<meta property=\"product:condition\" content=\"new\" \/>\n<!-- \/ Yoast SEO plugin. -->","yoast_head_json":{"title":"[ Sandisk ] &#129351; Sdczif-128g-g46 Memoria 128gb Usb 3.2 Fortnite Drive Edicion Banano","description":"Compra Sdczif-128g-g46 Memoria 128gb Usb 3.2 Fortnite Drive Edicion Banano + Env\u00edo a domicilio + Pago seguro + Garant\u00eda","robots":{"index":"index","follow":"follow","max-snippet":"max-snippet:-1","max-image-preview":"max-image-preview:large","max-video-preview":"max-video-preview:-1"},"canonical":"https:\/\/compuviper.mx\/tienda\/producto\/sandisk-sdczif-128g-g46-memoria-128gb-usb-3-2-fortnite-drive-edicion-banano\/","og_locale":"es_MX","og_type":"article","og_title":"[ Sandisk ] &#129351; Sdczif-128g-g46 Memoria 128gb Usb 3.2 Fortnite Drive Edicion Banano","og_description":"Compra Sdczif-128g-g46 Memoria 128gb Usb 3.2 Fortnite Drive Edicion Banano + Env\u00edo a domicilio + Pago seguro + Garant\u00eda","og_url":"https:\/\/compuviper.mx\/tienda\/producto\/sandisk-sdczif-128g-g46-memoria-128gb-usb-3-2-fortnite-drive-edicion-banano\/","og_site_name":"Compuviper","article_publisher":"https:\/\/www.facebook.com\/compuviper","og_image":[{"width":200,"height":200,"url":"https:\/\/compuviper.mx\/tienda\/wp-content\/uploads\/2026\/04\/Memoria-sandisk-128gb-usb-3.2-fortnite-drive-edicion-banano-sdczif-128g-g46.jpg","type":"image\/jpeg"}],"twitter_card":"summary_large_image","twitter_misc":{"Precio":"&#36;382 con IVA","Availability":"In stock"},"schema":{"@context":"https:\/\/schema.org","@graph":[{"@type":"WebPage","@id":"https:\/\/compuviper.mx\/tienda\/producto\/sandisk-sdczif-128g-g46-memoria-128gb-usb-3-2-fortnite-drive-edicion-banano\/","url":"https:\/\/compuviper.mx\/tienda\/producto\/sandisk-sdczif-128g-g46-memoria-128gb-usb-3-2-fortnite-drive-edicion-banano\/","name":"[ Sandisk ] &#129351; Sdczif-128g-g46 Memoria 128gb Usb 3.2 Fortnite Drive Edicion Banano","isPartOf":{"@id":"https:\/\/compuviper.mx\/tienda\/#website"},"datePublished":"2026-05-05T07:42:36+00:00","dateModified":"2026-05-05T07:42:36+00:00","description":"Compra Sdczif-128g-g46 Memoria 128gb Usb 3.2 Fortnite Drive Edicion Banano + Env\u00edo a domicilio + Pago seguro + Garant\u00eda","breadcrumb":{"@id":"https:\/\/compuviper.mx\/tienda\/producto\/sandisk-sdczif-128g-g46-memoria-128gb-usb-3-2-fortnite-drive-edicion-banano\/#breadcrumb"},"inLanguage":"es-MX","potentialAction":[{"@type":"ReadAction","target":["https:\/\/compuviper.mx\/tienda\/producto\/sandisk-sdczif-128g-g46-memoria-128gb-usb-3-2-fortnite-drive-edicion-banano\/"]}]},{"@type":"BreadcrumbList","@id":"https:\/\/compuviper.mx\/tienda\/producto\/sandisk-sdczif-128g-g46-memoria-128gb-usb-3-2-fortnite-drive-edicion-banano\/#breadcrumb","itemListElement":[{"@type":"ListItem","position":1,"name":"Inicio","item":"https:\/\/compuviper.mx\/tienda\/"},{"@type":"ListItem","position":2,"name":"Productos","item":"https:\/\/compuviper.mx\/tienda\/productos\/"},{"@type":"ListItem","position":3,"name":"Memorias","item":"https:\/\/compuviper.mx\/tienda\/categoria-producto\/memorias\/"},{"@type":"ListItem","position":4,"name":"Memoria Flash Usb","item":"https:\/\/compuviper.mx\/tienda\/categoria-producto\/memorias\/memoria-flash-usb\/"},{"@type":"ListItem","position":5,"name":"Sandisk Sdczif-128g-g46 Memoria 128gb Usb 3.2 Fortnite Drive Edicion Banano"}]},{"@type":"WebSite","@id":"https:\/\/compuviper.mx\/tienda\/#website","url":"https:\/\/compuviper.mx\/tienda\/","name":"Compuviper","description":"Proveedor de Computadoras, Laptops, Servidores, Monitores, Puntos de Venta, Teclados,   Impresoras, T\u00f3ner, C\u00e1maras de Seguridad y m\u00e1s en tu tienda en l\u00ednea","publisher":{"@id":"https:\/\/compuviper.mx\/tienda\/#organization"},"potentialAction":[{"@type":"SearchAction","target":{"@type":"EntryPoint","urlTemplate":"https:\/\/compuviper.mx\/tienda\/?s={search_term_string}"},"query-input":"required name=search_term_string"}],"inLanguage":"es-MX"},{"@type":"Organization","@id":"https:\/\/compuviper.mx\/tienda\/#organization","name":"Compuviper","url":"https:\/\/compuviper.mx\/tienda\/","logo":{"@type":"ImageObject","inLanguage":"es-MX","@id":"https:\/\/compuviper.mx\/tienda\/#\/schema\/logo\/image\/","url":"https:\/\/compuviper.mx\/tienda\/wp-content\/uploads\/2021\/08\/Logo-Compuviper-10.png","contentUrl":"https:\/\/compuviper.mx\/tienda\/wp-content\/uploads\/2021\/08\/Logo-Compuviper-10.png","width":1000,"height":500,"caption":"Compuviper"},"image":{"@id":"https:\/\/compuviper.mx\/tienda\/#\/schema\/logo\/image\/"},"sameAs":["https:\/\/www.facebook.com\/compuviper","https:\/\/www.youtube.com\/channel\/UCf73dERp9Y3cfOq7q8BhLjA?view_as=subscriber"]}]},"product_brand":"SANDISK","product_price_amount":"382","product_price_currency":"MXN","og_availability":"instock","product_availability":"instock","product_retailer_item_id":"SDCZIF-128G-G46","product_condition":"new"},"_links":{"self":[{"href":"https:\/\/compuviper.mx\/tienda\/wp-json\/wp\/v2\/product\/268923"}],"collection":[{"href":"https:\/\/compuviper.mx\/tienda\/wp-json\/wp\/v2\/product"}],"about":[{"href":"https:\/\/compuviper.mx\/tienda\/wp-json\/wp\/v2\/types\/product"}],"replies":[{"embeddable":true,"href":"https:\/\/compuviper.mx\/tienda\/wp-json\/wp\/v2\/comments?post=268923"}],"wp:featuredmedia":[{"embeddable":true,"href":"https:\/\/compuviper.mx\/tienda\/wp-json\/wp\/v2\/media\/268924"}],"wp:attachment":[{"href":"https:\/\/compuviper.mx\/tienda\/wp-json\/wp\/v2\/media?parent=268923"}],"wp:term":[{"taxonomy":"product_cat","embeddable":true,"href":"https:\/\/compuviper.mx\/tienda\/wp-json\/wp\/v2\/product_cat?post=268923"},{"taxonomy":"product_tag","embeddable":true,"href":"https:\/\/compuviper.mx\/tienda\/wp-json\/wp\/v2\/product_tag?post=268923"}],"curies":[{"name":"wp","href":"https:\/\/api.w.org\/{rel}","templated":true}]}}