{"id":268912,"date":"2026-04-21T00:57:41","date_gmt":"2026-04-21T06:57:41","guid":{"rendered":"https:\/\/compuviper.mx\/tienda\/producto\/samsung-lh55qmbtbgcxza-monitor-sealizacion-digital-55-uhd-3840-x-2160-4k-qm55b-t-touch-500nits-8ms-bocinas-3-hdmi-2-usb-rj45-rs232c-h-v-compatible-con-licencia-vxt-24-7\/"},"modified":"2026-04-21T00:57:42","modified_gmt":"2026-04-21T06:57:42","slug":"samsung-lh55qmbtbgcxza-monitor-sealizacion-digital-55-uhd-3840-x-2160-4k-qm55b-t-touch-500nits-8ms-bocinas-3-hdmi-2-usb-rj45-rs232c-h-v-compatible-con-licencia-vxt-24-7","status":"publish","type":"product","link":"https:\/\/compuviper.mx\/tienda\/producto\/samsung-lh55qmbtbgcxza-monitor-sealizacion-digital-55-uhd-3840-x-2160-4k-qm55b-t-touch-500nits-8ms-bocinas-3-hdmi-2-usb-rj45-rs232c-h-v-compatible-con-licencia-vxt-24-7\/","title":{"rendered":"Samsung Lh55qmbtbgcxza Monitor Se?alizacion Digital  55 Uhd 3,840 X 2,160 4k Qm55b-t, Touch, 500nits, 8ms, Bocinas, 3 Hdmi, 2 Usb, Rj45, Rs232c, H\/v, Compatible Con Licencia Vxt, 24\/7"},"content":{"rendered":"<table class=\"descripcion\">\n<tr>\n<td>Panel<\/td>\n<\/tr>\n<tr>\n<td>    tama\u00f1o diagonal<\/td>\n<\/tr>\n<tr>\n<td>    55<\/td>\n<\/tr>\n<tr>\n<td>    tipo<\/td>\n<\/tr>\n<tr>\n<td>    virginia<\/td>\n<\/tr>\n<tr>\n<td>    resoluci\u00f3n<\/td>\n<\/tr>\n<tr>\n<td>    3840&#215;2160 (16:9)<\/td>\n<\/tr>\n<tr>\n<td>    paso de p\u00edxeles (mm)<\/td>\n<\/tr>\n<tr>\n<td>    0,315 \u00d7 0,315<\/td>\n<\/tr>\n<tr>\n<td>    \u00e1rea de visualizaci\u00f3n activa (mm)<\/td>\n<\/tr>\n<tr>\n<td>    1209,6 (alto) x 680,4 (v)<\/td>\n<\/tr>\n<tr>\n<td>    brillo (t\u00edp.)<\/td>\n<\/tr>\n<tr>\n<td>    500 (sin vidrio) nit<\/td>\n<\/tr>\n<tr>\n<td>    relaci\u00f3n de contraste<\/td>\n<\/tr>\n<tr>\n<td>    4000:1<\/td>\n<\/tr>\n<tr>\n<td>    \u00e1ngulo de visi\u00f3n (h\/v)<\/td>\n<\/tr>\n<tr>\n<td>    178\/178<\/td>\n<\/tr>\n<tr>\n<td>    gama de colores<\/td>\n<\/tr>\n<tr>\n<td>    92% (dci-p3, cie 1976)<\/td>\n<\/tr>\n<tr>\n<td>    hora de operaci\u00f3n<\/td>\n<\/tr>\n<tr>\n<td>    24\/7<\/td>\n<\/tr>\n<tr>\n<td>    bruma<\/td>\n<\/tr>\n<tr>\n<td>    25% (sin vidrio)<\/td>\n<\/tr>\n<tr>\n<td>Sonido<\/td>\n<\/tr>\n<tr>\n<td>    tipo de altavoz<\/td>\n<\/tr>\n<tr>\n<td>    10w 2 canales<\/td>\n<\/tr>\n<tr>\n<td>Conectividad<\/td>\n<\/tr>\n<tr>\n<td>Aporte<\/td>\n<\/tr>\n<tr>\n<td>    video<\/td>\n<\/tr>\n<tr>\n<td>    dp 1.2 (1), hdmi 2.0 (3)<\/td>\n<\/tr>\n<tr>\n<td>    hdcp<\/td>\n<\/tr>\n<tr>\n<td>    hdcp2.2<\/td>\n<\/tr>\n<tr>\n<td>    usb<\/td>\n<\/tr>\n<tr>\n<td>    usb 2.0&#215;2<\/td>\n<\/tr>\n<tr>\n<td>Producci\u00f3n<\/td>\n<\/tr>\n<tr>\n<td>    audio<\/td>\n<\/tr>\n<tr>\n<td>    miniconector est\u00e9reo<\/td>\n<\/tr>\n<tr>\n<td>    usb<\/td>\n<\/tr>\n<tr>\n<td>    touch out 2 (pc\/pantalla)<\/td>\n<\/tr>\n<tr>\n<td>    control externo<\/td>\n<\/tr>\n<tr>\n<td>    rs232c (entrada\/salida), rj45<\/td>\n<\/tr>\n<tr>\n<td>    bt\/wi-fi<\/td>\n<\/tr>\n<tr>\n<td>    s\u00ed s\u00ed<\/td>\n<\/tr>\n<tr>\n<td>Fuerza<\/td>\n<\/tr>\n<tr>\n<td>    fuente de alimentaci\u00f3n<\/td>\n<\/tr>\n<tr>\n<td>    ca 100 &#8211; 240 v, 50\/60 hz<\/td>\n<\/tr>\n<tr>\n<td>El consumo de energ\u00eda<\/td>\n<\/tr>\n<tr>\n<td>    m\u00e1x. [an\/h]<\/td>\n<\/tr>\n<tr>\n<td>    143<\/td>\n<\/tr>\n<tr>\n<td>    t\u00edpico [an\/h]<\/td>\n<\/tr>\n<tr>\n<td>    108<\/td>\n<\/tr>\n<tr>\n<td>    modo de sue\u00f1o<\/td>\n<\/tr>\n<tr>\n<td>    menos de 0,5 w<\/td>\n<\/tr>\n<tr>\n<td>Especificaci\u00f3n mec\u00e1nica<\/td>\n<\/tr>\n<tr>\n<td>Dimensi\u00f3n (mm)<\/td>\n<\/tr>\n<tr>\n<td>    colocar<\/td>\n<\/tr>\n<tr>\n<td>    1253,8 x 734,6 x 56,7 mm<\/td>\n<\/tr>\n<tr>\n<td>    paquete<\/td>\n<\/tr>\n<tr>\n<td>    1421 x 884 x 165 mm<\/td>\n<\/tr>\n<tr>\n<td>Peso (kg)<\/td>\n<\/tr>\n<tr>\n<td>    colocar<\/td>\n<\/tr>\n<tr>\n<td>    26,9 kg<\/td>\n<\/tr>\n<tr>\n<td>    paquete<\/td>\n<\/tr>\n<tr>\n<td>    32,5 kg<\/td>\n<\/tr>\n<tr>\n<td>    montaje vesa (mm)<\/td>\n<\/tr>\n<tr>\n<td>    200&#215;200<\/td>\n<\/tr>\n<tr>\n<td>    ancho del bisel (mm)<\/td>\n<\/tr>\n<tr>\n<td>    26,0\/26,0\/21,0\/21,0 (a\/d\/i\/d)<\/td>\n<\/tr>\n<tr>\n<td>Operaci\u00f3n<\/td>\n<\/tr>\n<tr>\n<td>    temperatura de funcionamiento<\/td>\n<\/tr>\n<tr>\n<td>    0  and #8451; ~ 40  and #8451;<\/td>\n<\/tr>\n<tr>\n<td>    humedad<\/td>\n<\/tr>\n<tr>\n<td>    10 % ~ 80 %<\/td>\n<\/tr>\n<tr>\n<td>Caracter\u00edstica<\/td>\n<\/tr>\n<tr>\n<td>    caracter\u00edsticas clave<\/td>\n<\/tr>\n<tr>\n<td>    se\u00f1alizaci\u00f3n uhd con magicinfo s10 integrado, sssp 10.0<\/td>\n<\/tr>\n<tr>\n<td>    orientaci\u00f3n<\/td>\n<\/tr>\n<tr>\n<td>    retrato de paisaje<\/td>\n<\/tr>\n<tr>\n<td>    control remoto<\/td>\n<\/tr>\n<tr>\n<td>    n \/ a<\/td>\n<\/tr>\n<tr>\n<td>    caracter\u00edsticas especiales<\/td>\n<\/tr>\n<tr>\n<td>    h\/w: dise\u00f1o sim\u00e9trico (lo mismo con qxr), ir central, sensor de temperatura, nivel autom\u00e1tico, wi-fi (2,4\/5,0 ghz dual) y bt s\/w: espacio de trabajo (microsoft365\/vmware\/rdp), hogar personalizado, autom\u00e1tico conmutaci\u00f3n y recuperaci\u00f3n de fuente, modo de simulaci\u00f3n dicom, modo director, motor web actualizable, plataforma empresarial tizen, soluci\u00f3n de videoconferencia, [finales de junio~] calibraci\u00f3n inteligente<\/td>\n<\/tr>\n<tr>\n<td>Reproductor interno<\/td>\n<\/tr>\n<tr>\n<td>    procesador<\/td>\n<\/tr>\n<tr>\n<td>    cpu de cuatro n\u00facleos cortex a72 de 1,7 ghz<\/td>\n<\/tr>\n<tr>\n<td>    memoria cach\u00e9 en chip<\/td>\n<\/tr>\n<tr>\n<td>    n \/ a<\/td>\n<\/tr>\n<tr>\n<td>    velocidad de reloj<\/td>\n<\/tr>\n<tr>\n<td>    n \/ a<\/td>\n<\/tr>\n<tr>\n<td>    interfaz de memoria principal<\/td>\n<\/tr>\n<tr>\n<td>    n \/ a<\/td>\n<\/tr>\n<tr>\n<td>    gr\u00e1ficos<\/td>\n<\/tr>\n<tr>\n<td>    n \/ a<\/td>\n<\/tr>\n<tr>\n<td>    almacenamiento (fdm)<\/td>\n<\/tr>\n<tr>\n<td>    16 gb<\/td>\n<\/tr>\n<tr>\n<td>    multimedia<\/td>\n<\/tr>\n<tr>\n<td>    n \/ a<\/td>\n<\/tr>\n<tr>\n<td>    puertos e\/s<\/td>\n<\/tr>\n<tr>\n<td>    n \/ a<\/td>\n<\/tr>\n<tr>\n<td>    sistema operativo<\/td>\n<\/tr>\n<tr>\n<td>    tizen 6.5<\/td>\n<\/tr>\n<tr>\n<td>Certificaci\u00f3n<\/td>\n<\/tr>\n<tr>\n<td>    seguridad<\/td>\n<\/tr>\n<tr>\n<td>    60950-1 \/ 62368-1<\/td>\n<\/tr>\n<tr>\n<td>    cem<\/td>\n<\/tr>\n<tr>\n<td>    clase b<\/td>\n<\/tr>\n<tr>\n<td>    clasificaci\u00f3n del ip<\/td>\n<\/tr>\n<tr>\n<td>    ip5x<\/td>\n<\/tr>\n<tr>\n<td>    seguridad<\/td>\n<\/tr>\n<tr>\n<td>    802.1x (wpa2 empresa): eap-tls, eap-ttls, eap-peap<\/td>\n<\/tr>\n<tr>\n<td>Accesorio<\/td>\n<\/tr>\n<tr>\n<td>    incluido<\/td>\n<\/tr>\n<tr>\n<td>    gu\u00eda de instalaci\u00f3n r\u00e1pida, tarjeta de garant\u00eda, cable de alimentaci\u00f3n, g\u00e9nero rs232c(in), control remoto y bater\u00edas<\/td>\n<\/tr>\n<tr>\n<td>Opcional<\/td>\n<\/tr>\n<tr>\n<td>    pararse<\/td>\n<\/tr>\n<tr>\n<td>    stn-l4355g<\/td>\n<\/tr>\n<tr>\n<td>    montar<\/td>\n<\/tr>\n<tr>\n<td>    wmn4070sg (solo tierra) wmn750me<\/td>\n<\/tr>\n<tr>\n<td>    especialidad<\/td>\n<\/tr>\n<tr>\n<td>    cml400xr<\/td>\n<\/tr>\n<tr>\n<td>Reproductor multimedia<\/td>\n<\/tr>\n<tr>\n<td>Reproductor multimedia<\/td>\n<\/tr>\n<tr>\n<td>    reproductor multimedia<\/td>\n<\/tr>\n<tr>\n<td>    n \/ a<\/td>\n<\/tr>\n<\/table>\n","protected":false},"excerpt":{"rendered":"<p>Panel tama\u00f1o diagonal 55 tipo virginia resoluci\u00f3n 3840&#215;2160 (16:9) paso de p\u00edxeles (mm) 0,315 \u00d7 0,315 \u00e1rea de visualizaci\u00f3n activa (mm) 1209,6 (alto) x 680,4 (v) brillo (t\u00edp.) 500 (sin vidrio) nit relaci\u00f3n de contraste 4000:1 \u00e1ngulo de visi\u00f3n (h\/v) 178\/178 gama de colores 92% (dci-p3, cie 1976) hora de operaci\u00f3n 24\/7 bruma 25% (sin [&hellip;]<\/p>\n","protected":false},"featured_media":0,"comment_status":"open","ping_status":"open","template":"","meta":[],"product_cat":[1740,1742],"product_tag":[1743],"acf":[],"yoast_head":"<!-- This site is optimized with the Yoast SEO plugin v21.7 - https:\/\/yoast.com\/wordpress\/plugins\/seo\/ -->\n<title>[ Samsung ] &#129351; Lh55qmbtbgcxza Monitor Se\u00f1alizacion Digital 55 Uhd 3,840 X 2,160 4k Qm55b-t, Touch, 500nits, 8ms, Bocinas, 3 Hdmi, 2 Usb, Rj45, Rs232c, H\/v, Compatible Con Licencia Vxt, 24\/7<\/title>\n<meta name=\"description\" content=\"Compra Lh55qmbtbgcxza Monitor Se\u00f1alizacion Digital 55 Uhd 3,840 X 2,160 4k Qm55b-t, Touch, 500nits, 8ms, Bocinas, 3 Hdmi, 2 Usb, Rj45, Rs232c, H\/v, Compatible Con Licencia Vxt, 24\/7 + Env\u00edo a domicilio + Pago seguro + Garant\u00eda\" \/>\n<meta name=\"robots\" content=\"index, follow, max-snippet:-1, max-image-preview:large, max-video-preview:-1\" \/>\n<link rel=\"canonical\" href=\"https:\/\/compuviper.mx\/tienda\/producto\/samsung-lh55qmbtbgcxza-monitor-sealizacion-digital-55-uhd-3840-x-2160-4k-qm55b-t-touch-500nits-8ms-bocinas-3-hdmi-2-usb-rj45-rs232c-h-v-compatible-con-licencia-vxt-24-7\/\" \/>\n<meta property=\"og:locale\" content=\"es_MX\" \/>\n<meta property=\"og:type\" content=\"article\" \/>\n<meta property=\"og:title\" content=\"[ Samsung ] &#129351; Lh55qmbtbgcxza Monitor Se\u00f1alizacion Digital 55 Uhd 3,840 X 2,160 4k Qm55b-t, Touch, 500nits, 8ms, Bocinas, 3 Hdmi, 2 Usb, Rj45, Rs232c, H\/v, Compatible Con Licencia Vxt, 24\/7\" \/>\n<meta property=\"og:description\" content=\"Compra Lh55qmbtbgcxza Monitor Se\u00f1alizacion Digital 55 Uhd 3,840 X 2,160 4k Qm55b-t, Touch, 500nits, 8ms, Bocinas, 3 Hdmi, 2 Usb, Rj45, Rs232c, H\/v, Compatible Con Licencia Vxt, 24\/7 + Env\u00edo a domicilio + Pago seguro + Garant\u00eda\" \/>\n<meta property=\"og:url\" content=\"https:\/\/compuviper.mx\/tienda\/producto\/samsung-lh55qmbtbgcxza-monitor-sealizacion-digital-55-uhd-3840-x-2160-4k-qm55b-t-touch-500nits-8ms-bocinas-3-hdmi-2-usb-rj45-rs232c-h-v-compatible-con-licencia-vxt-24-7\/\" \/>\n<meta property=\"og:site_name\" content=\"Compuviper\" \/>\n<meta property=\"article:publisher\" content=\"https:\/\/www.facebook.com\/compuviper\" \/>\n<meta property=\"article:modified_time\" content=\"2026-04-21T06:57:42+00:00\" \/>\n<meta name=\"twitter:card\" content=\"summary_large_image\" \/>\n<meta name=\"twitter:label1\" content=\"Precio\" \/>\n\t<meta name=\"twitter:data1\" content=\"&#36;33,380 con IVA\" \/>\n\t<meta name=\"twitter:label2\" content=\"Availability\" \/>\n\t<meta name=\"twitter:data2\" content=\"On backorder\" \/>\n<script type=\"application\/ld+json\" class=\"yoast-schema-graph\">{\"@context\":\"https:\/\/schema.org\",\"@graph\":[{\"@type\":\"WebPage\",\"@id\":\"https:\/\/compuviper.mx\/tienda\/producto\/samsung-lh55qmbtbgcxza-monitor-sealizacion-digital-55-uhd-3840-x-2160-4k-qm55b-t-touch-500nits-8ms-bocinas-3-hdmi-2-usb-rj45-rs232c-h-v-compatible-con-licencia-vxt-24-7\/\",\"url\":\"https:\/\/compuviper.mx\/tienda\/producto\/samsung-lh55qmbtbgcxza-monitor-sealizacion-digital-55-uhd-3840-x-2160-4k-qm55b-t-touch-500nits-8ms-bocinas-3-hdmi-2-usb-rj45-rs232c-h-v-compatible-con-licencia-vxt-24-7\/\",\"name\":\"[ Samsung ] &#129351; Lh55qmbtbgcxza Monitor Se\u00f1alizacion Digital 55 Uhd 3,840 X 2,160 4k Qm55b-t, Touch, 500nits, 8ms, Bocinas, 3 Hdmi, 2 Usb, Rj45, Rs232c, H\/v, Compatible Con Licencia Vxt, 24\/7\",\"isPartOf\":{\"@id\":\"https:\/\/compuviper.mx\/tienda\/#website\"},\"datePublished\":\"2026-04-21T06:57:41+00:00\",\"dateModified\":\"2026-04-21T06:57:42+00:00\",\"description\":\"Compra Lh55qmbtbgcxza Monitor Se\u00f1alizacion Digital 55 Uhd 3,840 X 2,160 4k Qm55b-t, Touch, 500nits, 8ms, Bocinas, 3 Hdmi, 2 Usb, Rj45, Rs232c, H\/v, Compatible Con Licencia Vxt, 24\/7 + Env\u00edo a domicilio + Pago seguro + Garant\u00eda\",\"breadcrumb\":{\"@id\":\"https:\/\/compuviper.mx\/tienda\/producto\/samsung-lh55qmbtbgcxza-monitor-sealizacion-digital-55-uhd-3840-x-2160-4k-qm55b-t-touch-500nits-8ms-bocinas-3-hdmi-2-usb-rj45-rs232c-h-v-compatible-con-licencia-vxt-24-7\/#breadcrumb\"},\"inLanguage\":\"es-MX\",\"potentialAction\":[{\"@type\":\"ReadAction\",\"target\":[\"https:\/\/compuviper.mx\/tienda\/producto\/samsung-lh55qmbtbgcxza-monitor-sealizacion-digital-55-uhd-3840-x-2160-4k-qm55b-t-touch-500nits-8ms-bocinas-3-hdmi-2-usb-rj45-rs232c-h-v-compatible-con-licencia-vxt-24-7\/\"]}]},{\"@type\":\"BreadcrumbList\",\"@id\":\"https:\/\/compuviper.mx\/tienda\/producto\/samsung-lh55qmbtbgcxza-monitor-sealizacion-digital-55-uhd-3840-x-2160-4k-qm55b-t-touch-500nits-8ms-bocinas-3-hdmi-2-usb-rj45-rs232c-h-v-compatible-con-licencia-vxt-24-7\/#breadcrumb\",\"itemListElement\":[{\"@type\":\"ListItem\",\"position\":1,\"name\":\"Inicio\",\"item\":\"https:\/\/compuviper.mx\/tienda\/\"},{\"@type\":\"ListItem\",\"position\":2,\"name\":\"Productos\",\"item\":\"https:\/\/compuviper.mx\/tienda\/productos\/\"},{\"@type\":\"ListItem\",\"position\":3,\"name\":\"Samsung Lh55qmbtbgcxza Monitor Se?alizacion Digital 55 Uhd 3,840 X 2,160 4k Qm55b-t, Touch, 500nits, 8ms, Bocinas, 3 Hdmi, 2 Usb, Rj45, Rs232c, H\/v, Compatible Con Licencia Vxt, 24\/7\"}]},{\"@type\":\"WebSite\",\"@id\":\"https:\/\/compuviper.mx\/tienda\/#website\",\"url\":\"https:\/\/compuviper.mx\/tienda\/\",\"name\":\"Compuviper\",\"description\":\"Proveedor de Computadoras, Laptops, Servidores, Monitores, Puntos de Venta, Teclados,   Impresoras, T\u00f3ner, C\u00e1maras de Seguridad y m\u00e1s en tu tienda en l\u00ednea\",\"publisher\":{\"@id\":\"https:\/\/compuviper.mx\/tienda\/#organization\"},\"potentialAction\":[{\"@type\":\"SearchAction\",\"target\":{\"@type\":\"EntryPoint\",\"urlTemplate\":\"https:\/\/compuviper.mx\/tienda\/?s={search_term_string}\"},\"query-input\":\"required name=search_term_string\"}],\"inLanguage\":\"es-MX\"},{\"@type\":\"Organization\",\"@id\":\"https:\/\/compuviper.mx\/tienda\/#organization\",\"name\":\"Compuviper\",\"url\":\"https:\/\/compuviper.mx\/tienda\/\",\"logo\":{\"@type\":\"ImageObject\",\"inLanguage\":\"es-MX\",\"@id\":\"https:\/\/compuviper.mx\/tienda\/#\/schema\/logo\/image\/\",\"url\":\"https:\/\/compuviper.mx\/tienda\/wp-content\/uploads\/2021\/08\/Logo-Compuviper-10.png\",\"contentUrl\":\"https:\/\/compuviper.mx\/tienda\/wp-content\/uploads\/2021\/08\/Logo-Compuviper-10.png\",\"width\":1000,\"height\":500,\"caption\":\"Compuviper\"},\"image\":{\"@id\":\"https:\/\/compuviper.mx\/tienda\/#\/schema\/logo\/image\/\"},\"sameAs\":[\"https:\/\/www.facebook.com\/compuviper\",\"https:\/\/www.youtube.com\/channel\/UCf73dERp9Y3cfOq7q8BhLjA?view_as=subscriber\"]}]}<\/script>\n<meta property=\"product:brand\" content=\"SAMSUNG\" \/>\n<meta property=\"product:price:amount\" content=\"33380\" \/>\n<meta property=\"product:price:currency\" content=\"MXN\" \/>\n<meta property=\"og:availability\" content=\"backorder\" \/>\n<meta property=\"product:availability\" content=\"available for order\" \/>\n<meta property=\"product:retailer_item_id\" content=\"LH55QMBTBGCXZA\" \/>\n<meta property=\"product:condition\" content=\"new\" \/>\n<!-- \/ Yoast SEO plugin. -->","yoast_head_json":{"title":"[ Samsung ] &#129351; Lh55qmbtbgcxza Monitor Se\u00f1alizacion Digital 55 Uhd 3,840 X 2,160 4k Qm55b-t, Touch, 500nits, 8ms, Bocinas, 3 Hdmi, 2 Usb, Rj45, Rs232c, H\/v, Compatible Con Licencia Vxt, 24\/7","description":"Compra Lh55qmbtbgcxza Monitor Se\u00f1alizacion Digital 55 Uhd 3,840 X 2,160 4k Qm55b-t, Touch, 500nits, 8ms, Bocinas, 3 Hdmi, 2 Usb, Rj45, Rs232c, H\/v, Compatible Con Licencia Vxt, 24\/7 + Env\u00edo a domicilio + Pago seguro + Garant\u00eda","robots":{"index":"index","follow":"follow","max-snippet":"max-snippet:-1","max-image-preview":"max-image-preview:large","max-video-preview":"max-video-preview:-1"},"canonical":"https:\/\/compuviper.mx\/tienda\/producto\/samsung-lh55qmbtbgcxza-monitor-sealizacion-digital-55-uhd-3840-x-2160-4k-qm55b-t-touch-500nits-8ms-bocinas-3-hdmi-2-usb-rj45-rs232c-h-v-compatible-con-licencia-vxt-24-7\/","og_locale":"es_MX","og_type":"article","og_title":"[ Samsung ] &#129351; Lh55qmbtbgcxza Monitor Se\u00f1alizacion Digital 55 Uhd 3,840 X 2,160 4k Qm55b-t, Touch, 500nits, 8ms, Bocinas, 3 Hdmi, 2 Usb, Rj45, Rs232c, H\/v, Compatible Con Licencia Vxt, 24\/7","og_description":"Compra Lh55qmbtbgcxza Monitor Se\u00f1alizacion Digital 55 Uhd 3,840 X 2,160 4k Qm55b-t, Touch, 500nits, 8ms, Bocinas, 3 Hdmi, 2 Usb, Rj45, Rs232c, H\/v, Compatible Con Licencia Vxt, 24\/7 + Env\u00edo a domicilio + Pago seguro + Garant\u00eda","og_url":"https:\/\/compuviper.mx\/tienda\/producto\/samsung-lh55qmbtbgcxza-monitor-sealizacion-digital-55-uhd-3840-x-2160-4k-qm55b-t-touch-500nits-8ms-bocinas-3-hdmi-2-usb-rj45-rs232c-h-v-compatible-con-licencia-vxt-24-7\/","og_site_name":"Compuviper","article_publisher":"https:\/\/www.facebook.com\/compuviper","article_modified_time":"2026-04-21T06:57:42+00:00","twitter_card":"summary_large_image","twitter_misc":{"Precio":"&#36;33,380 con IVA","Availability":"On backorder"},"schema":{"@context":"https:\/\/schema.org","@graph":[{"@type":"WebPage","@id":"https:\/\/compuviper.mx\/tienda\/producto\/samsung-lh55qmbtbgcxza-monitor-sealizacion-digital-55-uhd-3840-x-2160-4k-qm55b-t-touch-500nits-8ms-bocinas-3-hdmi-2-usb-rj45-rs232c-h-v-compatible-con-licencia-vxt-24-7\/","url":"https:\/\/compuviper.mx\/tienda\/producto\/samsung-lh55qmbtbgcxza-monitor-sealizacion-digital-55-uhd-3840-x-2160-4k-qm55b-t-touch-500nits-8ms-bocinas-3-hdmi-2-usb-rj45-rs232c-h-v-compatible-con-licencia-vxt-24-7\/","name":"[ Samsung ] &#129351; Lh55qmbtbgcxza Monitor Se\u00f1alizacion Digital 55 Uhd 3,840 X 2,160 4k Qm55b-t, Touch, 500nits, 8ms, Bocinas, 3 Hdmi, 2 Usb, Rj45, Rs232c, H\/v, Compatible Con Licencia Vxt, 24\/7","isPartOf":{"@id":"https:\/\/compuviper.mx\/tienda\/#website"},"datePublished":"2026-04-21T06:57:41+00:00","dateModified":"2026-04-21T06:57:42+00:00","description":"Compra Lh55qmbtbgcxza Monitor Se\u00f1alizacion Digital 55 Uhd 3,840 X 2,160 4k Qm55b-t, Touch, 500nits, 8ms, Bocinas, 3 Hdmi, 2 Usb, Rj45, Rs232c, H\/v, Compatible Con Licencia Vxt, 24\/7 + Env\u00edo a domicilio + Pago seguro + Garant\u00eda","breadcrumb":{"@id":"https:\/\/compuviper.mx\/tienda\/producto\/samsung-lh55qmbtbgcxza-monitor-sealizacion-digital-55-uhd-3840-x-2160-4k-qm55b-t-touch-500nits-8ms-bocinas-3-hdmi-2-usb-rj45-rs232c-h-v-compatible-con-licencia-vxt-24-7\/#breadcrumb"},"inLanguage":"es-MX","potentialAction":[{"@type":"ReadAction","target":["https:\/\/compuviper.mx\/tienda\/producto\/samsung-lh55qmbtbgcxza-monitor-sealizacion-digital-55-uhd-3840-x-2160-4k-qm55b-t-touch-500nits-8ms-bocinas-3-hdmi-2-usb-rj45-rs232c-h-v-compatible-con-licencia-vxt-24-7\/"]}]},{"@type":"BreadcrumbList","@id":"https:\/\/compuviper.mx\/tienda\/producto\/samsung-lh55qmbtbgcxza-monitor-sealizacion-digital-55-uhd-3840-x-2160-4k-qm55b-t-touch-500nits-8ms-bocinas-3-hdmi-2-usb-rj45-rs232c-h-v-compatible-con-licencia-vxt-24-7\/#breadcrumb","itemListElement":[{"@type":"ListItem","position":1,"name":"Inicio","item":"https:\/\/compuviper.mx\/tienda\/"},{"@type":"ListItem","position":2,"name":"Productos","item":"https:\/\/compuviper.mx\/tienda\/productos\/"},{"@type":"ListItem","position":3,"name":"Samsung Lh55qmbtbgcxza Monitor Se?alizacion Digital 55 Uhd 3,840 X 2,160 4k Qm55b-t, Touch, 500nits, 8ms, Bocinas, 3 Hdmi, 2 Usb, Rj45, Rs232c, H\/v, Compatible Con Licencia Vxt, 24\/7"}]},{"@type":"WebSite","@id":"https:\/\/compuviper.mx\/tienda\/#website","url":"https:\/\/compuviper.mx\/tienda\/","name":"Compuviper","description":"Proveedor de Computadoras, Laptops, Servidores, Monitores, Puntos de Venta, Teclados,   Impresoras, T\u00f3ner, C\u00e1maras de Seguridad y m\u00e1s en tu tienda en l\u00ednea","publisher":{"@id":"https:\/\/compuviper.mx\/tienda\/#organization"},"potentialAction":[{"@type":"SearchAction","target":{"@type":"EntryPoint","urlTemplate":"https:\/\/compuviper.mx\/tienda\/?s={search_term_string}"},"query-input":"required name=search_term_string"}],"inLanguage":"es-MX"},{"@type":"Organization","@id":"https:\/\/compuviper.mx\/tienda\/#organization","name":"Compuviper","url":"https:\/\/compuviper.mx\/tienda\/","logo":{"@type":"ImageObject","inLanguage":"es-MX","@id":"https:\/\/compuviper.mx\/tienda\/#\/schema\/logo\/image\/","url":"https:\/\/compuviper.mx\/tienda\/wp-content\/uploads\/2021\/08\/Logo-Compuviper-10.png","contentUrl":"https:\/\/compuviper.mx\/tienda\/wp-content\/uploads\/2021\/08\/Logo-Compuviper-10.png","width":1000,"height":500,"caption":"Compuviper"},"image":{"@id":"https:\/\/compuviper.mx\/tienda\/#\/schema\/logo\/image\/"},"sameAs":["https:\/\/www.facebook.com\/compuviper","https:\/\/www.youtube.com\/channel\/UCf73dERp9Y3cfOq7q8BhLjA?view_as=subscriber"]}]},"product_brand":"SAMSUNG","product_price_amount":"33380","product_price_currency":"MXN","og_availability":"backorder","product_availability":"available for order","product_retailer_item_id":"LH55QMBTBGCXZA","product_condition":"new"},"_links":{"self":[{"href":"https:\/\/compuviper.mx\/tienda\/wp-json\/wp\/v2\/product\/268912"}],"collection":[{"href":"https:\/\/compuviper.mx\/tienda\/wp-json\/wp\/v2\/product"}],"about":[{"href":"https:\/\/compuviper.mx\/tienda\/wp-json\/wp\/v2\/types\/product"}],"replies":[{"embeddable":true,"href":"https:\/\/compuviper.mx\/tienda\/wp-json\/wp\/v2\/comments?post=268912"}],"wp:attachment":[{"href":"https:\/\/compuviper.mx\/tienda\/wp-json\/wp\/v2\/media?parent=268912"}],"wp:term":[{"taxonomy":"product_cat","embeddable":true,"href":"https:\/\/compuviper.mx\/tienda\/wp-json\/wp\/v2\/product_cat?post=268912"},{"taxonomy":"product_tag","embeddable":true,"href":"https:\/\/compuviper.mx\/tienda\/wp-json\/wp\/v2\/product_tag?post=268912"}],"curies":[{"name":"wp","href":"https:\/\/api.w.org\/{rel}","templated":true}]}}