{"id":268869,"date":"2026-04-25T02:17:59","date_gmt":"2026-04-25T08:17:59","guid":{"rendered":"https:\/\/compuviper.mx\/tienda\/producto\/lg-pu615u-proyector-cinebeam-s-mini-ust-4k-uhd-tiro-ultra-corto500-ansi-lumen3840x21604500001pant-40-100-pu20000-horasvidaaudio-4wx2web-oshdmiusb-cairplay2screen-share\/"},"modified":"2026-04-25T02:17:59","modified_gmt":"2026-04-25T08:17:59","slug":"lg-pu615u-proyector-cinebeam-s-mini-ust-4k-uhd-tiro-ultra-corto500-ansi-lumen3840x21604500001pant-40-100-pu20000-horasvidaaudio-4wx2web-oshdmiusb-cairplay2screen-share","status":"publish","type":"product","link":"https:\/\/compuviper.mx\/tienda\/producto\/lg-pu615u-proyector-cinebeam-s-mini-ust-4k-uhd-tiro-ultra-corto500-ansi-lumen3840x21604500001pant-40-100-pu20000-horasvidaaudio-4wx2web-oshdmiusb-cairplay2screen-share\/","title":{"rendered":"Lg Pu615u Proyector  Cinebeam-s Mini Ust  4k Uhd Tiro Ultra Corto,500 Ansi Lumen,3840&#215;2160,450000:1,pant 40-100 Pu,20000 Horasvida,audio 4wx2,web Os,hdmi,usb-c,airplay2,screen Share"},"content":{"rendered":"<table class=\"descripcion\">\n<tr>\n<td>Especificaciones lg pu615u<\/td>\n<\/tr>\n<tr>\n<td>Sistema de proyecci\u00f3n<\/td>\n<\/tr>\n<tr>\n<td>Sistema de proyecci\u00f3n<\/td>\n<\/tr>\n<tr>\n<td>Dlp<\/td>\n<\/tr>\n<tr>\n<td>Resoluci\u00f3n nativa<\/td>\n<\/tr>\n<tr>\n<td>Resoluci\u00f3n nativa<\/td>\n<\/tr>\n<tr>\n<td>4k uhd (3840 x 2160)<\/td>\n<\/tr>\n<tr>\n<td>Relaci\u00f3n de contraste<\/td>\n<\/tr>\n<tr>\n<td>Relaci\u00f3n de contraste<\/td>\n<\/tr>\n<tr>\n<td>450,000:1<\/td>\n<\/tr>\n<tr>\n<td>Lente de proyecci\u00f3n<\/td>\n<\/tr>\n<tr>\n<td>Enfoque (auto \/ manual)<\/td>\n<\/tr>\n<tr>\n<td>Motorized, auto<\/td>\n<\/tr>\n<tr>\n<td>Zoom<\/td>\n<\/tr>\n<tr>\n<td>Fixed<\/td>\n<\/tr>\n<tr>\n<td>Imagen de proyecci\u00f3n<\/td>\n<\/tr>\n<tr>\n<td>Tama\u00f1o de pantalla<\/td>\n<\/tr>\n<tr>\n<td>40 ~ 100<\/td>\n<\/tr>\n<tr>\n<td>Est\u00e1ndar (lente a pared)<\/td>\n<\/tr>\n<tr>\n<td>100@0.55m<\/td>\n<\/tr>\n<tr>\n<td>Fuente de luz<\/td>\n<\/tr>\n<tr>\n<td>Tipo<\/td>\n<\/tr>\n<tr>\n<td>3ch laser (r, g, b)<\/td>\n<\/tr>\n<tr>\n<td>Horas de vida<\/td>\n<\/tr>\n<tr>\n<td>20,000 hrs<\/td>\n<\/tr>\n<tr>\n<td>Sonido<\/td>\n<\/tr>\n<tr>\n<td>Salida<\/td>\n<\/tr>\n<tr>\n<td>4wx2<\/td>\n<\/tr>\n<tr>\n<td>Voz clara<\/td>\n<\/tr>\n<tr>\n<td>Si (clear voice lll)<\/td>\n<\/tr>\n<tr>\n<td>Compatible con dolby atmos<\/td>\n<\/tr>\n<tr>\n<td>Si (support  and  pass through)<\/td>\n<\/tr>\n<tr>\n<td>Tama\u00f1o<\/td>\n<\/tr>\n<tr>\n<td>Tama\u00f1o neto (mm) (an x pr x al)<\/td>\n<\/tr>\n<tr>\n<td>110 x 160 x 160<\/td>\n<\/tr>\n<tr>\n<td>Peso<\/td>\n<\/tr>\n<tr>\n<td>Peso neto (kg o g)<\/td>\n<\/tr>\n<tr>\n<td>1.9kg<\/td>\n<\/tr>\n<tr>\n<td>Temperatura<\/td>\n<\/tr>\n<tr>\n<td>Operaci\u00f3n temperatura<\/td>\n<\/tr>\n<tr>\n<td>0 ~ 40 and #8451;<\/td>\n<\/tr>\n<tr>\n<td>Uniformidad<\/td>\n<\/tr>\n<tr>\n<td>Uniformidad (jbmma 9 puntos)<\/td>\n<\/tr>\n<tr>\n<td>80% and #8593;<\/td>\n<\/tr>\n<tr>\n<td>Compatibilidad con se\u00f1ales de entrada<\/td>\n<\/tr>\n<tr>\n<td>Digital (hdmi)<\/td>\n<\/tr>\n<tr>\n<td>Up to 4k (4096&#215;2160) (60hz, 50hz, 24hz)<\/td>\n<\/tr>\n<tr>\n<td>Terminales de entrada\/salida<\/td>\n<\/tr>\n<tr>\n<td>Hdmi<\/td>\n<\/tr>\n<tr>\n<td>1<\/td>\n<\/tr>\n<tr>\n<td>Funciones<\/td>\n<\/tr>\n<tr>\n<td>Plataforma (os, ui)<\/td>\n<\/tr>\n<tr>\n<td>Webos24 (smart)<\/td>\n<\/tr>\n<tr>\n<td>Home dashboard (entrada, iot con dispositivo ofc)<\/td>\n<\/tr>\n<tr>\n<td>Yes (ocf\/uei iot not supported)<\/td>\n<\/tr>\n<tr>\n<td>Imagen de fondo<\/td>\n<\/tr>\n<tr>\n<td>Si<\/td>\n<\/tr>\n<tr>\n<td>Cp premium<\/td>\n<\/tr>\n<tr>\n<td>Si<\/td>\n<\/tr>\n<tr>\n<td>Tienda de contenidos \/ lg smart world (app store)<\/td>\n<\/tr>\n<tr>\n<td>Si<\/td>\n<\/tr>\n<tr>\n<td>Sugerencia de contenidos<\/td>\n<\/tr>\n<tr>\n<td>Si<\/td>\n<\/tr>\n<tr>\n<td>Navegador de internet<\/td>\n<\/tr>\n<tr>\n<td>Si<\/td>\n<\/tr>\n<tr>\n<td>Screen share (mirroring inal\u00e1mbrico con dispositivo compatible con miracast)<\/td>\n<\/tr>\n<tr>\n<td>Si (up to 4k\/30hz)<\/td>\n<\/tr>\n<tr>\n<td>Airplay 2 (ios\/mac video casting, mirroring, audio streaming)<\/td>\n<\/tr>\n<tr>\n<td>Yes (up to 4k\/30hz)<\/td>\n<\/tr>\n<tr>\n<td>Salida de sonido bluetooth<\/td>\n<\/tr>\n<tr>\n<td>Si<\/td>\n<\/tr>\n<tr>\n<td>Lg sound sync(con barra de sonido)<\/td>\n<\/tr>\n<tr>\n<td>Si<\/td>\n<\/tr>\n<tr>\n<td>Hdmi arc(canal de retorno de audio)<\/td>\n<\/tr>\n<tr>\n<td>Si (earc)<\/td>\n<\/tr>\n<tr>\n<td>Hdmi simplink(cec)<\/td>\n<\/tr>\n<tr>\n<td>Si<\/td>\n<\/tr>\n<tr>\n<td>Hdcp<\/td>\n<\/tr>\n<tr>\n<td>Hdcp2.2<\/td>\n<\/tr>\n<tr>\n<td>Plug  and  play (detecci\u00f3n autom\u00e1tica de fuente rgb\/dvi\/hdmi)<\/td>\n<\/tr>\n<tr>\n<td>Si<\/td>\n<\/tr>\n<tr>\n<td>Usb host (pel\u00edcula, m\u00fasica, foto)<\/td>\n<\/tr>\n<tr>\n<td>Si<\/td>\n<\/tr>\n<tr>\n<td>Gu\u00eda de configuraci\u00f3n<\/td>\n<\/tr>\n<tr>\n<td>Si<\/td>\n<\/tr>\n<tr>\n<td>Eco function &#8211; modo de ahorro de energ\u00eda<\/td>\n<\/tr>\n<tr>\n<td>Si<\/td>\n<\/tr>\n<tr>\n<td>Eco function &#8211; temporizador de apagado<\/td>\n<\/tr>\n<tr>\n<td>Si<\/td>\n<\/tr>\n<tr>\n<td>Funci\u00f3n eco &#8211; apagado autom\u00e1tico \/ reposo autom\u00e1tico<\/td>\n<\/tr>\n<tr>\n<td>Si<\/td>\n<\/tr>\n<tr>\n<td>Eco function &#8211; hora de encendido\/apagado<\/td>\n<\/tr>\n<tr>\n<td>Si<\/td>\n<\/tr>\n<tr>\n<td>Funci\u00f3n eco &#8211; modo de espera autom\u00e1tico \/ apagado autom\u00e1tico<\/td>\n<\/tr>\n<tr>\n<td>Si<\/td>\n<\/tr>\n<tr>\n<td>Procesador<\/td>\n<\/tr>\n<tr>\n<td>Quad core<\/td>\n<\/tr>\n<tr>\n<td>Hdr<\/td>\n<\/tr>\n<tr>\n<td>Hdr10, hlg<\/td>\n<\/tr>\n<tr>\n<td>Mapeo de tonos hdr<\/td>\n<\/tr>\n<tr>\n<td>Yes (auto, dynamic\/frame by frame)<\/td>\n<\/tr>\n<tr>\n<td>Trumotion<\/td>\n<\/tr>\n<tr>\n<td>Si<\/td>\n<\/tr>\n<tr>\n<td>Escalador<\/td>\n<\/tr>\n<tr>\n<td>Si<\/td>\n<\/tr>\n<tr>\n<td>Super resoluci\u00f3n (control experto)<\/td>\n<\/tr>\n<tr>\n<td>Si<\/td>\n<\/tr>\n<tr>\n<td>Correcci\u00f3n trapezoidal digital<\/td>\n<\/tr>\n<tr>\n<td>Edge adjustment (4\/9\/15 point warping)<\/td>\n<\/tr>\n<tr>\n<td>Auto keystone<\/td>\n<\/tr>\n<tr>\n<td>Yes (auto screen adjustment)<\/td>\n<\/tr>\n<tr>\n<td>Imagen flip<\/td>\n<\/tr>\n<tr>\n<td>Yes (horizontal\/vertical)<\/td>\n<\/tr>\n<tr>\n<td>Gradaci\u00f3n suave<\/td>\n<\/tr>\n<tr>\n<td>Si<\/td>\n<\/tr>\n<tr>\n<td>Control de nivel de negro<\/td>\n<\/tr>\n<tr>\n<td>Si<\/td>\n<\/tr>\n<tr>\n<td>Reducci\u00f3n de ruido<\/td>\n<\/tr>\n<tr>\n<td>Si<\/td>\n<\/tr>\n<tr>\n<td>Ajuste de la temperatura del color<\/td>\n<\/tr>\n<tr>\n<td>Si<\/td>\n<\/tr>\n<tr>\n<td>Contraste din\u00e1mico (control experto)<\/td>\n<\/tr>\n<tr>\n<td>Si<\/td>\n<\/tr>\n<tr>\n<td>Dynamic color (control experto)<\/td>\n<\/tr>\n<tr>\n<td>Si<\/td>\n<\/tr>\n<tr>\n<td>Sistema de gesti\u00f3n del color (control experto)<\/td>\n<\/tr>\n<tr>\n<td>Si<\/td>\n<\/tr>\n<tr>\n<td>Ajuste de la gama de colores (control experto)<\/td>\n<\/tr>\n<tr>\n<td>Si<\/td>\n<\/tr>\n<tr>\n<td>Correcci\u00f3n gamma (control experto)<\/td>\n<\/tr>\n<tr>\n<td>Si<\/td>\n<\/tr>\n<tr>\n<td>Ajuste del balance de blancos (control experto)<\/td>\n<\/tr>\n<tr>\n<td>Si<\/td>\n<\/tr>\n<tr>\n<td>Encendido\/apagado r\u00e1pido (instant\u00e1neo)<\/td>\n<\/tr>\n<tr>\n<td>Si (on 12 sec  and #8595; \/ off 2 sec)<\/td>\n<\/tr>\n<tr>\n<td>Autodiagn\u00f3stico<\/td>\n<\/tr>\n<tr>\n<td>Si<\/td>\n<\/tr>\n<tr>\n<td>Dise\u00f1o<\/td>\n<\/tr>\n<tr>\n<td>Cabinet color<\/td>\n<\/tr>\n<tr>\n<td>Arriba\/abajo_plateado , izquierda\/derecha_negro<\/td>\n<\/tr>\n<tr>\n<td>Tecla local<\/td>\n<\/tr>\n<tr>\n<td>Una tecla<\/td>\n<\/tr>\n<tr>\n<td>Bloqueo kensington<\/td>\n<\/tr>\n<tr>\n<td>Si<\/td>\n<\/tr>\n<tr>\n<td>Soporte de pie<\/td>\n<\/tr>\n<tr>\n<td>Si<\/td>\n<\/tr>\n<tr>\n<td>Accesorio<\/td>\n<\/tr>\n<tr>\n<td>Manual (libro completo o simple)<\/td>\n<\/tr>\n<tr>\n<td>Libro simple<\/td>\n<\/tr>\n<tr>\n<td>Gu\u00eda r\u00e1pida del usuario (quick set-up guide)<\/td>\n<\/tr>\n<tr>\n<td>Si<\/td>\n<\/tr>\n<tr>\n<td>Tarjeta de garant\u00eda<\/td>\n<\/tr>\n<tr>\n<td>Depende de la regi\u00f3n<\/td>\n<\/tr>\n<tr>\n<td>Mando a distancia &#8211; normal<\/td>\n<\/tr>\n<tr>\n<td>Si<\/td>\n<\/tr>\n<tr>\n<td>Conformidad(reglamento)<\/td>\n<\/tr>\n<tr>\n<td>Kcc, kc, fcc, etl, ce\/cb, pse<\/td>\n<\/tr>\n<tr>\n<td>Ruido<\/td>\n<\/tr>\n<tr>\n<td>Ahorro energ\u00eda m\u00edn.<\/td>\n<\/tr>\n<tr>\n<td>29 db(a) and #8595;<\/td>\n<\/tr>\n<tr>\n<td>Ahorro energ\u00eda med.<\/td>\n<\/tr>\n<tr>\n<td>27 db(a) and #8595;<\/td>\n<\/tr>\n<tr>\n<td>Ahorro de energ\u00eda m\u00e1x. (eco)<\/td>\n<\/tr>\n<tr>\n<td>25 db(a) and #8595;<\/td>\n<\/tr>\n<tr>\n<td>Relaci\u00f3n de aspecto<\/td>\n<\/tr>\n<tr>\n<td>Control de relaci\u00f3n de aspecto<\/td>\n<\/tr>\n<tr>\n<td>16:9\/original\/full wide\/4:3\/vertical zoom<\/td>\n<\/tr>\n<tr>\n<td>Power<\/td>\n<\/tr>\n<tr>\n<td>Consumo de energ\u00eda (m\u00e1x.)<\/td>\n<\/tr>\n<tr>\n<td>73w<\/td>\n<\/tr>\n<tr>\n<td>Potencia en espera<\/td>\n<\/tr>\n<tr>\n<td> 0.5w<\/td>\n<\/tr>\n<tr>\n<td>Fuente de alimentaci\u00f3n<\/td>\n<\/tr>\n<tr>\n<td>Adapter 65w(type-c)<\/td>\n<\/tr>\n<\/table>\n","protected":false},"excerpt":{"rendered":"<p>Lg cinebeam s | mini ust (tiro ultra corto) proyector 4k con dolby atmos. Pu615u. Caracter\u00edsticas clave. Tiro ultra corto. Resoluci\u00f3n 4k uhd. Dci-p3 154% (total), l\u00e1ser rgb de 3 canales. 450.000:1 relaci\u00f3n de contraste. M\u00e1x. Pantalla de 100 pulgadas. 500 ansi l\u00famenes brillo. Mini, pero poderoso. Compacto y ligero, este proyector ofrece un potente rendimiento. Su dise\u00f1o minimalista es f\u00e1cil de mover y se integra a la perfecci\u00f3n en cualquier espacio. Convierte tu pared en una sala de cine 4k de 100 pulgadas con proyecci\u00f3n de distancia ultracorta. Disfruta de una experiencia cinematogr\u00e1fica de nivel superior sin necesidad de espacio adicional ni complicaciones. Cinebeam s cuenta contiro ultra corto, que proyecta im\u00e1genes panor\u00e1micas dentro de una distancia de proyecci\u00f3n excepcionalmente corta. Transforma tu espacio con una impresionante pantalla de cine de 100 pulgadas. Su resoluci\u00f3n 4k uhd ofrece detalles n\u00edtidos y una claridad realista, incluso en una gran pantalla de 100 pulgadas. Disfruta de colores vibrantes y un contraste profundo con una gama crom\u00e1tica dci-p3 del 154 % y una relaci\u00f3n de contraste de 450.000:1, que crean una experiencia visual envolvente. El l\u00e1ser rgb ofrece colores intensos y alto brillo para una visi\u00f3n m\u00e1s envolvente. Nuestra relaci\u00f3n de contraste de 450.000:1 resalta los detalles n\u00edtidos y los negros profundos, realzando la viveza de cada escena. Disfrute de una gran pantalla de 100 pulgadas a poca distancia de la pared. La lente de distancia de proyecci\u00f3n ultracorta puede proyectar pantallas de distintos tama\u00f1os, desde 40 pulgadas hasta una cinematogr\u00e1fica pantalla de 100 pulgadas, incluso en los espacios m\u00e1s reducidos. Comparte contenidos desde tu dispositivo inteligente al proyector con airplay 2** (para dispositivos apple) y screen share*** (para dispositivos android). Con\u00e9ctate al instante y disfruta de una visualizaci\u00f3n perfecta en una pantalla m\u00e1s grande con solo unos toques. Olv\u00eddate de las complicaciones. Con funciones inteligentes que se adaptan a tu espacio, cinebeam s garantiza una configuraci\u00f3n r\u00e1pida y sencilla en todo momento.<\/p>\n","protected":false},"featured_media":0,"comment_status":"open","ping_status":"open","template":"","meta":[],"product_cat":[1845,1843],"product_tag":[1687],"acf":[],"yoast_head":"<!-- This site is optimized with the Yoast SEO plugin v21.7 - https:\/\/yoast.com\/wordpress\/plugins\/seo\/ -->\n<title>[ Lg ] &#129351; Pu615u Proyector Cinebeam-s Mini Ust 4k Uhd Tiro Ultra Corto,500 Ansi Lumen,3840x2160,450000:1,pant 40-100 Pu,20000 Horasvida,audio 4wx2,web Os,hdmi,usb-c,airplay2,screen Share<\/title>\n<meta name=\"description\" content=\"Compra Pu615u Proyector Cinebeam-s Mini Ust 4k Uhd Tiro Ultra Corto,500 Ansi Lumen,3840x2160,450000:1,pant 40-100 Pu,20000 Horasvida,audio 4wx2,web Os,hdmi,usb-c,airplay2,screen Share + Env\u00edo a domicilio + Pago seguro + Garant\u00eda\" \/>\n<meta name=\"robots\" content=\"index, follow, max-snippet:-1, max-image-preview:large, max-video-preview:-1\" \/>\n<link rel=\"canonical\" href=\"https:\/\/compuviper.mx\/tienda\/producto\/lg-pu615u-proyector-cinebeam-s-mini-ust-4k-uhd-tiro-ultra-corto500-ansi-lumen3840x21604500001pant-40-100-pu20000-horasvidaaudio-4wx2web-oshdmiusb-cairplay2screen-share\/\" \/>\n<meta property=\"og:locale\" content=\"es_MX\" \/>\n<meta property=\"og:type\" content=\"article\" \/>\n<meta property=\"og:title\" content=\"[ Lg ] &#129351; Pu615u Proyector Cinebeam-s Mini Ust 4k Uhd Tiro Ultra Corto,500 Ansi Lumen,3840x2160,450000:1,pant 40-100 Pu,20000 Horasvida,audio 4wx2,web Os,hdmi,usb-c,airplay2,screen Share\" \/>\n<meta property=\"og:description\" content=\"Compra Pu615u Proyector Cinebeam-s Mini Ust 4k Uhd Tiro Ultra Corto,500 Ansi Lumen,3840x2160,450000:1,pant 40-100 Pu,20000 Horasvida,audio 4wx2,web Os,hdmi,usb-c,airplay2,screen Share + Env\u00edo a domicilio + Pago seguro + Garant\u00eda\" \/>\n<meta property=\"og:url\" content=\"https:\/\/compuviper.mx\/tienda\/producto\/lg-pu615u-proyector-cinebeam-s-mini-ust-4k-uhd-tiro-ultra-corto500-ansi-lumen3840x21604500001pant-40-100-pu20000-horasvidaaudio-4wx2web-oshdmiusb-cairplay2screen-share\/\" \/>\n<meta property=\"og:site_name\" content=\"Compuviper\" \/>\n<meta property=\"article:publisher\" content=\"https:\/\/www.facebook.com\/compuviper\" \/>\n<meta name=\"twitter:card\" content=\"summary_large_image\" \/>\n<meta name=\"twitter:label1\" content=\"Precio\" \/>\n\t<meta name=\"twitter:data1\" content=\"&#36;19,651 con IVA\" \/>\n\t<meta name=\"twitter:label2\" content=\"Availability\" \/>\n\t<meta name=\"twitter:data2\" content=\"On backorder\" \/>\n<script type=\"application\/ld+json\" class=\"yoast-schema-graph\">{\"@context\":\"https:\/\/schema.org\",\"@graph\":[{\"@type\":\"WebPage\",\"@id\":\"https:\/\/compuviper.mx\/tienda\/producto\/lg-pu615u-proyector-cinebeam-s-mini-ust-4k-uhd-tiro-ultra-corto500-ansi-lumen3840x21604500001pant-40-100-pu20000-horasvidaaudio-4wx2web-oshdmiusb-cairplay2screen-share\/\",\"url\":\"https:\/\/compuviper.mx\/tienda\/producto\/lg-pu615u-proyector-cinebeam-s-mini-ust-4k-uhd-tiro-ultra-corto500-ansi-lumen3840x21604500001pant-40-100-pu20000-horasvidaaudio-4wx2web-oshdmiusb-cairplay2screen-share\/\",\"name\":\"[ Lg ] &#129351; Pu615u Proyector Cinebeam-s Mini Ust 4k Uhd Tiro Ultra Corto,500 Ansi Lumen,3840x2160,450000:1,pant 40-100 Pu,20000 Horasvida,audio 4wx2,web Os,hdmi,usb-c,airplay2,screen Share\",\"isPartOf\":{\"@id\":\"https:\/\/compuviper.mx\/tienda\/#website\"},\"datePublished\":\"2026-04-25T08:17:59+00:00\",\"dateModified\":\"2026-04-25T08:17:59+00:00\",\"description\":\"Compra Pu615u Proyector Cinebeam-s Mini Ust 4k Uhd Tiro Ultra Corto,500 Ansi Lumen,3840x2160,450000:1,pant 40-100 Pu,20000 Horasvida,audio 4wx2,web Os,hdmi,usb-c,airplay2,screen Share + Env\u00edo a domicilio + Pago seguro + Garant\u00eda\",\"breadcrumb\":{\"@id\":\"https:\/\/compuviper.mx\/tienda\/producto\/lg-pu615u-proyector-cinebeam-s-mini-ust-4k-uhd-tiro-ultra-corto500-ansi-lumen3840x21604500001pant-40-100-pu20000-horasvidaaudio-4wx2web-oshdmiusb-cairplay2screen-share\/#breadcrumb\"},\"inLanguage\":\"es-MX\",\"potentialAction\":[{\"@type\":\"ReadAction\",\"target\":[\"https:\/\/compuviper.mx\/tienda\/producto\/lg-pu615u-proyector-cinebeam-s-mini-ust-4k-uhd-tiro-ultra-corto500-ansi-lumen3840x21604500001pant-40-100-pu20000-horasvidaaudio-4wx2web-oshdmiusb-cairplay2screen-share\/\"]}]},{\"@type\":\"BreadcrumbList\",\"@id\":\"https:\/\/compuviper.mx\/tienda\/producto\/lg-pu615u-proyector-cinebeam-s-mini-ust-4k-uhd-tiro-ultra-corto500-ansi-lumen3840x21604500001pant-40-100-pu20000-horasvidaaudio-4wx2web-oshdmiusb-cairplay2screen-share\/#breadcrumb\",\"itemListElement\":[{\"@type\":\"ListItem\",\"position\":1,\"name\":\"Inicio\",\"item\":\"https:\/\/compuviper.mx\/tienda\/\"},{\"@type\":\"ListItem\",\"position\":2,\"name\":\"Productos\",\"item\":\"https:\/\/compuviper.mx\/tienda\/productos\/\"},{\"@type\":\"ListItem\",\"position\":3,\"name\":\"Videoproyector\",\"item\":\"https:\/\/compuviper.mx\/tienda\/categoria-producto\/videoproyector\/\"},{\"@type\":\"ListItem\",\"position\":4,\"name\":\"Teatro En Casa\",\"item\":\"https:\/\/compuviper.mx\/tienda\/categoria-producto\/videoproyector\/teatro-en-casa\/\"},{\"@type\":\"ListItem\",\"position\":5,\"name\":\"Lg Pu615u Proyector Cinebeam-s Mini Ust 4k Uhd Tiro Ultra Corto,500 Ansi Lumen,3840&#215;2160,450000:1,pant 40-100 Pu,20000 Horasvida,audio 4wx2,web Os,hdmi,usb-c,airplay2,screen Share\"}]},{\"@type\":\"WebSite\",\"@id\":\"https:\/\/compuviper.mx\/tienda\/#website\",\"url\":\"https:\/\/compuviper.mx\/tienda\/\",\"name\":\"Compuviper\",\"description\":\"Proveedor de Computadoras, Laptops, Servidores, Monitores, Puntos de Venta, Teclados,   Impresoras, T\u00f3ner, C\u00e1maras de Seguridad y m\u00e1s en tu tienda en l\u00ednea\",\"publisher\":{\"@id\":\"https:\/\/compuviper.mx\/tienda\/#organization\"},\"potentialAction\":[{\"@type\":\"SearchAction\",\"target\":{\"@type\":\"EntryPoint\",\"urlTemplate\":\"https:\/\/compuviper.mx\/tienda\/?s={search_term_string}\"},\"query-input\":\"required name=search_term_string\"}],\"inLanguage\":\"es-MX\"},{\"@type\":\"Organization\",\"@id\":\"https:\/\/compuviper.mx\/tienda\/#organization\",\"name\":\"Compuviper\",\"url\":\"https:\/\/compuviper.mx\/tienda\/\",\"logo\":{\"@type\":\"ImageObject\",\"inLanguage\":\"es-MX\",\"@id\":\"https:\/\/compuviper.mx\/tienda\/#\/schema\/logo\/image\/\",\"url\":\"https:\/\/compuviper.mx\/tienda\/wp-content\/uploads\/2021\/08\/Logo-Compuviper-10.png\",\"contentUrl\":\"https:\/\/compuviper.mx\/tienda\/wp-content\/uploads\/2021\/08\/Logo-Compuviper-10.png\",\"width\":1000,\"height\":500,\"caption\":\"Compuviper\"},\"image\":{\"@id\":\"https:\/\/compuviper.mx\/tienda\/#\/schema\/logo\/image\/\"},\"sameAs\":[\"https:\/\/www.facebook.com\/compuviper\",\"https:\/\/www.youtube.com\/channel\/UCf73dERp9Y3cfOq7q8BhLjA?view_as=subscriber\"]}]}<\/script>\n<meta property=\"product:brand\" content=\"LG\" \/>\n<meta property=\"product:price:amount\" content=\"19651\" \/>\n<meta property=\"product:price:currency\" content=\"MXN\" \/>\n<meta property=\"og:availability\" content=\"backorder\" \/>\n<meta property=\"product:availability\" content=\"available for order\" \/>\n<meta property=\"product:retailer_item_id\" content=\"PU615U\" \/>\n<meta property=\"product:condition\" content=\"new\" \/>\n<!-- \/ Yoast SEO plugin. -->","yoast_head_json":{"title":"[ Lg ] &#129351; Pu615u Proyector Cinebeam-s Mini Ust 4k Uhd Tiro Ultra Corto,500 Ansi Lumen,3840x2160,450000:1,pant 40-100 Pu,20000 Horasvida,audio 4wx2,web Os,hdmi,usb-c,airplay2,screen Share","description":"Compra Pu615u Proyector Cinebeam-s Mini Ust 4k Uhd Tiro Ultra Corto,500 Ansi Lumen,3840x2160,450000:1,pant 40-100 Pu,20000 Horasvida,audio 4wx2,web Os,hdmi,usb-c,airplay2,screen Share + Env\u00edo a domicilio + Pago seguro + Garant\u00eda","robots":{"index":"index","follow":"follow","max-snippet":"max-snippet:-1","max-image-preview":"max-image-preview:large","max-video-preview":"max-video-preview:-1"},"canonical":"https:\/\/compuviper.mx\/tienda\/producto\/lg-pu615u-proyector-cinebeam-s-mini-ust-4k-uhd-tiro-ultra-corto500-ansi-lumen3840x21604500001pant-40-100-pu20000-horasvidaaudio-4wx2web-oshdmiusb-cairplay2screen-share\/","og_locale":"es_MX","og_type":"article","og_title":"[ Lg ] &#129351; Pu615u Proyector Cinebeam-s Mini Ust 4k Uhd Tiro Ultra Corto,500 Ansi Lumen,3840x2160,450000:1,pant 40-100 Pu,20000 Horasvida,audio 4wx2,web Os,hdmi,usb-c,airplay2,screen Share","og_description":"Compra Pu615u Proyector Cinebeam-s Mini Ust 4k Uhd Tiro Ultra Corto,500 Ansi Lumen,3840x2160,450000:1,pant 40-100 Pu,20000 Horasvida,audio 4wx2,web Os,hdmi,usb-c,airplay2,screen Share + Env\u00edo a domicilio + Pago seguro + Garant\u00eda","og_url":"https:\/\/compuviper.mx\/tienda\/producto\/lg-pu615u-proyector-cinebeam-s-mini-ust-4k-uhd-tiro-ultra-corto500-ansi-lumen3840x21604500001pant-40-100-pu20000-horasvidaaudio-4wx2web-oshdmiusb-cairplay2screen-share\/","og_site_name":"Compuviper","article_publisher":"https:\/\/www.facebook.com\/compuviper","twitter_card":"summary_large_image","twitter_misc":{"Precio":"&#36;19,651 con IVA","Availability":"On backorder"},"schema":{"@context":"https:\/\/schema.org","@graph":[{"@type":"WebPage","@id":"https:\/\/compuviper.mx\/tienda\/producto\/lg-pu615u-proyector-cinebeam-s-mini-ust-4k-uhd-tiro-ultra-corto500-ansi-lumen3840x21604500001pant-40-100-pu20000-horasvidaaudio-4wx2web-oshdmiusb-cairplay2screen-share\/","url":"https:\/\/compuviper.mx\/tienda\/producto\/lg-pu615u-proyector-cinebeam-s-mini-ust-4k-uhd-tiro-ultra-corto500-ansi-lumen3840x21604500001pant-40-100-pu20000-horasvidaaudio-4wx2web-oshdmiusb-cairplay2screen-share\/","name":"[ Lg ] &#129351; Pu615u Proyector Cinebeam-s Mini Ust 4k Uhd Tiro Ultra Corto,500 Ansi Lumen,3840x2160,450000:1,pant 40-100 Pu,20000 Horasvida,audio 4wx2,web Os,hdmi,usb-c,airplay2,screen Share","isPartOf":{"@id":"https:\/\/compuviper.mx\/tienda\/#website"},"datePublished":"2026-04-25T08:17:59+00:00","dateModified":"2026-04-25T08:17:59+00:00","description":"Compra Pu615u Proyector Cinebeam-s Mini Ust 4k Uhd Tiro Ultra Corto,500 Ansi Lumen,3840x2160,450000:1,pant 40-100 Pu,20000 Horasvida,audio 4wx2,web Os,hdmi,usb-c,airplay2,screen Share + Env\u00edo a domicilio + Pago seguro + Garant\u00eda","breadcrumb":{"@id":"https:\/\/compuviper.mx\/tienda\/producto\/lg-pu615u-proyector-cinebeam-s-mini-ust-4k-uhd-tiro-ultra-corto500-ansi-lumen3840x21604500001pant-40-100-pu20000-horasvidaaudio-4wx2web-oshdmiusb-cairplay2screen-share\/#breadcrumb"},"inLanguage":"es-MX","potentialAction":[{"@type":"ReadAction","target":["https:\/\/compuviper.mx\/tienda\/producto\/lg-pu615u-proyector-cinebeam-s-mini-ust-4k-uhd-tiro-ultra-corto500-ansi-lumen3840x21604500001pant-40-100-pu20000-horasvidaaudio-4wx2web-oshdmiusb-cairplay2screen-share\/"]}]},{"@type":"BreadcrumbList","@id":"https:\/\/compuviper.mx\/tienda\/producto\/lg-pu615u-proyector-cinebeam-s-mini-ust-4k-uhd-tiro-ultra-corto500-ansi-lumen3840x21604500001pant-40-100-pu20000-horasvidaaudio-4wx2web-oshdmiusb-cairplay2screen-share\/#breadcrumb","itemListElement":[{"@type":"ListItem","position":1,"name":"Inicio","item":"https:\/\/compuviper.mx\/tienda\/"},{"@type":"ListItem","position":2,"name":"Productos","item":"https:\/\/compuviper.mx\/tienda\/productos\/"},{"@type":"ListItem","position":3,"name":"Videoproyector","item":"https:\/\/compuviper.mx\/tienda\/categoria-producto\/videoproyector\/"},{"@type":"ListItem","position":4,"name":"Teatro En Casa","item":"https:\/\/compuviper.mx\/tienda\/categoria-producto\/videoproyector\/teatro-en-casa\/"},{"@type":"ListItem","position":5,"name":"Lg Pu615u Proyector Cinebeam-s Mini Ust 4k Uhd Tiro Ultra Corto,500 Ansi Lumen,3840&#215;2160,450000:1,pant 40-100 Pu,20000 Horasvida,audio 4wx2,web Os,hdmi,usb-c,airplay2,screen Share"}]},{"@type":"WebSite","@id":"https:\/\/compuviper.mx\/tienda\/#website","url":"https:\/\/compuviper.mx\/tienda\/","name":"Compuviper","description":"Proveedor de Computadoras, Laptops, Servidores, Monitores, Puntos de Venta, Teclados,   Impresoras, T\u00f3ner, C\u00e1maras de Seguridad y m\u00e1s en tu tienda en l\u00ednea","publisher":{"@id":"https:\/\/compuviper.mx\/tienda\/#organization"},"potentialAction":[{"@type":"SearchAction","target":{"@type":"EntryPoint","urlTemplate":"https:\/\/compuviper.mx\/tienda\/?s={search_term_string}"},"query-input":"required name=search_term_string"}],"inLanguage":"es-MX"},{"@type":"Organization","@id":"https:\/\/compuviper.mx\/tienda\/#organization","name":"Compuviper","url":"https:\/\/compuviper.mx\/tienda\/","logo":{"@type":"ImageObject","inLanguage":"es-MX","@id":"https:\/\/compuviper.mx\/tienda\/#\/schema\/logo\/image\/","url":"https:\/\/compuviper.mx\/tienda\/wp-content\/uploads\/2021\/08\/Logo-Compuviper-10.png","contentUrl":"https:\/\/compuviper.mx\/tienda\/wp-content\/uploads\/2021\/08\/Logo-Compuviper-10.png","width":1000,"height":500,"caption":"Compuviper"},"image":{"@id":"https:\/\/compuviper.mx\/tienda\/#\/schema\/logo\/image\/"},"sameAs":["https:\/\/www.facebook.com\/compuviper","https:\/\/www.youtube.com\/channel\/UCf73dERp9Y3cfOq7q8BhLjA?view_as=subscriber"]}]},"product_brand":"LG","product_price_amount":"19651","product_price_currency":"MXN","og_availability":"backorder","product_availability":"available for order","product_retailer_item_id":"PU615U","product_condition":"new"},"_links":{"self":[{"href":"https:\/\/compuviper.mx\/tienda\/wp-json\/wp\/v2\/product\/268869"}],"collection":[{"href":"https:\/\/compuviper.mx\/tienda\/wp-json\/wp\/v2\/product"}],"about":[{"href":"https:\/\/compuviper.mx\/tienda\/wp-json\/wp\/v2\/types\/product"}],"replies":[{"embeddable":true,"href":"https:\/\/compuviper.mx\/tienda\/wp-json\/wp\/v2\/comments?post=268869"}],"wp:attachment":[{"href":"https:\/\/compuviper.mx\/tienda\/wp-json\/wp\/v2\/media?parent=268869"}],"wp:term":[{"taxonomy":"product_cat","embeddable":true,"href":"https:\/\/compuviper.mx\/tienda\/wp-json\/wp\/v2\/product_cat?post=268869"},{"taxonomy":"product_tag","embeddable":true,"href":"https:\/\/compuviper.mx\/tienda\/wp-json\/wp\/v2\/product_tag?post=268869"}],"curies":[{"name":"wp","href":"https:\/\/api.w.org\/{rel}","templated":true}]}}