{"id":268851,"date":"2026-05-01T00:32:27","date_gmt":"2026-05-01T06:32:27","guid":{"rendered":"https:\/\/compuviper.mx\/tienda\/producto\/wd-western-digital-hus726t6tale6l4-0b360390b36039-disco-duro-interno-wd-ultra-star-6tb-3-5-escritorio-sata3-6gb-s-256mb-7200rpm-24x7-server-datacenter-dvr-nvr-hus726t6tale6l4-0b36039\/"},"modified":"2026-05-01T00:32:27","modified_gmt":"2026-05-01T06:32:27","slug":"wd-western-digital-hus726t6tale6l4-0b360390b36039-disco-duro-interno-wd-ultra-star-6tb-3-5-escritorio-sata3-6gb-s-256mb-7200rpm-24x7-server-datacenter-dvr-nvr-hus726t6tale6l4-0b36039","status":"publish","type":"product","link":"https:\/\/compuviper.mx\/tienda\/producto\/wd-western-digital-hus726t6tale6l4-0b360390b36039-disco-duro-interno-wd-ultra-star-6tb-3-5-escritorio-sata3-6gb-s-256mb-7200rpm-24x7-server-datacenter-dvr-nvr-hus726t6tale6l4-0b36039\/","title":{"rendered":"Wd &#8211; Western Digital Hus726t6tale6l4 &#8211; 0b36039,0b36039 Disco Duro Interno Wd Ultra Star 6tb 3.5 Escritorio Sata3 6gb\/s 256mb 7200rpm 24&#215;7 Server Datacenter Dvr Nvr Hus726t6tale6l4-0b36039"},"content":{"rendered":"<table class=\"descripcion\">\n<tr>\n<td>Especificaciones<\/td>\n<\/tr>\n<tr>\n<td>6 tb<\/td>\n<\/tr>\n<tr>\n<td>N\u00famero de pieza part 0b36039<\/td>\n<\/tr>\n<tr>\n<td>Familia ultrastar dc\u00b9 hc310<\/td>\n<\/tr>\n<tr>\n<td>Capacidad\u00b2 6tb<\/td>\n<\/tr>\n<tr>\n<td>Interfaz sata 6 gb \/ s<\/td>\n<\/tr>\n<tr>\n<td>Formato tama\u00f1o del sector (bytes) \u00b3 512e<\/td>\n<\/tr>\n<tr>\n<td>Cola de comandos nativos s\u00ed<\/td>\n<\/tr>\n<tr>\n<td>Factor de forma de 3,5 pulgadas<\/td>\n<\/tr>\n<tr>\n<td>Cumple con rohs and #8308; s\u00ed<\/td>\n<\/tr>\n<tr>\n<td>Velocidad de transferencia de la interfaz (m\u00e1xima sostenida)  and #8309; 233 mb \/ s<\/td>\n<\/tr>\n<tr>\n<td>Clase de rendimiento 7200 rpm<\/td>\n<\/tr>\n<tr>\n<td>Cach\u00e9 (mb)  and #8310; 256<\/td>\n<\/tr>\n<tr>\n<td>Confiabilidad<\/td>\n<\/tr>\n<tr>\n<td>Mtbf (horas)  and #8311; 2,000,000<\/td>\n<\/tr>\n<tr>\n<td>Tasa de fracaso anualizada (afr,%)  and #8311; 0.44<\/td>\n<\/tr>\n<tr>\n<td>Ciclos de carga \/ descarga 600,000<\/td>\n<\/tr>\n<tr>\n<td>Tasa de error (no recuperable)  1 en 1014<\/td>\n<\/tr>\n<tr>\n<td>Garant\u00eda limitada (a\u00f1os) 5<\/td>\n<\/tr>\n<tr>\n<td>Administraci\u00f3n de energ\u00eda8<\/td>\n<\/tr>\n<tr>\n<td>Requisitos de potencia promedio (w) operacional<\/td>\n<\/tr>\n<tr>\n<td>Ocioso<\/td>\n<\/tr>\n<tr>\n<td>\u00edndice de eficiencia energ\u00e9tica (w \/ tb, inactivo)  7<\/td>\n<\/tr>\n<tr>\n<td>5,9<\/td>\n<\/tr>\n<tr>\n<td>0.983<\/td>\n<\/tr>\n<tr>\n<td>Especificaciones ambientales]<\/td>\n<\/tr>\n<tr>\n<td>Temperatura (\u00b0 c, en la base de fundici\u00f3n)<\/td>\n<\/tr>\n<tr>\n<td>Operaci\u00f3n no operativa 5 \u00b0 c a 60 \u00b0 c<\/td>\n<\/tr>\n<tr>\n<td>-40 \u00b0 c a 70 \u00b0 c<\/td>\n<\/tr>\n<tr>\n<td>Choque (gs)<\/td>\n<\/tr>\n<tr>\n<td>Operativo (media onda sinusoidal, 2 ms) no operativo (media sinusoidal, 2 ms)  70g<\/td>\n<\/tr>\n<tr>\n<td>300g<\/td>\n<\/tr>\n<tr>\n<td>Ac\u00fastica (dba, promedio) inactiva<\/td>\n<\/tr>\n<tr>\n<td>Dimensiones f\u00edsicas<\/td>\n<\/tr>\n<tr>\n<td>Altura (pulg.\/mm, m\u00e1x.) 1.028 \/ 26.1<\/td>\n<\/tr>\n<tr>\n<td>Longitud (pulg.\/mm, m\u00e1x.) 5.787 \/ 147<\/td>\n<\/tr>\n<tr>\n<td>Ancho (pulg.\/mm, \u00b1 .01 pulg.) 4 \/ 101.6<\/td>\n<\/tr>\n<tr>\n<td>Peso (lb \/ kg, \u00b1 10%) 1.58 \/ 0.715<\/td>\n<\/tr>\n<\/table>\n","protected":false},"excerpt":{"rendered":"<p>Dise\u00f1ado con una clasificaci\u00f3n de carga de trabajo de hasta 550 tb por a\u00f1o, 10 veces la calificaci\u00f3n de escritorio t\u00edpica. Hasta 2.5m horas de mtbf con una garant\u00eda limitada de 5 a\u00f1os. Cinco generaciones de tecnolog\u00eda helioseal (10tb y superior. Tecnolog\u00eda de protecci\u00f3n de vibraci\u00f3n rotacional (rvs) para protecci\u00f3n de vibraci\u00f3n. Funciona con todos los principales sistemas operativos empresariales. Los discos duros ultrastar cuentan con hasta 10 veces la capacidad de carga de trabajo de las unidades de escritorio y emplean tecnolog\u00edas avanzadas para la confiabilidad, eficiencia energ\u00e9tica y rendimiento de clase empresarial. Dise\u00f1adas desde cero para ser un dispositivo de almacenamiento ultra robusto, las unidades ultrastar son la soluci\u00f3n perfecta para su negocio. Alto \u00edndice de carga de trabajo. Al brindar un rendimiento confiable a cualquier entorno de almacenamiento, los discos duros ultrastar est\u00e1n dise\u00f1ados con una carga de trabajo de hasta 550 tb por a\u00f1o *, entre los m\u00e1s altos de cualquier disco duro de 3.5 pulgadas. Almacenamiento de clase empresarial para confiar. Ultrastar es nuestra unidad de gama alta para centros de datos. Con hasta 2.5 millones de horas de mtbf, los discos duros ultrastar brindan confiabilidad y durabilidad, est\u00e1n dise\u00f1ados para operaciones anuales (24x7x365) dentro de los entornos de almacenamiento m\u00e1s exigentes y est\u00e1n respaldados por una garant\u00eda limitada de 5 a\u00f1os.<\/p>\n","protected":false},"featured_media":268852,"comment_status":"open","ping_status":"open","template":"","meta":[],"product_cat":[1703,1706],"product_tag":[1705],"acf":[],"yoast_head":"<!-- This site is optimized with the Yoast SEO plugin v21.7 - https:\/\/yoast.com\/wordpress\/plugins\/seo\/ -->\n<title>[ Wd - Western Digital ] &#129351; Hus726t6tale6l4 - 0b36039,0b36039 Disco Duro Interno Wd Ultra Star 6tb 3.5 Escritorio Sata3 6gb\/s 256mb 7200rpm 24x7 Server Datacenter Dvr Nvr Hus726t6tale6l4-0b36039<\/title>\n<meta name=\"description\" content=\"Compra Hus726t6tale6l4 - 0b36039,0b36039 Disco Duro Interno Wd Ultra Star 6tb 3.5 Escritorio Sata3 6gb\/s 256mb 7200rpm 24x7 Server Datacenter Dvr Nvr Hus726t6tale6l4-0b36039 + Env\u00edo a domicilio + Pago seguro + Garant\u00eda\" \/>\n<meta name=\"robots\" content=\"index, follow, max-snippet:-1, max-image-preview:large, max-video-preview:-1\" \/>\n<link rel=\"canonical\" href=\"https:\/\/compuviper.mx\/tienda\/producto\/wd-western-digital-hus726t6tale6l4-0b360390b36039-disco-duro-interno-wd-ultra-star-6tb-3-5-escritorio-sata3-6gb-s-256mb-7200rpm-24x7-server-datacenter-dvr-nvr-hus726t6tale6l4-0b36039\/\" \/>\n<meta property=\"og:locale\" content=\"es_MX\" \/>\n<meta property=\"og:type\" content=\"article\" \/>\n<meta property=\"og:title\" content=\"[ Wd - Western Digital ] &#129351; Hus726t6tale6l4 - 0b36039,0b36039 Disco Duro Interno Wd Ultra Star 6tb 3.5 Escritorio Sata3 6gb\/s 256mb 7200rpm 24x7 Server Datacenter Dvr Nvr Hus726t6tale6l4-0b36039\" \/>\n<meta property=\"og:description\" content=\"Compra Hus726t6tale6l4 - 0b36039,0b36039 Disco Duro Interno Wd Ultra Star 6tb 3.5 Escritorio Sata3 6gb\/s 256mb 7200rpm 24x7 Server Datacenter Dvr Nvr Hus726t6tale6l4-0b36039 + Env\u00edo a domicilio + Pago seguro + Garant\u00eda\" \/>\n<meta property=\"og:url\" content=\"https:\/\/compuviper.mx\/tienda\/producto\/wd-western-digital-hus726t6tale6l4-0b360390b36039-disco-duro-interno-wd-ultra-star-6tb-3-5-escritorio-sata3-6gb-s-256mb-7200rpm-24x7-server-datacenter-dvr-nvr-hus726t6tale6l4-0b36039\/\" \/>\n<meta property=\"og:site_name\" content=\"Compuviper\" \/>\n<meta property=\"article:publisher\" content=\"https:\/\/www.facebook.com\/compuviper\" \/>\n<meta property=\"og:image\" content=\"https:\/\/compuviper.mx\/tienda\/wp-content\/uploads\/2026\/04\/Disco-duro-interno-wd-ultra-star-6tb-3.5-escritorio-sata3-6gbs-256mb-7200rpm-24x7-server-datacenter-dvr-nvr-hus726t6tale6l4-0b36039.jpg\" \/>\n\t<meta property=\"og:image:width\" content=\"200\" \/>\n\t<meta property=\"og:image:height\" content=\"200\" \/>\n\t<meta property=\"og:image:type\" content=\"image\/jpeg\" \/>\n<meta name=\"twitter:card\" content=\"summary_large_image\" \/>\n<meta name=\"twitter:label1\" content=\"Precio\" \/>\n\t<meta name=\"twitter:data1\" content=\"&#36;3,740 con IVA\" \/>\n\t<meta name=\"twitter:label2\" content=\"Availability\" \/>\n\t<meta name=\"twitter:data2\" content=\"In stock\" \/>\n<script type=\"application\/ld+json\" class=\"yoast-schema-graph\">{\"@context\":\"https:\/\/schema.org\",\"@graph\":[{\"@type\":\"WebPage\",\"@id\":\"https:\/\/compuviper.mx\/tienda\/producto\/wd-western-digital-hus726t6tale6l4-0b360390b36039-disco-duro-interno-wd-ultra-star-6tb-3-5-escritorio-sata3-6gb-s-256mb-7200rpm-24x7-server-datacenter-dvr-nvr-hus726t6tale6l4-0b36039\/\",\"url\":\"https:\/\/compuviper.mx\/tienda\/producto\/wd-western-digital-hus726t6tale6l4-0b360390b36039-disco-duro-interno-wd-ultra-star-6tb-3-5-escritorio-sata3-6gb-s-256mb-7200rpm-24x7-server-datacenter-dvr-nvr-hus726t6tale6l4-0b36039\/\",\"name\":\"[ Wd - Western Digital ] &#129351; Hus726t6tale6l4 - 0b36039,0b36039 Disco Duro Interno Wd Ultra Star 6tb 3.5 Escritorio Sata3 6gb\/s 256mb 7200rpm 24x7 Server Datacenter Dvr Nvr Hus726t6tale6l4-0b36039\",\"isPartOf\":{\"@id\":\"https:\/\/compuviper.mx\/tienda\/#website\"},\"datePublished\":\"2026-05-01T06:32:27+00:00\",\"dateModified\":\"2026-05-01T06:32:27+00:00\",\"description\":\"Compra Hus726t6tale6l4 - 0b36039,0b36039 Disco Duro Interno Wd Ultra Star 6tb 3.5 Escritorio Sata3 6gb\/s 256mb 7200rpm 24x7 Server Datacenter Dvr Nvr Hus726t6tale6l4-0b36039 + Env\u00edo a domicilio + Pago seguro + Garant\u00eda\",\"breadcrumb\":{\"@id\":\"https:\/\/compuviper.mx\/tienda\/producto\/wd-western-digital-hus726t6tale6l4-0b360390b36039-disco-duro-interno-wd-ultra-star-6tb-3-5-escritorio-sata3-6gb-s-256mb-7200rpm-24x7-server-datacenter-dvr-nvr-hus726t6tale6l4-0b36039\/#breadcrumb\"},\"inLanguage\":\"es-MX\",\"potentialAction\":[{\"@type\":\"ReadAction\",\"target\":[\"https:\/\/compuviper.mx\/tienda\/producto\/wd-western-digital-hus726t6tale6l4-0b360390b36039-disco-duro-interno-wd-ultra-star-6tb-3-5-escritorio-sata3-6gb-s-256mb-7200rpm-24x7-server-datacenter-dvr-nvr-hus726t6tale6l4-0b36039\/\"]}]},{\"@type\":\"BreadcrumbList\",\"@id\":\"https:\/\/compuviper.mx\/tienda\/producto\/wd-western-digital-hus726t6tale6l4-0b360390b36039-disco-duro-interno-wd-ultra-star-6tb-3-5-escritorio-sata3-6gb-s-256mb-7200rpm-24x7-server-datacenter-dvr-nvr-hus726t6tale6l4-0b36039\/#breadcrumb\",\"itemListElement\":[{\"@type\":\"ListItem\",\"position\":1,\"name\":\"Inicio\",\"item\":\"https:\/\/compuviper.mx\/tienda\/\"},{\"@type\":\"ListItem\",\"position\":2,\"name\":\"Productos\",\"item\":\"https:\/\/compuviper.mx\/tienda\/productos\/\"},{\"@type\":\"ListItem\",\"position\":3,\"name\":\"Discos Duros\",\"item\":\"https:\/\/compuviper.mx\/tienda\/categoria-producto\/discos-duros\/\"},{\"@type\":\"ListItem\",\"position\":4,\"name\":\"Disco Duro\",\"item\":\"https:\/\/compuviper.mx\/tienda\/categoria-producto\/discos-duros\/disco-duro\/\"},{\"@type\":\"ListItem\",\"position\":5,\"name\":\"Wd &#8211; Western Digital Hus726t6tale6l4 &#8211; 0b36039,0b36039 Disco Duro Interno Wd Ultra Star 6tb 3.5 Escritorio Sata3 6gb\/s 256mb 7200rpm 24&#215;7 Server Datacenter Dvr Nvr Hus726t6tale6l4-0b36039\"}]},{\"@type\":\"WebSite\",\"@id\":\"https:\/\/compuviper.mx\/tienda\/#website\",\"url\":\"https:\/\/compuviper.mx\/tienda\/\",\"name\":\"Compuviper\",\"description\":\"Proveedor de Computadoras, Laptops, Servidores, Monitores, Puntos de Venta, Teclados,   Impresoras, T\u00f3ner, C\u00e1maras de Seguridad y m\u00e1s en tu tienda en l\u00ednea\",\"publisher\":{\"@id\":\"https:\/\/compuviper.mx\/tienda\/#organization\"},\"potentialAction\":[{\"@type\":\"SearchAction\",\"target\":{\"@type\":\"EntryPoint\",\"urlTemplate\":\"https:\/\/compuviper.mx\/tienda\/?s={search_term_string}\"},\"query-input\":\"required name=search_term_string\"}],\"inLanguage\":\"es-MX\"},{\"@type\":\"Organization\",\"@id\":\"https:\/\/compuviper.mx\/tienda\/#organization\",\"name\":\"Compuviper\",\"url\":\"https:\/\/compuviper.mx\/tienda\/\",\"logo\":{\"@type\":\"ImageObject\",\"inLanguage\":\"es-MX\",\"@id\":\"https:\/\/compuviper.mx\/tienda\/#\/schema\/logo\/image\/\",\"url\":\"https:\/\/compuviper.mx\/tienda\/wp-content\/uploads\/2021\/08\/Logo-Compuviper-10.png\",\"contentUrl\":\"https:\/\/compuviper.mx\/tienda\/wp-content\/uploads\/2021\/08\/Logo-Compuviper-10.png\",\"width\":1000,\"height\":500,\"caption\":\"Compuviper\"},\"image\":{\"@id\":\"https:\/\/compuviper.mx\/tienda\/#\/schema\/logo\/image\/\"},\"sameAs\":[\"https:\/\/www.facebook.com\/compuviper\",\"https:\/\/www.youtube.com\/channel\/UCf73dERp9Y3cfOq7q8BhLjA?view_as=subscriber\"]}]}<\/script>\n<meta property=\"product:brand\" content=\"WD - WESTERN DIGITAL\" \/>\n<meta property=\"product:price:amount\" content=\"3740\" \/>\n<meta property=\"product:price:currency\" content=\"MXN\" \/>\n<meta property=\"og:availability\" content=\"instock\" \/>\n<meta property=\"product:availability\" content=\"instock\" \/>\n<meta property=\"product:retailer_item_id\" content=\"HUS726T6TALE6L4 - 0B36039,0B36039\" \/>\n<meta property=\"product:condition\" content=\"new\" \/>\n<!-- \/ Yoast SEO plugin. -->","yoast_head_json":{"title":"[ Wd - Western Digital ] &#129351; Hus726t6tale6l4 - 0b36039,0b36039 Disco Duro Interno Wd Ultra Star 6tb 3.5 Escritorio Sata3 6gb\/s 256mb 7200rpm 24x7 Server Datacenter Dvr Nvr Hus726t6tale6l4-0b36039","description":"Compra Hus726t6tale6l4 - 0b36039,0b36039 Disco Duro Interno Wd Ultra Star 6tb 3.5 Escritorio Sata3 6gb\/s 256mb 7200rpm 24x7 Server Datacenter Dvr Nvr Hus726t6tale6l4-0b36039 + Env\u00edo a domicilio + Pago seguro + Garant\u00eda","robots":{"index":"index","follow":"follow","max-snippet":"max-snippet:-1","max-image-preview":"max-image-preview:large","max-video-preview":"max-video-preview:-1"},"canonical":"https:\/\/compuviper.mx\/tienda\/producto\/wd-western-digital-hus726t6tale6l4-0b360390b36039-disco-duro-interno-wd-ultra-star-6tb-3-5-escritorio-sata3-6gb-s-256mb-7200rpm-24x7-server-datacenter-dvr-nvr-hus726t6tale6l4-0b36039\/","og_locale":"es_MX","og_type":"article","og_title":"[ Wd - Western Digital ] &#129351; Hus726t6tale6l4 - 0b36039,0b36039 Disco Duro Interno Wd Ultra Star 6tb 3.5 Escritorio Sata3 6gb\/s 256mb 7200rpm 24x7 Server Datacenter Dvr Nvr Hus726t6tale6l4-0b36039","og_description":"Compra Hus726t6tale6l4 - 0b36039,0b36039 Disco Duro Interno Wd Ultra Star 6tb 3.5 Escritorio Sata3 6gb\/s 256mb 7200rpm 24x7 Server Datacenter Dvr Nvr Hus726t6tale6l4-0b36039 + Env\u00edo a domicilio + Pago seguro + Garant\u00eda","og_url":"https:\/\/compuviper.mx\/tienda\/producto\/wd-western-digital-hus726t6tale6l4-0b360390b36039-disco-duro-interno-wd-ultra-star-6tb-3-5-escritorio-sata3-6gb-s-256mb-7200rpm-24x7-server-datacenter-dvr-nvr-hus726t6tale6l4-0b36039\/","og_site_name":"Compuviper","article_publisher":"https:\/\/www.facebook.com\/compuviper","og_image":[{"width":200,"height":200,"url":"https:\/\/compuviper.mx\/tienda\/wp-content\/uploads\/2026\/04\/Disco-duro-interno-wd-ultra-star-6tb-3.5-escritorio-sata3-6gbs-256mb-7200rpm-24x7-server-datacenter-dvr-nvr-hus726t6tale6l4-0b36039.jpg","type":"image\/jpeg"}],"twitter_card":"summary_large_image","twitter_misc":{"Precio":"&#36;3,740 con IVA","Availability":"In stock"},"schema":{"@context":"https:\/\/schema.org","@graph":[{"@type":"WebPage","@id":"https:\/\/compuviper.mx\/tienda\/producto\/wd-western-digital-hus726t6tale6l4-0b360390b36039-disco-duro-interno-wd-ultra-star-6tb-3-5-escritorio-sata3-6gb-s-256mb-7200rpm-24x7-server-datacenter-dvr-nvr-hus726t6tale6l4-0b36039\/","url":"https:\/\/compuviper.mx\/tienda\/producto\/wd-western-digital-hus726t6tale6l4-0b360390b36039-disco-duro-interno-wd-ultra-star-6tb-3-5-escritorio-sata3-6gb-s-256mb-7200rpm-24x7-server-datacenter-dvr-nvr-hus726t6tale6l4-0b36039\/","name":"[ Wd - Western Digital ] &#129351; Hus726t6tale6l4 - 0b36039,0b36039 Disco Duro Interno Wd Ultra Star 6tb 3.5 Escritorio Sata3 6gb\/s 256mb 7200rpm 24x7 Server Datacenter Dvr Nvr Hus726t6tale6l4-0b36039","isPartOf":{"@id":"https:\/\/compuviper.mx\/tienda\/#website"},"datePublished":"2026-05-01T06:32:27+00:00","dateModified":"2026-05-01T06:32:27+00:00","description":"Compra Hus726t6tale6l4 - 0b36039,0b36039 Disco Duro Interno Wd Ultra Star 6tb 3.5 Escritorio Sata3 6gb\/s 256mb 7200rpm 24x7 Server Datacenter Dvr Nvr Hus726t6tale6l4-0b36039 + Env\u00edo a domicilio + Pago seguro + Garant\u00eda","breadcrumb":{"@id":"https:\/\/compuviper.mx\/tienda\/producto\/wd-western-digital-hus726t6tale6l4-0b360390b36039-disco-duro-interno-wd-ultra-star-6tb-3-5-escritorio-sata3-6gb-s-256mb-7200rpm-24x7-server-datacenter-dvr-nvr-hus726t6tale6l4-0b36039\/#breadcrumb"},"inLanguage":"es-MX","potentialAction":[{"@type":"ReadAction","target":["https:\/\/compuviper.mx\/tienda\/producto\/wd-western-digital-hus726t6tale6l4-0b360390b36039-disco-duro-interno-wd-ultra-star-6tb-3-5-escritorio-sata3-6gb-s-256mb-7200rpm-24x7-server-datacenter-dvr-nvr-hus726t6tale6l4-0b36039\/"]}]},{"@type":"BreadcrumbList","@id":"https:\/\/compuviper.mx\/tienda\/producto\/wd-western-digital-hus726t6tale6l4-0b360390b36039-disco-duro-interno-wd-ultra-star-6tb-3-5-escritorio-sata3-6gb-s-256mb-7200rpm-24x7-server-datacenter-dvr-nvr-hus726t6tale6l4-0b36039\/#breadcrumb","itemListElement":[{"@type":"ListItem","position":1,"name":"Inicio","item":"https:\/\/compuviper.mx\/tienda\/"},{"@type":"ListItem","position":2,"name":"Productos","item":"https:\/\/compuviper.mx\/tienda\/productos\/"},{"@type":"ListItem","position":3,"name":"Discos Duros","item":"https:\/\/compuviper.mx\/tienda\/categoria-producto\/discos-duros\/"},{"@type":"ListItem","position":4,"name":"Disco Duro","item":"https:\/\/compuviper.mx\/tienda\/categoria-producto\/discos-duros\/disco-duro\/"},{"@type":"ListItem","position":5,"name":"Wd &#8211; Western Digital Hus726t6tale6l4 &#8211; 0b36039,0b36039 Disco Duro Interno Wd Ultra Star 6tb 3.5 Escritorio Sata3 6gb\/s 256mb 7200rpm 24&#215;7 Server Datacenter Dvr Nvr Hus726t6tale6l4-0b36039"}]},{"@type":"WebSite","@id":"https:\/\/compuviper.mx\/tienda\/#website","url":"https:\/\/compuviper.mx\/tienda\/","name":"Compuviper","description":"Proveedor de Computadoras, Laptops, Servidores, Monitores, Puntos de Venta, Teclados,   Impresoras, T\u00f3ner, C\u00e1maras de Seguridad y m\u00e1s en tu tienda en l\u00ednea","publisher":{"@id":"https:\/\/compuviper.mx\/tienda\/#organization"},"potentialAction":[{"@type":"SearchAction","target":{"@type":"EntryPoint","urlTemplate":"https:\/\/compuviper.mx\/tienda\/?s={search_term_string}"},"query-input":"required name=search_term_string"}],"inLanguage":"es-MX"},{"@type":"Organization","@id":"https:\/\/compuviper.mx\/tienda\/#organization","name":"Compuviper","url":"https:\/\/compuviper.mx\/tienda\/","logo":{"@type":"ImageObject","inLanguage":"es-MX","@id":"https:\/\/compuviper.mx\/tienda\/#\/schema\/logo\/image\/","url":"https:\/\/compuviper.mx\/tienda\/wp-content\/uploads\/2021\/08\/Logo-Compuviper-10.png","contentUrl":"https:\/\/compuviper.mx\/tienda\/wp-content\/uploads\/2021\/08\/Logo-Compuviper-10.png","width":1000,"height":500,"caption":"Compuviper"},"image":{"@id":"https:\/\/compuviper.mx\/tienda\/#\/schema\/logo\/image\/"},"sameAs":["https:\/\/www.facebook.com\/compuviper","https:\/\/www.youtube.com\/channel\/UCf73dERp9Y3cfOq7q8BhLjA?view_as=subscriber"]}]},"product_brand":"WD - WESTERN DIGITAL","product_price_amount":"3740","product_price_currency":"MXN","og_availability":"instock","product_availability":"instock","product_retailer_item_id":"HUS726T6TALE6L4 - 0B36039,0B36039","product_condition":"new"},"_links":{"self":[{"href":"https:\/\/compuviper.mx\/tienda\/wp-json\/wp\/v2\/product\/268851"}],"collection":[{"href":"https:\/\/compuviper.mx\/tienda\/wp-json\/wp\/v2\/product"}],"about":[{"href":"https:\/\/compuviper.mx\/tienda\/wp-json\/wp\/v2\/types\/product"}],"replies":[{"embeddable":true,"href":"https:\/\/compuviper.mx\/tienda\/wp-json\/wp\/v2\/comments?post=268851"}],"wp:featuredmedia":[{"embeddable":true,"href":"https:\/\/compuviper.mx\/tienda\/wp-json\/wp\/v2\/media\/268852"}],"wp:attachment":[{"href":"https:\/\/compuviper.mx\/tienda\/wp-json\/wp\/v2\/media?parent=268851"}],"wp:term":[{"taxonomy":"product_cat","embeddable":true,"href":"https:\/\/compuviper.mx\/tienda\/wp-json\/wp\/v2\/product_cat?post=268851"},{"taxonomy":"product_tag","embeddable":true,"href":"https:\/\/compuviper.mx\/tienda\/wp-json\/wp\/v2\/product_tag?post=268851"}],"curies":[{"name":"wp","href":"https:\/\/api.w.org\/{rel}","templated":true}]}}