{"id":268846,"date":"2026-04-18T00:17:58","date_gmt":"2026-04-18T06:17:58","guid":{"rendered":"https:\/\/compuviper.mx\/tienda\/producto\/tp-link-tapo-c425-camara-ip-tp-link-wifi-con-bateria-ip66-panel-solar-tapo-a200-150-deteccion-inteligente-mediante-ia-hasta-300-dias-de-bateria-base-magnetica-vision-nocturna\/"},"modified":"2026-04-18T00:17:58","modified_gmt":"2026-04-18T06:17:58","slug":"tp-link-tapo-c425-camara-ip-tp-link-wifi-con-bateria-ip66-panel-solar-tapo-a200-150-deteccion-inteligente-mediante-ia-hasta-300-dias-de-bateria-base-magnetica-vision-nocturna","status":"publish","type":"product","link":"https:\/\/compuviper.mx\/tienda\/producto\/tp-link-tapo-c425-camara-ip-tp-link-wifi-con-bateria-ip66-panel-solar-tapo-a200-150-deteccion-inteligente-mediante-ia-hasta-300-dias-de-bateria-base-magnetica-vision-nocturna\/","title":{"rendered":"Tp Link Tapo C425 Camara Ip Tp-link  Wifi Con Bateria Ip66 Panel Solar Tapo A200 150 Deteccion Inteligente Mediante Ia Hasta 300 Dias De Bateria Base Magnetica Vision Nocturna"},"content":{"rendered":"<table class=\"descripcion\">\n<tr>\n<td>Camara<\/td>\n<\/tr>\n<tr>\n<td>Sensor de imagen<\/td>\n<\/tr>\n<tr>\n<td>Sensor starlight cmos de barrido progresivo de 1\/3<\/td>\n<\/tr>\n<tr>\n<td>Lente<\/td>\n<\/tr>\n<tr>\n<td>Distancia focal: 2,1 mm<\/td>\n<\/tr>\n<tr>\n<td>Apertura: f2.1<\/td>\n<\/tr>\n<tr>\n<td>Campo de visin 150\u00b0 diagonal, 134\u00b0horizontal, 77\u00b0vertical<\/td>\n<\/tr>\n<tr>\n<td>Visin nocturna<\/td>\n<\/tr>\n<tr>\n<td>Led ir de 850 nm 15 m<\/td>\n<\/tr>\n<tr>\n<td>Visin nocturna a todo color<\/td>\n<\/tr>\n<tr>\n<td>Iluminacin<\/td>\n<\/tr>\n<tr>\n<td>4 focos incorporados<\/td>\n<\/tr>\n<tr>\n<td>Interfaz y botn<\/td>\n<\/tr>\n<tr>\n<td>1 botn reset<\/td>\n<\/tr>\n<tr>\n<td>1 botn power<\/td>\n<\/tr>\n<tr>\n<td>Video  and  audio<\/td>\n<\/tr>\n<tr>\n<td>Maximum resolution<\/td>\n<\/tr>\n<tr>\n<td>2k qhd 4mp 2560  1440 px<\/td>\n<\/tr>\n<tr>\n<td>Frame rate<\/td>\n<\/tr>\n<tr>\n<td>15\/20\/25\/30fps<\/td>\n<\/tr>\n<tr>\n<td>Digital zoom<\/td>\n<\/tr>\n<tr>\n<td>12<\/td>\n<\/tr>\n<tr>\n<td>Video compression<\/td>\n<\/tr>\n<tr>\n<td>H.264<\/td>\n<\/tr>\n<tr>\n<td>Live view<\/td>\n<\/tr>\n<tr>\n<td>S<\/td>\n<\/tr>\n<tr>\n<td>Image enhancement<\/td>\n<\/tr>\n<tr>\n<td>3dnr<\/td>\n<\/tr>\n<tr>\n<td>Wdr<\/td>\n<\/tr>\n<tr>\n<td>Audio input  and  output<\/td>\n<\/tr>\n<tr>\n<td>Micrfono y altavoz integrados<\/td>\n<\/tr>\n<tr>\n<td>Audio communication<\/td>\n<\/tr>\n<tr>\n<td>Audio bidireccional con cancelacin de ruido<\/td>\n<\/tr>\n<tr>\n<td>Siren volume<\/td>\n<\/tr>\n<tr>\n<td>94 db nivel medido a 4 pulgadas\/10 cm de distancia<\/td>\n<\/tr>\n<tr>\n<td>Storage<\/td>\n<\/tr>\n<tr>\n<td>Local storage<\/td>\n<\/tr>\n<tr>\n<td>Ranura para tarjetas microsd en la c\u00e1mara hasta 512 gb<\/td>\n<\/tr>\n<tr>\n<td>Informacin general sobre el uso de tarjetas microsd<\/td>\n<\/tr>\n<tr>\n<td>Cloud storage<\/td>\n<\/tr>\n<tr>\n<td>Servicio de almacenamiento en la nube tapo care requiere suscripcin<\/td>\n<\/tr>\n<tr>\n<td>Detection and notifications<\/td>\n<\/tr>\n<tr>\n<td>Sensor<\/td>\n<\/tr>\n<tr>\n<td>Sensor de movimiento nico fov: 130\u00b0 horizontal<\/td>\n<\/tr>\n<tr>\n<td>Un sensor de luz ambiental<\/td>\n<\/tr>\n<tr>\n<td>Ai detection<\/td>\n<\/tr>\n<tr>\n<td>Deteccin de movimiento<\/td>\n<\/tr>\n<tr>\n<td>Deteccin de personas<\/td>\n<\/tr>\n<tr>\n<td>Deteccin de mascotas<\/td>\n<\/tr>\n<tr>\n<td>Deteccin de vehculos<\/td>\n<\/tr>\n<tr>\n<td>Activity zones<\/td>\n<\/tr>\n<tr>\n<td>S<\/td>\n<\/tr>\n<tr>\n<td>Output notification<\/td>\n<\/tr>\n<tr>\n<td>Notificacin del sistema<\/td>\n<\/tr>\n<tr>\n<td>Notificacin del sistema con imagen tapo care<\/td>\n<\/tr>\n<tr>\n<td>Network<\/td>\n<\/tr>\n<tr>\n<td>Network connectivity<\/td>\n<\/tr>\n<tr>\n<td>Conexin wi-fi<\/td>\n<\/tr>\n<tr>\n<td>Wireless connectivity<\/td>\n<\/tr>\n<tr>\n<td>Ieee 802.11b\/g\/n, 2.4 ghz wi-fi<\/td>\n<\/tr>\n<tr>\n<td>Seguridad<\/td>\n<\/tr>\n<tr>\n<td>Security<\/td>\n<\/tr>\n<tr>\n<td>Cifrado aes de 128 bits con ssl\/tls<\/td>\n<\/tr>\n<tr>\n<td>Wpa\/wpa2-psk<\/td>\n<\/tr>\n<tr>\n<td>Alimentacin<\/td>\n<\/tr>\n<tr>\n<td>Power source<\/td>\n<\/tr>\n<tr>\n<td>Batera de iones de litio recargable incorporada de 10000 mah<\/td>\n<\/tr>\n<tr>\n<td>Panel solar opcional: tapo a200 se vende por separado<\/td>\n<\/tr>\n<tr>\n<td>Input voltage<\/td>\n<\/tr>\n<tr>\n<td>Entrada del adaptador: 100-240 v, 50\/60 hz<\/td>\n<\/tr>\n<tr>\n<td>Output voltage<\/td>\n<\/tr>\n<tr>\n<td>Salida del adaptador: 5.0 v, 2.0 a<\/td>\n<\/tr>\n<tr>\n<td>General<\/td>\n<\/tr>\n<tr>\n<td>Smart integration<\/td>\n<\/tr>\n<tr>\n<td>Google assistant, amazon alexa<\/td>\n<\/tr>\n<tr>\n<td>Weather resistance<\/td>\n<\/tr>\n<tr>\n<td>Ip66<\/td>\n<\/tr>\n<tr>\n<td>System requirements<\/td>\n<\/tr>\n<tr>\n<td>Tapo app: ios 11.0 o superior, andriod 5.0 o superior<\/td>\n<\/tr>\n<tr>\n<td>Mounting options<\/td>\n<\/tr>\n<tr>\n<td>Sobremesa<\/td>\n<\/tr>\n<tr>\n<td>Montaje en techo<\/td>\n<\/tr>\n<tr>\n<td>De pared<\/td>\n<\/tr>\n<tr>\n<td>Temperatura de funcionamiento<\/td>\n<\/tr>\n<tr>\n<td>-20 and 8451;~45 and 8451;<\/td>\n<\/tr>\n<tr>\n<td>Storage temperature<\/td>\n<\/tr>\n<tr>\n<td>-20 and 8451;~45 and 8451;<\/td>\n<\/tr>\n<tr>\n<td>Humedad de funcionamiento<\/td>\n<\/tr>\n<tr>\n<td>10~90 hr, sin condensacin<\/td>\n<\/tr>\n<tr>\n<td>Storage humidity<\/td>\n<\/tr>\n<tr>\n<td>5~90 hr, sin condensacin<\/td>\n<\/tr>\n<tr>\n<td>Charging temperature<\/td>\n<\/tr>\n<tr>\n<td>0-45 and 8451;<\/td>\n<\/tr>\n<tr>\n<td>Dimensions<\/td>\n<\/tr>\n<tr>\n<td>Dimensiones de la c\u00e1mara: 116,2  64,8  64,8 mm 4,57  2,55  2,55 pulgadas<\/td>\n<\/tr>\n<tr>\n<td>Contenidos del paquete<\/td>\n<\/tr>\n<tr>\n<td>C\u00e1mara tapo c425<\/td>\n<\/tr>\n<tr>\n<td>Adaptador usb<\/td>\n<\/tr>\n<tr>\n<td>Cable adaptador usb<\/td>\n<\/tr>\n<tr>\n<td>Plantilla de montaje<\/td>\n<\/tr>\n<tr>\n<td>Base magntica<\/td>\n<\/tr>\n<tr>\n<td>Tornillos de montaje<\/td>\n<\/tr>\n<tr>\n<td>Anclajes de montaje<\/td>\n<\/tr>\n<tr>\n<td>Placa met\u00e1lica<\/td>\n<\/tr>\n<tr>\n<td>Adhesivo 3m<\/td>\n<\/tr>\n<tr>\n<td>Gua de inicio r\u00e1pido<\/td>\n<\/tr>\n<tr>\n<td>Certificaciones<\/td>\n<\/tr>\n<tr>\n<td>Ce, fcc, rohs, rcm<\/td>\n<\/tr>\n<\/table>\n","protected":false},"excerpt":{"rendered":"<p>Tapo c425. C\u00e1mara de vigilancia wi-fi con batera. Instalacin sin cables. Gracias a la batera integrada podr\u00e1s colocar las c\u00e1maras en cualquier lugar sin depender de enchufes. Se ajusta f\u00e1cilmente al mejor \u00e1ngulo. Controla cualquier \u00e1ngulo con la base magntica ajustable. Batera de larga duracin 300 das1. Gracias a su reducido consumo solo tendr\u00e1s que recargarla una vez al ao. And 9651. Grabacin de vdeo 2k qhd. Videos y fotos m\u00e1s ntidos con alta resolucin 2560  1440 px. Visin nocturna a todo color. Graba videos con alta calidad de imagen y colores ntidos incluso de noche. Mayor nivel de detalle. Mejora la cobertura visual con un fov superamplio de 150\u00b0. Zona de actividad personalizable: configura zonas de deteccin especficas. Deteccin mediante ia gratuita: gracias a la tecnologa de ia, la c\u00e1mara emite alertas a medida que identifica personas, mascotas y vehculos, lo que reduce las falsas alertas y las notificaciones innecesarias. Resistente al agua y al polvo ip66: la c\u00e1mara est\u00e1 hermticamente sellada frente al agua y el polvo. Panel solar tapo compatible: mantn tu c\u00e1mara en funcionamiento las 24 horas del da con el panel solar tapo a200.<\/p>\n","protected":false},"featured_media":0,"comment_status":"open","ping_status":"open","template":"","meta":[],"product_cat":[1681,1608],"product_tag":[1562],"acf":[],"yoast_head":"<!-- This site is optimized with the Yoast SEO plugin v21.7 - https:\/\/yoast.com\/wordpress\/plugins\/seo\/ -->\n<title>[ Tp Link ] &#129351; Tapo C425 Camara Ip Tp-link Wifi Con Bateria Ip66 Panel Solar Tapo A200 150 Deteccion Inteligente Mediante Ia Hasta 300 Dias De Bateria Base Magnetica Vision Nocturna<\/title>\n<meta name=\"description\" content=\"Compra Tapo C425 Camara Ip Tp-link Wifi Con Bateria Ip66 Panel Solar Tapo A200 150 Deteccion Inteligente Mediante Ia Hasta 300 Dias De Bateria Base Magnetica Vision Nocturna + Env\u00edo a domicilio + Pago seguro + Garant\u00eda\" \/>\n<meta name=\"robots\" content=\"index, follow, max-snippet:-1, max-image-preview:large, max-video-preview:-1\" \/>\n<link rel=\"canonical\" href=\"https:\/\/compuviper.mx\/tienda\/producto\/tp-link-tapo-c425-camara-ip-tp-link-wifi-con-bateria-ip66-panel-solar-tapo-a200-150-deteccion-inteligente-mediante-ia-hasta-300-dias-de-bateria-base-magnetica-vision-nocturna\/\" \/>\n<meta property=\"og:locale\" content=\"es_MX\" \/>\n<meta property=\"og:type\" content=\"article\" \/>\n<meta property=\"og:title\" content=\"[ Tp Link ] &#129351; Tapo C425 Camara Ip Tp-link Wifi Con Bateria Ip66 Panel Solar Tapo A200 150 Deteccion Inteligente Mediante Ia Hasta 300 Dias De Bateria Base Magnetica Vision Nocturna\" \/>\n<meta property=\"og:description\" content=\"Compra Tapo C425 Camara Ip Tp-link Wifi Con Bateria Ip66 Panel Solar Tapo A200 150 Deteccion Inteligente Mediante Ia Hasta 300 Dias De Bateria Base Magnetica Vision Nocturna + Env\u00edo a domicilio + Pago seguro + Garant\u00eda\" \/>\n<meta property=\"og:url\" content=\"https:\/\/compuviper.mx\/tienda\/producto\/tp-link-tapo-c425-camara-ip-tp-link-wifi-con-bateria-ip66-panel-solar-tapo-a200-150-deteccion-inteligente-mediante-ia-hasta-300-dias-de-bateria-base-magnetica-vision-nocturna\/\" \/>\n<meta property=\"og:site_name\" content=\"Compuviper\" \/>\n<meta property=\"article:publisher\" content=\"https:\/\/www.facebook.com\/compuviper\" \/>\n<meta name=\"twitter:card\" content=\"summary_large_image\" \/>\n<meta name=\"twitter:label1\" content=\"Precio\" \/>\n\t<meta name=\"twitter:data1\" content=\"&#36;1,301 con IVA\" \/>\n\t<meta name=\"twitter:label2\" content=\"Availability\" \/>\n\t<meta name=\"twitter:data2\" content=\"On backorder\" \/>\n<script type=\"application\/ld+json\" class=\"yoast-schema-graph\">{\"@context\":\"https:\/\/schema.org\",\"@graph\":[{\"@type\":\"WebPage\",\"@id\":\"https:\/\/compuviper.mx\/tienda\/producto\/tp-link-tapo-c425-camara-ip-tp-link-wifi-con-bateria-ip66-panel-solar-tapo-a200-150-deteccion-inteligente-mediante-ia-hasta-300-dias-de-bateria-base-magnetica-vision-nocturna\/\",\"url\":\"https:\/\/compuviper.mx\/tienda\/producto\/tp-link-tapo-c425-camara-ip-tp-link-wifi-con-bateria-ip66-panel-solar-tapo-a200-150-deteccion-inteligente-mediante-ia-hasta-300-dias-de-bateria-base-magnetica-vision-nocturna\/\",\"name\":\"[ Tp Link ] &#129351; Tapo C425 Camara Ip Tp-link Wifi Con Bateria Ip66 Panel Solar Tapo A200 150 Deteccion Inteligente Mediante Ia Hasta 300 Dias De Bateria Base Magnetica Vision Nocturna\",\"isPartOf\":{\"@id\":\"https:\/\/compuviper.mx\/tienda\/#website\"},\"datePublished\":\"2026-04-18T06:17:58+00:00\",\"dateModified\":\"2026-04-18T06:17:58+00:00\",\"description\":\"Compra Tapo C425 Camara Ip Tp-link Wifi Con Bateria Ip66 Panel Solar Tapo A200 150 Deteccion Inteligente Mediante Ia Hasta 300 Dias De Bateria Base Magnetica Vision Nocturna + Env\u00edo a domicilio + Pago seguro + Garant\u00eda\",\"breadcrumb\":{\"@id\":\"https:\/\/compuviper.mx\/tienda\/producto\/tp-link-tapo-c425-camara-ip-tp-link-wifi-con-bateria-ip66-panel-solar-tapo-a200-150-deteccion-inteligente-mediante-ia-hasta-300-dias-de-bateria-base-magnetica-vision-nocturna\/#breadcrumb\"},\"inLanguage\":\"es-MX\",\"potentialAction\":[{\"@type\":\"ReadAction\",\"target\":[\"https:\/\/compuviper.mx\/tienda\/producto\/tp-link-tapo-c425-camara-ip-tp-link-wifi-con-bateria-ip66-panel-solar-tapo-a200-150-deteccion-inteligente-mediante-ia-hasta-300-dias-de-bateria-base-magnetica-vision-nocturna\/\"]}]},{\"@type\":\"BreadcrumbList\",\"@id\":\"https:\/\/compuviper.mx\/tienda\/producto\/tp-link-tapo-c425-camara-ip-tp-link-wifi-con-bateria-ip66-panel-solar-tapo-a200-150-deteccion-inteligente-mediante-ia-hasta-300-dias-de-bateria-base-magnetica-vision-nocturna\/#breadcrumb\",\"itemListElement\":[{\"@type\":\"ListItem\",\"position\":1,\"name\":\"Inicio\",\"item\":\"https:\/\/compuviper.mx\/tienda\/\"},{\"@type\":\"ListItem\",\"position\":2,\"name\":\"Productos\",\"item\":\"https:\/\/compuviper.mx\/tienda\/productos\/\"},{\"@type\":\"ListItem\",\"position\":3,\"name\":\"Camaras\",\"item\":\"https:\/\/compuviper.mx\/tienda\/categoria-producto\/camaras-2\/\"},{\"@type\":\"ListItem\",\"position\":4,\"name\":\"Camara De Videovigilancia\",\"item\":\"https:\/\/compuviper.mx\/tienda\/categoria-producto\/camaras-2\/camara-de-videovigilancia\/\"},{\"@type\":\"ListItem\",\"position\":5,\"name\":\"Tp Link Tapo C425 Camara Ip Tp-link Wifi Con Bateria Ip66 Panel Solar Tapo A200 150 Deteccion Inteligente Mediante Ia Hasta 300 Dias De Bateria Base Magnetica Vision Nocturna\"}]},{\"@type\":\"WebSite\",\"@id\":\"https:\/\/compuviper.mx\/tienda\/#website\",\"url\":\"https:\/\/compuviper.mx\/tienda\/\",\"name\":\"Compuviper\",\"description\":\"Proveedor de Computadoras, Laptops, Servidores, Monitores, Puntos de Venta, Teclados,   Impresoras, T\u00f3ner, C\u00e1maras de Seguridad y m\u00e1s en tu tienda en l\u00ednea\",\"publisher\":{\"@id\":\"https:\/\/compuviper.mx\/tienda\/#organization\"},\"potentialAction\":[{\"@type\":\"SearchAction\",\"target\":{\"@type\":\"EntryPoint\",\"urlTemplate\":\"https:\/\/compuviper.mx\/tienda\/?s={search_term_string}\"},\"query-input\":\"required name=search_term_string\"}],\"inLanguage\":\"es-MX\"},{\"@type\":\"Organization\",\"@id\":\"https:\/\/compuviper.mx\/tienda\/#organization\",\"name\":\"Compuviper\",\"url\":\"https:\/\/compuviper.mx\/tienda\/\",\"logo\":{\"@type\":\"ImageObject\",\"inLanguage\":\"es-MX\",\"@id\":\"https:\/\/compuviper.mx\/tienda\/#\/schema\/logo\/image\/\",\"url\":\"https:\/\/compuviper.mx\/tienda\/wp-content\/uploads\/2021\/08\/Logo-Compuviper-10.png\",\"contentUrl\":\"https:\/\/compuviper.mx\/tienda\/wp-content\/uploads\/2021\/08\/Logo-Compuviper-10.png\",\"width\":1000,\"height\":500,\"caption\":\"Compuviper\"},\"image\":{\"@id\":\"https:\/\/compuviper.mx\/tienda\/#\/schema\/logo\/image\/\"},\"sameAs\":[\"https:\/\/www.facebook.com\/compuviper\",\"https:\/\/www.youtube.com\/channel\/UCf73dERp9Y3cfOq7q8BhLjA?view_as=subscriber\"]}]}<\/script>\n<meta property=\"product:brand\" content=\"TP LINK\" \/>\n<meta property=\"product:price:amount\" content=\"1301\" \/>\n<meta property=\"product:price:currency\" content=\"MXN\" \/>\n<meta property=\"og:availability\" content=\"backorder\" \/>\n<meta property=\"product:availability\" content=\"available for order\" \/>\n<meta property=\"product:retailer_item_id\" content=\"TAPO C425\" \/>\n<meta property=\"product:condition\" content=\"new\" \/>\n<!-- \/ Yoast SEO plugin. -->","yoast_head_json":{"title":"[ Tp Link ] &#129351; Tapo C425 Camara Ip Tp-link Wifi Con Bateria Ip66 Panel Solar Tapo A200 150 Deteccion Inteligente Mediante Ia Hasta 300 Dias De Bateria Base Magnetica Vision Nocturna","description":"Compra Tapo C425 Camara Ip Tp-link Wifi Con Bateria Ip66 Panel Solar Tapo A200 150 Deteccion Inteligente Mediante Ia Hasta 300 Dias De Bateria Base Magnetica Vision Nocturna + Env\u00edo a domicilio + Pago seguro + Garant\u00eda","robots":{"index":"index","follow":"follow","max-snippet":"max-snippet:-1","max-image-preview":"max-image-preview:large","max-video-preview":"max-video-preview:-1"},"canonical":"https:\/\/compuviper.mx\/tienda\/producto\/tp-link-tapo-c425-camara-ip-tp-link-wifi-con-bateria-ip66-panel-solar-tapo-a200-150-deteccion-inteligente-mediante-ia-hasta-300-dias-de-bateria-base-magnetica-vision-nocturna\/","og_locale":"es_MX","og_type":"article","og_title":"[ Tp Link ] &#129351; Tapo C425 Camara Ip Tp-link Wifi Con Bateria Ip66 Panel Solar Tapo A200 150 Deteccion Inteligente Mediante Ia Hasta 300 Dias De Bateria Base Magnetica Vision Nocturna","og_description":"Compra Tapo C425 Camara Ip Tp-link Wifi Con Bateria Ip66 Panel Solar Tapo A200 150 Deteccion Inteligente Mediante Ia Hasta 300 Dias De Bateria Base Magnetica Vision Nocturna + Env\u00edo a domicilio + Pago seguro + Garant\u00eda","og_url":"https:\/\/compuviper.mx\/tienda\/producto\/tp-link-tapo-c425-camara-ip-tp-link-wifi-con-bateria-ip66-panel-solar-tapo-a200-150-deteccion-inteligente-mediante-ia-hasta-300-dias-de-bateria-base-magnetica-vision-nocturna\/","og_site_name":"Compuviper","article_publisher":"https:\/\/www.facebook.com\/compuviper","twitter_card":"summary_large_image","twitter_misc":{"Precio":"&#36;1,301 con IVA","Availability":"On backorder"},"schema":{"@context":"https:\/\/schema.org","@graph":[{"@type":"WebPage","@id":"https:\/\/compuviper.mx\/tienda\/producto\/tp-link-tapo-c425-camara-ip-tp-link-wifi-con-bateria-ip66-panel-solar-tapo-a200-150-deteccion-inteligente-mediante-ia-hasta-300-dias-de-bateria-base-magnetica-vision-nocturna\/","url":"https:\/\/compuviper.mx\/tienda\/producto\/tp-link-tapo-c425-camara-ip-tp-link-wifi-con-bateria-ip66-panel-solar-tapo-a200-150-deteccion-inteligente-mediante-ia-hasta-300-dias-de-bateria-base-magnetica-vision-nocturna\/","name":"[ Tp Link ] &#129351; Tapo C425 Camara Ip Tp-link Wifi Con Bateria Ip66 Panel Solar Tapo A200 150 Deteccion Inteligente Mediante Ia Hasta 300 Dias De Bateria Base Magnetica Vision Nocturna","isPartOf":{"@id":"https:\/\/compuviper.mx\/tienda\/#website"},"datePublished":"2026-04-18T06:17:58+00:00","dateModified":"2026-04-18T06:17:58+00:00","description":"Compra Tapo C425 Camara Ip Tp-link Wifi Con Bateria Ip66 Panel Solar Tapo A200 150 Deteccion Inteligente Mediante Ia Hasta 300 Dias De Bateria Base Magnetica Vision Nocturna + Env\u00edo a domicilio + Pago seguro + Garant\u00eda","breadcrumb":{"@id":"https:\/\/compuviper.mx\/tienda\/producto\/tp-link-tapo-c425-camara-ip-tp-link-wifi-con-bateria-ip66-panel-solar-tapo-a200-150-deteccion-inteligente-mediante-ia-hasta-300-dias-de-bateria-base-magnetica-vision-nocturna\/#breadcrumb"},"inLanguage":"es-MX","potentialAction":[{"@type":"ReadAction","target":["https:\/\/compuviper.mx\/tienda\/producto\/tp-link-tapo-c425-camara-ip-tp-link-wifi-con-bateria-ip66-panel-solar-tapo-a200-150-deteccion-inteligente-mediante-ia-hasta-300-dias-de-bateria-base-magnetica-vision-nocturna\/"]}]},{"@type":"BreadcrumbList","@id":"https:\/\/compuviper.mx\/tienda\/producto\/tp-link-tapo-c425-camara-ip-tp-link-wifi-con-bateria-ip66-panel-solar-tapo-a200-150-deteccion-inteligente-mediante-ia-hasta-300-dias-de-bateria-base-magnetica-vision-nocturna\/#breadcrumb","itemListElement":[{"@type":"ListItem","position":1,"name":"Inicio","item":"https:\/\/compuviper.mx\/tienda\/"},{"@type":"ListItem","position":2,"name":"Productos","item":"https:\/\/compuviper.mx\/tienda\/productos\/"},{"@type":"ListItem","position":3,"name":"Camaras","item":"https:\/\/compuviper.mx\/tienda\/categoria-producto\/camaras-2\/"},{"@type":"ListItem","position":4,"name":"Camara De Videovigilancia","item":"https:\/\/compuviper.mx\/tienda\/categoria-producto\/camaras-2\/camara-de-videovigilancia\/"},{"@type":"ListItem","position":5,"name":"Tp Link Tapo C425 Camara Ip Tp-link Wifi Con Bateria Ip66 Panel Solar Tapo A200 150 Deteccion Inteligente Mediante Ia Hasta 300 Dias De Bateria Base Magnetica Vision Nocturna"}]},{"@type":"WebSite","@id":"https:\/\/compuviper.mx\/tienda\/#website","url":"https:\/\/compuviper.mx\/tienda\/","name":"Compuviper","description":"Proveedor de Computadoras, Laptops, Servidores, Monitores, Puntos de Venta, Teclados,   Impresoras, T\u00f3ner, C\u00e1maras de Seguridad y m\u00e1s en tu tienda en l\u00ednea","publisher":{"@id":"https:\/\/compuviper.mx\/tienda\/#organization"},"potentialAction":[{"@type":"SearchAction","target":{"@type":"EntryPoint","urlTemplate":"https:\/\/compuviper.mx\/tienda\/?s={search_term_string}"},"query-input":"required name=search_term_string"}],"inLanguage":"es-MX"},{"@type":"Organization","@id":"https:\/\/compuviper.mx\/tienda\/#organization","name":"Compuviper","url":"https:\/\/compuviper.mx\/tienda\/","logo":{"@type":"ImageObject","inLanguage":"es-MX","@id":"https:\/\/compuviper.mx\/tienda\/#\/schema\/logo\/image\/","url":"https:\/\/compuviper.mx\/tienda\/wp-content\/uploads\/2021\/08\/Logo-Compuviper-10.png","contentUrl":"https:\/\/compuviper.mx\/tienda\/wp-content\/uploads\/2021\/08\/Logo-Compuviper-10.png","width":1000,"height":500,"caption":"Compuviper"},"image":{"@id":"https:\/\/compuviper.mx\/tienda\/#\/schema\/logo\/image\/"},"sameAs":["https:\/\/www.facebook.com\/compuviper","https:\/\/www.youtube.com\/channel\/UCf73dERp9Y3cfOq7q8BhLjA?view_as=subscriber"]}]},"product_brand":"TP LINK","product_price_amount":"1301","product_price_currency":"MXN","og_availability":"backorder","product_availability":"available for order","product_retailer_item_id":"TAPO C425","product_condition":"new"},"_links":{"self":[{"href":"https:\/\/compuviper.mx\/tienda\/wp-json\/wp\/v2\/product\/268846"}],"collection":[{"href":"https:\/\/compuviper.mx\/tienda\/wp-json\/wp\/v2\/product"}],"about":[{"href":"https:\/\/compuviper.mx\/tienda\/wp-json\/wp\/v2\/types\/product"}],"replies":[{"embeddable":true,"href":"https:\/\/compuviper.mx\/tienda\/wp-json\/wp\/v2\/comments?post=268846"}],"wp:attachment":[{"href":"https:\/\/compuviper.mx\/tienda\/wp-json\/wp\/v2\/media?parent=268846"}],"wp:term":[{"taxonomy":"product_cat","embeddable":true,"href":"https:\/\/compuviper.mx\/tienda\/wp-json\/wp\/v2\/product_cat?post=268846"},{"taxonomy":"product_tag","embeddable":true,"href":"https:\/\/compuviper.mx\/tienda\/wp-json\/wp\/v2\/product_tag?post=268846"}],"curies":[{"name":"wp","href":"https:\/\/api.w.org\/{rel}","templated":true}]}}