{"id":268840,"date":"2026-04-18T02:00:19","date_gmt":"2026-04-18T08:00:19","guid":{"rendered":"https:\/\/compuviper.mx\/tienda\/producto\/adata-ausdx512guicl10a1-ra1-memoria-micro-sdxc-sdhc-512gb-uhs-i-100mb-25mb-clase-10-v10-a1-c-adaptador\/"},"modified":"2026-04-19T00:00:32","modified_gmt":"2026-04-19T06:00:32","slug":"adata-ausdx512guicl10a1-ra1-memoria-micro-sdxc-sdhc-512gb-uhs-i-100mb-25mb-clase-10-v10-a1-c-adaptador","status":"publish","type":"product","link":"https:\/\/compuviper.mx\/tienda\/producto\/adata-ausdx512guicl10a1-ra1-memoria-micro-sdxc-sdhc-512gb-uhs-i-100mb-25mb-clase-10-v10-a1-c-adaptador\/","title":{"rendered":"Adata Ausdx512guicl10a1-ra1 Memoria  Micro Sdxc\/sdhc 512gb Uhs-i 100mb\/25mb Clase 10 V10 A1 C\/adaptador ()"},"content":{"rendered":"<table class=\"descripcion\">\n<tr>\n<td>Especifi caciones<\/td>\n<\/tr>\n<tr>\n<td>Velocidad de datos uhs-i clase 10:admite full hd 1080p grabaci\u00f3n de v\u00eddeo<\/td>\n<\/tr>\n<tr>\n<td>Calificaci\u00f3n a1: ayuda a instalar y a ejecutar aplicaciones  m\u00e1s r\u00e1pido<\/td>\n<\/tr>\n<tr>\n<td>Clase de velocidad de video v10: puede grabar un m\u00ednimo de 10 mb de v\u00eddeo por segundo<\/td>\n<\/tr>\n<tr>\n<td> alta compatibilidad entre m\u00faltiplex  dispositivos smartphones, tables c\u00e1maras digital es y v\u00eddeo grabadoras<\/td>\n<\/tr>\n<tr>\n<td>\u0095 protecci\u00f3n contra escritura y ecc( c\u00f3digo de correcci\u00f3n  de errores)<\/td>\n<\/tr>\n<tr>\n<td>Durabilidad robusta impermeable, a prueba de golpes, anti-est\u00e1tica, aprueba de rayos x y con amplio soporte de temperatura (-25\u00b0c a 85\u00b0c)<\/td>\n<\/tr>\n<\/table>\n","protected":false},"excerpt":{"rendered":"<p>Las tarjetas de memoria premier micro sdxc\/sdhc uhs-i clase 10 brindan velocidades de lectura de hasta 100 mb por segundo para archivos r\u00e1pidos. Transferencia . Con una clasificaci\u00f3n de rendimiento de clase 10,las tarjetas de memoria premier micro sdxc\/sdhc uhs-i permiten grabaci\u00f3n ininterrumpida y de alta calidad de v\u00eddeo full hd en tel\u00e9fonos inteligentes y tabletas. Tambi\u00e9n cumple con el est\u00e1ndar a1 para ejecuci\u00f3n m\u00e1s r\u00e1pida y fluida de aplicaciones. Al estar calificados v10 (video speed class),pueden grabar hasta 10 mb de video por segundo.<\/p>\n","protected":false},"featured_media":0,"comment_status":"open","ping_status":"open","template":"","meta":[],"product_cat":[1795,1793],"product_tag":[1539],"acf":[],"yoast_head":"<!-- This site is optimized with the Yoast SEO plugin v21.7 - https:\/\/yoast.com\/wordpress\/plugins\/seo\/ -->\n<title>[ Adata ] &#129351; Ausdx512guicl10a1-ra1 Memoria Micro Sdxc\/sdhc 512gb Uhs-i 100mb\/25mb Clase 10 V10 A1 C\/adaptador ()<\/title>\n<meta name=\"description\" content=\"Compra Ausdx512guicl10a1-ra1 Memoria Micro Sdxc\/sdhc 512gb Uhs-i 100mb\/25mb Clase 10 V10 A1 C\/adaptador () + Env\u00edo a domicilio + Pago seguro + Garant\u00eda\" \/>\n<meta name=\"robots\" content=\"index, follow, max-snippet:-1, max-image-preview:large, max-video-preview:-1\" \/>\n<link rel=\"canonical\" href=\"https:\/\/compuviper.mx\/tienda\/producto\/adata-ausdx512guicl10a1-ra1-memoria-micro-sdxc-sdhc-512gb-uhs-i-100mb-25mb-clase-10-v10-a1-c-adaptador\/\" \/>\n<meta property=\"og:locale\" content=\"es_MX\" \/>\n<meta property=\"og:type\" content=\"article\" \/>\n<meta property=\"og:title\" content=\"[ Adata ] &#129351; Ausdx512guicl10a1-ra1 Memoria Micro Sdxc\/sdhc 512gb Uhs-i 100mb\/25mb Clase 10 V10 A1 C\/adaptador ()\" \/>\n<meta property=\"og:description\" content=\"Compra Ausdx512guicl10a1-ra1 Memoria Micro Sdxc\/sdhc 512gb Uhs-i 100mb\/25mb Clase 10 V10 A1 C\/adaptador () + Env\u00edo a domicilio + Pago seguro + Garant\u00eda\" \/>\n<meta property=\"og:url\" content=\"https:\/\/compuviper.mx\/tienda\/producto\/adata-ausdx512guicl10a1-ra1-memoria-micro-sdxc-sdhc-512gb-uhs-i-100mb-25mb-clase-10-v10-a1-c-adaptador\/\" \/>\n<meta property=\"og:site_name\" content=\"Compuviper\" \/>\n<meta property=\"article:publisher\" content=\"https:\/\/www.facebook.com\/compuviper\" \/>\n<meta property=\"article:modified_time\" content=\"2026-04-19T06:00:32+00:00\" \/>\n<meta name=\"twitter:card\" content=\"summary_large_image\" \/>\n<meta name=\"twitter:label1\" content=\"Precio\" \/>\n\t<meta name=\"twitter:data1\" content=\"&#36;1,341 con IVA\" \/>\n\t<meta name=\"twitter:label2\" content=\"Availability\" \/>\n\t<meta name=\"twitter:data2\" content=\"Out of stock\" \/>\n<script type=\"application\/ld+json\" class=\"yoast-schema-graph\">{\"@context\":\"https:\/\/schema.org\",\"@graph\":[{\"@type\":\"WebPage\",\"@id\":\"https:\/\/compuviper.mx\/tienda\/producto\/adata-ausdx512guicl10a1-ra1-memoria-micro-sdxc-sdhc-512gb-uhs-i-100mb-25mb-clase-10-v10-a1-c-adaptador\/\",\"url\":\"https:\/\/compuviper.mx\/tienda\/producto\/adata-ausdx512guicl10a1-ra1-memoria-micro-sdxc-sdhc-512gb-uhs-i-100mb-25mb-clase-10-v10-a1-c-adaptador\/\",\"name\":\"[ Adata ] &#129351; Ausdx512guicl10a1-ra1 Memoria Micro Sdxc\/sdhc 512gb Uhs-i 100mb\/25mb Clase 10 V10 A1 C\/adaptador ()\",\"isPartOf\":{\"@id\":\"https:\/\/compuviper.mx\/tienda\/#website\"},\"datePublished\":\"2026-04-18T08:00:19+00:00\",\"dateModified\":\"2026-04-19T06:00:32+00:00\",\"description\":\"Compra Ausdx512guicl10a1-ra1 Memoria Micro Sdxc\/sdhc 512gb Uhs-i 100mb\/25mb Clase 10 V10 A1 C\/adaptador () + Env\u00edo a domicilio + Pago seguro + Garant\u00eda\",\"breadcrumb\":{\"@id\":\"https:\/\/compuviper.mx\/tienda\/producto\/adata-ausdx512guicl10a1-ra1-memoria-micro-sdxc-sdhc-512gb-uhs-i-100mb-25mb-clase-10-v10-a1-c-adaptador\/#breadcrumb\"},\"inLanguage\":\"es-MX\",\"potentialAction\":[{\"@type\":\"ReadAction\",\"target\":[\"https:\/\/compuviper.mx\/tienda\/producto\/adata-ausdx512guicl10a1-ra1-memoria-micro-sdxc-sdhc-512gb-uhs-i-100mb-25mb-clase-10-v10-a1-c-adaptador\/\"]}]},{\"@type\":\"BreadcrumbList\",\"@id\":\"https:\/\/compuviper.mx\/tienda\/producto\/adata-ausdx512guicl10a1-ra1-memoria-micro-sdxc-sdhc-512gb-uhs-i-100mb-25mb-clase-10-v10-a1-c-adaptador\/#breadcrumb\",\"itemListElement\":[{\"@type\":\"ListItem\",\"position\":1,\"name\":\"Inicio\",\"item\":\"https:\/\/compuviper.mx\/tienda\/\"},{\"@type\":\"ListItem\",\"position\":2,\"name\":\"Productos\",\"item\":\"https:\/\/compuviper.mx\/tienda\/productos\/\"},{\"@type\":\"ListItem\",\"position\":3,\"name\":\"Memorias\",\"item\":\"https:\/\/compuviper.mx\/tienda\/categoria-producto\/memorias\/\"},{\"@type\":\"ListItem\",\"position\":4,\"name\":\"Memoria Flash Card\",\"item\":\"https:\/\/compuviper.mx\/tienda\/categoria-producto\/memorias\/memoria-flash-card\/\"},{\"@type\":\"ListItem\",\"position\":5,\"name\":\"Adata Ausdx512guicl10a1-ra1 Memoria Micro Sdxc\/sdhc 512gb Uhs-i 100mb\/25mb Clase 10 V10 A1 C\/adaptador ()\"}]},{\"@type\":\"WebSite\",\"@id\":\"https:\/\/compuviper.mx\/tienda\/#website\",\"url\":\"https:\/\/compuviper.mx\/tienda\/\",\"name\":\"Compuviper\",\"description\":\"Proveedor de Computadoras, Laptops, Servidores, Monitores, Puntos de Venta, Teclados,   Impresoras, T\u00f3ner, C\u00e1maras de Seguridad y m\u00e1s en tu tienda en l\u00ednea\",\"publisher\":{\"@id\":\"https:\/\/compuviper.mx\/tienda\/#organization\"},\"potentialAction\":[{\"@type\":\"SearchAction\",\"target\":{\"@type\":\"EntryPoint\",\"urlTemplate\":\"https:\/\/compuviper.mx\/tienda\/?s={search_term_string}\"},\"query-input\":\"required name=search_term_string\"}],\"inLanguage\":\"es-MX\"},{\"@type\":\"Organization\",\"@id\":\"https:\/\/compuviper.mx\/tienda\/#organization\",\"name\":\"Compuviper\",\"url\":\"https:\/\/compuviper.mx\/tienda\/\",\"logo\":{\"@type\":\"ImageObject\",\"inLanguage\":\"es-MX\",\"@id\":\"https:\/\/compuviper.mx\/tienda\/#\/schema\/logo\/image\/\",\"url\":\"https:\/\/compuviper.mx\/tienda\/wp-content\/uploads\/2021\/08\/Logo-Compuviper-10.png\",\"contentUrl\":\"https:\/\/compuviper.mx\/tienda\/wp-content\/uploads\/2021\/08\/Logo-Compuviper-10.png\",\"width\":1000,\"height\":500,\"caption\":\"Compuviper\"},\"image\":{\"@id\":\"https:\/\/compuviper.mx\/tienda\/#\/schema\/logo\/image\/\"},\"sameAs\":[\"https:\/\/www.facebook.com\/compuviper\",\"https:\/\/www.youtube.com\/channel\/UCf73dERp9Y3cfOq7q8BhLjA?view_as=subscriber\"]}]}<\/script>\n<meta property=\"product:brand\" content=\"ADATA\" \/>\n<meta property=\"product:price:amount\" content=\"1341\" \/>\n<meta property=\"product:price:currency\" content=\"MXN\" \/>\n<meta property=\"og:availability\" content=\"out of stock\" \/>\n<meta property=\"product:availability\" content=\"out of stock\" \/>\n<meta property=\"product:retailer_item_id\" content=\"AUSDX512GUICL10A1-RA1\" \/>\n<meta property=\"product:condition\" content=\"new\" \/>\n<!-- \/ Yoast SEO plugin. -->","yoast_head_json":{"title":"[ Adata ] &#129351; Ausdx512guicl10a1-ra1 Memoria Micro Sdxc\/sdhc 512gb Uhs-i 100mb\/25mb Clase 10 V10 A1 C\/adaptador ()","description":"Compra Ausdx512guicl10a1-ra1 Memoria Micro Sdxc\/sdhc 512gb Uhs-i 100mb\/25mb Clase 10 V10 A1 C\/adaptador () + Env\u00edo a domicilio + Pago seguro + Garant\u00eda","robots":{"index":"index","follow":"follow","max-snippet":"max-snippet:-1","max-image-preview":"max-image-preview:large","max-video-preview":"max-video-preview:-1"},"canonical":"https:\/\/compuviper.mx\/tienda\/producto\/adata-ausdx512guicl10a1-ra1-memoria-micro-sdxc-sdhc-512gb-uhs-i-100mb-25mb-clase-10-v10-a1-c-adaptador\/","og_locale":"es_MX","og_type":"article","og_title":"[ Adata ] &#129351; Ausdx512guicl10a1-ra1 Memoria Micro Sdxc\/sdhc 512gb Uhs-i 100mb\/25mb Clase 10 V10 A1 C\/adaptador ()","og_description":"Compra Ausdx512guicl10a1-ra1 Memoria Micro Sdxc\/sdhc 512gb Uhs-i 100mb\/25mb Clase 10 V10 A1 C\/adaptador () + Env\u00edo a domicilio + Pago seguro + Garant\u00eda","og_url":"https:\/\/compuviper.mx\/tienda\/producto\/adata-ausdx512guicl10a1-ra1-memoria-micro-sdxc-sdhc-512gb-uhs-i-100mb-25mb-clase-10-v10-a1-c-adaptador\/","og_site_name":"Compuviper","article_publisher":"https:\/\/www.facebook.com\/compuviper","article_modified_time":"2026-04-19T06:00:32+00:00","twitter_card":"summary_large_image","twitter_misc":{"Precio":"&#36;1,341 con IVA","Availability":"Out of stock"},"schema":{"@context":"https:\/\/schema.org","@graph":[{"@type":"WebPage","@id":"https:\/\/compuviper.mx\/tienda\/producto\/adata-ausdx512guicl10a1-ra1-memoria-micro-sdxc-sdhc-512gb-uhs-i-100mb-25mb-clase-10-v10-a1-c-adaptador\/","url":"https:\/\/compuviper.mx\/tienda\/producto\/adata-ausdx512guicl10a1-ra1-memoria-micro-sdxc-sdhc-512gb-uhs-i-100mb-25mb-clase-10-v10-a1-c-adaptador\/","name":"[ Adata ] &#129351; Ausdx512guicl10a1-ra1 Memoria Micro Sdxc\/sdhc 512gb Uhs-i 100mb\/25mb Clase 10 V10 A1 C\/adaptador ()","isPartOf":{"@id":"https:\/\/compuviper.mx\/tienda\/#website"},"datePublished":"2026-04-18T08:00:19+00:00","dateModified":"2026-04-19T06:00:32+00:00","description":"Compra Ausdx512guicl10a1-ra1 Memoria Micro Sdxc\/sdhc 512gb Uhs-i 100mb\/25mb Clase 10 V10 A1 C\/adaptador () + Env\u00edo a domicilio + Pago seguro + Garant\u00eda","breadcrumb":{"@id":"https:\/\/compuviper.mx\/tienda\/producto\/adata-ausdx512guicl10a1-ra1-memoria-micro-sdxc-sdhc-512gb-uhs-i-100mb-25mb-clase-10-v10-a1-c-adaptador\/#breadcrumb"},"inLanguage":"es-MX","potentialAction":[{"@type":"ReadAction","target":["https:\/\/compuviper.mx\/tienda\/producto\/adata-ausdx512guicl10a1-ra1-memoria-micro-sdxc-sdhc-512gb-uhs-i-100mb-25mb-clase-10-v10-a1-c-adaptador\/"]}]},{"@type":"BreadcrumbList","@id":"https:\/\/compuviper.mx\/tienda\/producto\/adata-ausdx512guicl10a1-ra1-memoria-micro-sdxc-sdhc-512gb-uhs-i-100mb-25mb-clase-10-v10-a1-c-adaptador\/#breadcrumb","itemListElement":[{"@type":"ListItem","position":1,"name":"Inicio","item":"https:\/\/compuviper.mx\/tienda\/"},{"@type":"ListItem","position":2,"name":"Productos","item":"https:\/\/compuviper.mx\/tienda\/productos\/"},{"@type":"ListItem","position":3,"name":"Memorias","item":"https:\/\/compuviper.mx\/tienda\/categoria-producto\/memorias\/"},{"@type":"ListItem","position":4,"name":"Memoria Flash Card","item":"https:\/\/compuviper.mx\/tienda\/categoria-producto\/memorias\/memoria-flash-card\/"},{"@type":"ListItem","position":5,"name":"Adata Ausdx512guicl10a1-ra1 Memoria Micro Sdxc\/sdhc 512gb Uhs-i 100mb\/25mb Clase 10 V10 A1 C\/adaptador ()"}]},{"@type":"WebSite","@id":"https:\/\/compuviper.mx\/tienda\/#website","url":"https:\/\/compuviper.mx\/tienda\/","name":"Compuviper","description":"Proveedor de Computadoras, Laptops, Servidores, Monitores, Puntos de Venta, Teclados,   Impresoras, T\u00f3ner, C\u00e1maras de Seguridad y m\u00e1s en tu tienda en l\u00ednea","publisher":{"@id":"https:\/\/compuviper.mx\/tienda\/#organization"},"potentialAction":[{"@type":"SearchAction","target":{"@type":"EntryPoint","urlTemplate":"https:\/\/compuviper.mx\/tienda\/?s={search_term_string}"},"query-input":"required name=search_term_string"}],"inLanguage":"es-MX"},{"@type":"Organization","@id":"https:\/\/compuviper.mx\/tienda\/#organization","name":"Compuviper","url":"https:\/\/compuviper.mx\/tienda\/","logo":{"@type":"ImageObject","inLanguage":"es-MX","@id":"https:\/\/compuviper.mx\/tienda\/#\/schema\/logo\/image\/","url":"https:\/\/compuviper.mx\/tienda\/wp-content\/uploads\/2021\/08\/Logo-Compuviper-10.png","contentUrl":"https:\/\/compuviper.mx\/tienda\/wp-content\/uploads\/2021\/08\/Logo-Compuviper-10.png","width":1000,"height":500,"caption":"Compuviper"},"image":{"@id":"https:\/\/compuviper.mx\/tienda\/#\/schema\/logo\/image\/"},"sameAs":["https:\/\/www.facebook.com\/compuviper","https:\/\/www.youtube.com\/channel\/UCf73dERp9Y3cfOq7q8BhLjA?view_as=subscriber"]}]},"product_brand":"ADATA","product_price_amount":"1341","product_price_currency":"MXN","og_availability":"out of stock","product_availability":"out of stock","product_retailer_item_id":"AUSDX512GUICL10A1-RA1","product_condition":"new"},"_links":{"self":[{"href":"https:\/\/compuviper.mx\/tienda\/wp-json\/wp\/v2\/product\/268840"}],"collection":[{"href":"https:\/\/compuviper.mx\/tienda\/wp-json\/wp\/v2\/product"}],"about":[{"href":"https:\/\/compuviper.mx\/tienda\/wp-json\/wp\/v2\/types\/product"}],"replies":[{"embeddable":true,"href":"https:\/\/compuviper.mx\/tienda\/wp-json\/wp\/v2\/comments?post=268840"}],"wp:attachment":[{"href":"https:\/\/compuviper.mx\/tienda\/wp-json\/wp\/v2\/media?parent=268840"}],"wp:term":[{"taxonomy":"product_cat","embeddable":true,"href":"https:\/\/compuviper.mx\/tienda\/wp-json\/wp\/v2\/product_cat?post=268840"},{"taxonomy":"product_tag","embeddable":true,"href":"https:\/\/compuviper.mx\/tienda\/wp-json\/wp\/v2\/product_tag?post=268840"}],"curies":[{"name":"wp","href":"https:\/\/api.w.org\/{rel}","templated":true}]}}