{"id":268822,"date":"2026-04-16T01:13:37","date_gmt":"2026-04-16T07:13:37","guid":{"rendered":"https:\/\/compuviper.mx\/tienda\/producto\/apple-z1fbz1fb000j5-macbook-pro-14-pulgadas-chip-m4-pro-de-con-12cpu-y-16gpu-24gb-1tb-ssd-3-puertos-thunderbolt-5-hdmi-ad-usb-c-70w-magic-keyboard-con-touch-id-plata\/"},"modified":"2026-04-16T01:13:37","modified_gmt":"2026-04-16T07:13:37","slug":"apple-z1fbz1fb000j5-macbook-pro-14-pulgadas-chip-m4-pro-de-con-12cpu-y-16gpu-24gb-1tb-ssd-3-puertos-thunderbolt-5-hdmi-ad-usb-c-70w-magic-keyboard-con-touch-id-plata","status":"publish","type":"product","link":"https:\/\/compuviper.mx\/tienda\/producto\/apple-z1fbz1fb000j5-macbook-pro-14-pulgadas-chip-m4-pro-de-con-12cpu-y-16gpu-24gb-1tb-ssd-3-puertos-thunderbolt-5-hdmi-ad-usb-c-70w-magic-keyboard-con-touch-id-plata\/","title":{"rendered":"Apple Z1fb,z1fb000j5 Macbook Pro 14 Pulgadas\/chip M4 Pro De  Con 12cpu Y 16gpu\/24gb\/1tb Ssd\/3 Puertos Thunderbolt 5\/hdmi\/ad Usb-c 70w\/magic Keyboard Con Touch Id\/plata"},"content":{"rendered":"<table class=\"descripcion\">\n<tr>\n<td>Macbook pro de\u00a014\u00a0pulgadas: plata\u00a0<\/td>\n<\/tr>\n<tr>\n<td>C\u00f3digo de producto\u00a0z1fb<\/td>\n<\/tr>\n<tr>\n<td>Especificaciones<\/td>\n<\/tr>\n<tr>\n<td>Macbook pro de\u00a014\u00a0pulgadas: plata<\/td>\n<\/tr>\n<tr>\n<td>Chip (procesador): (065-cjg0) &#8211; chip m4\u00a0pro de apple con cpu de\u00a012\u00a0n\u00facleos, gpu de\u00a016\u00a0n\u00facleos y neural engine de\u00a016\u00a0n\u00facleosmemoria: (065-cjg4) &#8211;<\/td>\n<\/tr>\n<tr>\n<td>Memoria unificada de 24\u00a0gb<\/td>\n<\/tr>\n<tr>\n<td>Almacenamiento: (065-cjgd) &#8211; almacenamiento ssd de\u00a01\u00a0tb<\/td>\n<\/tr>\n<tr>\n<td>Adaptador de corriente: (065-cjj6) &#8211; adaptador de corriente usb-c de 70\u00a0w<\/td>\n<\/tr>\n<tr>\n<td>Thunderbolt: (065-cjjf) &#8211; tres puertos thunderbolt\u00a05, puerto hdmi, ranura para tarjeta sdxc y puerto magsafe\u00a03<\/td>\n<\/tr>\n<tr>\n<td>Pantalla: (065-cjjh) &#8211; pantalla liquid retina xdr de\u00a014\u00a0pulgadas<\/td>\n<\/tr>\n<tr>\n<td>Pantalla: (065-cjj2) &#8211; pantalla con acabado est\u00e1ndar<\/td>\n<\/tr>\n<tr>\n<td>Final cut pro: (065-cjl4) &#8211; ninguno<\/td>\n<\/tr>\n<tr>\n<td>Logic pro: (065-cjl6) &#8211; ninguno<\/td>\n<\/tr>\n<tr>\n<td>Idioma del teclado: (la065-cjkj) &#8211; magic keyboard retroiluminado con\u00a0touch\u00a0id &#8211; espa\u00f1ol (am\u00e9rica latina)<\/td>\n<\/tr>\n<tr>\n<td>Kit de accesorios: (e065-cjkp) &#8211; kit de accesorios<\/td>\n<\/tr>\n<\/table>\n","protected":false},"excerpt":{"rendered":"<p>Equipos cto\/configuracion especial de apple<\/p>\n","protected":false},"featured_media":0,"comment_status":"open","ping_status":"open","template":"","meta":[],"product_cat":[1886,1887],"product_tag":[1585],"acf":[],"yoast_head":"<!-- This site is optimized with the Yoast SEO plugin v21.7 - https:\/\/yoast.com\/wordpress\/plugins\/seo\/ -->\n<title>[ Apple ] &#129351; Z1fb,z1fb000j5 Macbook Pro 14 Pulgadas\/chip M4 Pro De Con 12cpu Y 16gpu\/24gb\/1tb Ssd\/3 Puertos Thunderbolt 5\/hdmi\/ad Usb-c 70w\/magic Keyboard Con Touch Id\/plata<\/title>\n<meta name=\"description\" content=\"Compra Z1fb,z1fb000j5 Macbook Pro 14 Pulgadas\/chip M4 Pro De Con 12cpu Y 16gpu\/24gb\/1tb Ssd\/3 Puertos Thunderbolt 5\/hdmi\/ad Usb-c 70w\/magic Keyboard Con Touch Id\/plata + Env\u00edo a domicilio + Pago seguro + Garant\u00eda\" \/>\n<meta name=\"robots\" content=\"index, follow, max-snippet:-1, max-image-preview:large, max-video-preview:-1\" \/>\n<link rel=\"canonical\" href=\"https:\/\/compuviper.mx\/tienda\/producto\/apple-z1fbz1fb000j5-macbook-pro-14-pulgadas-chip-m4-pro-de-con-12cpu-y-16gpu-24gb-1tb-ssd-3-puertos-thunderbolt-5-hdmi-ad-usb-c-70w-magic-keyboard-con-touch-id-plata\/\" \/>\n<meta property=\"og:locale\" content=\"es_MX\" \/>\n<meta property=\"og:type\" content=\"article\" \/>\n<meta property=\"og:title\" content=\"[ Apple ] &#129351; Z1fb,z1fb000j5 Macbook Pro 14 Pulgadas\/chip M4 Pro De Con 12cpu Y 16gpu\/24gb\/1tb Ssd\/3 Puertos Thunderbolt 5\/hdmi\/ad Usb-c 70w\/magic Keyboard Con Touch Id\/plata\" \/>\n<meta property=\"og:description\" content=\"Compra Z1fb,z1fb000j5 Macbook Pro 14 Pulgadas\/chip M4 Pro De Con 12cpu Y 16gpu\/24gb\/1tb Ssd\/3 Puertos Thunderbolt 5\/hdmi\/ad Usb-c 70w\/magic Keyboard Con Touch Id\/plata + Env\u00edo a domicilio + Pago seguro + Garant\u00eda\" \/>\n<meta property=\"og:url\" content=\"https:\/\/compuviper.mx\/tienda\/producto\/apple-z1fbz1fb000j5-macbook-pro-14-pulgadas-chip-m4-pro-de-con-12cpu-y-16gpu-24gb-1tb-ssd-3-puertos-thunderbolt-5-hdmi-ad-usb-c-70w-magic-keyboard-con-touch-id-plata\/\" \/>\n<meta property=\"og:site_name\" content=\"Compuviper\" \/>\n<meta property=\"article:publisher\" content=\"https:\/\/www.facebook.com\/compuviper\" \/>\n<meta name=\"twitter:card\" content=\"summary_large_image\" \/>\n<meta name=\"twitter:label1\" content=\"Precio\" \/>\n\t<meta name=\"twitter:data1\" content=\"&#36;45,513 con IVA\" \/>\n\t<meta name=\"twitter:label2\" content=\"Availability\" \/>\n\t<meta name=\"twitter:data2\" content=\"In stock\" \/>\n<script type=\"application\/ld+json\" class=\"yoast-schema-graph\">{\"@context\":\"https:\/\/schema.org\",\"@graph\":[{\"@type\":\"WebPage\",\"@id\":\"https:\/\/compuviper.mx\/tienda\/producto\/apple-z1fbz1fb000j5-macbook-pro-14-pulgadas-chip-m4-pro-de-con-12cpu-y-16gpu-24gb-1tb-ssd-3-puertos-thunderbolt-5-hdmi-ad-usb-c-70w-magic-keyboard-con-touch-id-plata\/\",\"url\":\"https:\/\/compuviper.mx\/tienda\/producto\/apple-z1fbz1fb000j5-macbook-pro-14-pulgadas-chip-m4-pro-de-con-12cpu-y-16gpu-24gb-1tb-ssd-3-puertos-thunderbolt-5-hdmi-ad-usb-c-70w-magic-keyboard-con-touch-id-plata\/\",\"name\":\"[ Apple ] &#129351; Z1fb,z1fb000j5 Macbook Pro 14 Pulgadas\/chip M4 Pro De Con 12cpu Y 16gpu\/24gb\/1tb Ssd\/3 Puertos Thunderbolt 5\/hdmi\/ad Usb-c 70w\/magic Keyboard Con Touch Id\/plata\",\"isPartOf\":{\"@id\":\"https:\/\/compuviper.mx\/tienda\/#website\"},\"datePublished\":\"2026-04-16T07:13:37+00:00\",\"dateModified\":\"2026-04-16T07:13:37+00:00\",\"description\":\"Compra Z1fb,z1fb000j5 Macbook Pro 14 Pulgadas\/chip M4 Pro De Con 12cpu Y 16gpu\/24gb\/1tb Ssd\/3 Puertos Thunderbolt 5\/hdmi\/ad Usb-c 70w\/magic Keyboard Con Touch Id\/plata + Env\u00edo a domicilio + Pago seguro + Garant\u00eda\",\"breadcrumb\":{\"@id\":\"https:\/\/compuviper.mx\/tienda\/producto\/apple-z1fbz1fb000j5-macbook-pro-14-pulgadas-chip-m4-pro-de-con-12cpu-y-16gpu-24gb-1tb-ssd-3-puertos-thunderbolt-5-hdmi-ad-usb-c-70w-magic-keyboard-con-touch-id-plata\/#breadcrumb\"},\"inLanguage\":\"es-MX\",\"potentialAction\":[{\"@type\":\"ReadAction\",\"target\":[\"https:\/\/compuviper.mx\/tienda\/producto\/apple-z1fbz1fb000j5-macbook-pro-14-pulgadas-chip-m4-pro-de-con-12cpu-y-16gpu-24gb-1tb-ssd-3-puertos-thunderbolt-5-hdmi-ad-usb-c-70w-magic-keyboard-con-touch-id-plata\/\"]}]},{\"@type\":\"BreadcrumbList\",\"@id\":\"https:\/\/compuviper.mx\/tienda\/producto\/apple-z1fbz1fb000j5-macbook-pro-14-pulgadas-chip-m4-pro-de-con-12cpu-y-16gpu-24gb-1tb-ssd-3-puertos-thunderbolt-5-hdmi-ad-usb-c-70w-magic-keyboard-con-touch-id-plata\/#breadcrumb\",\"itemListElement\":[{\"@type\":\"ListItem\",\"position\":1,\"name\":\"Inicio\",\"item\":\"https:\/\/compuviper.mx\/tienda\/\"},{\"@type\":\"ListItem\",\"position\":2,\"name\":\"Productos\",\"item\":\"https:\/\/compuviper.mx\/tienda\/productos\/\"},{\"@type\":\"ListItem\",\"position\":3,\"name\":\"Apple Z1fb,z1fb000j5 Macbook Pro 14 Pulgadas\/chip M4 Pro De Con 12cpu Y 16gpu\/24gb\/1tb Ssd\/3 Puertos Thunderbolt 5\/hdmi\/ad Usb-c 70w\/magic Keyboard Con Touch Id\/plata\"}]},{\"@type\":\"WebSite\",\"@id\":\"https:\/\/compuviper.mx\/tienda\/#website\",\"url\":\"https:\/\/compuviper.mx\/tienda\/\",\"name\":\"Compuviper\",\"description\":\"Proveedor de Computadoras, Laptops, Servidores, Monitores, Puntos de Venta, Teclados,   Impresoras, T\u00f3ner, C\u00e1maras de Seguridad y m\u00e1s en tu tienda en l\u00ednea\",\"publisher\":{\"@id\":\"https:\/\/compuviper.mx\/tienda\/#organization\"},\"potentialAction\":[{\"@type\":\"SearchAction\",\"target\":{\"@type\":\"EntryPoint\",\"urlTemplate\":\"https:\/\/compuviper.mx\/tienda\/?s={search_term_string}\"},\"query-input\":\"required name=search_term_string\"}],\"inLanguage\":\"es-MX\"},{\"@type\":\"Organization\",\"@id\":\"https:\/\/compuviper.mx\/tienda\/#organization\",\"name\":\"Compuviper\",\"url\":\"https:\/\/compuviper.mx\/tienda\/\",\"logo\":{\"@type\":\"ImageObject\",\"inLanguage\":\"es-MX\",\"@id\":\"https:\/\/compuviper.mx\/tienda\/#\/schema\/logo\/image\/\",\"url\":\"https:\/\/compuviper.mx\/tienda\/wp-content\/uploads\/2021\/08\/Logo-Compuviper-10.png\",\"contentUrl\":\"https:\/\/compuviper.mx\/tienda\/wp-content\/uploads\/2021\/08\/Logo-Compuviper-10.png\",\"width\":1000,\"height\":500,\"caption\":\"Compuviper\"},\"image\":{\"@id\":\"https:\/\/compuviper.mx\/tienda\/#\/schema\/logo\/image\/\"},\"sameAs\":[\"https:\/\/www.facebook.com\/compuviper\",\"https:\/\/www.youtube.com\/channel\/UCf73dERp9Y3cfOq7q8BhLjA?view_as=subscriber\"]}]}<\/script>\n<meta property=\"product:brand\" content=\"APPLE\" \/>\n<meta property=\"product:price:amount\" content=\"45513\" \/>\n<meta property=\"product:price:currency\" content=\"MXN\" \/>\n<meta property=\"og:availability\" content=\"instock\" \/>\n<meta property=\"product:availability\" content=\"instock\" \/>\n<meta property=\"product:retailer_item_id\" content=\"Z1FB,Z1FB000J5\" \/>\n<meta property=\"product:condition\" content=\"new\" \/>\n<!-- \/ Yoast SEO plugin. -->","yoast_head_json":{"title":"[ Apple ] &#129351; Z1fb,z1fb000j5 Macbook Pro 14 Pulgadas\/chip M4 Pro De Con 12cpu Y 16gpu\/24gb\/1tb Ssd\/3 Puertos Thunderbolt 5\/hdmi\/ad Usb-c 70w\/magic Keyboard Con Touch Id\/plata","description":"Compra Z1fb,z1fb000j5 Macbook Pro 14 Pulgadas\/chip M4 Pro De Con 12cpu Y 16gpu\/24gb\/1tb Ssd\/3 Puertos Thunderbolt 5\/hdmi\/ad Usb-c 70w\/magic Keyboard Con Touch Id\/plata + Env\u00edo a domicilio + Pago seguro + Garant\u00eda","robots":{"index":"index","follow":"follow","max-snippet":"max-snippet:-1","max-image-preview":"max-image-preview:large","max-video-preview":"max-video-preview:-1"},"canonical":"https:\/\/compuviper.mx\/tienda\/producto\/apple-z1fbz1fb000j5-macbook-pro-14-pulgadas-chip-m4-pro-de-con-12cpu-y-16gpu-24gb-1tb-ssd-3-puertos-thunderbolt-5-hdmi-ad-usb-c-70w-magic-keyboard-con-touch-id-plata\/","og_locale":"es_MX","og_type":"article","og_title":"[ Apple ] &#129351; Z1fb,z1fb000j5 Macbook Pro 14 Pulgadas\/chip M4 Pro De Con 12cpu Y 16gpu\/24gb\/1tb Ssd\/3 Puertos Thunderbolt 5\/hdmi\/ad Usb-c 70w\/magic Keyboard Con Touch Id\/plata","og_description":"Compra Z1fb,z1fb000j5 Macbook Pro 14 Pulgadas\/chip M4 Pro De Con 12cpu Y 16gpu\/24gb\/1tb Ssd\/3 Puertos Thunderbolt 5\/hdmi\/ad Usb-c 70w\/magic Keyboard Con Touch Id\/plata + Env\u00edo a domicilio + Pago seguro + Garant\u00eda","og_url":"https:\/\/compuviper.mx\/tienda\/producto\/apple-z1fbz1fb000j5-macbook-pro-14-pulgadas-chip-m4-pro-de-con-12cpu-y-16gpu-24gb-1tb-ssd-3-puertos-thunderbolt-5-hdmi-ad-usb-c-70w-magic-keyboard-con-touch-id-plata\/","og_site_name":"Compuviper","article_publisher":"https:\/\/www.facebook.com\/compuviper","twitter_card":"summary_large_image","twitter_misc":{"Precio":"&#36;45,513 con IVA","Availability":"In stock"},"schema":{"@context":"https:\/\/schema.org","@graph":[{"@type":"WebPage","@id":"https:\/\/compuviper.mx\/tienda\/producto\/apple-z1fbz1fb000j5-macbook-pro-14-pulgadas-chip-m4-pro-de-con-12cpu-y-16gpu-24gb-1tb-ssd-3-puertos-thunderbolt-5-hdmi-ad-usb-c-70w-magic-keyboard-con-touch-id-plata\/","url":"https:\/\/compuviper.mx\/tienda\/producto\/apple-z1fbz1fb000j5-macbook-pro-14-pulgadas-chip-m4-pro-de-con-12cpu-y-16gpu-24gb-1tb-ssd-3-puertos-thunderbolt-5-hdmi-ad-usb-c-70w-magic-keyboard-con-touch-id-plata\/","name":"[ Apple ] &#129351; Z1fb,z1fb000j5 Macbook Pro 14 Pulgadas\/chip M4 Pro De Con 12cpu Y 16gpu\/24gb\/1tb Ssd\/3 Puertos Thunderbolt 5\/hdmi\/ad Usb-c 70w\/magic Keyboard Con Touch Id\/plata","isPartOf":{"@id":"https:\/\/compuviper.mx\/tienda\/#website"},"datePublished":"2026-04-16T07:13:37+00:00","dateModified":"2026-04-16T07:13:37+00:00","description":"Compra Z1fb,z1fb000j5 Macbook Pro 14 Pulgadas\/chip M4 Pro De Con 12cpu Y 16gpu\/24gb\/1tb Ssd\/3 Puertos Thunderbolt 5\/hdmi\/ad Usb-c 70w\/magic Keyboard Con Touch Id\/plata + Env\u00edo a domicilio + Pago seguro + Garant\u00eda","breadcrumb":{"@id":"https:\/\/compuviper.mx\/tienda\/producto\/apple-z1fbz1fb000j5-macbook-pro-14-pulgadas-chip-m4-pro-de-con-12cpu-y-16gpu-24gb-1tb-ssd-3-puertos-thunderbolt-5-hdmi-ad-usb-c-70w-magic-keyboard-con-touch-id-plata\/#breadcrumb"},"inLanguage":"es-MX","potentialAction":[{"@type":"ReadAction","target":["https:\/\/compuviper.mx\/tienda\/producto\/apple-z1fbz1fb000j5-macbook-pro-14-pulgadas-chip-m4-pro-de-con-12cpu-y-16gpu-24gb-1tb-ssd-3-puertos-thunderbolt-5-hdmi-ad-usb-c-70w-magic-keyboard-con-touch-id-plata\/"]}]},{"@type":"BreadcrumbList","@id":"https:\/\/compuviper.mx\/tienda\/producto\/apple-z1fbz1fb000j5-macbook-pro-14-pulgadas-chip-m4-pro-de-con-12cpu-y-16gpu-24gb-1tb-ssd-3-puertos-thunderbolt-5-hdmi-ad-usb-c-70w-magic-keyboard-con-touch-id-plata\/#breadcrumb","itemListElement":[{"@type":"ListItem","position":1,"name":"Inicio","item":"https:\/\/compuviper.mx\/tienda\/"},{"@type":"ListItem","position":2,"name":"Productos","item":"https:\/\/compuviper.mx\/tienda\/productos\/"},{"@type":"ListItem","position":3,"name":"Apple Z1fb,z1fb000j5 Macbook Pro 14 Pulgadas\/chip M4 Pro De Con 12cpu Y 16gpu\/24gb\/1tb Ssd\/3 Puertos Thunderbolt 5\/hdmi\/ad Usb-c 70w\/magic Keyboard Con Touch Id\/plata"}]},{"@type":"WebSite","@id":"https:\/\/compuviper.mx\/tienda\/#website","url":"https:\/\/compuviper.mx\/tienda\/","name":"Compuviper","description":"Proveedor de Computadoras, Laptops, Servidores, Monitores, Puntos de Venta, Teclados,   Impresoras, T\u00f3ner, C\u00e1maras de Seguridad y m\u00e1s en tu tienda en l\u00ednea","publisher":{"@id":"https:\/\/compuviper.mx\/tienda\/#organization"},"potentialAction":[{"@type":"SearchAction","target":{"@type":"EntryPoint","urlTemplate":"https:\/\/compuviper.mx\/tienda\/?s={search_term_string}"},"query-input":"required name=search_term_string"}],"inLanguage":"es-MX"},{"@type":"Organization","@id":"https:\/\/compuviper.mx\/tienda\/#organization","name":"Compuviper","url":"https:\/\/compuviper.mx\/tienda\/","logo":{"@type":"ImageObject","inLanguage":"es-MX","@id":"https:\/\/compuviper.mx\/tienda\/#\/schema\/logo\/image\/","url":"https:\/\/compuviper.mx\/tienda\/wp-content\/uploads\/2021\/08\/Logo-Compuviper-10.png","contentUrl":"https:\/\/compuviper.mx\/tienda\/wp-content\/uploads\/2021\/08\/Logo-Compuviper-10.png","width":1000,"height":500,"caption":"Compuviper"},"image":{"@id":"https:\/\/compuviper.mx\/tienda\/#\/schema\/logo\/image\/"},"sameAs":["https:\/\/www.facebook.com\/compuviper","https:\/\/www.youtube.com\/channel\/UCf73dERp9Y3cfOq7q8BhLjA?view_as=subscriber"]}]},"product_brand":"APPLE","product_price_amount":"45513","product_price_currency":"MXN","og_availability":"instock","product_availability":"instock","product_retailer_item_id":"Z1FB,Z1FB000J5","product_condition":"new"},"_links":{"self":[{"href":"https:\/\/compuviper.mx\/tienda\/wp-json\/wp\/v2\/product\/268822"}],"collection":[{"href":"https:\/\/compuviper.mx\/tienda\/wp-json\/wp\/v2\/product"}],"about":[{"href":"https:\/\/compuviper.mx\/tienda\/wp-json\/wp\/v2\/types\/product"}],"replies":[{"embeddable":true,"href":"https:\/\/compuviper.mx\/tienda\/wp-json\/wp\/v2\/comments?post=268822"}],"wp:attachment":[{"href":"https:\/\/compuviper.mx\/tienda\/wp-json\/wp\/v2\/media?parent=268822"}],"wp:term":[{"taxonomy":"product_cat","embeddable":true,"href":"https:\/\/compuviper.mx\/tienda\/wp-json\/wp\/v2\/product_cat?post=268822"},{"taxonomy":"product_tag","embeddable":true,"href":"https:\/\/compuviper.mx\/tienda\/wp-json\/wp\/v2\/product_tag?post=268822"}],"curies":[{"name":"wp","href":"https:\/\/api.w.org\/{rel}","templated":true}]}}