{"id":268813,"date":"2026-04-16T00:45:40","date_gmt":"2026-04-16T06:45:40","guid":{"rendered":"https:\/\/compuviper.mx\/tienda\/producto\/3nstar-sc550-lector-de-codigo-de-barras-negro-laser-usb-rs232-1d-2d-omnidireccional-60-cuadros-por-segundo\/"},"modified":"2026-04-16T00:45:40","modified_gmt":"2026-04-16T06:45:40","slug":"3nstar-sc550-lector-de-codigo-de-barras-negro-laser-usb-rs232-1d-2d-omnidireccional-60-cuadros-por-segundo","status":"publish","type":"product","link":"https:\/\/compuviper.mx\/tienda\/producto\/3nstar-sc550-lector-de-codigo-de-barras-negro-laser-usb-rs232-1d-2d-omnidireccional-60-cuadros-por-segundo\/","title":{"rendered":"3nstar Sc550 Lector De Codigo De Barras  , Negro, Laser, Usb, Rs232, 1d, 2d, Omnidireccional, 60 Cuadros Por Segundo"},"content":{"rendered":"<table class=\"descripcion\">\n<tr>\n<td>Fsicas<\/td>\n<\/tr>\n<tr>\n<td>Construccin: abs  pc<\/td>\n<\/tr>\n<tr>\n<td>Color: negro<\/td>\n<\/tr>\n<tr>\n<td>Dimensiones: 158mm h x 100mm d x 95mm w<\/td>\n<\/tr>\n<tr>\n<td>Peso: 530g<\/td>\n<\/tr>\n<tr>\n<td>Cable: estndar 2.2m<\/td>\n<\/tr>\n<tr>\n<td>Caractersticas<\/td>\n<\/tr>\n<tr>\n<td>Velocidad de lectura: 60 cuadros por segundo<\/td>\n<\/tr>\n<tr>\n<td>Profundidad de campo: 45cm<\/td>\n<\/tr>\n<tr>\n<td>Interface: usb y rs232<\/td>\n<\/tr>\n<tr>\n<td>Compatibilidad: windows, mac os, linux, android, ios<\/td>\n<\/tr>\n<tr>\n<td>Desempeo<\/td>\n<\/tr>\n<tr>\n<td>Sistema ptico: 1280 x 800 pixeles<\/td>\n<\/tr>\n<tr>\n<td>Resolucin: 1d: 5mil, 2d: 10mil<\/td>\n<\/tr>\n<tr>\n<td>Fuente de luz: led rojo<\/td>\n<\/tr>\n<tr>\n<td>Campo de visin: horizontal: 60\u00ba vertical: 40\u00ba<\/td>\n<\/tr>\n<tr>\n<td>Contraste de impresin: 20 diferencia reflectante mnima<\/td>\n<\/tr>\n<tr>\n<td>Sensor ptico: cmos<\/td>\n<\/tr>\n<tr>\n<td>Indicador visual: leds, bocina<\/td>\n<\/tr>\n<tr>\n<td>Capacidad de decodificacin: 1d codebar and 65292;code128, code39, code39, code93, code11, ean13 and 65292;ean8 and 65292;gs1-databar, gs1-128 and 65288;ean-128 and 65292;interleaved 2 of 5 and 65292;matrix 2 of 5, industry 2 of 5, upc-a and 65292;upc-e and 65292;isbn and 65292;issn, code 11, msi<\/td>\n<\/tr>\n<tr>\n<td>Capacidad de decodificacin 2d: pdf417, data matrix, qr code and 65292;micro pdf417 and 65292;micro qr code and 65292;aztec code elctricas<\/td>\n<\/tr>\n<tr>\n<td>Voltaje: 5v dc\/- 10<\/td>\n<\/tr>\n<tr>\n<td>Consumo de energa:   200ma<\/td>\n<\/tr>\n<tr>\n<td>Seguridad elctrica: iec 62368-1:2014<\/td>\n<\/tr>\n<tr>\n<td>Emi\/rfi: rohs<\/td>\n<\/tr>\n<tr>\n<td>Condiciones ambientales<\/td>\n<\/tr>\n<tr>\n<td>Temperatura de operacin: 0\u00b0c a 50\u00b0c 32\u00b0f a 122\u00b0f<\/td>\n<\/tr>\n<tr>\n<td>Humedad de operacin: 5 a 95 humedad relativa, sin condensacin<\/td>\n<\/tr>\n<tr>\n<td>Temperatura de almacenamiento: -5\u00b0c a 55\u00b0c<\/td>\n<\/tr>\n<tr>\n<td>Humedad de almacenamiento: 5 a 95 humedad relativa, sin condensacin<\/td>\n<\/tr>\n<tr>\n<td>Nivel de luz: luz solar directa: 0 &#8211; 80,000 lux. fluorescente: 0 &#8211; 4,000 lux.<\/td>\n<\/tr>\n<tr>\n<td>Empaque<\/td>\n<\/tr>\n<tr>\n<td>Contenido de la caja: lector, cable y manual del usuario<\/td>\n<\/tr>\n<tr>\n<td>Dimensiones de la caja: 79mm x 145mm x 148mm<\/td>\n<\/tr>\n<tr>\n<td>Peso bruto: 0.53kg<\/td>\n<\/tr>\n<tr>\n<td>Garanta: 1 ao<\/td>\n<\/tr>\n<\/table>\n","protected":false},"excerpt":{"rendered":"<p>Con su diseo compacto y moderno y sus gran capacidad de lectura, el sc550 se adapta fcilmente a los espacios existentes utilizados en reas de pago minorista de gran volumen, como tiendas de conveniencia, farmacias, licoreras y supermercados. El sc550 es un escner de mostrador que ofrece un conjunto de caractersticas que lo coloca en la cima de su clase por su rendimiento, facilidad de implementacin y costo total de propiedad. No importa qu cdigos de barras aparezcan en su pos, el sc550 puede escanearlos a todos; 1d, 2d, impreso y electrnico.<\/p>\n","protected":false},"featured_media":268814,"comment_status":"open","ping_status":"open","template":"","meta":[],"product_cat":[1721,1722],"product_tag":[1570],"acf":[],"yoast_head":"<!-- This site is optimized with the Yoast SEO plugin v21.7 - https:\/\/yoast.com\/wordpress\/plugins\/seo\/ -->\n<title>[ 3nstar ] &#129351; Sc550 Lector De Codigo De Barras , Negro, Laser, Usb, Rs232, 1d, 2d, Omnidireccional, 60 Cuadros Por Segundo<\/title>\n<meta name=\"description\" content=\"Compra Sc550 Lector De Codigo De Barras , Negro, Laser, Usb, Rs232, 1d, 2d, Omnidireccional, 60 Cuadros Por Segundo + Env\u00edo a domicilio + Pago seguro + Garant\u00eda\" \/>\n<meta name=\"robots\" content=\"index, follow, max-snippet:-1, max-image-preview:large, max-video-preview:-1\" \/>\n<link rel=\"canonical\" href=\"https:\/\/compuviper.mx\/tienda\/producto\/3nstar-sc550-lector-de-codigo-de-barras-negro-laser-usb-rs232-1d-2d-omnidireccional-60-cuadros-por-segundo\/\" \/>\n<meta property=\"og:locale\" content=\"es_MX\" \/>\n<meta property=\"og:type\" content=\"article\" \/>\n<meta property=\"og:title\" content=\"[ 3nstar ] &#129351; Sc550 Lector De Codigo De Barras , Negro, Laser, Usb, Rs232, 1d, 2d, Omnidireccional, 60 Cuadros Por Segundo\" \/>\n<meta property=\"og:description\" content=\"Compra Sc550 Lector De Codigo De Barras , Negro, Laser, Usb, Rs232, 1d, 2d, Omnidireccional, 60 Cuadros Por Segundo + Env\u00edo a domicilio + Pago seguro + Garant\u00eda\" \/>\n<meta property=\"og:url\" content=\"https:\/\/compuviper.mx\/tienda\/producto\/3nstar-sc550-lector-de-codigo-de-barras-negro-laser-usb-rs232-1d-2d-omnidireccional-60-cuadros-por-segundo\/\" \/>\n<meta property=\"og:site_name\" content=\"Compuviper\" \/>\n<meta property=\"article:publisher\" content=\"https:\/\/www.facebook.com\/compuviper\" \/>\n<meta property=\"og:image\" content=\"https:\/\/compuviper.mx\/tienda\/wp-content\/uploads\/2026\/04\/Lector-de-codigo-de-barras-3nstar-sc550-negro-laser-usb-rs232-1d-2d-omnidireccional-60-cuadros-por-segundo.jpg\" \/>\n\t<meta property=\"og:image:width\" content=\"200\" \/>\n\t<meta property=\"og:image:height\" content=\"200\" \/>\n\t<meta property=\"og:image:type\" content=\"image\/jpeg\" \/>\n<meta name=\"twitter:card\" content=\"summary_large_image\" \/>\n<meta name=\"twitter:label1\" content=\"Precio\" \/>\n\t<meta name=\"twitter:data1\" content=\"&#36;2,457 con IVA\" \/>\n\t<meta name=\"twitter:label2\" content=\"Availability\" \/>\n\t<meta name=\"twitter:data2\" content=\"On backorder\" \/>\n<script type=\"application\/ld+json\" class=\"yoast-schema-graph\">{\"@context\":\"https:\/\/schema.org\",\"@graph\":[{\"@type\":\"WebPage\",\"@id\":\"https:\/\/compuviper.mx\/tienda\/producto\/3nstar-sc550-lector-de-codigo-de-barras-negro-laser-usb-rs232-1d-2d-omnidireccional-60-cuadros-por-segundo\/\",\"url\":\"https:\/\/compuviper.mx\/tienda\/producto\/3nstar-sc550-lector-de-codigo-de-barras-negro-laser-usb-rs232-1d-2d-omnidireccional-60-cuadros-por-segundo\/\",\"name\":\"[ 3nstar ] &#129351; Sc550 Lector De Codigo De Barras , Negro, Laser, Usb, Rs232, 1d, 2d, Omnidireccional, 60 Cuadros Por Segundo\",\"isPartOf\":{\"@id\":\"https:\/\/compuviper.mx\/tienda\/#website\"},\"datePublished\":\"2026-04-16T06:45:40+00:00\",\"dateModified\":\"2026-04-16T06:45:40+00:00\",\"description\":\"Compra Sc550 Lector De Codigo De Barras , Negro, Laser, Usb, Rs232, 1d, 2d, Omnidireccional, 60 Cuadros Por Segundo + Env\u00edo a domicilio + Pago seguro + Garant\u00eda\",\"breadcrumb\":{\"@id\":\"https:\/\/compuviper.mx\/tienda\/producto\/3nstar-sc550-lector-de-codigo-de-barras-negro-laser-usb-rs232-1d-2d-omnidireccional-60-cuadros-por-segundo\/#breadcrumb\"},\"inLanguage\":\"es-MX\",\"potentialAction\":[{\"@type\":\"ReadAction\",\"target\":[\"https:\/\/compuviper.mx\/tienda\/producto\/3nstar-sc550-lector-de-codigo-de-barras-negro-laser-usb-rs232-1d-2d-omnidireccional-60-cuadros-por-segundo\/\"]}]},{\"@type\":\"BreadcrumbList\",\"@id\":\"https:\/\/compuviper.mx\/tienda\/producto\/3nstar-sc550-lector-de-codigo-de-barras-negro-laser-usb-rs232-1d-2d-omnidireccional-60-cuadros-por-segundo\/#breadcrumb\",\"itemListElement\":[{\"@type\":\"ListItem\",\"position\":1,\"name\":\"Inicio\",\"item\":\"https:\/\/compuviper.mx\/tienda\/\"},{\"@type\":\"ListItem\",\"position\":2,\"name\":\"Productos\",\"item\":\"https:\/\/compuviper.mx\/tienda\/productos\/\"},{\"@type\":\"ListItem\",\"position\":3,\"name\":\"3nstar Sc550 Lector De Codigo De Barras , Negro, Laser, Usb, Rs232, 1d, 2d, Omnidireccional, 60 Cuadros Por Segundo\"}]},{\"@type\":\"WebSite\",\"@id\":\"https:\/\/compuviper.mx\/tienda\/#website\",\"url\":\"https:\/\/compuviper.mx\/tienda\/\",\"name\":\"Compuviper\",\"description\":\"Proveedor de Computadoras, Laptops, Servidores, Monitores, Puntos de Venta, Teclados,   Impresoras, T\u00f3ner, C\u00e1maras de Seguridad y m\u00e1s en tu tienda en l\u00ednea\",\"publisher\":{\"@id\":\"https:\/\/compuviper.mx\/tienda\/#organization\"},\"potentialAction\":[{\"@type\":\"SearchAction\",\"target\":{\"@type\":\"EntryPoint\",\"urlTemplate\":\"https:\/\/compuviper.mx\/tienda\/?s={search_term_string}\"},\"query-input\":\"required name=search_term_string\"}],\"inLanguage\":\"es-MX\"},{\"@type\":\"Organization\",\"@id\":\"https:\/\/compuviper.mx\/tienda\/#organization\",\"name\":\"Compuviper\",\"url\":\"https:\/\/compuviper.mx\/tienda\/\",\"logo\":{\"@type\":\"ImageObject\",\"inLanguage\":\"es-MX\",\"@id\":\"https:\/\/compuviper.mx\/tienda\/#\/schema\/logo\/image\/\",\"url\":\"https:\/\/compuviper.mx\/tienda\/wp-content\/uploads\/2021\/08\/Logo-Compuviper-10.png\",\"contentUrl\":\"https:\/\/compuviper.mx\/tienda\/wp-content\/uploads\/2021\/08\/Logo-Compuviper-10.png\",\"width\":1000,\"height\":500,\"caption\":\"Compuviper\"},\"image\":{\"@id\":\"https:\/\/compuviper.mx\/tienda\/#\/schema\/logo\/image\/\"},\"sameAs\":[\"https:\/\/www.facebook.com\/compuviper\",\"https:\/\/www.youtube.com\/channel\/UCf73dERp9Y3cfOq7q8BhLjA?view_as=subscriber\"]}]}<\/script>\n<meta property=\"product:brand\" content=\"3NSTAR\" \/>\n<meta property=\"product:price:amount\" content=\"2457\" \/>\n<meta property=\"product:price:currency\" content=\"MXN\" \/>\n<meta property=\"og:availability\" content=\"backorder\" \/>\n<meta property=\"product:availability\" content=\"available for order\" \/>\n<meta property=\"product:retailer_item_id\" content=\"SC550\" \/>\n<meta property=\"product:condition\" content=\"new\" \/>\n<!-- \/ Yoast SEO plugin. -->","yoast_head_json":{"title":"[ 3nstar ] &#129351; Sc550 Lector De Codigo De Barras , Negro, Laser, Usb, Rs232, 1d, 2d, Omnidireccional, 60 Cuadros Por Segundo","description":"Compra Sc550 Lector De Codigo De Barras , Negro, Laser, Usb, Rs232, 1d, 2d, Omnidireccional, 60 Cuadros Por Segundo + Env\u00edo a domicilio + Pago seguro + Garant\u00eda","robots":{"index":"index","follow":"follow","max-snippet":"max-snippet:-1","max-image-preview":"max-image-preview:large","max-video-preview":"max-video-preview:-1"},"canonical":"https:\/\/compuviper.mx\/tienda\/producto\/3nstar-sc550-lector-de-codigo-de-barras-negro-laser-usb-rs232-1d-2d-omnidireccional-60-cuadros-por-segundo\/","og_locale":"es_MX","og_type":"article","og_title":"[ 3nstar ] &#129351; Sc550 Lector De Codigo De Barras , Negro, Laser, Usb, Rs232, 1d, 2d, Omnidireccional, 60 Cuadros Por Segundo","og_description":"Compra Sc550 Lector De Codigo De Barras , Negro, Laser, Usb, Rs232, 1d, 2d, Omnidireccional, 60 Cuadros Por Segundo + Env\u00edo a domicilio + Pago seguro + Garant\u00eda","og_url":"https:\/\/compuviper.mx\/tienda\/producto\/3nstar-sc550-lector-de-codigo-de-barras-negro-laser-usb-rs232-1d-2d-omnidireccional-60-cuadros-por-segundo\/","og_site_name":"Compuviper","article_publisher":"https:\/\/www.facebook.com\/compuviper","og_image":[{"width":200,"height":200,"url":"https:\/\/compuviper.mx\/tienda\/wp-content\/uploads\/2026\/04\/Lector-de-codigo-de-barras-3nstar-sc550-negro-laser-usb-rs232-1d-2d-omnidireccional-60-cuadros-por-segundo.jpg","type":"image\/jpeg"}],"twitter_card":"summary_large_image","twitter_misc":{"Precio":"&#36;2,457 con IVA","Availability":"On backorder"},"schema":{"@context":"https:\/\/schema.org","@graph":[{"@type":"WebPage","@id":"https:\/\/compuviper.mx\/tienda\/producto\/3nstar-sc550-lector-de-codigo-de-barras-negro-laser-usb-rs232-1d-2d-omnidireccional-60-cuadros-por-segundo\/","url":"https:\/\/compuviper.mx\/tienda\/producto\/3nstar-sc550-lector-de-codigo-de-barras-negro-laser-usb-rs232-1d-2d-omnidireccional-60-cuadros-por-segundo\/","name":"[ 3nstar ] &#129351; Sc550 Lector De Codigo De Barras , Negro, Laser, Usb, Rs232, 1d, 2d, Omnidireccional, 60 Cuadros Por Segundo","isPartOf":{"@id":"https:\/\/compuviper.mx\/tienda\/#website"},"datePublished":"2026-04-16T06:45:40+00:00","dateModified":"2026-04-16T06:45:40+00:00","description":"Compra Sc550 Lector De Codigo De Barras , Negro, Laser, Usb, Rs232, 1d, 2d, Omnidireccional, 60 Cuadros Por Segundo + Env\u00edo a domicilio + Pago seguro + Garant\u00eda","breadcrumb":{"@id":"https:\/\/compuviper.mx\/tienda\/producto\/3nstar-sc550-lector-de-codigo-de-barras-negro-laser-usb-rs232-1d-2d-omnidireccional-60-cuadros-por-segundo\/#breadcrumb"},"inLanguage":"es-MX","potentialAction":[{"@type":"ReadAction","target":["https:\/\/compuviper.mx\/tienda\/producto\/3nstar-sc550-lector-de-codigo-de-barras-negro-laser-usb-rs232-1d-2d-omnidireccional-60-cuadros-por-segundo\/"]}]},{"@type":"BreadcrumbList","@id":"https:\/\/compuviper.mx\/tienda\/producto\/3nstar-sc550-lector-de-codigo-de-barras-negro-laser-usb-rs232-1d-2d-omnidireccional-60-cuadros-por-segundo\/#breadcrumb","itemListElement":[{"@type":"ListItem","position":1,"name":"Inicio","item":"https:\/\/compuviper.mx\/tienda\/"},{"@type":"ListItem","position":2,"name":"Productos","item":"https:\/\/compuviper.mx\/tienda\/productos\/"},{"@type":"ListItem","position":3,"name":"3nstar Sc550 Lector De Codigo De Barras , Negro, Laser, Usb, Rs232, 1d, 2d, Omnidireccional, 60 Cuadros Por Segundo"}]},{"@type":"WebSite","@id":"https:\/\/compuviper.mx\/tienda\/#website","url":"https:\/\/compuviper.mx\/tienda\/","name":"Compuviper","description":"Proveedor de Computadoras, Laptops, Servidores, Monitores, Puntos de Venta, Teclados,   Impresoras, T\u00f3ner, C\u00e1maras de Seguridad y m\u00e1s en tu tienda en l\u00ednea","publisher":{"@id":"https:\/\/compuviper.mx\/tienda\/#organization"},"potentialAction":[{"@type":"SearchAction","target":{"@type":"EntryPoint","urlTemplate":"https:\/\/compuviper.mx\/tienda\/?s={search_term_string}"},"query-input":"required name=search_term_string"}],"inLanguage":"es-MX"},{"@type":"Organization","@id":"https:\/\/compuviper.mx\/tienda\/#organization","name":"Compuviper","url":"https:\/\/compuviper.mx\/tienda\/","logo":{"@type":"ImageObject","inLanguage":"es-MX","@id":"https:\/\/compuviper.mx\/tienda\/#\/schema\/logo\/image\/","url":"https:\/\/compuviper.mx\/tienda\/wp-content\/uploads\/2021\/08\/Logo-Compuviper-10.png","contentUrl":"https:\/\/compuviper.mx\/tienda\/wp-content\/uploads\/2021\/08\/Logo-Compuviper-10.png","width":1000,"height":500,"caption":"Compuviper"},"image":{"@id":"https:\/\/compuviper.mx\/tienda\/#\/schema\/logo\/image\/"},"sameAs":["https:\/\/www.facebook.com\/compuviper","https:\/\/www.youtube.com\/channel\/UCf73dERp9Y3cfOq7q8BhLjA?view_as=subscriber"]}]},"product_brand":"3NSTAR","product_price_amount":"2457","product_price_currency":"MXN","og_availability":"backorder","product_availability":"available for order","product_retailer_item_id":"SC550","product_condition":"new"},"_links":{"self":[{"href":"https:\/\/compuviper.mx\/tienda\/wp-json\/wp\/v2\/product\/268813"}],"collection":[{"href":"https:\/\/compuviper.mx\/tienda\/wp-json\/wp\/v2\/product"}],"about":[{"href":"https:\/\/compuviper.mx\/tienda\/wp-json\/wp\/v2\/types\/product"}],"replies":[{"embeddable":true,"href":"https:\/\/compuviper.mx\/tienda\/wp-json\/wp\/v2\/comments?post=268813"}],"wp:featuredmedia":[{"embeddable":true,"href":"https:\/\/compuviper.mx\/tienda\/wp-json\/wp\/v2\/media\/268814"}],"wp:attachment":[{"href":"https:\/\/compuviper.mx\/tienda\/wp-json\/wp\/v2\/media?parent=268813"}],"wp:term":[{"taxonomy":"product_cat","embeddable":true,"href":"https:\/\/compuviper.mx\/tienda\/wp-json\/wp\/v2\/product_cat?post=268813"},{"taxonomy":"product_tag","embeddable":true,"href":"https:\/\/compuviper.mx\/tienda\/wp-json\/wp\/v2\/product_tag?post=268813"}],"curies":[{"name":"wp","href":"https:\/\/api.w.org\/{rel}","templated":true}]}}