{"id":268805,"date":"2026-04-18T00:45:50","date_gmt":"2026-04-18T06:45:50","guid":{"rendered":"https:\/\/compuviper.mx\/tienda\/producto\/adata-sspectrixs65g-500g-ci-unidad-de-estado-solido-ssd-xpg-spectrix-s65g-nvme-500gb-m-2-5000-mbs-escritura-6000-mbs-lectura-pci-express-4-0\/"},"modified":"2026-04-19T00:00:15","modified_gmt":"2026-04-19T06:00:15","slug":"adata-sspectrixs65g-500g-ci-unidad-de-estado-solido-ssd-xpg-spectrix-s65g-nvme-500gb-m-2-5000-mbs-escritura-6000-mbs-lectura-pci-express-4-0","status":"publish","type":"product","link":"https:\/\/compuviper.mx\/tienda\/producto\/adata-sspectrixs65g-500g-ci-unidad-de-estado-solido-ssd-xpg-spectrix-s65g-nvme-500gb-m-2-5000-mbs-escritura-6000-mbs-lectura-pci-express-4-0\/","title":{"rendered":"Adata Sspectrixs65g-500g-ci Unidad De Estado Solido Ssd Xpg Spectrix S65g Nvme 500gb M.2 5000 Mbs Escritura 6000 Mbs Lectura Pci Express 4.0 ()"},"content":{"rendered":"<table class=\"descripcion\">\n<tr>\n<td>Capacidad<\/td>\n<\/tr>\n<tr>\n<td>500 gb<\/td>\n<\/tr>\n<tr>\n<td>Factor de forma<\/td>\n<\/tr>\n<tr>\n<td>M.2 2280<\/td>\n<\/tr>\n<tr>\n<td>Flash nand<\/td>\n<\/tr>\n<tr>\n<td>Nand 3d<\/td>\n<\/tr>\n<tr>\n<td>Dimensiones (la x an x al)<\/td>\n<\/tr>\n<tr>\n<td>80 mm x 22 mm x 7 mm\/3,15 pulgadas x 0,87 pulgadas x 0,27 pulgadas<\/td>\n<\/tr>\n<tr>\n<td>Peso<\/td>\n<\/tr>\n<tr>\n<td>14.6g\/0,51 onzas<\/td>\n<\/tr>\n<tr>\n<td>Interfaz<\/td>\n<\/tr>\n<tr>\n<td>Pcie gen4 x4<\/td>\n<\/tr>\n<tr>\n<td>Lectura secuencial (m\u00e1x*)<\/td>\n<\/tr>\n<tr>\n<td>Hasta 6.000 mb\/s*<\/td>\n<\/tr>\n<tr>\n<td>Escritura secuencial (m\u00e1x*)<\/td>\n<\/tr>\n<tr>\n<td>Hasta 5.000 mb\/s*<\/td>\n<\/tr>\n<tr>\n<td>Temperatura de operaci\u00f3n<\/td>\n<\/tr>\n<tr>\n<td>0 \u00b0c &#8211; 70 \u00b0c<\/td>\n<\/tr>\n<tr>\n<td>Temperatura de almacenamiento<\/td>\n<\/tr>\n<tr>\n<td>-40\u00b0c a 85\u00b0c<\/td>\n<\/tr>\n<tr>\n<td>Resistencia a golpes<\/td>\n<\/tr>\n<tr>\n<td>1.500g\/0,5ms<\/td>\n<\/tr>\n<tr>\n<td>Mtbf<\/td>\n<\/tr>\n<tr>\n<td>2.000.000 horas<\/td>\n<\/tr>\n<tr>\n<td>Terabytes escritos (tbw) (capacidad m\u00e1xima*)<\/td>\n<\/tr>\n<tr>\n<td>640tb**<\/td>\n<\/tr>\n<tr>\n<td>Garant\u00eda limitada de 5 a\u00f1os<\/td>\n<\/tr>\n<\/table>\n","protected":false},"excerpt":{"rendered":"<p>Spectrix s65g inflana el campo de batalla con su impactante rgb en forma de x y su resistente armadura metalica. Inspirado en el espiritu de los juegos extremos, ofrece una velocidad vertiginosa y un estilo imparable. Totalmente compatible con los principales programas rgb de placas base para modos de iluminacion personalizados.<\/p>\n","protected":false},"featured_media":0,"comment_status":"open","ping_status":"open","template":"","meta":[],"product_cat":[1703,1708],"product_tag":[1539],"acf":[],"yoast_head":"<!-- This site is optimized with the Yoast SEO plugin v21.7 - https:\/\/yoast.com\/wordpress\/plugins\/seo\/ -->\n<title>[ Adata ] &#129351; Sspectrixs65g-500g-ci Unidad De Estado Solido Ssd Xpg Spectrix S65g Nvme 500gb M.2 5000 Mbs Escritura 6000 Mbs Lectura Pci Express 4.0 ()<\/title>\n<meta name=\"description\" content=\"Compra Sspectrixs65g-500g-ci Unidad De Estado Solido Ssd Xpg Spectrix S65g Nvme 500gb M.2 5000 Mbs Escritura 6000 Mbs Lectura Pci Express 4.0 () + Env\u00edo a domicilio + Pago seguro + Garant\u00eda\" \/>\n<meta name=\"robots\" content=\"index, follow, max-snippet:-1, max-image-preview:large, max-video-preview:-1\" \/>\n<link rel=\"canonical\" href=\"https:\/\/compuviper.mx\/tienda\/producto\/adata-sspectrixs65g-500g-ci-unidad-de-estado-solido-ssd-xpg-spectrix-s65g-nvme-500gb-m-2-5000-mbs-escritura-6000-mbs-lectura-pci-express-4-0\/\" \/>\n<meta property=\"og:locale\" content=\"es_MX\" \/>\n<meta property=\"og:type\" content=\"article\" \/>\n<meta property=\"og:title\" content=\"[ Adata ] &#129351; Sspectrixs65g-500g-ci Unidad De Estado Solido Ssd Xpg Spectrix S65g Nvme 500gb M.2 5000 Mbs Escritura 6000 Mbs Lectura Pci Express 4.0 ()\" \/>\n<meta property=\"og:description\" content=\"Compra Sspectrixs65g-500g-ci Unidad De Estado Solido Ssd Xpg Spectrix S65g Nvme 500gb M.2 5000 Mbs Escritura 6000 Mbs Lectura Pci Express 4.0 () + Env\u00edo a domicilio + Pago seguro + Garant\u00eda\" \/>\n<meta property=\"og:url\" content=\"https:\/\/compuviper.mx\/tienda\/producto\/adata-sspectrixs65g-500g-ci-unidad-de-estado-solido-ssd-xpg-spectrix-s65g-nvme-500gb-m-2-5000-mbs-escritura-6000-mbs-lectura-pci-express-4-0\/\" \/>\n<meta property=\"og:site_name\" content=\"Compuviper\" \/>\n<meta property=\"article:publisher\" content=\"https:\/\/www.facebook.com\/compuviper\" \/>\n<meta property=\"article:modified_time\" content=\"2026-04-19T06:00:15+00:00\" \/>\n<meta name=\"twitter:card\" content=\"summary_large_image\" \/>\n<meta name=\"twitter:label1\" content=\"Precio\" \/>\n\t<meta name=\"twitter:data1\" content=\"&#36;1,763 con IVA\" \/>\n\t<meta name=\"twitter:label2\" content=\"Availability\" \/>\n\t<meta name=\"twitter:data2\" content=\"Out of stock\" \/>\n<script type=\"application\/ld+json\" class=\"yoast-schema-graph\">{\"@context\":\"https:\/\/schema.org\",\"@graph\":[{\"@type\":\"WebPage\",\"@id\":\"https:\/\/compuviper.mx\/tienda\/producto\/adata-sspectrixs65g-500g-ci-unidad-de-estado-solido-ssd-xpg-spectrix-s65g-nvme-500gb-m-2-5000-mbs-escritura-6000-mbs-lectura-pci-express-4-0\/\",\"url\":\"https:\/\/compuviper.mx\/tienda\/producto\/adata-sspectrixs65g-500g-ci-unidad-de-estado-solido-ssd-xpg-spectrix-s65g-nvme-500gb-m-2-5000-mbs-escritura-6000-mbs-lectura-pci-express-4-0\/\",\"name\":\"[ Adata ] &#129351; Sspectrixs65g-500g-ci Unidad De Estado Solido Ssd Xpg Spectrix S65g Nvme 500gb M.2 5000 Mbs Escritura 6000 Mbs Lectura Pci Express 4.0 ()\",\"isPartOf\":{\"@id\":\"https:\/\/compuviper.mx\/tienda\/#website\"},\"datePublished\":\"2026-04-18T06:45:50+00:00\",\"dateModified\":\"2026-04-19T06:00:15+00:00\",\"description\":\"Compra Sspectrixs65g-500g-ci Unidad De Estado Solido Ssd Xpg Spectrix S65g Nvme 500gb M.2 5000 Mbs Escritura 6000 Mbs Lectura Pci Express 4.0 () + Env\u00edo a domicilio + Pago seguro + Garant\u00eda\",\"breadcrumb\":{\"@id\":\"https:\/\/compuviper.mx\/tienda\/producto\/adata-sspectrixs65g-500g-ci-unidad-de-estado-solido-ssd-xpg-spectrix-s65g-nvme-500gb-m-2-5000-mbs-escritura-6000-mbs-lectura-pci-express-4-0\/#breadcrumb\"},\"inLanguage\":\"es-MX\",\"potentialAction\":[{\"@type\":\"ReadAction\",\"target\":[\"https:\/\/compuviper.mx\/tienda\/producto\/adata-sspectrixs65g-500g-ci-unidad-de-estado-solido-ssd-xpg-spectrix-s65g-nvme-500gb-m-2-5000-mbs-escritura-6000-mbs-lectura-pci-express-4-0\/\"]}]},{\"@type\":\"BreadcrumbList\",\"@id\":\"https:\/\/compuviper.mx\/tienda\/producto\/adata-sspectrixs65g-500g-ci-unidad-de-estado-solido-ssd-xpg-spectrix-s65g-nvme-500gb-m-2-5000-mbs-escritura-6000-mbs-lectura-pci-express-4-0\/#breadcrumb\",\"itemListElement\":[{\"@type\":\"ListItem\",\"position\":1,\"name\":\"Inicio\",\"item\":\"https:\/\/compuviper.mx\/tienda\/\"},{\"@type\":\"ListItem\",\"position\":2,\"name\":\"Productos\",\"item\":\"https:\/\/compuviper.mx\/tienda\/productos\/\"},{\"@type\":\"ListItem\",\"position\":3,\"name\":\"Discos Duros\",\"item\":\"https:\/\/compuviper.mx\/tienda\/categoria-producto\/discos-duros\/\"},{\"@type\":\"ListItem\",\"position\":4,\"name\":\"Unidad De Estado Solido\",\"item\":\"https:\/\/compuviper.mx\/tienda\/categoria-producto\/discos-duros\/unidad-de-estado-solido\/\"},{\"@type\":\"ListItem\",\"position\":5,\"name\":\"Adata Sspectrixs65g-500g-ci Unidad De Estado Solido Ssd Xpg Spectrix S65g Nvme 500gb M.2 5000 Mbs Escritura 6000 Mbs Lectura Pci Express 4.0 ()\"}]},{\"@type\":\"WebSite\",\"@id\":\"https:\/\/compuviper.mx\/tienda\/#website\",\"url\":\"https:\/\/compuviper.mx\/tienda\/\",\"name\":\"Compuviper\",\"description\":\"Proveedor de Computadoras, Laptops, Servidores, Monitores, Puntos de Venta, Teclados,   Impresoras, T\u00f3ner, C\u00e1maras de Seguridad y m\u00e1s en tu tienda en l\u00ednea\",\"publisher\":{\"@id\":\"https:\/\/compuviper.mx\/tienda\/#organization\"},\"potentialAction\":[{\"@type\":\"SearchAction\",\"target\":{\"@type\":\"EntryPoint\",\"urlTemplate\":\"https:\/\/compuviper.mx\/tienda\/?s={search_term_string}\"},\"query-input\":\"required name=search_term_string\"}],\"inLanguage\":\"es-MX\"},{\"@type\":\"Organization\",\"@id\":\"https:\/\/compuviper.mx\/tienda\/#organization\",\"name\":\"Compuviper\",\"url\":\"https:\/\/compuviper.mx\/tienda\/\",\"logo\":{\"@type\":\"ImageObject\",\"inLanguage\":\"es-MX\",\"@id\":\"https:\/\/compuviper.mx\/tienda\/#\/schema\/logo\/image\/\",\"url\":\"https:\/\/compuviper.mx\/tienda\/wp-content\/uploads\/2021\/08\/Logo-Compuviper-10.png\",\"contentUrl\":\"https:\/\/compuviper.mx\/tienda\/wp-content\/uploads\/2021\/08\/Logo-Compuviper-10.png\",\"width\":1000,\"height\":500,\"caption\":\"Compuviper\"},\"image\":{\"@id\":\"https:\/\/compuviper.mx\/tienda\/#\/schema\/logo\/image\/\"},\"sameAs\":[\"https:\/\/www.facebook.com\/compuviper\",\"https:\/\/www.youtube.com\/channel\/UCf73dERp9Y3cfOq7q8BhLjA?view_as=subscriber\"]}]}<\/script>\n<meta property=\"product:brand\" content=\"ADATA\" \/>\n<meta property=\"product:price:amount\" content=\"1763\" \/>\n<meta property=\"product:price:currency\" content=\"MXN\" \/>\n<meta property=\"og:availability\" content=\"out of stock\" \/>\n<meta property=\"product:availability\" content=\"out of stock\" \/>\n<meta property=\"product:retailer_item_id\" content=\"SSPECTRIXS65G-500G-CI\" \/>\n<meta property=\"product:condition\" content=\"new\" \/>\n<!-- \/ Yoast SEO plugin. -->","yoast_head_json":{"title":"[ Adata ] &#129351; Sspectrixs65g-500g-ci Unidad De Estado Solido Ssd Xpg Spectrix S65g Nvme 500gb M.2 5000 Mbs Escritura 6000 Mbs Lectura Pci Express 4.0 ()","description":"Compra Sspectrixs65g-500g-ci Unidad De Estado Solido Ssd Xpg Spectrix S65g Nvme 500gb M.2 5000 Mbs Escritura 6000 Mbs Lectura Pci Express 4.0 () + Env\u00edo a domicilio + Pago seguro + Garant\u00eda","robots":{"index":"index","follow":"follow","max-snippet":"max-snippet:-1","max-image-preview":"max-image-preview:large","max-video-preview":"max-video-preview:-1"},"canonical":"https:\/\/compuviper.mx\/tienda\/producto\/adata-sspectrixs65g-500g-ci-unidad-de-estado-solido-ssd-xpg-spectrix-s65g-nvme-500gb-m-2-5000-mbs-escritura-6000-mbs-lectura-pci-express-4-0\/","og_locale":"es_MX","og_type":"article","og_title":"[ Adata ] &#129351; Sspectrixs65g-500g-ci Unidad De Estado Solido Ssd Xpg Spectrix S65g Nvme 500gb M.2 5000 Mbs Escritura 6000 Mbs Lectura Pci Express 4.0 ()","og_description":"Compra Sspectrixs65g-500g-ci Unidad De Estado Solido Ssd Xpg Spectrix S65g Nvme 500gb M.2 5000 Mbs Escritura 6000 Mbs Lectura Pci Express 4.0 () + Env\u00edo a domicilio + Pago seguro + Garant\u00eda","og_url":"https:\/\/compuviper.mx\/tienda\/producto\/adata-sspectrixs65g-500g-ci-unidad-de-estado-solido-ssd-xpg-spectrix-s65g-nvme-500gb-m-2-5000-mbs-escritura-6000-mbs-lectura-pci-express-4-0\/","og_site_name":"Compuviper","article_publisher":"https:\/\/www.facebook.com\/compuviper","article_modified_time":"2026-04-19T06:00:15+00:00","twitter_card":"summary_large_image","twitter_misc":{"Precio":"&#36;1,763 con IVA","Availability":"Out of stock"},"schema":{"@context":"https:\/\/schema.org","@graph":[{"@type":"WebPage","@id":"https:\/\/compuviper.mx\/tienda\/producto\/adata-sspectrixs65g-500g-ci-unidad-de-estado-solido-ssd-xpg-spectrix-s65g-nvme-500gb-m-2-5000-mbs-escritura-6000-mbs-lectura-pci-express-4-0\/","url":"https:\/\/compuviper.mx\/tienda\/producto\/adata-sspectrixs65g-500g-ci-unidad-de-estado-solido-ssd-xpg-spectrix-s65g-nvme-500gb-m-2-5000-mbs-escritura-6000-mbs-lectura-pci-express-4-0\/","name":"[ Adata ] &#129351; Sspectrixs65g-500g-ci Unidad De Estado Solido Ssd Xpg Spectrix S65g Nvme 500gb M.2 5000 Mbs Escritura 6000 Mbs Lectura Pci Express 4.0 ()","isPartOf":{"@id":"https:\/\/compuviper.mx\/tienda\/#website"},"datePublished":"2026-04-18T06:45:50+00:00","dateModified":"2026-04-19T06:00:15+00:00","description":"Compra Sspectrixs65g-500g-ci Unidad De Estado Solido Ssd Xpg Spectrix S65g Nvme 500gb M.2 5000 Mbs Escritura 6000 Mbs Lectura Pci Express 4.0 () + Env\u00edo a domicilio + Pago seguro + Garant\u00eda","breadcrumb":{"@id":"https:\/\/compuviper.mx\/tienda\/producto\/adata-sspectrixs65g-500g-ci-unidad-de-estado-solido-ssd-xpg-spectrix-s65g-nvme-500gb-m-2-5000-mbs-escritura-6000-mbs-lectura-pci-express-4-0\/#breadcrumb"},"inLanguage":"es-MX","potentialAction":[{"@type":"ReadAction","target":["https:\/\/compuviper.mx\/tienda\/producto\/adata-sspectrixs65g-500g-ci-unidad-de-estado-solido-ssd-xpg-spectrix-s65g-nvme-500gb-m-2-5000-mbs-escritura-6000-mbs-lectura-pci-express-4-0\/"]}]},{"@type":"BreadcrumbList","@id":"https:\/\/compuviper.mx\/tienda\/producto\/adata-sspectrixs65g-500g-ci-unidad-de-estado-solido-ssd-xpg-spectrix-s65g-nvme-500gb-m-2-5000-mbs-escritura-6000-mbs-lectura-pci-express-4-0\/#breadcrumb","itemListElement":[{"@type":"ListItem","position":1,"name":"Inicio","item":"https:\/\/compuviper.mx\/tienda\/"},{"@type":"ListItem","position":2,"name":"Productos","item":"https:\/\/compuviper.mx\/tienda\/productos\/"},{"@type":"ListItem","position":3,"name":"Discos Duros","item":"https:\/\/compuviper.mx\/tienda\/categoria-producto\/discos-duros\/"},{"@type":"ListItem","position":4,"name":"Unidad De Estado Solido","item":"https:\/\/compuviper.mx\/tienda\/categoria-producto\/discos-duros\/unidad-de-estado-solido\/"},{"@type":"ListItem","position":5,"name":"Adata Sspectrixs65g-500g-ci Unidad De Estado Solido Ssd Xpg Spectrix S65g Nvme 500gb M.2 5000 Mbs Escritura 6000 Mbs Lectura Pci Express 4.0 ()"}]},{"@type":"WebSite","@id":"https:\/\/compuviper.mx\/tienda\/#website","url":"https:\/\/compuviper.mx\/tienda\/","name":"Compuviper","description":"Proveedor de Computadoras, Laptops, Servidores, Monitores, Puntos de Venta, Teclados,   Impresoras, T\u00f3ner, C\u00e1maras de Seguridad y m\u00e1s en tu tienda en l\u00ednea","publisher":{"@id":"https:\/\/compuviper.mx\/tienda\/#organization"},"potentialAction":[{"@type":"SearchAction","target":{"@type":"EntryPoint","urlTemplate":"https:\/\/compuviper.mx\/tienda\/?s={search_term_string}"},"query-input":"required name=search_term_string"}],"inLanguage":"es-MX"},{"@type":"Organization","@id":"https:\/\/compuviper.mx\/tienda\/#organization","name":"Compuviper","url":"https:\/\/compuviper.mx\/tienda\/","logo":{"@type":"ImageObject","inLanguage":"es-MX","@id":"https:\/\/compuviper.mx\/tienda\/#\/schema\/logo\/image\/","url":"https:\/\/compuviper.mx\/tienda\/wp-content\/uploads\/2021\/08\/Logo-Compuviper-10.png","contentUrl":"https:\/\/compuviper.mx\/tienda\/wp-content\/uploads\/2021\/08\/Logo-Compuviper-10.png","width":1000,"height":500,"caption":"Compuviper"},"image":{"@id":"https:\/\/compuviper.mx\/tienda\/#\/schema\/logo\/image\/"},"sameAs":["https:\/\/www.facebook.com\/compuviper","https:\/\/www.youtube.com\/channel\/UCf73dERp9Y3cfOq7q8BhLjA?view_as=subscriber"]}]},"product_brand":"ADATA","product_price_amount":"1763","product_price_currency":"MXN","og_availability":"out of stock","product_availability":"out of stock","product_retailer_item_id":"SSPECTRIXS65G-500G-CI","product_condition":"new"},"_links":{"self":[{"href":"https:\/\/compuviper.mx\/tienda\/wp-json\/wp\/v2\/product\/268805"}],"collection":[{"href":"https:\/\/compuviper.mx\/tienda\/wp-json\/wp\/v2\/product"}],"about":[{"href":"https:\/\/compuviper.mx\/tienda\/wp-json\/wp\/v2\/types\/product"}],"replies":[{"embeddable":true,"href":"https:\/\/compuviper.mx\/tienda\/wp-json\/wp\/v2\/comments?post=268805"}],"wp:attachment":[{"href":"https:\/\/compuviper.mx\/tienda\/wp-json\/wp\/v2\/media?parent=268805"}],"wp:term":[{"taxonomy":"product_cat","embeddable":true,"href":"https:\/\/compuviper.mx\/tienda\/wp-json\/wp\/v2\/product_cat?post=268805"},{"taxonomy":"product_tag","embeddable":true,"href":"https:\/\/compuviper.mx\/tienda\/wp-json\/wp\/v2\/product_tag?post=268805"}],"curies":[{"name":"wp","href":"https:\/\/api.w.org\/{rel}","templated":true}]}}