{"id":268778,"date":"2026-04-15T23:51:22","date_gmt":"2026-04-16T05:51:22","guid":{"rendered":"https:\/\/compuviper.mx\/tienda\/producto\/msi-oem-mag-coreliquid-a12-360-disipador-de-enfriamiento-liquido-msi-black-360mm-intel-1700-1851-amd-am5-am4-rgb\/"},"modified":"2026-04-16T00:00:47","modified_gmt":"2026-04-16T06:00:47","slug":"msi-oem-mag-coreliquid-a12-360-disipador-de-enfriamiento-liquido-msi-black-360mm-intel-1700-1851-amd-am5-am4-rgb","status":"publish","type":"product","link":"https:\/\/compuviper.mx\/tienda\/producto\/msi-oem-mag-coreliquid-a12-360-disipador-de-enfriamiento-liquido-msi-black-360mm-intel-1700-1851-amd-am5-am4-rgb\/","title":{"rendered":"Msi Oem Mag Coreliquid A12 360 Disipador De Enfriamiento Liquido Msi   \/ Black\/ 360mm \/ Intel ,1700, 1851 \/ Amd Am5, Am4 \/ Rgb"},"content":{"rendered":"<table class=\"descripcion\">\n<tr>\n<td>La serie mag de msi es sin\u00f3nimo de estabilidad y durabilidad y est\u00e1 dise\u00f1ada para soportar las sesiones de juego m\u00e1s intensas. toda la gama presenta una construcci\u00f3n robusta con una dureza similar a la del metal y una excelente disipaci\u00f3n del calor, lo que garantiza la estabilidad de todos los componentes de juego cr\u00edticos.<\/td>\n<\/tr>\n<tr>\n<td>M\u00e1s informaci\u00f3n<\/td>\n<\/tr>\n<tr>\n<td>Msi mag motherboard<\/td>\n<\/tr>\n<tr>\n<td>Intuitive accessories<\/td>\n<\/tr>\n<tr>\n<td>Placa de cobre elevada<\/td>\n<\/tr>\n<tr>\n<td>La exclusiva placa de cobre est\u00e1 dise\u00f1ada para cubrir completamente la cpu y ofrecer una r\u00e1pida disipaci\u00f3n del calor.<\/td>\n<\/tr>\n<tr>\n<td>Bloque giratorio<\/td>\n<\/tr>\n<tr>\n<td>Monta la base en cualquier orientaci\u00f3n, gira el bloque hasta 270 grados y mantenlo en posici\u00f3n vertical.<\/td>\n<\/tr>\n<tr>\n<td>Intuitive accessories<\/td>\n<\/tr>\n<tr>\n<td>Intuitive accessories<\/td>\n<\/tr>\n<tr>\n<td>Rodamientos dobles<\/td>\n<\/tr>\n<tr>\n<td>Ofrece un rendimiento potente y una durabilidad excepcional.<\/td>\n<\/tr>\n<tr>\n<td>Alta disipaci\u00f3n t\u00e9rmica<\/td>\n<\/tr>\n<tr>\n<td>El radiador cuenta con un dise\u00f1o de 12 conductos para ayudar a disipar el calor r\u00e1pidamente.<\/td>\n<\/tr>\n<tr>\n<td>Intuitive accessories<\/td>\n<\/tr>\n<tr>\n<td>Tuber\u00eda a prueba de evaporaci\u00f3n<\/td>\n<\/tr>\n<tr>\n<td>La estructura multicapa evita eficazmente la evaporaci\u00f3n del l\u00edquido, mientras que el tubo de malla pl\u00e1stica reforzada mejora la durabilidad del revestimiento exterior.<\/td>\n<\/tr>\n<tr>\n<td>Intuitive accessories<\/td>\n<\/tr>\n<tr>\n<td>Integraci\u00f3n con el entorno del sistema<\/td>\n<\/tr>\n<tr>\n<td>Con el software msi center, los usuarios pueden integrar la refrigeraci\u00f3n l\u00edquida de msi con su placa madre y ajustar la velocidad del ventilador y la bomba a trav\u00e9s de la propia placa. msi center proporciona controles intuitivos que permiten ajustar el hardware con precisi\u00f3n y optimizar el rendimiento del equipo.<\/td>\n<\/tr>\n<tr>\n<td>Pump fan<\/td>\n<\/tr>\n<tr>\n<td>Cpu fan<\/td>\n<\/tr>\n<tr>\n<td>Mag coreliquid a12 360<\/td>\n<\/tr>\n<tr>\n<td>Compatible con mystic light: personaliza tus ventiladores argb a trav\u00e9s del software mystic light de msi.<\/td>\n<\/tr>\n<tr>\n<td>Tubos a prueba de evaporaci\u00f3n: previenen la p\u00e9rdida de refrigerante y facilitan la flexi\u00f3n para un ensamblaje conveniente.<\/td>\n<\/tr>\n<tr>\n<td>Eliminaci\u00f3n de la resonancia del motor de la bomba: funcionamiento silencioso con un rendimiento optimizado.<\/td>\n<\/tr>\n<tr>\n<td>Rodamiento de doble bola: ofrece un rendimiento potente y una durabilidad excepcional.<\/td>\n<\/tr>\n<\/table>\n","protected":false},"excerpt":{"rendered":"<p>Number of fans 3. Fan dimensions 120 x 120 x 25 mm \/ 4.7 x 4.7 x 0.98 inches. Fan rated current 0.33a and #65288;max and #65289. Fan life expectancy 70,000 hrs@40 and #8451. Fan bearing double ball bearing. Water cooling tube material epdm. Water cooling tube length 400 mm. Fan air flow 94.65cfm (max. Fan lighting argb. Pwm mode yes. Fan cable length (5v argb \/ pwm cable) 500 mm. Fan speed 2200 \u00b1 10% rpm. Radiator material aluminum. Radiator dimensions 397 x 120 x 27mm. Block dimensions \u00f867.22\u00b10.5*69.05\u00b11 mm. Fan power consumption 3.96w(max. Block lighting argb. Pump life expectancy 100,000 hours in typical use. Fan connector 5v argb 3-pin header. Pump noise level 15 dba (avg.. Pump load current 0.3a(0.33a max. Pump speed 383100 rpm \u00b1 10. Pump power consumption 3.6w(3.96w max. Pump rated current 0.21a \u00b1 0.042.  3-pin header. Pump connector 5v argb 3-pin header. Intel socket lga 1700 \/ 1851. Amd socket am5 \/ am4. Accessories thermal paste x 1.  Screws x 12. Radiator size 360 mm. Cold plate material copper<\/p>\n","protected":false},"featured_media":268779,"comment_status":"open","ping_status":"open","template":"","meta":[],"product_cat":[1613,1612],"product_tag":[2322],"acf":[],"yoast_head":"<!-- This site is optimized with the Yoast SEO plugin v21.7 - https:\/\/yoast.com\/wordpress\/plugins\/seo\/ -->\n<title>[ Msi Oem ] &#129351; Mag Coreliquid A12 360 Disipador De Enfriamiento Liquido Msi \/ Black\/ 360mm \/ Intel ,1700, 1851 \/ Amd Am5, Am4 \/ Rgb<\/title>\n<meta name=\"description\" content=\"Compra Mag Coreliquid A12 360 Disipador De Enfriamiento Liquido Msi \/ Black\/ 360mm \/ Intel ,1700, 1851 \/ Amd Am5, Am4 \/ Rgb + Env\u00edo a domicilio + Pago seguro + Garant\u00eda\" \/>\n<meta name=\"robots\" content=\"index, follow, max-snippet:-1, max-image-preview:large, max-video-preview:-1\" \/>\n<link rel=\"canonical\" href=\"https:\/\/compuviper.mx\/tienda\/producto\/msi-oem-mag-coreliquid-a12-360-disipador-de-enfriamiento-liquido-msi-black-360mm-intel-1700-1851-amd-am5-am4-rgb\/\" \/>\n<meta property=\"og:locale\" content=\"es_MX\" \/>\n<meta property=\"og:type\" content=\"article\" \/>\n<meta property=\"og:title\" content=\"[ Msi Oem ] &#129351; Mag Coreliquid A12 360 Disipador De Enfriamiento Liquido Msi \/ Black\/ 360mm \/ Intel ,1700, 1851 \/ Amd Am5, Am4 \/ Rgb\" \/>\n<meta property=\"og:description\" content=\"Compra Mag Coreliquid A12 360 Disipador De Enfriamiento Liquido Msi \/ Black\/ 360mm \/ Intel ,1700, 1851 \/ Amd Am5, Am4 \/ Rgb + Env\u00edo a domicilio + Pago seguro + Garant\u00eda\" \/>\n<meta property=\"og:url\" content=\"https:\/\/compuviper.mx\/tienda\/producto\/msi-oem-mag-coreliquid-a12-360-disipador-de-enfriamiento-liquido-msi-black-360mm-intel-1700-1851-amd-am5-am4-rgb\/\" \/>\n<meta property=\"og:site_name\" content=\"Compuviper\" \/>\n<meta property=\"article:publisher\" content=\"https:\/\/www.facebook.com\/compuviper\" \/>\n<meta property=\"article:modified_time\" content=\"2026-04-16T06:00:47+00:00\" \/>\n<meta property=\"og:image\" content=\"https:\/\/compuviper.mx\/tienda\/wp-content\/uploads\/2026\/04\/Disipador-de-enfriamiento-liquido-msi-mag-coreliquid-a12-360-black-360mm-intel-1700-1851-amd-am5-am4-rgb.jpg\" \/>\n\t<meta property=\"og:image:width\" content=\"200\" \/>\n\t<meta property=\"og:image:height\" content=\"200\" \/>\n\t<meta property=\"og:image:type\" content=\"image\/jpeg\" \/>\n<meta name=\"twitter:card\" content=\"summary_large_image\" \/>\n<meta name=\"twitter:label1\" content=\"Precio\" \/>\n\t<meta name=\"twitter:data1\" content=\"&#36;1,044 con IVA\" \/>\n\t<meta name=\"twitter:label2\" content=\"Availability\" \/>\n\t<meta name=\"twitter:data2\" content=\"Out of stock\" \/>\n<script type=\"application\/ld+json\" class=\"yoast-schema-graph\">{\"@context\":\"https:\/\/schema.org\",\"@graph\":[{\"@type\":\"WebPage\",\"@id\":\"https:\/\/compuviper.mx\/tienda\/producto\/msi-oem-mag-coreliquid-a12-360-disipador-de-enfriamiento-liquido-msi-black-360mm-intel-1700-1851-amd-am5-am4-rgb\/\",\"url\":\"https:\/\/compuviper.mx\/tienda\/producto\/msi-oem-mag-coreliquid-a12-360-disipador-de-enfriamiento-liquido-msi-black-360mm-intel-1700-1851-amd-am5-am4-rgb\/\",\"name\":\"[ Msi Oem ] &#129351; Mag Coreliquid A12 360 Disipador De Enfriamiento Liquido Msi \/ Black\/ 360mm \/ Intel ,1700, 1851 \/ Amd Am5, Am4 \/ Rgb\",\"isPartOf\":{\"@id\":\"https:\/\/compuviper.mx\/tienda\/#website\"},\"datePublished\":\"2026-04-16T05:51:22+00:00\",\"dateModified\":\"2026-04-16T06:00:47+00:00\",\"description\":\"Compra Mag Coreliquid A12 360 Disipador De Enfriamiento Liquido Msi \/ Black\/ 360mm \/ Intel ,1700, 1851 \/ Amd Am5, Am4 \/ Rgb + Env\u00edo a domicilio + Pago seguro + Garant\u00eda\",\"breadcrumb\":{\"@id\":\"https:\/\/compuviper.mx\/tienda\/producto\/msi-oem-mag-coreliquid-a12-360-disipador-de-enfriamiento-liquido-msi-black-360mm-intel-1700-1851-amd-am5-am4-rgb\/#breadcrumb\"},\"inLanguage\":\"es-MX\",\"potentialAction\":[{\"@type\":\"ReadAction\",\"target\":[\"https:\/\/compuviper.mx\/tienda\/producto\/msi-oem-mag-coreliquid-a12-360-disipador-de-enfriamiento-liquido-msi-black-360mm-intel-1700-1851-amd-am5-am4-rgb\/\"]}]},{\"@type\":\"BreadcrumbList\",\"@id\":\"https:\/\/compuviper.mx\/tienda\/producto\/msi-oem-mag-coreliquid-a12-360-disipador-de-enfriamiento-liquido-msi-black-360mm-intel-1700-1851-amd-am5-am4-rgb\/#breadcrumb\",\"itemListElement\":[{\"@type\":\"ListItem\",\"position\":1,\"name\":\"Inicio\",\"item\":\"https:\/\/compuviper.mx\/tienda\/\"},{\"@type\":\"ListItem\",\"position\":2,\"name\":\"Productos\",\"item\":\"https:\/\/compuviper.mx\/tienda\/productos\/\"},{\"@type\":\"ListItem\",\"position\":3,\"name\":\"Msi Oem Mag Coreliquid A12 360 Disipador De Enfriamiento Liquido Msi \/ Black\/ 360mm \/ Intel ,1700, 1851 \/ Amd Am5, Am4 \/ Rgb\"}]},{\"@type\":\"WebSite\",\"@id\":\"https:\/\/compuviper.mx\/tienda\/#website\",\"url\":\"https:\/\/compuviper.mx\/tienda\/\",\"name\":\"Compuviper\",\"description\":\"Proveedor de Computadoras, Laptops, Servidores, Monitores, Puntos de Venta, Teclados,   Impresoras, T\u00f3ner, C\u00e1maras de Seguridad y m\u00e1s en tu tienda en l\u00ednea\",\"publisher\":{\"@id\":\"https:\/\/compuviper.mx\/tienda\/#organization\"},\"potentialAction\":[{\"@type\":\"SearchAction\",\"target\":{\"@type\":\"EntryPoint\",\"urlTemplate\":\"https:\/\/compuviper.mx\/tienda\/?s={search_term_string}\"},\"query-input\":\"required name=search_term_string\"}],\"inLanguage\":\"es-MX\"},{\"@type\":\"Organization\",\"@id\":\"https:\/\/compuviper.mx\/tienda\/#organization\",\"name\":\"Compuviper\",\"url\":\"https:\/\/compuviper.mx\/tienda\/\",\"logo\":{\"@type\":\"ImageObject\",\"inLanguage\":\"es-MX\",\"@id\":\"https:\/\/compuviper.mx\/tienda\/#\/schema\/logo\/image\/\",\"url\":\"https:\/\/compuviper.mx\/tienda\/wp-content\/uploads\/2021\/08\/Logo-Compuviper-10.png\",\"contentUrl\":\"https:\/\/compuviper.mx\/tienda\/wp-content\/uploads\/2021\/08\/Logo-Compuviper-10.png\",\"width\":1000,\"height\":500,\"caption\":\"Compuviper\"},\"image\":{\"@id\":\"https:\/\/compuviper.mx\/tienda\/#\/schema\/logo\/image\/\"},\"sameAs\":[\"https:\/\/www.facebook.com\/compuviper\",\"https:\/\/www.youtube.com\/channel\/UCf73dERp9Y3cfOq7q8BhLjA?view_as=subscriber\"]}]}<\/script>\n<meta property=\"product:brand\" content=\"Msi Oem\" \/>\n<meta property=\"product:price:amount\" content=\"1044\" \/>\n<meta property=\"product:price:currency\" content=\"MXN\" \/>\n<meta property=\"og:availability\" content=\"out of stock\" \/>\n<meta property=\"product:availability\" content=\"out of stock\" \/>\n<meta property=\"product:retailer_item_id\" content=\"MAG CORELIQUID A12 360\" \/>\n<meta property=\"product:condition\" content=\"new\" \/>\n<!-- \/ Yoast SEO plugin. -->","yoast_head_json":{"title":"[ Msi Oem ] &#129351; Mag Coreliquid A12 360 Disipador De Enfriamiento Liquido Msi \/ Black\/ 360mm \/ Intel ,1700, 1851 \/ Amd Am5, Am4 \/ Rgb","description":"Compra Mag Coreliquid A12 360 Disipador De Enfriamiento Liquido Msi \/ Black\/ 360mm \/ Intel ,1700, 1851 \/ Amd Am5, Am4 \/ Rgb + Env\u00edo a domicilio + Pago seguro + Garant\u00eda","robots":{"index":"index","follow":"follow","max-snippet":"max-snippet:-1","max-image-preview":"max-image-preview:large","max-video-preview":"max-video-preview:-1"},"canonical":"https:\/\/compuviper.mx\/tienda\/producto\/msi-oem-mag-coreliquid-a12-360-disipador-de-enfriamiento-liquido-msi-black-360mm-intel-1700-1851-amd-am5-am4-rgb\/","og_locale":"es_MX","og_type":"article","og_title":"[ Msi Oem ] &#129351; Mag Coreliquid A12 360 Disipador De Enfriamiento Liquido Msi \/ Black\/ 360mm \/ Intel ,1700, 1851 \/ Amd Am5, Am4 \/ Rgb","og_description":"Compra Mag Coreliquid A12 360 Disipador De Enfriamiento Liquido Msi \/ Black\/ 360mm \/ Intel ,1700, 1851 \/ Amd Am5, Am4 \/ Rgb + Env\u00edo a domicilio + Pago seguro + Garant\u00eda","og_url":"https:\/\/compuviper.mx\/tienda\/producto\/msi-oem-mag-coreliquid-a12-360-disipador-de-enfriamiento-liquido-msi-black-360mm-intel-1700-1851-amd-am5-am4-rgb\/","og_site_name":"Compuviper","article_publisher":"https:\/\/www.facebook.com\/compuviper","article_modified_time":"2026-04-16T06:00:47+00:00","og_image":[{"width":200,"height":200,"url":"https:\/\/compuviper.mx\/tienda\/wp-content\/uploads\/2026\/04\/Disipador-de-enfriamiento-liquido-msi-mag-coreliquid-a12-360-black-360mm-intel-1700-1851-amd-am5-am4-rgb.jpg","type":"image\/jpeg"}],"twitter_card":"summary_large_image","twitter_misc":{"Precio":"&#36;1,044 con IVA","Availability":"Out of stock"},"schema":{"@context":"https:\/\/schema.org","@graph":[{"@type":"WebPage","@id":"https:\/\/compuviper.mx\/tienda\/producto\/msi-oem-mag-coreliquid-a12-360-disipador-de-enfriamiento-liquido-msi-black-360mm-intel-1700-1851-amd-am5-am4-rgb\/","url":"https:\/\/compuviper.mx\/tienda\/producto\/msi-oem-mag-coreliquid-a12-360-disipador-de-enfriamiento-liquido-msi-black-360mm-intel-1700-1851-amd-am5-am4-rgb\/","name":"[ Msi Oem ] &#129351; Mag Coreliquid A12 360 Disipador De Enfriamiento Liquido Msi \/ Black\/ 360mm \/ Intel ,1700, 1851 \/ Amd Am5, Am4 \/ Rgb","isPartOf":{"@id":"https:\/\/compuviper.mx\/tienda\/#website"},"datePublished":"2026-04-16T05:51:22+00:00","dateModified":"2026-04-16T06:00:47+00:00","description":"Compra Mag Coreliquid A12 360 Disipador De Enfriamiento Liquido Msi \/ Black\/ 360mm \/ Intel ,1700, 1851 \/ Amd Am5, Am4 \/ Rgb + Env\u00edo a domicilio + Pago seguro + Garant\u00eda","breadcrumb":{"@id":"https:\/\/compuviper.mx\/tienda\/producto\/msi-oem-mag-coreliquid-a12-360-disipador-de-enfriamiento-liquido-msi-black-360mm-intel-1700-1851-amd-am5-am4-rgb\/#breadcrumb"},"inLanguage":"es-MX","potentialAction":[{"@type":"ReadAction","target":["https:\/\/compuviper.mx\/tienda\/producto\/msi-oem-mag-coreliquid-a12-360-disipador-de-enfriamiento-liquido-msi-black-360mm-intel-1700-1851-amd-am5-am4-rgb\/"]}]},{"@type":"BreadcrumbList","@id":"https:\/\/compuviper.mx\/tienda\/producto\/msi-oem-mag-coreliquid-a12-360-disipador-de-enfriamiento-liquido-msi-black-360mm-intel-1700-1851-amd-am5-am4-rgb\/#breadcrumb","itemListElement":[{"@type":"ListItem","position":1,"name":"Inicio","item":"https:\/\/compuviper.mx\/tienda\/"},{"@type":"ListItem","position":2,"name":"Productos","item":"https:\/\/compuviper.mx\/tienda\/productos\/"},{"@type":"ListItem","position":3,"name":"Msi Oem Mag Coreliquid A12 360 Disipador De Enfriamiento Liquido Msi \/ Black\/ 360mm \/ Intel ,1700, 1851 \/ Amd Am5, Am4 \/ Rgb"}]},{"@type":"WebSite","@id":"https:\/\/compuviper.mx\/tienda\/#website","url":"https:\/\/compuviper.mx\/tienda\/","name":"Compuviper","description":"Proveedor de Computadoras, Laptops, Servidores, Monitores, Puntos de Venta, Teclados,   Impresoras, T\u00f3ner, C\u00e1maras de Seguridad y m\u00e1s en tu tienda en l\u00ednea","publisher":{"@id":"https:\/\/compuviper.mx\/tienda\/#organization"},"potentialAction":[{"@type":"SearchAction","target":{"@type":"EntryPoint","urlTemplate":"https:\/\/compuviper.mx\/tienda\/?s={search_term_string}"},"query-input":"required name=search_term_string"}],"inLanguage":"es-MX"},{"@type":"Organization","@id":"https:\/\/compuviper.mx\/tienda\/#organization","name":"Compuviper","url":"https:\/\/compuviper.mx\/tienda\/","logo":{"@type":"ImageObject","inLanguage":"es-MX","@id":"https:\/\/compuviper.mx\/tienda\/#\/schema\/logo\/image\/","url":"https:\/\/compuviper.mx\/tienda\/wp-content\/uploads\/2021\/08\/Logo-Compuviper-10.png","contentUrl":"https:\/\/compuviper.mx\/tienda\/wp-content\/uploads\/2021\/08\/Logo-Compuviper-10.png","width":1000,"height":500,"caption":"Compuviper"},"image":{"@id":"https:\/\/compuviper.mx\/tienda\/#\/schema\/logo\/image\/"},"sameAs":["https:\/\/www.facebook.com\/compuviper","https:\/\/www.youtube.com\/channel\/UCf73dERp9Y3cfOq7q8BhLjA?view_as=subscriber"]}]},"product_brand":"Msi Oem","product_price_amount":"1044","product_price_currency":"MXN","og_availability":"out of stock","product_availability":"out of stock","product_retailer_item_id":"MAG CORELIQUID A12 360","product_condition":"new"},"_links":{"self":[{"href":"https:\/\/compuviper.mx\/tienda\/wp-json\/wp\/v2\/product\/268778"}],"collection":[{"href":"https:\/\/compuviper.mx\/tienda\/wp-json\/wp\/v2\/product"}],"about":[{"href":"https:\/\/compuviper.mx\/tienda\/wp-json\/wp\/v2\/types\/product"}],"replies":[{"embeddable":true,"href":"https:\/\/compuviper.mx\/tienda\/wp-json\/wp\/v2\/comments?post=268778"}],"wp:featuredmedia":[{"embeddable":true,"href":"https:\/\/compuviper.mx\/tienda\/wp-json\/wp\/v2\/media\/268779"}],"wp:attachment":[{"href":"https:\/\/compuviper.mx\/tienda\/wp-json\/wp\/v2\/media?parent=268778"}],"wp:term":[{"taxonomy":"product_cat","embeddable":true,"href":"https:\/\/compuviper.mx\/tienda\/wp-json\/wp\/v2\/product_cat?post=268778"},{"taxonomy":"product_tag","embeddable":true,"href":"https:\/\/compuviper.mx\/tienda\/wp-json\/wp\/v2\/product_tag?post=268778"}],"curies":[{"name":"wp","href":"https:\/\/api.w.org\/{rel}","templated":true}]}}