{"id":268758,"date":"2026-04-17T01:24:11","date_gmt":"2026-04-17T07:24:11","guid":{"rendered":"https:\/\/compuviper.mx\/tienda\/producto\/gigabyte-gigabyte-gaming-a16-cthi3la893ph-portatil-gamer-gaming-a16-cthi3la893sh-intel-i7-13620h-4-9ghz-16-165hz-ips-fhd-rtx-5050-gddr7-8gb-512gb-ssd-ram-16gb-win-11-home\/"},"modified":"2026-04-17T01:24:12","modified_gmt":"2026-04-17T07:24:12","slug":"gigabyte-gigabyte-gaming-a16-cthi3la893ph-portatil-gamer-gaming-a16-cthi3la893sh-intel-i7-13620h-4-9ghz-16-165hz-ips-fhd-rtx-5050-gddr7-8gb-512gb-ssd-ram-16gb-win-11-home","status":"publish","type":"product","link":"https:\/\/compuviper.mx\/tienda\/producto\/gigabyte-gigabyte-gaming-a16-cthi3la893ph-portatil-gamer-gaming-a16-cthi3la893sh-intel-i7-13620h-4-9ghz-16-165hz-ips-fhd-rtx-5050-gddr7-8gb-512gb-ssd-ram-16gb-win-11-home\/","title":{"rendered":"Gigabyte Gigabyte Gaming A16 Cthi3la893ph Portatil Gamer  Gaming A16 Cthi3la893sh \/ Intel I7-13620h 4.9ghz \/ 16 165hz Ips Fhd \/ Rtx 5050 Gddr7 8gb \/ 512gb Ssd \/ Ram 16gb \/ Win 11 Home"},"content":{"rendered":"<table class=\"descripcion\">\n<tr>\n<td>\u0095intel\u00ae core\u0099 i7-13620h (2.4ghz~4.9ghz)<\/td>\n<\/tr>\n<tr>\n<td>\u0095pantalla 16,165hz con ips (1920&#215;1200)<\/td>\n<\/tr>\n<tr>\n<td>\u0095memory 16 gb<\/td>\n<\/tr>\n<tr>\n<td>\u0095gr\u00e1ficos nvidia\u00ae geforce rtx 5050 laptop gpu<\/td>\n<\/tr>\n<tr>\n<td>8gb gddr7-75w<\/td>\n<\/tr>\n<tr>\n<td>\u0095512gb m.2 pole gen4 ssd(pcle gen4x4)<\/td>\n<\/tr>\n<tr>\n<td>\u0095teclado rgb retroiluminado<\/td>\n<\/tr>\n<tr>\n<td>\u0095 wifi 6e \/ bluetooth v5.2<\/td>\n<\/tr>\n<tr>\n<td>\u0095 red lan: 1g<\/td>\n<\/tr>\n<tr>\n<td>\u0095 c\u00e1mara fhd (1080p)<\/td>\n<\/tr>\n<tr>\n<td>\u0095 bater\u00eda de iones de litio 76wh con cargador<\/td>\n<\/tr>\n<tr>\n<td>De 150w<\/td>\n<\/tr>\n<tr>\n<td>\u0095 windows 11 home<\/td>\n<\/tr>\n<tr>\n<td>\u0095 tecnolog\u00eda de audio dolby atmos\u00ae 2x 2w<\/td>\n<\/tr>\n<tr>\n<td>Speakers<\/td>\n<\/tr>\n<tr>\n<td>\u0095 dimensiones 358.3 x 262.5 x 19.45~22.99 mm<\/td>\n<\/tr>\n<tr>\n<td>\u0095 peso aproximado 2.2kg<\/td>\n<\/tr>\n<tr>\n<td>\u0095color (black steel)<\/td>\n<\/tr>\n<\/table>\n","protected":false},"excerpt":{"rendered":"<p>Juega con todo. Llega gigabyte gaming a16, la laptop para juegos que abre todas las posibilidades. Equipada con el procesador intel\u00ae core\u0099 de 13.\u00aa generaci\u00f3n y la gpu nvidia\u00ae geforce rtx \u0099 serie 50 para laptops, ofrece un rendimiento de juego potente. El teclado golden curve redise\u00f1ado, integrado en un chasis delgado, mejora el control del dispositivo tanto para juegos como para el trabajo diario. No solo incluye dolby atmos\u00ae para que te relajes con el sonido ambiental, sino que tambi\u00e9n permite una posici\u00f3n horizontal de 180 grados. Es r\u00e1pida. Es ligera. Est\u00e1 dise\u00f1ada para que juegues a lo grande.<\/p>\n","protected":false},"featured_media":0,"comment_status":"open","ping_status":"open","template":"","meta":[],"product_cat":[1891,1886],"product_tag":[1732],"acf":[],"yoast_head":"<!-- This site is optimized with the Yoast SEO plugin v21.7 - https:\/\/yoast.com\/wordpress\/plugins\/seo\/ -->\n<title>[ Gigabyte ] &#129351; Gigabyte Gaming A16 Cthi3la893ph Portatil Gamer Gaming A16 Cthi3la893sh \/ Intel I7-13620h 4.9ghz \/ 16 165hz Ips Fhd \/ Rtx 5050 Gddr7 8gb \/ 512gb Ssd \/ Ram 16gb \/ Win 11 Home<\/title>\n<meta name=\"description\" content=\"Compra Gigabyte Gaming A16 Cthi3la893ph Portatil Gamer Gaming A16 Cthi3la893sh \/ Intel I7-13620h 4.9ghz \/ 16 165hz Ips Fhd \/ Rtx 5050 Gddr7 8gb \/ 512gb Ssd \/ Ram 16gb \/ Win 11 Home + Env\u00edo a domicilio + Pago seguro + Garant\u00eda\" \/>\n<meta name=\"robots\" content=\"index, follow, max-snippet:-1, max-image-preview:large, max-video-preview:-1\" \/>\n<link rel=\"canonical\" href=\"https:\/\/compuviper.mx\/tienda\/producto\/gigabyte-gigabyte-gaming-a16-cthi3la893ph-portatil-gamer-gaming-a16-cthi3la893sh-intel-i7-13620h-4-9ghz-16-165hz-ips-fhd-rtx-5050-gddr7-8gb-512gb-ssd-ram-16gb-win-11-home\/\" \/>\n<meta property=\"og:locale\" content=\"es_MX\" \/>\n<meta property=\"og:type\" content=\"article\" \/>\n<meta property=\"og:title\" content=\"[ Gigabyte ] &#129351; Gigabyte Gaming A16 Cthi3la893ph Portatil Gamer Gaming A16 Cthi3la893sh \/ Intel I7-13620h 4.9ghz \/ 16 165hz Ips Fhd \/ Rtx 5050 Gddr7 8gb \/ 512gb Ssd \/ Ram 16gb \/ Win 11 Home\" \/>\n<meta property=\"og:description\" content=\"Compra Gigabyte Gaming A16 Cthi3la893ph Portatil Gamer Gaming A16 Cthi3la893sh \/ Intel I7-13620h 4.9ghz \/ 16 165hz Ips Fhd \/ Rtx 5050 Gddr7 8gb \/ 512gb Ssd \/ Ram 16gb \/ Win 11 Home + Env\u00edo a domicilio + Pago seguro + Garant\u00eda\" \/>\n<meta property=\"og:url\" content=\"https:\/\/compuviper.mx\/tienda\/producto\/gigabyte-gigabyte-gaming-a16-cthi3la893ph-portatil-gamer-gaming-a16-cthi3la893sh-intel-i7-13620h-4-9ghz-16-165hz-ips-fhd-rtx-5050-gddr7-8gb-512gb-ssd-ram-16gb-win-11-home\/\" \/>\n<meta property=\"og:site_name\" content=\"Compuviper\" \/>\n<meta property=\"article:publisher\" content=\"https:\/\/www.facebook.com\/compuviper\" \/>\n<meta property=\"article:modified_time\" content=\"2026-04-17T07:24:12+00:00\" \/>\n<meta name=\"twitter:card\" content=\"summary_large_image\" \/>\n<meta name=\"twitter:label1\" content=\"Precio\" \/>\n\t<meta name=\"twitter:data1\" content=\"&#36;18,597 con IVA\" \/>\n\t<meta name=\"twitter:label2\" content=\"Availability\" \/>\n\t<meta name=\"twitter:data2\" content=\"In stock\" \/>\n<script type=\"application\/ld+json\" class=\"yoast-schema-graph\">{\"@context\":\"https:\/\/schema.org\",\"@graph\":[{\"@type\":\"WebPage\",\"@id\":\"https:\/\/compuviper.mx\/tienda\/producto\/gigabyte-gigabyte-gaming-a16-cthi3la893ph-portatil-gamer-gaming-a16-cthi3la893sh-intel-i7-13620h-4-9ghz-16-165hz-ips-fhd-rtx-5050-gddr7-8gb-512gb-ssd-ram-16gb-win-11-home\/\",\"url\":\"https:\/\/compuviper.mx\/tienda\/producto\/gigabyte-gigabyte-gaming-a16-cthi3la893ph-portatil-gamer-gaming-a16-cthi3la893sh-intel-i7-13620h-4-9ghz-16-165hz-ips-fhd-rtx-5050-gddr7-8gb-512gb-ssd-ram-16gb-win-11-home\/\",\"name\":\"[ Gigabyte ] &#129351; Gigabyte Gaming A16 Cthi3la893ph Portatil Gamer Gaming A16 Cthi3la893sh \/ Intel I7-13620h 4.9ghz \/ 16 165hz Ips Fhd \/ Rtx 5050 Gddr7 8gb \/ 512gb Ssd \/ Ram 16gb \/ Win 11 Home\",\"isPartOf\":{\"@id\":\"https:\/\/compuviper.mx\/tienda\/#website\"},\"datePublished\":\"2026-04-17T07:24:11+00:00\",\"dateModified\":\"2026-04-17T07:24:12+00:00\",\"description\":\"Compra Gigabyte Gaming A16 Cthi3la893ph Portatil Gamer Gaming A16 Cthi3la893sh \/ Intel I7-13620h 4.9ghz \/ 16 165hz Ips Fhd \/ Rtx 5050 Gddr7 8gb \/ 512gb Ssd \/ Ram 16gb \/ Win 11 Home + Env\u00edo a domicilio + Pago seguro + Garant\u00eda\",\"breadcrumb\":{\"@id\":\"https:\/\/compuviper.mx\/tienda\/producto\/gigabyte-gigabyte-gaming-a16-cthi3la893ph-portatil-gamer-gaming-a16-cthi3la893sh-intel-i7-13620h-4-9ghz-16-165hz-ips-fhd-rtx-5050-gddr7-8gb-512gb-ssd-ram-16gb-win-11-home\/#breadcrumb\"},\"inLanguage\":\"es-MX\",\"potentialAction\":[{\"@type\":\"ReadAction\",\"target\":[\"https:\/\/compuviper.mx\/tienda\/producto\/gigabyte-gigabyte-gaming-a16-cthi3la893ph-portatil-gamer-gaming-a16-cthi3la893sh-intel-i7-13620h-4-9ghz-16-165hz-ips-fhd-rtx-5050-gddr7-8gb-512gb-ssd-ram-16gb-win-11-home\/\"]}]},{\"@type\":\"BreadcrumbList\",\"@id\":\"https:\/\/compuviper.mx\/tienda\/producto\/gigabyte-gigabyte-gaming-a16-cthi3la893ph-portatil-gamer-gaming-a16-cthi3la893sh-intel-i7-13620h-4-9ghz-16-165hz-ips-fhd-rtx-5050-gddr7-8gb-512gb-ssd-ram-16gb-win-11-home\/#breadcrumb\",\"itemListElement\":[{\"@type\":\"ListItem\",\"position\":1,\"name\":\"Inicio\",\"item\":\"https:\/\/compuviper.mx\/tienda\/\"},{\"@type\":\"ListItem\",\"position\":2,\"name\":\"Productos\",\"item\":\"https:\/\/compuviper.mx\/tienda\/productos\/\"},{\"@type\":\"ListItem\",\"position\":3,\"name\":\"Laptops\",\"item\":\"https:\/\/compuviper.mx\/tienda\/categoria-producto\/laptops\/\"},{\"@type\":\"ListItem\",\"position\":4,\"name\":\"Gaming\",\"item\":\"https:\/\/compuviper.mx\/tienda\/categoria-producto\/laptops\/gaming-laptops\/\"},{\"@type\":\"ListItem\",\"position\":5,\"name\":\"Gigabyte Gigabyte Gaming A16 Cthi3la893ph Portatil Gamer Gaming A16 Cthi3la893sh \/ Intel I7-13620h 4.9ghz \/ 16 165hz Ips Fhd \/ Rtx 5050 Gddr7 8gb \/ 512gb Ssd \/ Ram 16gb \/ Win 11 Home\"}]},{\"@type\":\"WebSite\",\"@id\":\"https:\/\/compuviper.mx\/tienda\/#website\",\"url\":\"https:\/\/compuviper.mx\/tienda\/\",\"name\":\"Compuviper\",\"description\":\"Proveedor de Computadoras, Laptops, Servidores, Monitores, Puntos de Venta, Teclados,   Impresoras, T\u00f3ner, C\u00e1maras de Seguridad y m\u00e1s en tu tienda en l\u00ednea\",\"publisher\":{\"@id\":\"https:\/\/compuviper.mx\/tienda\/#organization\"},\"potentialAction\":[{\"@type\":\"SearchAction\",\"target\":{\"@type\":\"EntryPoint\",\"urlTemplate\":\"https:\/\/compuviper.mx\/tienda\/?s={search_term_string}\"},\"query-input\":\"required name=search_term_string\"}],\"inLanguage\":\"es-MX\"},{\"@type\":\"Organization\",\"@id\":\"https:\/\/compuviper.mx\/tienda\/#organization\",\"name\":\"Compuviper\",\"url\":\"https:\/\/compuviper.mx\/tienda\/\",\"logo\":{\"@type\":\"ImageObject\",\"inLanguage\":\"es-MX\",\"@id\":\"https:\/\/compuviper.mx\/tienda\/#\/schema\/logo\/image\/\",\"url\":\"https:\/\/compuviper.mx\/tienda\/wp-content\/uploads\/2021\/08\/Logo-Compuviper-10.png\",\"contentUrl\":\"https:\/\/compuviper.mx\/tienda\/wp-content\/uploads\/2021\/08\/Logo-Compuviper-10.png\",\"width\":1000,\"height\":500,\"caption\":\"Compuviper\"},\"image\":{\"@id\":\"https:\/\/compuviper.mx\/tienda\/#\/schema\/logo\/image\/\"},\"sameAs\":[\"https:\/\/www.facebook.com\/compuviper\",\"https:\/\/www.youtube.com\/channel\/UCf73dERp9Y3cfOq7q8BhLjA?view_as=subscriber\"]}]}<\/script>\n<meta property=\"product:brand\" content=\"GIGABYTE\" \/>\n<meta property=\"product:price:amount\" content=\"18597\" \/>\n<meta property=\"product:price:currency\" content=\"MXN\" \/>\n<meta property=\"og:availability\" content=\"instock\" \/>\n<meta property=\"product:availability\" content=\"instock\" \/>\n<meta property=\"product:retailer_item_id\" content=\"GIGABYTE GAMING A16 CTHI3LA893PH\" \/>\n<meta property=\"product:condition\" content=\"new\" \/>\n<!-- \/ Yoast SEO plugin. -->","yoast_head_json":{"title":"[ Gigabyte ] &#129351; Gigabyte Gaming A16 Cthi3la893ph Portatil Gamer Gaming A16 Cthi3la893sh \/ Intel I7-13620h 4.9ghz \/ 16 165hz Ips Fhd \/ Rtx 5050 Gddr7 8gb \/ 512gb Ssd \/ Ram 16gb \/ Win 11 Home","description":"Compra Gigabyte Gaming A16 Cthi3la893ph Portatil Gamer Gaming A16 Cthi3la893sh \/ Intel I7-13620h 4.9ghz \/ 16 165hz Ips Fhd \/ Rtx 5050 Gddr7 8gb \/ 512gb Ssd \/ Ram 16gb \/ Win 11 Home + Env\u00edo a domicilio + Pago seguro + Garant\u00eda","robots":{"index":"index","follow":"follow","max-snippet":"max-snippet:-1","max-image-preview":"max-image-preview:large","max-video-preview":"max-video-preview:-1"},"canonical":"https:\/\/compuviper.mx\/tienda\/producto\/gigabyte-gigabyte-gaming-a16-cthi3la893ph-portatil-gamer-gaming-a16-cthi3la893sh-intel-i7-13620h-4-9ghz-16-165hz-ips-fhd-rtx-5050-gddr7-8gb-512gb-ssd-ram-16gb-win-11-home\/","og_locale":"es_MX","og_type":"article","og_title":"[ Gigabyte ] &#129351; Gigabyte Gaming A16 Cthi3la893ph Portatil Gamer Gaming A16 Cthi3la893sh \/ Intel I7-13620h 4.9ghz \/ 16 165hz Ips Fhd \/ Rtx 5050 Gddr7 8gb \/ 512gb Ssd \/ Ram 16gb \/ Win 11 Home","og_description":"Compra Gigabyte Gaming A16 Cthi3la893ph Portatil Gamer Gaming A16 Cthi3la893sh \/ Intel I7-13620h 4.9ghz \/ 16 165hz Ips Fhd \/ Rtx 5050 Gddr7 8gb \/ 512gb Ssd \/ Ram 16gb \/ Win 11 Home + Env\u00edo a domicilio + Pago seguro + Garant\u00eda","og_url":"https:\/\/compuviper.mx\/tienda\/producto\/gigabyte-gigabyte-gaming-a16-cthi3la893ph-portatil-gamer-gaming-a16-cthi3la893sh-intel-i7-13620h-4-9ghz-16-165hz-ips-fhd-rtx-5050-gddr7-8gb-512gb-ssd-ram-16gb-win-11-home\/","og_site_name":"Compuviper","article_publisher":"https:\/\/www.facebook.com\/compuviper","article_modified_time":"2026-04-17T07:24:12+00:00","twitter_card":"summary_large_image","twitter_misc":{"Precio":"&#36;18,597 con IVA","Availability":"In stock"},"schema":{"@context":"https:\/\/schema.org","@graph":[{"@type":"WebPage","@id":"https:\/\/compuviper.mx\/tienda\/producto\/gigabyte-gigabyte-gaming-a16-cthi3la893ph-portatil-gamer-gaming-a16-cthi3la893sh-intel-i7-13620h-4-9ghz-16-165hz-ips-fhd-rtx-5050-gddr7-8gb-512gb-ssd-ram-16gb-win-11-home\/","url":"https:\/\/compuviper.mx\/tienda\/producto\/gigabyte-gigabyte-gaming-a16-cthi3la893ph-portatil-gamer-gaming-a16-cthi3la893sh-intel-i7-13620h-4-9ghz-16-165hz-ips-fhd-rtx-5050-gddr7-8gb-512gb-ssd-ram-16gb-win-11-home\/","name":"[ Gigabyte ] &#129351; Gigabyte Gaming A16 Cthi3la893ph Portatil Gamer Gaming A16 Cthi3la893sh \/ Intel I7-13620h 4.9ghz \/ 16 165hz Ips Fhd \/ Rtx 5050 Gddr7 8gb \/ 512gb Ssd \/ Ram 16gb \/ Win 11 Home","isPartOf":{"@id":"https:\/\/compuviper.mx\/tienda\/#website"},"datePublished":"2026-04-17T07:24:11+00:00","dateModified":"2026-04-17T07:24:12+00:00","description":"Compra Gigabyte Gaming A16 Cthi3la893ph Portatil Gamer Gaming A16 Cthi3la893sh \/ Intel I7-13620h 4.9ghz \/ 16 165hz Ips Fhd \/ Rtx 5050 Gddr7 8gb \/ 512gb Ssd \/ Ram 16gb \/ Win 11 Home + Env\u00edo a domicilio + Pago seguro + Garant\u00eda","breadcrumb":{"@id":"https:\/\/compuviper.mx\/tienda\/producto\/gigabyte-gigabyte-gaming-a16-cthi3la893ph-portatil-gamer-gaming-a16-cthi3la893sh-intel-i7-13620h-4-9ghz-16-165hz-ips-fhd-rtx-5050-gddr7-8gb-512gb-ssd-ram-16gb-win-11-home\/#breadcrumb"},"inLanguage":"es-MX","potentialAction":[{"@type":"ReadAction","target":["https:\/\/compuviper.mx\/tienda\/producto\/gigabyte-gigabyte-gaming-a16-cthi3la893ph-portatil-gamer-gaming-a16-cthi3la893sh-intel-i7-13620h-4-9ghz-16-165hz-ips-fhd-rtx-5050-gddr7-8gb-512gb-ssd-ram-16gb-win-11-home\/"]}]},{"@type":"BreadcrumbList","@id":"https:\/\/compuviper.mx\/tienda\/producto\/gigabyte-gigabyte-gaming-a16-cthi3la893ph-portatil-gamer-gaming-a16-cthi3la893sh-intel-i7-13620h-4-9ghz-16-165hz-ips-fhd-rtx-5050-gddr7-8gb-512gb-ssd-ram-16gb-win-11-home\/#breadcrumb","itemListElement":[{"@type":"ListItem","position":1,"name":"Inicio","item":"https:\/\/compuviper.mx\/tienda\/"},{"@type":"ListItem","position":2,"name":"Productos","item":"https:\/\/compuviper.mx\/tienda\/productos\/"},{"@type":"ListItem","position":3,"name":"Laptops","item":"https:\/\/compuviper.mx\/tienda\/categoria-producto\/laptops\/"},{"@type":"ListItem","position":4,"name":"Gaming","item":"https:\/\/compuviper.mx\/tienda\/categoria-producto\/laptops\/gaming-laptops\/"},{"@type":"ListItem","position":5,"name":"Gigabyte Gigabyte Gaming A16 Cthi3la893ph Portatil Gamer Gaming A16 Cthi3la893sh \/ Intel I7-13620h 4.9ghz \/ 16 165hz Ips Fhd \/ Rtx 5050 Gddr7 8gb \/ 512gb Ssd \/ Ram 16gb \/ Win 11 Home"}]},{"@type":"WebSite","@id":"https:\/\/compuviper.mx\/tienda\/#website","url":"https:\/\/compuviper.mx\/tienda\/","name":"Compuviper","description":"Proveedor de Computadoras, Laptops, Servidores, Monitores, Puntos de Venta, Teclados,   Impresoras, T\u00f3ner, C\u00e1maras de Seguridad y m\u00e1s en tu tienda en l\u00ednea","publisher":{"@id":"https:\/\/compuviper.mx\/tienda\/#organization"},"potentialAction":[{"@type":"SearchAction","target":{"@type":"EntryPoint","urlTemplate":"https:\/\/compuviper.mx\/tienda\/?s={search_term_string}"},"query-input":"required name=search_term_string"}],"inLanguage":"es-MX"},{"@type":"Organization","@id":"https:\/\/compuviper.mx\/tienda\/#organization","name":"Compuviper","url":"https:\/\/compuviper.mx\/tienda\/","logo":{"@type":"ImageObject","inLanguage":"es-MX","@id":"https:\/\/compuviper.mx\/tienda\/#\/schema\/logo\/image\/","url":"https:\/\/compuviper.mx\/tienda\/wp-content\/uploads\/2021\/08\/Logo-Compuviper-10.png","contentUrl":"https:\/\/compuviper.mx\/tienda\/wp-content\/uploads\/2021\/08\/Logo-Compuviper-10.png","width":1000,"height":500,"caption":"Compuviper"},"image":{"@id":"https:\/\/compuviper.mx\/tienda\/#\/schema\/logo\/image\/"},"sameAs":["https:\/\/www.facebook.com\/compuviper","https:\/\/www.youtube.com\/channel\/UCf73dERp9Y3cfOq7q8BhLjA?view_as=subscriber"]}]},"product_brand":"GIGABYTE","product_price_amount":"18597","product_price_currency":"MXN","og_availability":"instock","product_availability":"instock","product_retailer_item_id":"GIGABYTE GAMING A16 CTHI3LA893PH","product_condition":"new"},"_links":{"self":[{"href":"https:\/\/compuviper.mx\/tienda\/wp-json\/wp\/v2\/product\/268758"}],"collection":[{"href":"https:\/\/compuviper.mx\/tienda\/wp-json\/wp\/v2\/product"}],"about":[{"href":"https:\/\/compuviper.mx\/tienda\/wp-json\/wp\/v2\/types\/product"}],"replies":[{"embeddable":true,"href":"https:\/\/compuviper.mx\/tienda\/wp-json\/wp\/v2\/comments?post=268758"}],"wp:attachment":[{"href":"https:\/\/compuviper.mx\/tienda\/wp-json\/wp\/v2\/media?parent=268758"}],"wp:term":[{"taxonomy":"product_cat","embeddable":true,"href":"https:\/\/compuviper.mx\/tienda\/wp-json\/wp\/v2\/product_cat?post=268758"},{"taxonomy":"product_tag","embeddable":true,"href":"https:\/\/compuviper.mx\/tienda\/wp-json\/wp\/v2\/product_tag?post=268758"}],"curies":[{"name":"wp","href":"https:\/\/api.w.org\/{rel}","templated":true}]}}