{"id":268751,"date":"2026-04-16T00:59:53","date_gmt":"2026-04-16T06:59:53","guid":{"rendered":"https:\/\/compuviper.mx\/tienda\/producto\/msi-oem-forge-gm320-mouse-msi-optico-cableado-usb-rgb-gamer\/"},"modified":"2026-04-16T00:59:53","modified_gmt":"2026-04-16T06:59:53","slug":"msi-oem-forge-gm320-mouse-msi-optico-cableado-usb-rgb-gamer","status":"publish","type":"product","link":"https:\/\/compuviper.mx\/tienda\/producto\/msi-oem-forge-gm320-mouse-msi-optico-cableado-usb-rgb-gamer\/","title":{"rendered":"Msi Oem Forge Gm320 Mouse Msi Optico  \/cableado\/\/usb\/rgb\/gamer"},"content":{"rendered":"<table class=\"descripcion\">\n<tr>\n<td>Nombre del modelo<\/td>\n<\/tr>\n<tr>\n<td>Tipo de interruptor<\/td>\n<\/tr>\n<tr>\n<td>Sistema operativo<\/td>\n<\/tr>\n<tr>\n<td>Dimensiones (mm)<\/td>\n<\/tr>\n<tr>\n<td>Interfaz usb 2.0<\/td>\n<\/tr>\n<tr>\n<td>Cambio de dpi<\/td>\n<\/tr>\n<tr>\n<td>Luz led<\/td>\n<\/tr>\n<tr>\n<td>Sensor<\/td>\n<\/tr>\n<tr>\n<td>Botones<\/td>\n<\/tr>\n<tr>\n<td>Durabilidad de los botones<\/td>\n<\/tr>\n<tr>\n<td>Longitud del cable<\/td>\n<\/tr>\n<tr>\n<td>Peso<\/td>\n<\/tr>\n<tr>\n<td>Forge gm320<\/td>\n<\/tr>\n<tr>\n<td>Microinterruptor<\/td>\n<\/tr>\n<tr>\n<td>Windows 10 (y versiones posteriores)<\/td>\n<\/tr>\n<tr>\n<td>126 x 66 x 40 mm<\/td>\n<\/tr>\n<tr>\n<td>Usb 2.0<\/td>\n<\/tr>\n<tr>\n<td>800 \/ 1200 \/ 1600 \/ 2400 \/ 4800 \/ 12800<\/td>\n<\/tr>\n<tr>\n<td>Rgb de 13 modos<\/td>\n<\/tr>\n<tr>\n<td>\u00f3ptico<\/td>\n<\/tr>\n<tr>\n<td>7<\/td>\n<\/tr>\n<tr>\n<td>20 millones de clics<\/td>\n<\/tr>\n<tr>\n<td>1,5 metros<\/td>\n<\/tr>\n<tr>\n<td>126 \u00b1 10 g (con cable)<\/td>\n<\/tr>\n<\/table>\n","protected":false},"excerpt":{"rendered":"<p>Forge gm320. La serie forge combina los videojuegos y las actividades creativas, ofreciendo a los usuarios una plataforma para crear experiencias personalizadas. Con la tecnolog\u00eda de msi gear, la serie forge no solo estimula la creatividad, sino que tambi\u00e9n mejora la experiencia de juego, permitiendo a los usuarios hacer realidad sus ideas, ya sea en los videojuegos o en el trabajo. A\u00f1os de gaming. Disfruta de una experiencia c\u00f3moda con interruptores robustos dise\u00f1ados para soportar m\u00e1s de 20 millones de pulsaciones, lo que garantiza un rendimiento constante durante innumerables horas de uso. Msi forge gm320 gaming mouse. Control preciso. Conf\u00eda en un sensor \u00f3ptico avanzado con una sensibilidad de hasta 12 800 dpi, que ofrece un seguimiento preciso para realizar ajustes r\u00e1pidos en juegos de ritmo r\u00e1pido y un ajuste meticuloso en trabajos de dise\u00f1o, todo ello con una precisi\u00f3n milim\u00e9trica para obtener resultados superiores. Msi forge gm320 mouse control. Adaptaci\u00f3n r\u00e1pida. Cambia instant\u00e1neamente entre 6 ajustes preestablecidos de dpi para ajustar con precisi\u00f3n tu precisi\u00f3n en sesiones de juego intensas y tareas de dise\u00f1o complejas, lo que te ofrece un control excelente y captura cada detalle en cualquier situaci\u00f3n. Msi forge gm320 mouse dpi. Tasa de sondeo de alta velocidad 1000hz. Disfruta de una velocidad de respuesta ultrarr\u00e1pida de 1000 hz, hasta ocho veces m\u00e1s r\u00e1pida que la de los ratones est\u00e1ndar de 125 hz, para una respuesta casi instant\u00e1nea a cada movimiento y clic. Tasa de sondeo. 1000hz. Tasa de sondeo. 125hz. Msi forge gm320 mouse. Crea tu estilo. Alegra tu configuraci\u00f3n jugando con efectos predefinidos para crear el ambiente que prefieras en tu teclado y rat\u00f3n, reflejando tu estado de \u00e1nimo y a\u00f1adiendo un toque personalizado a tu entorno. Msi forge gm320 mouse rgb. Forge gm320. Interruptores de rat\u00f3n duraderos: a\u00f1os de juego con interruptores dise\u00f1ados para m\u00e1s de 20 millones de clics. Sensor \u00f3ptico preciso para rat\u00f3n: hasta 12 800 ppp para ofrecer un seguimiento preciso. Dpi ajustable: 6 preajustes de ppp para ajustar tu precisi\u00f3n en cada situaci\u00f3n. Frecuencia de 1 khz: disfruta de una transmisi\u00f3n de datos m\u00e1s fluida y con mayor capacidad de respuesta. Dise\u00f1o sim\u00e9trico: adecuado tanto para el agarre con la palma como con los dedos, y apto para usuarios zurdos. Led rgb: ilumina el ambiente jugando con efectos predefinidos para crear el ambiente que prefieras.<\/p>\n","protected":false},"featured_media":0,"comment_status":"open","ping_status":"open","template":"","meta":[],"product_cat":[1752,1748],"product_tag":[2322],"acf":[],"yoast_head":"<!-- This site is optimized with the Yoast SEO plugin v21.7 - https:\/\/yoast.com\/wordpress\/plugins\/seo\/ -->\n<title>[ Msi Oem ] &#129351; Forge Gm320 Mouse Msi Optico \/cableado\/\/usb\/rgb\/gamer<\/title>\n<meta name=\"description\" content=\"Compra Forge Gm320 Mouse Msi Optico \/cableado\/\/usb\/rgb\/gamer + Env\u00edo a domicilio + Pago seguro + Garant\u00eda\" \/>\n<meta name=\"robots\" content=\"index, follow, max-snippet:-1, max-image-preview:large, max-video-preview:-1\" \/>\n<link rel=\"canonical\" href=\"https:\/\/compuviper.mx\/tienda\/producto\/msi-oem-forge-gm320-mouse-msi-optico-cableado-usb-rgb-gamer\/\" \/>\n<meta property=\"og:locale\" content=\"es_MX\" \/>\n<meta property=\"og:type\" content=\"article\" \/>\n<meta property=\"og:title\" content=\"[ Msi Oem ] &#129351; Forge Gm320 Mouse Msi Optico \/cableado\/\/usb\/rgb\/gamer\" \/>\n<meta property=\"og:description\" content=\"Compra Forge Gm320 Mouse Msi Optico \/cableado\/\/usb\/rgb\/gamer + Env\u00edo a domicilio + Pago seguro + Garant\u00eda\" \/>\n<meta property=\"og:url\" content=\"https:\/\/compuviper.mx\/tienda\/producto\/msi-oem-forge-gm320-mouse-msi-optico-cableado-usb-rgb-gamer\/\" \/>\n<meta property=\"og:site_name\" content=\"Compuviper\" \/>\n<meta property=\"article:publisher\" content=\"https:\/\/www.facebook.com\/compuviper\" \/>\n<meta name=\"twitter:card\" content=\"summary_large_image\" \/>\n<meta name=\"twitter:label1\" content=\"Precio\" \/>\n\t<meta name=\"twitter:data1\" content=\"&#36;192 con IVA\" \/>\n\t<meta name=\"twitter:label2\" content=\"Availability\" \/>\n\t<meta name=\"twitter:data2\" content=\"In stock\" \/>\n<script type=\"application\/ld+json\" class=\"yoast-schema-graph\">{\"@context\":\"https:\/\/schema.org\",\"@graph\":[{\"@type\":\"WebPage\",\"@id\":\"https:\/\/compuviper.mx\/tienda\/producto\/msi-oem-forge-gm320-mouse-msi-optico-cableado-usb-rgb-gamer\/\",\"url\":\"https:\/\/compuviper.mx\/tienda\/producto\/msi-oem-forge-gm320-mouse-msi-optico-cableado-usb-rgb-gamer\/\",\"name\":\"[ Msi Oem ] &#129351; Forge Gm320 Mouse Msi Optico \/cableado\/\/usb\/rgb\/gamer\",\"isPartOf\":{\"@id\":\"https:\/\/compuviper.mx\/tienda\/#website\"},\"datePublished\":\"2026-04-16T06:59:53+00:00\",\"dateModified\":\"2026-04-16T06:59:53+00:00\",\"description\":\"Compra Forge Gm320 Mouse Msi Optico \/cableado\/\/usb\/rgb\/gamer + Env\u00edo a domicilio + Pago seguro + Garant\u00eda\",\"breadcrumb\":{\"@id\":\"https:\/\/compuviper.mx\/tienda\/producto\/msi-oem-forge-gm320-mouse-msi-optico-cableado-usb-rgb-gamer\/#breadcrumb\"},\"inLanguage\":\"es-MX\",\"potentialAction\":[{\"@type\":\"ReadAction\",\"target\":[\"https:\/\/compuviper.mx\/tienda\/producto\/msi-oem-forge-gm320-mouse-msi-optico-cableado-usb-rgb-gamer\/\"]}]},{\"@type\":\"BreadcrumbList\",\"@id\":\"https:\/\/compuviper.mx\/tienda\/producto\/msi-oem-forge-gm320-mouse-msi-optico-cableado-usb-rgb-gamer\/#breadcrumb\",\"itemListElement\":[{\"@type\":\"ListItem\",\"position\":1,\"name\":\"Inicio\",\"item\":\"https:\/\/compuviper.mx\/tienda\/\"},{\"@type\":\"ListItem\",\"position\":2,\"name\":\"Productos\",\"item\":\"https:\/\/compuviper.mx\/tienda\/productos\/\"},{\"@type\":\"ListItem\",\"position\":3,\"name\":\"Mouse\",\"item\":\"https:\/\/compuviper.mx\/tienda\/categoria-producto\/mouse\/\"},{\"@type\":\"ListItem\",\"position\":4,\"name\":\"Gamers\",\"item\":\"https:\/\/compuviper.mx\/tienda\/categoria-producto\/mouse\/gamers-mouse\/\"},{\"@type\":\"ListItem\",\"position\":5,\"name\":\"Msi Oem Forge Gm320 Mouse Msi Optico \/cableado\/\/usb\/rgb\/gamer\"}]},{\"@type\":\"WebSite\",\"@id\":\"https:\/\/compuviper.mx\/tienda\/#website\",\"url\":\"https:\/\/compuviper.mx\/tienda\/\",\"name\":\"Compuviper\",\"description\":\"Proveedor de Computadoras, Laptops, Servidores, Monitores, Puntos de Venta, Teclados,   Impresoras, T\u00f3ner, C\u00e1maras de Seguridad y m\u00e1s en tu tienda en l\u00ednea\",\"publisher\":{\"@id\":\"https:\/\/compuviper.mx\/tienda\/#organization\"},\"potentialAction\":[{\"@type\":\"SearchAction\",\"target\":{\"@type\":\"EntryPoint\",\"urlTemplate\":\"https:\/\/compuviper.mx\/tienda\/?s={search_term_string}\"},\"query-input\":\"required name=search_term_string\"}],\"inLanguage\":\"es-MX\"},{\"@type\":\"Organization\",\"@id\":\"https:\/\/compuviper.mx\/tienda\/#organization\",\"name\":\"Compuviper\",\"url\":\"https:\/\/compuviper.mx\/tienda\/\",\"logo\":{\"@type\":\"ImageObject\",\"inLanguage\":\"es-MX\",\"@id\":\"https:\/\/compuviper.mx\/tienda\/#\/schema\/logo\/image\/\",\"url\":\"https:\/\/compuviper.mx\/tienda\/wp-content\/uploads\/2021\/08\/Logo-Compuviper-10.png\",\"contentUrl\":\"https:\/\/compuviper.mx\/tienda\/wp-content\/uploads\/2021\/08\/Logo-Compuviper-10.png\",\"width\":1000,\"height\":500,\"caption\":\"Compuviper\"},\"image\":{\"@id\":\"https:\/\/compuviper.mx\/tienda\/#\/schema\/logo\/image\/\"},\"sameAs\":[\"https:\/\/www.facebook.com\/compuviper\",\"https:\/\/www.youtube.com\/channel\/UCf73dERp9Y3cfOq7q8BhLjA?view_as=subscriber\"]}]}<\/script>\n<meta property=\"product:brand\" content=\"Msi Oem\" \/>\n<meta property=\"product:price:amount\" content=\"192\" \/>\n<meta property=\"product:price:currency\" content=\"MXN\" \/>\n<meta property=\"og:availability\" content=\"instock\" \/>\n<meta property=\"product:availability\" content=\"instock\" \/>\n<meta property=\"product:retailer_item_id\" content=\"FORGE GM320\" \/>\n<meta property=\"product:condition\" content=\"new\" \/>\n<!-- \/ Yoast SEO plugin. -->","yoast_head_json":{"title":"[ Msi Oem ] &#129351; Forge Gm320 Mouse Msi Optico \/cableado\/\/usb\/rgb\/gamer","description":"Compra Forge Gm320 Mouse Msi Optico \/cableado\/\/usb\/rgb\/gamer + Env\u00edo a domicilio + Pago seguro + Garant\u00eda","robots":{"index":"index","follow":"follow","max-snippet":"max-snippet:-1","max-image-preview":"max-image-preview:large","max-video-preview":"max-video-preview:-1"},"canonical":"https:\/\/compuviper.mx\/tienda\/producto\/msi-oem-forge-gm320-mouse-msi-optico-cableado-usb-rgb-gamer\/","og_locale":"es_MX","og_type":"article","og_title":"[ Msi Oem ] &#129351; Forge Gm320 Mouse Msi Optico \/cableado\/\/usb\/rgb\/gamer","og_description":"Compra Forge Gm320 Mouse Msi Optico \/cableado\/\/usb\/rgb\/gamer + Env\u00edo a domicilio + Pago seguro + Garant\u00eda","og_url":"https:\/\/compuviper.mx\/tienda\/producto\/msi-oem-forge-gm320-mouse-msi-optico-cableado-usb-rgb-gamer\/","og_site_name":"Compuviper","article_publisher":"https:\/\/www.facebook.com\/compuviper","twitter_card":"summary_large_image","twitter_misc":{"Precio":"&#36;192 con IVA","Availability":"In stock"},"schema":{"@context":"https:\/\/schema.org","@graph":[{"@type":"WebPage","@id":"https:\/\/compuviper.mx\/tienda\/producto\/msi-oem-forge-gm320-mouse-msi-optico-cableado-usb-rgb-gamer\/","url":"https:\/\/compuviper.mx\/tienda\/producto\/msi-oem-forge-gm320-mouse-msi-optico-cableado-usb-rgb-gamer\/","name":"[ Msi Oem ] &#129351; Forge Gm320 Mouse Msi Optico \/cableado\/\/usb\/rgb\/gamer","isPartOf":{"@id":"https:\/\/compuviper.mx\/tienda\/#website"},"datePublished":"2026-04-16T06:59:53+00:00","dateModified":"2026-04-16T06:59:53+00:00","description":"Compra Forge Gm320 Mouse Msi Optico \/cableado\/\/usb\/rgb\/gamer + Env\u00edo a domicilio + Pago seguro + Garant\u00eda","breadcrumb":{"@id":"https:\/\/compuviper.mx\/tienda\/producto\/msi-oem-forge-gm320-mouse-msi-optico-cableado-usb-rgb-gamer\/#breadcrumb"},"inLanguage":"es-MX","potentialAction":[{"@type":"ReadAction","target":["https:\/\/compuviper.mx\/tienda\/producto\/msi-oem-forge-gm320-mouse-msi-optico-cableado-usb-rgb-gamer\/"]}]},{"@type":"BreadcrumbList","@id":"https:\/\/compuviper.mx\/tienda\/producto\/msi-oem-forge-gm320-mouse-msi-optico-cableado-usb-rgb-gamer\/#breadcrumb","itemListElement":[{"@type":"ListItem","position":1,"name":"Inicio","item":"https:\/\/compuviper.mx\/tienda\/"},{"@type":"ListItem","position":2,"name":"Productos","item":"https:\/\/compuviper.mx\/tienda\/productos\/"},{"@type":"ListItem","position":3,"name":"Mouse","item":"https:\/\/compuviper.mx\/tienda\/categoria-producto\/mouse\/"},{"@type":"ListItem","position":4,"name":"Gamers","item":"https:\/\/compuviper.mx\/tienda\/categoria-producto\/mouse\/gamers-mouse\/"},{"@type":"ListItem","position":5,"name":"Msi Oem Forge Gm320 Mouse Msi Optico \/cableado\/\/usb\/rgb\/gamer"}]},{"@type":"WebSite","@id":"https:\/\/compuviper.mx\/tienda\/#website","url":"https:\/\/compuviper.mx\/tienda\/","name":"Compuviper","description":"Proveedor de Computadoras, Laptops, Servidores, Monitores, Puntos de Venta, Teclados,   Impresoras, T\u00f3ner, C\u00e1maras de Seguridad y m\u00e1s en tu tienda en l\u00ednea","publisher":{"@id":"https:\/\/compuviper.mx\/tienda\/#organization"},"potentialAction":[{"@type":"SearchAction","target":{"@type":"EntryPoint","urlTemplate":"https:\/\/compuviper.mx\/tienda\/?s={search_term_string}"},"query-input":"required name=search_term_string"}],"inLanguage":"es-MX"},{"@type":"Organization","@id":"https:\/\/compuviper.mx\/tienda\/#organization","name":"Compuviper","url":"https:\/\/compuviper.mx\/tienda\/","logo":{"@type":"ImageObject","inLanguage":"es-MX","@id":"https:\/\/compuviper.mx\/tienda\/#\/schema\/logo\/image\/","url":"https:\/\/compuviper.mx\/tienda\/wp-content\/uploads\/2021\/08\/Logo-Compuviper-10.png","contentUrl":"https:\/\/compuviper.mx\/tienda\/wp-content\/uploads\/2021\/08\/Logo-Compuviper-10.png","width":1000,"height":500,"caption":"Compuviper"},"image":{"@id":"https:\/\/compuviper.mx\/tienda\/#\/schema\/logo\/image\/"},"sameAs":["https:\/\/www.facebook.com\/compuviper","https:\/\/www.youtube.com\/channel\/UCf73dERp9Y3cfOq7q8BhLjA?view_as=subscriber"]}]},"product_brand":"Msi Oem","product_price_amount":"192","product_price_currency":"MXN","og_availability":"instock","product_availability":"instock","product_retailer_item_id":"FORGE GM320","product_condition":"new"},"_links":{"self":[{"href":"https:\/\/compuviper.mx\/tienda\/wp-json\/wp\/v2\/product\/268751"}],"collection":[{"href":"https:\/\/compuviper.mx\/tienda\/wp-json\/wp\/v2\/product"}],"about":[{"href":"https:\/\/compuviper.mx\/tienda\/wp-json\/wp\/v2\/types\/product"}],"replies":[{"embeddable":true,"href":"https:\/\/compuviper.mx\/tienda\/wp-json\/wp\/v2\/comments?post=268751"}],"wp:attachment":[{"href":"https:\/\/compuviper.mx\/tienda\/wp-json\/wp\/v2\/media?parent=268751"}],"wp:term":[{"taxonomy":"product_cat","embeddable":true,"href":"https:\/\/compuviper.mx\/tienda\/wp-json\/wp\/v2\/product_cat?post=268751"},{"taxonomy":"product_tag","embeddable":true,"href":"https:\/\/compuviper.mx\/tienda\/wp-json\/wp\/v2\/product_tag?post=268751"}],"curies":[{"name":"wp","href":"https:\/\/api.w.org\/{rel}","templated":true}]}}