{"id":268750,"date":"2026-04-16T00:59:52","date_gmt":"2026-04-16T06:59:52","guid":{"rendered":"https:\/\/compuviper.mx\/tienda\/producto\/msi-oem-versa-300-w-white-mouse-msi-optico-inalambrico-usb-2-0-bluetooth-5-3-rgb-gamer\/"},"modified":"2026-04-16T00:59:52","modified_gmt":"2026-04-16T06:59:52","slug":"msi-oem-versa-300-w-white-mouse-msi-optico-inalambrico-usb-2-0-bluetooth-5-3-rgb-gamer","status":"publish","type":"product","link":"https:\/\/compuviper.mx\/tienda\/producto\/msi-oem-versa-300-w-white-mouse-msi-optico-inalambrico-usb-2-0-bluetooth-5-3-rgb-gamer\/","title":{"rendered":"Msi Oem Versa 300 W White Mouse Msi Optico Inalambrico    \/usb 2.0 \/ Bluetooth 5.3 \/rgb\/gamer"},"content":{"rendered":"<table class=\"descripcion\">\n<tr>\n<td>Duracin de la batera<\/td>\n<\/tr>\n<tr>\n<td>Interfaz usb 2.0<\/td>\n<\/tr>\n<tr>\n<td>Interruptor dpi<\/td>\n<\/tr>\n<tr>\n<td>Luz led<\/td>\n<\/tr>\n<tr>\n<td>Tiempo de respuesta<\/td>\n<\/tr>\n<tr>\n<td>Tipo de interruptor<\/td>\n<\/tr>\n<tr>\n<td>Botones<\/td>\n<\/tr>\n<tr>\n<td>Dimensiones del producto<\/td>\n<\/tr>\n<tr>\n<td>So soportado<\/td>\n<\/tr>\n<tr>\n<td>Dpi m\u00e1ximo<\/td>\n<\/tr>\n<tr>\n<td>Durabilidad del botn<\/td>\n<\/tr>\n<tr>\n<td>Cable longitudinal<\/td>\n<\/tr>\n<tr>\n<td>Hasta 50 horas<\/td>\n<\/tr>\n<tr>\n<td>Conexin inal\u00e1mbrica de 2,4 ghz msi swiftspeed \/ bluetooth 5.3 \/ usb 2.0<\/td>\n<\/tr>\n<tr>\n<td>400 \/ 800 \/ 1600 \/ 2400 \/ 3200 \/ 4000 \/ 6400 \/ 8000<\/td>\n<\/tr>\n<tr>\n<td>Rgb<\/td>\n<\/tr>\n<tr>\n<td>1000 hz \/ 1 ms<\/td>\n<\/tr>\n<tr>\n<td>Microinterruptor kailh<\/td>\n<\/tr>\n<tr>\n<td>6<\/td>\n<\/tr>\n<tr>\n<td>125 x 64 x 41 mm<\/td>\n<\/tr>\n<tr>\n<td>Windows 10 y versiones posteriores<\/td>\n<\/tr>\n<tr>\n<td>8000<\/td>\n<\/tr>\n<tr>\n<td>30 millones de clics<\/td>\n<\/tr>\n<tr>\n<td>Cable frixionfree de 2 m usb-c a a<\/td>\n<\/tr>\n<\/table>\n","protected":false},"excerpt":{"rendered":"<p>El versa 300 wireless white es un mouse liviano y vers\u00e1til, diseado ergonmicamente tanto para gamers como para profesionales, con un peso de solo 60 gramos. Ofrece opciones de conectividad flexibles con msi swiftspeed inal\u00e1mbrico de 2.4 ghz, bluetooth y conexin por cable para adaptarse a distintos entornos. Equipado con un sensor ptico de alta precisin de hasta 8,000 dpi, garantiza un seguimiento exacto y una respuesta r\u00e1pida. Construido con micro switches con una durabilidad de m\u00e1s de 30 millones de clics y con iluminacin rgb personalizable, el versa 300 wireless ofrece durabilidad, rendimiento y comodidad. Diseo ergonmico y de soporte. Su diseo simtrico lo hace cmodo tanto para usuarios diestros como zurdos. La forma ergonmica optimizada se adapta a distintos tamaos de mano y est\u00e1 diseada para brindar soporte a una amplia variedad de estilos de agarre, incluyendo palm, claw y fingertip. Esta forma vers\u00e1til asegura un agarre firme y cmodo, con control preciso durante usos prolongados. Diseo ergonmico y de soporte. Agarres laterales con patrn de diamante. Los exclusivos agarres laterales antideslizantes con patrn de diamante permiten a los gamers mantener el mouse firmemente sujeto para maniobras precisas con una sensacin excelente. Msi diamond lightgrips. Msi versa 300 elte wireless msi center setting screen. Precisin perfecta. Impulsado por el avanzado sensor ptico pixart paw3104db, este mouse ofrece una precisin milimtrica con un dpi m\u00e1ximo de 8000 para movimientos precisos y responsivos. Tambin incluye niveles de dpi preestablecidos de 400 \/ 800 \/ 1600 \/ 2400 \/ 3200 \/ 4000 \/ 6400 \/ 8000, lo que permite ajustes r\u00e1pidos segn cada escenario. Clics precisos y satisfactorios. Equipado con micro interruptores diseados para ofrecer precisin y durabilidad, con una vida til de al menos 30 millones de clics. Estos interruptores de alta calidad brindan una respuesta t\u00e1ctil satisfactoria para una entrada constante y precisa. Construidos para un uso intenso, garantizan un rendimiento confiable y una respuesta duradera, siendo ideales para cualquier tarea. Msi versa elite 300. Conectividad vers\u00e1til. Este producto ofrece una conectividad fluida en mltiples modos con msi swiftspeed 2.4g wireless, bluetooth 5.3 y usb 2.0, permitiendo a los usuarios cambiar f\u00e1cilmente entre modos segn sus necesidades para jugar o en el uso diario. Ligereza, resistencia, fluidez. Con solo 60 gramos de peso, este mouse ultraligero est\u00e1 diseado para movimientos r\u00e1pidos y precisos con el mnimo esfuerzo, reduciendo la fatiga durante largas sesiones de juego o extensas jornadas de trabajo para una experiencia cmoda. Su batera ofrece hasta 50 horas de uso con una sola carga, garantizando un rendimiento confiable e ininterrumpido durante todo el da. Las bases de ptfe puro proporcionan un deslizamiento excepcional y mnima friccin sobre distintas superficies, mejorando la precisin y la capacidad de respuesta.  Effortless, lasting play.  Effortless, lasting play.  Effortless, lasting play. Mouse serie versa. Versa 300 wireless. Versa 300 wireless white. Sensor ptico pixart paw3104db. Hasta 8000 dpi. 2.4ghz \/ bluetooth 5.3 \/ usb 2.0. Laterales con patrn de diamante antideslizante. Hasta 50 horas de batera. 60 gramos. Versa 300 elite wireless. Versa 300 elite wireless white. Sensor ptico pixart paw3395dm. Hasta 26000 dpi. 2.4ghz \/ bluetooth 5.3 \/ usb 2.0. Agarre iluminado con patrn de diamante. Hasta 200 horas de batera. 65 gramos. Versa 300 wireless white. Diseo ergonmico y de soporte &#8211; el diseo ergonmico del chasis se adapta a todos los tamaos de mano, optimizando el agarre para mejorar el soporte de la palma y brindar comodidad durante sesiones prolongadas. Comodidad ultraligera &#8211; con solo 60 g de peso, el versa 300 wireless white es ideal para juegos de ritmo r\u00e1pido, permitiendo movimientos sin esfuerzo que mejoran la agilidad y la precisin. Precisin perfecta &#8211; diseado para dominar el juego, el sensor ptico pixart paw3104db ofrece hasta 8000 dpi y una tasa de sondeo de 1000 hz, convirtindolo en una herramienta poderosa en manos expertas. Conectividad vers\u00e1til &#8211; elige entre msi swiftspeed inal\u00e1mbrico 2.4g, bluetooth o modo con cable para un rendimiento de juego estable y con baja latencia. Hasta 50 horas de puntera intensa &#8211; disfruta hasta 50 horas de juego con una sola carga y sigue jugando con mayor estabilidad y una batera de larga duracin. Laterales con patrn de diamante &#8211; superficie antideslizante que permite a los gamers mantener un agarre firme para maniobras precisas.<\/p>\n","protected":false},"featured_media":0,"comment_status":"open","ping_status":"open","template":"","meta":[],"product_cat":[1752,1748],"product_tag":[2322],"acf":[],"yoast_head":"<!-- This site is optimized with the Yoast SEO plugin v21.7 - https:\/\/yoast.com\/wordpress\/plugins\/seo\/ -->\n<title>[ Msi Oem ] &#129351; Versa 300 W White Mouse Msi Optico Inalambrico \/usb 2.0 \/ Bluetooth 5.3 \/rgb\/gamer<\/title>\n<meta name=\"description\" content=\"Compra Versa 300 W White Mouse Msi Optico Inalambrico \/usb 2.0 \/ Bluetooth 5.3 \/rgb\/gamer + Env\u00edo a domicilio + Pago seguro + Garant\u00eda\" \/>\n<meta name=\"robots\" content=\"index, follow, max-snippet:-1, max-image-preview:large, max-video-preview:-1\" \/>\n<link rel=\"canonical\" href=\"https:\/\/compuviper.mx\/tienda\/producto\/msi-oem-versa-300-w-white-mouse-msi-optico-inalambrico-usb-2-0-bluetooth-5-3-rgb-gamer\/\" \/>\n<meta property=\"og:locale\" content=\"es_MX\" \/>\n<meta property=\"og:type\" content=\"article\" \/>\n<meta property=\"og:title\" content=\"[ Msi Oem ] &#129351; Versa 300 W White Mouse Msi Optico Inalambrico \/usb 2.0 \/ Bluetooth 5.3 \/rgb\/gamer\" \/>\n<meta property=\"og:description\" content=\"Compra Versa 300 W White Mouse Msi Optico Inalambrico \/usb 2.0 \/ Bluetooth 5.3 \/rgb\/gamer + Env\u00edo a domicilio + Pago seguro + Garant\u00eda\" \/>\n<meta property=\"og:url\" content=\"https:\/\/compuviper.mx\/tienda\/producto\/msi-oem-versa-300-w-white-mouse-msi-optico-inalambrico-usb-2-0-bluetooth-5-3-rgb-gamer\/\" \/>\n<meta property=\"og:site_name\" content=\"Compuviper\" \/>\n<meta property=\"article:publisher\" content=\"https:\/\/www.facebook.com\/compuviper\" \/>\n<meta name=\"twitter:card\" content=\"summary_large_image\" \/>\n<meta name=\"twitter:label1\" content=\"Precio\" \/>\n\t<meta name=\"twitter:data1\" content=\"&#36;313 con IVA\" \/>\n\t<meta name=\"twitter:label2\" content=\"Availability\" \/>\n\t<meta name=\"twitter:data2\" content=\"In stock\" \/>\n<script type=\"application\/ld+json\" class=\"yoast-schema-graph\">{\"@context\":\"https:\/\/schema.org\",\"@graph\":[{\"@type\":\"WebPage\",\"@id\":\"https:\/\/compuviper.mx\/tienda\/producto\/msi-oem-versa-300-w-white-mouse-msi-optico-inalambrico-usb-2-0-bluetooth-5-3-rgb-gamer\/\",\"url\":\"https:\/\/compuviper.mx\/tienda\/producto\/msi-oem-versa-300-w-white-mouse-msi-optico-inalambrico-usb-2-0-bluetooth-5-3-rgb-gamer\/\",\"name\":\"[ Msi Oem ] &#129351; Versa 300 W White Mouse Msi Optico Inalambrico \/usb 2.0 \/ Bluetooth 5.3 \/rgb\/gamer\",\"isPartOf\":{\"@id\":\"https:\/\/compuviper.mx\/tienda\/#website\"},\"datePublished\":\"2026-04-16T06:59:52+00:00\",\"dateModified\":\"2026-04-16T06:59:52+00:00\",\"description\":\"Compra Versa 300 W White Mouse Msi Optico Inalambrico \/usb 2.0 \/ Bluetooth 5.3 \/rgb\/gamer + Env\u00edo a domicilio + Pago seguro + Garant\u00eda\",\"breadcrumb\":{\"@id\":\"https:\/\/compuviper.mx\/tienda\/producto\/msi-oem-versa-300-w-white-mouse-msi-optico-inalambrico-usb-2-0-bluetooth-5-3-rgb-gamer\/#breadcrumb\"},\"inLanguage\":\"es-MX\",\"potentialAction\":[{\"@type\":\"ReadAction\",\"target\":[\"https:\/\/compuviper.mx\/tienda\/producto\/msi-oem-versa-300-w-white-mouse-msi-optico-inalambrico-usb-2-0-bluetooth-5-3-rgb-gamer\/\"]}]},{\"@type\":\"BreadcrumbList\",\"@id\":\"https:\/\/compuviper.mx\/tienda\/producto\/msi-oem-versa-300-w-white-mouse-msi-optico-inalambrico-usb-2-0-bluetooth-5-3-rgb-gamer\/#breadcrumb\",\"itemListElement\":[{\"@type\":\"ListItem\",\"position\":1,\"name\":\"Inicio\",\"item\":\"https:\/\/compuviper.mx\/tienda\/\"},{\"@type\":\"ListItem\",\"position\":2,\"name\":\"Productos\",\"item\":\"https:\/\/compuviper.mx\/tienda\/productos\/\"},{\"@type\":\"ListItem\",\"position\":3,\"name\":\"Mouse\",\"item\":\"https:\/\/compuviper.mx\/tienda\/categoria-producto\/mouse\/\"},{\"@type\":\"ListItem\",\"position\":4,\"name\":\"Gamers\",\"item\":\"https:\/\/compuviper.mx\/tienda\/categoria-producto\/mouse\/gamers-mouse\/\"},{\"@type\":\"ListItem\",\"position\":5,\"name\":\"Msi Oem Versa 300 W White Mouse Msi Optico Inalambrico \/usb 2.0 \/ Bluetooth 5.3 \/rgb\/gamer\"}]},{\"@type\":\"WebSite\",\"@id\":\"https:\/\/compuviper.mx\/tienda\/#website\",\"url\":\"https:\/\/compuviper.mx\/tienda\/\",\"name\":\"Compuviper\",\"description\":\"Proveedor de Computadoras, Laptops, Servidores, Monitores, Puntos de Venta, Teclados,   Impresoras, T\u00f3ner, C\u00e1maras de Seguridad y m\u00e1s en tu tienda en l\u00ednea\",\"publisher\":{\"@id\":\"https:\/\/compuviper.mx\/tienda\/#organization\"},\"potentialAction\":[{\"@type\":\"SearchAction\",\"target\":{\"@type\":\"EntryPoint\",\"urlTemplate\":\"https:\/\/compuviper.mx\/tienda\/?s={search_term_string}\"},\"query-input\":\"required name=search_term_string\"}],\"inLanguage\":\"es-MX\"},{\"@type\":\"Organization\",\"@id\":\"https:\/\/compuviper.mx\/tienda\/#organization\",\"name\":\"Compuviper\",\"url\":\"https:\/\/compuviper.mx\/tienda\/\",\"logo\":{\"@type\":\"ImageObject\",\"inLanguage\":\"es-MX\",\"@id\":\"https:\/\/compuviper.mx\/tienda\/#\/schema\/logo\/image\/\",\"url\":\"https:\/\/compuviper.mx\/tienda\/wp-content\/uploads\/2021\/08\/Logo-Compuviper-10.png\",\"contentUrl\":\"https:\/\/compuviper.mx\/tienda\/wp-content\/uploads\/2021\/08\/Logo-Compuviper-10.png\",\"width\":1000,\"height\":500,\"caption\":\"Compuviper\"},\"image\":{\"@id\":\"https:\/\/compuviper.mx\/tienda\/#\/schema\/logo\/image\/\"},\"sameAs\":[\"https:\/\/www.facebook.com\/compuviper\",\"https:\/\/www.youtube.com\/channel\/UCf73dERp9Y3cfOq7q8BhLjA?view_as=subscriber\"]}]}<\/script>\n<meta property=\"product:brand\" content=\"Msi Oem\" \/>\n<meta property=\"product:price:amount\" content=\"313\" \/>\n<meta property=\"product:price:currency\" content=\"MXN\" \/>\n<meta property=\"og:availability\" content=\"instock\" \/>\n<meta property=\"product:availability\" content=\"instock\" \/>\n<meta property=\"product:retailer_item_id\" content=\"VERSA 300 W WHITE\" \/>\n<meta property=\"product:condition\" content=\"new\" \/>\n<!-- \/ Yoast SEO plugin. -->","yoast_head_json":{"title":"[ Msi Oem ] &#129351; Versa 300 W White Mouse Msi Optico Inalambrico \/usb 2.0 \/ Bluetooth 5.3 \/rgb\/gamer","description":"Compra Versa 300 W White Mouse Msi Optico Inalambrico \/usb 2.0 \/ Bluetooth 5.3 \/rgb\/gamer + Env\u00edo a domicilio + Pago seguro + Garant\u00eda","robots":{"index":"index","follow":"follow","max-snippet":"max-snippet:-1","max-image-preview":"max-image-preview:large","max-video-preview":"max-video-preview:-1"},"canonical":"https:\/\/compuviper.mx\/tienda\/producto\/msi-oem-versa-300-w-white-mouse-msi-optico-inalambrico-usb-2-0-bluetooth-5-3-rgb-gamer\/","og_locale":"es_MX","og_type":"article","og_title":"[ Msi Oem ] &#129351; Versa 300 W White Mouse Msi Optico Inalambrico \/usb 2.0 \/ Bluetooth 5.3 \/rgb\/gamer","og_description":"Compra Versa 300 W White Mouse Msi Optico Inalambrico \/usb 2.0 \/ Bluetooth 5.3 \/rgb\/gamer + Env\u00edo a domicilio + Pago seguro + Garant\u00eda","og_url":"https:\/\/compuviper.mx\/tienda\/producto\/msi-oem-versa-300-w-white-mouse-msi-optico-inalambrico-usb-2-0-bluetooth-5-3-rgb-gamer\/","og_site_name":"Compuviper","article_publisher":"https:\/\/www.facebook.com\/compuviper","twitter_card":"summary_large_image","twitter_misc":{"Precio":"&#36;313 con IVA","Availability":"In stock"},"schema":{"@context":"https:\/\/schema.org","@graph":[{"@type":"WebPage","@id":"https:\/\/compuviper.mx\/tienda\/producto\/msi-oem-versa-300-w-white-mouse-msi-optico-inalambrico-usb-2-0-bluetooth-5-3-rgb-gamer\/","url":"https:\/\/compuviper.mx\/tienda\/producto\/msi-oem-versa-300-w-white-mouse-msi-optico-inalambrico-usb-2-0-bluetooth-5-3-rgb-gamer\/","name":"[ Msi Oem ] &#129351; Versa 300 W White Mouse Msi Optico Inalambrico \/usb 2.0 \/ Bluetooth 5.3 \/rgb\/gamer","isPartOf":{"@id":"https:\/\/compuviper.mx\/tienda\/#website"},"datePublished":"2026-04-16T06:59:52+00:00","dateModified":"2026-04-16T06:59:52+00:00","description":"Compra Versa 300 W White Mouse Msi Optico Inalambrico \/usb 2.0 \/ Bluetooth 5.3 \/rgb\/gamer + Env\u00edo a domicilio + Pago seguro + Garant\u00eda","breadcrumb":{"@id":"https:\/\/compuviper.mx\/tienda\/producto\/msi-oem-versa-300-w-white-mouse-msi-optico-inalambrico-usb-2-0-bluetooth-5-3-rgb-gamer\/#breadcrumb"},"inLanguage":"es-MX","potentialAction":[{"@type":"ReadAction","target":["https:\/\/compuviper.mx\/tienda\/producto\/msi-oem-versa-300-w-white-mouse-msi-optico-inalambrico-usb-2-0-bluetooth-5-3-rgb-gamer\/"]}]},{"@type":"BreadcrumbList","@id":"https:\/\/compuviper.mx\/tienda\/producto\/msi-oem-versa-300-w-white-mouse-msi-optico-inalambrico-usb-2-0-bluetooth-5-3-rgb-gamer\/#breadcrumb","itemListElement":[{"@type":"ListItem","position":1,"name":"Inicio","item":"https:\/\/compuviper.mx\/tienda\/"},{"@type":"ListItem","position":2,"name":"Productos","item":"https:\/\/compuviper.mx\/tienda\/productos\/"},{"@type":"ListItem","position":3,"name":"Mouse","item":"https:\/\/compuviper.mx\/tienda\/categoria-producto\/mouse\/"},{"@type":"ListItem","position":4,"name":"Gamers","item":"https:\/\/compuviper.mx\/tienda\/categoria-producto\/mouse\/gamers-mouse\/"},{"@type":"ListItem","position":5,"name":"Msi Oem Versa 300 W White Mouse Msi Optico Inalambrico \/usb 2.0 \/ Bluetooth 5.3 \/rgb\/gamer"}]},{"@type":"WebSite","@id":"https:\/\/compuviper.mx\/tienda\/#website","url":"https:\/\/compuviper.mx\/tienda\/","name":"Compuviper","description":"Proveedor de Computadoras, Laptops, Servidores, Monitores, Puntos de Venta, Teclados,   Impresoras, T\u00f3ner, C\u00e1maras de Seguridad y m\u00e1s en tu tienda en l\u00ednea","publisher":{"@id":"https:\/\/compuviper.mx\/tienda\/#organization"},"potentialAction":[{"@type":"SearchAction","target":{"@type":"EntryPoint","urlTemplate":"https:\/\/compuviper.mx\/tienda\/?s={search_term_string}"},"query-input":"required name=search_term_string"}],"inLanguage":"es-MX"},{"@type":"Organization","@id":"https:\/\/compuviper.mx\/tienda\/#organization","name":"Compuviper","url":"https:\/\/compuviper.mx\/tienda\/","logo":{"@type":"ImageObject","inLanguage":"es-MX","@id":"https:\/\/compuviper.mx\/tienda\/#\/schema\/logo\/image\/","url":"https:\/\/compuviper.mx\/tienda\/wp-content\/uploads\/2021\/08\/Logo-Compuviper-10.png","contentUrl":"https:\/\/compuviper.mx\/tienda\/wp-content\/uploads\/2021\/08\/Logo-Compuviper-10.png","width":1000,"height":500,"caption":"Compuviper"},"image":{"@id":"https:\/\/compuviper.mx\/tienda\/#\/schema\/logo\/image\/"},"sameAs":["https:\/\/www.facebook.com\/compuviper","https:\/\/www.youtube.com\/channel\/UCf73dERp9Y3cfOq7q8BhLjA?view_as=subscriber"]}]},"product_brand":"Msi Oem","product_price_amount":"313","product_price_currency":"MXN","og_availability":"instock","product_availability":"instock","product_retailer_item_id":"VERSA 300 W WHITE","product_condition":"new"},"_links":{"self":[{"href":"https:\/\/compuviper.mx\/tienda\/wp-json\/wp\/v2\/product\/268750"}],"collection":[{"href":"https:\/\/compuviper.mx\/tienda\/wp-json\/wp\/v2\/product"}],"about":[{"href":"https:\/\/compuviper.mx\/tienda\/wp-json\/wp\/v2\/types\/product"}],"replies":[{"embeddable":true,"href":"https:\/\/compuviper.mx\/tienda\/wp-json\/wp\/v2\/comments?post=268750"}],"wp:attachment":[{"href":"https:\/\/compuviper.mx\/tienda\/wp-json\/wp\/v2\/media?parent=268750"}],"wp:term":[{"taxonomy":"product_cat","embeddable":true,"href":"https:\/\/compuviper.mx\/tienda\/wp-json\/wp\/v2\/product_cat?post=268750"},{"taxonomy":"product_tag","embeddable":true,"href":"https:\/\/compuviper.mx\/tienda\/wp-json\/wp\/v2\/product_tag?post=268750"}],"curies":[{"name":"wp","href":"https:\/\/api.w.org\/{rel}","templated":true}]}}